{"id":11261,"date":"2025-12-03T10:20:24","date_gmt":"2025-12-03T10:20:24","guid":{"rendered":"https:\/\/salonforall.it\/spazzola-in-ceramica-per-lisciare-il-mento\/"},"modified":"2026-05-13T02:09:54","modified_gmt":"2026-05-13T02:09:54","slug":"spazzola-in-ceramica-per-lisciare-il-mento","status":"publish","type":"product","link":"https:\/\/salonforall.it\/en\/spazzola-in-ceramica-per-lisciare-il-mento\/","title":{"rendered":"Spazzola In Ceramica Per Lisciare Il Mento"},"content":{"rendered":"<h2>Informazioni su Spazzola In Ceramica Per Lisciare Il Mento con codice articolo 137777<\/h2>\n<p>Kessner Piastra per barba elettrica, pettine da uomo, spazzola per barba, controllo della temperatura rapido e sicuro a 200 \u00b0C, spazzola ionizzante 2 in 1 per capelli e barba<\/p>\n<p>La spazzola lisciante per barba da 40 W \u00e8 dotata di un elemento riscaldante PTC avanzato, produce calore rapido e stabile in 30 secondi, liscia barba e capelli e dona un aspetto naturale, elegante e lucente. Liberati dal disordine e aumenta la tua bellezza e sicurezza.<\/p>\n<p>&#8211; Protezione completa contro le ustioni.<br \/>Lo strato riscaldante in ceramica e la testina in silicone prevengono le ustioni e offrono una piacevole sensazione sulla pelle.<br \/>&#8211; Tecnologia di riscaldamento rapido PTC<br \/>\u00c8 sufficiente premere un pulsante per raggiungere una temperatura stabile di 170 \u2103 in 30 secondi.<br \/>&#8211; Cura dei capelli con ioni negativi.<br \/>Il generatore di ioni intelligente pu\u00f2 trasferire uniformemente il calore a ogni barba e proteggerla dal surriscaldamento.<br \/>&#8211; 3 livelli di temperatura regolabili.<\/p>\n<p>Aiuta a ottenere un risultato migliore con tutti i tipi di styling per capelli spessi.<br \/>L&#8217;esclusiva tecnologia a ioni utilizzata, modella rapidamente la barba nella cura quotidiana e supporta la salute di barba e capelli, perfetto per tutti i tipi di barba e capelli, corti o lunghi. Piastra per capelli 2 in 1 di alta qualit\u00e0 per risultati di styling migliori e maggiore comfort.<br \/> La piastra per capelli resistente \u00e8 dotata di un rivestimento in ceramica e di una testina in silicone delicata sulla pelle che garantisce una distribuzione uniforme del calore e un tempo di rigenerazione rapido. Previene lesioni alla pelle e ai capelli, offrendo il massimo comfort.<br \/> Le curve ergonomiche della spazzola si basano sui contorni delle guance e della testa, adattandosi perfettamente al viso.<br \/> 3 intervalli di temperatura regolabili riducono significativamente i tempi di styling. Il pulsante LED mostra chiaramente il livello di temperatura attuale ed \u00e8 molto facile da usare.<\/p>\n<p>I prodotti Activeshop sono proporzionalmente pi\u00f9 economici di molti altri marchi\/fornitori. Il prezzo \u00e8 proporzionato alla qualit\u00e0. Spazzola In Ceramica Per Lisciare Il Mento \u00e8 quindi una soluzione accessibile per il tuo salone.<\/p>\n<h2>Come viene consegnato Spazzola In Ceramica Per Lisciare Il Mento?<\/h2>\n<p>Spazzola In Ceramica Per Lisciare Il Mento viene consegnato nella confezione originale. In Italia la spedizione di Spazzola In Ceramica Per Lisciare Il Mento \u00e8 completamente gratuita per ordini a partire da 100,- euro. Per spedizioni verso altri paesi si applicano tariffe di spedizione separate. Puoi richiedere queste tariffe o trovarle nel carrello. Spazzola In Ceramica Per Lisciare Il Mento viene spedito tramite un corriere esterno.<\/p>\n<p>I pacchi o i pallet vengono consegnati di serie fino alla soglia della porta d&#8217;ingresso, anche se ti trovi in un edificio collettivo, condominio o complesso residenziale con ascensore (a condizione che l&#8217;articolo entri nell&#8217;ascensore). Non c&#8217;\u00e8 un ascensore o l&#8217;articolo non entra nell&#8217;ascensore? Allora consegniamo fino alla soglia del piano terra.<\/p>\n<p>Hai ancora domande sulla consegna o una situazione particolare? Contattaci e saremo lieti di aiutarti!<\/p>\n<p>*Gli articoli non vengono disimballati o montati di serie. In situazioni particolari puoi contattarci per fare accordi in merito.<\/p>\n<h2>Acquisti online sicuri su Salon For All con il marchio di qualit\u00e0 Webwinkelkeur e crittografia SSL<\/h2>\n<p>\u00c8 importante per noi che i nostri clienti possano fare acquisti online in sicurezza. Siamo affiliati al marchio di qualit\u00e0 nazionale Webwinkelkeur dal 2019. La nostra identit\u00e0 \u00e8 stata controllata e verificata da loro e il negozio online \u00e8 stato controllato e approvato legalmente. Inoltre, il nostro negozio online \u00e8 affiliato a loro per la mediazione delle controversie. Puoi vedere il badge con tutte le informazioni di questo marchio di qualit\u00e0 del negozio online sul lato sinistro o destro del negozio online (pulsante rosa con bianco). Inoltre, il nostro sito \u00e8 protetto con un certificato SSL in modo da poter navigare in sicurezza. Nella barra del tuo browser Internet, dove \u00e8 indicato il nostro sito web, vedrai un&#8217;icona a forma di lucchetto. Se clicchi sul lucchetto, otterrai tutte le informazioni sulla nostra sicurezza. In questo modo sai che il tuo ordine di Spazzola In Ceramica Per Lisciare Il Mento e i tuoi dati personali vengono elaborati in modo sicuro.<\/p>\n<h2>Come posso pagare Spazzola In Ceramica Per Lisciare Il Mento?<\/h2>\n<p>Vogliamo renderti le cose il pi\u00f9 semplici possibile. Ecco perch\u00e9 su Salon For All puoi pagare con tutti i metodi di pagamento noti e comuni. Pagare in anticipo, alla consegna o in seguito; tutto \u00e8 possibile. Vedi qui tutti i metodi di pagamento che offriamo:<\/p>\n<ul>\n<li>iDEAL<\/li>\n<li>Carta di credito (Visa, Mastercard, American Express)<\/li>\n<li>Klarna &#8211; Pagamento posticipato con fattura<\/li>\n<li>PayPal<\/li>\n<li>Apple Pay<\/li>\n<li>Google Pay<\/li>\n<li>Bancontact<\/li>\n<li>Bonifico bancario SEPA<\/li>\n<li>MyBank (per clienti italiani)<\/li>\n<li>Fattura aziendale per imprese<\/li>\n<li>Pagamento nello showroom &#8211; Sia carta che contanti (Disponibile solo per il ritiro)<\/li>\n<\/ul>\n<h2>Consulta anche le recensioni di Salon For All<\/h2>\n<p>Consulta anche le nostre recensioni per tenere conto delle esperienze dei nostri clienti attuali nella tua decisione di ordinare Spazzola In Ceramica Per Lisciare Il Mento da noi. Attraverso il nostro marchio di qualit\u00e0 indipendente del negozio online Webwinkelkeur, vengono raccolte automaticamente recensioni verificate di clienti che hanno completato un ordine con noi. Puoi trovarle dietro il pulsante rosa sul nostro negozio online o sono elencate sotto i prodotti.<\/p>\n<p>Condividi anche la tua esperienza dopo il tuo acquisto con il tuo Spazzola In Ceramica Per Lisciare Il Mento ordinato e la tua esperienza con il processo di acquisto o il contatto con Salon For All per ispirare gli altri!<\/p>\n<h2>Contatto con Salon For All<\/h2>\n<p>Contattaci allora. Saremo lieti di aiutarti con l&#8217;acquisto di Spazzola In Ceramica Per Lisciare Il Mento. Nei giorni feriali siamo raggiungibili al meglio tra le 8.30 e le 17.00 tramite il numero di telefono e l&#8217;indirizzo e-mail nella parte superiore del negozio online o tramite la funzione chat. Le domande al di fuori dell&#8217;orario d&#8217;ufficio vengono generalmente risposte entro 24 ore. \u00c8 anche possibile venirci a trovare al di fuori dei giorni feriali o dell&#8217;orario d&#8217;ufficio. Ma per questo \u00e8 necessario prendere un appuntamento in anticipo.<\/p>\n<h2>Vuoi venire nel nostro showroom?<\/h2>\n<p>Preferisci vedere Spazzola In Ceramica Per Lisciare Il Mento o esplorare la nostra offerta del negozio (online) insieme al nostro collega? Allora vieni nel nostro showroom con oltre 1000m\u00b2 di arredamento per saloni e lasciati ispirare dai nostri dipendenti. Anche se ti piace fare conoscenza in modo piacevole gustando una buona tazza di caff\u00e8 o t\u00e8, sei il benvenuto. Non abbiamo tutti i prodotti disponibili, quindi faccici sapere in anticipo che vuoi venire. Prendi sempre un appuntamento in anticipo.<\/p>\n<h2>14 giorni di riflessione e la nostra politica di reso<\/h2>\n<p>Naturalmente pu\u00f2 succedere che Spazzola In Ceramica Per Lisciare Il Mento consegnato non sia completamente di tuo gradimento e tu voglia restituirlo. Questo non \u00e8 assolutamente un problema con Salon For All. Devi segnalare il tuo reso entro 14 giorni lavorativi tramite <a href=\"mailto:info@salonforall.com\">info@salonforall.it<\/a>. Riceverai quindi prima tutte le istruzioni e condizioni di reso. Si prega di notare che Spazzola In Ceramica Per Lisciare Il Mento non deve essere stato utilizzato, deve contenere tutte le parti fornite e deve essere restituito imballato nella confezione originale. I costi di spedizione per un reso sono sempre a carico dell&#8217;acquirente per gli acquisti tramite www.salonforall.it. Devi organizzare tu stesso un trasporto presso un corriere di tua scelta per un reso. Una volta che Spazzola In Ceramica Per Lisciare Il Mento \u00e8 stato restituito, verr\u00e0 controllato per completezza e danni. Una volta che il reso \u00e8 stato approvato, l&#8217;importo di acquisto verr\u00e0 rimborsato entro 5 giorni lavorativi sul conto bancario da noi conosciuto.<\/p>\n<h2>Chi \u00e8 Salon For All?<\/h2>\n<p>Salon For All \u00e8 IL grossista per ogni arredamento di saloni in Europa. Salon For All \u00e8 iniziato nel 2003 con il nome Salonvoordeel ed \u00e8 nato dalla pratica. I proprietari di Salon For All erano parrucchieri e specialisti della bellezza esperti e hanno insieme oltre 30 anni di esperienza pratica. Nel 2003 abbiamo lanciato Salonvoordeel.nl (Paesi Bassi) e successivamente \u00e8 stato fondato Salon For All per il mercato europeo. Alcuni dei nostri dipendenti hanno avviato una propria attivit\u00e0 e cos\u00ec \u00e8 nata l&#8217;idea di avviare un negozio online funzionale per parrucchieri e aiutarli con l&#8217;arredamento del loro salone.<\/p>\n<p>Il nostro showroom si trova a Dinxperlo, direttamente al confine tra i Paesi Bassi e la Germania. Con la nostra pluriennale esperienza nel settore possiamo farti da specchio e fornirti la giusta consulenza. Parliamo la stessa lingua! Ti consigliamo, ispiriamo, motiviamo e ti aiutiamo nell&#8217;acquisto di Spazzola In Ceramica Per Lisciare Il Mento. I nostri fornitori si trovano in tutta Europa, dalla Germania, Inghilterra, Italia fino alla Polonia.<\/p>","protected":false},"excerpt":{"rendered":"<p>Il prodotto Spazzola In Ceramica Per Lisciare Il Mento \u00e8 una soluzione conveniente per qualsiasi salone o studio professionale. Il tempo di consegna previsto \u00e8 di circa 6 giorni lavorativi.<\/p>","protected":false},"featured_media":11262,"comment_status":"open","ping_status":"open","template":"","meta":[],"product_brand":[384],"product_cat":[96,2430],"product_tag":[100,2431],"class_list":{"0":"post-11261","1":"product","2":"type-product","3":"status-publish","4":"has-post-thumbnail","6":"product_brand-kessner","7":"product_cat-attrezzature-per-saloni-di-parrucchiere","8":"product_cat-spazzole-per-barba","9":"product_tag-attrezzature-per-saloni-di-parrucchiere","10":"product_tag-spazzole-per-barba","11":"pa_codice-ean-3484","12":"pa_garanzia-12-mesi","13":"pa_marca-kessner","14":"pa_numero-dellarticolo-3483","15":"pa_tempo-di-consegna-stimato-3-4-giorni-lavorativi","17":"first","18":"instock","19":"sale","20":"taxable","21":"shipping-taxable","22":"purchasable","23":"product-type-simple"},"yoast_head":"<!-- This site is optimized with the Yoast SEO plugin v27.5 - https:\/\/yoast.com\/product\/yoast-seo-wordpress\/ -->\n<title>Spazzola In Ceramica Per Lisciare Il Mento acquistare<\/title>\n<meta name=\"description\" content=\"Acquista Spazzola In Ceramica Per Lisciare Il Mento online o nello showroom da Salon For All Italia. Il grossista per saloni, studi e spa in Italia e Svizzera.\" \/>\n<meta name=\"robots\" content=\"index, follow, max-snippet:-1, max-image-preview:large, max-video-preview:-1\" \/>\n<link rel=\"canonical\" href=\"https:\/\/salonforall.it\/en\/spazzola-in-ceramica-per-lisciare-il-mento\/\" \/>\n<meta property=\"og:locale\" content=\"en_GB\" \/>\n<meta property=\"og:type\" content=\"article\" \/>\n<meta property=\"og:title\" content=\"Spazzola In Ceramica Per Lisciare Il Mento\" \/>\n<meta property=\"og:description\" content=\"Acquista Spazzola In Ceramica Per Lisciare Il Mento online o nello showroom da Salon For All Italia. Il grossista per saloni, studi e spa in Italia e Svizzera.\" \/>\n<meta property=\"og:url\" content=\"https:\/\/salonforall.it\/en\/spazzola-in-ceramica-per-lisciare-il-mento\/\" \/>\n<meta property=\"og:site_name\" content=\"Salon For All Italia\" \/>\n<meta property=\"article:modified_time\" content=\"2026-05-13T02:09:54+00:00\" \/>\n<meta property=\"og:image\" content=\"https:\/\/salonforall.it\/wp-content\/uploads\/2025\/12\/Spazzola-In-Ceramica-Per-Lisciare-Il-Mento-1.jpg\" \/>\n\t<meta property=\"og:image:width\" content=\"1200\" \/>\n\t<meta property=\"og:image:height\" content=\"1200\" \/>\n\t<meta property=\"og:image:type\" content=\"image\/jpeg\" \/>\n<meta name=\"twitter:card\" content=\"summary_large_image\" \/>\n<meta name=\"twitter:title\" content=\"Spazzola In Ceramica Per Lisciare Il Mento\" \/>\n<meta name=\"twitter:label1\" content=\"Estimated reading time\" \/>\n\t<meta name=\"twitter:data1\" content=\"7 minutes\" \/>\n<script type=\"application\/ld+json\" class=\"yoast-schema-graph\">{\"@context\":\"https:\\\/\\\/schema.org\",\"@graph\":[{\"@type\":\"WebPage\",\"@id\":\"https:\\\/\\\/salonforall.it\\\/spazzola-in-ceramica-per-lisciare-il-mento\\\/\",\"url\":\"https:\\\/\\\/salonforall.it\\\/spazzola-in-ceramica-per-lisciare-il-mento\\\/\",\"name\":\"Spazzola In Ceramica Per Lisciare Il Mento acquistare\",\"isPartOf\":{\"@id\":\"https:\\\/\\\/salonforall.it\\\/#website\"},\"primaryImageOfPage\":{\"@id\":\"https:\\\/\\\/salonforall.it\\\/spazzola-in-ceramica-per-lisciare-il-mento\\\/#primaryimage\"},\"image\":{\"@id\":\"https:\\\/\\\/salonforall.it\\\/spazzola-in-ceramica-per-lisciare-il-mento\\\/#primaryimage\"},\"thumbnailUrl\":\"https:\\\/\\\/salonforall.it\\\/wp-content\\\/uploads\\\/2025\\\/12\\\/Spazzola-In-Ceramica-Per-Lisciare-Il-Mento-1.jpg\",\"datePublished\":\"2025-12-03T10:20:24+00:00\",\"dateModified\":\"2026-05-13T02:09:54+00:00\",\"description\":\"Acquista Spazzola In Ceramica Per Lisciare Il Mento online o nello showroom da Salon For All Italia. Il grossista per saloni, studi e spa in Italia e Svizzera.\",\"breadcrumb\":{\"@id\":\"https:\\\/\\\/salonforall.it\\\/spazzola-in-ceramica-per-lisciare-il-mento\\\/#breadcrumb\"},\"inLanguage\":\"en-GB\",\"potentialAction\":[{\"@type\":\"ReadAction\",\"target\":[\"https:\\\/\\\/salonforall.it\\\/spazzola-in-ceramica-per-lisciare-il-mento\\\/\"]}]},{\"@type\":\"ImageObject\",\"inLanguage\":\"en-GB\",\"@id\":\"https:\\\/\\\/salonforall.it\\\/spazzola-in-ceramica-per-lisciare-il-mento\\\/#primaryimage\",\"url\":\"https:\\\/\\\/salonforall.it\\\/wp-content\\\/uploads\\\/2025\\\/12\\\/Spazzola-In-Ceramica-Per-Lisciare-Il-Mento-1.jpg\",\"contentUrl\":\"https:\\\/\\\/salonforall.it\\\/wp-content\\\/uploads\\\/2025\\\/12\\\/Spazzola-In-Ceramica-Per-Lisciare-Il-Mento-1.jpg\",\"width\":1200,\"height\":1200,\"caption\":\"Spazzola In Ceramica Per Lisciare Il Mento\"},{\"@type\":\"BreadcrumbList\",\"@id\":\"https:\\\/\\\/salonforall.it\\\/spazzola-in-ceramica-per-lisciare-il-mento\\\/#breadcrumb\",\"itemListElement\":[{\"@type\":\"ListItem\",\"position\":1,\"name\":\"Home\",\"item\":\"https:\\\/\\\/salonforall.it\\\/\"},{\"@type\":\"ListItem\",\"position\":2,\"name\":\"Winkel\",\"item\":\"https:\\\/\\\/salonforall.it\\\/winkel\\\/\"},{\"@type\":\"ListItem\",\"position\":3,\"name\":\"Spazzola In Ceramica Per Lisciare Il Mento\"}]},{\"@type\":\"WebSite\",\"@id\":\"https:\\\/\\\/salonforall.it\\\/#website\",\"url\":\"https:\\\/\\\/salonforall.it\\\/\",\"name\":\"Salon For All Italia\",\"description\":\"Grossista di mobili e forniture per studi medici e saloni\",\"publisher\":{\"@id\":\"https:\\\/\\\/salonforall.it\\\/#organization\"},\"potentialAction\":[{\"@type\":\"SearchAction\",\"target\":{\"@type\":\"EntryPoint\",\"urlTemplate\":\"https:\\\/\\\/salonforall.it\\\/?s={search_term_string}\"},\"query-input\":{\"@type\":\"PropertyValueSpecification\",\"valueRequired\":true,\"valueName\":\"search_term_string\"}}],\"inLanguage\":\"en-GB\"},{\"@type\":\"Organization\",\"@id\":\"https:\\\/\\\/salonforall.it\\\/#organization\",\"name\":\"Salon For All Italia\",\"url\":\"https:\\\/\\\/salonforall.it\\\/\",\"logo\":{\"@type\":\"ImageObject\",\"inLanguage\":\"en-GB\",\"@id\":\"https:\\\/\\\/salonforall.it\\\/#\\\/schema\\\/logo\\\/image\\\/\",\"url\":\"https:\\\/\\\/salonforall.it\\\/wp-content\\\/uploads\\\/2025\\\/11\\\/logo-salon-for-all-e1764543264615.png\",\"contentUrl\":\"https:\\\/\\\/salonforall.it\\\/wp-content\\\/uploads\\\/2025\\\/11\\\/logo-salon-for-all-e1764543264615.png\",\"width\":500,\"height\":150,\"caption\":\"Salon For All Italia\"},\"image\":{\"@id\":\"https:\\\/\\\/salonforall.it\\\/#\\\/schema\\\/logo\\\/image\\\/\"}}]}<\/script>\n<!-- \/ Yoast SEO plugin. -->","yoast_head_json":{"title":"Spazzola In Ceramica Per Lisciare Il Mento acquistare","description":"Acquista Spazzola In Ceramica Per Lisciare Il Mento online o nello showroom da Salon For All Italia. Il grossista per saloni, studi e spa in Italia e Svizzera.","robots":{"index":"index","follow":"follow","max-snippet":"max-snippet:-1","max-image-preview":"max-image-preview:large","max-video-preview":"max-video-preview:-1"},"canonical":"https:\/\/salonforall.it\/en\/spazzola-in-ceramica-per-lisciare-il-mento\/","og_locale":"en_GB","og_type":"article","og_title":"Spazzola In Ceramica Per Lisciare Il Mento","og_description":"Acquista Spazzola In Ceramica Per Lisciare Il Mento online o nello showroom da Salon For All Italia. Il grossista per saloni, studi e spa in Italia e Svizzera.","og_url":"https:\/\/salonforall.it\/en\/spazzola-in-ceramica-per-lisciare-il-mento\/","og_site_name":"Salon For All Italia","article_modified_time":"2026-05-13T02:09:54+00:00","og_image":[{"width":1200,"height":1200,"url":"https:\/\/salonforall.it\/wp-content\/uploads\/2025\/12\/Spazzola-In-Ceramica-Per-Lisciare-Il-Mento-1.jpg","type":"image\/jpeg"}],"twitter_card":"summary_large_image","twitter_title":"Spazzola In Ceramica Per Lisciare Il Mento","twitter_misc":{"Estimated reading time":"7 minutes"},"schema":{"@context":"https:\/\/schema.org","@graph":[{"@type":"WebPage","@id":"https:\/\/salonforall.it\/spazzola-in-ceramica-per-lisciare-il-mento\/","url":"https:\/\/salonforall.it\/spazzola-in-ceramica-per-lisciare-il-mento\/","name":"Spazzola In Ceramica Per Lisciare Il Mento acquistare","isPartOf":{"@id":"https:\/\/salonforall.it\/#website"},"primaryImageOfPage":{"@id":"https:\/\/salonforall.it\/spazzola-in-ceramica-per-lisciare-il-mento\/#primaryimage"},"image":{"@id":"https:\/\/salonforall.it\/spazzola-in-ceramica-per-lisciare-il-mento\/#primaryimage"},"thumbnailUrl":"https:\/\/salonforall.it\/wp-content\/uploads\/2025\/12\/Spazzola-In-Ceramica-Per-Lisciare-Il-Mento-1.jpg","datePublished":"2025-12-03T10:20:24+00:00","dateModified":"2026-05-13T02:09:54+00:00","description":"Acquista Spazzola In Ceramica Per Lisciare Il Mento online o nello showroom da Salon For All Italia. Il grossista per saloni, studi e spa in Italia e Svizzera.","breadcrumb":{"@id":"https:\/\/salonforall.it\/spazzola-in-ceramica-per-lisciare-il-mento\/#breadcrumb"},"inLanguage":"en-GB","potentialAction":[{"@type":"ReadAction","target":["https:\/\/salonforall.it\/spazzola-in-ceramica-per-lisciare-il-mento\/"]}]},{"@type":"ImageObject","inLanguage":"en-GB","@id":"https:\/\/salonforall.it\/spazzola-in-ceramica-per-lisciare-il-mento\/#primaryimage","url":"https:\/\/salonforall.it\/wp-content\/uploads\/2025\/12\/Spazzola-In-Ceramica-Per-Lisciare-Il-Mento-1.jpg","contentUrl":"https:\/\/salonforall.it\/wp-content\/uploads\/2025\/12\/Spazzola-In-Ceramica-Per-Lisciare-Il-Mento-1.jpg","width":1200,"height":1200,"caption":"Spazzola In Ceramica Per Lisciare Il Mento"},{"@type":"BreadcrumbList","@id":"https:\/\/salonforall.it\/spazzola-in-ceramica-per-lisciare-il-mento\/#breadcrumb","itemListElement":[{"@type":"ListItem","position":1,"name":"Home","item":"https:\/\/salonforall.it\/"},{"@type":"ListItem","position":2,"name":"Winkel","item":"https:\/\/salonforall.it\/winkel\/"},{"@type":"ListItem","position":3,"name":"Spazzola In Ceramica Per Lisciare Il Mento"}]},{"@type":"WebSite","@id":"https:\/\/salonforall.it\/#website","url":"https:\/\/salonforall.it\/","name":"Salon For All Italia","description":"Grossista di mobili e forniture per studi medici e saloni","publisher":{"@id":"https:\/\/salonforall.it\/#organization"},"potentialAction":[{"@type":"SearchAction","target":{"@type":"EntryPoint","urlTemplate":"https:\/\/salonforall.it\/?s={search_term_string}"},"query-input":{"@type":"PropertyValueSpecification","valueRequired":true,"valueName":"search_term_string"}}],"inLanguage":"en-GB"},{"@type":"Organization","@id":"https:\/\/salonforall.it\/#organization","name":"Salon For All Italia","url":"https:\/\/salonforall.it\/","logo":{"@type":"ImageObject","inLanguage":"en-GB","@id":"https:\/\/salonforall.it\/#\/schema\/logo\/image\/","url":"https:\/\/salonforall.it\/wp-content\/uploads\/2025\/11\/logo-salon-for-all-e1764543264615.png","contentUrl":"https:\/\/salonforall.it\/wp-content\/uploads\/2025\/11\/logo-salon-for-all-e1764543264615.png","width":500,"height":150,"caption":"Salon For All Italia"},"image":{"@id":"https:\/\/salonforall.it\/#\/schema\/logo\/image\/"}}]}},"_links":{"self":[{"href":"https:\/\/salonforall.it\/en\/wp-json\/wp\/v2\/product\/11261","targetHints":{"allow":["GET"]}}],"collection":[{"href":"https:\/\/salonforall.it\/en\/wp-json\/wp\/v2\/product"}],"about":[{"href":"https:\/\/salonforall.it\/en\/wp-json\/wp\/v2\/types\/product"}],"replies":[{"embeddable":true,"href":"https:\/\/salonforall.it\/en\/wp-json\/wp\/v2\/comments?post=11261"}],"wp:featuredmedia":[{"embeddable":true,"href":"https:\/\/salonforall.it\/en\/wp-json\/wp\/v2\/media\/11262"}],"wp:attachment":[{"href":"https:\/\/salonforall.it\/en\/wp-json\/wp\/v2\/media?parent=11261"}],"wp:term":[{"taxonomy":"product_brand","embeddable":true,"href":"https:\/\/salonforall.it\/en\/wp-json\/wp\/v2\/product_brand?post=11261"},{"taxonomy":"product_cat","embeddable":true,"href":"https:\/\/salonforall.it\/en\/wp-json\/wp\/v2\/product_cat?post=11261"},{"taxonomy":"product_tag","embeddable":true,"href":"https:\/\/salonforall.it\/en\/wp-json\/wp\/v2\/product_tag?post=11261"}],"curies":[{"name":"wp","href":"https:\/\/api.w.org\/{rel}","templated":true}]}}