{"id":14129,"date":"2025-12-03T11:33:37","date_gmt":"2025-12-03T11:33:37","guid":{"rendered":"https:\/\/salonforall.it\/uv-dual-led-glow-s1-168w-oro\/"},"modified":"2026-04-20T02:09:26","modified_gmt":"2026-04-20T02:09:26","slug":"uv-dual-led-glow-s1-168w-oro","status":"publish","type":"product","link":"https:\/\/salonforall.it\/en\/uv-dual-led-glow-s1-168w-oro\/","title":{"rendered":"Uv Dual Led Glow S1 168W Oro"},"content":{"rendered":"<h2>Informazioni su Uv Dual Led Glow S1 168W Oro con codice articolo 144779<\/h2>\n<p><strong>Il marchio GLOW<\/strong> \u00e8 un&#8217;illuminazione professionale che migliora l&#8217;efficacia dei servizi sia nei centri estetici che negli studi medici. Offre un&#8217;ampia gamma di lampade specializzate, tra cui lampade UV e per trattamenti, necessarie per un lavoro preciso.<\/p>\n<p><img decoding=\"async\" src=\"https:\/\/activeshop.com.pl\/media\/wysiwyg\/product\/144779\/EN_144779_1.jpg\"><\/p>\n<h2><strong>Pratica lampada fissante per manicure<\/strong><\/h2>\n<p><strong>La lampada per unghie GLOW<\/strong> \u00e8 un dispositivo dotato di numerose funzioni utili per <strong>facilitare l&#8217;esecuzione di trattamenti di manicure e pedicure<\/strong>, durante i quali vengono utilizzati smalti ibridi, gel o altri preparati fotopolimerizzanti. Grazie ai LED opportunamente posizionati e alla tecnologia Dual Led utilizzata, la lampada garantisce <strong>un fissaggio eccellente del design delle unghie<\/strong>. La semplicit\u00e0 d&#8217;uso e il design curato lo rendono perfetto sia per l&#8217;uso professionale che domestico.<\/p>\n<p><img decoding=\"async\" src=\"https:\/\/activeshop.com.pl\/media\/wysiwyg\/product\/144779\/EN_144779_2.jpg\"><\/p>\n<h2><strong>Dispositivo senza ombre con tecnologia Dual Led<\/strong><\/h2>\n<p>Dotato di <strong>36 LED opportunamente posizionati<\/strong> (senza la cosiddetta &#8220;zona morta&#8221;), garantisce una polimerizzazione perfetta di gel e smalti ibridi. Questo modello si basa su una <strong>forma chiusa, la cosiddetta cabina<\/strong>, che consente una polimerizzazione pi\u00f9 precisa e rapida delle decorazioni per unghie. <strong>La tecnologia Dual Led<\/strong> utilizzata fa s\u00ec che i diodi emettano luce a due lunghezze d&#8217;onda, senza affaticare gli occhi e garantendo un ampio spettro di funzionamento. Grazie alle soluzioni utilizzate, la lampada <strong>polimerizza correttamente anche gli smalti pi\u00f9 esigenti<\/strong>, raggiungendo anche i punti pi\u00f9 inaccessibili della lamina ungueale.<\/p>\n<p><img decoding=\"async\" src=\"https:\/\/activeshop.com.pl\/media\/wysiwyg\/product\/144779\/EN_144779_3.jpg\"><\/p>\n<h2><strong>Regolazione del tempo di lavoro in base alle esigenze individuali<\/strong><\/h2>\n<p>La lampada \u00e8 dotata di <strong>un timer con quattro tempi di lavoro programmati<\/strong>: 10 s, 30 s, 60 s e 99 s (la cosiddetta &#8220;Modalit\u00e0 a basso calore&#8221;), che vengono contati alla rovescia sul <strong>display digitale<\/strong>. Inoltre, se non si seleziona alcuna modalit\u00e0, il sensore di movimento integrato avvia automaticamente la lampada quando si inseriscono le dita delle mani o dei piedi sotto di essa, presupponendo un tempo di esposizione massimo di 120 secondi. Il display mostrer\u00e0 quindi il tempo di polimerizzazione. Questo consente di selezionare comodamente la durata dell&#8217;esposizione in base allo styling che si sta eseguendo in quel momento.<\/p>\n<h2><strong>Modalit\u00e0 &#8220;Low Heat&#8221; confortevole<\/strong><\/h2>\n<p>Il gi\u00e0 citato sistema &#8220;Low Heat Mode&#8221; fa s\u00ec che la lampada aumenti gradualmente la sua potenza durante la polimerizzazione dello styling, riscaldandosi quindi pi\u00f9 lentamente. Questo <strong>evita la sensazione di bruciore<\/strong> o di calore durante l&#8217;esposizione. Questa caratteristica \u00e8 indispensabile, soprattutto per la polimerizzazione dei gel, che spesso causa fastidio quando si utilizzano altre lampade disponibili sul mercato.<\/p>\n<p><img decoding=\"async\" src=\"https:\/\/activeshop.com.pl\/media\/wysiwyg\/product\/144779\/EN_144779_4.jpg\"><\/p>\n<h2><strong>Pannello inferiore rimovibile e maniglia decorativa<\/strong><\/h2>\n<p>\u00c8 dotato di un <strong>pannello inferiore facilmente rimovibile<\/strong>, che rende estremamente facile posizionare il piede sotto di esso per trattamenti di pedicure o podologia. Questa opzione \u00e8 ottima anche per pulire o disinfettare il dispositivo. <strong>La maniglia nei toni dell&#8217;oro<\/strong> con finitura lucida \u00e8 un&#8217;aggiunta visivamente accattivante<\/strong> che faciliter\u00e0 lo spostamento del dispositivo e sar\u00e0 perfetta per gli stilisti in movimento. C&#8217;\u00e8 anche una cavit\u00e0 sulla custodia che pu\u00f2 essere utilizzata come <strong>supporto per telefono<\/strong>. Ti consente di rendere il momento del trattamento pi\u00f9 piacevole guardando il tuo film preferito.<\/p>\n<h2><strong>Design elegante e funzionalit\u00e0<\/strong><\/h2>\n<p>Funzioni utili, forma ergonomica e una classica combinazione di colori con un inserto colorato a forma di maniglia nelle tonalit\u00e0 dell&#8217;oro rendono la lampada <strong>un elemento pratico e allo stesso tempo di buon gusto<\/strong> per l&#8217;attrezzatura del salone. Le dimensioni appropriate consentono di posizionare l&#8217;intera mano o il piede sotto la lampada, il che <strong>garantisce una polimerizzazione uniforme dello styling<\/strong> e riduce il rischio di allergie.<\/p>\n<p>Leggere attentamente le istruzioni prima dell&#8217;uso.<br \/><strong>Incluso:<\/strong> lampada, adattatore di alimentazione, istruzioni in polacco.<\/p>\n<p><strong>Dati:<\/strong><br \/>Timer: 10 s, 30 s, 60 s, 99 s<br \/>Tempo massimo di funzionamento: 120 s<br \/>Sensore di movimento: s\u00ec<br \/>Tensione di ingresso: 100-240 V<br \/>Potenza: 168 W<br \/>Numero di LED: 36<br \/>Lunghezza d&#8217;onda della luce: 365 nm, 405 nm<br \/>Durata: 50.000 ore<br \/>Dimensioni: 23,2\u00d720,5\u00d711,1 cm<br \/>Colore della custodia: paralumi, oro maniglia<br \/>Garanzia: 12 mesi<\/p>\n<p>I prodotti Activeshop sono proporzionalmente pi\u00f9 economici di molti altri marchi\/fornitori. Il prezzo \u00e8 proporzionato alla qualit\u00e0. Uv Dual Led Glow S1 168W Oro \u00e8 quindi una soluzione accessibile per il tuo salone.<\/p>\n<h2>Come viene consegnato Uv Dual Led Glow S1 168W Oro?<\/h2>\n<p>Uv Dual Led Glow S1 168W Oro viene consegnato nella confezione originale. In Italia la spedizione di Uv Dual Led Glow S1 168W Oro \u00e8 completamente gratuita per ordini a partire da 100,- euro. Per spedizioni verso altri paesi si applicano tariffe di spedizione separate. Puoi richiedere queste tariffe o trovarle nel carrello. Uv Dual Led Glow S1 168W Oro viene spedito tramite un corriere esterno.<\/p>\n<p>I pacchi o i pallet vengono consegnati di serie fino alla soglia della porta d&#8217;ingresso, anche se ti trovi in un edificio collettivo, condominio o complesso residenziale con ascensore (a condizione che l&#8217;articolo entri nell&#8217;ascensore). Non c&#8217;\u00e8 un ascensore o l&#8217;articolo non entra nell&#8217;ascensore? Allora consegniamo fino alla soglia del piano terra.<\/p>\n<p>Hai ancora domande sulla consegna o una situazione particolare? Contattaci e saremo lieti di aiutarti!<\/p>\n<p>*Gli articoli non vengono disimballati o montati di serie. In situazioni particolari puoi contattarci per fare accordi in merito.<\/p>\n<h2>Acquisti online sicuri su Salon For All con il marchio di qualit\u00e0 Webwinkelkeur e crittografia SSL<\/h2>\n<p>\u00c8 importante per noi che i nostri clienti possano fare acquisti online in sicurezza. Siamo affiliati al marchio di qualit\u00e0 nazionale Webwinkelkeur dal 2019. La nostra identit\u00e0 \u00e8 stata controllata e verificata da loro e il negozio online \u00e8 stato controllato e approvato legalmente. Inoltre, il nostro negozio online \u00e8 affiliato a loro per la mediazione delle controversie. Puoi vedere il badge con tutte le informazioni di questo marchio di qualit\u00e0 del negozio online sul lato sinistro o destro del negozio online (pulsante rosa con bianco). Inoltre, il nostro sito \u00e8 protetto con un certificato SSL in modo da poter navigare in sicurezza. Nella barra del tuo browser Internet, dove \u00e8 indicato il nostro sito web, vedrai un&#8217;icona a forma di lucchetto. Se clicchi sul lucchetto, otterrai tutte le informazioni sulla nostra sicurezza. In questo modo sai che il tuo ordine di Uv Dual Led Glow S1 168W Oro e i tuoi dati personali vengono elaborati in modo sicuro.<\/p>\n<h2>Come posso pagare Uv Dual Led Glow S1 168W Oro?<\/h2>\n<p>Vogliamo renderti le cose il pi\u00f9 semplici possibile. Ecco perch\u00e9 su Salon For All puoi pagare con tutti i metodi di pagamento noti e comuni. Pagare in anticipo, alla consegna o in seguito; tutto \u00e8 possibile. Vedi qui tutti i metodi di pagamento che offriamo:<\/p>\n<ul>\n<li>iDEAL<\/li>\n<li>Carta di credito (Visa, Mastercard, American Express)<\/li>\n<li>Klarna &#8211; Pagamento posticipato con fattura<\/li>\n<li>PayPal<\/li>\n<li>Apple Pay<\/li>\n<li>Google Pay<\/li>\n<li>Bancontact<\/li>\n<li>Bonifico bancario SEPA<\/li>\n<li>MyBank (per clienti italiani)<\/li>\n<li>Fattura aziendale per imprese<\/li>\n<li>Pagamento nello showroom &#8211; Sia carta che contanti (Disponibile solo per il ritiro)<\/li>\n<\/ul>\n<h2>Consulta anche le recensioni di Salon For All<\/h2>\n<p>Consulta anche le nostre recensioni per tenere conto delle esperienze dei nostri clienti attuali nella tua decisione di ordinare Uv Dual Led Glow S1 168W Oro da noi. Attraverso il nostro marchio di qualit\u00e0 indipendente del negozio online Webwinkelkeur, vengono raccolte automaticamente recensioni verificate di clienti che hanno completato un ordine con noi. Puoi trovarle dietro il pulsante rosa sul nostro negozio online o sono elencate sotto i prodotti.<\/p>\n<p>Condividi anche la tua esperienza dopo il tuo acquisto con il tuo Uv Dual Led Glow S1 168W Oro ordinato e la tua esperienza con il processo di acquisto o il contatto con Salon For All per ispirare gli altri!<\/p>\n<h2>Contatto con Salon For All<\/h2>\n<p>Contattaci allora. Saremo lieti di aiutarti con l&#8217;acquisto di Uv Dual Led Glow S1 168W Oro. Nei giorni feriali siamo raggiungibili al meglio tra le 8.30 e le 17.00 tramite il numero di telefono e l&#8217;indirizzo e-mail nella parte superiore del negozio online o tramite la funzione chat. Le domande al di fuori dell&#8217;orario d&#8217;ufficio vengono generalmente risposte entro 24 ore. \u00c8 anche possibile venirci a trovare al di fuori dei giorni feriali o dell&#8217;orario d&#8217;ufficio. Ma per questo \u00e8 necessario prendere un appuntamento in anticipo.<\/p>\n<h2>Vuoi venire nel nostro showroom?<\/h2>\n<p>Preferisci vedere Uv Dual Led Glow S1 168W Oro o esplorare la nostra offerta del negozio (online) insieme al nostro collega? Allora vieni nel nostro showroom con oltre 1000m\u00b2 di arredamento per saloni e lasciati ispirare dai nostri dipendenti. Anche se ti piace fare conoscenza in modo piacevole gustando una buona tazza di caff\u00e8 o t\u00e8, sei il benvenuto. Non abbiamo tutti i prodotti disponibili, quindi faccici sapere in anticipo che vuoi venire. Prendi sempre un appuntamento in anticipo.<\/p>\n<h2>14 giorni di riflessione e la nostra politica di reso<\/h2>\n<p>Naturalmente pu\u00f2 succedere che Uv Dual Led Glow S1 168W Oro consegnato non sia completamente di tuo gradimento e tu voglia restituirlo. Questo non \u00e8 assolutamente un problema con Salon For All. Devi segnalare il tuo reso entro 14 giorni lavorativi tramite <a href=\"mailto:info@salonforall.com\">info@salonforall.it<\/a>. Riceverai quindi prima tutte le istruzioni e condizioni di reso. Si prega di notare che Uv Dual Led Glow S1 168W Oro non deve essere stato utilizzato, deve contenere tutte le parti fornite e deve essere restituito imballato nella confezione originale. I costi di spedizione per un reso sono sempre a carico dell&#8217;acquirente per gli acquisti tramite www.salonforall.it. Devi organizzare tu stesso un trasporto presso un corriere di tua scelta per un reso. Una volta che Uv Dual Led Glow S1 168W Oro \u00e8 stato restituito, verr\u00e0 controllato per completezza e danni. Una volta che il reso \u00e8 stato approvato, l&#8217;importo di acquisto verr\u00e0 rimborsato entro 5 giorni lavorativi sul conto bancario da noi conosciuto.<\/p>\n<h2>Chi \u00e8 Salon For All?<\/h2>\n<p>Salon For All \u00e8 IL grossista per ogni arredamento di saloni in Europa. Salon For All \u00e8 iniziato nel 2003 con il nome Salonvoordeel ed \u00e8 nato dalla pratica. I proprietari di Salon For All erano parrucchieri e specialisti della bellezza esperti e hanno insieme oltre 30 anni di esperienza pratica. Nel 2003 abbiamo lanciato Salonvoordeel.nl (Paesi Bassi) e successivamente \u00e8 stato fondato Salon For All per il mercato europeo. Alcuni dei nostri dipendenti hanno avviato una propria attivit\u00e0 e cos\u00ec \u00e8 nata l&#8217;idea di avviare un negozio online funzionale per parrucchieri e aiutarli con l&#8217;arredamento del loro salone.<\/p>\n<p>Il nostro showroom si trova a Dinxperlo, direttamente al confine tra i Paesi Bassi e la Germania. Con la nostra pluriennale esperienza nel settore possiamo farti da specchio e fornirti la giusta consulenza. Parliamo la stessa lingua! Ti consigliamo, ispiriamo, motiviamo e ti aiutiamo nell&#8217;acquisto di Uv Dual Led Glow S1 168W Oro. I nostri fornitori si trovano in tutta Europa, dalla Germania, Inghilterra, Italia fino alla Polonia.<\/p>","protected":false},"excerpt":{"rendered":"<p>Il prodotto Uv Dual Led Glow S1 168W Oro \u00e8 una soluzione conveniente per qualsiasi salone o studio professionale. Il tempo di consegna previsto \u00e8 di circa 6 giorni lavorativi.<\/p>","protected":false},"featured_media":14130,"comment_status":"open","ping_status":"open","template":"","meta":[],"product_brand":[642],"product_cat":[2236,623],"product_tag":[2237,625],"class_list":{"0":"post-14129","1":"product","2":"type-product","3":"status-publish","4":"has-post-thumbnail","6":"product_brand-glow","7":"product_cat-lampade-led-e-uv-per-unghie","8":"product_cat-unghie","9":"product_tag-lampade-led-e-uv-per-unghie","10":"product_tag-unghie","11":"pa_codice-ean-4754","12":"pa_garanzia-12-mesi","13":"pa_marca-glow","14":"pa_numero-dellarticolo-4753","15":"pa_tempo-di-consegna-stimato-3-4-giorni-lavorativi","17":"first","18":"instock","19":"sale","20":"taxable","21":"shipping-taxable","22":"purchasable","23":"product-type-simple"},"yoast_head":"<!-- This site is optimized with the Yoast SEO plugin v27.5 - https:\/\/yoast.com\/product\/yoast-seo-wordpress\/ -->\n<title>Uv Dual Led Glow S1 168W Oro acquistare<\/title>\n<meta name=\"description\" content=\"Acquista Uv Dual Led Glow S1 168W Oro online o nello showroom da Salon For All Italia. Il grossista per saloni, studi e spa in Italia e Svizzera.\" \/>\n<meta name=\"robots\" content=\"index, follow, max-snippet:-1, max-image-preview:large, max-video-preview:-1\" \/>\n<link rel=\"canonical\" href=\"https:\/\/salonforall.it\/en\/uv-dual-led-glow-s1-168w-oro\/\" \/>\n<meta property=\"og:locale\" content=\"en_GB\" \/>\n<meta property=\"og:type\" content=\"article\" \/>\n<meta property=\"og:title\" content=\"Uv Dual Led Glow S1 168W Oro\" \/>\n<meta property=\"og:description\" content=\"Acquista Uv Dual Led Glow S1 168W Oro online o nello showroom da Salon For All Italia. Il grossista per saloni, studi e spa in Italia e Svizzera.\" \/>\n<meta property=\"og:url\" content=\"https:\/\/salonforall.it\/en\/uv-dual-led-glow-s1-168w-oro\/\" \/>\n<meta property=\"og:site_name\" content=\"Salon For All Italia\" \/>\n<meta property=\"article:modified_time\" content=\"2026-04-20T02:09:26+00:00\" \/>\n<meta property=\"og:image\" content=\"https:\/\/salonforall.it\/wp-content\/uploads\/2025\/12\/Uv-Dual-Led-Glow-S1-168W-Oro-1.jpg\" \/>\n\t<meta property=\"og:image:width\" content=\"1200\" \/>\n\t<meta property=\"og:image:height\" content=\"1200\" \/>\n\t<meta property=\"og:image:type\" content=\"image\/jpeg\" \/>\n<meta name=\"twitter:card\" content=\"summary_large_image\" \/>\n<meta name=\"twitter:title\" content=\"Uv Dual Led Glow S1 168W Oro\" \/>\n<meta name=\"twitter:label1\" content=\"Estimated reading time\" \/>\n\t<meta name=\"twitter:data1\" content=\"8 minutes\" \/>\n<script type=\"application\/ld+json\" class=\"yoast-schema-graph\">{\"@context\":\"https:\\\/\\\/schema.org\",\"@graph\":[{\"@type\":\"WebPage\",\"@id\":\"https:\\\/\\\/salonforall.it\\\/uv-dual-led-glow-s1-168w-oro\\\/\",\"url\":\"https:\\\/\\\/salonforall.it\\\/uv-dual-led-glow-s1-168w-oro\\\/\",\"name\":\"Uv Dual Led Glow S1 168W Oro acquistare\",\"isPartOf\":{\"@id\":\"https:\\\/\\\/salonforall.it\\\/#website\"},\"primaryImageOfPage\":{\"@id\":\"https:\\\/\\\/salonforall.it\\\/uv-dual-led-glow-s1-168w-oro\\\/#primaryimage\"},\"image\":{\"@id\":\"https:\\\/\\\/salonforall.it\\\/uv-dual-led-glow-s1-168w-oro\\\/#primaryimage\"},\"thumbnailUrl\":\"https:\\\/\\\/salonforall.it\\\/wp-content\\\/uploads\\\/2025\\\/12\\\/Uv-Dual-Led-Glow-S1-168W-Oro-1.jpg\",\"datePublished\":\"2025-12-03T11:33:37+00:00\",\"dateModified\":\"2026-04-20T02:09:26+00:00\",\"description\":\"Acquista Uv Dual Led Glow S1 168W Oro online o nello showroom da Salon For All Italia. Il grossista per saloni, studi e spa in Italia e Svizzera.\",\"breadcrumb\":{\"@id\":\"https:\\\/\\\/salonforall.it\\\/uv-dual-led-glow-s1-168w-oro\\\/#breadcrumb\"},\"inLanguage\":\"en-GB\",\"potentialAction\":[{\"@type\":\"ReadAction\",\"target\":[\"https:\\\/\\\/salonforall.it\\\/uv-dual-led-glow-s1-168w-oro\\\/\"]}]},{\"@type\":\"ImageObject\",\"inLanguage\":\"en-GB\",\"@id\":\"https:\\\/\\\/salonforall.it\\\/uv-dual-led-glow-s1-168w-oro\\\/#primaryimage\",\"url\":\"https:\\\/\\\/salonforall.it\\\/wp-content\\\/uploads\\\/2025\\\/12\\\/Uv-Dual-Led-Glow-S1-168W-Oro-1.jpg\",\"contentUrl\":\"https:\\\/\\\/salonforall.it\\\/wp-content\\\/uploads\\\/2025\\\/12\\\/Uv-Dual-Led-Glow-S1-168W-Oro-1.jpg\",\"width\":1200,\"height\":1200,\"caption\":\"Uv Dual Led Glow S1 168W Oro\"},{\"@type\":\"BreadcrumbList\",\"@id\":\"https:\\\/\\\/salonforall.it\\\/uv-dual-led-glow-s1-168w-oro\\\/#breadcrumb\",\"itemListElement\":[{\"@type\":\"ListItem\",\"position\":1,\"name\":\"Home\",\"item\":\"https:\\\/\\\/salonforall.it\\\/\"},{\"@type\":\"ListItem\",\"position\":2,\"name\":\"Winkel\",\"item\":\"https:\\\/\\\/salonforall.it\\\/winkel\\\/\"},{\"@type\":\"ListItem\",\"position\":3,\"name\":\"Uv Dual Led Glow S1 168W Oro\"}]},{\"@type\":\"WebSite\",\"@id\":\"https:\\\/\\\/salonforall.it\\\/#website\",\"url\":\"https:\\\/\\\/salonforall.it\\\/\",\"name\":\"Salon For All Italia\",\"description\":\"Grossista di mobili e forniture per studi medici e saloni\",\"publisher\":{\"@id\":\"https:\\\/\\\/salonforall.it\\\/#organization\"},\"potentialAction\":[{\"@type\":\"SearchAction\",\"target\":{\"@type\":\"EntryPoint\",\"urlTemplate\":\"https:\\\/\\\/salonforall.it\\\/?s={search_term_string}\"},\"query-input\":{\"@type\":\"PropertyValueSpecification\",\"valueRequired\":true,\"valueName\":\"search_term_string\"}}],\"inLanguage\":\"en-GB\"},{\"@type\":\"Organization\",\"@id\":\"https:\\\/\\\/salonforall.it\\\/#organization\",\"name\":\"Salon For All Italia\",\"url\":\"https:\\\/\\\/salonforall.it\\\/\",\"logo\":{\"@type\":\"ImageObject\",\"inLanguage\":\"en-GB\",\"@id\":\"https:\\\/\\\/salonforall.it\\\/#\\\/schema\\\/logo\\\/image\\\/\",\"url\":\"https:\\\/\\\/salonforall.it\\\/wp-content\\\/uploads\\\/2025\\\/11\\\/logo-salon-for-all-e1764543264615.png\",\"contentUrl\":\"https:\\\/\\\/salonforall.it\\\/wp-content\\\/uploads\\\/2025\\\/11\\\/logo-salon-for-all-e1764543264615.png\",\"width\":500,\"height\":150,\"caption\":\"Salon For All Italia\"},\"image\":{\"@id\":\"https:\\\/\\\/salonforall.it\\\/#\\\/schema\\\/logo\\\/image\\\/\"}}]}<\/script>\n<!-- \/ Yoast SEO plugin. -->","yoast_head_json":{"title":"Uv Dual Led Glow S1 168W Oro acquistare","description":"Acquista Uv Dual Led Glow S1 168W Oro online o nello showroom da Salon For All Italia. Il grossista per saloni, studi e spa in Italia e Svizzera.","robots":{"index":"index","follow":"follow","max-snippet":"max-snippet:-1","max-image-preview":"max-image-preview:large","max-video-preview":"max-video-preview:-1"},"canonical":"https:\/\/salonforall.it\/en\/uv-dual-led-glow-s1-168w-oro\/","og_locale":"en_GB","og_type":"article","og_title":"Uv Dual Led Glow S1 168W Oro","og_description":"Acquista Uv Dual Led Glow S1 168W Oro online o nello showroom da Salon For All Italia. Il grossista per saloni, studi e spa in Italia e Svizzera.","og_url":"https:\/\/salonforall.it\/en\/uv-dual-led-glow-s1-168w-oro\/","og_site_name":"Salon For All Italia","article_modified_time":"2026-04-20T02:09:26+00:00","og_image":[{"width":1200,"height":1200,"url":"https:\/\/salonforall.it\/wp-content\/uploads\/2025\/12\/Uv-Dual-Led-Glow-S1-168W-Oro-1.jpg","type":"image\/jpeg"}],"twitter_card":"summary_large_image","twitter_title":"Uv Dual Led Glow S1 168W Oro","twitter_misc":{"Estimated reading time":"8 minutes"},"schema":{"@context":"https:\/\/schema.org","@graph":[{"@type":"WebPage","@id":"https:\/\/salonforall.it\/uv-dual-led-glow-s1-168w-oro\/","url":"https:\/\/salonforall.it\/uv-dual-led-glow-s1-168w-oro\/","name":"Uv Dual Led Glow S1 168W Oro acquistare","isPartOf":{"@id":"https:\/\/salonforall.it\/#website"},"primaryImageOfPage":{"@id":"https:\/\/salonforall.it\/uv-dual-led-glow-s1-168w-oro\/#primaryimage"},"image":{"@id":"https:\/\/salonforall.it\/uv-dual-led-glow-s1-168w-oro\/#primaryimage"},"thumbnailUrl":"https:\/\/salonforall.it\/wp-content\/uploads\/2025\/12\/Uv-Dual-Led-Glow-S1-168W-Oro-1.jpg","datePublished":"2025-12-03T11:33:37+00:00","dateModified":"2026-04-20T02:09:26+00:00","description":"Acquista Uv Dual Led Glow S1 168W Oro online o nello showroom da Salon For All Italia. Il grossista per saloni, studi e spa in Italia e Svizzera.","breadcrumb":{"@id":"https:\/\/salonforall.it\/uv-dual-led-glow-s1-168w-oro\/#breadcrumb"},"inLanguage":"en-GB","potentialAction":[{"@type":"ReadAction","target":["https:\/\/salonforall.it\/uv-dual-led-glow-s1-168w-oro\/"]}]},{"@type":"ImageObject","inLanguage":"en-GB","@id":"https:\/\/salonforall.it\/uv-dual-led-glow-s1-168w-oro\/#primaryimage","url":"https:\/\/salonforall.it\/wp-content\/uploads\/2025\/12\/Uv-Dual-Led-Glow-S1-168W-Oro-1.jpg","contentUrl":"https:\/\/salonforall.it\/wp-content\/uploads\/2025\/12\/Uv-Dual-Led-Glow-S1-168W-Oro-1.jpg","width":1200,"height":1200,"caption":"Uv Dual Led Glow S1 168W Oro"},{"@type":"BreadcrumbList","@id":"https:\/\/salonforall.it\/uv-dual-led-glow-s1-168w-oro\/#breadcrumb","itemListElement":[{"@type":"ListItem","position":1,"name":"Home","item":"https:\/\/salonforall.it\/"},{"@type":"ListItem","position":2,"name":"Winkel","item":"https:\/\/salonforall.it\/winkel\/"},{"@type":"ListItem","position":3,"name":"Uv Dual Led Glow S1 168W Oro"}]},{"@type":"WebSite","@id":"https:\/\/salonforall.it\/#website","url":"https:\/\/salonforall.it\/","name":"Salon For All Italia","description":"Grossista di mobili e forniture per studi medici e saloni","publisher":{"@id":"https:\/\/salonforall.it\/#organization"},"potentialAction":[{"@type":"SearchAction","target":{"@type":"EntryPoint","urlTemplate":"https:\/\/salonforall.it\/?s={search_term_string}"},"query-input":{"@type":"PropertyValueSpecification","valueRequired":true,"valueName":"search_term_string"}}],"inLanguage":"en-GB"},{"@type":"Organization","@id":"https:\/\/salonforall.it\/#organization","name":"Salon For All Italia","url":"https:\/\/salonforall.it\/","logo":{"@type":"ImageObject","inLanguage":"en-GB","@id":"https:\/\/salonforall.it\/#\/schema\/logo\/image\/","url":"https:\/\/salonforall.it\/wp-content\/uploads\/2025\/11\/logo-salon-for-all-e1764543264615.png","contentUrl":"https:\/\/salonforall.it\/wp-content\/uploads\/2025\/11\/logo-salon-for-all-e1764543264615.png","width":500,"height":150,"caption":"Salon For All Italia"},"image":{"@id":"https:\/\/salonforall.it\/#\/schema\/logo\/image\/"}}]}},"_links":{"self":[{"href":"https:\/\/salonforall.it\/en\/wp-json\/wp\/v2\/product\/14129","targetHints":{"allow":["GET"]}}],"collection":[{"href":"https:\/\/salonforall.it\/en\/wp-json\/wp\/v2\/product"}],"about":[{"href":"https:\/\/salonforall.it\/en\/wp-json\/wp\/v2\/types\/product"}],"replies":[{"embeddable":true,"href":"https:\/\/salonforall.it\/en\/wp-json\/wp\/v2\/comments?post=14129"}],"wp:featuredmedia":[{"embeddable":true,"href":"https:\/\/salonforall.it\/en\/wp-json\/wp\/v2\/media\/14130"}],"wp:attachment":[{"href":"https:\/\/salonforall.it\/en\/wp-json\/wp\/v2\/media?parent=14129"}],"wp:term":[{"taxonomy":"product_brand","embeddable":true,"href":"https:\/\/salonforall.it\/en\/wp-json\/wp\/v2\/product_brand?post=14129"},{"taxonomy":"product_cat","embeddable":true,"href":"https:\/\/salonforall.it\/en\/wp-json\/wp\/v2\/product_cat?post=14129"},{"taxonomy":"product_tag","embeddable":true,"href":"https:\/\/salonforall.it\/en\/wp-json\/wp\/v2\/product_tag?post=14129"}],"curies":[{"name":"wp","href":"https:\/\/api.w.org\/{rel}","templated":true}]}}