{"id":14147,"date":"2025-12-03T11:33:37","date_gmt":"2025-12-03T11:33:37","guid":{"rendered":"https:\/\/salonforall.it\/lampada-per-trattamento-ciglia-glow-momo-mx6-bianca\/"},"modified":"2026-05-15T02:19:03","modified_gmt":"2026-05-15T02:19:03","slug":"lampada-per-trattamento-ciglia-glow-momo-mx6-bianca","status":"publish","type":"product","link":"https:\/\/salonforall.it\/en\/lampada-per-trattamento-ciglia-glow-momo-mx6-bianca\/","title":{"rendered":"Lampada Per Trattamento Ciglia Glow Momo Mx6 Bianca"},"content":{"rendered":"<h2>Informazioni su Lampada Per Trattamento Ciglia Glow Momo Mx6 Bianca con codice articolo 146661<\/h2>\n<p><strong>Momo<\/strong> \u00e8 un produttore di eccellenti accessori utili per la manicure, tra cui assorbipolvere o pratici supporti. I prodotti sono perfetti per il lavoro quotidiano. L&#8217;ampia gamma di modelli e soluzioni pratiche soddisfer\u00e0 gli utenti pi\u00f9 esigenti.<\/p>\n<p><img decoding=\"async\" src=\"https:\/\/activeshop.com.pl\/media\/wysiwyg\/product\/146661\/EN_146661_1.jpg\"><\/p>\n<h2><strong>Lampada cosmetica senza ombre<\/strong><\/h2>\n<p><strong>La lampada per trattamenti GLOW<\/strong>, con la sua esclusiva testa ad arco, <strong>offre un&#8217;illuminazione eccellente<\/strong> durante i trattamenti che richiedono precisione. Si adatta perfettamente a qualsiasi salone specializzato, dove <strong>la luce giusta pu\u00f2 influire in modo significativo<\/strong> sulla qualit\u00e0 dei servizi eseguiti. <strong>Perfetto<\/strong> per extension o infoltimento ciglia, tatuaggi, trattamenti di bellezza o trucco, sar\u00e0 utile anche per scattare foto o registrare video.<\/p>\n<p><img decoding=\"async\" src=\"https:\/\/activeshop.com.pl\/media\/wysiwyg\/product\/146661\/EN_146661_2.jpg\"><\/p>\n<h2><strong>Testa rotante e curva<\/strong><\/h2>\n<p>La caratteristica <strong>forma della testa della lampada<\/strong> non \u00e8 solo un design interessante, ma anche un&#8217;elevata funzionalit\u00e0. L&#8217;ampio <strong>profilo appositamente curvo<\/strong>, riempito con diodi LED, fornisce un&#8217;illuminazione senza ombre<\/strong> dell&#8217;area da trattare, garantendo il comfort durante l&#8217;esecuzione dei servizi. <strong>Sar\u00e0 perfetto anche per scattare foto<\/strong> degli effetti, esponendoli con precisione. La superficie semitrasparente del pannello diffonde la luce, in modo che la lampada <strong>non abbagli gli occhi<\/strong>. Grazie ai parametri appropriati e alla possibilit\u00e0 di regolare il colore e l&#8217;intensit\u00e0 della luce, la lampada offre un&#8217;eccellente riproduzione dei colori percepiti, senza affaticare la vista anche durante lavori prolungati. Inoltre, la testa girevole con un ampio raggio di movimento consente di <strong>regolare l&#8217;illuminazione in modo ottimale in base alle proprie preferenze<\/strong>.<\/p>\n<p><img decoding=\"async\" src=\"https:\/\/activeshop.com.pl\/media\/wysiwyg\/product\/146661\/EN_146661_3.jpg\"><\/p>\n<h2><strong>Ampio intervallo di regolazione<\/strong><\/h2>\n<p>Il supporto \u00e8<strong>facilmente regolabile nell&#8217;intervallo 140-180 cm<\/strong> tramite una vite di bloccaggio situata sul braccio. Ci\u00f2 consente di regolare la posizione della testa in base alle <strong>esigenze individuali<\/strong> e a diversi tipi di poltrone estetiche, poltrone reclinabili o lettini per trattamenti, illuminando al contempo perfettamente l&#8217;area di lavoro<\/strong>. Il colore e l&#8217;intensit\u00e0 della luce possono essere regolati gradualmente tramite telecomandi: uno si trova proprio accanto alla lampada, grazie al quale \u00e8 sempre a portata di mano durante il lavoro; il secondo consente di controllare le impostazioni a distanza.<\/p>\n<p><img decoding=\"async\" src=\"https:\/\/activeshop.com.pl\/media\/wysiwyg\/product\/146661\/EN_146661_4.jpg\"><\/p>\n<h2><strong>Personalizzazione per esigenze individuali<\/strong><\/h2>\n<p>La regolazione della temperatura del colore ha 7 livelli, mentre l&#8217;intensit\u00e0 della luce arriva fino a 11. Ci\u00f2 offre <strong>grandi opportunit\u00e0 di personalizzazione dell&#8217;illuminazione<\/strong> in base alle esigenze individuali. Vale anche la pena notare il notevole potenziale offerto dalla <strong>testa mobile<\/strong> e dal braccio a rack<\/strong>, che possono effettuare una rotazione completa; tuttavia, \u00e8 opportuno ricordare che la lampada \u00e8 pi\u00f9 stabile quando \u00e8 inclinata lungo la base.<\/p>\n<p><img decoding=\"async\" src=\"https:\/\/activeshop.com.pl\/media\/wysiwyg\/product\/146661\/EN_146661_5.jpg\"><\/p>\n<h2><strong>Comodit\u00e0 di condivisione dei risultati del lavoro<\/strong><\/h2>\n<p>Il set include un <strong>supporto per telefono<\/strong> che consente di <strong>documentare esteticamente gli effetti del lavoro<\/strong>, garantendo la stabilit\u00e0 del telaio. Consente inoltre di registrare video durante l&#8217;esecuzione dei servizi per poi condividerli sui social media. Il supporto pu\u00f2 essere posizionato in vari punti del rack, consentendo di ottenere una <strong>variet\u00e0 di scatti interessanti<\/strong>. Grazie all&#8217;ampia regolazione del morsetto, funzioner\u00e0 bene con molti modelli di telefono.<\/p>\n<h2><strong>Design elegante e funzionalit\u00e0<\/strong><\/h2>\n<p>La forma semplice e lo stile <strong>moderno e minimalista<\/strong> del supporto in una <strong>classica tonalit\u00e0<\/strong> di bianco renderanno la lampada da terra perfetta per quasi tutti gli interni. La <strong>base solida e piatta<\/strong> consente di posizionare comodamente l&#8217;illuminazione sulla postazione di lavoro.<\/p>\n<p>Le dimensioni dettagliate sono riportate nella foto.<br \/><strong>Attenzione.<\/strong> Prima dell&#8217;uso, leggere attentamente le istruzioni e assemblare correttamente il prodotto.<br \/><strong>Il set include:<\/strong> lampada, alimentatore e cavo di alimentazione, componenti rack con base, istruzioni, supporto per telefono, telecomando wireless, custodia per il trasporto.<\/p>\n<p><strong>Dati:<\/strong><br \/>Tensione di ingresso: 110-240 V<br \/>Potenza: 36 W<br \/>Colore della luce: 3200-5600 K<br \/>CRI: RA > 90<br \/>Flusso luminoso: 2800 LM<br \/>Colore della montatura: tonalit\u00e0 di bianco<br \/>Garanzia: un anno<\/p>\n<p>I prodotti Activeshop sono proporzionalmente pi\u00f9 economici di molti altri marchi\/fornitori. Il prezzo \u00e8 proporzionato alla qualit\u00e0. Lampada Per Trattamento Ciglia Glow Momo Mx6 Bianca \u00e8 quindi una soluzione accessibile per il tuo salone.<\/p>\n<h2>Come viene consegnato Lampada Per Trattamento Ciglia Glow Momo Mx6 Bianca?<\/h2>\n<p>Lampada Per Trattamento Ciglia Glow Momo Mx6 Bianca viene consegnato nella confezione originale. In Italia la spedizione di Lampada Per Trattamento Ciglia Glow Momo Mx6 Bianca \u00e8 completamente gratuita per ordini a partire da 100,- euro. Per spedizioni verso altri paesi si applicano tariffe di spedizione separate. Puoi richiedere queste tariffe o trovarle nel carrello. Lampada Per Trattamento Ciglia Glow Momo Mx6 Bianca viene spedito tramite un corriere esterno.<\/p>\n<p>I pacchi o i pallet vengono consegnati di serie fino alla soglia della porta d&#8217;ingresso, anche se ti trovi in un edificio collettivo, condominio o complesso residenziale con ascensore (a condizione che l&#8217;articolo entri nell&#8217;ascensore). Non c&#8217;\u00e8 un ascensore o l&#8217;articolo non entra nell&#8217;ascensore? Allora consegniamo fino alla soglia del piano terra.<\/p>\n<p>Hai ancora domande sulla consegna o una situazione particolare? Contattaci e saremo lieti di aiutarti!<\/p>\n<p>*Gli articoli non vengono disimballati o montati di serie. In situazioni particolari puoi contattarci per fare accordi in merito.<\/p>\n<h2>Acquisti online sicuri su Salon For All con il marchio di qualit\u00e0 Webwinkelkeur e crittografia SSL<\/h2>\n<p>\u00c8 importante per noi che i nostri clienti possano fare acquisti online in sicurezza. Siamo affiliati al marchio di qualit\u00e0 nazionale Webwinkelkeur dal 2019. La nostra identit\u00e0 \u00e8 stata controllata e verificata da loro e il negozio online \u00e8 stato controllato e approvato legalmente. Inoltre, il nostro negozio online \u00e8 affiliato a loro per la mediazione delle controversie. Puoi vedere il badge con tutte le informazioni di questo marchio di qualit\u00e0 del negozio online sul lato sinistro o destro del negozio online (pulsante rosa con bianco). Inoltre, il nostro sito \u00e8 protetto con un certificato SSL in modo da poter navigare in sicurezza. Nella barra del tuo browser Internet, dove \u00e8 indicato il nostro sito web, vedrai un&#8217;icona a forma di lucchetto. Se clicchi sul lucchetto, otterrai tutte le informazioni sulla nostra sicurezza. In questo modo sai che il tuo ordine di Lampada Per Trattamento Ciglia Glow Momo Mx6 Bianca e i tuoi dati personali vengono elaborati in modo sicuro.<\/p>\n<h2>Come posso pagare Lampada Per Trattamento Ciglia Glow Momo Mx6 Bianca?<\/h2>\n<p>Vogliamo renderti le cose il pi\u00f9 semplici possibile. Ecco perch\u00e9 su Salon For All puoi pagare con tutti i metodi di pagamento noti e comuni. Pagare in anticipo, alla consegna o in seguito; tutto \u00e8 possibile. Vedi qui tutti i metodi di pagamento che offriamo:<\/p>\n<ul>\n<li>iDEAL<\/li>\n<li>Carta di credito (Visa, Mastercard, American Express)<\/li>\n<li>Klarna &#8211; Pagamento posticipato con fattura<\/li>\n<li>PayPal<\/li>\n<li>Apple Pay<\/li>\n<li>Google Pay<\/li>\n<li>Bancontact<\/li>\n<li>Bonifico bancario SEPA<\/li>\n<li>MyBank (per clienti italiani)<\/li>\n<li>Fattura aziendale per imprese<\/li>\n<li>Pagamento nello showroom &#8211; Sia carta che contanti (Disponibile solo per il ritiro)<\/li>\n<\/ul>\n<h2>Consulta anche le recensioni di Salon For All<\/h2>\n<p>Consulta anche le nostre recensioni per tenere conto delle esperienze dei nostri clienti attuali nella tua decisione di ordinare Lampada Per Trattamento Ciglia Glow Momo Mx6 Bianca da noi. Attraverso il nostro marchio di qualit\u00e0 indipendente del negozio online Webwinkelkeur, vengono raccolte automaticamente recensioni verificate di clienti che hanno completato un ordine con noi. Puoi trovarle dietro il pulsante rosa sul nostro negozio online o sono elencate sotto i prodotti.<\/p>\n<p>Condividi anche la tua esperienza dopo il tuo acquisto con il tuo Lampada Per Trattamento Ciglia Glow Momo Mx6 Bianca ordinato e la tua esperienza con il processo di acquisto o il contatto con Salon For All per ispirare gli altri!<\/p>\n<h2>Contatto con Salon For All<\/h2>\n<p>Contattaci allora. Saremo lieti di aiutarti con l&#8217;acquisto di Lampada Per Trattamento Ciglia Glow Momo Mx6 Bianca. Nei giorni feriali siamo raggiungibili al meglio tra le 8.30 e le 17.00 tramite il numero di telefono e l&#8217;indirizzo e-mail nella parte superiore del negozio online o tramite la funzione chat. Le domande al di fuori dell&#8217;orario d&#8217;ufficio vengono generalmente risposte entro 24 ore. \u00c8 anche possibile venirci a trovare al di fuori dei giorni feriali o dell&#8217;orario d&#8217;ufficio. Ma per questo \u00e8 necessario prendere un appuntamento in anticipo.<\/p>\n<h2>Vuoi venire nel nostro showroom?<\/h2>\n<p>Preferisci vedere Lampada Per Trattamento Ciglia Glow Momo Mx6 Bianca o esplorare la nostra offerta del negozio (online) insieme al nostro collega? Allora vieni nel nostro showroom con oltre 1000m\u00b2 di arredamento per saloni e lasciati ispirare dai nostri dipendenti. Anche se ti piace fare conoscenza in modo piacevole gustando una buona tazza di caff\u00e8 o t\u00e8, sei il benvenuto. Non abbiamo tutti i prodotti disponibili, quindi faccici sapere in anticipo che vuoi venire. Prendi sempre un appuntamento in anticipo.<\/p>\n<h2>14 giorni di riflessione e la nostra politica di reso<\/h2>\n<p>Naturalmente pu\u00f2 succedere che Lampada Per Trattamento Ciglia Glow Momo Mx6 Bianca consegnato non sia completamente di tuo gradimento e tu voglia restituirlo. Questo non \u00e8 assolutamente un problema con Salon For All. Devi segnalare il tuo reso entro 14 giorni lavorativi tramite <a href=\"mailto:info@salonforall.com\">info@salonforall.it<\/a>. Riceverai quindi prima tutte le istruzioni e condizioni di reso. Si prega di notare che Lampada Per Trattamento Ciglia Glow Momo Mx6 Bianca non deve essere stato utilizzato, deve contenere tutte le parti fornite e deve essere restituito imballato nella confezione originale. I costi di spedizione per un reso sono sempre a carico dell&#8217;acquirente per gli acquisti tramite www.salonforall.it. Devi organizzare tu stesso un trasporto presso un corriere di tua scelta per un reso. Una volta che Lampada Per Trattamento Ciglia Glow Momo Mx6 Bianca \u00e8 stato restituito, verr\u00e0 controllato per completezza e danni. Una volta che il reso \u00e8 stato approvato, l&#8217;importo di acquisto verr\u00e0 rimborsato entro 5 giorni lavorativi sul conto bancario da noi conosciuto.<\/p>\n<h2>Chi \u00e8 Salon For All?<\/h2>\n<p>Salon For All \u00e8 IL grossista per ogni arredamento di saloni in Europa. Salon For All \u00e8 iniziato nel 2003 con il nome Salonvoordeel ed \u00e8 nato dalla pratica. I proprietari di Salon For All erano parrucchieri e specialisti della bellezza esperti e hanno insieme oltre 30 anni di esperienza pratica. Nel 2003 abbiamo lanciato Salonvoordeel.nl (Paesi Bassi) e successivamente \u00e8 stato fondato Salon For All per il mercato europeo. Alcuni dei nostri dipendenti hanno avviato una propria attivit\u00e0 e cos\u00ec \u00e8 nata l&#8217;idea di avviare un negozio online funzionale per parrucchieri e aiutarli con l&#8217;arredamento del loro salone.<\/p>\n<p>Il nostro showroom si trova a Dinxperlo, direttamente al confine tra i Paesi Bassi e la Germania. Con la nostra pluriennale esperienza nel settore possiamo farti da specchio e fornirti la giusta consulenza. Parliamo la stessa lingua! Ti consigliamo, ispiriamo, motiviamo e ti aiutiamo nell&#8217;acquisto di Lampada Per Trattamento Ciglia Glow Momo Mx6 Bianca. I nostri fornitori si trovano in tutta Europa, dalla Germania, Inghilterra, Italia fino alla Polonia.<\/p>","protected":false},"excerpt":{"rendered":"<p>Il prodotto Lampada Per Trattamento Ciglia Glow Momo Mx6 Bianca \u00e8 una soluzione conveniente per qualsiasi salone o studio professionale. Il tempo di consegna previsto \u00e8 di circa 6 giorni lavorativi.<\/p>","protected":false},"featured_media":14148,"comment_status":"open","ping_status":"open","template":"","meta":[],"product_brand":[642],"product_cat":[139,871,140],"product_tag":[142,872,143],"class_list":{"0":"post-14147","1":"product","2":"type-product","3":"status-publish","4":"has-post-thumbnail","6":"product_brand-glow","7":"product_cat-dispositivi-cosmetici","8":"product_cat-lampade-ad-anello-e-altre-lampade-per-il-trucco","9":"product_cat-lampade-cosmetiche","10":"product_tag-dispositivi-cosmetici","11":"product_tag-lampade-ad-anello-e-altre-lampade-per-il-trucco","12":"product_tag-lampade-cosmetiche","13":"pa_codice-ean-4758","14":"pa_garanzia-12-mesi","15":"pa_marca-glow","16":"pa_numero-dellarticolo-4757","17":"pa_tempo-di-consegna-stimato-3-4-giorni-lavorativi","19":"first","20":"instock","21":"sale","22":"taxable","23":"shipping-taxable","24":"purchasable","25":"product-type-simple"},"yoast_head":"<!-- This site is optimized with the Yoast SEO plugin v27.5 - https:\/\/yoast.com\/product\/yoast-seo-wordpress\/ -->\n<title>Lampada Per Trattamento Ciglia Glow Momo Mx6 Bianca acquistare<\/title>\n<meta name=\"description\" content=\"Acquista Lampada Per Trattamento Ciglia Glow Momo Mx6 Bianca online o nello showroom da Salon For All Italia. Il grossista per saloni, studi e spa in Italia e Svizzera.\" \/>\n<meta name=\"robots\" content=\"index, follow, max-snippet:-1, max-image-preview:large, max-video-preview:-1\" \/>\n<link rel=\"canonical\" href=\"https:\/\/salonforall.it\/en\/lampada-per-trattamento-ciglia-glow-momo-mx6-bianca\/\" \/>\n<meta property=\"og:locale\" content=\"en_GB\" \/>\n<meta property=\"og:type\" content=\"article\" \/>\n<meta property=\"og:title\" content=\"Lampada Per Trattamento Ciglia Glow Momo Mx6 Bianca\" \/>\n<meta property=\"og:description\" content=\"Acquista Lampada Per Trattamento Ciglia Glow Momo Mx6 Bianca online o nello showroom da Salon For All Italia. Il grossista per saloni, studi e spa in Italia e Svizzera.\" \/>\n<meta property=\"og:url\" content=\"https:\/\/salonforall.it\/en\/lampada-per-trattamento-ciglia-glow-momo-mx6-bianca\/\" \/>\n<meta property=\"og:site_name\" content=\"Salon For All Italia\" \/>\n<meta property=\"article:modified_time\" content=\"2026-05-15T02:19:03+00:00\" \/>\n<meta property=\"og:image\" content=\"https:\/\/salonforall.it\/wp-content\/uploads\/2025\/12\/Lampada-Per-Trattamento-Ciglia-Glow-Momo-Mx6-Bianca-1.jpg\" \/>\n\t<meta property=\"og:image:width\" content=\"1200\" \/>\n\t<meta property=\"og:image:height\" content=\"1200\" \/>\n\t<meta property=\"og:image:type\" content=\"image\/jpeg\" \/>\n<meta name=\"twitter:card\" content=\"summary_large_image\" \/>\n<meta name=\"twitter:title\" content=\"Lampada Per Trattamento Ciglia Glow Momo Mx6 Bianca\" \/>\n<meta name=\"twitter:label1\" content=\"Estimated reading time\" \/>\n\t<meta name=\"twitter:data1\" content=\"8 minutes\" \/>\n<script type=\"application\/ld+json\" class=\"yoast-schema-graph\">{\"@context\":\"https:\\\/\\\/schema.org\",\"@graph\":[{\"@type\":\"WebPage\",\"@id\":\"https:\\\/\\\/salonforall.it\\\/lampada-per-trattamento-ciglia-glow-momo-mx6-bianca\\\/\",\"url\":\"https:\\\/\\\/salonforall.it\\\/lampada-per-trattamento-ciglia-glow-momo-mx6-bianca\\\/\",\"name\":\"Lampada Per Trattamento Ciglia Glow Momo Mx6 Bianca acquistare\",\"isPartOf\":{\"@id\":\"https:\\\/\\\/salonforall.it\\\/#website\"},\"primaryImageOfPage\":{\"@id\":\"https:\\\/\\\/salonforall.it\\\/lampada-per-trattamento-ciglia-glow-momo-mx6-bianca\\\/#primaryimage\"},\"image\":{\"@id\":\"https:\\\/\\\/salonforall.it\\\/lampada-per-trattamento-ciglia-glow-momo-mx6-bianca\\\/#primaryimage\"},\"thumbnailUrl\":\"https:\\\/\\\/salonforall.it\\\/wp-content\\\/uploads\\\/2025\\\/12\\\/Lampada-Per-Trattamento-Ciglia-Glow-Momo-Mx6-Bianca-1.jpg\",\"datePublished\":\"2025-12-03T11:33:37+00:00\",\"dateModified\":\"2026-05-15T02:19:03+00:00\",\"description\":\"Acquista Lampada Per Trattamento Ciglia Glow Momo Mx6 Bianca online o nello showroom da Salon For All Italia. Il grossista per saloni, studi e spa in Italia e Svizzera.\",\"breadcrumb\":{\"@id\":\"https:\\\/\\\/salonforall.it\\\/lampada-per-trattamento-ciglia-glow-momo-mx6-bianca\\\/#breadcrumb\"},\"inLanguage\":\"en-GB\",\"potentialAction\":[{\"@type\":\"ReadAction\",\"target\":[\"https:\\\/\\\/salonforall.it\\\/lampada-per-trattamento-ciglia-glow-momo-mx6-bianca\\\/\"]}]},{\"@type\":\"ImageObject\",\"inLanguage\":\"en-GB\",\"@id\":\"https:\\\/\\\/salonforall.it\\\/lampada-per-trattamento-ciglia-glow-momo-mx6-bianca\\\/#primaryimage\",\"url\":\"https:\\\/\\\/salonforall.it\\\/wp-content\\\/uploads\\\/2025\\\/12\\\/Lampada-Per-Trattamento-Ciglia-Glow-Momo-Mx6-Bianca-1.jpg\",\"contentUrl\":\"https:\\\/\\\/salonforall.it\\\/wp-content\\\/uploads\\\/2025\\\/12\\\/Lampada-Per-Trattamento-Ciglia-Glow-Momo-Mx6-Bianca-1.jpg\",\"width\":1200,\"height\":1200,\"caption\":\"Lampada Per Trattamento Ciglia Glow Momo Mx6 Bianca\"},{\"@type\":\"BreadcrumbList\",\"@id\":\"https:\\\/\\\/salonforall.it\\\/lampada-per-trattamento-ciglia-glow-momo-mx6-bianca\\\/#breadcrumb\",\"itemListElement\":[{\"@type\":\"ListItem\",\"position\":1,\"name\":\"Home\",\"item\":\"https:\\\/\\\/salonforall.it\\\/\"},{\"@type\":\"ListItem\",\"position\":2,\"name\":\"Winkel\",\"item\":\"https:\\\/\\\/salonforall.it\\\/winkel\\\/\"},{\"@type\":\"ListItem\",\"position\":3,\"name\":\"Lampada Per Trattamento Ciglia Glow Momo Mx6 Bianca\"}]},{\"@type\":\"WebSite\",\"@id\":\"https:\\\/\\\/salonforall.it\\\/#website\",\"url\":\"https:\\\/\\\/salonforall.it\\\/\",\"name\":\"Salon For All Italia\",\"description\":\"Grossista di mobili e forniture per studi medici e saloni\",\"publisher\":{\"@id\":\"https:\\\/\\\/salonforall.it\\\/#organization\"},\"potentialAction\":[{\"@type\":\"SearchAction\",\"target\":{\"@type\":\"EntryPoint\",\"urlTemplate\":\"https:\\\/\\\/salonforall.it\\\/?s={search_term_string}\"},\"query-input\":{\"@type\":\"PropertyValueSpecification\",\"valueRequired\":true,\"valueName\":\"search_term_string\"}}],\"inLanguage\":\"en-GB\"},{\"@type\":\"Organization\",\"@id\":\"https:\\\/\\\/salonforall.it\\\/#organization\",\"name\":\"Salon For All Italia\",\"url\":\"https:\\\/\\\/salonforall.it\\\/\",\"logo\":{\"@type\":\"ImageObject\",\"inLanguage\":\"en-GB\",\"@id\":\"https:\\\/\\\/salonforall.it\\\/#\\\/schema\\\/logo\\\/image\\\/\",\"url\":\"https:\\\/\\\/salonforall.it\\\/wp-content\\\/uploads\\\/2025\\\/11\\\/logo-salon-for-all-e1764543264615.png\",\"contentUrl\":\"https:\\\/\\\/salonforall.it\\\/wp-content\\\/uploads\\\/2025\\\/11\\\/logo-salon-for-all-e1764543264615.png\",\"width\":500,\"height\":150,\"caption\":\"Salon For All Italia\"},\"image\":{\"@id\":\"https:\\\/\\\/salonforall.it\\\/#\\\/schema\\\/logo\\\/image\\\/\"}}]}<\/script>\n<!-- \/ Yoast SEO plugin. -->","yoast_head_json":{"title":"Lampada Per Trattamento Ciglia Glow Momo Mx6 Bianca acquistare","description":"Acquista Lampada Per Trattamento Ciglia Glow Momo Mx6 Bianca online o nello showroom da Salon For All Italia. Il grossista per saloni, studi e spa in Italia e Svizzera.","robots":{"index":"index","follow":"follow","max-snippet":"max-snippet:-1","max-image-preview":"max-image-preview:large","max-video-preview":"max-video-preview:-1"},"canonical":"https:\/\/salonforall.it\/en\/lampada-per-trattamento-ciglia-glow-momo-mx6-bianca\/","og_locale":"en_GB","og_type":"article","og_title":"Lampada Per Trattamento Ciglia Glow Momo Mx6 Bianca","og_description":"Acquista Lampada Per Trattamento Ciglia Glow Momo Mx6 Bianca online o nello showroom da Salon For All Italia. Il grossista per saloni, studi e spa in Italia e Svizzera.","og_url":"https:\/\/salonforall.it\/en\/lampada-per-trattamento-ciglia-glow-momo-mx6-bianca\/","og_site_name":"Salon For All Italia","article_modified_time":"2026-05-15T02:19:03+00:00","og_image":[{"width":1200,"height":1200,"url":"https:\/\/salonforall.it\/wp-content\/uploads\/2025\/12\/Lampada-Per-Trattamento-Ciglia-Glow-Momo-Mx6-Bianca-1.jpg","type":"image\/jpeg"}],"twitter_card":"summary_large_image","twitter_title":"Lampada Per Trattamento Ciglia Glow Momo Mx6 Bianca","twitter_misc":{"Estimated reading time":"8 minutes"},"schema":{"@context":"https:\/\/schema.org","@graph":[{"@type":"WebPage","@id":"https:\/\/salonforall.it\/lampada-per-trattamento-ciglia-glow-momo-mx6-bianca\/","url":"https:\/\/salonforall.it\/lampada-per-trattamento-ciglia-glow-momo-mx6-bianca\/","name":"Lampada Per Trattamento Ciglia Glow Momo Mx6 Bianca acquistare","isPartOf":{"@id":"https:\/\/salonforall.it\/#website"},"primaryImageOfPage":{"@id":"https:\/\/salonforall.it\/lampada-per-trattamento-ciglia-glow-momo-mx6-bianca\/#primaryimage"},"image":{"@id":"https:\/\/salonforall.it\/lampada-per-trattamento-ciglia-glow-momo-mx6-bianca\/#primaryimage"},"thumbnailUrl":"https:\/\/salonforall.it\/wp-content\/uploads\/2025\/12\/Lampada-Per-Trattamento-Ciglia-Glow-Momo-Mx6-Bianca-1.jpg","datePublished":"2025-12-03T11:33:37+00:00","dateModified":"2026-05-15T02:19:03+00:00","description":"Acquista Lampada Per Trattamento Ciglia Glow Momo Mx6 Bianca online o nello showroom da Salon For All Italia. Il grossista per saloni, studi e spa in Italia e Svizzera.","breadcrumb":{"@id":"https:\/\/salonforall.it\/lampada-per-trattamento-ciglia-glow-momo-mx6-bianca\/#breadcrumb"},"inLanguage":"en-GB","potentialAction":[{"@type":"ReadAction","target":["https:\/\/salonforall.it\/lampada-per-trattamento-ciglia-glow-momo-mx6-bianca\/"]}]},{"@type":"ImageObject","inLanguage":"en-GB","@id":"https:\/\/salonforall.it\/lampada-per-trattamento-ciglia-glow-momo-mx6-bianca\/#primaryimage","url":"https:\/\/salonforall.it\/wp-content\/uploads\/2025\/12\/Lampada-Per-Trattamento-Ciglia-Glow-Momo-Mx6-Bianca-1.jpg","contentUrl":"https:\/\/salonforall.it\/wp-content\/uploads\/2025\/12\/Lampada-Per-Trattamento-Ciglia-Glow-Momo-Mx6-Bianca-1.jpg","width":1200,"height":1200,"caption":"Lampada Per Trattamento Ciglia Glow Momo Mx6 Bianca"},{"@type":"BreadcrumbList","@id":"https:\/\/salonforall.it\/lampada-per-trattamento-ciglia-glow-momo-mx6-bianca\/#breadcrumb","itemListElement":[{"@type":"ListItem","position":1,"name":"Home","item":"https:\/\/salonforall.it\/"},{"@type":"ListItem","position":2,"name":"Winkel","item":"https:\/\/salonforall.it\/winkel\/"},{"@type":"ListItem","position":3,"name":"Lampada Per Trattamento Ciglia Glow Momo Mx6 Bianca"}]},{"@type":"WebSite","@id":"https:\/\/salonforall.it\/#website","url":"https:\/\/salonforall.it\/","name":"Salon For All Italia","description":"Grossista di mobili e forniture per studi medici e saloni","publisher":{"@id":"https:\/\/salonforall.it\/#organization"},"potentialAction":[{"@type":"SearchAction","target":{"@type":"EntryPoint","urlTemplate":"https:\/\/salonforall.it\/?s={search_term_string}"},"query-input":{"@type":"PropertyValueSpecification","valueRequired":true,"valueName":"search_term_string"}}],"inLanguage":"en-GB"},{"@type":"Organization","@id":"https:\/\/salonforall.it\/#organization","name":"Salon For All Italia","url":"https:\/\/salonforall.it\/","logo":{"@type":"ImageObject","inLanguage":"en-GB","@id":"https:\/\/salonforall.it\/#\/schema\/logo\/image\/","url":"https:\/\/salonforall.it\/wp-content\/uploads\/2025\/11\/logo-salon-for-all-e1764543264615.png","contentUrl":"https:\/\/salonforall.it\/wp-content\/uploads\/2025\/11\/logo-salon-for-all-e1764543264615.png","width":500,"height":150,"caption":"Salon For All Italia"},"image":{"@id":"https:\/\/salonforall.it\/#\/schema\/logo\/image\/"}}]}},"_links":{"self":[{"href":"https:\/\/salonforall.it\/en\/wp-json\/wp\/v2\/product\/14147","targetHints":{"allow":["GET"]}}],"collection":[{"href":"https:\/\/salonforall.it\/en\/wp-json\/wp\/v2\/product"}],"about":[{"href":"https:\/\/salonforall.it\/en\/wp-json\/wp\/v2\/types\/product"}],"replies":[{"embeddable":true,"href":"https:\/\/salonforall.it\/en\/wp-json\/wp\/v2\/comments?post=14147"}],"wp:featuredmedia":[{"embeddable":true,"href":"https:\/\/salonforall.it\/en\/wp-json\/wp\/v2\/media\/14148"}],"wp:attachment":[{"href":"https:\/\/salonforall.it\/en\/wp-json\/wp\/v2\/media?parent=14147"}],"wp:term":[{"taxonomy":"product_brand","embeddable":true,"href":"https:\/\/salonforall.it\/en\/wp-json\/wp\/v2\/product_brand?post=14147"},{"taxonomy":"product_cat","embeddable":true,"href":"https:\/\/salonforall.it\/en\/wp-json\/wp\/v2\/product_cat?post=14147"},{"taxonomy":"product_tag","embeddable":true,"href":"https:\/\/salonforall.it\/en\/wp-json\/wp\/v2\/product_tag?post=14147"}],"curies":[{"name":"wp","href":"https:\/\/api.w.org\/{rel}","templated":true}]}}