{"id":14310,"date":"2025-12-03T11:35:10","date_gmt":"2025-12-03T11:35:10","guid":{"rendered":"https:\/\/salonforall.it\/poltrona-per-tatuaggi-pro-ink-973\/"},"modified":"2026-05-14T02:13:34","modified_gmt":"2026-05-14T02:13:34","slug":"poltrona-per-tatuaggi-pro-ink-973","status":"publish","type":"product","link":"https:\/\/salonforall.it\/en\/poltrona-per-tatuaggi-pro-ink-973\/","title":{"rendered":"Poltrona Per Tatuaggi Pro Ink 973"},"content":{"rendered":"<h2>Informazioni su Poltrona Per Tatuaggi Pro Ink 973 con codice articolo 146710<\/h2>\n<p><img decoding=\"async\" src=\"https:\/\/activeshop.com.pl\/media\/wysiwyg\/product\/146710\/EN_146710_1.jpg\"><\/p>\n<p><strong>Il marchio PRO INK<\/strong> risponde alle esigenze specifiche del settore dei tatuaggi. Offre attrezzature e accessori professionali dedicati ai centri tatuatori. L&#8217;assortimento del marchio comprende prodotti come poltrone, assistenti o supporti per tatuaggi, che facilitano notevolmente il lavoro.<\/p>\n<p><img decoding=\"async\" src=\"https:\/\/activeshop.com.pl\/media\/wysiwyg\/product\/146710\/EN_146710_2.jpg\"><\/p>\n<h2><strong>Sgabello ergonomico con schienale per tatuatore<\/strong><\/h2>\n<p><strong>Una funzionale poltrona per tatuaggi PRO INK 973<\/strong> ti permetter\u00e0 di lavorare comodamente, anche per sessioni di diverse ore. Grazie alle sue <strong>impressionanti possibilit\u00e0 di regolazione<\/strong>, consente di assumere la posizione corretta, in modo che le procedure eseguite siano <strong>ergonomiche<\/strong>. Si riveler\u00e0 utile negli studi di tatuaggi, ma anche in studi estetici e medici specializzati.<\/p>\n<p><img decoding=\"async\" src=\"https:\/\/activeshop.com.pl\/media\/wysiwyg\/product\/146710\/EN_146710_3.jpg\"><\/p>\n<h2><strong>Regolazione completa e comfort di lavoro<\/strong><\/h2>\n<p>Scegliere la sedia giusta per uno studio di tatuaggi \u00e8 fondamentale per un lavoro <strong>ergonomico e confortevole<\/strong>. Grazie alla sua ampia possibilit\u00e0 di regolazione, il modello 973 consente di <strong>alleviare il carico sulla colonna vertebrale<\/strong> durante lunghe ore di sessione. Con l&#8217;ausilio di un <strong>attuatore idraulico<\/strong>, l&#8217;altezza della seduta pu\u00f2 essere regolata in modo fluido tra 47 e 59 cm, consentendo di eseguire comodamente ogni tipo di procedura. Tra le caratteristiche importanti figurano la regolazione dell&#8217;inclinazione dello schienale, la regolazione dell&#8217;inclinazione del sedile e la possibilit\u00e0 di bloccare la posizione selezionata, tutte caratteristiche che migliorano significativamente la stabilit\u00e0 durante il tatuaggio, l&#8217;ergonomia del lavoro e l&#8217;efficienza del servizio.<\/p>\n<p><img decoding=\"async\" src=\"https:\/\/activeshop.com.pl\/media\/wysiwyg\/product\/146710\/EN_146710_4.jpg\"><\/p>\n<h2><strong>Una risposta precisa alle esigenze dei tatuatori<\/strong><\/h2>\n<p>La sedia ruota facilmente, offrendo all&#8217;utente la libert\u00e0 di cambiare posizione. La seduta profilata garantisce un elevato comfort, indipendentemente dalla posizione assunta. Si distingue inoltre per lo schienale diviso in due parti regolabili indipendentemente. Questa soluzione rende estremamente facile assumere la posizione ottimale del corpo. Inoltre, ruotando il sedile all&#8217;indietro, si ottiene un <strong>eccellente supporto per torace e gomiti<\/strong>, utile per i progetti lunghi.<\/p>\n<p> src=&#8221;https:\/\/activeshop.com.pl\/media\/wysiwyg\/product\/146710\/EN_146710_5.jpg&#8221;><\/p>\n<h2><strong>Design moderno e curato<\/strong><\/h2>\n<p>Una base a cinque bracci <strong>garantisce la stabilit\u00e0<\/strong> durante l&#8217;uso. Le ruote efficienti consentono di <strong>spostare la sedia liberamente<\/strong>, il che rende molto pi\u00f9 facile raggiungere gli utensili necessari e assumere la posizione corretta per lavorare. Il sedile e lo schienale profilati sono imbottiti in schiuma resistente e il rivestimento \u00e8 in similpelle nei toni del nero. I materiali utilizzati rendono la sedia <strong>facile da pulire<\/strong>, il che semplifica il mantenimento di elevati standard igienici. Lo sgabello, grazie al suo aspetto non convenzionale, <strong>si adatta perfettamente all&#8217;estetica specifica degli studi di tatuaggi<\/strong>.<\/p>\n<p><strong>Dati:<\/strong><br \/>Colore della seduta: tonalit\u00e0 di nero<br \/>Materiale del rivestimento: pelle sintetica<br \/>Imbottitura della seduta: schiuma<\/p>\n<p>I prodotti Activeshop sono proporzionalmente pi\u00f9 economici di molti altri marchi\/fornitori. Il prezzo \u00e8 proporzionato alla qualit\u00e0. Poltrona Per Tatuaggi Pro Ink 973 \u00e8 quindi una soluzione accessibile per il tuo salone.<\/p>\n<h2>Come viene consegnato Poltrona Per Tatuaggi Pro Ink 973?<\/h2>\n<p>Poltrona Per Tatuaggi Pro Ink 973 viene consegnato nella confezione originale. In Italia la spedizione di Poltrona Per Tatuaggi Pro Ink 973 \u00e8 completamente gratuita per ordini a partire da 100,- euro. Per spedizioni verso altri paesi si applicano tariffe di spedizione separate. Puoi richiedere queste tariffe o trovarle nel carrello. Poltrona Per Tatuaggi Pro Ink 973 viene spedito tramite un corriere esterno.<\/p>\n<p>I pacchi o i pallet vengono consegnati di serie fino alla soglia della porta d&#8217;ingresso, anche se ti trovi in un edificio collettivo, condominio o complesso residenziale con ascensore (a condizione che l&#8217;articolo entri nell&#8217;ascensore). Non c&#8217;\u00e8 un ascensore o l&#8217;articolo non entra nell&#8217;ascensore? Allora consegniamo fino alla soglia del piano terra.<\/p>\n<p>Hai ancora domande sulla consegna o una situazione particolare? Contattaci e saremo lieti di aiutarti!<\/p>\n<p>*Gli articoli non vengono disimballati o montati di serie. In situazioni particolari puoi contattarci per fare accordi in merito.<\/p>\n<h2>Acquisti online sicuri su Salon For All con il marchio di qualit\u00e0 Webwinkelkeur e crittografia SSL<\/h2>\n<p>\u00c8 importante per noi che i nostri clienti possano fare acquisti online in sicurezza. Siamo affiliati al marchio di qualit\u00e0 nazionale Webwinkelkeur dal 2019. La nostra identit\u00e0 \u00e8 stata controllata e verificata da loro e il negozio online \u00e8 stato controllato e approvato legalmente. Inoltre, il nostro negozio online \u00e8 affiliato a loro per la mediazione delle controversie. Puoi vedere il badge con tutte le informazioni di questo marchio di qualit\u00e0 del negozio online sul lato sinistro o destro del negozio online (pulsante rosa con bianco). Inoltre, il nostro sito \u00e8 protetto con un certificato SSL in modo da poter navigare in sicurezza. Nella barra del tuo browser Internet, dove \u00e8 indicato il nostro sito web, vedrai un&#8217;icona a forma di lucchetto. Se clicchi sul lucchetto, otterrai tutte le informazioni sulla nostra sicurezza. In questo modo sai che il tuo ordine di Poltrona Per Tatuaggi Pro Ink 973 e i tuoi dati personali vengono elaborati in modo sicuro.<\/p>\n<h2>Come posso pagare Poltrona Per Tatuaggi Pro Ink 973?<\/h2>\n<p>Vogliamo renderti le cose il pi\u00f9 semplici possibile. Ecco perch\u00e9 su Salon For All puoi pagare con tutti i metodi di pagamento noti e comuni. Pagare in anticipo, alla consegna o in seguito; tutto \u00e8 possibile. Vedi qui tutti i metodi di pagamento che offriamo:<\/p>\n<ul>\n<li>iDEAL<\/li>\n<li>Carta di credito (Visa, Mastercard, American Express)<\/li>\n<li>Klarna &#8211; Pagamento posticipato con fattura<\/li>\n<li>PayPal<\/li>\n<li>Apple Pay<\/li>\n<li>Google Pay<\/li>\n<li>Bancontact<\/li>\n<li>Bonifico bancario SEPA<\/li>\n<li>MyBank (per clienti italiani)<\/li>\n<li>Fattura aziendale per imprese<\/li>\n<li>Pagamento nello showroom &#8211; Sia carta che contanti (Disponibile solo per il ritiro)<\/li>\n<\/ul>\n<h2>Consulta anche le recensioni di Salon For All<\/h2>\n<p>Consulta anche le nostre recensioni per tenere conto delle esperienze dei nostri clienti attuali nella tua decisione di ordinare Poltrona Per Tatuaggi Pro Ink 973 da noi. Attraverso il nostro marchio di qualit\u00e0 indipendente del negozio online Webwinkelkeur, vengono raccolte automaticamente recensioni verificate di clienti che hanno completato un ordine con noi. Puoi trovarle dietro il pulsante rosa sul nostro negozio online o sono elencate sotto i prodotti.<\/p>\n<p>Condividi anche la tua esperienza dopo il tuo acquisto con il tuo Poltrona Per Tatuaggi Pro Ink 973 ordinato e la tua esperienza con il processo di acquisto o il contatto con Salon For All per ispirare gli altri!<\/p>\n<h2>Contatto con Salon For All<\/h2>\n<p>Contattaci allora. Saremo lieti di aiutarti con l&#8217;acquisto di Poltrona Per Tatuaggi Pro Ink 973. Nei giorni feriali siamo raggiungibili al meglio tra le 8.30 e le 17.00 tramite il numero di telefono e l&#8217;indirizzo e-mail nella parte superiore del negozio online o tramite la funzione chat. Le domande al di fuori dell&#8217;orario d&#8217;ufficio vengono generalmente risposte entro 24 ore. \u00c8 anche possibile venirci a trovare al di fuori dei giorni feriali o dell&#8217;orario d&#8217;ufficio. Ma per questo \u00e8 necessario prendere un appuntamento in anticipo.<\/p>\n<h2>Vuoi venire nel nostro showroom?<\/h2>\n<p>Preferisci vedere Poltrona Per Tatuaggi Pro Ink 973 o esplorare la nostra offerta del negozio (online) insieme al nostro collega? Allora vieni nel nostro showroom con oltre 1000m\u00b2 di arredamento per saloni e lasciati ispirare dai nostri dipendenti. Anche se ti piace fare conoscenza in modo piacevole gustando una buona tazza di caff\u00e8 o t\u00e8, sei il benvenuto. Non abbiamo tutti i prodotti disponibili, quindi faccici sapere in anticipo che vuoi venire. Prendi sempre un appuntamento in anticipo.<\/p>\n<h2>14 giorni di riflessione e la nostra politica di reso<\/h2>\n<p>Naturalmente pu\u00f2 succedere che Poltrona Per Tatuaggi Pro Ink 973 consegnato non sia completamente di tuo gradimento e tu voglia restituirlo. Questo non \u00e8 assolutamente un problema con Salon For All. Devi segnalare il tuo reso entro 14 giorni lavorativi tramite <a href=\"mailto:info@salonforall.com\">info@salonforall.it<\/a>. Riceverai quindi prima tutte le istruzioni e condizioni di reso. Si prega di notare che Poltrona Per Tatuaggi Pro Ink 973 non deve essere stato utilizzato, deve contenere tutte le parti fornite e deve essere restituito imballato nella confezione originale. I costi di spedizione per un reso sono sempre a carico dell&#8217;acquirente per gli acquisti tramite www.salonforall.it. Devi organizzare tu stesso un trasporto presso un corriere di tua scelta per un reso. Una volta che Poltrona Per Tatuaggi Pro Ink 973 \u00e8 stato restituito, verr\u00e0 controllato per completezza e danni. Una volta che il reso \u00e8 stato approvato, l&#8217;importo di acquisto verr\u00e0 rimborsato entro 5 giorni lavorativi sul conto bancario da noi conosciuto.<\/p>\n<h2>Chi \u00e8 Salon For All?<\/h2>\n<p>Salon For All \u00e8 IL grossista per ogni arredamento di saloni in Europa. Salon For All \u00e8 iniziato nel 2003 con il nome Salonvoordeel ed \u00e8 nato dalla pratica. I proprietari di Salon For All erano parrucchieri e specialisti della bellezza esperti e hanno insieme oltre 30 anni di esperienza pratica. Nel 2003 abbiamo lanciato Salonvoordeel.nl (Paesi Bassi) e successivamente \u00e8 stato fondato Salon For All per il mercato europeo. Alcuni dei nostri dipendenti hanno avviato una propria attivit\u00e0 e cos\u00ec \u00e8 nata l&#8217;idea di avviare un negozio online funzionale per parrucchieri e aiutarli con l&#8217;arredamento del loro salone.<\/p>\n<p>Il nostro showroom si trova a Dinxperlo, direttamente al confine tra i Paesi Bassi e la Germania. Con la nostra pluriennale esperienza nel settore possiamo farti da specchio e fornirti la giusta consulenza. Parliamo la stessa lingua! Ti consigliamo, ispiriamo, motiviamo e ti aiutiamo nell&#8217;acquisto di Poltrona Per Tatuaggi Pro Ink 973. I nostri fornitori si trovano in tutta Europa, dalla Germania, Inghilterra, Italia fino alla Polonia.<\/p>","protected":false},"excerpt":{"rendered":"<p>Il prodotto Poltrona Per Tatuaggi Pro Ink 973 \u00e8 una soluzione conveniente per qualsiasi salone o studio professionale. Il tempo di consegna previsto \u00e8 di circa 6 giorni lavorativi.<\/p>","protected":false},"featured_media":14311,"comment_status":"open","ping_status":"open","template":"","meta":[],"product_brand":[194],"product_cat":[883,1569],"product_tag":[885,196],"class_list":{"0":"post-14310","1":"product","2":"type-product","3":"status-publish","4":"has-post-thumbnail","6":"product_brand-pro-ink","7":"product_cat-attrezzature-per-studi-di-tatuaggi","8":"product_cat-sedie-per-tatuaggi-attrezzature-per-studi-di-tatuaggi","9":"product_tag-attrezzature-per-studi-di-tatuaggi","10":"product_tag-sedie-per-tatuaggi","11":"pa_codice-ean-4800","12":"pa_garanzia-12-mesi","13":"pa_marca-pro-ink","14":"pa_numero-dellarticolo-4799","15":"pa_tempo-di-consegna-stimato-3-4-giorni-lavorativi","17":"first","18":"outofstock","19":"sale","20":"taxable","21":"shipping-taxable","22":"purchasable","23":"product-type-simple"},"yoast_head":"<!-- This site is optimized with the Yoast SEO plugin v27.5 - https:\/\/yoast.com\/product\/yoast-seo-wordpress\/ -->\n<title>Poltrona Per Tatuaggi Pro Ink 973 acquistare<\/title>\n<meta name=\"description\" content=\"Acquista Poltrona Per Tatuaggi Pro Ink 973 online o nello showroom da Salon For All Italia. Il grossista per saloni, studi e spa in Italia e Svizzera.\" \/>\n<meta name=\"robots\" content=\"index, follow, max-snippet:-1, max-image-preview:large, max-video-preview:-1\" \/>\n<link rel=\"canonical\" href=\"https:\/\/salonforall.it\/en\/poltrona-per-tatuaggi-pro-ink-973\/\" \/>\n<meta property=\"og:locale\" content=\"en_GB\" \/>\n<meta property=\"og:type\" content=\"article\" \/>\n<meta property=\"og:title\" content=\"Poltrona Per Tatuaggi Pro Ink 973\" \/>\n<meta property=\"og:description\" content=\"Acquista Poltrona Per Tatuaggi Pro Ink 973 online o nello showroom da Salon For All Italia. Il grossista per saloni, studi e spa in Italia e Svizzera.\" \/>\n<meta property=\"og:url\" content=\"https:\/\/salonforall.it\/en\/poltrona-per-tatuaggi-pro-ink-973\/\" \/>\n<meta property=\"og:site_name\" content=\"Salon For All Italia\" \/>\n<meta property=\"article:modified_time\" content=\"2026-05-14T02:13:34+00:00\" \/>\n<meta property=\"og:image\" content=\"https:\/\/salonforall.it\/wp-content\/uploads\/2025\/12\/Poltrona-Per-Tatuaggi-Pro-Ink-973-1.jpg\" \/>\n\t<meta property=\"og:image:width\" content=\"1200\" \/>\n\t<meta property=\"og:image:height\" content=\"1200\" \/>\n\t<meta property=\"og:image:type\" content=\"image\/jpeg\" \/>\n<meta name=\"twitter:card\" content=\"summary_large_image\" \/>\n<meta name=\"twitter:title\" content=\"Poltrona Per Tatuaggi Pro Ink 973\" \/>\n<meta name=\"twitter:label1\" content=\"Estimated reading time\" \/>\n\t<meta name=\"twitter:data1\" content=\"7 minutes\" \/>\n<script type=\"application\/ld+json\" class=\"yoast-schema-graph\">{\"@context\":\"https:\\\/\\\/schema.org\",\"@graph\":[{\"@type\":\"WebPage\",\"@id\":\"https:\\\/\\\/salonforall.it\\\/poltrona-per-tatuaggi-pro-ink-973\\\/\",\"url\":\"https:\\\/\\\/salonforall.it\\\/poltrona-per-tatuaggi-pro-ink-973\\\/\",\"name\":\"Poltrona Per Tatuaggi Pro Ink 973 acquistare\",\"isPartOf\":{\"@id\":\"https:\\\/\\\/salonforall.it\\\/#website\"},\"primaryImageOfPage\":{\"@id\":\"https:\\\/\\\/salonforall.it\\\/poltrona-per-tatuaggi-pro-ink-973\\\/#primaryimage\"},\"image\":{\"@id\":\"https:\\\/\\\/salonforall.it\\\/poltrona-per-tatuaggi-pro-ink-973\\\/#primaryimage\"},\"thumbnailUrl\":\"https:\\\/\\\/salonforall.it\\\/wp-content\\\/uploads\\\/2025\\\/12\\\/Poltrona-Per-Tatuaggi-Pro-Ink-973-1.jpg\",\"datePublished\":\"2025-12-03T11:35:10+00:00\",\"dateModified\":\"2026-05-14T02:13:34+00:00\",\"description\":\"Acquista Poltrona Per Tatuaggi Pro Ink 973 online o nello showroom da Salon For All Italia. Il grossista per saloni, studi e spa in Italia e Svizzera.\",\"breadcrumb\":{\"@id\":\"https:\\\/\\\/salonforall.it\\\/poltrona-per-tatuaggi-pro-ink-973\\\/#breadcrumb\"},\"inLanguage\":\"en-GB\",\"potentialAction\":[{\"@type\":\"ReadAction\",\"target\":[\"https:\\\/\\\/salonforall.it\\\/poltrona-per-tatuaggi-pro-ink-973\\\/\"]}]},{\"@type\":\"ImageObject\",\"inLanguage\":\"en-GB\",\"@id\":\"https:\\\/\\\/salonforall.it\\\/poltrona-per-tatuaggi-pro-ink-973\\\/#primaryimage\",\"url\":\"https:\\\/\\\/salonforall.it\\\/wp-content\\\/uploads\\\/2025\\\/12\\\/Poltrona-Per-Tatuaggi-Pro-Ink-973-1.jpg\",\"contentUrl\":\"https:\\\/\\\/salonforall.it\\\/wp-content\\\/uploads\\\/2025\\\/12\\\/Poltrona-Per-Tatuaggi-Pro-Ink-973-1.jpg\",\"width\":1200,\"height\":1200,\"caption\":\"Poltrona Per Tatuaggi Pro Ink 973\"},{\"@type\":\"BreadcrumbList\",\"@id\":\"https:\\\/\\\/salonforall.it\\\/poltrona-per-tatuaggi-pro-ink-973\\\/#breadcrumb\",\"itemListElement\":[{\"@type\":\"ListItem\",\"position\":1,\"name\":\"Home\",\"item\":\"https:\\\/\\\/salonforall.it\\\/\"},{\"@type\":\"ListItem\",\"position\":2,\"name\":\"Winkel\",\"item\":\"https:\\\/\\\/salonforall.it\\\/winkel\\\/\"},{\"@type\":\"ListItem\",\"position\":3,\"name\":\"Poltrona Per Tatuaggi Pro Ink 973\"}]},{\"@type\":\"WebSite\",\"@id\":\"https:\\\/\\\/salonforall.it\\\/#website\",\"url\":\"https:\\\/\\\/salonforall.it\\\/\",\"name\":\"Salon For All Italia\",\"description\":\"Grossista di mobili e forniture per studi medici e saloni\",\"publisher\":{\"@id\":\"https:\\\/\\\/salonforall.it\\\/#organization\"},\"potentialAction\":[{\"@type\":\"SearchAction\",\"target\":{\"@type\":\"EntryPoint\",\"urlTemplate\":\"https:\\\/\\\/salonforall.it\\\/?s={search_term_string}\"},\"query-input\":{\"@type\":\"PropertyValueSpecification\",\"valueRequired\":true,\"valueName\":\"search_term_string\"}}],\"inLanguage\":\"en-GB\"},{\"@type\":\"Organization\",\"@id\":\"https:\\\/\\\/salonforall.it\\\/#organization\",\"name\":\"Salon For All Italia\",\"url\":\"https:\\\/\\\/salonforall.it\\\/\",\"logo\":{\"@type\":\"ImageObject\",\"inLanguage\":\"en-GB\",\"@id\":\"https:\\\/\\\/salonforall.it\\\/#\\\/schema\\\/logo\\\/image\\\/\",\"url\":\"https:\\\/\\\/salonforall.it\\\/wp-content\\\/uploads\\\/2025\\\/11\\\/logo-salon-for-all-e1764543264615.png\",\"contentUrl\":\"https:\\\/\\\/salonforall.it\\\/wp-content\\\/uploads\\\/2025\\\/11\\\/logo-salon-for-all-e1764543264615.png\",\"width\":500,\"height\":150,\"caption\":\"Salon For All Italia\"},\"image\":{\"@id\":\"https:\\\/\\\/salonforall.it\\\/#\\\/schema\\\/logo\\\/image\\\/\"}}]}<\/script>\n<!-- \/ Yoast SEO plugin. -->","yoast_head_json":{"title":"Poltrona Per Tatuaggi Pro Ink 973 acquistare","description":"Acquista Poltrona Per Tatuaggi Pro Ink 973 online o nello showroom da Salon For All Italia. Il grossista per saloni, studi e spa in Italia e Svizzera.","robots":{"index":"index","follow":"follow","max-snippet":"max-snippet:-1","max-image-preview":"max-image-preview:large","max-video-preview":"max-video-preview:-1"},"canonical":"https:\/\/salonforall.it\/en\/poltrona-per-tatuaggi-pro-ink-973\/","og_locale":"en_GB","og_type":"article","og_title":"Poltrona Per Tatuaggi Pro Ink 973","og_description":"Acquista Poltrona Per Tatuaggi Pro Ink 973 online o nello showroom da Salon For All Italia. Il grossista per saloni, studi e spa in Italia e Svizzera.","og_url":"https:\/\/salonforall.it\/en\/poltrona-per-tatuaggi-pro-ink-973\/","og_site_name":"Salon For All Italia","article_modified_time":"2026-05-14T02:13:34+00:00","og_image":[{"width":1200,"height":1200,"url":"https:\/\/salonforall.it\/wp-content\/uploads\/2025\/12\/Poltrona-Per-Tatuaggi-Pro-Ink-973-1.jpg","type":"image\/jpeg"}],"twitter_card":"summary_large_image","twitter_title":"Poltrona Per Tatuaggi Pro Ink 973","twitter_misc":{"Estimated reading time":"7 minutes"},"schema":{"@context":"https:\/\/schema.org","@graph":[{"@type":"WebPage","@id":"https:\/\/salonforall.it\/poltrona-per-tatuaggi-pro-ink-973\/","url":"https:\/\/salonforall.it\/poltrona-per-tatuaggi-pro-ink-973\/","name":"Poltrona Per Tatuaggi Pro Ink 973 acquistare","isPartOf":{"@id":"https:\/\/salonforall.it\/#website"},"primaryImageOfPage":{"@id":"https:\/\/salonforall.it\/poltrona-per-tatuaggi-pro-ink-973\/#primaryimage"},"image":{"@id":"https:\/\/salonforall.it\/poltrona-per-tatuaggi-pro-ink-973\/#primaryimage"},"thumbnailUrl":"https:\/\/salonforall.it\/wp-content\/uploads\/2025\/12\/Poltrona-Per-Tatuaggi-Pro-Ink-973-1.jpg","datePublished":"2025-12-03T11:35:10+00:00","dateModified":"2026-05-14T02:13:34+00:00","description":"Acquista Poltrona Per Tatuaggi Pro Ink 973 online o nello showroom da Salon For All Italia. Il grossista per saloni, studi e spa in Italia e Svizzera.","breadcrumb":{"@id":"https:\/\/salonforall.it\/poltrona-per-tatuaggi-pro-ink-973\/#breadcrumb"},"inLanguage":"en-GB","potentialAction":[{"@type":"ReadAction","target":["https:\/\/salonforall.it\/poltrona-per-tatuaggi-pro-ink-973\/"]}]},{"@type":"ImageObject","inLanguage":"en-GB","@id":"https:\/\/salonforall.it\/poltrona-per-tatuaggi-pro-ink-973\/#primaryimage","url":"https:\/\/salonforall.it\/wp-content\/uploads\/2025\/12\/Poltrona-Per-Tatuaggi-Pro-Ink-973-1.jpg","contentUrl":"https:\/\/salonforall.it\/wp-content\/uploads\/2025\/12\/Poltrona-Per-Tatuaggi-Pro-Ink-973-1.jpg","width":1200,"height":1200,"caption":"Poltrona Per Tatuaggi Pro Ink 973"},{"@type":"BreadcrumbList","@id":"https:\/\/salonforall.it\/poltrona-per-tatuaggi-pro-ink-973\/#breadcrumb","itemListElement":[{"@type":"ListItem","position":1,"name":"Home","item":"https:\/\/salonforall.it\/"},{"@type":"ListItem","position":2,"name":"Winkel","item":"https:\/\/salonforall.it\/winkel\/"},{"@type":"ListItem","position":3,"name":"Poltrona Per Tatuaggi Pro Ink 973"}]},{"@type":"WebSite","@id":"https:\/\/salonforall.it\/#website","url":"https:\/\/salonforall.it\/","name":"Salon For All Italia","description":"Grossista di mobili e forniture per studi medici e saloni","publisher":{"@id":"https:\/\/salonforall.it\/#organization"},"potentialAction":[{"@type":"SearchAction","target":{"@type":"EntryPoint","urlTemplate":"https:\/\/salonforall.it\/?s={search_term_string}"},"query-input":{"@type":"PropertyValueSpecification","valueRequired":true,"valueName":"search_term_string"}}],"inLanguage":"en-GB"},{"@type":"Organization","@id":"https:\/\/salonforall.it\/#organization","name":"Salon For All Italia","url":"https:\/\/salonforall.it\/","logo":{"@type":"ImageObject","inLanguage":"en-GB","@id":"https:\/\/salonforall.it\/#\/schema\/logo\/image\/","url":"https:\/\/salonforall.it\/wp-content\/uploads\/2025\/11\/logo-salon-for-all-e1764543264615.png","contentUrl":"https:\/\/salonforall.it\/wp-content\/uploads\/2025\/11\/logo-salon-for-all-e1764543264615.png","width":500,"height":150,"caption":"Salon For All Italia"},"image":{"@id":"https:\/\/salonforall.it\/#\/schema\/logo\/image\/"}}]}},"_links":{"self":[{"href":"https:\/\/salonforall.it\/en\/wp-json\/wp\/v2\/product\/14310","targetHints":{"allow":["GET"]}}],"collection":[{"href":"https:\/\/salonforall.it\/en\/wp-json\/wp\/v2\/product"}],"about":[{"href":"https:\/\/salonforall.it\/en\/wp-json\/wp\/v2\/types\/product"}],"replies":[{"embeddable":true,"href":"https:\/\/salonforall.it\/en\/wp-json\/wp\/v2\/comments?post=14310"}],"wp:featuredmedia":[{"embeddable":true,"href":"https:\/\/salonforall.it\/en\/wp-json\/wp\/v2\/media\/14311"}],"wp:attachment":[{"href":"https:\/\/salonforall.it\/en\/wp-json\/wp\/v2\/media?parent=14310"}],"wp:term":[{"taxonomy":"product_brand","embeddable":true,"href":"https:\/\/salonforall.it\/en\/wp-json\/wp\/v2\/product_brand?post=14310"},{"taxonomy":"product_cat","embeddable":true,"href":"https:\/\/salonforall.it\/en\/wp-json\/wp\/v2\/product_cat?post=14310"},{"taxonomy":"product_tag","embeddable":true,"href":"https:\/\/salonforall.it\/en\/wp-json\/wp\/v2\/product_tag?post=14310"}],"curies":[{"name":"wp","href":"https:\/\/api.w.org\/{rel}","templated":true}]}}