{"id":14749,"date":"2025-12-03T11:52:32","date_gmt":"2025-12-03T11:52:32","guid":{"rendered":"https:\/\/salonforall.it\/smalto-ibrido-ocho-nails-fluo-f09-5-g\/"},"modified":"2026-05-14T02:14:01","modified_gmt":"2026-05-14T02:14:01","slug":"smalto-ibrido-ocho-nails-fluo-f09-5-g","status":"publish","type":"product","link":"https:\/\/salonforall.it\/en\/smalto-ibrido-ocho-nails-fluo-f09-5-g\/","title":{"rendered":"Smalto Ibrido Ocho Nails Fluo F09 -5 G"},"content":{"rendered":"<h2>Informazioni su Smalto Ibrido Ocho Nails Fluo F09 -5 G con codice articolo 147479<\/h2>\n<p><strong>OCHO NAILS<\/strong> \u00e8 un marchio unico specializzato in prodotti professionali per onicotecnici. Il suo assortimento comprende smalti ibridi, gel per unghie, lampade specifiche e accessori per la cura delle unghie. <strong>I prodotti OCHO NAILS<\/strong> soddisferanno le esigenze sia delle utenti esperte che di coloro che si avvicinano per la prima volta alla manicure.<\/p>\n<p><img decoding=\"async\" src=\"https:\/\/activeshop.com.pl\/media\/wysiwyg\/product\/ocho_colors\/banner_ocho_nails_colors-1.jpg\"><\/p>\n<h2><strong>Smalti ibridi: un modo estetico e duraturo per decorare le unghie<\/strong><\/h2>\n<p><strong>La manicure ibrida<\/strong> \u00e8 attualmente uno dei metodi di styling delle unghie pi\u00f9 popolari, che offre <strong>una notevole resistenza del colore e resistenza alle scheggiature<\/strong>. Tra i vantaggi degli smalti ibridi, vale la pena menzionare l&#8217;<strong>ampia gamma di colori disponibili<\/strong>, la facilit\u00e0 di realizzare decorazioni fantasiose o di rinforzare la lamina ungueale. Gli smalti ibridi OCHO NAILS sono caratterizzati da <strong>densit\u00e0 appropriata, pigmentazione intensa e facilit\u00e0 di applicazione<\/strong>. Con loro otterrai una manicure meravigliosa, con una brillantezza intensa e una durata fino a tre settimane.<\/p>\n<p><img decoding=\"async\" src=\"https:\/\/activeshop.com.pl\/media\/wysiwyg\/product\/ocho_colors\/features-ocho-nails-color.jpg\"><\/p>\n<h2><strong>Smalti neon audaci<\/strong><\/h2>\n<p>Colori audaci e vivaci attirano l&#8217;attenzione, <strong>mettono in risalto l&#8217;abbronzatura<\/strong> e tornano di moda ogni estate! La collezione <strong>OCHO NAILS FLUO<\/strong> \u00e8 <strong>una palette di tonalit\u00e0 eleganti<\/strong>, la scelta perfetta soprattutto per le vacanze. <strong>I colori neon sono fantastici<\/strong> durante la calda stagione delle vacanze, ma le loro <strong>tonalit\u00e0 uniche<\/strong> ti permetteranno di realizzare una manicure fantastica anche per le occasioni pi\u00f9 importanti. Combinati correttamente, i <strong>colori espressivi<\/strong> possono anche creare <strong>stilizzazioni femminili<\/strong> pi\u00f9 delicate, rendendo i neon adatti anche all&#8217;uso quotidiano.<\/p>\n<div class=\"video-container\"> <iframe height=\"315\" src=\"https:\/\/www.youtube.com\/embed\/XHmkiB_Y_9g\" frameborder=\"0\" width=\"560\" allowfullscreen allow=\"accelerometer; autoplay; encrypted-media; gyroscope; picture-in-picture\"> <\/iframe> <\/div>\n<p><img decoding=\"async\" src=\"https:\/\/activeshop.com.pl\/media\/wysiwyg\/product\/ocho_colors\/palettes-ocho-nails-fluo.jpg\"><\/p>\n<h2><strong>Come eseguire correttamente una manicure ibrida?<\/strong><\/h2>\n<p>1. Prima di iniziare la procedura, disinfetta accuratamente le tue mani e quelle della cliente con un liquido antisettico e prepara la postazione di lavoro di conseguenza.<br \/>2. Utilizza una lima della gradazione appropriata per dare alle unghie la forma desiderata, opacizza delicatamente la lamina ungueale con un blocco lucidante e, se necessario, prepara le cuticole.<br \/>3. Risciacqua la lamina ungueale con un dischetto di cotone imbevuto di detergente. Puoi anche utilizzare un primer.<br \/>4. Applica uno strato sottile di base ibrida e polimerizza per 30 secondi in lampada LED o 2 minuti in lampada UV.<br \/>5. Stendi lo smalto ibrido del colore selezionato sulla base indurita e polimerizza per 30 secondi in lampada LED o 2 minuti in lampada UV. Puoi ripetere il processo per un colore pi\u00f9 intenso.<br \/>6. Quindi applica uno strato sottile di top coat e polimerizza per 30 secondi in lampada LED o 2 minuti in lampada UV. A seconda del tipo di top coat, potrebbe essere necessario lavare con un detergente.<br \/>7. Per una migliore cura, consigliamo di applicare un olio nutriente sulle cuticole intorno alle unghie.<\/p>\n<p><img decoding=\"async\" src=\"https:\/\/activeshop.com.pl\/media\/wysiwyg\/product\/ocho_colors\/bottles-ocho-nails-fluo-1.jpg\"><\/p>\n<p><img decoding=\"async\" src=\"https:\/\/activeshop.com.pl\/media\/wysiwyg\/product\/ocho_colors\/bottles-ocho-nails-fluo-3.jpg\"><\/p>\n<p>I prodotti Activeshop sono proporzionalmente pi\u00f9 economici di molti altri marchi\/fornitori. Il prezzo \u00e8 proporzionato alla qualit\u00e0. Smalto Ibrido Ocho Nails Fluo F09 -5 G \u00e8 quindi una soluzione accessibile per il tuo salone.<\/p>\n<h2>Come viene consegnato Smalto Ibrido Ocho Nails Fluo F09 -5 G?<\/h2>\n<p>Smalto Ibrido Ocho Nails Fluo F09 -5 G viene consegnato nella confezione originale. In Italia la spedizione di Smalto Ibrido Ocho Nails Fluo F09 -5 G \u00e8 completamente gratuita per ordini a partire da 100,- euro. Per spedizioni verso altri paesi si applicano tariffe di spedizione separate. Puoi richiedere queste tariffe o trovarle nel carrello. Smalto Ibrido Ocho Nails Fluo F09 -5 G viene spedito tramite un corriere esterno.<\/p>\n<p>I pacchi o i pallet vengono consegnati di serie fino alla soglia della porta d&#8217;ingresso, anche se ti trovi in un edificio collettivo, condominio o complesso residenziale con ascensore (a condizione che l&#8217;articolo entri nell&#8217;ascensore). Non c&#8217;\u00e8 un ascensore o l&#8217;articolo non entra nell&#8217;ascensore? Allora consegniamo fino alla soglia del piano terra.<\/p>\n<p>Hai ancora domande sulla consegna o una situazione particolare? Contattaci e saremo lieti di aiutarti!<\/p>\n<p>*Gli articoli non vengono disimballati o montati di serie. In situazioni particolari puoi contattarci per fare accordi in merito.<\/p>\n<h2>Acquisti online sicuri su Salon For All con il marchio di qualit\u00e0 Webwinkelkeur e crittografia SSL<\/h2>\n<p>\u00c8 importante per noi che i nostri clienti possano fare acquisti online in sicurezza. Siamo affiliati al marchio di qualit\u00e0 nazionale Webwinkelkeur dal 2019. La nostra identit\u00e0 \u00e8 stata controllata e verificata da loro e il negozio online \u00e8 stato controllato e approvato legalmente. Inoltre, il nostro negozio online \u00e8 affiliato a loro per la mediazione delle controversie. Puoi vedere il badge con tutte le informazioni di questo marchio di qualit\u00e0 del negozio online sul lato sinistro o destro del negozio online (pulsante rosa con bianco). Inoltre, il nostro sito \u00e8 protetto con un certificato SSL in modo da poter navigare in sicurezza. Nella barra del tuo browser Internet, dove \u00e8 indicato il nostro sito web, vedrai un&#8217;icona a forma di lucchetto. Se clicchi sul lucchetto, otterrai tutte le informazioni sulla nostra sicurezza. In questo modo sai che il tuo ordine di Smalto Ibrido Ocho Nails Fluo F09 -5 G e i tuoi dati personali vengono elaborati in modo sicuro.<\/p>\n<h2>Come posso pagare Smalto Ibrido Ocho Nails Fluo F09 -5 G?<\/h2>\n<p>Vogliamo renderti le cose il pi\u00f9 semplici possibile. Ecco perch\u00e9 su Salon For All puoi pagare con tutti i metodi di pagamento noti e comuni. Pagare in anticipo, alla consegna o in seguito; tutto \u00e8 possibile. Vedi qui tutti i metodi di pagamento che offriamo:<\/p>\n<ul>\n<li>iDEAL<\/li>\n<li>Carta di credito (Visa, Mastercard, American Express)<\/li>\n<li>Klarna &#8211; Pagamento posticipato con fattura<\/li>\n<li>PayPal<\/li>\n<li>Apple Pay<\/li>\n<li>Google Pay<\/li>\n<li>Bancontact<\/li>\n<li>Bonifico bancario SEPA<\/li>\n<li>MyBank (per clienti italiani)<\/li>\n<li>Fattura aziendale per imprese<\/li>\n<li>Pagamento nello showroom &#8211; Sia carta che contanti (Disponibile solo per il ritiro)<\/li>\n<\/ul>\n<h2>Consulta anche le recensioni di Salon For All<\/h2>\n<p>Consulta anche le nostre recensioni per tenere conto delle esperienze dei nostri clienti attuali nella tua decisione di ordinare Smalto Ibrido Ocho Nails Fluo F09 -5 G da noi. Attraverso il nostro marchio di qualit\u00e0 indipendente del negozio online Webwinkelkeur, vengono raccolte automaticamente recensioni verificate di clienti che hanno completato un ordine con noi. Puoi trovarle dietro il pulsante rosa sul nostro negozio online o sono elencate sotto i prodotti.<\/p>\n<p>Condividi anche la tua esperienza dopo il tuo acquisto con il tuo Smalto Ibrido Ocho Nails Fluo F09 -5 G ordinato e la tua esperienza con il processo di acquisto o il contatto con Salon For All per ispirare gli altri!<\/p>\n<h2>Contatto con Salon For All<\/h2>\n<p>Contattaci allora. Saremo lieti di aiutarti con l&#8217;acquisto di Smalto Ibrido Ocho Nails Fluo F09 -5 G. Nei giorni feriali siamo raggiungibili al meglio tra le 8.30 e le 17.00 tramite il numero di telefono e l&#8217;indirizzo e-mail nella parte superiore del negozio online o tramite la funzione chat. Le domande al di fuori dell&#8217;orario d&#8217;ufficio vengono generalmente risposte entro 24 ore. \u00c8 anche possibile venirci a trovare al di fuori dei giorni feriali o dell&#8217;orario d&#8217;ufficio. Ma per questo \u00e8 necessario prendere un appuntamento in anticipo.<\/p>\n<h2>Vuoi venire nel nostro showroom?<\/h2>\n<p>Preferisci vedere Smalto Ibrido Ocho Nails Fluo F09 -5 G o esplorare la nostra offerta del negozio (online) insieme al nostro collega? Allora vieni nel nostro showroom con oltre 1000m\u00b2 di arredamento per saloni e lasciati ispirare dai nostri dipendenti. Anche se ti piace fare conoscenza in modo piacevole gustando una buona tazza di caff\u00e8 o t\u00e8, sei il benvenuto. Non abbiamo tutti i prodotti disponibili, quindi faccici sapere in anticipo che vuoi venire. Prendi sempre un appuntamento in anticipo.<\/p>\n<h2>14 giorni di riflessione e la nostra politica di reso<\/h2>\n<p>Naturalmente pu\u00f2 succedere che Smalto Ibrido Ocho Nails Fluo F09 -5 G consegnato non sia completamente di tuo gradimento e tu voglia restituirlo. Questo non \u00e8 assolutamente un problema con Salon For All. Devi segnalare il tuo reso entro 14 giorni lavorativi tramite <a href=\"mailto:info@salonforall.com\">info@salonforall.it<\/a>. Riceverai quindi prima tutte le istruzioni e condizioni di reso. Si prega di notare che Smalto Ibrido Ocho Nails Fluo F09 -5 G non deve essere stato utilizzato, deve contenere tutte le parti fornite e deve essere restituito imballato nella confezione originale. I costi di spedizione per un reso sono sempre a carico dell&#8217;acquirente per gli acquisti tramite www.salonforall.it. Devi organizzare tu stesso un trasporto presso un corriere di tua scelta per un reso. Una volta che Smalto Ibrido Ocho Nails Fluo F09 -5 G \u00e8 stato restituito, verr\u00e0 controllato per completezza e danni. Una volta che il reso \u00e8 stato approvato, l&#8217;importo di acquisto verr\u00e0 rimborsato entro 5 giorni lavorativi sul conto bancario da noi conosciuto.<\/p>\n<h2>Chi \u00e8 Salon For All?<\/h2>\n<p>Salon For All \u00e8 IL grossista per ogni arredamento di saloni in Europa. Salon For All \u00e8 iniziato nel 2003 con il nome Salonvoordeel ed \u00e8 nato dalla pratica. I proprietari di Salon For All erano parrucchieri e specialisti della bellezza esperti e hanno insieme oltre 30 anni di esperienza pratica. Nel 2003 abbiamo lanciato Salonvoordeel.nl (Paesi Bassi) e successivamente \u00e8 stato fondato Salon For All per il mercato europeo. Alcuni dei nostri dipendenti hanno avviato una propria attivit\u00e0 e cos\u00ec \u00e8 nata l&#8217;idea di avviare un negozio online funzionale per parrucchieri e aiutarli con l&#8217;arredamento del loro salone.<\/p>\n<p>Il nostro showroom si trova a Dinxperlo, direttamente al confine tra i Paesi Bassi e la Germania. Con la nostra pluriennale esperienza nel settore possiamo farti da specchio e fornirti la giusta consulenza. Parliamo la stessa lingua! Ti consigliamo, ispiriamo, motiviamo e ti aiutiamo nell&#8217;acquisto di Smalto Ibrido Ocho Nails Fluo F09 -5 G. I nostri fornitori si trovano in tutta Europa, dalla Germania, Inghilterra, Italia fino alla Polonia.<\/p>","protected":false},"excerpt":{"rendered":"<p>Il prodotto Smalto Ibrido Ocho Nails Fluo F09 -5 G \u00e8 una soluzione conveniente per qualsiasi salone o studio professionale. Il tempo di consegna previsto \u00e8 di circa 6 giorni lavorativi.<\/p>","protected":false},"featured_media":14750,"comment_status":"open","ping_status":"open","template":"","meta":[],"product_brand":[1414],"product_cat":[4833,4834],"product_tag":[4835,3694],"class_list":{"0":"post-14749","1":"product","2":"type-product","3":"status-publish","4":"has-post-thumbnail","6":"product_brand-ocho-nails","7":"product_cat-manicure-ibrida-ocho-nails","8":"product_cat-smalti-ibridi-manicure-ibrida-ocho-nails","9":"product_tag-manicure-ibrida-ocho-nails","10":"product_tag-smalti-ibridi","11":"pa_codice-ean-4983","12":"pa_garanzia-12-mesi","13":"pa_marca-ocho-nails","14":"pa_numero-dellarticolo-4982","15":"pa_tempo-di-consegna-stimato-3-4-giorni-lavorativi","17":"first","18":"instock","19":"sale","20":"taxable","21":"shipping-taxable","22":"purchasable","23":"product-type-simple"},"yoast_head":"<!-- This site is optimized with the Yoast SEO plugin v27.5 - https:\/\/yoast.com\/product\/yoast-seo-wordpress\/ -->\n<title>Smalto Ibrido Ocho Nails Fluo F09 -5 G acquistare<\/title>\n<meta name=\"description\" content=\"Acquista Smalto Ibrido Ocho Nails Fluo F09 -5 G online o nello showroom da Salon For All Italia. Il grossista per saloni, studi e spa in Italia e Svizzera.\" \/>\n<meta name=\"robots\" content=\"index, follow, max-snippet:-1, max-image-preview:large, max-video-preview:-1\" \/>\n<link rel=\"canonical\" href=\"https:\/\/salonforall.it\/en\/smalto-ibrido-ocho-nails-fluo-f09-5-g\/\" \/>\n<meta property=\"og:locale\" content=\"en_GB\" \/>\n<meta property=\"og:type\" content=\"article\" \/>\n<meta property=\"og:title\" content=\"Smalto Ibrido Ocho Nails Fluo F09 -5 G\" \/>\n<meta property=\"og:description\" content=\"Acquista Smalto Ibrido Ocho Nails Fluo F09 -5 G online o nello showroom da Salon For All Italia. Il grossista per saloni, studi e spa in Italia e Svizzera.\" \/>\n<meta property=\"og:url\" content=\"https:\/\/salonforall.it\/en\/smalto-ibrido-ocho-nails-fluo-f09-5-g\/\" \/>\n<meta property=\"og:site_name\" content=\"Salon For All Italia\" \/>\n<meta property=\"article:modified_time\" content=\"2026-05-14T02:14:01+00:00\" \/>\n<meta property=\"og:image\" content=\"https:\/\/salonforall.it\/wp-content\/uploads\/2025\/12\/Smalto-Ibrido-Ocho-Nails-Fluo-F09-5-G-1.jpg\" \/>\n\t<meta property=\"og:image:width\" content=\"1200\" \/>\n\t<meta property=\"og:image:height\" content=\"1200\" \/>\n\t<meta property=\"og:image:type\" content=\"image\/jpeg\" \/>\n<meta name=\"twitter:card\" content=\"summary_large_image\" \/>\n<meta name=\"twitter:title\" content=\"Smalto Ibrido Ocho Nails Fluo F09 -5 G\" \/>\n<meta name=\"twitter:label1\" content=\"Estimated reading time\" \/>\n\t<meta name=\"twitter:data1\" content=\"8 minutes\" \/>\n<script type=\"application\/ld+json\" class=\"yoast-schema-graph\">{\"@context\":\"https:\\\/\\\/schema.org\",\"@graph\":[{\"@type\":\"WebPage\",\"@id\":\"https:\\\/\\\/salonforall.it\\\/smalto-ibrido-ocho-nails-fluo-f09-5-g\\\/\",\"url\":\"https:\\\/\\\/salonforall.it\\\/smalto-ibrido-ocho-nails-fluo-f09-5-g\\\/\",\"name\":\"Smalto Ibrido Ocho Nails Fluo F09 -5 G acquistare\",\"isPartOf\":{\"@id\":\"https:\\\/\\\/salonforall.it\\\/#website\"},\"primaryImageOfPage\":{\"@id\":\"https:\\\/\\\/salonforall.it\\\/smalto-ibrido-ocho-nails-fluo-f09-5-g\\\/#primaryimage\"},\"image\":{\"@id\":\"https:\\\/\\\/salonforall.it\\\/smalto-ibrido-ocho-nails-fluo-f09-5-g\\\/#primaryimage\"},\"thumbnailUrl\":\"https:\\\/\\\/salonforall.it\\\/wp-content\\\/uploads\\\/2025\\\/12\\\/Smalto-Ibrido-Ocho-Nails-Fluo-F09-5-G-1.jpg\",\"datePublished\":\"2025-12-03T11:52:32+00:00\",\"dateModified\":\"2026-05-14T02:14:01+00:00\",\"description\":\"Acquista Smalto Ibrido Ocho Nails Fluo F09 -5 G online o nello showroom da Salon For All Italia. Il grossista per saloni, studi e spa in Italia e Svizzera.\",\"breadcrumb\":{\"@id\":\"https:\\\/\\\/salonforall.it\\\/smalto-ibrido-ocho-nails-fluo-f09-5-g\\\/#breadcrumb\"},\"inLanguage\":\"en-GB\",\"potentialAction\":[{\"@type\":\"ReadAction\",\"target\":[\"https:\\\/\\\/salonforall.it\\\/smalto-ibrido-ocho-nails-fluo-f09-5-g\\\/\"]}]},{\"@type\":\"ImageObject\",\"inLanguage\":\"en-GB\",\"@id\":\"https:\\\/\\\/salonforall.it\\\/smalto-ibrido-ocho-nails-fluo-f09-5-g\\\/#primaryimage\",\"url\":\"https:\\\/\\\/salonforall.it\\\/wp-content\\\/uploads\\\/2025\\\/12\\\/Smalto-Ibrido-Ocho-Nails-Fluo-F09-5-G-1.jpg\",\"contentUrl\":\"https:\\\/\\\/salonforall.it\\\/wp-content\\\/uploads\\\/2025\\\/12\\\/Smalto-Ibrido-Ocho-Nails-Fluo-F09-5-G-1.jpg\",\"width\":1200,\"height\":1200,\"caption\":\"Smalto Ibrido Ocho Nails Fluo F09 -5 G\"},{\"@type\":\"BreadcrumbList\",\"@id\":\"https:\\\/\\\/salonforall.it\\\/smalto-ibrido-ocho-nails-fluo-f09-5-g\\\/#breadcrumb\",\"itemListElement\":[{\"@type\":\"ListItem\",\"position\":1,\"name\":\"Home\",\"item\":\"https:\\\/\\\/salonforall.it\\\/\"},{\"@type\":\"ListItem\",\"position\":2,\"name\":\"Winkel\",\"item\":\"https:\\\/\\\/salonforall.it\\\/winkel\\\/\"},{\"@type\":\"ListItem\",\"position\":3,\"name\":\"Smalto Ibrido Ocho Nails Fluo F09 -5 G\"}]},{\"@type\":\"WebSite\",\"@id\":\"https:\\\/\\\/salonforall.it\\\/#website\",\"url\":\"https:\\\/\\\/salonforall.it\\\/\",\"name\":\"Salon For All Italia\",\"description\":\"Grossista di mobili e forniture per studi medici e saloni\",\"publisher\":{\"@id\":\"https:\\\/\\\/salonforall.it\\\/#organization\"},\"potentialAction\":[{\"@type\":\"SearchAction\",\"target\":{\"@type\":\"EntryPoint\",\"urlTemplate\":\"https:\\\/\\\/salonforall.it\\\/?s={search_term_string}\"},\"query-input\":{\"@type\":\"PropertyValueSpecification\",\"valueRequired\":true,\"valueName\":\"search_term_string\"}}],\"inLanguage\":\"en-GB\"},{\"@type\":\"Organization\",\"@id\":\"https:\\\/\\\/salonforall.it\\\/#organization\",\"name\":\"Salon For All Italia\",\"url\":\"https:\\\/\\\/salonforall.it\\\/\",\"logo\":{\"@type\":\"ImageObject\",\"inLanguage\":\"en-GB\",\"@id\":\"https:\\\/\\\/salonforall.it\\\/#\\\/schema\\\/logo\\\/image\\\/\",\"url\":\"https:\\\/\\\/salonforall.it\\\/wp-content\\\/uploads\\\/2025\\\/11\\\/logo-salon-for-all-e1764543264615.png\",\"contentUrl\":\"https:\\\/\\\/salonforall.it\\\/wp-content\\\/uploads\\\/2025\\\/11\\\/logo-salon-for-all-e1764543264615.png\",\"width\":500,\"height\":150,\"caption\":\"Salon For All Italia\"},\"image\":{\"@id\":\"https:\\\/\\\/salonforall.it\\\/#\\\/schema\\\/logo\\\/image\\\/\"}}]}<\/script>\n<!-- \/ Yoast SEO plugin. -->","yoast_head_json":{"title":"Smalto Ibrido Ocho Nails Fluo F09 -5 G acquistare","description":"Acquista Smalto Ibrido Ocho Nails Fluo F09 -5 G online o nello showroom da Salon For All Italia. Il grossista per saloni, studi e spa in Italia e Svizzera.","robots":{"index":"index","follow":"follow","max-snippet":"max-snippet:-1","max-image-preview":"max-image-preview:large","max-video-preview":"max-video-preview:-1"},"canonical":"https:\/\/salonforall.it\/en\/smalto-ibrido-ocho-nails-fluo-f09-5-g\/","og_locale":"en_GB","og_type":"article","og_title":"Smalto Ibrido Ocho Nails Fluo F09 -5 G","og_description":"Acquista Smalto Ibrido Ocho Nails Fluo F09 -5 G online o nello showroom da Salon For All Italia. Il grossista per saloni, studi e spa in Italia e Svizzera.","og_url":"https:\/\/salonforall.it\/en\/smalto-ibrido-ocho-nails-fluo-f09-5-g\/","og_site_name":"Salon For All Italia","article_modified_time":"2026-05-14T02:14:01+00:00","og_image":[{"width":1200,"height":1200,"url":"https:\/\/salonforall.it\/wp-content\/uploads\/2025\/12\/Smalto-Ibrido-Ocho-Nails-Fluo-F09-5-G-1.jpg","type":"image\/jpeg"}],"twitter_card":"summary_large_image","twitter_title":"Smalto Ibrido Ocho Nails Fluo F09 -5 G","twitter_misc":{"Estimated reading time":"8 minutes"},"schema":{"@context":"https:\/\/schema.org","@graph":[{"@type":"WebPage","@id":"https:\/\/salonforall.it\/smalto-ibrido-ocho-nails-fluo-f09-5-g\/","url":"https:\/\/salonforall.it\/smalto-ibrido-ocho-nails-fluo-f09-5-g\/","name":"Smalto Ibrido Ocho Nails Fluo F09 -5 G acquistare","isPartOf":{"@id":"https:\/\/salonforall.it\/#website"},"primaryImageOfPage":{"@id":"https:\/\/salonforall.it\/smalto-ibrido-ocho-nails-fluo-f09-5-g\/#primaryimage"},"image":{"@id":"https:\/\/salonforall.it\/smalto-ibrido-ocho-nails-fluo-f09-5-g\/#primaryimage"},"thumbnailUrl":"https:\/\/salonforall.it\/wp-content\/uploads\/2025\/12\/Smalto-Ibrido-Ocho-Nails-Fluo-F09-5-G-1.jpg","datePublished":"2025-12-03T11:52:32+00:00","dateModified":"2026-05-14T02:14:01+00:00","description":"Acquista Smalto Ibrido Ocho Nails Fluo F09 -5 G online o nello showroom da Salon For All Italia. Il grossista per saloni, studi e spa in Italia e Svizzera.","breadcrumb":{"@id":"https:\/\/salonforall.it\/smalto-ibrido-ocho-nails-fluo-f09-5-g\/#breadcrumb"},"inLanguage":"en-GB","potentialAction":[{"@type":"ReadAction","target":["https:\/\/salonforall.it\/smalto-ibrido-ocho-nails-fluo-f09-5-g\/"]}]},{"@type":"ImageObject","inLanguage":"en-GB","@id":"https:\/\/salonforall.it\/smalto-ibrido-ocho-nails-fluo-f09-5-g\/#primaryimage","url":"https:\/\/salonforall.it\/wp-content\/uploads\/2025\/12\/Smalto-Ibrido-Ocho-Nails-Fluo-F09-5-G-1.jpg","contentUrl":"https:\/\/salonforall.it\/wp-content\/uploads\/2025\/12\/Smalto-Ibrido-Ocho-Nails-Fluo-F09-5-G-1.jpg","width":1200,"height":1200,"caption":"Smalto Ibrido Ocho Nails Fluo F09 -5 G"},{"@type":"BreadcrumbList","@id":"https:\/\/salonforall.it\/smalto-ibrido-ocho-nails-fluo-f09-5-g\/#breadcrumb","itemListElement":[{"@type":"ListItem","position":1,"name":"Home","item":"https:\/\/salonforall.it\/"},{"@type":"ListItem","position":2,"name":"Winkel","item":"https:\/\/salonforall.it\/winkel\/"},{"@type":"ListItem","position":3,"name":"Smalto Ibrido Ocho Nails Fluo F09 -5 G"}]},{"@type":"WebSite","@id":"https:\/\/salonforall.it\/#website","url":"https:\/\/salonforall.it\/","name":"Salon For All Italia","description":"Grossista di mobili e forniture per studi medici e saloni","publisher":{"@id":"https:\/\/salonforall.it\/#organization"},"potentialAction":[{"@type":"SearchAction","target":{"@type":"EntryPoint","urlTemplate":"https:\/\/salonforall.it\/?s={search_term_string}"},"query-input":{"@type":"PropertyValueSpecification","valueRequired":true,"valueName":"search_term_string"}}],"inLanguage":"en-GB"},{"@type":"Organization","@id":"https:\/\/salonforall.it\/#organization","name":"Salon For All Italia","url":"https:\/\/salonforall.it\/","logo":{"@type":"ImageObject","inLanguage":"en-GB","@id":"https:\/\/salonforall.it\/#\/schema\/logo\/image\/","url":"https:\/\/salonforall.it\/wp-content\/uploads\/2025\/11\/logo-salon-for-all-e1764543264615.png","contentUrl":"https:\/\/salonforall.it\/wp-content\/uploads\/2025\/11\/logo-salon-for-all-e1764543264615.png","width":500,"height":150,"caption":"Salon For All Italia"},"image":{"@id":"https:\/\/salonforall.it\/#\/schema\/logo\/image\/"}}]}},"_links":{"self":[{"href":"https:\/\/salonforall.it\/en\/wp-json\/wp\/v2\/product\/14749","targetHints":{"allow":["GET"]}}],"collection":[{"href":"https:\/\/salonforall.it\/en\/wp-json\/wp\/v2\/product"}],"about":[{"href":"https:\/\/salonforall.it\/en\/wp-json\/wp\/v2\/types\/product"}],"replies":[{"embeddable":true,"href":"https:\/\/salonforall.it\/en\/wp-json\/wp\/v2\/comments?post=14749"}],"wp:featuredmedia":[{"embeddable":true,"href":"https:\/\/salonforall.it\/en\/wp-json\/wp\/v2\/media\/14750"}],"wp:attachment":[{"href":"https:\/\/salonforall.it\/en\/wp-json\/wp\/v2\/media?parent=14749"}],"wp:term":[{"taxonomy":"product_brand","embeddable":true,"href":"https:\/\/salonforall.it\/en\/wp-json\/wp\/v2\/product_brand?post=14749"},{"taxonomy":"product_cat","embeddable":true,"href":"https:\/\/salonforall.it\/en\/wp-json\/wp\/v2\/product_cat?post=14749"},{"taxonomy":"product_tag","embeddable":true,"href":"https:\/\/salonforall.it\/en\/wp-json\/wp\/v2\/product_tag?post=14749"}],"curies":[{"name":"wp","href":"https:\/\/api.w.org\/{rel}","templated":true}]}}