{"id":15241,"date":"2025-12-03T15:30:12","date_gmt":"2025-12-03T15:30:12","guid":{"rendered":"https:\/\/salonforall.it\/unita-di-podologia-y-300-set-max\/"},"modified":"2026-05-13T02:13:38","modified_gmt":"2026-05-13T02:13:38","slug":"unita-di-podologia-y-300-set-max","status":"publish","type":"product","link":"https:\/\/salonforall.it\/en\/unita-di-podologia-y-300-set-max\/","title":{"rendered":"Unit\u00e0 Di Podologia Y-300 Set Max"},"content":{"rendered":"<h2>Informazioni su Unit\u00e0 Di Podologia Y-300 Set Max con codice articolo 148193<\/h2>\n<p><img decoding=\"async\" src=\"https:\/\/activeshop.com.pl\/media\/wysiwyg\/product\/148193\/EN_148193_1.jpg\"><\/p>\n<p>Da molti anni, il marchio ACTIVESHOP offre un&#8217;ampia gamma di prodotti adatti all&#8217;uso professionale in molti settori. Nell&#8217;assortimento disponibile, \u00e8 possibile trovare articoli di diverse categorie, dai piccoli accessori essenziali alle attrezzature specializzate, come i mobili per la cosmesi.<\/p>\n<p><img decoding=\"async\" src=\"https:\/\/activeshop.com.pl\/media\/wysiwyg\/product\/148193\/EN_148193_2.jpg\"><\/p>\n<h2><strong>Kit postazione di lavoro professionale per podologia<\/strong><\/h2>\n<p><strong>Una postazione di lavoro ergonomica<\/strong> \u00e8 la chiave per eseguire comodamente una variet\u00e0 di trattamenti precisi. Attenzione ai dettagli, versatilit\u00e0 e funzionalit\u00e0 sono le caratteristiche che contraddistinguono questo <strong>kit per podologia<\/strong>. Gli elementi che lo compongono consentono un lavoro altamente efficiente.<\/p>\n<h2><strong>Il set include:<\/strong><\/h2>\n<p>\u2022 unit\u00e0 podologica Y-300<br \/>\u2022 trapano con assorbitore Exo Podo Line<br \/>\u2022 lampada di ingrandimento Elegante 6025<br \/>\u2022 sterilizzatore UV-C Blue<\/p>\n<p><img decoding=\"async\" src=\"https:\/\/activeshop.com.pl\/media\/wysiwyg\/product\/148193\/EN_148193_3.jpg\"><\/p>\n<h2><strong>Aiuto mobile e regolabile<\/strong><\/h2>\n<p><strong>La solida unit\u00e0 podologica Y-300<\/strong> \u00e8 progettata per facilitare il lavoro del professionista. <strong>Tre capienti cassetti<\/strong> possono contenere tutti gli accessori, gli strumenti e i prodotti necessari. Un vantaggio significativo \u00e8 il <strong>ripiano estraibile<\/strong>, dove \u00e8 possibile riporre gli strumenti necessari per il lavoro del podologo, come uno sterilizzatore o un trapano. Sar\u00e0 anche un ottimo posto per utensili o preparati, che vale la pena avere sempre a portata di mano. Il mobile \u00e8 <strong>dotato di ruote<\/strong>, che ne facilitano il lavoro e lo spostamento. Permettono di trasportarlo facilmente da una stanza all&#8217;altra. Il <strong>supporto TUBE<\/strong> consente di fissare la lampada direttamente al piano del tavolo, ovunque. L&#8217;ausilio \u00e8 realizzato con materiali resistenti, <strong>facili da pulire<\/strong> e migliorer\u00e0 significativamente le prestazioni dei servizi specializzati.<\/p>\n<p><img decoding=\"async\" src=\"https:\/\/activeshop.com.pl\/media\/wysiwyg\/product\/148193\/EN_148193_4.jpg\"><\/p>\n<h2><strong>Trapano efficace con assorbitore<\/strong><\/h2>\n<p><strong>Il trapano con assorbitore della linea Exo Podo<\/strong> \u00e8 un&#8217;eccellente soluzione che consente di mantenere <strong>elevati standard igienici<\/strong> in ufficio, tutelando al contempo la salute degli operatori e dei clienti. La testa del trapano ha una potenza di 50 W, quindi pu\u00f2 funzionare a velocit\u00e0 <strong>fino a 30.000 giri al minuto<\/strong>, consentendo un&#8217;efficace rimozione dell&#8217;epidermide cheratinizzata. Durante i trattamenti, \u00e8 possibile regolare liberamente la velocit\u00e0, la direzione di rotazione della testina e la potenza di aspirazione dell&#8217;assorbitore. \u00c8 possibile acquistare un comando a pedale per il trapano, che consente di regolare il funzionamento del dispositivo senza usare le mani. Il display digitale consente di tenere traccia del livello di riempimento del filtro e delle impostazioni correnti del dispositivo. Questo prodotto di alta qualit\u00e0 \u00e8 perfetto per pedicure e trattamenti podologici specializzati.<\/p>\n<p><img decoding=\"async\" src=\"https:\/\/activeshop.com.pl\/media\/wysiwyg\/product\/148193\/EN_148193_5.jpg\"><\/p>\n<h2><strong>Lampada con lente d&#8217;ingrandimento per trattamenti di precisione<\/strong><\/h2>\n<p><strong>La lampada con lente d&#8217;ingrandimento senza ombre Elegante<\/strong> consente di visualizzare la pelle con un ingrandimento 5D, garantendo al contempo un&#8217;illuminazione eccellente. Il vetro antiriflesso garantisce un maggiore comfort durante il lavoro, riducendo il rischio di mal di testa durante i servizi eseguiti. Il colore freddo della luce favorisce la concentrazione. Il treppiede regolabile consente di impostare l&#8217;altezza e l&#8217;inclinazione appropriate, rendendo facile personalizzare l&#8217;illuminazione. La lampada con lente d&#8217;ingrandimento sar\u00e0 ideale per diagnosi precise e trattamenti dei tessuti cutanei, facilitando notevolmente il lavoro del podologo.<\/p>\n<p><img decoding=\"async\" src=\"https:\/\/activeshop.com.pl\/media\/wysiwyg\/product\/148193\/EN_148193_6.jpg\"><\/p>\n<h2><strong>Pratico sterilizzatore UV-C<\/strong><\/h2>\n<p><strong>Lo sterilizzatore UV-C Blue, facile da usare, \u00e8 un dispositivo di piccole dimensioni per la disinfezione a secco, perfetto per parrucchieri o centri estetici. <strong>Non vengono utilizzate soluzioni chimiche<\/strong> durante il processo. La luce ultravioletta con una lunghezza d&#8217;onda di 254 nm, che colpisce direttamente la superficie, <strong>distrugge efficacemente le forme vegetative dei microrganismi<\/strong>. Per preparare adeguatamente gli strumenti alla sterilizzazione, \u00e8 necessario lavarli e asciugarli, mentre quelli con una struttura pi\u00f9 complessa devono essere smontati. <strong>La disinfezione completa richiede 45 minuti<\/strong>.<\/p>\n<p><img decoding=\"async\" src=\"https:\/\/activeshop.com.pl\/media\/wysiwyg\/product\/148193\/EN_148193_7.jpg\"><\/p>\n<p>I prodotti Activeshop sono proporzionalmente pi\u00f9 economici di molti altri marchi\/fornitori. Il prezzo \u00e8 proporzionato alla qualit\u00e0. Unit\u00e0 Di Podologia Y-300 Set Max \u00e8 quindi una soluzione accessibile per il tuo salone.<\/p>\n<h2>Come viene consegnato Unit\u00e0 Di Podologia Y-300 Set Max?<\/h2>\n<p>Unit\u00e0 Di Podologia Y-300 Set Max viene consegnato nella confezione originale. In Italia la spedizione di Unit\u00e0 Di Podologia Y-300 Set Max \u00e8 completamente gratuita per ordini a partire da 100,- euro. Per spedizioni verso altri paesi si applicano tariffe di spedizione separate. Puoi richiedere queste tariffe o trovarle nel carrello. Unit\u00e0 Di Podologia Y-300 Set Max viene spedito tramite un corriere esterno.<\/p>\n<p>I pacchi o i pallet vengono consegnati di serie fino alla soglia della porta d&#8217;ingresso, anche se ti trovi in un edificio collettivo, condominio o complesso residenziale con ascensore (a condizione che l&#8217;articolo entri nell&#8217;ascensore). Non c&#8217;\u00e8 un ascensore o l&#8217;articolo non entra nell&#8217;ascensore? Allora consegniamo fino alla soglia del piano terra.<\/p>\n<p>Hai ancora domande sulla consegna o una situazione particolare? Contattaci e saremo lieti di aiutarti!<\/p>\n<p>*Gli articoli non vengono disimballati o montati di serie. In situazioni particolari puoi contattarci per fare accordi in merito.<\/p>\n<h2>Acquisti online sicuri su Salon For All con il marchio di qualit\u00e0 Webwinkelkeur e crittografia SSL<\/h2>\n<p>\u00c8 importante per noi che i nostri clienti possano fare acquisti online in sicurezza. Siamo affiliati al marchio di qualit\u00e0 nazionale Webwinkelkeur dal 2019. La nostra identit\u00e0 \u00e8 stata controllata e verificata da loro e il negozio online \u00e8 stato controllato e approvato legalmente. Inoltre, il nostro negozio online \u00e8 affiliato a loro per la mediazione delle controversie. Puoi vedere il badge con tutte le informazioni di questo marchio di qualit\u00e0 del negozio online sul lato sinistro o destro del negozio online (pulsante rosa con bianco). Inoltre, il nostro sito \u00e8 protetto con un certificato SSL in modo da poter navigare in sicurezza. Nella barra del tuo browser Internet, dove \u00e8 indicato il nostro sito web, vedrai un&#8217;icona a forma di lucchetto. Se clicchi sul lucchetto, otterrai tutte le informazioni sulla nostra sicurezza. In questo modo sai che il tuo ordine di Unit\u00e0 Di Podologia Y-300 Set Max e i tuoi dati personali vengono elaborati in modo sicuro.<\/p>\n<h2>Come posso pagare Unit\u00e0 Di Podologia Y-300 Set Max?<\/h2>\n<p>Vogliamo renderti le cose il pi\u00f9 semplici possibile. Ecco perch\u00e9 su Salon For All puoi pagare con tutti i metodi di pagamento noti e comuni. Pagare in anticipo, alla consegna o in seguito; tutto \u00e8 possibile. Vedi qui tutti i metodi di pagamento che offriamo:<\/p>\n<ul>\n<li>iDEAL<\/li>\n<li>Carta di credito (Visa, Mastercard, American Express)<\/li>\n<li>Klarna &#8211; Pagamento posticipato con fattura<\/li>\n<li>PayPal<\/li>\n<li>Apple Pay<\/li>\n<li>Google Pay<\/li>\n<li>Bancontact<\/li>\n<li>Bonifico bancario SEPA<\/li>\n<li>MyBank (per clienti italiani)<\/li>\n<li>Fattura aziendale per imprese<\/li>\n<li>Pagamento nello showroom &#8211; Sia carta che contanti (Disponibile solo per il ritiro)<\/li>\n<\/ul>\n<h2>Consulta anche le recensioni di Salon For All<\/h2>\n<p>Consulta anche le nostre recensioni per tenere conto delle esperienze dei nostri clienti attuali nella tua decisione di ordinare Unit\u00e0 Di Podologia Y-300 Set Max da noi. Attraverso il nostro marchio di qualit\u00e0 indipendente del negozio online Webwinkelkeur, vengono raccolte automaticamente recensioni verificate di clienti che hanno completato un ordine con noi. Puoi trovarle dietro il pulsante rosa sul nostro negozio online o sono elencate sotto i prodotti.<\/p>\n<p>Condividi anche la tua esperienza dopo il tuo acquisto con il tuo Unit\u00e0 Di Podologia Y-300 Set Max ordinato e la tua esperienza con il processo di acquisto o il contatto con Salon For All per ispirare gli altri!<\/p>\n<h2>Contatto con Salon For All<\/h2>\n<p>Contattaci allora. Saremo lieti di aiutarti con l&#8217;acquisto di Unit\u00e0 Di Podologia Y-300 Set Max. Nei giorni feriali siamo raggiungibili al meglio tra le 8.30 e le 17.00 tramite il numero di telefono e l&#8217;indirizzo e-mail nella parte superiore del negozio online o tramite la funzione chat. Le domande al di fuori dell&#8217;orario d&#8217;ufficio vengono generalmente risposte entro 24 ore. \u00c8 anche possibile venirci a trovare al di fuori dei giorni feriali o dell&#8217;orario d&#8217;ufficio. Ma per questo \u00e8 necessario prendere un appuntamento in anticipo.<\/p>\n<h2>Vuoi venire nel nostro showroom?<\/h2>\n<p>Preferisci vedere Unit\u00e0 Di Podologia Y-300 Set Max o esplorare la nostra offerta del negozio (online) insieme al nostro collega? Allora vieni nel nostro showroom con oltre 1000m\u00b2 di arredamento per saloni e lasciati ispirare dai nostri dipendenti. Anche se ti piace fare conoscenza in modo piacevole gustando una buona tazza di caff\u00e8 o t\u00e8, sei il benvenuto. Non abbiamo tutti i prodotti disponibili, quindi faccici sapere in anticipo che vuoi venire. Prendi sempre un appuntamento in anticipo.<\/p>\n<h2>14 giorni di riflessione e la nostra politica di reso<\/h2>\n<p>Naturalmente pu\u00f2 succedere che Unit\u00e0 Di Podologia Y-300 Set Max consegnato non sia completamente di tuo gradimento e tu voglia restituirlo. Questo non \u00e8 assolutamente un problema con Salon For All. Devi segnalare il tuo reso entro 14 giorni lavorativi tramite <a href=\"mailto:info@salonforall.com\">info@salonforall.it<\/a>. Riceverai quindi prima tutte le istruzioni e condizioni di reso. Si prega di notare che Unit\u00e0 Di Podologia Y-300 Set Max non deve essere stato utilizzato, deve contenere tutte le parti fornite e deve essere restituito imballato nella confezione originale. I costi di spedizione per un reso sono sempre a carico dell&#8217;acquirente per gli acquisti tramite www.salonforall.it. Devi organizzare tu stesso un trasporto presso un corriere di tua scelta per un reso. Una volta che Unit\u00e0 Di Podologia Y-300 Set Max \u00e8 stato restituito, verr\u00e0 controllato per completezza e danni. Una volta che il reso \u00e8 stato approvato, l&#8217;importo di acquisto verr\u00e0 rimborsato entro 5 giorni lavorativi sul conto bancario da noi conosciuto.<\/p>\n<h2>Chi \u00e8 Salon For All?<\/h2>\n<p>Salon For All \u00e8 IL grossista per ogni arredamento di saloni in Europa. Salon For All \u00e8 iniziato nel 2003 con il nome Salonvoordeel ed \u00e8 nato dalla pratica. I proprietari di Salon For All erano parrucchieri e specialisti della bellezza esperti e hanno insieme oltre 30 anni di esperienza pratica. Nel 2003 abbiamo lanciato Salonvoordeel.nl (Paesi Bassi) e successivamente \u00e8 stato fondato Salon For All per il mercato europeo. Alcuni dei nostri dipendenti hanno avviato una propria attivit\u00e0 e cos\u00ec \u00e8 nata l&#8217;idea di avviare un negozio online funzionale per parrucchieri e aiutarli con l&#8217;arredamento del loro salone.<\/p>\n<p>Il nostro showroom si trova a Dinxperlo, direttamente al confine tra i Paesi Bassi e la Germania. Con la nostra pluriennale esperienza nel settore possiamo farti da specchio e fornirti la giusta consulenza. Parliamo la stessa lingua! Ti consigliamo, ispiriamo, motiviamo e ti aiutiamo nell&#8217;acquisto di Unit\u00e0 Di Podologia Y-300 Set Max. I nostri fornitori si trovano in tutta Europa, dalla Germania, Inghilterra, Italia fino alla Polonia.<\/p>","protected":false},"excerpt":{"rendered":"<p>Il prodotto Unit\u00e0 Di Podologia Y-300 Set Max \u00e8 una soluzione conveniente per qualsiasi salone o studio professionale. Il tempo di consegna previsto \u00e8 di circa 6 giorni lavorativi.<\/p>","protected":false},"featured_media":15242,"comment_status":"open","ping_status":"open","template":"","meta":[],"product_brand":[107],"product_cat":[535,4803],"product_tag":[537,4804],"class_list":{"0":"post-15241","1":"product","2":"type-product","3":"status-publish","4":"has-post-thumbnail","6":"product_brand-activeshop","7":"product_cat-frese-e-punte-per-unghie","8":"product_cat-set-di-frese-per-unghie","9":"product_tag-frese-e-punte-per-unghie","10":"product_tag-set-di-frese-per-unghie","11":"pa_codice-ean-5133","12":"pa_garanzia-12-mesi","13":"pa_marca-activeshop","14":"pa_numero-dellarticolo-5132","15":"pa_tempo-di-consegna-stimato-3-4-giorni-lavorativi","17":"first","18":"instock","19":"sale","20":"taxable","21":"shipping-taxable","22":"purchasable","23":"product-type-simple"},"yoast_head":"<!-- This site is optimized with the Yoast SEO plugin v27.5 - https:\/\/yoast.com\/product\/yoast-seo-wordpress\/ -->\n<title>Unit\u00e0 Di Podologia Y-300 Set Max acquistare<\/title>\n<meta name=\"description\" content=\"Acquista Unit\u00e0 Di Podologia Y-300 Set Max online o nello showroom da Salon For All Italia. Il grossista per saloni, studi e spa in Italia e Svizzera.\" \/>\n<meta name=\"robots\" content=\"index, follow, max-snippet:-1, max-image-preview:large, max-video-preview:-1\" \/>\n<link rel=\"canonical\" href=\"https:\/\/salonforall.it\/en\/unita-di-podologia-y-300-set-max\/\" \/>\n<meta property=\"og:locale\" content=\"en_GB\" \/>\n<meta property=\"og:type\" content=\"article\" \/>\n<meta property=\"og:title\" content=\"Unit\u00e0 Di Podologia Y-300 Set Max\" \/>\n<meta property=\"og:description\" content=\"Acquista Unit\u00e0 Di Podologia Y-300 Set Max online o nello showroom da Salon For All Italia. Il grossista per saloni, studi e spa in Italia e Svizzera.\" \/>\n<meta property=\"og:url\" content=\"https:\/\/salonforall.it\/en\/unita-di-podologia-y-300-set-max\/\" \/>\n<meta property=\"og:site_name\" content=\"Salon For All Italia\" \/>\n<meta property=\"article:modified_time\" content=\"2026-05-13T02:13:38+00:00\" \/>\n<meta property=\"og:image\" content=\"https:\/\/salonforall.it\/wp-content\/uploads\/2025\/12\/Unita-Di-Podologia-Y-300-Set-Max-1.jpg\" \/>\n\t<meta property=\"og:image:width\" content=\"800\" \/>\n\t<meta property=\"og:image:height\" content=\"800\" \/>\n\t<meta property=\"og:image:type\" content=\"image\/jpeg\" \/>\n<meta name=\"twitter:card\" content=\"summary_large_image\" \/>\n<meta name=\"twitter:title\" content=\"Unit\u00e0 Di Podologia Y-300 Set Max\" \/>\n<meta name=\"twitter:label1\" content=\"Estimated reading time\" \/>\n\t<meta name=\"twitter:data1\" content=\"8 minutes\" \/>\n<script type=\"application\/ld+json\" class=\"yoast-schema-graph\">{\"@context\":\"https:\\\/\\\/schema.org\",\"@graph\":[{\"@type\":\"WebPage\",\"@id\":\"https:\\\/\\\/salonforall.it\\\/unita-di-podologia-y-300-set-max\\\/\",\"url\":\"https:\\\/\\\/salonforall.it\\\/unita-di-podologia-y-300-set-max\\\/\",\"name\":\"Unit\u00e0 Di Podologia Y-300 Set Max acquistare\",\"isPartOf\":{\"@id\":\"https:\\\/\\\/salonforall.it\\\/#website\"},\"primaryImageOfPage\":{\"@id\":\"https:\\\/\\\/salonforall.it\\\/unita-di-podologia-y-300-set-max\\\/#primaryimage\"},\"image\":{\"@id\":\"https:\\\/\\\/salonforall.it\\\/unita-di-podologia-y-300-set-max\\\/#primaryimage\"},\"thumbnailUrl\":\"https:\\\/\\\/salonforall.it\\\/wp-content\\\/uploads\\\/2025\\\/12\\\/Unita-Di-Podologia-Y-300-Set-Max-1.jpg\",\"datePublished\":\"2025-12-03T15:30:12+00:00\",\"dateModified\":\"2026-05-13T02:13:38+00:00\",\"description\":\"Acquista Unit\u00e0 Di Podologia Y-300 Set Max online o nello showroom da Salon For All Italia. Il grossista per saloni, studi e spa in Italia e Svizzera.\",\"breadcrumb\":{\"@id\":\"https:\\\/\\\/salonforall.it\\\/unita-di-podologia-y-300-set-max\\\/#breadcrumb\"},\"inLanguage\":\"en-GB\",\"potentialAction\":[{\"@type\":\"ReadAction\",\"target\":[\"https:\\\/\\\/salonforall.it\\\/unita-di-podologia-y-300-set-max\\\/\"]}]},{\"@type\":\"ImageObject\",\"inLanguage\":\"en-GB\",\"@id\":\"https:\\\/\\\/salonforall.it\\\/unita-di-podologia-y-300-set-max\\\/#primaryimage\",\"url\":\"https:\\\/\\\/salonforall.it\\\/wp-content\\\/uploads\\\/2025\\\/12\\\/Unita-Di-Podologia-Y-300-Set-Max-1.jpg\",\"contentUrl\":\"https:\\\/\\\/salonforall.it\\\/wp-content\\\/uploads\\\/2025\\\/12\\\/Unita-Di-Podologia-Y-300-Set-Max-1.jpg\",\"width\":800,\"height\":800,\"caption\":\"Unit\u00e0 Di Podologia Y-300 Set Max\"},{\"@type\":\"BreadcrumbList\",\"@id\":\"https:\\\/\\\/salonforall.it\\\/unita-di-podologia-y-300-set-max\\\/#breadcrumb\",\"itemListElement\":[{\"@type\":\"ListItem\",\"position\":1,\"name\":\"Home\",\"item\":\"https:\\\/\\\/salonforall.it\\\/\"},{\"@type\":\"ListItem\",\"position\":2,\"name\":\"Winkel\",\"item\":\"https:\\\/\\\/salonforall.it\\\/winkel\\\/\"},{\"@type\":\"ListItem\",\"position\":3,\"name\":\"Unit\u00e0 Di Podologia Y-300 Set Max\"}]},{\"@type\":\"WebSite\",\"@id\":\"https:\\\/\\\/salonforall.it\\\/#website\",\"url\":\"https:\\\/\\\/salonforall.it\\\/\",\"name\":\"Salon For All Italia\",\"description\":\"Grossista di mobili e forniture per studi medici e saloni\",\"publisher\":{\"@id\":\"https:\\\/\\\/salonforall.it\\\/#organization\"},\"potentialAction\":[{\"@type\":\"SearchAction\",\"target\":{\"@type\":\"EntryPoint\",\"urlTemplate\":\"https:\\\/\\\/salonforall.it\\\/?s={search_term_string}\"},\"query-input\":{\"@type\":\"PropertyValueSpecification\",\"valueRequired\":true,\"valueName\":\"search_term_string\"}}],\"inLanguage\":\"en-GB\"},{\"@type\":\"Organization\",\"@id\":\"https:\\\/\\\/salonforall.it\\\/#organization\",\"name\":\"Salon For All Italia\",\"url\":\"https:\\\/\\\/salonforall.it\\\/\",\"logo\":{\"@type\":\"ImageObject\",\"inLanguage\":\"en-GB\",\"@id\":\"https:\\\/\\\/salonforall.it\\\/#\\\/schema\\\/logo\\\/image\\\/\",\"url\":\"https:\\\/\\\/salonforall.it\\\/wp-content\\\/uploads\\\/2025\\\/11\\\/logo-salon-for-all-e1764543264615.png\",\"contentUrl\":\"https:\\\/\\\/salonforall.it\\\/wp-content\\\/uploads\\\/2025\\\/11\\\/logo-salon-for-all-e1764543264615.png\",\"width\":500,\"height\":150,\"caption\":\"Salon For All Italia\"},\"image\":{\"@id\":\"https:\\\/\\\/salonforall.it\\\/#\\\/schema\\\/logo\\\/image\\\/\"}}]}<\/script>\n<!-- \/ Yoast SEO plugin. -->","yoast_head_json":{"title":"Unit\u00e0 Di Podologia Y-300 Set Max acquistare","description":"Acquista Unit\u00e0 Di Podologia Y-300 Set Max online o nello showroom da Salon For All Italia. Il grossista per saloni, studi e spa in Italia e Svizzera.","robots":{"index":"index","follow":"follow","max-snippet":"max-snippet:-1","max-image-preview":"max-image-preview:large","max-video-preview":"max-video-preview:-1"},"canonical":"https:\/\/salonforall.it\/en\/unita-di-podologia-y-300-set-max\/","og_locale":"en_GB","og_type":"article","og_title":"Unit\u00e0 Di Podologia Y-300 Set Max","og_description":"Acquista Unit\u00e0 Di Podologia Y-300 Set Max online o nello showroom da Salon For All Italia. Il grossista per saloni, studi e spa in Italia e Svizzera.","og_url":"https:\/\/salonforall.it\/en\/unita-di-podologia-y-300-set-max\/","og_site_name":"Salon For All Italia","article_modified_time":"2026-05-13T02:13:38+00:00","og_image":[{"width":800,"height":800,"url":"https:\/\/salonforall.it\/wp-content\/uploads\/2025\/12\/Unita-Di-Podologia-Y-300-Set-Max-1.jpg","type":"image\/jpeg"}],"twitter_card":"summary_large_image","twitter_title":"Unit\u00e0 Di Podologia Y-300 Set Max","twitter_misc":{"Estimated reading time":"8 minutes"},"schema":{"@context":"https:\/\/schema.org","@graph":[{"@type":"WebPage","@id":"https:\/\/salonforall.it\/unita-di-podologia-y-300-set-max\/","url":"https:\/\/salonforall.it\/unita-di-podologia-y-300-set-max\/","name":"Unit\u00e0 Di Podologia Y-300 Set Max acquistare","isPartOf":{"@id":"https:\/\/salonforall.it\/#website"},"primaryImageOfPage":{"@id":"https:\/\/salonforall.it\/unita-di-podologia-y-300-set-max\/#primaryimage"},"image":{"@id":"https:\/\/salonforall.it\/unita-di-podologia-y-300-set-max\/#primaryimage"},"thumbnailUrl":"https:\/\/salonforall.it\/wp-content\/uploads\/2025\/12\/Unita-Di-Podologia-Y-300-Set-Max-1.jpg","datePublished":"2025-12-03T15:30:12+00:00","dateModified":"2026-05-13T02:13:38+00:00","description":"Acquista Unit\u00e0 Di Podologia Y-300 Set Max online o nello showroom da Salon For All Italia. Il grossista per saloni, studi e spa in Italia e Svizzera.","breadcrumb":{"@id":"https:\/\/salonforall.it\/unita-di-podologia-y-300-set-max\/#breadcrumb"},"inLanguage":"en-GB","potentialAction":[{"@type":"ReadAction","target":["https:\/\/salonforall.it\/unita-di-podologia-y-300-set-max\/"]}]},{"@type":"ImageObject","inLanguage":"en-GB","@id":"https:\/\/salonforall.it\/unita-di-podologia-y-300-set-max\/#primaryimage","url":"https:\/\/salonforall.it\/wp-content\/uploads\/2025\/12\/Unita-Di-Podologia-Y-300-Set-Max-1.jpg","contentUrl":"https:\/\/salonforall.it\/wp-content\/uploads\/2025\/12\/Unita-Di-Podologia-Y-300-Set-Max-1.jpg","width":800,"height":800,"caption":"Unit\u00e0 Di Podologia Y-300 Set Max"},{"@type":"BreadcrumbList","@id":"https:\/\/salonforall.it\/unita-di-podologia-y-300-set-max\/#breadcrumb","itemListElement":[{"@type":"ListItem","position":1,"name":"Home","item":"https:\/\/salonforall.it\/"},{"@type":"ListItem","position":2,"name":"Winkel","item":"https:\/\/salonforall.it\/winkel\/"},{"@type":"ListItem","position":3,"name":"Unit\u00e0 Di Podologia Y-300 Set Max"}]},{"@type":"WebSite","@id":"https:\/\/salonforall.it\/#website","url":"https:\/\/salonforall.it\/","name":"Salon For All Italia","description":"Grossista di mobili e forniture per studi medici e saloni","publisher":{"@id":"https:\/\/salonforall.it\/#organization"},"potentialAction":[{"@type":"SearchAction","target":{"@type":"EntryPoint","urlTemplate":"https:\/\/salonforall.it\/?s={search_term_string}"},"query-input":{"@type":"PropertyValueSpecification","valueRequired":true,"valueName":"search_term_string"}}],"inLanguage":"en-GB"},{"@type":"Organization","@id":"https:\/\/salonforall.it\/#organization","name":"Salon For All Italia","url":"https:\/\/salonforall.it\/","logo":{"@type":"ImageObject","inLanguage":"en-GB","@id":"https:\/\/salonforall.it\/#\/schema\/logo\/image\/","url":"https:\/\/salonforall.it\/wp-content\/uploads\/2025\/11\/logo-salon-for-all-e1764543264615.png","contentUrl":"https:\/\/salonforall.it\/wp-content\/uploads\/2025\/11\/logo-salon-for-all-e1764543264615.png","width":500,"height":150,"caption":"Salon For All Italia"},"image":{"@id":"https:\/\/salonforall.it\/#\/schema\/logo\/image\/"}}]}},"_links":{"self":[{"href":"https:\/\/salonforall.it\/en\/wp-json\/wp\/v2\/product\/15241","targetHints":{"allow":["GET"]}}],"collection":[{"href":"https:\/\/salonforall.it\/en\/wp-json\/wp\/v2\/product"}],"about":[{"href":"https:\/\/salonforall.it\/en\/wp-json\/wp\/v2\/types\/product"}],"replies":[{"embeddable":true,"href":"https:\/\/salonforall.it\/en\/wp-json\/wp\/v2\/comments?post=15241"}],"wp:featuredmedia":[{"embeddable":true,"href":"https:\/\/salonforall.it\/en\/wp-json\/wp\/v2\/media\/15242"}],"wp:attachment":[{"href":"https:\/\/salonforall.it\/en\/wp-json\/wp\/v2\/media?parent=15241"}],"wp:term":[{"taxonomy":"product_brand","embeddable":true,"href":"https:\/\/salonforall.it\/en\/wp-json\/wp\/v2\/product_brand?post=15241"},{"taxonomy":"product_cat","embeddable":true,"href":"https:\/\/salonforall.it\/en\/wp-json\/wp\/v2\/product_cat?post=15241"},{"taxonomy":"product_tag","embeddable":true,"href":"https:\/\/salonforall.it\/en\/wp-json\/wp\/v2\/product_tag?post=15241"}],"curies":[{"name":"wp","href":"https:\/\/api.w.org\/{rel}","templated":true}]}}