{"id":15274,"date":"2025-12-03T15:30:12","date_gmt":"2025-12-03T15:30:12","guid":{"rendered":"https:\/\/salonforall.it\/assorbitore-di-polvere-marathon-olimp-65w\/"},"modified":"2026-05-15T02:30:05","modified_gmt":"2026-05-15T02:30:05","slug":"assorbitore-di-polvere-marathon-olimp-65w","status":"publish","type":"product","link":"https:\/\/salonforall.it\/en\/assorbitore-di-polvere-marathon-olimp-65w\/","title":{"rendered":"Assorbitore Di Polvere Marathon Olimp 65W"},"content":{"rendered":"<h2>Informazioni su Assorbitore Di Polvere Marathon Olimp 65W con codice articolo 148025<\/h2>\n<p><img decoding=\"async\" src=\"https:\/\/activeshop.com.pl\/media\/wysiwyg\/product\/148025\/EN_148025_1.jpg\"><\/p>\n<p><strong>I prodotti Marathon<\/strong> soddisfano perfettamente le esigenze delle onicotecniche, garantendo loro sicurezza e comfort di lavoro. L&#8217;offerta include dispositivi dal design impeccabile, come gli assorbitori di polvere.<\/p>\n<p><img decoding=\"async\" src=\"https:\/\/activeshop.com.pl\/media\/wysiwyg\/product\/148025\/EN_148025_2.jpg\"><\/p>\n<h2><strong>Un dispositivo efficace per ogni onicotecnico<\/strong><\/h2>\n<p>L&#8217;assorbitore di polvere professionale Marathon Olimp con due tipi di filtri <strong>protegge efficacemente i polmoni<\/strong> sia dei dipendenti che dei clienti dalla polvere generata durante i servizi. <strong>L&#8217;elevata potenza e i due tipi di filtri efficienti<\/strong> garantiscono un elevato livello di comfort durante l&#8217;esecuzione di trattamenti come manicure o pedicure. <strong>La lampada a LED<\/strong>, con possibilit\u00e0 di collegamento al dispositivo tramite USB, consente un&#8217;illuminazione precisa dell&#8217;area da trattare e <strong>l&#8217;aspetto estetico<\/strong> dell&#8217;apparecchiatura \u00e8 un&#8217;aggiunta visivamente accattivante.<\/p>\n<p><img decoding=\"async\" src=\"https:\/\/activeshop.com.pl\/media\/wysiwyg\/product\/148025\/EN_148025_3.jpg\"><\/p>\n<h2><strong>Aspiratore di polvere efficiente con potenza adeguata<\/strong><\/h2>\n<p>Quando si eseguono trattamenti con un trapano per unghie, si \u00e8 fortemente esposti al contatto prolungato con la polvere. \u00c8 importante scegliere <strong>un potente aspiratore di polvere<\/strong> per il salone di bellezza, che <strong>assicuri un&#8217;adeguata purificazione dell&#8217;aria<\/strong>, fornisca <strong>un elevato standard igienico<\/strong> e garantisca comfort sia all&#8217;estetista che alle clienti. <strong>Una ventola ad alta velocit\u00e0<\/strong> assicura che il dispositivo aspiri in modo efficiente la polvere generata durante la manicure, che <strong>va direttamente ai potenti filtri<\/strong>.<\/p>\n<p><img decoding=\"async\" src=\"https:\/\/activeshop.com.pl\/media\/wysiwyg\/product\/148025\/EN_148025_4.jpg\"><\/p>\n<p><img decoding=\"async\" src=\"https:\/\/activeshop.com.pl\/media\/wysiwyg\/product\/148025\/EN_148025_5.jpg\"><\/p>\n<h2><strong>Sicurezza dei servizi grazie a filtri efficienti<\/strong><\/h2>\n<p><strong>Il filtro a cassetta HEPA<\/strong> utilizzato in questo modello trattiene <strong>anche le particelle di polvere pi\u00f9 fini<\/strong>. L&#8217;aria filtrata e priva di contaminanti viene espulsa attraverso prese d&#8217;aria ben posizionate. <strong>L&#8217;ampia superficie di assorbimento<\/strong> consente di tenere entrambe le mani sopra il dispositivo contemporaneamente e, grazie all&#8217;elevata efficienza dell&#8217;assorbitore, <strong>le impurit\u00e0 vengono assorbite direttamente nel filtro<\/strong>, lasciando l&#8217;ambiente di lavoro pulito e privo di polveri nocive. Per aumentare la sicurezza sul lavoro, il dispositivo \u00e8 inoltre dotato di <strong>filtri di cotone aggiuntivi<\/strong> che massimizzano l&#8217;efficienza dell&#8217;assorbitore.<\/p>\n<p><img decoding=\"async\" src=\"https:\/\/activeshop.com.pl\/media\/wysiwyg\/product\/148025\/EN_148025_6.jpg\"><\/p>\n<h2><strong>Funzionalit\u00e0 efficienti per il comfort di lavoro<\/strong><\/h2>\n<p>L&#8217;assorbitore di polvere Marathon senza sacchetto \u00e8 dotato di <strong>una semplice regolazione manuale della velocit\u00e0 di aspirazione<\/strong>, che consente di adattare il funzionamento del dispositivo alla procedura in corso. <strong>Il diodo situato accanto alla manopola<\/strong> indica la velocit\u00e0 della ventola con il colore della luce. La lampada a LED inclusa, con possibilit\u00e0 di collegamento tramite USB al dispositivo, fornisce un&#8217;illuminazione aggiuntiva dell&#8217;area di trattamento. Le funzionalit\u00e0 ben studiate del dispositivo garantiscono un significativo miglioramento dell&#8217;ergonomia di lavoro.<\/p>\n<p><img decoding=\"async\" src=\"https:\/\/activeshop.com.pl\/media\/wysiwyg\/product\/148025\/EN_148025_7.jpg\"><\/p>\n<h2><strong>Attrezzatura elegante dal design accattivante<\/strong><\/h2>\n<p>L&#8217;assorbitore \u00e8 stato realizzato con attenzione ai dettagli. Le forme aerodinamiche della struttura conferiscono al dispositivo un aspetto futuristico, che gli consente di adattarsi allo stile dei moderni centri estetici. L&#8217;elegante finitura classica rende l&#8217;apparecchiatura esteticamente accattivante e si adatta a quasi tutti gli interni. La griglia decorativa in tonalit\u00e0 cromate \u00e8 montata su un magnete, riducendo cos\u00ec al minimo il rischio di spostamento. Le sue forme accattivanti catturano l&#8217;attenzione e saranno sicuramente ricordate positivamente dai clienti. Grazie ai piedini antiscivolo, il dispositivo \u00e8 stabile durante l&#8217;uso.<\/p>\n<p><img decoding=\"async\" src=\"https:\/\/activeshop.com.pl\/media\/wysiwyg\/product\/148025\/EN_148025_8.jpg\"><\/p>\n<p>Leggere attentamente le istruzioni prima dell&#8217;uso.<br \/><strong>Il set include:<\/strong> base assorbente, griglia magnetica, filtro HEPA, due confezioni da 25 filtri in cotone, lampada LED USB, alimentatore.<\/p>\n<p><strong>Dati:<\/strong><br \/>Numero di ventole: 1<br \/>Filtri: 2; HEPA e cotone<br \/>Velocit\u00e0: 500-4600 giri\/min<br>Flusso d&#8217;aria: 1,6\u20131,77 m\u00b3 al minuto<br \/>Livello di rumore in funzione: 64 dB (max. 65,9 dB)<br \/>Colore griglia: tonalit\u00e0 cromate<br \/>Colore alloggiamento: tonalit\u00e0 bianche<br \/>Potenza: 65 W<br \/>Tensione: 110-200 V<\/p>\n<div class=\"video-container\"> <iframe height=\"315\" src=\"https:\/\/www.youtube.com\/embed\/ckv3GPjlu7w\" frameborder=\"0\" width=\"560\" allowfullscreen allow=\"accelerometer; autoplay; encrypted-media; gyroscope; picture-in-picture\"> <\/iframe> <\/div>\n<p>I prodotti Activeshop sono proporzionalmente pi\u00f9 economici di molti altri marchi\/fornitori. Il prezzo \u00e8 proporzionato alla qualit\u00e0. Assorbitore Di Polvere Marathon Olimp 65W \u00e8 quindi una soluzione accessibile per il tuo salone.<\/p>\n<h2>Come viene consegnato Assorbitore Di Polvere Marathon Olimp 65W?<\/h2>\n<p>Assorbitore Di Polvere Marathon Olimp 65W viene consegnato nella confezione originale. In Italia la spedizione di Assorbitore Di Polvere Marathon Olimp 65W \u00e8 completamente gratuita per ordini a partire da 100,- euro. Per spedizioni verso altri paesi si applicano tariffe di spedizione separate. Puoi richiedere queste tariffe o trovarle nel carrello. Assorbitore Di Polvere Marathon Olimp 65W viene spedito tramite un corriere esterno.<\/p>\n<p>I pacchi o i pallet vengono consegnati di serie fino alla soglia della porta d&#8217;ingresso, anche se ti trovi in un edificio collettivo, condominio o complesso residenziale con ascensore (a condizione che l&#8217;articolo entri nell&#8217;ascensore). Non c&#8217;\u00e8 un ascensore o l&#8217;articolo non entra nell&#8217;ascensore? Allora consegniamo fino alla soglia del piano terra.<\/p>\n<p>Hai ancora domande sulla consegna o una situazione particolare? Contattaci e saremo lieti di aiutarti!<\/p>\n<p>*Gli articoli non vengono disimballati o montati di serie. In situazioni particolari puoi contattarci per fare accordi in merito.<\/p>\n<h2>Acquisti online sicuri su Salon For All con il marchio di qualit\u00e0 Webwinkelkeur e crittografia SSL<\/h2>\n<p>\u00c8 importante per noi che i nostri clienti possano fare acquisti online in sicurezza. Siamo affiliati al marchio di qualit\u00e0 nazionale Webwinkelkeur dal 2019. La nostra identit\u00e0 \u00e8 stata controllata e verificata da loro e il negozio online \u00e8 stato controllato e approvato legalmente. Inoltre, il nostro negozio online \u00e8 affiliato a loro per la mediazione delle controversie. Puoi vedere il badge con tutte le informazioni di questo marchio di qualit\u00e0 del negozio online sul lato sinistro o destro del negozio online (pulsante rosa con bianco). Inoltre, il nostro sito \u00e8 protetto con un certificato SSL in modo da poter navigare in sicurezza. Nella barra del tuo browser Internet, dove \u00e8 indicato il nostro sito web, vedrai un&#8217;icona a forma di lucchetto. Se clicchi sul lucchetto, otterrai tutte le informazioni sulla nostra sicurezza. In questo modo sai che il tuo ordine di Assorbitore Di Polvere Marathon Olimp 65W e i tuoi dati personali vengono elaborati in modo sicuro.<\/p>\n<h2>Come posso pagare Assorbitore Di Polvere Marathon Olimp 65W?<\/h2>\n<p>Vogliamo renderti le cose il pi\u00f9 semplici possibile. Ecco perch\u00e9 su Salon For All puoi pagare con tutti i metodi di pagamento noti e comuni. Pagare in anticipo, alla consegna o in seguito; tutto \u00e8 possibile. Vedi qui tutti i metodi di pagamento che offriamo:<\/p>\n<ul>\n<li>iDEAL<\/li>\n<li>Carta di credito (Visa, Mastercard, American Express)<\/li>\n<li>Klarna &#8211; Pagamento posticipato con fattura<\/li>\n<li>PayPal<\/li>\n<li>Apple Pay<\/li>\n<li>Google Pay<\/li>\n<li>Bancontact<\/li>\n<li>Bonifico bancario SEPA<\/li>\n<li>MyBank (per clienti italiani)<\/li>\n<li>Fattura aziendale per imprese<\/li>\n<li>Pagamento nello showroom &#8211; Sia carta che contanti (Disponibile solo per il ritiro)<\/li>\n<\/ul>\n<h2>Consulta anche le recensioni di Salon For All<\/h2>\n<p>Consulta anche le nostre recensioni per tenere conto delle esperienze dei nostri clienti attuali nella tua decisione di ordinare Assorbitore Di Polvere Marathon Olimp 65W da noi. Attraverso il nostro marchio di qualit\u00e0 indipendente del negozio online Webwinkelkeur, vengono raccolte automaticamente recensioni verificate di clienti che hanno completato un ordine con noi. Puoi trovarle dietro il pulsante rosa sul nostro negozio online o sono elencate sotto i prodotti.<\/p>\n<p>Condividi anche la tua esperienza dopo il tuo acquisto con il tuo Assorbitore Di Polvere Marathon Olimp 65W ordinato e la tua esperienza con il processo di acquisto o il contatto con Salon For All per ispirare gli altri!<\/p>\n<h2>Contatto con Salon For All<\/h2>\n<p>Contattaci allora. Saremo lieti di aiutarti con l&#8217;acquisto di Assorbitore Di Polvere Marathon Olimp 65W. Nei giorni feriali siamo raggiungibili al meglio tra le 8.30 e le 17.00 tramite il numero di telefono e l&#8217;indirizzo e-mail nella parte superiore del negozio online o tramite la funzione chat. Le domande al di fuori dell&#8217;orario d&#8217;ufficio vengono generalmente risposte entro 24 ore. \u00c8 anche possibile venirci a trovare al di fuori dei giorni feriali o dell&#8217;orario d&#8217;ufficio. Ma per questo \u00e8 necessario prendere un appuntamento in anticipo.<\/p>\n<h2>Vuoi venire nel nostro showroom?<\/h2>\n<p>Preferisci vedere Assorbitore Di Polvere Marathon Olimp 65W o esplorare la nostra offerta del negozio (online) insieme al nostro collega? Allora vieni nel nostro showroom con oltre 1000m\u00b2 di arredamento per saloni e lasciati ispirare dai nostri dipendenti. Anche se ti piace fare conoscenza in modo piacevole gustando una buona tazza di caff\u00e8 o t\u00e8, sei il benvenuto. Non abbiamo tutti i prodotti disponibili, quindi faccici sapere in anticipo che vuoi venire. Prendi sempre un appuntamento in anticipo.<\/p>\n<h2>14 giorni di riflessione e la nostra politica di reso<\/h2>\n<p>Naturalmente pu\u00f2 succedere che Assorbitore Di Polvere Marathon Olimp 65W consegnato non sia completamente di tuo gradimento e tu voglia restituirlo. Questo non \u00e8 assolutamente un problema con Salon For All. Devi segnalare il tuo reso entro 14 giorni lavorativi tramite <a href=\"mailto:info@salonforall.com\">info@salonforall.it<\/a>. Riceverai quindi prima tutte le istruzioni e condizioni di reso. Si prega di notare che Assorbitore Di Polvere Marathon Olimp 65W non deve essere stato utilizzato, deve contenere tutte le parti fornite e deve essere restituito imballato nella confezione originale. I costi di spedizione per un reso sono sempre a carico dell&#8217;acquirente per gli acquisti tramite www.salonforall.it. Devi organizzare tu stesso un trasporto presso un corriere di tua scelta per un reso. Una volta che Assorbitore Di Polvere Marathon Olimp 65W \u00e8 stato restituito, verr\u00e0 controllato per completezza e danni. Una volta che il reso \u00e8 stato approvato, l&#8217;importo di acquisto verr\u00e0 rimborsato entro 5 giorni lavorativi sul conto bancario da noi conosciuto.<\/p>\n<h2>Chi \u00e8 Salon For All?<\/h2>\n<p>Salon For All \u00e8 IL grossista per ogni arredamento di saloni in Europa. Salon For All \u00e8 iniziato nel 2003 con il nome Salonvoordeel ed \u00e8 nato dalla pratica. I proprietari di Salon For All erano parrucchieri e specialisti della bellezza esperti e hanno insieme oltre 30 anni di esperienza pratica. Nel 2003 abbiamo lanciato Salonvoordeel.nl (Paesi Bassi) e successivamente \u00e8 stato fondato Salon For All per il mercato europeo. Alcuni dei nostri dipendenti hanno avviato una propria attivit\u00e0 e cos\u00ec \u00e8 nata l&#8217;idea di avviare un negozio online funzionale per parrucchieri e aiutarli con l&#8217;arredamento del loro salone.<\/p>\n<p>Il nostro showroom si trova a Dinxperlo, direttamente al confine tra i Paesi Bassi e la Germania. Con la nostra pluriennale esperienza nel settore possiamo farti da specchio e fornirti la giusta consulenza. Parliamo la stessa lingua! Ti consigliamo, ispiriamo, motiviamo e ti aiutiamo nell&#8217;acquisto di Assorbitore Di Polvere Marathon Olimp 65W. I nostri fornitori si trovano in tutta Europa, dalla Germania, Inghilterra, Italia fino alla Polonia.<\/p>","protected":false},"excerpt":{"rendered":"<p>Il prodotto Assorbitore Di Polvere Marathon Olimp 65W \u00e8 una soluzione conveniente per qualsiasi salone o studio professionale. Il tempo di consegna previsto \u00e8 di circa 6 giorni lavorativi.<\/p>","protected":false},"featured_media":15275,"comment_status":"open","ping_status":"open","template":"","meta":[],"product_brand":[172],"product_cat":[829,623],"product_tag":[830,625],"class_list":{"0":"post-15274","1":"product","2":"type-product","3":"status-publish","4":"has-post-thumbnail","6":"product_brand-saeyang","7":"product_cat-aspiratori-di-polvere","8":"product_cat-unghie","9":"product_tag-aspiratori-di-polvere","10":"product_tag-unghie","11":"pa_codice-ean-5139","12":"pa_garanzia-12-mesi","13":"pa_marca-saeyang","14":"pa_numero-dellarticolo-5138","15":"pa_tempo-di-consegna-stimato-3-4-giorni-lavorativi","17":"first","18":"instock","19":"sale","20":"taxable","21":"shipping-taxable","22":"purchasable","23":"product-type-simple"},"yoast_head":"<!-- This site is optimized with the Yoast SEO plugin v27.5 - https:\/\/yoast.com\/product\/yoast-seo-wordpress\/ -->\n<title>Assorbitore Di Polvere Marathon Olimp 65W acquistare<\/title>\n<meta name=\"description\" content=\"Acquista Assorbitore Di Polvere Marathon Olimp 65W online o nello showroom da Salon For All Italia. Il grossista per saloni, studi e spa in Italia e Svizzera.\" \/>\n<meta name=\"robots\" content=\"index, follow, max-snippet:-1, max-image-preview:large, max-video-preview:-1\" \/>\n<link rel=\"canonical\" href=\"https:\/\/salonforall.it\/en\/assorbitore-di-polvere-marathon-olimp-65w\/\" \/>\n<meta property=\"og:locale\" content=\"en_GB\" \/>\n<meta property=\"og:type\" content=\"article\" \/>\n<meta property=\"og:title\" content=\"Assorbitore Di Polvere Marathon Olimp 65W\" \/>\n<meta property=\"og:description\" content=\"Acquista Assorbitore Di Polvere Marathon Olimp 65W online o nello showroom da Salon For All Italia. Il grossista per saloni, studi e spa in Italia e Svizzera.\" \/>\n<meta property=\"og:url\" content=\"https:\/\/salonforall.it\/en\/assorbitore-di-polvere-marathon-olimp-65w\/\" \/>\n<meta property=\"og:site_name\" content=\"Salon For All Italia\" \/>\n<meta property=\"article:modified_time\" content=\"2026-05-15T02:30:05+00:00\" \/>\n<meta property=\"og:image\" content=\"https:\/\/salonforall.it\/wp-content\/uploads\/2025\/12\/Assorbitore-Di-Polvere-Marathon-Olimp-65W-1.jpg\" \/>\n\t<meta property=\"og:image:width\" content=\"1200\" \/>\n\t<meta property=\"og:image:height\" content=\"1200\" \/>\n\t<meta property=\"og:image:type\" content=\"image\/jpeg\" \/>\n<meta name=\"twitter:card\" content=\"summary_large_image\" \/>\n<meta name=\"twitter:title\" content=\"Assorbitore Di Polvere Marathon Olimp 65W\" \/>\n<meta name=\"twitter:label1\" content=\"Estimated reading time\" \/>\n\t<meta name=\"twitter:data1\" content=\"8 minutes\" \/>\n<script type=\"application\/ld+json\" class=\"yoast-schema-graph\">{\"@context\":\"https:\\\/\\\/schema.org\",\"@graph\":[{\"@type\":\"WebPage\",\"@id\":\"https:\\\/\\\/salonforall.it\\\/assorbitore-di-polvere-marathon-olimp-65w\\\/\",\"url\":\"https:\\\/\\\/salonforall.it\\\/assorbitore-di-polvere-marathon-olimp-65w\\\/\",\"name\":\"Assorbitore Di Polvere Marathon Olimp 65W acquistare\",\"isPartOf\":{\"@id\":\"https:\\\/\\\/salonforall.it\\\/#website\"},\"primaryImageOfPage\":{\"@id\":\"https:\\\/\\\/salonforall.it\\\/assorbitore-di-polvere-marathon-olimp-65w\\\/#primaryimage\"},\"image\":{\"@id\":\"https:\\\/\\\/salonforall.it\\\/assorbitore-di-polvere-marathon-olimp-65w\\\/#primaryimage\"},\"thumbnailUrl\":\"https:\\\/\\\/salonforall.it\\\/wp-content\\\/uploads\\\/2025\\\/12\\\/Assorbitore-Di-Polvere-Marathon-Olimp-65W-1.jpg\",\"datePublished\":\"2025-12-03T15:30:12+00:00\",\"dateModified\":\"2026-05-15T02:30:05+00:00\",\"description\":\"Acquista Assorbitore Di Polvere Marathon Olimp 65W online o nello showroom da Salon For All Italia. Il grossista per saloni, studi e spa in Italia e Svizzera.\",\"breadcrumb\":{\"@id\":\"https:\\\/\\\/salonforall.it\\\/assorbitore-di-polvere-marathon-olimp-65w\\\/#breadcrumb\"},\"inLanguage\":\"en-GB\",\"potentialAction\":[{\"@type\":\"ReadAction\",\"target\":[\"https:\\\/\\\/salonforall.it\\\/assorbitore-di-polvere-marathon-olimp-65w\\\/\"]}]},{\"@type\":\"ImageObject\",\"inLanguage\":\"en-GB\",\"@id\":\"https:\\\/\\\/salonforall.it\\\/assorbitore-di-polvere-marathon-olimp-65w\\\/#primaryimage\",\"url\":\"https:\\\/\\\/salonforall.it\\\/wp-content\\\/uploads\\\/2025\\\/12\\\/Assorbitore-Di-Polvere-Marathon-Olimp-65W-1.jpg\",\"contentUrl\":\"https:\\\/\\\/salonforall.it\\\/wp-content\\\/uploads\\\/2025\\\/12\\\/Assorbitore-Di-Polvere-Marathon-Olimp-65W-1.jpg\",\"width\":1200,\"height\":1200,\"caption\":\"Assorbitore Di Polvere Marathon Olimp 65W\"},{\"@type\":\"BreadcrumbList\",\"@id\":\"https:\\\/\\\/salonforall.it\\\/assorbitore-di-polvere-marathon-olimp-65w\\\/#breadcrumb\",\"itemListElement\":[{\"@type\":\"ListItem\",\"position\":1,\"name\":\"Home\",\"item\":\"https:\\\/\\\/salonforall.it\\\/\"},{\"@type\":\"ListItem\",\"position\":2,\"name\":\"Winkel\",\"item\":\"https:\\\/\\\/salonforall.it\\\/winkel\\\/\"},{\"@type\":\"ListItem\",\"position\":3,\"name\":\"Assorbitore Di Polvere Marathon Olimp 65W\"}]},{\"@type\":\"WebSite\",\"@id\":\"https:\\\/\\\/salonforall.it\\\/#website\",\"url\":\"https:\\\/\\\/salonforall.it\\\/\",\"name\":\"Salon For All Italia\",\"description\":\"Grossista di mobili e forniture per studi medici e saloni\",\"publisher\":{\"@id\":\"https:\\\/\\\/salonforall.it\\\/#organization\"},\"potentialAction\":[{\"@type\":\"SearchAction\",\"target\":{\"@type\":\"EntryPoint\",\"urlTemplate\":\"https:\\\/\\\/salonforall.it\\\/?s={search_term_string}\"},\"query-input\":{\"@type\":\"PropertyValueSpecification\",\"valueRequired\":true,\"valueName\":\"search_term_string\"}}],\"inLanguage\":\"en-GB\"},{\"@type\":\"Organization\",\"@id\":\"https:\\\/\\\/salonforall.it\\\/#organization\",\"name\":\"Salon For All Italia\",\"url\":\"https:\\\/\\\/salonforall.it\\\/\",\"logo\":{\"@type\":\"ImageObject\",\"inLanguage\":\"en-GB\",\"@id\":\"https:\\\/\\\/salonforall.it\\\/#\\\/schema\\\/logo\\\/image\\\/\",\"url\":\"https:\\\/\\\/salonforall.it\\\/wp-content\\\/uploads\\\/2025\\\/11\\\/logo-salon-for-all-e1764543264615.png\",\"contentUrl\":\"https:\\\/\\\/salonforall.it\\\/wp-content\\\/uploads\\\/2025\\\/11\\\/logo-salon-for-all-e1764543264615.png\",\"width\":500,\"height\":150,\"caption\":\"Salon For All Italia\"},\"image\":{\"@id\":\"https:\\\/\\\/salonforall.it\\\/#\\\/schema\\\/logo\\\/image\\\/\"}}]}<\/script>\n<!-- \/ Yoast SEO plugin. -->","yoast_head_json":{"title":"Assorbitore Di Polvere Marathon Olimp 65W acquistare","description":"Acquista Assorbitore Di Polvere Marathon Olimp 65W online o nello showroom da Salon For All Italia. Il grossista per saloni, studi e spa in Italia e Svizzera.","robots":{"index":"index","follow":"follow","max-snippet":"max-snippet:-1","max-image-preview":"max-image-preview:large","max-video-preview":"max-video-preview:-1"},"canonical":"https:\/\/salonforall.it\/en\/assorbitore-di-polvere-marathon-olimp-65w\/","og_locale":"en_GB","og_type":"article","og_title":"Assorbitore Di Polvere Marathon Olimp 65W","og_description":"Acquista Assorbitore Di Polvere Marathon Olimp 65W online o nello showroom da Salon For All Italia. Il grossista per saloni, studi e spa in Italia e Svizzera.","og_url":"https:\/\/salonforall.it\/en\/assorbitore-di-polvere-marathon-olimp-65w\/","og_site_name":"Salon For All Italia","article_modified_time":"2026-05-15T02:30:05+00:00","og_image":[{"width":1200,"height":1200,"url":"https:\/\/salonforall.it\/wp-content\/uploads\/2025\/12\/Assorbitore-Di-Polvere-Marathon-Olimp-65W-1.jpg","type":"image\/jpeg"}],"twitter_card":"summary_large_image","twitter_title":"Assorbitore Di Polvere Marathon Olimp 65W","twitter_misc":{"Estimated reading time":"8 minutes"},"schema":{"@context":"https:\/\/schema.org","@graph":[{"@type":"WebPage","@id":"https:\/\/salonforall.it\/assorbitore-di-polvere-marathon-olimp-65w\/","url":"https:\/\/salonforall.it\/assorbitore-di-polvere-marathon-olimp-65w\/","name":"Assorbitore Di Polvere Marathon Olimp 65W acquistare","isPartOf":{"@id":"https:\/\/salonforall.it\/#website"},"primaryImageOfPage":{"@id":"https:\/\/salonforall.it\/assorbitore-di-polvere-marathon-olimp-65w\/#primaryimage"},"image":{"@id":"https:\/\/salonforall.it\/assorbitore-di-polvere-marathon-olimp-65w\/#primaryimage"},"thumbnailUrl":"https:\/\/salonforall.it\/wp-content\/uploads\/2025\/12\/Assorbitore-Di-Polvere-Marathon-Olimp-65W-1.jpg","datePublished":"2025-12-03T15:30:12+00:00","dateModified":"2026-05-15T02:30:05+00:00","description":"Acquista Assorbitore Di Polvere Marathon Olimp 65W online o nello showroom da Salon For All Italia. Il grossista per saloni, studi e spa in Italia e Svizzera.","breadcrumb":{"@id":"https:\/\/salonforall.it\/assorbitore-di-polvere-marathon-olimp-65w\/#breadcrumb"},"inLanguage":"en-GB","potentialAction":[{"@type":"ReadAction","target":["https:\/\/salonforall.it\/assorbitore-di-polvere-marathon-olimp-65w\/"]}]},{"@type":"ImageObject","inLanguage":"en-GB","@id":"https:\/\/salonforall.it\/assorbitore-di-polvere-marathon-olimp-65w\/#primaryimage","url":"https:\/\/salonforall.it\/wp-content\/uploads\/2025\/12\/Assorbitore-Di-Polvere-Marathon-Olimp-65W-1.jpg","contentUrl":"https:\/\/salonforall.it\/wp-content\/uploads\/2025\/12\/Assorbitore-Di-Polvere-Marathon-Olimp-65W-1.jpg","width":1200,"height":1200,"caption":"Assorbitore Di Polvere Marathon Olimp 65W"},{"@type":"BreadcrumbList","@id":"https:\/\/salonforall.it\/assorbitore-di-polvere-marathon-olimp-65w\/#breadcrumb","itemListElement":[{"@type":"ListItem","position":1,"name":"Home","item":"https:\/\/salonforall.it\/"},{"@type":"ListItem","position":2,"name":"Winkel","item":"https:\/\/salonforall.it\/winkel\/"},{"@type":"ListItem","position":3,"name":"Assorbitore Di Polvere Marathon Olimp 65W"}]},{"@type":"WebSite","@id":"https:\/\/salonforall.it\/#website","url":"https:\/\/salonforall.it\/","name":"Salon For All Italia","description":"Grossista di mobili e forniture per studi medici e saloni","publisher":{"@id":"https:\/\/salonforall.it\/#organization"},"potentialAction":[{"@type":"SearchAction","target":{"@type":"EntryPoint","urlTemplate":"https:\/\/salonforall.it\/?s={search_term_string}"},"query-input":{"@type":"PropertyValueSpecification","valueRequired":true,"valueName":"search_term_string"}}],"inLanguage":"en-GB"},{"@type":"Organization","@id":"https:\/\/salonforall.it\/#organization","name":"Salon For All Italia","url":"https:\/\/salonforall.it\/","logo":{"@type":"ImageObject","inLanguage":"en-GB","@id":"https:\/\/salonforall.it\/#\/schema\/logo\/image\/","url":"https:\/\/salonforall.it\/wp-content\/uploads\/2025\/11\/logo-salon-for-all-e1764543264615.png","contentUrl":"https:\/\/salonforall.it\/wp-content\/uploads\/2025\/11\/logo-salon-for-all-e1764543264615.png","width":500,"height":150,"caption":"Salon For All Italia"},"image":{"@id":"https:\/\/salonforall.it\/#\/schema\/logo\/image\/"}}]}},"_links":{"self":[{"href":"https:\/\/salonforall.it\/en\/wp-json\/wp\/v2\/product\/15274","targetHints":{"allow":["GET"]}}],"collection":[{"href":"https:\/\/salonforall.it\/en\/wp-json\/wp\/v2\/product"}],"about":[{"href":"https:\/\/salonforall.it\/en\/wp-json\/wp\/v2\/types\/product"}],"replies":[{"embeddable":true,"href":"https:\/\/salonforall.it\/en\/wp-json\/wp\/v2\/comments?post=15274"}],"wp:featuredmedia":[{"embeddable":true,"href":"https:\/\/salonforall.it\/en\/wp-json\/wp\/v2\/media\/15275"}],"wp:attachment":[{"href":"https:\/\/salonforall.it\/en\/wp-json\/wp\/v2\/media?parent=15274"}],"wp:term":[{"taxonomy":"product_brand","embeddable":true,"href":"https:\/\/salonforall.it\/en\/wp-json\/wp\/v2\/product_brand?post=15274"},{"taxonomy":"product_cat","embeddable":true,"href":"https:\/\/salonforall.it\/en\/wp-json\/wp\/v2\/product_cat?post=15274"},{"taxonomy":"product_tag","embeddable":true,"href":"https:\/\/salonforall.it\/en\/wp-json\/wp\/v2\/product_tag?post=15274"}],"curies":[{"name":"wp","href":"https:\/\/api.w.org\/{rel}","templated":true}]}}