{"id":15407,"date":"2025-12-03T16:32:20","date_gmt":"2025-12-03T16:32:20","guid":{"rendered":"https:\/\/salonforall.it\/kit-di-avviamento-ibrido-ocho-nails-3\/"},"modified":"2026-03-30T02:45:18","modified_gmt":"2026-03-30T02:45:18","slug":"kit-di-avviamento-ibrido-ocho-nails-3","status":"publish","type":"product","link":"https:\/\/salonforall.it\/en\/kit-di-avviamento-ibrido-ocho-nails-3\/","title":{"rendered":"Kit Di Avviamento Ibrido Ocho Nails 3"},"content":{"rendered":"<h2>Informazioni su Kit Di Avviamento Ibrido Ocho Nails 3 con codice articolo 148217<\/h2>\n<h2><strong>KIT IBRIDO OCHO NAILS STARTER 3:<\/strong><\/h2>\n<p>Il set contiene i prodotti essenziali per lo styling delle unghie. Include smalti ibridi, liquidi e preparati, oltre ad accessori. Inoltre, \u00e8 completato da una lampada professionale per la polimerizzazione delle unghie ibride.<\/p>\n<p><strong>OCHO NAILS<\/strong> \u00e8 un marchio unico nel suo genere, specializzato in prodotti professionali per onicotecnici. Il suo assortimento comprende smalti ibridi, gel per unghie, lampade specifiche e accessori per la cura delle unghie. <strong>I prodotti OCHO NAILS<\/strong> soddisferanno le esigenze sia delle utenti esperte che di coloro che si avvicinano per la prima volta alla manicure.<\/p>\n<h2><strong>Lampada UV Ocho Nails 8 LED bianca 84W<\/strong><\/h2>\n<p>Il dispositivo che, dotato di <strong>pratiche funzioni<\/strong>, consente di <strong>eseguire facilmente trattamenti di manicure e pedicure<\/strong> utilizzando smalti ibridi, gel o altri preparati fotopolimerizzanti. I LED uniformemente distanziati e la tecnologia Dual Led utilizzata garantiscono una <strong>polimerizzazione perfetta dello styling delle unghie<\/strong>. Il design minimalista, la facilit\u00e0 d&#8217;uso e le utili funzionalit\u00e0 rendono la lampada perfetta sia per l&#8217;uso professionale che domestico.<\/p>\n<h2>Lampada senza ombre con tecnologia Dual Led<\/h2>\n<p>La perfetta polimerizzazione di gel e smalti ibridi \u00e8 garantita da <strong>42 LED opportunamente disposti<\/strong>, senza la cosiddetta zona morta. La forma chiusa, <strong>la cosiddetta &#8220;cabina&#8221;<\/strong>, su cui si \u00e8 fatto affidamento nella progettazione di questo modello, consente una polimerizzazione pi\u00f9 accurata e rapida<\/strong> dello styling delle unghie. <strong>La tecnologia Dual Led<\/strong> utilizzata fa s\u00ec che i diodi emettano luce a due lunghezze d&#8217;onda, evitando cos\u00ec di affaticare gli occhi e fornendo al dispositivo un <strong>ampio spettro d&#8217;azione<\/strong>. Le soluzioni selezionate facilitano la corretta polimerizzazione anche dei prodotti pi\u00f9 esigenti, consentendo di raggiungere anche le zone pi\u00f9 inaccessibili della lamina ungueale.<\/p>\n<h2>Regolazione del tempo di lavoro in base alle esigenze individuali<\/h2>\n<p>La lampada \u00e8 dotata di un timer con <strong>tre tempi di lavoro pre-programmati<\/strong>: 30 s, 60 s e 120 s (la cosiddetta &#8220;Modalit\u00e0 a Basso Calore&#8221;), che vengono visualizzati su un chiaro display digitale. <strong>Un sensore di movimento integrato<\/strong> attiva automaticamente la lampada quando le dita di una mano o di un piede vengono posizionate sotto di essa, presupponendo un tempo di esposizione massimo di 120 s. Questa funzione \u00e8 attiva quando non \u00e8 selezionata alcuna modalit\u00e0 e <strong>il display mostra il tempo di polimerizzazione trascorso<\/strong>. Ci\u00f2 consente di scegliere liberamente la durata dell&#8217;esposizione in base allo styling che si sta eseguendo in quel momento. Inoltre, quando si seleziona il sistema <strong>&#8220;Modalit\u00e0 Basso Calore&#8221;<\/strong> gi\u00e0 menzionato, <strong>la lampada si riscalda pi\u00f9 lentamente<\/strong> durante la polimerizzazione dello styling, aumentando gradualmente la sua potenza. <strong>Ci\u00f2 previene la sensazione di bruciore<\/strong> o di calore durante l&#8217;esposizione. Questa \u00e8 una funzione insostituibile, soprattutto durante la polimerizzazione dei gel, che spesso causa fastidio quando si utilizzano altre lampade disponibili sul mercato.<\/p>\n<h2>Look minimalista e funzionalit\u00e0<\/h2>\n<p>Le funzioni meticolosamente selezionate, la finitura opaca e le classiche tonalit\u00e0 bianche del corpo rendono la lampada <strong>un elemento di buon gusto, ma estremamente pratico<\/strong> dell&#8217;attrezzatura del salone. Le dimensioni adeguate <strong>consentono il libero posizionamento dell&#8217;intera mano o del piede sotto la lampada<\/strong> durante la procedura. Ci\u00f2 garantisce una polimerizzazione efficiente e uniforme dello styling e <strong>riduce il rischio di allergie<\/strong>. Ha un fondo facilmente rimovibile, che <strong>rende notevolmente pi\u00f9 facile posizionare il piede sotto di essa<\/strong> per trattamenti di pedicure o podologia. Questa opzione \u00e8 ottima anche per pulire o disinfettare il dispositivo.<\/p>\n<p>Assicurarsi di leggere attentamente le istruzioni prima dell&#8217;uso.<br \/><strong>Incluso:<\/strong> lampada, alimentatore, manuale.<\/p>\n<p><strong>Dati:<\/strong><br \/>Timer: 30 s, 60 s, 120 s<br \/>Tempo massimo di trattamento: 120 s<br \/>Sensore di movimento: s\u00ec<br \/>Tensione di ingresso: 100-240 V<br \/>Potenza: 84 W<br \/>Numero di LED: 42<br \/>Lunghezza d&#8217;onda della luce: 365 nm, 405 nm<br \/>Durata: 50.000 ore<br \/>Dimensioni: 23,5\u00d721,5\u00d712,5 cm<br \/>Colore della custodia: tonalit\u00e0 di nero<br \/>Garanzia: 12 mesi<\/p>\n<p><strong>Set include:<\/strong><br \/>147365 Smalto per unghie ibrido OCHO NAILS nero 002 -5 g 1 pz.<br \/>147464 Smalto per unghie ibrido OCHO NAILS glitter G05 -5 g 1 pz.<br \/>147462 Smalto per unghie ibrido OCHO NAILS glitter G03 -5 g 1 pz.<br \/>147369 Smalto per unghie ibrido OCHO NAILS rosso 203 -5 g 1 pz.<br \/>147515 OCHO NAILS Diamonds top coat no wipe 110 -5 g 1 pz.<br \/>147500 OCHO NAILS Base 101 -5 g 1 pz.<br \/>147505 OCHO NAILS Flex base 153 -5 g 1 pz.<br \/>147520 OCHO NAILS Oil cherry 132 -5 ml 1 pz.<br \/>147529 OCHO NAILS Primer senza acidi alle vitamine 120 -5 g 1 pz.<br \/>125992 OCHO NAILS Detergente alla fragola 100 ml 1 pz.<br \/>137672 OCHO NAILS Acetone alla fragola 100 ml 1 pz. <br \/>100994 OCHO NAILS Tamponi antipolvere 500 pz in una scatola 1 pz.<br \/>147530 OCHO NAILS Rimuovi cuticole 121 -5 g 1 pz.<br \/>138308 Cuscino manicure oro 1 pz.<br \/>137628 Lima mezzaluna EXO 100\/180 confezione sicura 3 pz.<br \/>147192 Ocho Nails Lampada UV LED 8 bianca 84 W 1 pz.<br \/>144219 OCHO zoccolo lucidato PO10 13,7 cm 1 pz.<\/p>\n<p>I prodotti Activeshop sono proporzionalmente pi\u00f9 economici di molti altri marchi\/fornitori. Il prezzo \u00e8 proporzionato alla qualit\u00e0. Kit Di Avviamento Ibrido Ocho Nails 3 \u00e8 quindi una soluzione accessibile per il tuo salone.<\/p>\n<h2>Come viene consegnato Kit Di Avviamento Ibrido Ocho Nails 3?<\/h2>\n<p>Kit Di Avviamento Ibrido Ocho Nails 3 viene consegnato nella confezione originale. In Italia la spedizione di Kit Di Avviamento Ibrido Ocho Nails 3 \u00e8 completamente gratuita per ordini a partire da 100,- euro. Per spedizioni verso altri paesi si applicano tariffe di spedizione separate. Puoi richiedere queste tariffe o trovarle nel carrello. Kit Di Avviamento Ibrido Ocho Nails 3 viene spedito tramite un corriere esterno.<\/p>\n<p>I pacchi o i pallet vengono consegnati di serie fino alla soglia della porta d&#8217;ingresso, anche se ti trovi in un edificio collettivo, condominio o complesso residenziale con ascensore (a condizione che l&#8217;articolo entri nell&#8217;ascensore). Non c&#8217;\u00e8 un ascensore o l&#8217;articolo non entra nell&#8217;ascensore? Allora consegniamo fino alla soglia del piano terra.<\/p>\n<p>Hai ancora domande sulla consegna o una situazione particolare? Contattaci e saremo lieti di aiutarti!<\/p>\n<p>*Gli articoli non vengono disimballati o montati di serie. In situazioni particolari puoi contattarci per fare accordi in merito.<\/p>\n<h2>Acquisti online sicuri su Salon For All con il marchio di qualit\u00e0 Webwinkelkeur e crittografia SSL<\/h2>\n<p>\u00c8 importante per noi che i nostri clienti possano fare acquisti online in sicurezza. Siamo affiliati al marchio di qualit\u00e0 nazionale Webwinkelkeur dal 2019. La nostra identit\u00e0 \u00e8 stata controllata e verificata da loro e il negozio online \u00e8 stato controllato e approvato legalmente. Inoltre, il nostro negozio online \u00e8 affiliato a loro per la mediazione delle controversie. Puoi vedere il badge con tutte le informazioni di questo marchio di qualit\u00e0 del negozio online sul lato sinistro o destro del negozio online (pulsante rosa con bianco). Inoltre, il nostro sito \u00e8 protetto con un certificato SSL in modo da poter navigare in sicurezza. Nella barra del tuo browser Internet, dove \u00e8 indicato il nostro sito web, vedrai un&#8217;icona a forma di lucchetto. Se clicchi sul lucchetto, otterrai tutte le informazioni sulla nostra sicurezza. In questo modo sai che il tuo ordine di Kit Di Avviamento Ibrido Ocho Nails 3 e i tuoi dati personali vengono elaborati in modo sicuro.<\/p>\n<h2>Come posso pagare Kit Di Avviamento Ibrido Ocho Nails 3?<\/h2>\n<p>Vogliamo renderti le cose il pi\u00f9 semplici possibile. Ecco perch\u00e9 su Salon For All puoi pagare con tutti i metodi di pagamento noti e comuni. Pagare in anticipo, alla consegna o in seguito; tutto \u00e8 possibile. Vedi qui tutti i metodi di pagamento che offriamo:<\/p>\n<ul>\n<li>iDEAL<\/li>\n<li>Carta di credito (Visa, Mastercard, American Express)<\/li>\n<li>Klarna &#8211; Pagamento posticipato con fattura<\/li>\n<li>PayPal<\/li>\n<li>Apple Pay<\/li>\n<li>Google Pay<\/li>\n<li>Bancontact<\/li>\n<li>Bonifico bancario SEPA<\/li>\n<li>MyBank (per clienti italiani)<\/li>\n<li>Fattura aziendale per imprese<\/li>\n<li>Pagamento nello showroom &#8211; Sia carta che contanti (Disponibile solo per il ritiro)<\/li>\n<\/ul>\n<h2>Consulta anche le recensioni di Salon For All<\/h2>\n<p>Consulta anche le nostre recensioni per tenere conto delle esperienze dei nostri clienti attuali nella tua decisione di ordinare Kit Di Avviamento Ibrido Ocho Nails 3 da noi. Attraverso il nostro marchio di qualit\u00e0 indipendente del negozio online Webwinkelkeur, vengono raccolte automaticamente recensioni verificate di clienti che hanno completato un ordine con noi. Puoi trovarle dietro il pulsante rosa sul nostro negozio online o sono elencate sotto i prodotti.<\/p>\n<p>Condividi anche la tua esperienza dopo il tuo acquisto con il tuo Kit Di Avviamento Ibrido Ocho Nails 3 ordinato e la tua esperienza con il processo di acquisto o il contatto con Salon For All per ispirare gli altri!<\/p>\n<h2>Contatto con Salon For All<\/h2>\n<p>Contattaci allora. Saremo lieti di aiutarti con l&#8217;acquisto di Kit Di Avviamento Ibrido Ocho Nails 3. Nei giorni feriali siamo raggiungibili al meglio tra le 8.30 e le 17.00 tramite il numero di telefono e l&#8217;indirizzo e-mail nella parte superiore del negozio online o tramite la funzione chat. Le domande al di fuori dell&#8217;orario d&#8217;ufficio vengono generalmente risposte entro 24 ore. \u00c8 anche possibile venirci a trovare al di fuori dei giorni feriali o dell&#8217;orario d&#8217;ufficio. Ma per questo \u00e8 necessario prendere un appuntamento in anticipo.<\/p>\n<h2>Vuoi venire nel nostro showroom?<\/h2>\n<p>Preferisci vedere Kit Di Avviamento Ibrido Ocho Nails 3 o esplorare la nostra offerta del negozio (online) insieme al nostro collega? Allora vieni nel nostro showroom con oltre 1000m\u00b2 di arredamento per saloni e lasciati ispirare dai nostri dipendenti. Anche se ti piace fare conoscenza in modo piacevole gustando una buona tazza di caff\u00e8 o t\u00e8, sei il benvenuto. Non abbiamo tutti i prodotti disponibili, quindi faccici sapere in anticipo che vuoi venire. Prendi sempre un appuntamento in anticipo.<\/p>\n<h2>14 giorni di riflessione e la nostra politica di reso<\/h2>\n<p>Naturalmente pu\u00f2 succedere che Kit Di Avviamento Ibrido Ocho Nails 3 consegnato non sia completamente di tuo gradimento e tu voglia restituirlo. Questo non \u00e8 assolutamente un problema con Salon For All. Devi segnalare il tuo reso entro 14 giorni lavorativi tramite <a href=\"mailto:info@salonforall.com\">info@salonforall.it<\/a>. Riceverai quindi prima tutte le istruzioni e condizioni di reso. Si prega di notare che Kit Di Avviamento Ibrido Ocho Nails 3 non deve essere stato utilizzato, deve contenere tutte le parti fornite e deve essere restituito imballato nella confezione originale. I costi di spedizione per un reso sono sempre a carico dell&#8217;acquirente per gli acquisti tramite www.salonforall.it. Devi organizzare tu stesso un trasporto presso un corriere di tua scelta per un reso. Una volta che Kit Di Avviamento Ibrido Ocho Nails 3 \u00e8 stato restituito, verr\u00e0 controllato per completezza e danni. Una volta che il reso \u00e8 stato approvato, l&#8217;importo di acquisto verr\u00e0 rimborsato entro 5 giorni lavorativi sul conto bancario da noi conosciuto.<\/p>\n<h2>Chi \u00e8 Salon For All?<\/h2>\n<p>Salon For All \u00e8 IL grossista per ogni arredamento di saloni in Europa. Salon For All \u00e8 iniziato nel 2003 con il nome Salonvoordeel ed \u00e8 nato dalla pratica. I proprietari di Salon For All erano parrucchieri e specialisti della bellezza esperti e hanno insieme oltre 30 anni di esperienza pratica. Nel 2003 abbiamo lanciato Salonvoordeel.nl (Paesi Bassi) e successivamente \u00e8 stato fondato Salon For All per il mercato europeo. Alcuni dei nostri dipendenti hanno avviato una propria attivit\u00e0 e cos\u00ec \u00e8 nata l&#8217;idea di avviare un negozio online funzionale per parrucchieri e aiutarli con l&#8217;arredamento del loro salone.<\/p>\n<p>Il nostro showroom si trova a Dinxperlo, direttamente al confine tra i Paesi Bassi e la Germania. Con la nostra pluriennale esperienza nel settore possiamo farti da specchio e fornirti la giusta consulenza. Parliamo la stessa lingua! Ti consigliamo, ispiriamo, motiviamo e ti aiutiamo nell&#8217;acquisto di Kit Di Avviamento Ibrido Ocho Nails 3. I nostri fornitori si trovano in tutta Europa, dalla Germania, Inghilterra, Italia fino alla Polonia.<\/p>","protected":false},"excerpt":{"rendered":"<p>Il prodotto Kit Di Avviamento Ibrido Ocho Nails 3 \u00e8 una soluzione conveniente per qualsiasi salone o studio professionale. Il tempo di consegna previsto \u00e8 di circa 6 giorni lavorativi.<\/p>","protected":false},"featured_media":15408,"comment_status":"open","ping_status":"open","template":"","meta":[],"product_brand":[1414],"product_cat":[5190,623],"product_tag":[5191,625],"class_list":{"0":"post-15407","1":"product","2":"type-product","3":"status-publish","4":"has-post-thumbnail","6":"product_brand-ocho-nails","7":"product_cat-kit-uv-promozionali","8":"product_cat-unghie","9":"product_tag-kit-uv-promozionali","10":"product_tag-unghie","11":"pa_codice-ean-5193","12":"pa_garanzia-12-mesi","13":"pa_marca-ocho-nails","14":"pa_numero-dellarticolo-5192","15":"pa_tempo-di-consegna-stimato-3-4-giorni-lavorativi","17":"first","18":"outofstock","19":"sale","20":"taxable","21":"shipping-taxable","22":"purchasable","23":"product-type-simple"},"yoast_head":"<!-- This site is optimized with the Yoast SEO plugin v27.5 - https:\/\/yoast.com\/product\/yoast-seo-wordpress\/ -->\n<title>Kit Di Avviamento Ibrido Ocho Nails 3 acquistare<\/title>\n<meta name=\"description\" content=\"Acquista Kit Di Avviamento Ibrido Ocho Nails 3 online o nello showroom da Salon For All Italia. Il grossista per saloni, studi e spa in Italia e Svizzera.\" \/>\n<meta name=\"robots\" content=\"index, follow, max-snippet:-1, max-image-preview:large, max-video-preview:-1\" \/>\n<link rel=\"canonical\" href=\"https:\/\/salonforall.it\/en\/kit-di-avviamento-ibrido-ocho-nails-3\/\" \/>\n<meta property=\"og:locale\" content=\"en_GB\" \/>\n<meta property=\"og:type\" content=\"article\" \/>\n<meta property=\"og:title\" content=\"Kit Di Avviamento Ibrido Ocho Nails 3\" \/>\n<meta property=\"og:description\" content=\"Acquista Kit Di Avviamento Ibrido Ocho Nails 3 online o nello showroom da Salon For All Italia. Il grossista per saloni, studi e spa in Italia e Svizzera.\" \/>\n<meta property=\"og:url\" content=\"https:\/\/salonforall.it\/en\/kit-di-avviamento-ibrido-ocho-nails-3\/\" \/>\n<meta property=\"og:site_name\" content=\"Salon For All Italia\" \/>\n<meta property=\"article:modified_time\" content=\"2026-03-30T02:45:18+00:00\" \/>\n<meta property=\"og:image\" content=\"https:\/\/salonforall.it\/wp-content\/uploads\/2025\/12\/Kit-Di-Avviamento-Ibrido-Ocho-Nails-3-1.jpg\" \/>\n\t<meta property=\"og:image:width\" content=\"1200\" \/>\n\t<meta property=\"og:image:height\" content=\"1200\" \/>\n\t<meta property=\"og:image:type\" content=\"image\/jpeg\" \/>\n<meta name=\"twitter:card\" content=\"summary_large_image\" \/>\n<meta name=\"twitter:title\" content=\"Kit Di Avviamento Ibrido Ocho Nails 3\" \/>\n<meta name=\"twitter:label1\" content=\"Estimated reading time\" \/>\n\t<meta name=\"twitter:data1\" content=\"9 minutes\" \/>\n<script type=\"application\/ld+json\" class=\"yoast-schema-graph\">{\"@context\":\"https:\\\/\\\/schema.org\",\"@graph\":[{\"@type\":\"WebPage\",\"@id\":\"https:\\\/\\\/salonforall.it\\\/kit-di-avviamento-ibrido-ocho-nails-3\\\/\",\"url\":\"https:\\\/\\\/salonforall.it\\\/kit-di-avviamento-ibrido-ocho-nails-3\\\/\",\"name\":\"Kit Di Avviamento Ibrido Ocho Nails 3 acquistare\",\"isPartOf\":{\"@id\":\"https:\\\/\\\/salonforall.it\\\/#website\"},\"primaryImageOfPage\":{\"@id\":\"https:\\\/\\\/salonforall.it\\\/kit-di-avviamento-ibrido-ocho-nails-3\\\/#primaryimage\"},\"image\":{\"@id\":\"https:\\\/\\\/salonforall.it\\\/kit-di-avviamento-ibrido-ocho-nails-3\\\/#primaryimage\"},\"thumbnailUrl\":\"https:\\\/\\\/salonforall.it\\\/wp-content\\\/uploads\\\/2025\\\/12\\\/Kit-Di-Avviamento-Ibrido-Ocho-Nails-3-1.jpg\",\"datePublished\":\"2025-12-03T16:32:20+00:00\",\"dateModified\":\"2026-03-30T02:45:18+00:00\",\"description\":\"Acquista Kit Di Avviamento Ibrido Ocho Nails 3 online o nello showroom da Salon For All Italia. Il grossista per saloni, studi e spa in Italia e Svizzera.\",\"breadcrumb\":{\"@id\":\"https:\\\/\\\/salonforall.it\\\/kit-di-avviamento-ibrido-ocho-nails-3\\\/#breadcrumb\"},\"inLanguage\":\"en-GB\",\"potentialAction\":[{\"@type\":\"ReadAction\",\"target\":[\"https:\\\/\\\/salonforall.it\\\/kit-di-avviamento-ibrido-ocho-nails-3\\\/\"]}]},{\"@type\":\"ImageObject\",\"inLanguage\":\"en-GB\",\"@id\":\"https:\\\/\\\/salonforall.it\\\/kit-di-avviamento-ibrido-ocho-nails-3\\\/#primaryimage\",\"url\":\"https:\\\/\\\/salonforall.it\\\/wp-content\\\/uploads\\\/2025\\\/12\\\/Kit-Di-Avviamento-Ibrido-Ocho-Nails-3-1.jpg\",\"contentUrl\":\"https:\\\/\\\/salonforall.it\\\/wp-content\\\/uploads\\\/2025\\\/12\\\/Kit-Di-Avviamento-Ibrido-Ocho-Nails-3-1.jpg\",\"width\":1200,\"height\":1200,\"caption\":\"Kit Di Avviamento Ibrido Ocho Nails 3\"},{\"@type\":\"BreadcrumbList\",\"@id\":\"https:\\\/\\\/salonforall.it\\\/kit-di-avviamento-ibrido-ocho-nails-3\\\/#breadcrumb\",\"itemListElement\":[{\"@type\":\"ListItem\",\"position\":1,\"name\":\"Home\",\"item\":\"https:\\\/\\\/salonforall.it\\\/\"},{\"@type\":\"ListItem\",\"position\":2,\"name\":\"Winkel\",\"item\":\"https:\\\/\\\/salonforall.it\\\/winkel\\\/\"},{\"@type\":\"ListItem\",\"position\":3,\"name\":\"Kit Di Avviamento Ibrido Ocho Nails 3\"}]},{\"@type\":\"WebSite\",\"@id\":\"https:\\\/\\\/salonforall.it\\\/#website\",\"url\":\"https:\\\/\\\/salonforall.it\\\/\",\"name\":\"Salon For All Italia\",\"description\":\"Grossista di mobili e forniture per studi medici e saloni\",\"publisher\":{\"@id\":\"https:\\\/\\\/salonforall.it\\\/#organization\"},\"potentialAction\":[{\"@type\":\"SearchAction\",\"target\":{\"@type\":\"EntryPoint\",\"urlTemplate\":\"https:\\\/\\\/salonforall.it\\\/?s={search_term_string}\"},\"query-input\":{\"@type\":\"PropertyValueSpecification\",\"valueRequired\":true,\"valueName\":\"search_term_string\"}}],\"inLanguage\":\"en-GB\"},{\"@type\":\"Organization\",\"@id\":\"https:\\\/\\\/salonforall.it\\\/#organization\",\"name\":\"Salon For All Italia\",\"url\":\"https:\\\/\\\/salonforall.it\\\/\",\"logo\":{\"@type\":\"ImageObject\",\"inLanguage\":\"en-GB\",\"@id\":\"https:\\\/\\\/salonforall.it\\\/#\\\/schema\\\/logo\\\/image\\\/\",\"url\":\"https:\\\/\\\/salonforall.it\\\/wp-content\\\/uploads\\\/2025\\\/11\\\/logo-salon-for-all-e1764543264615.png\",\"contentUrl\":\"https:\\\/\\\/salonforall.it\\\/wp-content\\\/uploads\\\/2025\\\/11\\\/logo-salon-for-all-e1764543264615.png\",\"width\":500,\"height\":150,\"caption\":\"Salon For All Italia\"},\"image\":{\"@id\":\"https:\\\/\\\/salonforall.it\\\/#\\\/schema\\\/logo\\\/image\\\/\"}}]}<\/script>\n<!-- \/ Yoast SEO plugin. -->","yoast_head_json":{"title":"Kit Di Avviamento Ibrido Ocho Nails 3 acquistare","description":"Acquista Kit Di Avviamento Ibrido Ocho Nails 3 online o nello showroom da Salon For All Italia. Il grossista per saloni, studi e spa in Italia e Svizzera.","robots":{"index":"index","follow":"follow","max-snippet":"max-snippet:-1","max-image-preview":"max-image-preview:large","max-video-preview":"max-video-preview:-1"},"canonical":"https:\/\/salonforall.it\/en\/kit-di-avviamento-ibrido-ocho-nails-3\/","og_locale":"en_GB","og_type":"article","og_title":"Kit Di Avviamento Ibrido Ocho Nails 3","og_description":"Acquista Kit Di Avviamento Ibrido Ocho Nails 3 online o nello showroom da Salon For All Italia. Il grossista per saloni, studi e spa in Italia e Svizzera.","og_url":"https:\/\/salonforall.it\/en\/kit-di-avviamento-ibrido-ocho-nails-3\/","og_site_name":"Salon For All Italia","article_modified_time":"2026-03-30T02:45:18+00:00","og_image":[{"width":1200,"height":1200,"url":"https:\/\/salonforall.it\/wp-content\/uploads\/2025\/12\/Kit-Di-Avviamento-Ibrido-Ocho-Nails-3-1.jpg","type":"image\/jpeg"}],"twitter_card":"summary_large_image","twitter_title":"Kit Di Avviamento Ibrido Ocho Nails 3","twitter_misc":{"Estimated reading time":"9 minutes"},"schema":{"@context":"https:\/\/schema.org","@graph":[{"@type":"WebPage","@id":"https:\/\/salonforall.it\/kit-di-avviamento-ibrido-ocho-nails-3\/","url":"https:\/\/salonforall.it\/kit-di-avviamento-ibrido-ocho-nails-3\/","name":"Kit Di Avviamento Ibrido Ocho Nails 3 acquistare","isPartOf":{"@id":"https:\/\/salonforall.it\/#website"},"primaryImageOfPage":{"@id":"https:\/\/salonforall.it\/kit-di-avviamento-ibrido-ocho-nails-3\/#primaryimage"},"image":{"@id":"https:\/\/salonforall.it\/kit-di-avviamento-ibrido-ocho-nails-3\/#primaryimage"},"thumbnailUrl":"https:\/\/salonforall.it\/wp-content\/uploads\/2025\/12\/Kit-Di-Avviamento-Ibrido-Ocho-Nails-3-1.jpg","datePublished":"2025-12-03T16:32:20+00:00","dateModified":"2026-03-30T02:45:18+00:00","description":"Acquista Kit Di Avviamento Ibrido Ocho Nails 3 online o nello showroom da Salon For All Italia. Il grossista per saloni, studi e spa in Italia e Svizzera.","breadcrumb":{"@id":"https:\/\/salonforall.it\/kit-di-avviamento-ibrido-ocho-nails-3\/#breadcrumb"},"inLanguage":"en-GB","potentialAction":[{"@type":"ReadAction","target":["https:\/\/salonforall.it\/kit-di-avviamento-ibrido-ocho-nails-3\/"]}]},{"@type":"ImageObject","inLanguage":"en-GB","@id":"https:\/\/salonforall.it\/kit-di-avviamento-ibrido-ocho-nails-3\/#primaryimage","url":"https:\/\/salonforall.it\/wp-content\/uploads\/2025\/12\/Kit-Di-Avviamento-Ibrido-Ocho-Nails-3-1.jpg","contentUrl":"https:\/\/salonforall.it\/wp-content\/uploads\/2025\/12\/Kit-Di-Avviamento-Ibrido-Ocho-Nails-3-1.jpg","width":1200,"height":1200,"caption":"Kit Di Avviamento Ibrido Ocho Nails 3"},{"@type":"BreadcrumbList","@id":"https:\/\/salonforall.it\/kit-di-avviamento-ibrido-ocho-nails-3\/#breadcrumb","itemListElement":[{"@type":"ListItem","position":1,"name":"Home","item":"https:\/\/salonforall.it\/"},{"@type":"ListItem","position":2,"name":"Winkel","item":"https:\/\/salonforall.it\/winkel\/"},{"@type":"ListItem","position":3,"name":"Kit Di Avviamento Ibrido Ocho Nails 3"}]},{"@type":"WebSite","@id":"https:\/\/salonforall.it\/#website","url":"https:\/\/salonforall.it\/","name":"Salon For All Italia","description":"Grossista di mobili e forniture per studi medici e saloni","publisher":{"@id":"https:\/\/salonforall.it\/#organization"},"potentialAction":[{"@type":"SearchAction","target":{"@type":"EntryPoint","urlTemplate":"https:\/\/salonforall.it\/?s={search_term_string}"},"query-input":{"@type":"PropertyValueSpecification","valueRequired":true,"valueName":"search_term_string"}}],"inLanguage":"en-GB"},{"@type":"Organization","@id":"https:\/\/salonforall.it\/#organization","name":"Salon For All Italia","url":"https:\/\/salonforall.it\/","logo":{"@type":"ImageObject","inLanguage":"en-GB","@id":"https:\/\/salonforall.it\/#\/schema\/logo\/image\/","url":"https:\/\/salonforall.it\/wp-content\/uploads\/2025\/11\/logo-salon-for-all-e1764543264615.png","contentUrl":"https:\/\/salonforall.it\/wp-content\/uploads\/2025\/11\/logo-salon-for-all-e1764543264615.png","width":500,"height":150,"caption":"Salon For All Italia"},"image":{"@id":"https:\/\/salonforall.it\/#\/schema\/logo\/image\/"}}]}},"_links":{"self":[{"href":"https:\/\/salonforall.it\/en\/wp-json\/wp\/v2\/product\/15407","targetHints":{"allow":["GET"]}}],"collection":[{"href":"https:\/\/salonforall.it\/en\/wp-json\/wp\/v2\/product"}],"about":[{"href":"https:\/\/salonforall.it\/en\/wp-json\/wp\/v2\/types\/product"}],"replies":[{"embeddable":true,"href":"https:\/\/salonforall.it\/en\/wp-json\/wp\/v2\/comments?post=15407"}],"wp:featuredmedia":[{"embeddable":true,"href":"https:\/\/salonforall.it\/en\/wp-json\/wp\/v2\/media\/15408"}],"wp:attachment":[{"href":"https:\/\/salonforall.it\/en\/wp-json\/wp\/v2\/media?parent=15407"}],"wp:term":[{"taxonomy":"product_brand","embeddable":true,"href":"https:\/\/salonforall.it\/en\/wp-json\/wp\/v2\/product_brand?post=15407"},{"taxonomy":"product_cat","embeddable":true,"href":"https:\/\/salonforall.it\/en\/wp-json\/wp\/v2\/product_cat?post=15407"},{"taxonomy":"product_tag","embeddable":true,"href":"https:\/\/salonforall.it\/en\/wp-json\/wp\/v2\/product_tag?post=15407"}],"curies":[{"name":"wp","href":"https:\/\/api.w.org\/{rel}","templated":true}]}}