{"id":15417,"date":"2025-12-03T16:32:20","date_gmt":"2025-12-03T16:32:20","guid":{"rendered":"https:\/\/salonforall.it\/kit-di-avviamento-ibrido-ocho-nails-7\/"},"modified":"2026-03-30T02:45:22","modified_gmt":"2026-03-30T02:45:22","slug":"kit-di-avviamento-ibrido-ocho-nails-7","status":"publish","type":"product","link":"https:\/\/salonforall.it\/en\/kit-di-avviamento-ibrido-ocho-nails-7\/","title":{"rendered":"Kit Di Avviamento Ibrido Ocho Nails 7"},"content":{"rendered":"<h2>Informazioni su Kit Di Avviamento Ibrido Ocho Nails 7 con codice articolo 148221<\/h2>\n<h2><strong>KIT IBRIDO OCHO NAILS STARTER 7:<\/strong><\/h2>\n<p>Il set contiene i prodotti essenziali per lo styling delle unghie. Include smalti ibridi, liquidi e preparati, oltre ad accessori. Inoltre, \u00e8 completato da una lampada professionale per la polimerizzazione delle unghie ibride.<\/p>\n<p><strong>OCHO NAILS<\/strong> \u00e8 un marchio unico nel suo genere, specializzato in prodotti professionali per nail stylist. Il suo assortimento comprende smalti ibridi, gel per unghie, lampade specifiche e accessori per la cura delle unghie. <strong>I prodotti OCHO NAILS<\/strong> soddisferanno le esigenze sia delle utenti esperte che di coloro che si avvicinano per la prima volta alla manicure.<\/p>\n<h2><strong>Lampada UV LED GLOW V7 168W<\/strong><\/h2>\n<p>Lampada UV\/LED professionale di ultima generazione che polimerizza rapidamente e uniformemente tutti i gel, gli smalti ibridi e altri preparati fotopolimerizzabili grazie all&#8217;utilizzo della tecnologia a doppio LED. Emette luce bianca che non affatica la vista. La lampada V7 \u00e8 dotata di una sorgente luminosa ad alta potenza e risparmio energetico e di una doppia lunghezza d&#8217;onda di 365 nm e 405 nm. Inoltre, 36 LED forniscono una potenza massima totale di 168 W! La lampada \u00e8 dotata di un sensore di movimento integrato, un timer di 10, 30, 60 e 99 secondi e, dopo l&#8217;attivazione del sensore, rimane accesa ininterrottamente per 99 secondi. La &#8220;Modalit\u00e0 a Basso Calore&#8221; da 99 secondi \u00e8 una modalit\u00e0 in cui la potenza della lampada aumenta gradualmente ogni 30 secondi. Riduce la sensazione di bruciore durante l&#8217;applicazione dei gel builder. L&#8217;ampio display elettronico facilita il controllo del tempo.<\/p>\n<p>Tempi di funzionamento: 10 s, 30 s, 60 s, 99 s<br \/>Banda di luce: 365 nm, 405 nm<br \/>Durata: 50.000 ore<\/p>\n<p><strong>Il set include:<\/strong><br \/>147500 OCHO NAILS Base 101 -5 g 1 pz.<br \/>147516 OCHO NAILS top opaco no wipe 111 -5 g 1 pz.<br \/>147366 OCHO NAILS Smalto ibrido bianco 001 -5 g 1 pz.<br \/>147370 OCHO NAILS Smalto ibrido rosso 204 -5 g 1 pz.<br \/>147456 OCHO NAILS Smalto ibrido nude N09 -5 g 1 szt.<br \/>147365 Smalto ibrido OCHO NAILS nero 002 -5 g 1 szt.<br \/>147529 Primer senza acidi OCHO NAILS Vitamins 120 -5 g 1 pz.<br \/>125992 Detergente OCHO NAILS alla fragola 100 ml 1 pz.<br \/>137672 Acetone OCHO NAILS alla fragola 100 ml 1 pz. <br \/>100994 Tamponi antipolvere OCHO NAILS 500 pz. in una scatola 1 pz.<br \/>147518 Olio OCHO NAILS alla ciliegia 130 -5 ml 1 pz.<br \/>137505 Lampada UV LED GLOW V7 168W 1 pz.<br \/>148224 Blocco bianco 1 pz. UK<br \/>100954 Lima dritta grande nera 80\/100 1 pz.<\/p>\n<p>I prodotti Activeshop sono proporzionalmente pi\u00f9 economici di molti altri marchi\/fornitori. Il prezzo \u00e8 proporzionato alla qualit\u00e0. Kit Di Avviamento Ibrido Ocho Nails 7 \u00e8 quindi una soluzione accessibile per il tuo salone.<\/p>\n<h2>Come viene consegnato Kit Di Avviamento Ibrido Ocho Nails 7?<\/h2>\n<p>Kit Di Avviamento Ibrido Ocho Nails 7 viene consegnato nella confezione originale. In Italia la spedizione di Kit Di Avviamento Ibrido Ocho Nails 7 \u00e8 completamente gratuita per ordini a partire da 100,- euro. Per spedizioni verso altri paesi si applicano tariffe di spedizione separate. Puoi richiedere queste tariffe o trovarle nel carrello. Kit Di Avviamento Ibrido Ocho Nails 7 viene spedito tramite un corriere esterno.<\/p>\n<p>I pacchi o i pallet vengono consegnati di serie fino alla soglia della porta d&#8217;ingresso, anche se ti trovi in un edificio collettivo, condominio o complesso residenziale con ascensore (a condizione che l&#8217;articolo entri nell&#8217;ascensore). Non c&#8217;\u00e8 un ascensore o l&#8217;articolo non entra nell&#8217;ascensore? Allora consegniamo fino alla soglia del piano terra.<\/p>\n<p>Hai ancora domande sulla consegna o una situazione particolare? Contattaci e saremo lieti di aiutarti!<\/p>\n<p>*Gli articoli non vengono disimballati o montati di serie. In situazioni particolari puoi contattarci per fare accordi in merito.<\/p>\n<h2>Acquisti online sicuri su Salon For All con il marchio di qualit\u00e0 Webwinkelkeur e crittografia SSL<\/h2>\n<p>\u00c8 importante per noi che i nostri clienti possano fare acquisti online in sicurezza. Siamo affiliati al marchio di qualit\u00e0 nazionale Webwinkelkeur dal 2019. La nostra identit\u00e0 \u00e8 stata controllata e verificata da loro e il negozio online \u00e8 stato controllato e approvato legalmente. Inoltre, il nostro negozio online \u00e8 affiliato a loro per la mediazione delle controversie. Puoi vedere il badge con tutte le informazioni di questo marchio di qualit\u00e0 del negozio online sul lato sinistro o destro del negozio online (pulsante rosa con bianco). Inoltre, il nostro sito \u00e8 protetto con un certificato SSL in modo da poter navigare in sicurezza. Nella barra del tuo browser Internet, dove \u00e8 indicato il nostro sito web, vedrai un&#8217;icona a forma di lucchetto. Se clicchi sul lucchetto, otterrai tutte le informazioni sulla nostra sicurezza. In questo modo sai che il tuo ordine di Kit Di Avviamento Ibrido Ocho Nails 7 e i tuoi dati personali vengono elaborati in modo sicuro.<\/p>\n<h2>Come posso pagare Kit Di Avviamento Ibrido Ocho Nails 7?<\/h2>\n<p>Vogliamo renderti le cose il pi\u00f9 semplici possibile. Ecco perch\u00e9 su Salon For All puoi pagare con tutti i metodi di pagamento noti e comuni. Pagare in anticipo, alla consegna o in seguito; tutto \u00e8 possibile. Vedi qui tutti i metodi di pagamento che offriamo:<\/p>\n<ul>\n<li>iDEAL<\/li>\n<li>Carta di credito (Visa, Mastercard, American Express)<\/li>\n<li>Klarna &#8211; Pagamento posticipato con fattura<\/li>\n<li>PayPal<\/li>\n<li>Apple Pay<\/li>\n<li>Google Pay<\/li>\n<li>Bancontact<\/li>\n<li>Bonifico bancario SEPA<\/li>\n<li>MyBank (per clienti italiani)<\/li>\n<li>Fattura aziendale per imprese<\/li>\n<li>Pagamento nello showroom &#8211; Sia carta che contanti (Disponibile solo per il ritiro)<\/li>\n<\/ul>\n<h2>Consulta anche le recensioni di Salon For All<\/h2>\n<p>Consulta anche le nostre recensioni per tenere conto delle esperienze dei nostri clienti attuali nella tua decisione di ordinare Kit Di Avviamento Ibrido Ocho Nails 7 da noi. Attraverso il nostro marchio di qualit\u00e0 indipendente del negozio online Webwinkelkeur, vengono raccolte automaticamente recensioni verificate di clienti che hanno completato un ordine con noi. Puoi trovarle dietro il pulsante rosa sul nostro negozio online o sono elencate sotto i prodotti.<\/p>\n<p>Condividi anche la tua esperienza dopo il tuo acquisto con il tuo Kit Di Avviamento Ibrido Ocho Nails 7 ordinato e la tua esperienza con il processo di acquisto o il contatto con Salon For All per ispirare gli altri!<\/p>\n<h2>Contatto con Salon For All<\/h2>\n<p>Contattaci allora. Saremo lieti di aiutarti con l&#8217;acquisto di Kit Di Avviamento Ibrido Ocho Nails 7. Nei giorni feriali siamo raggiungibili al meglio tra le 8.30 e le 17.00 tramite il numero di telefono e l&#8217;indirizzo e-mail nella parte superiore del negozio online o tramite la funzione chat. Le domande al di fuori dell&#8217;orario d&#8217;ufficio vengono generalmente risposte entro 24 ore. \u00c8 anche possibile venirci a trovare al di fuori dei giorni feriali o dell&#8217;orario d&#8217;ufficio. Ma per questo \u00e8 necessario prendere un appuntamento in anticipo.<\/p>\n<h2>Vuoi venire nel nostro showroom?<\/h2>\n<p>Preferisci vedere Kit Di Avviamento Ibrido Ocho Nails 7 o esplorare la nostra offerta del negozio (online) insieme al nostro collega? Allora vieni nel nostro showroom con oltre 1000m\u00b2 di arredamento per saloni e lasciati ispirare dai nostri dipendenti. Anche se ti piace fare conoscenza in modo piacevole gustando una buona tazza di caff\u00e8 o t\u00e8, sei il benvenuto. Non abbiamo tutti i prodotti disponibili, quindi faccici sapere in anticipo che vuoi venire. Prendi sempre un appuntamento in anticipo.<\/p>\n<h2>14 giorni di riflessione e la nostra politica di reso<\/h2>\n<p>Naturalmente pu\u00f2 succedere che Kit Di Avviamento Ibrido Ocho Nails 7 consegnato non sia completamente di tuo gradimento e tu voglia restituirlo. Questo non \u00e8 assolutamente un problema con Salon For All. Devi segnalare il tuo reso entro 14 giorni lavorativi tramite <a href=\"mailto:info@salonforall.com\">info@salonforall.it<\/a>. Riceverai quindi prima tutte le istruzioni e condizioni di reso. Si prega di notare che Kit Di Avviamento Ibrido Ocho Nails 7 non deve essere stato utilizzato, deve contenere tutte le parti fornite e deve essere restituito imballato nella confezione originale. I costi di spedizione per un reso sono sempre a carico dell&#8217;acquirente per gli acquisti tramite www.salonforall.it. Devi organizzare tu stesso un trasporto presso un corriere di tua scelta per un reso. Una volta che Kit Di Avviamento Ibrido Ocho Nails 7 \u00e8 stato restituito, verr\u00e0 controllato per completezza e danni. Una volta che il reso \u00e8 stato approvato, l&#8217;importo di acquisto verr\u00e0 rimborsato entro 5 giorni lavorativi sul conto bancario da noi conosciuto.<\/p>\n<h2>Chi \u00e8 Salon For All?<\/h2>\n<p>Salon For All \u00e8 IL grossista per ogni arredamento di saloni in Europa. Salon For All \u00e8 iniziato nel 2003 con il nome Salonvoordeel ed \u00e8 nato dalla pratica. I proprietari di Salon For All erano parrucchieri e specialisti della bellezza esperti e hanno insieme oltre 30 anni di esperienza pratica. Nel 2003 abbiamo lanciato Salonvoordeel.nl (Paesi Bassi) e successivamente \u00e8 stato fondato Salon For All per il mercato europeo. Alcuni dei nostri dipendenti hanno avviato una propria attivit\u00e0 e cos\u00ec \u00e8 nata l&#8217;idea di avviare un negozio online funzionale per parrucchieri e aiutarli con l&#8217;arredamento del loro salone.<\/p>\n<p>Il nostro showroom si trova a Dinxperlo, direttamente al confine tra i Paesi Bassi e la Germania. Con la nostra pluriennale esperienza nel settore possiamo farti da specchio e fornirti la giusta consulenza. Parliamo la stessa lingua! Ti consigliamo, ispiriamo, motiviamo e ti aiutiamo nell&#8217;acquisto di Kit Di Avviamento Ibrido Ocho Nails 7. I nostri fornitori si trovano in tutta Europa, dalla Germania, Inghilterra, Italia fino alla Polonia.<\/p>","protected":false},"excerpt":{"rendered":"<p>Il prodotto Kit Di Avviamento Ibrido Ocho Nails 7 \u00e8 una soluzione conveniente per qualsiasi salone o studio professionale. Il tempo di consegna previsto \u00e8 di circa 6 giorni lavorativi.<\/p>","protected":false},"featured_media":15418,"comment_status":"open","ping_status":"open","template":"","meta":[],"product_brand":[1414],"product_cat":[5190,623],"product_tag":[5191,625],"class_list":{"0":"post-15417","1":"product","2":"type-product","3":"status-publish","4":"has-post-thumbnail","6":"product_brand-ocho-nails","7":"product_cat-kit-uv-promozionali","8":"product_cat-unghie","9":"product_tag-kit-uv-promozionali","10":"product_tag-unghie","11":"pa_codice-ean-5203","12":"pa_garanzia-12-mesi","13":"pa_marca-ocho-nails","14":"pa_numero-dellarticolo-5202","15":"pa_tempo-di-consegna-stimato-3-4-giorni-lavorativi","17":"first","18":"outofstock","19":"sale","20":"taxable","21":"shipping-taxable","22":"purchasable","23":"product-type-simple"},"yoast_head":"<!-- This site is optimized with the Yoast SEO plugin v27.5 - https:\/\/yoast.com\/product\/yoast-seo-wordpress\/ -->\n<title>Kit Di Avviamento Ibrido Ocho Nails 7 acquistare<\/title>\n<meta name=\"description\" content=\"Acquista Kit Di Avviamento Ibrido Ocho Nails 7 online o nello showroom da Salon For All Italia. Il grossista per saloni, studi e spa in Italia e Svizzera.\" \/>\n<meta name=\"robots\" content=\"index, follow, max-snippet:-1, max-image-preview:large, max-video-preview:-1\" \/>\n<link rel=\"canonical\" href=\"https:\/\/salonforall.it\/en\/kit-di-avviamento-ibrido-ocho-nails-7\/\" \/>\n<meta property=\"og:locale\" content=\"en_GB\" \/>\n<meta property=\"og:type\" content=\"article\" \/>\n<meta property=\"og:title\" content=\"Kit Di Avviamento Ibrido Ocho Nails 7\" \/>\n<meta property=\"og:description\" content=\"Acquista Kit Di Avviamento Ibrido Ocho Nails 7 online o nello showroom da Salon For All Italia. Il grossista per saloni, studi e spa in Italia e Svizzera.\" \/>\n<meta property=\"og:url\" content=\"https:\/\/salonforall.it\/en\/kit-di-avviamento-ibrido-ocho-nails-7\/\" \/>\n<meta property=\"og:site_name\" content=\"Salon For All Italia\" \/>\n<meta property=\"article:modified_time\" content=\"2026-03-30T02:45:22+00:00\" \/>\n<meta property=\"og:image\" content=\"https:\/\/salonforall.it\/wp-content\/uploads\/2025\/12\/Kit-Di-Avviamento-Ibrido-Ocho-Nails-7-1.jpg\" \/>\n\t<meta property=\"og:image:width\" content=\"1200\" \/>\n\t<meta property=\"og:image:height\" content=\"1200\" \/>\n\t<meta property=\"og:image:type\" content=\"image\/jpeg\" \/>\n<meta name=\"twitter:card\" content=\"summary_large_image\" \/>\n<meta name=\"twitter:title\" content=\"Kit Di Avviamento Ibrido Ocho Nails 7\" \/>\n<meta name=\"twitter:label1\" content=\"Estimated reading time\" \/>\n\t<meta name=\"twitter:data1\" content=\"7 minutes\" \/>\n<script type=\"application\/ld+json\" class=\"yoast-schema-graph\">{\"@context\":\"https:\\\/\\\/schema.org\",\"@graph\":[{\"@type\":\"WebPage\",\"@id\":\"https:\\\/\\\/salonforall.it\\\/kit-di-avviamento-ibrido-ocho-nails-7\\\/\",\"url\":\"https:\\\/\\\/salonforall.it\\\/kit-di-avviamento-ibrido-ocho-nails-7\\\/\",\"name\":\"Kit Di Avviamento Ibrido Ocho Nails 7 acquistare\",\"isPartOf\":{\"@id\":\"https:\\\/\\\/salonforall.it\\\/#website\"},\"primaryImageOfPage\":{\"@id\":\"https:\\\/\\\/salonforall.it\\\/kit-di-avviamento-ibrido-ocho-nails-7\\\/#primaryimage\"},\"image\":{\"@id\":\"https:\\\/\\\/salonforall.it\\\/kit-di-avviamento-ibrido-ocho-nails-7\\\/#primaryimage\"},\"thumbnailUrl\":\"https:\\\/\\\/salonforall.it\\\/wp-content\\\/uploads\\\/2025\\\/12\\\/Kit-Di-Avviamento-Ibrido-Ocho-Nails-7-1.jpg\",\"datePublished\":\"2025-12-03T16:32:20+00:00\",\"dateModified\":\"2026-03-30T02:45:22+00:00\",\"description\":\"Acquista Kit Di Avviamento Ibrido Ocho Nails 7 online o nello showroom da Salon For All Italia. Il grossista per saloni, studi e spa in Italia e Svizzera.\",\"breadcrumb\":{\"@id\":\"https:\\\/\\\/salonforall.it\\\/kit-di-avviamento-ibrido-ocho-nails-7\\\/#breadcrumb\"},\"inLanguage\":\"en-GB\",\"potentialAction\":[{\"@type\":\"ReadAction\",\"target\":[\"https:\\\/\\\/salonforall.it\\\/kit-di-avviamento-ibrido-ocho-nails-7\\\/\"]}]},{\"@type\":\"ImageObject\",\"inLanguage\":\"en-GB\",\"@id\":\"https:\\\/\\\/salonforall.it\\\/kit-di-avviamento-ibrido-ocho-nails-7\\\/#primaryimage\",\"url\":\"https:\\\/\\\/salonforall.it\\\/wp-content\\\/uploads\\\/2025\\\/12\\\/Kit-Di-Avviamento-Ibrido-Ocho-Nails-7-1.jpg\",\"contentUrl\":\"https:\\\/\\\/salonforall.it\\\/wp-content\\\/uploads\\\/2025\\\/12\\\/Kit-Di-Avviamento-Ibrido-Ocho-Nails-7-1.jpg\",\"width\":1200,\"height\":1200,\"caption\":\"Kit Di Avviamento Ibrido Ocho Nails 7\"},{\"@type\":\"BreadcrumbList\",\"@id\":\"https:\\\/\\\/salonforall.it\\\/kit-di-avviamento-ibrido-ocho-nails-7\\\/#breadcrumb\",\"itemListElement\":[{\"@type\":\"ListItem\",\"position\":1,\"name\":\"Home\",\"item\":\"https:\\\/\\\/salonforall.it\\\/\"},{\"@type\":\"ListItem\",\"position\":2,\"name\":\"Winkel\",\"item\":\"https:\\\/\\\/salonforall.it\\\/winkel\\\/\"},{\"@type\":\"ListItem\",\"position\":3,\"name\":\"Kit Di Avviamento Ibrido Ocho Nails 7\"}]},{\"@type\":\"WebSite\",\"@id\":\"https:\\\/\\\/salonforall.it\\\/#website\",\"url\":\"https:\\\/\\\/salonforall.it\\\/\",\"name\":\"Salon For All Italia\",\"description\":\"Grossista di mobili e forniture per studi medici e saloni\",\"publisher\":{\"@id\":\"https:\\\/\\\/salonforall.it\\\/#organization\"},\"potentialAction\":[{\"@type\":\"SearchAction\",\"target\":{\"@type\":\"EntryPoint\",\"urlTemplate\":\"https:\\\/\\\/salonforall.it\\\/?s={search_term_string}\"},\"query-input\":{\"@type\":\"PropertyValueSpecification\",\"valueRequired\":true,\"valueName\":\"search_term_string\"}}],\"inLanguage\":\"en-GB\"},{\"@type\":\"Organization\",\"@id\":\"https:\\\/\\\/salonforall.it\\\/#organization\",\"name\":\"Salon For All Italia\",\"url\":\"https:\\\/\\\/salonforall.it\\\/\",\"logo\":{\"@type\":\"ImageObject\",\"inLanguage\":\"en-GB\",\"@id\":\"https:\\\/\\\/salonforall.it\\\/#\\\/schema\\\/logo\\\/image\\\/\",\"url\":\"https:\\\/\\\/salonforall.it\\\/wp-content\\\/uploads\\\/2025\\\/11\\\/logo-salon-for-all-e1764543264615.png\",\"contentUrl\":\"https:\\\/\\\/salonforall.it\\\/wp-content\\\/uploads\\\/2025\\\/11\\\/logo-salon-for-all-e1764543264615.png\",\"width\":500,\"height\":150,\"caption\":\"Salon For All Italia\"},\"image\":{\"@id\":\"https:\\\/\\\/salonforall.it\\\/#\\\/schema\\\/logo\\\/image\\\/\"}}]}<\/script>\n<!-- \/ Yoast SEO plugin. -->","yoast_head_json":{"title":"Kit Di Avviamento Ibrido Ocho Nails 7 acquistare","description":"Acquista Kit Di Avviamento Ibrido Ocho Nails 7 online o nello showroom da Salon For All Italia. Il grossista per saloni, studi e spa in Italia e Svizzera.","robots":{"index":"index","follow":"follow","max-snippet":"max-snippet:-1","max-image-preview":"max-image-preview:large","max-video-preview":"max-video-preview:-1"},"canonical":"https:\/\/salonforall.it\/en\/kit-di-avviamento-ibrido-ocho-nails-7\/","og_locale":"en_GB","og_type":"article","og_title":"Kit Di Avviamento Ibrido Ocho Nails 7","og_description":"Acquista Kit Di Avviamento Ibrido Ocho Nails 7 online o nello showroom da Salon For All Italia. Il grossista per saloni, studi e spa in Italia e Svizzera.","og_url":"https:\/\/salonforall.it\/en\/kit-di-avviamento-ibrido-ocho-nails-7\/","og_site_name":"Salon For All Italia","article_modified_time":"2026-03-30T02:45:22+00:00","og_image":[{"width":1200,"height":1200,"url":"https:\/\/salonforall.it\/wp-content\/uploads\/2025\/12\/Kit-Di-Avviamento-Ibrido-Ocho-Nails-7-1.jpg","type":"image\/jpeg"}],"twitter_card":"summary_large_image","twitter_title":"Kit Di Avviamento Ibrido Ocho Nails 7","twitter_misc":{"Estimated reading time":"7 minutes"},"schema":{"@context":"https:\/\/schema.org","@graph":[{"@type":"WebPage","@id":"https:\/\/salonforall.it\/kit-di-avviamento-ibrido-ocho-nails-7\/","url":"https:\/\/salonforall.it\/kit-di-avviamento-ibrido-ocho-nails-7\/","name":"Kit Di Avviamento Ibrido Ocho Nails 7 acquistare","isPartOf":{"@id":"https:\/\/salonforall.it\/#website"},"primaryImageOfPage":{"@id":"https:\/\/salonforall.it\/kit-di-avviamento-ibrido-ocho-nails-7\/#primaryimage"},"image":{"@id":"https:\/\/salonforall.it\/kit-di-avviamento-ibrido-ocho-nails-7\/#primaryimage"},"thumbnailUrl":"https:\/\/salonforall.it\/wp-content\/uploads\/2025\/12\/Kit-Di-Avviamento-Ibrido-Ocho-Nails-7-1.jpg","datePublished":"2025-12-03T16:32:20+00:00","dateModified":"2026-03-30T02:45:22+00:00","description":"Acquista Kit Di Avviamento Ibrido Ocho Nails 7 online o nello showroom da Salon For All Italia. Il grossista per saloni, studi e spa in Italia e Svizzera.","breadcrumb":{"@id":"https:\/\/salonforall.it\/kit-di-avviamento-ibrido-ocho-nails-7\/#breadcrumb"},"inLanguage":"en-GB","potentialAction":[{"@type":"ReadAction","target":["https:\/\/salonforall.it\/kit-di-avviamento-ibrido-ocho-nails-7\/"]}]},{"@type":"ImageObject","inLanguage":"en-GB","@id":"https:\/\/salonforall.it\/kit-di-avviamento-ibrido-ocho-nails-7\/#primaryimage","url":"https:\/\/salonforall.it\/wp-content\/uploads\/2025\/12\/Kit-Di-Avviamento-Ibrido-Ocho-Nails-7-1.jpg","contentUrl":"https:\/\/salonforall.it\/wp-content\/uploads\/2025\/12\/Kit-Di-Avviamento-Ibrido-Ocho-Nails-7-1.jpg","width":1200,"height":1200,"caption":"Kit Di Avviamento Ibrido Ocho Nails 7"},{"@type":"BreadcrumbList","@id":"https:\/\/salonforall.it\/kit-di-avviamento-ibrido-ocho-nails-7\/#breadcrumb","itemListElement":[{"@type":"ListItem","position":1,"name":"Home","item":"https:\/\/salonforall.it\/"},{"@type":"ListItem","position":2,"name":"Winkel","item":"https:\/\/salonforall.it\/winkel\/"},{"@type":"ListItem","position":3,"name":"Kit Di Avviamento Ibrido Ocho Nails 7"}]},{"@type":"WebSite","@id":"https:\/\/salonforall.it\/#website","url":"https:\/\/salonforall.it\/","name":"Salon For All Italia","description":"Grossista di mobili e forniture per studi medici e saloni","publisher":{"@id":"https:\/\/salonforall.it\/#organization"},"potentialAction":[{"@type":"SearchAction","target":{"@type":"EntryPoint","urlTemplate":"https:\/\/salonforall.it\/?s={search_term_string}"},"query-input":{"@type":"PropertyValueSpecification","valueRequired":true,"valueName":"search_term_string"}}],"inLanguage":"en-GB"},{"@type":"Organization","@id":"https:\/\/salonforall.it\/#organization","name":"Salon For All Italia","url":"https:\/\/salonforall.it\/","logo":{"@type":"ImageObject","inLanguage":"en-GB","@id":"https:\/\/salonforall.it\/#\/schema\/logo\/image\/","url":"https:\/\/salonforall.it\/wp-content\/uploads\/2025\/11\/logo-salon-for-all-e1764543264615.png","contentUrl":"https:\/\/salonforall.it\/wp-content\/uploads\/2025\/11\/logo-salon-for-all-e1764543264615.png","width":500,"height":150,"caption":"Salon For All Italia"},"image":{"@id":"https:\/\/salonforall.it\/#\/schema\/logo\/image\/"}}]}},"_links":{"self":[{"href":"https:\/\/salonforall.it\/en\/wp-json\/wp\/v2\/product\/15417","targetHints":{"allow":["GET"]}}],"collection":[{"href":"https:\/\/salonforall.it\/en\/wp-json\/wp\/v2\/product"}],"about":[{"href":"https:\/\/salonforall.it\/en\/wp-json\/wp\/v2\/types\/product"}],"replies":[{"embeddable":true,"href":"https:\/\/salonforall.it\/en\/wp-json\/wp\/v2\/comments?post=15417"}],"wp:featuredmedia":[{"embeddable":true,"href":"https:\/\/salonforall.it\/en\/wp-json\/wp\/v2\/media\/15418"}],"wp:attachment":[{"href":"https:\/\/salonforall.it\/en\/wp-json\/wp\/v2\/media?parent=15417"}],"wp:term":[{"taxonomy":"product_brand","embeddable":true,"href":"https:\/\/salonforall.it\/en\/wp-json\/wp\/v2\/product_brand?post=15417"},{"taxonomy":"product_cat","embeddable":true,"href":"https:\/\/salonforall.it\/en\/wp-json\/wp\/v2\/product_cat?post=15417"},{"taxonomy":"product_tag","embeddable":true,"href":"https:\/\/salonforall.it\/en\/wp-json\/wp\/v2\/product_tag?post=15417"}],"curies":[{"name":"wp","href":"https:\/\/api.w.org\/{rel}","templated":true}]}}