{"id":16258,"date":"2025-12-03T16:43:45","date_gmt":"2025-12-03T16:43:45","guid":{"rendered":"https:\/\/salonforall.it\/claresa-gel-modellante-softeasy-gel-bianco-latte-90g\/"},"modified":"2026-05-08T02:16:07","modified_gmt":"2026-05-08T02:16:07","slug":"claresa-gel-modellante-softeasy-gel-bianco-latte-90g","status":"publish","type":"product","link":"https:\/\/salonforall.it\/en\/claresa-gel-modellante-softeasy-gel-bianco-latte-90g\/","title":{"rendered":"Claresa Gel Modellante Soft&#038;Easy Gel Bianco Latte 90G"},"content":{"rendered":"<h2>Informazioni su Claresa Gel Modellante Soft&#038;Easy Gel Bianco Latte 90G con codice articolo 148352<\/h2>\n<p>Gel modellante Claresa Soft&amp;Easy gel bianco latte 90 g<\/p>\n<p>GEL MODELLANTE CLARESA<\/p>\n<p>Lo smalto ibrido non ti basta? Hai bisogno di uno styling super duraturo ed efficace da applicare velocemente a casa? Cerchi un modo per indurire facilmente la tua lamina ungueale naturale o per allungare le tue unghie? Il nostro nuovo SOFT&amp;EASY BUILDER GEL \u00e8 il prodotto che fa per te!<\/p>\n<p>L&#8217;innovativa formula in gel con una struttura e una densit\u00e0 uniche lo rende perfettamente livellabile, quindi perdona gli errori anche a chi non \u00e8 molto esperto; la velocit\u00e0 di applicazione \u00e8 inoltre facilitata dalla tixotropia (memoria liquida) che impedisce che coli sulle cuticole. Lo styling con SOFT&#038;EASY non richiede limatura o Top: basta passare il Cleaner sullo strato di dispersione e le unghie saranno pronte per una brillantezza intensa!<\/p>\n<p>La moderna formula in gel con un&#8217;eccellente adesione* permette di livellare, indurire ed estendere la lamina anche con uno strato sottile, garantendo uno styling simile alla lamina ungueale naturale con una durata di almeno 4 settimane (!). Inoltre, impedisce alle unghie di rompersi e sgretolarsi, permettendo loro di crescere molto pi\u00f9 a lungo. La speciale formula Heatless, grazie alla bassa temperatura di polimerizzazione, riduce al minimo la bruciatura in lampada.<br \/>Provalo e scoprirai che da oggi SOFT&#038;EASY BUILDER GEL \u00e8 il tuo #musthave!<\/p>\n<p>SOFT&#038;EASY BUILDER GEL \u00e8 disponibile in 12 colori utilizzabili:<br \/> CLEAR &#8211; trasparente, ottimo come base di costruzione e livellamento per tutti i colori di smalto ibrido.<br \/> NATURAL &#8211; colore nude naturale e delicato, selezionato per armonizzarsi con il colore naturale della pelle; Funziona benissimo da solo, senza bisogno di smalto aggiuntivo, copre fino al 90%!<br \/> MILKY PINK &#8211; un rosa delicato e sbiancato, funziona benissimo da solo come manicure completa e come base per una french manicure o un baby boomer, copre fino al 90%!<br \/> BABY PINK &#8211; una tonalit\u00e0 di rosa caramella e dolce, funziona perfettamente da solo come manicure completa e come base per una french manicure o un baby boomer, copre fino al 90%! Il pi\u00f9 apprezzato dai nostri tester!<br \/> CHAMPAGNE &#8211; una tonalit\u00e0 nude naturale e delicata con una scintillante pagliuzza dorata che dona una finitura estremamente sorprendente. Perfetto da usare da solo per una manicure completa o come base per stili pi\u00f9 elaborati, copre fino al 90%!<br \/> GLAM PINK &#8211; delicata tonalit\u00e0 di rosa pastello con scintillanti riflessi argentati, perfetto da usare da solo per una manicure completa o come base per ulteriori styling, copre fino al 90%!<br \/> PINK CHAMPAGNE &#8211; un delicato rosa caramella con un tocco rosa unico. Funziona benissimo come styling autonomo, senza bisogno di smalto aggiuntivo. Copre fino al 90%!<br \/> GOLD PROSECCO &#8211; beige chiaro con sottili riflessi dorati. Perfetto come look autonomo e discreto, crea un bellissimo effetto conchiglia sulle unghie! Copre fino al 90%!<br \/>Provalo e scoprirai che da oggi SOFT&amp;EASY BUILDER GEL \u00e8 il tuo #musthave!<\/p>\n<p>Caratteristiche principali:<br \/> Autolivellante, con tixotropia (memoria liquida) &#8211; FACILE!<br \/> Multifunzionale &#8211; VELOCE!<br \/> Con eccellente adesione* e alta durata &#8211; A LUNGO!<br \/> Con brillantezza intensa &#8211; BELLISSIMO!<br \/> Con formula senza calore &#8211; UFF, NIENTE COTTURA IN LAMPADA!<br \/> Utilizzo: rigenera e indurisce la lamina ungueale naturale e le extension &#8211; BINGO!<\/p>\n<p>Prodotti CLARESA &#8211; creati per l&#8217;uso domestico, scelti dai professionisti!<\/p>\n<p>*Ricorda che ogni lamina \u00e8 diversa e richiede un approccio individuale, quindi in caso di unghie particolarmente esigenti per rafforzare l&#8217;adesione del gel, puoi utilizzare una passata della tua Claresa Base preferita.<\/p>\n<p>I prodotti Activeshop sono proporzionalmente pi\u00f9 economici di molti altri marchi\/fornitori. Il prezzo \u00e8 proporzionato alla qualit\u00e0. Claresa Gel Modellante Soft&#038;Easy Gel Bianco Latte 90G \u00e8 quindi una soluzione accessibile per il tuo salone.<\/p>\n<h2>Come viene consegnato Claresa Gel Modellante Soft&#038;Easy Gel Bianco Latte 90G?<\/h2>\n<p>Claresa Gel Modellante Soft&#038;Easy Gel Bianco Latte 90G viene consegnato nella confezione originale. In Italia la spedizione di Claresa Gel Modellante Soft&#038;Easy Gel Bianco Latte 90G \u00e8 completamente gratuita per ordini a partire da 100,- euro. Per spedizioni verso altri paesi si applicano tariffe di spedizione separate. Puoi richiedere queste tariffe o trovarle nel carrello. Claresa Gel Modellante Soft&#038;Easy Gel Bianco Latte 90G viene spedito tramite un corriere esterno.<\/p>\n<p>I pacchi o i pallet vengono consegnati di serie fino alla soglia della porta d&#8217;ingresso, anche se ti trovi in un edificio collettivo, condominio o complesso residenziale con ascensore (a condizione che l&#8217;articolo entri nell&#8217;ascensore). Non c&#8217;\u00e8 un ascensore o l&#8217;articolo non entra nell&#8217;ascensore? Allora consegniamo fino alla soglia del piano terra.<\/p>\n<p>Hai ancora domande sulla consegna o una situazione particolare? Contattaci e saremo lieti di aiutarti!<\/p>\n<p>*Gli articoli non vengono disimballati o montati di serie. In situazioni particolari puoi contattarci per fare accordi in merito.<\/p>\n<h2>Acquisti online sicuri su Salon For All con il marchio di qualit\u00e0 Webwinkelkeur e crittografia SSL<\/h2>\n<p>\u00c8 importante per noi che i nostri clienti possano fare acquisti online in sicurezza. Siamo affiliati al marchio di qualit\u00e0 nazionale Webwinkelkeur dal 2019. La nostra identit\u00e0 \u00e8 stata controllata e verificata da loro e il negozio online \u00e8 stato controllato e approvato legalmente. Inoltre, il nostro negozio online \u00e8 affiliato a loro per la mediazione delle controversie. Puoi vedere il badge con tutte le informazioni di questo marchio di qualit\u00e0 del negozio online sul lato sinistro o destro del negozio online (pulsante rosa con bianco). Inoltre, il nostro sito \u00e8 protetto con un certificato SSL in modo da poter navigare in sicurezza. Nella barra del tuo browser Internet, dove \u00e8 indicato il nostro sito web, vedrai un&#8217;icona a forma di lucchetto. Se clicchi sul lucchetto, otterrai tutte le informazioni sulla nostra sicurezza. In questo modo sai che il tuo ordine di Claresa Gel Modellante Soft&#038;Easy Gel Bianco Latte 90G e i tuoi dati personali vengono elaborati in modo sicuro.<\/p>\n<h2>Come posso pagare Claresa Gel Modellante Soft&#038;Easy Gel Bianco Latte 90G?<\/h2>\n<p>Vogliamo renderti le cose il pi\u00f9 semplici possibile. Ecco perch\u00e9 su Salon For All puoi pagare con tutti i metodi di pagamento noti e comuni. Pagare in anticipo, alla consegna o in seguito; tutto \u00e8 possibile. Vedi qui tutti i metodi di pagamento che offriamo:<\/p>\n<ul>\n<li>iDEAL<\/li>\n<li>Carta di credito (Visa, Mastercard, American Express)<\/li>\n<li>Klarna &#8211; Pagamento posticipato con fattura<\/li>\n<li>PayPal<\/li>\n<li>Apple Pay<\/li>\n<li>Google Pay<\/li>\n<li>Bancontact<\/li>\n<li>Bonifico bancario SEPA<\/li>\n<li>MyBank (per clienti italiani)<\/li>\n<li>Fattura aziendale per imprese<\/li>\n<li>Pagamento nello showroom &#8211; Sia carta che contanti (Disponibile solo per il ritiro)<\/li>\n<\/ul>\n<h2>Consulta anche le recensioni di Salon For All<\/h2>\n<p>Consulta anche le nostre recensioni per tenere conto delle esperienze dei nostri clienti attuali nella tua decisione di ordinare Claresa Gel Modellante Soft&#038;Easy Gel Bianco Latte 90G da noi. Attraverso il nostro marchio di qualit\u00e0 indipendente del negozio online Webwinkelkeur, vengono raccolte automaticamente recensioni verificate di clienti che hanno completato un ordine con noi. Puoi trovarle dietro il pulsante rosa sul nostro negozio online o sono elencate sotto i prodotti.<\/p>\n<p>Condividi anche la tua esperienza dopo il tuo acquisto con il tuo Claresa Gel Modellante Soft&#038;Easy Gel Bianco Latte 90G ordinato e la tua esperienza con il processo di acquisto o il contatto con Salon For All per ispirare gli altri!<\/p>\n<h2>Contatto con Salon For All<\/h2>\n<p>Contattaci allora. Saremo lieti di aiutarti con l&#8217;acquisto di Claresa Gel Modellante Soft&#038;Easy Gel Bianco Latte 90G. Nei giorni feriali siamo raggiungibili al meglio tra le 8.30 e le 17.00 tramite il numero di telefono e l&#8217;indirizzo e-mail nella parte superiore del negozio online o tramite la funzione chat. Le domande al di fuori dell&#8217;orario d&#8217;ufficio vengono generalmente risposte entro 24 ore. \u00c8 anche possibile venirci a trovare al di fuori dei giorni feriali o dell&#8217;orario d&#8217;ufficio. Ma per questo \u00e8 necessario prendere un appuntamento in anticipo.<\/p>\n<h2>Vuoi venire nel nostro showroom?<\/h2>\n<p>Preferisci vedere Claresa Gel Modellante Soft&#038;Easy Gel Bianco Latte 90G o esplorare la nostra offerta del negozio (online) insieme al nostro collega? Allora vieni nel nostro showroom con oltre 1000m\u00b2 di arredamento per saloni e lasciati ispirare dai nostri dipendenti. Anche se ti piace fare conoscenza in modo piacevole gustando una buona tazza di caff\u00e8 o t\u00e8, sei il benvenuto. Non abbiamo tutti i prodotti disponibili, quindi faccici sapere in anticipo che vuoi venire. Prendi sempre un appuntamento in anticipo.<\/p>\n<h2>14 giorni di riflessione e la nostra politica di reso<\/h2>\n<p>Naturalmente pu\u00f2 succedere che Claresa Gel Modellante Soft&#038;Easy Gel Bianco Latte 90G consegnato non sia completamente di tuo gradimento e tu voglia restituirlo. Questo non \u00e8 assolutamente un problema con Salon For All. Devi segnalare il tuo reso entro 14 giorni lavorativi tramite <a href=\"mailto:info@salonforall.com\">info@salonforall.it<\/a>. Riceverai quindi prima tutte le istruzioni e condizioni di reso. Si prega di notare che Claresa Gel Modellante Soft&#038;Easy Gel Bianco Latte 90G non deve essere stato utilizzato, deve contenere tutte le parti fornite e deve essere restituito imballato nella confezione originale. I costi di spedizione per un reso sono sempre a carico dell&#8217;acquirente per gli acquisti tramite www.salonforall.it. Devi organizzare tu stesso un trasporto presso un corriere di tua scelta per un reso. Una volta che Claresa Gel Modellante Soft&#038;Easy Gel Bianco Latte 90G \u00e8 stato restituito, verr\u00e0 controllato per completezza e danni. Una volta che il reso \u00e8 stato approvato, l&#8217;importo di acquisto verr\u00e0 rimborsato entro 5 giorni lavorativi sul conto bancario da noi conosciuto.<\/p>\n<h2>Chi \u00e8 Salon For All?<\/h2>\n<p>Salon For All \u00e8 IL grossista per ogni arredamento di saloni in Europa. Salon For All \u00e8 iniziato nel 2003 con il nome Salonvoordeel ed \u00e8 nato dalla pratica. I proprietari di Salon For All erano parrucchieri e specialisti della bellezza esperti e hanno insieme oltre 30 anni di esperienza pratica. Nel 2003 abbiamo lanciato Salonvoordeel.nl (Paesi Bassi) e successivamente \u00e8 stato fondato Salon For All per il mercato europeo. Alcuni dei nostri dipendenti hanno avviato una propria attivit\u00e0 e cos\u00ec \u00e8 nata l&#8217;idea di avviare un negozio online funzionale per parrucchieri e aiutarli con l&#8217;arredamento del loro salone.<\/p>\n<p>Il nostro showroom si trova a Dinxperlo, direttamente al confine tra i Paesi Bassi e la Germania. Con la nostra pluriennale esperienza nel settore possiamo farti da specchio e fornirti la giusta consulenza. Parliamo la stessa lingua! Ti consigliamo, ispiriamo, motiviamo e ti aiutiamo nell&#8217;acquisto di Claresa Gel Modellante Soft&#038;Easy Gel Bianco Latte 90G. I nostri fornitori si trovano in tutta Europa, dalla Germania, Inghilterra, Italia fino alla Polonia.<\/p>","protected":false},"excerpt":{"rendered":"<p>Il prodotto Claresa Gel Modellante Soft&#038;Easy Gel Bianco Latte 90G \u00e8 una soluzione conveniente per qualsiasi salone o studio professionale. Il tempo di consegna previsto \u00e8 di circa 6 giorni lavorativi.<\/p>","protected":false},"featured_media":16259,"comment_status":"open","ping_status":"open","template":"","meta":[],"product_brand":[3636],"product_cat":[3667,3637],"product_tag":[3668,3639],"class_list":{"0":"post-16258","1":"product","2":"type-product","3":"status-publish","4":"has-post-thumbnail","6":"product_brand-claresa","7":"product_cat-gel-per-unghie","8":"product_cat-manicure-ibrida-claresa","9":"product_tag-gel-per-unghie","10":"product_tag-manicure-ibrida-claresa","11":"pa_codice-ean-5459","12":"pa_garanzia-12-mesi","13":"pa_marca-claresa","14":"pa_numero-dellarticolo-5458","15":"pa_tempo-di-consegna-stimato-3-4-giorni-lavorativi","17":"first","18":"instock","19":"sale","20":"taxable","21":"shipping-taxable","22":"purchasable","23":"product-type-simple"},"yoast_head":"<!-- This site is optimized with the Yoast SEO plugin v27.5 - https:\/\/yoast.com\/product\/yoast-seo-wordpress\/ -->\n<title>Claresa Gel Modellante Soft&amp;Easy Gel Bianco Latte 90G acquistare<\/title>\n<meta name=\"description\" content=\"Acquista Claresa Gel Modellante Soft&amp;Easy Gel Bianco Latte 90G online o nello showroom da Salon For All Italia. Il grossista per saloni, studi e spa in Italia e Svizzera.\" \/>\n<meta name=\"robots\" content=\"index, follow, max-snippet:-1, max-image-preview:large, max-video-preview:-1\" \/>\n<link rel=\"canonical\" href=\"https:\/\/salonforall.it\/en\/claresa-gel-modellante-softeasy-gel-bianco-latte-90g\/\" \/>\n<meta property=\"og:locale\" content=\"en_GB\" \/>\n<meta property=\"og:type\" content=\"article\" \/>\n<meta property=\"og:title\" content=\"Claresa Gel Modellante Soft&amp;Easy Gel Bianco Latte 90G\" \/>\n<meta property=\"og:description\" content=\"Acquista Claresa Gel Modellante Soft&amp;Easy Gel Bianco Latte 90G online o nello showroom da Salon For All Italia. Il grossista per saloni, studi e spa in Italia e Svizzera.\" \/>\n<meta property=\"og:url\" content=\"https:\/\/salonforall.it\/en\/claresa-gel-modellante-softeasy-gel-bianco-latte-90g\/\" \/>\n<meta property=\"og:site_name\" content=\"Salon For All Italia\" \/>\n<meta property=\"article:modified_time\" content=\"2026-05-08T02:16:07+00:00\" \/>\n<meta property=\"og:image\" content=\"https:\/\/salonforall.it\/wp-content\/uploads\/2025\/12\/Claresa-Gel-Modellante-SoftEasy-Gel-Bianco-Latte-90G-1.jpg\" \/>\n\t<meta property=\"og:image:width\" content=\"1200\" \/>\n\t<meta property=\"og:image:height\" content=\"1200\" \/>\n\t<meta property=\"og:image:type\" content=\"image\/jpeg\" \/>\n<meta name=\"twitter:card\" content=\"summary_large_image\" \/>\n<meta name=\"twitter:title\" content=\"Claresa Gel Modellante Soft&amp;Easy Gel Bianco Latte 90G\" \/>\n<meta name=\"twitter:label1\" content=\"Estimated reading time\" \/>\n\t<meta name=\"twitter:data1\" content=\"8 minutes\" \/>\n<script type=\"application\/ld+json\" class=\"yoast-schema-graph\">{\"@context\":\"https:\\\/\\\/schema.org\",\"@graph\":[{\"@type\":\"WebPage\",\"@id\":\"https:\\\/\\\/salonforall.it\\\/claresa-gel-modellante-softeasy-gel-bianco-latte-90g\\\/\",\"url\":\"https:\\\/\\\/salonforall.it\\\/claresa-gel-modellante-softeasy-gel-bianco-latte-90g\\\/\",\"name\":\"Claresa Gel Modellante Soft&Easy Gel Bianco Latte 90G acquistare\",\"isPartOf\":{\"@id\":\"https:\\\/\\\/salonforall.it\\\/#website\"},\"primaryImageOfPage\":{\"@id\":\"https:\\\/\\\/salonforall.it\\\/claresa-gel-modellante-softeasy-gel-bianco-latte-90g\\\/#primaryimage\"},\"image\":{\"@id\":\"https:\\\/\\\/salonforall.it\\\/claresa-gel-modellante-softeasy-gel-bianco-latte-90g\\\/#primaryimage\"},\"thumbnailUrl\":\"https:\\\/\\\/salonforall.it\\\/wp-content\\\/uploads\\\/2025\\\/12\\\/Claresa-Gel-Modellante-SoftEasy-Gel-Bianco-Latte-90G-1.jpg\",\"datePublished\":\"2025-12-03T16:43:45+00:00\",\"dateModified\":\"2026-05-08T02:16:07+00:00\",\"description\":\"Acquista Claresa Gel Modellante Soft&Easy Gel Bianco Latte 90G online o nello showroom da Salon For All Italia. Il grossista per saloni, studi e spa in Italia e Svizzera.\",\"breadcrumb\":{\"@id\":\"https:\\\/\\\/salonforall.it\\\/claresa-gel-modellante-softeasy-gel-bianco-latte-90g\\\/#breadcrumb\"},\"inLanguage\":\"en-GB\",\"potentialAction\":[{\"@type\":\"ReadAction\",\"target\":[\"https:\\\/\\\/salonforall.it\\\/claresa-gel-modellante-softeasy-gel-bianco-latte-90g\\\/\"]}]},{\"@type\":\"ImageObject\",\"inLanguage\":\"en-GB\",\"@id\":\"https:\\\/\\\/salonforall.it\\\/claresa-gel-modellante-softeasy-gel-bianco-latte-90g\\\/#primaryimage\",\"url\":\"https:\\\/\\\/salonforall.it\\\/wp-content\\\/uploads\\\/2025\\\/12\\\/Claresa-Gel-Modellante-SoftEasy-Gel-Bianco-Latte-90G-1.jpg\",\"contentUrl\":\"https:\\\/\\\/salonforall.it\\\/wp-content\\\/uploads\\\/2025\\\/12\\\/Claresa-Gel-Modellante-SoftEasy-Gel-Bianco-Latte-90G-1.jpg\",\"width\":1200,\"height\":1200,\"caption\":\"Claresa Gel Modellante Soft&Easy Gel Bianco Latte 90G\"},{\"@type\":\"BreadcrumbList\",\"@id\":\"https:\\\/\\\/salonforall.it\\\/claresa-gel-modellante-softeasy-gel-bianco-latte-90g\\\/#breadcrumb\",\"itemListElement\":[{\"@type\":\"ListItem\",\"position\":1,\"name\":\"Home\",\"item\":\"https:\\\/\\\/salonforall.it\\\/\"},{\"@type\":\"ListItem\",\"position\":2,\"name\":\"Winkel\",\"item\":\"https:\\\/\\\/salonforall.it\\\/winkel\\\/\"},{\"@type\":\"ListItem\",\"position\":3,\"name\":\"Claresa Gel Modellante Soft&#038;Easy Gel Bianco Latte 90G\"}]},{\"@type\":\"WebSite\",\"@id\":\"https:\\\/\\\/salonforall.it\\\/#website\",\"url\":\"https:\\\/\\\/salonforall.it\\\/\",\"name\":\"Salon For All Italia\",\"description\":\"Grossista di mobili e forniture per studi medici e saloni\",\"publisher\":{\"@id\":\"https:\\\/\\\/salonforall.it\\\/#organization\"},\"potentialAction\":[{\"@type\":\"SearchAction\",\"target\":{\"@type\":\"EntryPoint\",\"urlTemplate\":\"https:\\\/\\\/salonforall.it\\\/?s={search_term_string}\"},\"query-input\":{\"@type\":\"PropertyValueSpecification\",\"valueRequired\":true,\"valueName\":\"search_term_string\"}}],\"inLanguage\":\"en-GB\"},{\"@type\":\"Organization\",\"@id\":\"https:\\\/\\\/salonforall.it\\\/#organization\",\"name\":\"Salon For All Italia\",\"url\":\"https:\\\/\\\/salonforall.it\\\/\",\"logo\":{\"@type\":\"ImageObject\",\"inLanguage\":\"en-GB\",\"@id\":\"https:\\\/\\\/salonforall.it\\\/#\\\/schema\\\/logo\\\/image\\\/\",\"url\":\"https:\\\/\\\/salonforall.it\\\/wp-content\\\/uploads\\\/2025\\\/11\\\/logo-salon-for-all-e1764543264615.png\",\"contentUrl\":\"https:\\\/\\\/salonforall.it\\\/wp-content\\\/uploads\\\/2025\\\/11\\\/logo-salon-for-all-e1764543264615.png\",\"width\":500,\"height\":150,\"caption\":\"Salon For All Italia\"},\"image\":{\"@id\":\"https:\\\/\\\/salonforall.it\\\/#\\\/schema\\\/logo\\\/image\\\/\"}}]}<\/script>\n<!-- \/ Yoast SEO plugin. -->","yoast_head_json":{"title":"Claresa Gel Modellante Soft&Easy Gel Bianco Latte 90G acquistare","description":"Acquista Claresa Gel Modellante Soft&Easy Gel Bianco Latte 90G online o nello showroom da Salon For All Italia. Il grossista per saloni, studi e spa in Italia e Svizzera.","robots":{"index":"index","follow":"follow","max-snippet":"max-snippet:-1","max-image-preview":"max-image-preview:large","max-video-preview":"max-video-preview:-1"},"canonical":"https:\/\/salonforall.it\/en\/claresa-gel-modellante-softeasy-gel-bianco-latte-90g\/","og_locale":"en_GB","og_type":"article","og_title":"Claresa Gel Modellante Soft&Easy Gel Bianco Latte 90G","og_description":"Acquista Claresa Gel Modellante Soft&Easy Gel Bianco Latte 90G online o nello showroom da Salon For All Italia. Il grossista per saloni, studi e spa in Italia e Svizzera.","og_url":"https:\/\/salonforall.it\/en\/claresa-gel-modellante-softeasy-gel-bianco-latte-90g\/","og_site_name":"Salon For All Italia","article_modified_time":"2026-05-08T02:16:07+00:00","og_image":[{"width":1200,"height":1200,"url":"https:\/\/salonforall.it\/wp-content\/uploads\/2025\/12\/Claresa-Gel-Modellante-SoftEasy-Gel-Bianco-Latte-90G-1.jpg","type":"image\/jpeg"}],"twitter_card":"summary_large_image","twitter_title":"Claresa Gel Modellante Soft&Easy Gel Bianco Latte 90G","twitter_misc":{"Estimated reading time":"8 minutes"},"schema":{"@context":"https:\/\/schema.org","@graph":[{"@type":"WebPage","@id":"https:\/\/salonforall.it\/claresa-gel-modellante-softeasy-gel-bianco-latte-90g\/","url":"https:\/\/salonforall.it\/claresa-gel-modellante-softeasy-gel-bianco-latte-90g\/","name":"Claresa Gel Modellante Soft&Easy Gel Bianco Latte 90G acquistare","isPartOf":{"@id":"https:\/\/salonforall.it\/#website"},"primaryImageOfPage":{"@id":"https:\/\/salonforall.it\/claresa-gel-modellante-softeasy-gel-bianco-latte-90g\/#primaryimage"},"image":{"@id":"https:\/\/salonforall.it\/claresa-gel-modellante-softeasy-gel-bianco-latte-90g\/#primaryimage"},"thumbnailUrl":"https:\/\/salonforall.it\/wp-content\/uploads\/2025\/12\/Claresa-Gel-Modellante-SoftEasy-Gel-Bianco-Latte-90G-1.jpg","datePublished":"2025-12-03T16:43:45+00:00","dateModified":"2026-05-08T02:16:07+00:00","description":"Acquista Claresa Gel Modellante Soft&Easy Gel Bianco Latte 90G online o nello showroom da Salon For All Italia. Il grossista per saloni, studi e spa in Italia e Svizzera.","breadcrumb":{"@id":"https:\/\/salonforall.it\/claresa-gel-modellante-softeasy-gel-bianco-latte-90g\/#breadcrumb"},"inLanguage":"en-GB","potentialAction":[{"@type":"ReadAction","target":["https:\/\/salonforall.it\/claresa-gel-modellante-softeasy-gel-bianco-latte-90g\/"]}]},{"@type":"ImageObject","inLanguage":"en-GB","@id":"https:\/\/salonforall.it\/claresa-gel-modellante-softeasy-gel-bianco-latte-90g\/#primaryimage","url":"https:\/\/salonforall.it\/wp-content\/uploads\/2025\/12\/Claresa-Gel-Modellante-SoftEasy-Gel-Bianco-Latte-90G-1.jpg","contentUrl":"https:\/\/salonforall.it\/wp-content\/uploads\/2025\/12\/Claresa-Gel-Modellante-SoftEasy-Gel-Bianco-Latte-90G-1.jpg","width":1200,"height":1200,"caption":"Claresa Gel Modellante Soft&Easy Gel Bianco Latte 90G"},{"@type":"BreadcrumbList","@id":"https:\/\/salonforall.it\/claresa-gel-modellante-softeasy-gel-bianco-latte-90g\/#breadcrumb","itemListElement":[{"@type":"ListItem","position":1,"name":"Home","item":"https:\/\/salonforall.it\/"},{"@type":"ListItem","position":2,"name":"Winkel","item":"https:\/\/salonforall.it\/winkel\/"},{"@type":"ListItem","position":3,"name":"Claresa Gel Modellante Soft&#038;Easy Gel Bianco Latte 90G"}]},{"@type":"WebSite","@id":"https:\/\/salonforall.it\/#website","url":"https:\/\/salonforall.it\/","name":"Salon For All Italia","description":"Grossista di mobili e forniture per studi medici e saloni","publisher":{"@id":"https:\/\/salonforall.it\/#organization"},"potentialAction":[{"@type":"SearchAction","target":{"@type":"EntryPoint","urlTemplate":"https:\/\/salonforall.it\/?s={search_term_string}"},"query-input":{"@type":"PropertyValueSpecification","valueRequired":true,"valueName":"search_term_string"}}],"inLanguage":"en-GB"},{"@type":"Organization","@id":"https:\/\/salonforall.it\/#organization","name":"Salon For All Italia","url":"https:\/\/salonforall.it\/","logo":{"@type":"ImageObject","inLanguage":"en-GB","@id":"https:\/\/salonforall.it\/#\/schema\/logo\/image\/","url":"https:\/\/salonforall.it\/wp-content\/uploads\/2025\/11\/logo-salon-for-all-e1764543264615.png","contentUrl":"https:\/\/salonforall.it\/wp-content\/uploads\/2025\/11\/logo-salon-for-all-e1764543264615.png","width":500,"height":150,"caption":"Salon For All Italia"},"image":{"@id":"https:\/\/salonforall.it\/#\/schema\/logo\/image\/"}}]}},"_links":{"self":[{"href":"https:\/\/salonforall.it\/en\/wp-json\/wp\/v2\/product\/16258","targetHints":{"allow":["GET"]}}],"collection":[{"href":"https:\/\/salonforall.it\/en\/wp-json\/wp\/v2\/product"}],"about":[{"href":"https:\/\/salonforall.it\/en\/wp-json\/wp\/v2\/types\/product"}],"replies":[{"embeddable":true,"href":"https:\/\/salonforall.it\/en\/wp-json\/wp\/v2\/comments?post=16258"}],"wp:featuredmedia":[{"embeddable":true,"href":"https:\/\/salonforall.it\/en\/wp-json\/wp\/v2\/media\/16259"}],"wp:attachment":[{"href":"https:\/\/salonforall.it\/en\/wp-json\/wp\/v2\/media?parent=16258"}],"wp:term":[{"taxonomy":"product_brand","embeddable":true,"href":"https:\/\/salonforall.it\/en\/wp-json\/wp\/v2\/product_brand?post=16258"},{"taxonomy":"product_cat","embeddable":true,"href":"https:\/\/salonforall.it\/en\/wp-json\/wp\/v2\/product_cat?post=16258"},{"taxonomy":"product_tag","embeddable":true,"href":"https:\/\/salonforall.it\/en\/wp-json\/wp\/v2\/product_tag?post=16258"}],"curies":[{"name":"wp","href":"https:\/\/api.w.org\/{rel}","templated":true}]}}