{"id":17269,"date":"2025-12-03T16:54:56","date_gmt":"2025-12-03T16:54:56","guid":{"rendered":"https:\/\/salonforall.it\/bracciolo-per-tatuaggi-pro-ink-720-nero\/"},"modified":"2026-04-05T02:05:57","modified_gmt":"2026-04-05T02:05:57","slug":"bracciolo-per-tatuaggi-pro-ink-720-nero","status":"publish","type":"product","link":"https:\/\/salonforall.it\/en\/bracciolo-per-tatuaggi-pro-ink-720-nero\/","title":{"rendered":"Bracciolo Per Tatuaggi Pro Ink 720 Nero"},"content":{"rendered":"<h2>Informazioni su Bracciolo Per Tatuaggi Pro Ink 720 Nero con codice articolo 147804<\/h2>\n<p><img decoding=\"async\" src=\"https:\/\/activeshop.com.pl\/media\/wysiwyg\/product\/147804\/EN_147804_1.jpg\"><\/p>\n<p>Il marchio <strong>PRO INK<\/strong> risponde alle esigenze specifiche del settore dei tatuaggi. Offre attrezzature e accessori professionali dedicati ai centri tatuatori. L&#8217;assortimento del marchio comprende prodotti come poltrone, assistenti e supporti per tatuaggi che semplificano notevolmente il lavoro.<\/p>\n<p><img decoding=\"async\" src=\"https:\/\/activeshop.com.pl\/media\/wysiwyg\/product\/147804\/EN_147804_2.jpg\"><\/p>\n<h2><strong>Poggiabraccio pratico ed elegante<\/strong><\/h2>\n<p>Il <strong>poggiabraccio ergonomico per tatuaggi Pro Ink 720<\/strong> \u00e8 un elemento essenziale per ogni centro tatuatore professionale, in cui la comodit\u00e0 del cliente e l&#8217;elevata precisione del servizio offerto sono aspetti estremamente importanti. Il bracciolo<strong>combina funzionalit\u00e0 ed estetica<\/strong>, offrendo non solo un comfort eccezionale ma anche un aspetto elegante. Render\u00e0 molto pi\u00f9 facile creare opere d&#8217;arte sul corpo dei tuoi clienti.<\/p>\n<p><img decoding=\"async\" src=\"https:\/\/activeshop.com.pl\/media\/wysiwyg\/product\/147804\/EN_147804_3.jpg\"><\/p>\n<h2><strong>Adattamento alle esigenze individuali<\/strong><\/h2>\n<p>L&#8217;altezza del bracciolo pu\u00f2 essere regolata entro limiti di <strong>72-110 cm<\/strong>, il che consente di adattarlo a diversi clienti e <strong>garantisce un supporto ottimale<\/strong> durante la sessione di tatuaggio. Questo modello \u00e8 dotato di un poggiapiedi in metallo che aiuta la persona che esegue il tatuaggio ad <strong>assumere una posizione ergonomica<\/strong>. La funzione di regolazione dell&#8217;inclinazione da un lato all&#8217;altro <strong>facilita la regolazione della posizione del bracciolo<\/strong>, il che offre un comfort ancora maggiore durante il tatuaggio. Una caratteristica importante di questo modello \u00e8 la possibilit\u00e0 di regolare l&#8217;altezza in modo indipendente su entrambi i lati dei braccioli, che garantisce uno speciale elemento scorrevole rosa dal basso. L&#8217;ampia gamma di opzioni di regolazione influisce in modo significativo sull&#8217;ergonomia del lavoro e sul comfort del cliente.<\/p>\n<p><img decoding=\"async\" src=\"https:\/\/activeshop.com.pl\/media\/wysiwyg\/product\/147804\/EN_147804_4.jpg\"><\/p>\n<h2><strong>Un elemento stabile e durevole per uno studio di tatuaggi<\/strong><\/h2>\n<p>Il bracciolo semplifica notevolmente il lavoro del tatuatore, ma contribuisce anche a creare un&#8217;atmosfera piacevole nel soggiorno. Il design moderno render\u00e0 l&#8217;arredamento pi\u00f9 accattivante, sottolineando il carattere unico del luogo. Un solido telaio in metallo nero garantisce stabilit\u00e0 e durata del prodotto, caratteristiche estremamente importanti quando si lavora come tatuatore. Il rivestimento in pelle sintetica nei toni del nero semplifica notevolmente la pulizia dell&#8217;attrezzatura. La schiuma antideformazione garantisce un supporto adeguato e una lunga durata del prodotto. Il bracciolo Pro Ink 720 \u00e8 una combinazione ergonomica di comfort, funzionalit\u00e0 e stile che soddisfer\u00e0 sicuramente gli utenti pi\u00f9 esigenti, sia professionisti che clienti di studi di tatuaggi.<\/p>\n<p><img decoding=\"async\" src=\"https:\/\/activeshop.com.pl\/media\/wysiwyg\/product\/147804\/EN_147804_5.jpg\"><\/p>\n<p>Colore del rivestimento: toni del nero<br \/>Materiale del rivestimento: toni del nero<br \/>Colore della montatura: toni del nero<br \/>Materiale della montatura: toni del nero<\/p>\n<p>I prodotti Activeshop sono proporzionalmente pi\u00f9 economici di molti altri marchi\/fornitori. Il prezzo \u00e8 proporzionato alla qualit\u00e0. Bracciolo Per Tatuaggi Pro Ink 720 Nero \u00e8 quindi una soluzione accessibile per il tuo salone.<\/p>\n<h2>Come viene consegnato Bracciolo Per Tatuaggi Pro Ink 720 Nero?<\/h2>\n<p>Bracciolo Per Tatuaggi Pro Ink 720 Nero viene consegnato nella confezione originale. In Italia la spedizione di Bracciolo Per Tatuaggi Pro Ink 720 Nero \u00e8 completamente gratuita per ordini a partire da 100,- euro. Per spedizioni verso altri paesi si applicano tariffe di spedizione separate. Puoi richiedere queste tariffe o trovarle nel carrello. Bracciolo Per Tatuaggi Pro Ink 720 Nero viene spedito tramite un corriere esterno.<\/p>\n<p>I pacchi o i pallet vengono consegnati di serie fino alla soglia della porta d&#8217;ingresso, anche se ti trovi in un edificio collettivo, condominio o complesso residenziale con ascensore (a condizione che l&#8217;articolo entri nell&#8217;ascensore). Non c&#8217;\u00e8 un ascensore o l&#8217;articolo non entra nell&#8217;ascensore? Allora consegniamo fino alla soglia del piano terra.<\/p>\n<p>Hai ancora domande sulla consegna o una situazione particolare? Contattaci e saremo lieti di aiutarti!<\/p>\n<p>*Gli articoli non vengono disimballati o montati di serie. In situazioni particolari puoi contattarci per fare accordi in merito.<\/p>\n<h2>Acquisti online sicuri su Salon For All con il marchio di qualit\u00e0 Webwinkelkeur e crittografia SSL<\/h2>\n<p>\u00c8 importante per noi che i nostri clienti possano fare acquisti online in sicurezza. Siamo affiliati al marchio di qualit\u00e0 nazionale Webwinkelkeur dal 2019. La nostra identit\u00e0 \u00e8 stata controllata e verificata da loro e il negozio online \u00e8 stato controllato e approvato legalmente. Inoltre, il nostro negozio online \u00e8 affiliato a loro per la mediazione delle controversie. Puoi vedere il badge con tutte le informazioni di questo marchio di qualit\u00e0 del negozio online sul lato sinistro o destro del negozio online (pulsante rosa con bianco). Inoltre, il nostro sito \u00e8 protetto con un certificato SSL in modo da poter navigare in sicurezza. Nella barra del tuo browser Internet, dove \u00e8 indicato il nostro sito web, vedrai un&#8217;icona a forma di lucchetto. Se clicchi sul lucchetto, otterrai tutte le informazioni sulla nostra sicurezza. In questo modo sai che il tuo ordine di Bracciolo Per Tatuaggi Pro Ink 720 Nero e i tuoi dati personali vengono elaborati in modo sicuro.<\/p>\n<h2>Come posso pagare Bracciolo Per Tatuaggi Pro Ink 720 Nero?<\/h2>\n<p>Vogliamo renderti le cose il pi\u00f9 semplici possibile. Ecco perch\u00e9 su Salon For All puoi pagare con tutti i metodi di pagamento noti e comuni. Pagare in anticipo, alla consegna o in seguito; tutto \u00e8 possibile. Vedi qui tutti i metodi di pagamento che offriamo:<\/p>\n<ul>\n<li>iDEAL<\/li>\n<li>Carta di credito (Visa, Mastercard, American Express)<\/li>\n<li>Klarna &#8211; Pagamento posticipato con fattura<\/li>\n<li>PayPal<\/li>\n<li>Apple Pay<\/li>\n<li>Google Pay<\/li>\n<li>Bancontact<\/li>\n<li>Bonifico bancario SEPA<\/li>\n<li>MyBank (per clienti italiani)<\/li>\n<li>Fattura aziendale per imprese<\/li>\n<li>Pagamento nello showroom &#8211; Sia carta che contanti (Disponibile solo per il ritiro)<\/li>\n<\/ul>\n<h2>Consulta anche le recensioni di Salon For All<\/h2>\n<p>Consulta anche le nostre recensioni per tenere conto delle esperienze dei nostri clienti attuali nella tua decisione di ordinare Bracciolo Per Tatuaggi Pro Ink 720 Nero da noi. Attraverso il nostro marchio di qualit\u00e0 indipendente del negozio online Webwinkelkeur, vengono raccolte automaticamente recensioni verificate di clienti che hanno completato un ordine con noi. Puoi trovarle dietro il pulsante rosa sul nostro negozio online o sono elencate sotto i prodotti.<\/p>\n<p>Condividi anche la tua esperienza dopo il tuo acquisto con il tuo Bracciolo Per Tatuaggi Pro Ink 720 Nero ordinato e la tua esperienza con il processo di acquisto o il contatto con Salon For All per ispirare gli altri!<\/p>\n<h2>Contatto con Salon For All<\/h2>\n<p>Contattaci allora. Saremo lieti di aiutarti con l&#8217;acquisto di Bracciolo Per Tatuaggi Pro Ink 720 Nero. Nei giorni feriali siamo raggiungibili al meglio tra le 8.30 e le 17.00 tramite il numero di telefono e l&#8217;indirizzo e-mail nella parte superiore del negozio online o tramite la funzione chat. Le domande al di fuori dell&#8217;orario d&#8217;ufficio vengono generalmente risposte entro 24 ore. \u00c8 anche possibile venirci a trovare al di fuori dei giorni feriali o dell&#8217;orario d&#8217;ufficio. Ma per questo \u00e8 necessario prendere un appuntamento in anticipo.<\/p>\n<h2>Vuoi venire nel nostro showroom?<\/h2>\n<p>Preferisci vedere Bracciolo Per Tatuaggi Pro Ink 720 Nero o esplorare la nostra offerta del negozio (online) insieme al nostro collega? Allora vieni nel nostro showroom con oltre 1000m\u00b2 di arredamento per saloni e lasciati ispirare dai nostri dipendenti. Anche se ti piace fare conoscenza in modo piacevole gustando una buona tazza di caff\u00e8 o t\u00e8, sei il benvenuto. Non abbiamo tutti i prodotti disponibili, quindi faccici sapere in anticipo che vuoi venire. Prendi sempre un appuntamento in anticipo.<\/p>\n<h2>14 giorni di riflessione e la nostra politica di reso<\/h2>\n<p>Naturalmente pu\u00f2 succedere che Bracciolo Per Tatuaggi Pro Ink 720 Nero consegnato non sia completamente di tuo gradimento e tu voglia restituirlo. Questo non \u00e8 assolutamente un problema con Salon For All. Devi segnalare il tuo reso entro 14 giorni lavorativi tramite <a href=\"mailto:info@salonforall.com\">info@salonforall.it<\/a>. Riceverai quindi prima tutte le istruzioni e condizioni di reso. Si prega di notare che Bracciolo Per Tatuaggi Pro Ink 720 Nero non deve essere stato utilizzato, deve contenere tutte le parti fornite e deve essere restituito imballato nella confezione originale. I costi di spedizione per un reso sono sempre a carico dell&#8217;acquirente per gli acquisti tramite www.salonforall.it. Devi organizzare tu stesso un trasporto presso un corriere di tua scelta per un reso. Una volta che Bracciolo Per Tatuaggi Pro Ink 720 Nero \u00e8 stato restituito, verr\u00e0 controllato per completezza e danni. Una volta che il reso \u00e8 stato approvato, l&#8217;importo di acquisto verr\u00e0 rimborsato entro 5 giorni lavorativi sul conto bancario da noi conosciuto.<\/p>\n<h2>Chi \u00e8 Salon For All?<\/h2>\n<p>Salon For All \u00e8 IL grossista per ogni arredamento di saloni in Europa. Salon For All \u00e8 iniziato nel 2003 con il nome Salonvoordeel ed \u00e8 nato dalla pratica. I proprietari di Salon For All erano parrucchieri e specialisti della bellezza esperti e hanno insieme oltre 30 anni di esperienza pratica. Nel 2003 abbiamo lanciato Salonvoordeel.nl (Paesi Bassi) e successivamente \u00e8 stato fondato Salon For All per il mercato europeo. Alcuni dei nostri dipendenti hanno avviato una propria attivit\u00e0 e cos\u00ec \u00e8 nata l&#8217;idea di avviare un negozio online funzionale per parrucchieri e aiutarli con l&#8217;arredamento del loro salone.<\/p>\n<p>Il nostro showroom si trova a Dinxperlo, direttamente al confine tra i Paesi Bassi e la Germania. Con la nostra pluriennale esperienza nel settore possiamo farti da specchio e fornirti la giusta consulenza. Parliamo la stessa lingua! Ti consigliamo, ispiriamo, motiviamo e ti aiutiamo nell&#8217;acquisto di Bracciolo Per Tatuaggi Pro Ink 720 Nero. I nostri fornitori si trovano in tutta Europa, dalla Germania, Inghilterra, Italia fino alla Polonia.<\/p>","protected":false},"excerpt":{"rendered":"<p>Il prodotto Bracciolo Per Tatuaggi Pro Ink 720 Nero \u00e8 una soluzione conveniente per qualsiasi salone o studio professionale. Il tempo di consegna previsto \u00e8 di circa 6 giorni lavorativi.<\/p>","protected":false},"featured_media":17270,"comment_status":"open","ping_status":"open","template":"","meta":[],"product_brand":[194],"product_cat":[883,4219],"product_tag":[885,4220],"class_list":{"0":"post-17269","1":"product","2":"type-product","3":"status-publish","4":"has-post-thumbnail","6":"product_brand-pro-ink","7":"product_cat-attrezzature-per-studi-di-tatuaggi","8":"product_cat-braccioli-per-tatuaggi","9":"product_tag-attrezzature-per-studi-di-tatuaggi","10":"product_tag-braccioli-per-tatuaggi","11":"pa_codice-ean-5749","12":"pa_garanzia-12-mesi","13":"pa_marca-pro-ink","14":"pa_numero-dellarticolo-5748","15":"pa_tempo-di-consegna-stimato-3-4-giorni-lavorativi","17":"first","18":"instock","19":"sale","20":"taxable","21":"shipping-taxable","22":"purchasable","23":"product-type-simple"},"yoast_head":"<!-- This site is optimized with the Yoast SEO plugin v27.5 - https:\/\/yoast.com\/product\/yoast-seo-wordpress\/ -->\n<title>Bracciolo Per Tatuaggi Pro Ink 720 Nero acquistare<\/title>\n<meta name=\"description\" content=\"Acquista Bracciolo Per Tatuaggi Pro Ink 720 Nero online o nello showroom da Salon For All Italia. Il grossista per saloni, studi e spa in Italia e Svizzera.\" \/>\n<meta name=\"robots\" content=\"index, follow, max-snippet:-1, max-image-preview:large, max-video-preview:-1\" \/>\n<link rel=\"canonical\" href=\"https:\/\/salonforall.it\/en\/bracciolo-per-tatuaggi-pro-ink-720-nero\/\" \/>\n<meta property=\"og:locale\" content=\"en_GB\" \/>\n<meta property=\"og:type\" content=\"article\" \/>\n<meta property=\"og:title\" content=\"Bracciolo Per Tatuaggi Pro Ink 720 Nero\" \/>\n<meta property=\"og:description\" content=\"Acquista Bracciolo Per Tatuaggi Pro Ink 720 Nero online o nello showroom da Salon For All Italia. Il grossista per saloni, studi e spa in Italia e Svizzera.\" \/>\n<meta property=\"og:url\" content=\"https:\/\/salonforall.it\/en\/bracciolo-per-tatuaggi-pro-ink-720-nero\/\" \/>\n<meta property=\"og:site_name\" content=\"Salon For All Italia\" \/>\n<meta property=\"article:modified_time\" content=\"2026-04-05T02:05:57+00:00\" \/>\n<meta property=\"og:image\" content=\"https:\/\/salonforall.it\/wp-content\/uploads\/2025\/12\/Bracciolo-Per-Tatuaggi-Pro-Ink-720-Nero-1.jpg\" \/>\n\t<meta property=\"og:image:width\" content=\"1200\" \/>\n\t<meta property=\"og:image:height\" content=\"1200\" \/>\n\t<meta property=\"og:image:type\" content=\"image\/jpeg\" \/>\n<meta name=\"twitter:card\" content=\"summary_large_image\" \/>\n<meta name=\"twitter:title\" content=\"Bracciolo Per Tatuaggi Pro Ink 720 Nero\" \/>\n<meta name=\"twitter:label1\" content=\"Estimated reading time\" \/>\n\t<meta name=\"twitter:data1\" content=\"7 minutes\" \/>\n<script type=\"application\/ld+json\" class=\"yoast-schema-graph\">{\"@context\":\"https:\\\/\\\/schema.org\",\"@graph\":[{\"@type\":\"WebPage\",\"@id\":\"https:\\\/\\\/salonforall.it\\\/bracciolo-per-tatuaggi-pro-ink-720-nero\\\/\",\"url\":\"https:\\\/\\\/salonforall.it\\\/bracciolo-per-tatuaggi-pro-ink-720-nero\\\/\",\"name\":\"Bracciolo Per Tatuaggi Pro Ink 720 Nero acquistare\",\"isPartOf\":{\"@id\":\"https:\\\/\\\/salonforall.it\\\/#website\"},\"primaryImageOfPage\":{\"@id\":\"https:\\\/\\\/salonforall.it\\\/bracciolo-per-tatuaggi-pro-ink-720-nero\\\/#primaryimage\"},\"image\":{\"@id\":\"https:\\\/\\\/salonforall.it\\\/bracciolo-per-tatuaggi-pro-ink-720-nero\\\/#primaryimage\"},\"thumbnailUrl\":\"https:\\\/\\\/salonforall.it\\\/wp-content\\\/uploads\\\/2025\\\/12\\\/Bracciolo-Per-Tatuaggi-Pro-Ink-720-Nero-1.jpg\",\"datePublished\":\"2025-12-03T16:54:56+00:00\",\"dateModified\":\"2026-04-05T02:05:57+00:00\",\"description\":\"Acquista Bracciolo Per Tatuaggi Pro Ink 720 Nero online o nello showroom da Salon For All Italia. Il grossista per saloni, studi e spa in Italia e Svizzera.\",\"breadcrumb\":{\"@id\":\"https:\\\/\\\/salonforall.it\\\/bracciolo-per-tatuaggi-pro-ink-720-nero\\\/#breadcrumb\"},\"inLanguage\":\"en-GB\",\"potentialAction\":[{\"@type\":\"ReadAction\",\"target\":[\"https:\\\/\\\/salonforall.it\\\/bracciolo-per-tatuaggi-pro-ink-720-nero\\\/\"]}]},{\"@type\":\"ImageObject\",\"inLanguage\":\"en-GB\",\"@id\":\"https:\\\/\\\/salonforall.it\\\/bracciolo-per-tatuaggi-pro-ink-720-nero\\\/#primaryimage\",\"url\":\"https:\\\/\\\/salonforall.it\\\/wp-content\\\/uploads\\\/2025\\\/12\\\/Bracciolo-Per-Tatuaggi-Pro-Ink-720-Nero-1.jpg\",\"contentUrl\":\"https:\\\/\\\/salonforall.it\\\/wp-content\\\/uploads\\\/2025\\\/12\\\/Bracciolo-Per-Tatuaggi-Pro-Ink-720-Nero-1.jpg\",\"width\":1200,\"height\":1200,\"caption\":\"Bracciolo Per Tatuaggi Pro Ink 720 Nero\"},{\"@type\":\"BreadcrumbList\",\"@id\":\"https:\\\/\\\/salonforall.it\\\/bracciolo-per-tatuaggi-pro-ink-720-nero\\\/#breadcrumb\",\"itemListElement\":[{\"@type\":\"ListItem\",\"position\":1,\"name\":\"Home\",\"item\":\"https:\\\/\\\/salonforall.it\\\/\"},{\"@type\":\"ListItem\",\"position\":2,\"name\":\"Winkel\",\"item\":\"https:\\\/\\\/salonforall.it\\\/winkel\\\/\"},{\"@type\":\"ListItem\",\"position\":3,\"name\":\"Bracciolo Per Tatuaggi Pro Ink 720 Nero\"}]},{\"@type\":\"WebSite\",\"@id\":\"https:\\\/\\\/salonforall.it\\\/#website\",\"url\":\"https:\\\/\\\/salonforall.it\\\/\",\"name\":\"Salon For All Italia\",\"description\":\"Grossista di mobili e forniture per studi medici e saloni\",\"publisher\":{\"@id\":\"https:\\\/\\\/salonforall.it\\\/#organization\"},\"potentialAction\":[{\"@type\":\"SearchAction\",\"target\":{\"@type\":\"EntryPoint\",\"urlTemplate\":\"https:\\\/\\\/salonforall.it\\\/?s={search_term_string}\"},\"query-input\":{\"@type\":\"PropertyValueSpecification\",\"valueRequired\":true,\"valueName\":\"search_term_string\"}}],\"inLanguage\":\"en-GB\"},{\"@type\":\"Organization\",\"@id\":\"https:\\\/\\\/salonforall.it\\\/#organization\",\"name\":\"Salon For All Italia\",\"url\":\"https:\\\/\\\/salonforall.it\\\/\",\"logo\":{\"@type\":\"ImageObject\",\"inLanguage\":\"en-GB\",\"@id\":\"https:\\\/\\\/salonforall.it\\\/#\\\/schema\\\/logo\\\/image\\\/\",\"url\":\"https:\\\/\\\/salonforall.it\\\/wp-content\\\/uploads\\\/2025\\\/11\\\/logo-salon-for-all-e1764543264615.png\",\"contentUrl\":\"https:\\\/\\\/salonforall.it\\\/wp-content\\\/uploads\\\/2025\\\/11\\\/logo-salon-for-all-e1764543264615.png\",\"width\":500,\"height\":150,\"caption\":\"Salon For All Italia\"},\"image\":{\"@id\":\"https:\\\/\\\/salonforall.it\\\/#\\\/schema\\\/logo\\\/image\\\/\"}}]}<\/script>\n<!-- \/ Yoast SEO plugin. -->","yoast_head_json":{"title":"Bracciolo Per Tatuaggi Pro Ink 720 Nero acquistare","description":"Acquista Bracciolo Per Tatuaggi Pro Ink 720 Nero online o nello showroom da Salon For All Italia. Il grossista per saloni, studi e spa in Italia e Svizzera.","robots":{"index":"index","follow":"follow","max-snippet":"max-snippet:-1","max-image-preview":"max-image-preview:large","max-video-preview":"max-video-preview:-1"},"canonical":"https:\/\/salonforall.it\/en\/bracciolo-per-tatuaggi-pro-ink-720-nero\/","og_locale":"en_GB","og_type":"article","og_title":"Bracciolo Per Tatuaggi Pro Ink 720 Nero","og_description":"Acquista Bracciolo Per Tatuaggi Pro Ink 720 Nero online o nello showroom da Salon For All Italia. Il grossista per saloni, studi e spa in Italia e Svizzera.","og_url":"https:\/\/salonforall.it\/en\/bracciolo-per-tatuaggi-pro-ink-720-nero\/","og_site_name":"Salon For All Italia","article_modified_time":"2026-04-05T02:05:57+00:00","og_image":[{"width":1200,"height":1200,"url":"https:\/\/salonforall.it\/wp-content\/uploads\/2025\/12\/Bracciolo-Per-Tatuaggi-Pro-Ink-720-Nero-1.jpg","type":"image\/jpeg"}],"twitter_card":"summary_large_image","twitter_title":"Bracciolo Per Tatuaggi Pro Ink 720 Nero","twitter_misc":{"Estimated reading time":"7 minutes"},"schema":{"@context":"https:\/\/schema.org","@graph":[{"@type":"WebPage","@id":"https:\/\/salonforall.it\/bracciolo-per-tatuaggi-pro-ink-720-nero\/","url":"https:\/\/salonforall.it\/bracciolo-per-tatuaggi-pro-ink-720-nero\/","name":"Bracciolo Per Tatuaggi Pro Ink 720 Nero acquistare","isPartOf":{"@id":"https:\/\/salonforall.it\/#website"},"primaryImageOfPage":{"@id":"https:\/\/salonforall.it\/bracciolo-per-tatuaggi-pro-ink-720-nero\/#primaryimage"},"image":{"@id":"https:\/\/salonforall.it\/bracciolo-per-tatuaggi-pro-ink-720-nero\/#primaryimage"},"thumbnailUrl":"https:\/\/salonforall.it\/wp-content\/uploads\/2025\/12\/Bracciolo-Per-Tatuaggi-Pro-Ink-720-Nero-1.jpg","datePublished":"2025-12-03T16:54:56+00:00","dateModified":"2026-04-05T02:05:57+00:00","description":"Acquista Bracciolo Per Tatuaggi Pro Ink 720 Nero online o nello showroom da Salon For All Italia. Il grossista per saloni, studi e spa in Italia e Svizzera.","breadcrumb":{"@id":"https:\/\/salonforall.it\/bracciolo-per-tatuaggi-pro-ink-720-nero\/#breadcrumb"},"inLanguage":"en-GB","potentialAction":[{"@type":"ReadAction","target":["https:\/\/salonforall.it\/bracciolo-per-tatuaggi-pro-ink-720-nero\/"]}]},{"@type":"ImageObject","inLanguage":"en-GB","@id":"https:\/\/salonforall.it\/bracciolo-per-tatuaggi-pro-ink-720-nero\/#primaryimage","url":"https:\/\/salonforall.it\/wp-content\/uploads\/2025\/12\/Bracciolo-Per-Tatuaggi-Pro-Ink-720-Nero-1.jpg","contentUrl":"https:\/\/salonforall.it\/wp-content\/uploads\/2025\/12\/Bracciolo-Per-Tatuaggi-Pro-Ink-720-Nero-1.jpg","width":1200,"height":1200,"caption":"Bracciolo Per Tatuaggi Pro Ink 720 Nero"},{"@type":"BreadcrumbList","@id":"https:\/\/salonforall.it\/bracciolo-per-tatuaggi-pro-ink-720-nero\/#breadcrumb","itemListElement":[{"@type":"ListItem","position":1,"name":"Home","item":"https:\/\/salonforall.it\/"},{"@type":"ListItem","position":2,"name":"Winkel","item":"https:\/\/salonforall.it\/winkel\/"},{"@type":"ListItem","position":3,"name":"Bracciolo Per Tatuaggi Pro Ink 720 Nero"}]},{"@type":"WebSite","@id":"https:\/\/salonforall.it\/#website","url":"https:\/\/salonforall.it\/","name":"Salon For All Italia","description":"Grossista di mobili e forniture per studi medici e saloni","publisher":{"@id":"https:\/\/salonforall.it\/#organization"},"potentialAction":[{"@type":"SearchAction","target":{"@type":"EntryPoint","urlTemplate":"https:\/\/salonforall.it\/?s={search_term_string}"},"query-input":{"@type":"PropertyValueSpecification","valueRequired":true,"valueName":"search_term_string"}}],"inLanguage":"en-GB"},{"@type":"Organization","@id":"https:\/\/salonforall.it\/#organization","name":"Salon For All Italia","url":"https:\/\/salonforall.it\/","logo":{"@type":"ImageObject","inLanguage":"en-GB","@id":"https:\/\/salonforall.it\/#\/schema\/logo\/image\/","url":"https:\/\/salonforall.it\/wp-content\/uploads\/2025\/11\/logo-salon-for-all-e1764543264615.png","contentUrl":"https:\/\/salonforall.it\/wp-content\/uploads\/2025\/11\/logo-salon-for-all-e1764543264615.png","width":500,"height":150,"caption":"Salon For All Italia"},"image":{"@id":"https:\/\/salonforall.it\/#\/schema\/logo\/image\/"}}]}},"_links":{"self":[{"href":"https:\/\/salonforall.it\/en\/wp-json\/wp\/v2\/product\/17269","targetHints":{"allow":["GET"]}}],"collection":[{"href":"https:\/\/salonforall.it\/en\/wp-json\/wp\/v2\/product"}],"about":[{"href":"https:\/\/salonforall.it\/en\/wp-json\/wp\/v2\/types\/product"}],"replies":[{"embeddable":true,"href":"https:\/\/salonforall.it\/en\/wp-json\/wp\/v2\/comments?post=17269"}],"wp:featuredmedia":[{"embeddable":true,"href":"https:\/\/salonforall.it\/en\/wp-json\/wp\/v2\/media\/17270"}],"wp:attachment":[{"href":"https:\/\/salonforall.it\/en\/wp-json\/wp\/v2\/media?parent=17269"}],"wp:term":[{"taxonomy":"product_brand","embeddable":true,"href":"https:\/\/salonforall.it\/en\/wp-json\/wp\/v2\/product_brand?post=17269"},{"taxonomy":"product_cat","embeddable":true,"href":"https:\/\/salonforall.it\/en\/wp-json\/wp\/v2\/product_cat?post=17269"},{"taxonomy":"product_tag","embeddable":true,"href":"https:\/\/salonforall.it\/en\/wp-json\/wp\/v2\/product_tag?post=17269"}],"curies":[{"name":"wp","href":"https:\/\/api.w.org\/{rel}","templated":true}]}}