{"id":17282,"date":"2025-12-03T16:56:07","date_gmt":"2025-12-03T16:56:07","guid":{"rendered":"https:\/\/salonforall.it\/lavatesta-per-parrucchiere-toledo-nero\/"},"modified":"2026-03-30T02:49:48","modified_gmt":"2026-03-30T02:49:48","slug":"lavatesta-per-parrucchiere-toledo-nero","status":"publish","type":"product","link":"https:\/\/salonforall.it\/en\/lavatesta-per-parrucchiere-toledo-nero\/","title":{"rendered":"Lavatesta Per Parrucchiere Toledo Nero"},"content":{"rendered":"<h2>Informazioni su Lavatesta Per Parrucchiere Toledo Nero con codice articolo 148045<\/h2>\n<p><img decoding=\"async\" src=\"https:\/\/activeshop.com.pl\/media\/wysiwyg\/product\/148045\/EN_148045_1.jpg\"><\/p>\n<p><strong>Gabbiano<\/strong> \u00e8 un marchio di lusso di attrezzature e arredi per parrucchieri, che si distingue per affidabilit\u00e0, qualit\u00e0 ed estetica, oltre che per l&#8217;elevato comfort d&#8217;uso. L&#8217;offerta comprende un&#8217;ampia selezione di elementi funzionali per l&#8217;attrezzatura da salone, come poltrone, lavatesta e infradito.<\/p>\n<p><img decoding=\"async\" src=\"https:\/\/activeshop.com.pl\/media\/wysiwyg\/product\/148045\/EN_148045_2.jpg\"><\/p>\n<h2><strong>Un elemento essenziale di un salone da parrucchiere<\/strong><\/h2>\n<p><strong>Il lavatesta per parrucchieri Toledo<\/strong> \u00e8 progettato per fornire attrezzature pratiche per un salone da parrucchiere professionale. Permette di eseguire in modo efficiente il lavaggio preliminare dei capelli tra le singole fasi dei servizi di parrucchiere e di effettuare trattamenti di colorazione o rigenerazione. Il design integrato garantisce comfort d&#8217;uso sia per i parrucchieri che per i clienti, mentre gli elementi decorativi conferiscono all&#8217;interno uno stile unico.<\/p>\n<p><img decoding=\"async\" src=\"https:\/\/activeshop.com.pl\/media\/wysiwyg\/product\/148045\/EN_148045_3.jpg\"><\/p>\n<h2><strong>Lavabo adeguato per il comfort d&#8217;uso<\/strong><\/h2>\n<p>La <strong>vasca in ceramica bianca<\/strong> con la profondit\u00e0 appropriata impedisce schizzi eccessivi di acqua e prodotti utilizzati durante i trattamenti, consentendo un&#8217;esecuzione confortevole di un&#8217;ampia gamma di servizi. La possibilit\u00e0 di regolare l&#8217;angolazione della vasca consente di adattare l&#8217;impostazione alle esigenze individuali. Il materiale utilizzato rende il lavabo<strong>resistente, resistente a macchie e graffi e molto facile da pulire<\/strong>. Un collare opportunamente profilato offre supporto e comfort durante il lavaggio dei capelli e, grazie al comodo rivestimento in plastica, <strong>il cliente non avvertir\u00e0 il fastidio associato alla freschezza della superficie in ceramica<\/strong>.<\/p>\n<p><img decoding=\"async\" src=\"https:\/\/activeshop.com.pl\/media\/wysiwyg\/product\/148045\/EN_148045_4.jpg\"><\/p>\n<h2><strong>Servizi idonei<\/strong><\/h2>\n<p>Il lavabo \u00e8 dotato di un miscelatore che consente di accedere all&#8217;acqua calda e fredda, consentendo di <strong>regolare la temperatura in base alle preferenze del cliente<\/strong>. Un apposito vano per appoggiare il miscelatore facilita il lavoro e il tappo con filtro speciale consente di controllare il flusso dell&#8217;acqua e mantenere elevati standard igienici nel salone. <strong>Il collegamento dell&#8217;acqua \u00e8 stato posizionato all&#8217;interno della base<\/strong>, il che garantisce un&#8217;efficace occultamento di eventuali tubi. Il lavabo \u00e8 stato profilato in modo tale da consentire di lavorare anche da seduti, <strong>offrendo maggiore libert\u00e0 di movimento e comfort<\/strong> durante l&#8217;esecuzione di una variet\u00e0 di trattamenti. <strong>La perfetta combinazione di funzionalit\u00e0 e comfort<\/strong> render\u00e0 il lavoro in un salone da parrucchiere ancora pi\u00f9 confortevole.<\/p>\n<p><img decoding=\"async\" src=\"https:\/\/activeshop.com.pl\/media\/wysiwyg\/product\/148045\/EN_148045_5.jpg\"><\/p>\n<h2><strong>Un mobile funzionale con un tocco elegante<\/strong><\/h2>\n<p>Una sedia adeguatamente profilata, imbottita con schiuma resistente, garantisce un <strong>elevato comfort d&#8217;uso<\/strong>. Il rivestimento in similpelle nei toni del nero <strong>garantisce una lunga durata e una facile pulizia<\/strong>. Il design originale ed elegante del lavabo con elementi lucidati nei toni dell&#8217;oro conferisce all&#8217;interno un&#8217;espressione unica. Le gambe dorate aggiungono stabilit\u00e0 e sottolineano sottilmente il carattere elegante del lavabo. <strong>Gli accessori completi<\/strong> includono un rubinetto, una doccetta e tubi flessibili dedicati per offrirti un set completo di strumenti per il lavoro.<\/p>\n<p>Le dimensioni dettagliate sono indicate nella foto.<\/p>\n<p>Materiale della vasca: ceramica <br \/>Colore della vasca: tonalit\u00e0 di nero <br \/>Colore del rivestimento: tonalit\u00e0 di nero <br \/>Colore della base: tonalit\u00e0 di nero <br \/>Colore degli accessori: tonalit\u00e0 di nero <br \/>Materiale del rivestimento: pelle sintetica<br \/>Gli elementi dorati sono rivestiti con vernice. I danni meccanici al rivestimento non sono soggetti a reclamo.<\/p>\n<p>I prodotti Activeshop sono proporzionalmente pi\u00f9 economici di molti altri marchi\/fornitori. Il prezzo \u00e8 proporzionato alla qualit\u00e0. Lavatesta Per Parrucchiere Toledo Nero \u00e8 quindi una soluzione accessibile per il tuo salone.<\/p>\n<h2>Come viene consegnato Lavatesta Per Parrucchiere Toledo Nero?<\/h2>\n<p>Lavatesta Per Parrucchiere Toledo Nero viene consegnato nella confezione originale. In Italia la spedizione di Lavatesta Per Parrucchiere Toledo Nero \u00e8 completamente gratuita per ordini a partire da 100,- euro. Per spedizioni verso altri paesi si applicano tariffe di spedizione separate. Puoi richiedere queste tariffe o trovarle nel carrello. Lavatesta Per Parrucchiere Toledo Nero viene spedito tramite un corriere esterno.<\/p>\n<p>I pacchi o i pallet vengono consegnati di serie fino alla soglia della porta d&#8217;ingresso, anche se ti trovi in un edificio collettivo, condominio o complesso residenziale con ascensore (a condizione che l&#8217;articolo entri nell&#8217;ascensore). Non c&#8217;\u00e8 un ascensore o l&#8217;articolo non entra nell&#8217;ascensore? Allora consegniamo fino alla soglia del piano terra.<\/p>\n<p>Hai ancora domande sulla consegna o una situazione particolare? Contattaci e saremo lieti di aiutarti!<\/p>\n<p>*Gli articoli non vengono disimballati o montati di serie. In situazioni particolari puoi contattarci per fare accordi in merito.<\/p>\n<h2>Acquisti online sicuri su Salon For All con il marchio di qualit\u00e0 Webwinkelkeur e crittografia SSL<\/h2>\n<p>\u00c8 importante per noi che i nostri clienti possano fare acquisti online in sicurezza. Siamo affiliati al marchio di qualit\u00e0 nazionale Webwinkelkeur dal 2019. La nostra identit\u00e0 \u00e8 stata controllata e verificata da loro e il negozio online \u00e8 stato controllato e approvato legalmente. Inoltre, il nostro negozio online \u00e8 affiliato a loro per la mediazione delle controversie. Puoi vedere il badge con tutte le informazioni di questo marchio di qualit\u00e0 del negozio online sul lato sinistro o destro del negozio online (pulsante rosa con bianco). Inoltre, il nostro sito \u00e8 protetto con un certificato SSL in modo da poter navigare in sicurezza. Nella barra del tuo browser Internet, dove \u00e8 indicato il nostro sito web, vedrai un&#8217;icona a forma di lucchetto. Se clicchi sul lucchetto, otterrai tutte le informazioni sulla nostra sicurezza. In questo modo sai che il tuo ordine di Lavatesta Per Parrucchiere Toledo Nero e i tuoi dati personali vengono elaborati in modo sicuro.<\/p>\n<h2>Come posso pagare Lavatesta Per Parrucchiere Toledo Nero?<\/h2>\n<p>Vogliamo renderti le cose il pi\u00f9 semplici possibile. Ecco perch\u00e9 su Salon For All puoi pagare con tutti i metodi di pagamento noti e comuni. Pagare in anticipo, alla consegna o in seguito; tutto \u00e8 possibile. Vedi qui tutti i metodi di pagamento che offriamo:<\/p>\n<ul>\n<li>iDEAL<\/li>\n<li>Carta di credito (Visa, Mastercard, American Express)<\/li>\n<li>Klarna &#8211; Pagamento posticipato con fattura<\/li>\n<li>PayPal<\/li>\n<li>Apple Pay<\/li>\n<li>Google Pay<\/li>\n<li>Bancontact<\/li>\n<li>Bonifico bancario SEPA<\/li>\n<li>MyBank (per clienti italiani)<\/li>\n<li>Fattura aziendale per imprese<\/li>\n<li>Pagamento nello showroom &#8211; Sia carta che contanti (Disponibile solo per il ritiro)<\/li>\n<\/ul>\n<h2>Consulta anche le recensioni di Salon For All<\/h2>\n<p>Consulta anche le nostre recensioni per tenere conto delle esperienze dei nostri clienti attuali nella tua decisione di ordinare Lavatesta Per Parrucchiere Toledo Nero da noi. Attraverso il nostro marchio di qualit\u00e0 indipendente del negozio online Webwinkelkeur, vengono raccolte automaticamente recensioni verificate di clienti che hanno completato un ordine con noi. Puoi trovarle dietro il pulsante rosa sul nostro negozio online o sono elencate sotto i prodotti.<\/p>\n<p>Condividi anche la tua esperienza dopo il tuo acquisto con il tuo Lavatesta Per Parrucchiere Toledo Nero ordinato e la tua esperienza con il processo di acquisto o il contatto con Salon For All per ispirare gli altri!<\/p>\n<h2>Contatto con Salon For All<\/h2>\n<p>Contattaci allora. Saremo lieti di aiutarti con l&#8217;acquisto di Lavatesta Per Parrucchiere Toledo Nero. Nei giorni feriali siamo raggiungibili al meglio tra le 8.30 e le 17.00 tramite il numero di telefono e l&#8217;indirizzo e-mail nella parte superiore del negozio online o tramite la funzione chat. Le domande al di fuori dell&#8217;orario d&#8217;ufficio vengono generalmente risposte entro 24 ore. \u00c8 anche possibile venirci a trovare al di fuori dei giorni feriali o dell&#8217;orario d&#8217;ufficio. Ma per questo \u00e8 necessario prendere un appuntamento in anticipo.<\/p>\n<h2>Vuoi venire nel nostro showroom?<\/h2>\n<p>Preferisci vedere Lavatesta Per Parrucchiere Toledo Nero o esplorare la nostra offerta del negozio (online) insieme al nostro collega? Allora vieni nel nostro showroom con oltre 1000m\u00b2 di arredamento per saloni e lasciati ispirare dai nostri dipendenti. Anche se ti piace fare conoscenza in modo piacevole gustando una buona tazza di caff\u00e8 o t\u00e8, sei il benvenuto. Non abbiamo tutti i prodotti disponibili, quindi faccici sapere in anticipo che vuoi venire. Prendi sempre un appuntamento in anticipo.<\/p>\n<h2>14 giorni di riflessione e la nostra politica di reso<\/h2>\n<p>Naturalmente pu\u00f2 succedere che Lavatesta Per Parrucchiere Toledo Nero consegnato non sia completamente di tuo gradimento e tu voglia restituirlo. Questo non \u00e8 assolutamente un problema con Salon For All. Devi segnalare il tuo reso entro 14 giorni lavorativi tramite <a href=\"mailto:info@salonforall.com\">info@salonforall.it<\/a>. Riceverai quindi prima tutte le istruzioni e condizioni di reso. Si prega di notare che Lavatesta Per Parrucchiere Toledo Nero non deve essere stato utilizzato, deve contenere tutte le parti fornite e deve essere restituito imballato nella confezione originale. I costi di spedizione per un reso sono sempre a carico dell&#8217;acquirente per gli acquisti tramite www.salonforall.it. Devi organizzare tu stesso un trasporto presso un corriere di tua scelta per un reso. Una volta che Lavatesta Per Parrucchiere Toledo Nero \u00e8 stato restituito, verr\u00e0 controllato per completezza e danni. Una volta che il reso \u00e8 stato approvato, l&#8217;importo di acquisto verr\u00e0 rimborsato entro 5 giorni lavorativi sul conto bancario da noi conosciuto.<\/p>\n<h2>Chi \u00e8 Salon For All?<\/h2>\n<p>Salon For All \u00e8 IL grossista per ogni arredamento di saloni in Europa. Salon For All \u00e8 iniziato nel 2003 con il nome Salonvoordeel ed \u00e8 nato dalla pratica. I proprietari di Salon For All erano parrucchieri e specialisti della bellezza esperti e hanno insieme oltre 30 anni di esperienza pratica. Nel 2003 abbiamo lanciato Salonvoordeel.nl (Paesi Bassi) e successivamente \u00e8 stato fondato Salon For All per il mercato europeo. Alcuni dei nostri dipendenti hanno avviato una propria attivit\u00e0 e cos\u00ec \u00e8 nata l&#8217;idea di avviare un negozio online funzionale per parrucchieri e aiutarli con l&#8217;arredamento del loro salone.<\/p>\n<p>Il nostro showroom si trova a Dinxperlo, direttamente al confine tra i Paesi Bassi e la Germania. Con la nostra pluriennale esperienza nel settore possiamo farti da specchio e fornirti la giusta consulenza. Parliamo la stessa lingua! Ti consigliamo, ispiriamo, motiviamo e ti aiutiamo nell&#8217;acquisto di Lavatesta Per Parrucchiere Toledo Nero. I nostri fornitori si trovano in tutta Europa, dalla Germania, Inghilterra, Italia fino alla Polonia.<\/p>","protected":false},"excerpt":{"rendered":"<p>Il prodotto Lavatesta Per Parrucchiere Toledo Nero \u00e8 una soluzione conveniente per qualsiasi salone o studio professionale. Il tempo di consegna previsto \u00e8 di circa 6 giorni lavorativi.<\/p>","protected":false},"featured_media":17283,"comment_status":"open","ping_status":"open","template":"","meta":[],"product_brand":[95],"product_cat":[1282,114,4783,1283],"product_tag":[101,117,4784,102],"class_list":{"0":"post-17282","1":"product","2":"type-product","3":"status-publish","4":"has-post-thumbnail","6":"product_brand-gabbiano","7":"product_cat-arredamento-per-parrucchieri-attrezzature-per-parrucchieri","8":"product_cat-attrezzature-per-parrucchieri","9":"product_cat-molise","10":"product_cat-poltrone-e-lavaggi-per-parrucchieri-arredamento-per-parrucchieri-attrezzature-per-parrucchieri","11":"product_tag-arredamento-per-parrucchieri","12":"product_tag-attrezzature-per-parrucchieri","13":"product_tag-molise","14":"product_tag-poltrone-e-lavaggi-per-parrucchieri","15":"pa_codice-ean-5751","16":"pa_garanzia-12-mesi","17":"pa_marca-gabbiano","18":"pa_numero-dellarticolo-5750","19":"pa_tempo-di-consegna-stimato-3-4-giorni-lavorativi","21":"first","22":"instock","23":"sale","24":"taxable","25":"shipping-taxable","26":"purchasable","27":"product-type-simple"},"yoast_head":"<!-- This site is optimized with the Yoast SEO plugin v27.5 - https:\/\/yoast.com\/product\/yoast-seo-wordpress\/ -->\n<title>Lavatesta Per Parrucchiere Toledo Nero acquistare<\/title>\n<meta name=\"description\" content=\"Acquista Lavatesta Per Parrucchiere Toledo Nero online o nello showroom da Salon For All Italia. Il grossista per saloni, studi e spa in Italia e Svizzera.\" \/>\n<meta name=\"robots\" content=\"index, follow, max-snippet:-1, max-image-preview:large, max-video-preview:-1\" \/>\n<link rel=\"canonical\" href=\"https:\/\/salonforall.it\/en\/lavatesta-per-parrucchiere-toledo-nero\/\" \/>\n<meta property=\"og:locale\" content=\"en_GB\" \/>\n<meta property=\"og:type\" content=\"article\" \/>\n<meta property=\"og:title\" content=\"Lavatesta Per Parrucchiere Toledo Nero\" \/>\n<meta property=\"og:description\" content=\"Acquista Lavatesta Per Parrucchiere Toledo Nero online o nello showroom da Salon For All Italia. Il grossista per saloni, studi e spa in Italia e Svizzera.\" \/>\n<meta property=\"og:url\" content=\"https:\/\/salonforall.it\/en\/lavatesta-per-parrucchiere-toledo-nero\/\" \/>\n<meta property=\"og:site_name\" content=\"Salon For All Italia\" \/>\n<meta property=\"article:modified_time\" content=\"2026-03-30T02:49:48+00:00\" \/>\n<meta property=\"og:image\" content=\"https:\/\/salonforall.it\/wp-content\/uploads\/2025\/12\/Lavatesta-Per-Parrucchiere-Toledo-Nero-1.jpg\" \/>\n\t<meta property=\"og:image:width\" content=\"1200\" \/>\n\t<meta property=\"og:image:height\" content=\"1200\" \/>\n\t<meta property=\"og:image:type\" content=\"image\/jpeg\" \/>\n<meta name=\"twitter:card\" content=\"summary_large_image\" \/>\n<meta name=\"twitter:title\" content=\"Lavatesta Per Parrucchiere Toledo Nero\" \/>\n<meta name=\"twitter:label1\" content=\"Estimated reading time\" \/>\n\t<meta name=\"twitter:data1\" content=\"8 minutes\" \/>\n<script type=\"application\/ld+json\" class=\"yoast-schema-graph\">{\"@context\":\"https:\\\/\\\/schema.org\",\"@graph\":[{\"@type\":\"WebPage\",\"@id\":\"https:\\\/\\\/salonforall.it\\\/lavatesta-per-parrucchiere-toledo-nero\\\/\",\"url\":\"https:\\\/\\\/salonforall.it\\\/lavatesta-per-parrucchiere-toledo-nero\\\/\",\"name\":\"Lavatesta Per Parrucchiere Toledo Nero acquistare\",\"isPartOf\":{\"@id\":\"https:\\\/\\\/salonforall.it\\\/#website\"},\"primaryImageOfPage\":{\"@id\":\"https:\\\/\\\/salonforall.it\\\/lavatesta-per-parrucchiere-toledo-nero\\\/#primaryimage\"},\"image\":{\"@id\":\"https:\\\/\\\/salonforall.it\\\/lavatesta-per-parrucchiere-toledo-nero\\\/#primaryimage\"},\"thumbnailUrl\":\"https:\\\/\\\/salonforall.it\\\/wp-content\\\/uploads\\\/2025\\\/12\\\/Lavatesta-Per-Parrucchiere-Toledo-Nero-1.jpg\",\"datePublished\":\"2025-12-03T16:56:07+00:00\",\"dateModified\":\"2026-03-30T02:49:48+00:00\",\"description\":\"Acquista Lavatesta Per Parrucchiere Toledo Nero online o nello showroom da Salon For All Italia. Il grossista per saloni, studi e spa in Italia e Svizzera.\",\"breadcrumb\":{\"@id\":\"https:\\\/\\\/salonforall.it\\\/lavatesta-per-parrucchiere-toledo-nero\\\/#breadcrumb\"},\"inLanguage\":\"en-GB\",\"potentialAction\":[{\"@type\":\"ReadAction\",\"target\":[\"https:\\\/\\\/salonforall.it\\\/lavatesta-per-parrucchiere-toledo-nero\\\/\"]}]},{\"@type\":\"ImageObject\",\"inLanguage\":\"en-GB\",\"@id\":\"https:\\\/\\\/salonforall.it\\\/lavatesta-per-parrucchiere-toledo-nero\\\/#primaryimage\",\"url\":\"https:\\\/\\\/salonforall.it\\\/wp-content\\\/uploads\\\/2025\\\/12\\\/Lavatesta-Per-Parrucchiere-Toledo-Nero-1.jpg\",\"contentUrl\":\"https:\\\/\\\/salonforall.it\\\/wp-content\\\/uploads\\\/2025\\\/12\\\/Lavatesta-Per-Parrucchiere-Toledo-Nero-1.jpg\",\"width\":1200,\"height\":1200,\"caption\":\"Lavatesta Per Parrucchiere Toledo Nero\"},{\"@type\":\"BreadcrumbList\",\"@id\":\"https:\\\/\\\/salonforall.it\\\/lavatesta-per-parrucchiere-toledo-nero\\\/#breadcrumb\",\"itemListElement\":[{\"@type\":\"ListItem\",\"position\":1,\"name\":\"Home\",\"item\":\"https:\\\/\\\/salonforall.it\\\/\"},{\"@type\":\"ListItem\",\"position\":2,\"name\":\"Winkel\",\"item\":\"https:\\\/\\\/salonforall.it\\\/winkel\\\/\"},{\"@type\":\"ListItem\",\"position\":3,\"name\":\"Lavatesta Per Parrucchiere Toledo Nero\"}]},{\"@type\":\"WebSite\",\"@id\":\"https:\\\/\\\/salonforall.it\\\/#website\",\"url\":\"https:\\\/\\\/salonforall.it\\\/\",\"name\":\"Salon For All Italia\",\"description\":\"Grossista di mobili e forniture per studi medici e saloni\",\"publisher\":{\"@id\":\"https:\\\/\\\/salonforall.it\\\/#organization\"},\"potentialAction\":[{\"@type\":\"SearchAction\",\"target\":{\"@type\":\"EntryPoint\",\"urlTemplate\":\"https:\\\/\\\/salonforall.it\\\/?s={search_term_string}\"},\"query-input\":{\"@type\":\"PropertyValueSpecification\",\"valueRequired\":true,\"valueName\":\"search_term_string\"}}],\"inLanguage\":\"en-GB\"},{\"@type\":\"Organization\",\"@id\":\"https:\\\/\\\/salonforall.it\\\/#organization\",\"name\":\"Salon For All Italia\",\"url\":\"https:\\\/\\\/salonforall.it\\\/\",\"logo\":{\"@type\":\"ImageObject\",\"inLanguage\":\"en-GB\",\"@id\":\"https:\\\/\\\/salonforall.it\\\/#\\\/schema\\\/logo\\\/image\\\/\",\"url\":\"https:\\\/\\\/salonforall.it\\\/wp-content\\\/uploads\\\/2025\\\/11\\\/logo-salon-for-all-e1764543264615.png\",\"contentUrl\":\"https:\\\/\\\/salonforall.it\\\/wp-content\\\/uploads\\\/2025\\\/11\\\/logo-salon-for-all-e1764543264615.png\",\"width\":500,\"height\":150,\"caption\":\"Salon For All Italia\"},\"image\":{\"@id\":\"https:\\\/\\\/salonforall.it\\\/#\\\/schema\\\/logo\\\/image\\\/\"}}]}<\/script>\n<!-- \/ Yoast SEO plugin. -->","yoast_head_json":{"title":"Lavatesta Per Parrucchiere Toledo Nero acquistare","description":"Acquista Lavatesta Per Parrucchiere Toledo Nero online o nello showroom da Salon For All Italia. Il grossista per saloni, studi e spa in Italia e Svizzera.","robots":{"index":"index","follow":"follow","max-snippet":"max-snippet:-1","max-image-preview":"max-image-preview:large","max-video-preview":"max-video-preview:-1"},"canonical":"https:\/\/salonforall.it\/en\/lavatesta-per-parrucchiere-toledo-nero\/","og_locale":"en_GB","og_type":"article","og_title":"Lavatesta Per Parrucchiere Toledo Nero","og_description":"Acquista Lavatesta Per Parrucchiere Toledo Nero online o nello showroom da Salon For All Italia. Il grossista per saloni, studi e spa in Italia e Svizzera.","og_url":"https:\/\/salonforall.it\/en\/lavatesta-per-parrucchiere-toledo-nero\/","og_site_name":"Salon For All Italia","article_modified_time":"2026-03-30T02:49:48+00:00","og_image":[{"width":1200,"height":1200,"url":"https:\/\/salonforall.it\/wp-content\/uploads\/2025\/12\/Lavatesta-Per-Parrucchiere-Toledo-Nero-1.jpg","type":"image\/jpeg"}],"twitter_card":"summary_large_image","twitter_title":"Lavatesta Per Parrucchiere Toledo Nero","twitter_misc":{"Estimated reading time":"8 minutes"},"schema":{"@context":"https:\/\/schema.org","@graph":[{"@type":"WebPage","@id":"https:\/\/salonforall.it\/lavatesta-per-parrucchiere-toledo-nero\/","url":"https:\/\/salonforall.it\/lavatesta-per-parrucchiere-toledo-nero\/","name":"Lavatesta Per Parrucchiere Toledo Nero acquistare","isPartOf":{"@id":"https:\/\/salonforall.it\/#website"},"primaryImageOfPage":{"@id":"https:\/\/salonforall.it\/lavatesta-per-parrucchiere-toledo-nero\/#primaryimage"},"image":{"@id":"https:\/\/salonforall.it\/lavatesta-per-parrucchiere-toledo-nero\/#primaryimage"},"thumbnailUrl":"https:\/\/salonforall.it\/wp-content\/uploads\/2025\/12\/Lavatesta-Per-Parrucchiere-Toledo-Nero-1.jpg","datePublished":"2025-12-03T16:56:07+00:00","dateModified":"2026-03-30T02:49:48+00:00","description":"Acquista Lavatesta Per Parrucchiere Toledo Nero online o nello showroom da Salon For All Italia. Il grossista per saloni, studi e spa in Italia e Svizzera.","breadcrumb":{"@id":"https:\/\/salonforall.it\/lavatesta-per-parrucchiere-toledo-nero\/#breadcrumb"},"inLanguage":"en-GB","potentialAction":[{"@type":"ReadAction","target":["https:\/\/salonforall.it\/lavatesta-per-parrucchiere-toledo-nero\/"]}]},{"@type":"ImageObject","inLanguage":"en-GB","@id":"https:\/\/salonforall.it\/lavatesta-per-parrucchiere-toledo-nero\/#primaryimage","url":"https:\/\/salonforall.it\/wp-content\/uploads\/2025\/12\/Lavatesta-Per-Parrucchiere-Toledo-Nero-1.jpg","contentUrl":"https:\/\/salonforall.it\/wp-content\/uploads\/2025\/12\/Lavatesta-Per-Parrucchiere-Toledo-Nero-1.jpg","width":1200,"height":1200,"caption":"Lavatesta Per Parrucchiere Toledo Nero"},{"@type":"BreadcrumbList","@id":"https:\/\/salonforall.it\/lavatesta-per-parrucchiere-toledo-nero\/#breadcrumb","itemListElement":[{"@type":"ListItem","position":1,"name":"Home","item":"https:\/\/salonforall.it\/"},{"@type":"ListItem","position":2,"name":"Winkel","item":"https:\/\/salonforall.it\/winkel\/"},{"@type":"ListItem","position":3,"name":"Lavatesta Per Parrucchiere Toledo Nero"}]},{"@type":"WebSite","@id":"https:\/\/salonforall.it\/#website","url":"https:\/\/salonforall.it\/","name":"Salon For All Italia","description":"Grossista di mobili e forniture per studi medici e saloni","publisher":{"@id":"https:\/\/salonforall.it\/#organization"},"potentialAction":[{"@type":"SearchAction","target":{"@type":"EntryPoint","urlTemplate":"https:\/\/salonforall.it\/?s={search_term_string}"},"query-input":{"@type":"PropertyValueSpecification","valueRequired":true,"valueName":"search_term_string"}}],"inLanguage":"en-GB"},{"@type":"Organization","@id":"https:\/\/salonforall.it\/#organization","name":"Salon For All Italia","url":"https:\/\/salonforall.it\/","logo":{"@type":"ImageObject","inLanguage":"en-GB","@id":"https:\/\/salonforall.it\/#\/schema\/logo\/image\/","url":"https:\/\/salonforall.it\/wp-content\/uploads\/2025\/11\/logo-salon-for-all-e1764543264615.png","contentUrl":"https:\/\/salonforall.it\/wp-content\/uploads\/2025\/11\/logo-salon-for-all-e1764543264615.png","width":500,"height":150,"caption":"Salon For All Italia"},"image":{"@id":"https:\/\/salonforall.it\/#\/schema\/logo\/image\/"}}]}},"_links":{"self":[{"href":"https:\/\/salonforall.it\/en\/wp-json\/wp\/v2\/product\/17282","targetHints":{"allow":["GET"]}}],"collection":[{"href":"https:\/\/salonforall.it\/en\/wp-json\/wp\/v2\/product"}],"about":[{"href":"https:\/\/salonforall.it\/en\/wp-json\/wp\/v2\/types\/product"}],"replies":[{"embeddable":true,"href":"https:\/\/salonforall.it\/en\/wp-json\/wp\/v2\/comments?post=17282"}],"wp:featuredmedia":[{"embeddable":true,"href":"https:\/\/salonforall.it\/en\/wp-json\/wp\/v2\/media\/17283"}],"wp:attachment":[{"href":"https:\/\/salonforall.it\/en\/wp-json\/wp\/v2\/media?parent=17282"}],"wp:term":[{"taxonomy":"product_brand","embeddable":true,"href":"https:\/\/salonforall.it\/en\/wp-json\/wp\/v2\/product_brand?post=17282"},{"taxonomy":"product_cat","embeddable":true,"href":"https:\/\/salonforall.it\/en\/wp-json\/wp\/v2\/product_cat?post=17282"},{"taxonomy":"product_tag","embeddable":true,"href":"https:\/\/salonforall.it\/en\/wp-json\/wp\/v2\/product_tag?post=17282"}],"curies":[{"name":"wp","href":"https:\/\/api.w.org\/{rel}","templated":true}]}}