{"id":17489,"date":"2025-12-03T16:57:32","date_gmt":"2025-12-03T16:57:32","guid":{"rendered":"https:\/\/salonforall.it\/sauna-da-parrucchiere-gabbiano-408d-bianca-con-ozono-attivo\/"},"modified":"2026-03-30T02:50:01","modified_gmt":"2026-03-30T02:50:01","slug":"sauna-da-parrucchiere-gabbiano-408d-bianca-con-ozono-attivo","status":"publish","type":"product","link":"https:\/\/salonforall.it\/en\/sauna-da-parrucchiere-gabbiano-408d-bianca-con-ozono-attivo\/","title":{"rendered":"Sauna Da Parrucchiere Gabbiano 408D Bianca Con Ozono Attivo"},"content":{"rendered":"<h2>Informazioni su Sauna Da Parrucchiere Gabbiano 408D Bianca Con Ozono Attivo con codice articolo 147792<\/h2>\n<p><img decoding=\"async\" src=\"https:\/\/activeshop.com.pl\/media\/wysiwyg\/product\/147792\/EN_147792_1.jpg\"><\/p>\n<p><strong>Gabbiano<\/strong> \u00e8 un marchio di lusso di attrezzature e arredi per parrucchieri, che si distingue per affidabilit\u00e0, qualit\u00e0 ed estetica, oltre che per l&#8217;elevato comfort d&#8217;uso. L&#8217;offerta comprende un&#8217;ampia selezione di elementi funzionali per l&#8217;attrezzatura da salone, come poltrone, lavatesta e infradito.<\/p>\n<p><img decoding=\"async\" src=\"https:\/\/activeshop.com.pl\/media\/wysiwyg\/product\/147792\/EN_147792_2.jpg\"><\/p>\n<h2><strong>Attrezzatura professionale necessaria in ogni salone<\/strong><\/h2>\n<p><strong>La sauna per parrucchieri Gabbiano 408D<\/strong> \u00e8 un dispositivo innovativo per idratare, ricostruire e nutrire in profondit\u00e0 i capelli. Il vapore generato dal dispositivo provoca l&#8217;espansione delle cuticole dei capelli, facilitando un assorbimento pi\u00f9 accurato delle sostanze contenute in vari tipi di preparati per parrucchieri. L&#8217;ozono attivo favorisce la detersione dei capelli, elimina l&#8217;odore dei prodotti chimici utilizzati durante i trattamenti e migliora la circolazione sanguigna del cuoio capelluto.<\/p>\n<p><img decoding=\"async\" src=\"https:\/\/activeshop.com.pl\/media\/wysiwyg\/product\/147792\/EN_147792_3.jpg\"><\/p>\n<h2><strong>Funzionalit\u00e0 e pannello di controllo chiaro<\/strong><\/h2>\n<p><strong>Il dispositivo, facile da usare<\/strong>, utilizza il vapore acqueo, che facilita l&#8217;assorbimento delle sostanze condizionanti e <strong>rende i capelli morbidi e altamente idratati<\/strong>. Il calore rilasciato dal vapore acqueo stimola la microcircolazione del cuoio capelluto e <strong>facilita il trasporto dei nutrienti essenziali<\/strong>. Ci\u00f2 aumenta il comfort e la soddisfazione del cliente sottoposto al trattamento. L&#8217;utilizzo di questa soluzione ha anche un effetto positivo sul cuoio capelluto, i capelli diventano pi\u00f9 forti e hanno meno tendenza a cadere. Il dispositivo \u00e8 dotato di un serbatoio con una capacit\u00e0 di quasi due litri per l&#8217;acqua pulita e di un contenitore di raccolta pi\u00f9 piccolo per l&#8217;acqua che si condensa durante i trattamenti. La sauna \u00e8 dotata di un sistema che segnala la mancanza di acqua nel serbatoio con un messaggio sul display e un suono caratteristico. Il set include anche uno speciale cappuccio con coulisse che facilita l&#8217;erogazione del vapore sui capelli.<\/p>\n<p><img decoding=\"async\" src=\"https:\/\/activeshop.com.pl\/media\/wysiwyg\/product\/147792\/EN_147792_4.jpg\"><\/p>\n<p><img decoding=\"async\" src=\"https:\/\/activeshop.com.pl\/media\/wysiwyg\/product\/147792\/EN_147792_5.jpg\"><\/p>\n<h2><strong>Modalit\u00e0 di regolazione automatica e manuale<\/strong><\/h2>\n<p><strong>La regolazione elettronica dei parametri<\/strong> semplifica notevolmente il lavoro del parrucchiere. Il dispositivo \u00e8 dotato di <strong>un pannello di controllo intuitivo con un chiaro display digitale<\/strong>, che garantisce un utilizzo semplice. Il programma di lavoro <strong>pu\u00f2 essere regolato individualmente<\/strong> in base alle proprie esigenze oppure \u00e8 possibile utilizzare una delle tre opzioni programmate. \u00c8 possibile regolare facilmente l&#8217;intensit\u00e0 del vapore su cinque livelli, la temperatura tra 45 e 65 \u00b0C e il tempo di erogazione nell&#8217;intervallo da 1 a 99 minuti. La sauna \u00e8 inoltre dotata di funzioni di ozonizzazione e fototerapia, attivabili in qualsiasi momento. Sono state predisposte tre modalit\u00e0 programmate per rendere il lavoro del parrucchiere il pi\u00f9 efficiente possibile. Questi sono i programmi:<br \/><strong>\u2022 tintura:<\/strong> livello di intensit\u00e0 del vapore 3, temperatura 60 \u00b0C, tempo 8 minuti.<br \/><strong>\u2022 cura:<\/strong> livello di intensit\u00e0 del vapore 5, temperatura 65 \u00b0C, tempo 12 minuti.<br \/><strong>\u2022 oliatura:<\/strong> livello di intensit\u00e0 del vapore 4, temperatura 55 \u00b0C, tempo 10 minuti.<\/p>\n<p><img decoding=\"async\" src=\"https:\/\/activeshop.com.pl\/media\/wysiwyg\/product\/147792\/EN_147792_6.jpg\"><\/p>\n<h2><strong>Look moderno<\/strong><\/h2>\n<p>L&#8217;alloggiamento in plastica bianca rende il dispositivo <strong>resistente e facile da pulire<\/strong>. La cupola apribile migliora notevolmente la pulizia del prodotto. <strong>Il supporto con regolazione manuale semplice<\/strong> nell&#8217;intervallo di 18 cm \u00e8 dotato di una base con pratiche ruote, che consente di spostare facilmente il dispositivo in qualsiasi momento.<\/p>\n<p><img decoding=\"async\" src=\"https:\/\/activeshop.com.pl\/media\/wysiwyg\/product\/147792\/EN_147792_7.jpg\"><\/p>\n<p>Le dimensioni del dispositivo sono indicate nella foto.<br \/>Prima di utilizzare il dispositivo, leggere le istruzioni per l&#8217;uso.<br \/><strong>Il set include:<\/strong> sauna con treppiede, serbatoio dell&#8217;acqua pulita, serbatoio dell&#8217;acqua di condensa, tappo con coulisse, istruzioni.<\/p>\n<p><strong>Dati:<\/strong><br \/>Colore: tonalit\u00e0 di bianco<br \/>Capacit\u00e0 serbatoio acqua pulita: 1800 ml<br \/>Capacit\u00e0 serbatoio acqua di condensa: 250 ml<br \/>Potenza: 700 W<br \/>Tensione di ingresso: 220-240 V<br \/>Lunghezza di alimentazione: circa 113 cm<br \/>Garanzia: 12 mesi<\/p>\n<div class=\"video-container\"> <iframe height=\"315\" src=\"https:\/\/www.youtube.com\/embed\/o4EOwX9Ff3U\" frameborder=\"0\" width=\"560\" allowfullscreen allow=\"accelerometer; autoplay; encrypted-media; gyroscope; picture-in-picture\"> <\/iframe> <\/div>\n<p>I prodotti Activeshop sono proporzionalmente pi\u00f9 economici di molti altri marchi\/fornitori. Il prezzo \u00e8 proporzionato alla qualit\u00e0. Sauna Da Parrucchiere Gabbiano 408D Bianca Con Ozono Attivo \u00e8 quindi una soluzione accessibile per il tuo salone.<\/p>\n<h2>Come viene consegnato Sauna Da Parrucchiere Gabbiano 408D Bianca Con Ozono Attivo?<\/h2>\n<p>Sauna Da Parrucchiere Gabbiano 408D Bianca Con Ozono Attivo viene consegnato nella confezione originale. In Italia la spedizione di Sauna Da Parrucchiere Gabbiano 408D Bianca Con Ozono Attivo \u00e8 completamente gratuita per ordini a partire da 100,- euro. Per spedizioni verso altri paesi si applicano tariffe di spedizione separate. Puoi richiedere queste tariffe o trovarle nel carrello. Sauna Da Parrucchiere Gabbiano 408D Bianca Con Ozono Attivo viene spedito tramite un corriere esterno.<\/p>\n<p>I pacchi o i pallet vengono consegnati di serie fino alla soglia della porta d&#8217;ingresso, anche se ti trovi in un edificio collettivo, condominio o complesso residenziale con ascensore (a condizione che l&#8217;articolo entri nell&#8217;ascensore). Non c&#8217;\u00e8 un ascensore o l&#8217;articolo non entra nell&#8217;ascensore? Allora consegniamo fino alla soglia del piano terra.<\/p>\n<p>Hai ancora domande sulla consegna o una situazione particolare? Contattaci e saremo lieti di aiutarti!<\/p>\n<p>*Gli articoli non vengono disimballati o montati di serie. In situazioni particolari puoi contattarci per fare accordi in merito.<\/p>\n<h2>Acquisti online sicuri su Salon For All con il marchio di qualit\u00e0 Webwinkelkeur e crittografia SSL<\/h2>\n<p>\u00c8 importante per noi che i nostri clienti possano fare acquisti online in sicurezza. Siamo affiliati al marchio di qualit\u00e0 nazionale Webwinkelkeur dal 2019. La nostra identit\u00e0 \u00e8 stata controllata e verificata da loro e il negozio online \u00e8 stato controllato e approvato legalmente. Inoltre, il nostro negozio online \u00e8 affiliato a loro per la mediazione delle controversie. Puoi vedere il badge con tutte le informazioni di questo marchio di qualit\u00e0 del negozio online sul lato sinistro o destro del negozio online (pulsante rosa con bianco). Inoltre, il nostro sito \u00e8 protetto con un certificato SSL in modo da poter navigare in sicurezza. Nella barra del tuo browser Internet, dove \u00e8 indicato il nostro sito web, vedrai un&#8217;icona a forma di lucchetto. Se clicchi sul lucchetto, otterrai tutte le informazioni sulla nostra sicurezza. In questo modo sai che il tuo ordine di Sauna Da Parrucchiere Gabbiano 408D Bianca Con Ozono Attivo e i tuoi dati personali vengono elaborati in modo sicuro.<\/p>\n<h2>Come posso pagare Sauna Da Parrucchiere Gabbiano 408D Bianca Con Ozono Attivo?<\/h2>\n<p>Vogliamo renderti le cose il pi\u00f9 semplici possibile. Ecco perch\u00e9 su Salon For All puoi pagare con tutti i metodi di pagamento noti e comuni. Pagare in anticipo, alla consegna o in seguito; tutto \u00e8 possibile. Vedi qui tutti i metodi di pagamento che offriamo:<\/p>\n<ul>\n<li>iDEAL<\/li>\n<li>Carta di credito (Visa, Mastercard, American Express)<\/li>\n<li>Klarna &#8211; Pagamento posticipato con fattura<\/li>\n<li>PayPal<\/li>\n<li>Apple Pay<\/li>\n<li>Google Pay<\/li>\n<li>Bancontact<\/li>\n<li>Bonifico bancario SEPA<\/li>\n<li>MyBank (per clienti italiani)<\/li>\n<li>Fattura aziendale per imprese<\/li>\n<li>Pagamento nello showroom &#8211; Sia carta che contanti (Disponibile solo per il ritiro)<\/li>\n<\/ul>\n<h2>Consulta anche le recensioni di Salon For All<\/h2>\n<p>Consulta anche le nostre recensioni per tenere conto delle esperienze dei nostri clienti attuali nella tua decisione di ordinare Sauna Da Parrucchiere Gabbiano 408D Bianca Con Ozono Attivo da noi. Attraverso il nostro marchio di qualit\u00e0 indipendente del negozio online Webwinkelkeur, vengono raccolte automaticamente recensioni verificate di clienti che hanno completato un ordine con noi. Puoi trovarle dietro il pulsante rosa sul nostro negozio online o sono elencate sotto i prodotti.<\/p>\n<p>Condividi anche la tua esperienza dopo il tuo acquisto con il tuo Sauna Da Parrucchiere Gabbiano 408D Bianca Con Ozono Attivo ordinato e la tua esperienza con il processo di acquisto o il contatto con Salon For All per ispirare gli altri!<\/p>\n<h2>Contatto con Salon For All<\/h2>\n<p>Contattaci allora. Saremo lieti di aiutarti con l&#8217;acquisto di Sauna Da Parrucchiere Gabbiano 408D Bianca Con Ozono Attivo. Nei giorni feriali siamo raggiungibili al meglio tra le 8.30 e le 17.00 tramite il numero di telefono e l&#8217;indirizzo e-mail nella parte superiore del negozio online o tramite la funzione chat. Le domande al di fuori dell&#8217;orario d&#8217;ufficio vengono generalmente risposte entro 24 ore. \u00c8 anche possibile venirci a trovare al di fuori dei giorni feriali o dell&#8217;orario d&#8217;ufficio. Ma per questo \u00e8 necessario prendere un appuntamento in anticipo.<\/p>\n<h2>Vuoi venire nel nostro showroom?<\/h2>\n<p>Preferisci vedere Sauna Da Parrucchiere Gabbiano 408D Bianca Con Ozono Attivo o esplorare la nostra offerta del negozio (online) insieme al nostro collega? Allora vieni nel nostro showroom con oltre 1000m\u00b2 di arredamento per saloni e lasciati ispirare dai nostri dipendenti. Anche se ti piace fare conoscenza in modo piacevole gustando una buona tazza di caff\u00e8 o t\u00e8, sei il benvenuto. Non abbiamo tutti i prodotti disponibili, quindi faccici sapere in anticipo che vuoi venire. Prendi sempre un appuntamento in anticipo.<\/p>\n<h2>14 giorni di riflessione e la nostra politica di reso<\/h2>\n<p>Naturalmente pu\u00f2 succedere che Sauna Da Parrucchiere Gabbiano 408D Bianca Con Ozono Attivo consegnato non sia completamente di tuo gradimento e tu voglia restituirlo. Questo non \u00e8 assolutamente un problema con Salon For All. Devi segnalare il tuo reso entro 14 giorni lavorativi tramite <a href=\"mailto:info@salonforall.com\">info@salonforall.it<\/a>. Riceverai quindi prima tutte le istruzioni e condizioni di reso. Si prega di notare che Sauna Da Parrucchiere Gabbiano 408D Bianca Con Ozono Attivo non deve essere stato utilizzato, deve contenere tutte le parti fornite e deve essere restituito imballato nella confezione originale. I costi di spedizione per un reso sono sempre a carico dell&#8217;acquirente per gli acquisti tramite www.salonforall.it. Devi organizzare tu stesso un trasporto presso un corriere di tua scelta per un reso. Una volta che Sauna Da Parrucchiere Gabbiano 408D Bianca Con Ozono Attivo \u00e8 stato restituito, verr\u00e0 controllato per completezza e danni. Una volta che il reso \u00e8 stato approvato, l&#8217;importo di acquisto verr\u00e0 rimborsato entro 5 giorni lavorativi sul conto bancario da noi conosciuto.<\/p>\n<h2>Chi \u00e8 Salon For All?<\/h2>\n<p>Salon For All \u00e8 IL grossista per ogni arredamento di saloni in Europa. Salon For All \u00e8 iniziato nel 2003 con il nome Salonvoordeel ed \u00e8 nato dalla pratica. I proprietari di Salon For All erano parrucchieri e specialisti della bellezza esperti e hanno insieme oltre 30 anni di esperienza pratica. Nel 2003 abbiamo lanciato Salonvoordeel.nl (Paesi Bassi) e successivamente \u00e8 stato fondato Salon For All per il mercato europeo. Alcuni dei nostri dipendenti hanno avviato una propria attivit\u00e0 e cos\u00ec \u00e8 nata l&#8217;idea di avviare un negozio online funzionale per parrucchieri e aiutarli con l&#8217;arredamento del loro salone.<\/p>\n<p>Il nostro showroom si trova a Dinxperlo, direttamente al confine tra i Paesi Bassi e la Germania. Con la nostra pluriennale esperienza nel settore possiamo farti da specchio e fornirti la giusta consulenza. Parliamo la stessa lingua! Ti consigliamo, ispiriamo, motiviamo e ti aiutiamo nell&#8217;acquisto di Sauna Da Parrucchiere Gabbiano 408D Bianca Con Ozono Attivo. I nostri fornitori si trovano in tutta Europa, dalla Germania, Inghilterra, Italia fino alla Polonia.<\/p>","protected":false},"excerpt":{"rendered":"<p>Il prodotto Sauna Da Parrucchiere Gabbiano 408D Bianca Con Ozono Attivo \u00e8 una soluzione conveniente per qualsiasi salone o studio professionale. Il tempo di consegna previsto \u00e8 di circa 6 giorni lavorativi.<\/p>","protected":false},"featured_media":17490,"comment_status":"open","ping_status":"open","template":"","meta":[],"product_brand":[95],"product_cat":[114,115,116],"product_tag":[117,118],"class_list":{"0":"post-17489","1":"product","2":"type-product","3":"status-publish","4":"has-post-thumbnail","6":"product_brand-gabbiano","7":"product_cat-attrezzature-per-parrucchieri","8":"product_cat-attrezzature-per-parrucchieri-attrezzature-per-parrucchieri","9":"product_cat-saune-e-infrasuoni-gabbiano","10":"product_tag-attrezzature-per-parrucchieri","11":"product_tag-saune-e-infrasuoni-gabbiano","12":"pa_codice-ean-5809","13":"pa_garanzia-12-mesi","14":"pa_marca-gabbiano","15":"pa_numero-dellarticolo-5808","16":"pa_tempo-di-consegna-stimato-3-4-giorni-lavorativi","18":"first","19":"outofstock","20":"sale","21":"taxable","22":"shipping-taxable","23":"purchasable","24":"product-type-simple"},"yoast_head":"<!-- This site is optimized with the Yoast SEO plugin v27.5 - https:\/\/yoast.com\/product\/yoast-seo-wordpress\/ -->\n<title>Sauna Da Parrucchiere Gabbiano 408D Bianca Con Ozono Attivo acquistare<\/title>\n<meta name=\"description\" content=\"Acquista Sauna Da Parrucchiere Gabbiano 408D Bianca Con Ozono Attivo online o nello showroom da Salon For All Italia. Il grossista per saloni, studi e spa in Italia e Svizzera.\" \/>\n<meta name=\"robots\" content=\"index, follow, max-snippet:-1, max-image-preview:large, max-video-preview:-1\" \/>\n<link rel=\"canonical\" href=\"https:\/\/salonforall.it\/en\/sauna-da-parrucchiere-gabbiano-408d-bianca-con-ozono-attivo\/\" \/>\n<meta property=\"og:locale\" content=\"en_GB\" \/>\n<meta property=\"og:type\" content=\"article\" \/>\n<meta property=\"og:title\" content=\"Sauna Da Parrucchiere Gabbiano 408D Bianca Con Ozono Attivo\" \/>\n<meta property=\"og:description\" content=\"Acquista Sauna Da Parrucchiere Gabbiano 408D Bianca Con Ozono Attivo online o nello showroom da Salon For All Italia. Il grossista per saloni, studi e spa in Italia e Svizzera.\" \/>\n<meta property=\"og:url\" content=\"https:\/\/salonforall.it\/en\/sauna-da-parrucchiere-gabbiano-408d-bianca-con-ozono-attivo\/\" \/>\n<meta property=\"og:site_name\" content=\"Salon For All Italia\" \/>\n<meta property=\"article:modified_time\" content=\"2026-03-30T02:50:01+00:00\" \/>\n<meta property=\"og:image\" content=\"https:\/\/salonforall.it\/wp-content\/uploads\/2025\/12\/Sauna-Da-Parrucchiere-Gabbiano-408D-Bianca-Con-Ozono-Attivo-1.jpg\" \/>\n\t<meta property=\"og:image:width\" content=\"1200\" \/>\n\t<meta property=\"og:image:height\" content=\"1200\" \/>\n\t<meta property=\"og:image:type\" content=\"image\/jpeg\" \/>\n<meta name=\"twitter:card\" content=\"summary_large_image\" \/>\n<meta name=\"twitter:title\" content=\"Sauna Da Parrucchiere Gabbiano 408D Bianca Con Ozono Attivo\" \/>\n<meta name=\"twitter:label1\" content=\"Estimated reading time\" \/>\n\t<meta name=\"twitter:data1\" content=\"8 minutes\" \/>\n<script type=\"application\/ld+json\" class=\"yoast-schema-graph\">{\"@context\":\"https:\\\/\\\/schema.org\",\"@graph\":[{\"@type\":\"WebPage\",\"@id\":\"https:\\\/\\\/salonforall.it\\\/sauna-da-parrucchiere-gabbiano-408d-bianca-con-ozono-attivo\\\/\",\"url\":\"https:\\\/\\\/salonforall.it\\\/sauna-da-parrucchiere-gabbiano-408d-bianca-con-ozono-attivo\\\/\",\"name\":\"Sauna Da Parrucchiere Gabbiano 408D Bianca Con Ozono Attivo acquistare\",\"isPartOf\":{\"@id\":\"https:\\\/\\\/salonforall.it\\\/#website\"},\"primaryImageOfPage\":{\"@id\":\"https:\\\/\\\/salonforall.it\\\/sauna-da-parrucchiere-gabbiano-408d-bianca-con-ozono-attivo\\\/#primaryimage\"},\"image\":{\"@id\":\"https:\\\/\\\/salonforall.it\\\/sauna-da-parrucchiere-gabbiano-408d-bianca-con-ozono-attivo\\\/#primaryimage\"},\"thumbnailUrl\":\"https:\\\/\\\/salonforall.it\\\/wp-content\\\/uploads\\\/2025\\\/12\\\/Sauna-Da-Parrucchiere-Gabbiano-408D-Bianca-Con-Ozono-Attivo-1.jpg\",\"datePublished\":\"2025-12-03T16:57:32+00:00\",\"dateModified\":\"2026-03-30T02:50:01+00:00\",\"description\":\"Acquista Sauna Da Parrucchiere Gabbiano 408D Bianca Con Ozono Attivo online o nello showroom da Salon For All Italia. Il grossista per saloni, studi e spa in Italia e Svizzera.\",\"breadcrumb\":{\"@id\":\"https:\\\/\\\/salonforall.it\\\/sauna-da-parrucchiere-gabbiano-408d-bianca-con-ozono-attivo\\\/#breadcrumb\"},\"inLanguage\":\"en-GB\",\"potentialAction\":[{\"@type\":\"ReadAction\",\"target\":[\"https:\\\/\\\/salonforall.it\\\/sauna-da-parrucchiere-gabbiano-408d-bianca-con-ozono-attivo\\\/\"]}]},{\"@type\":\"ImageObject\",\"inLanguage\":\"en-GB\",\"@id\":\"https:\\\/\\\/salonforall.it\\\/sauna-da-parrucchiere-gabbiano-408d-bianca-con-ozono-attivo\\\/#primaryimage\",\"url\":\"https:\\\/\\\/salonforall.it\\\/wp-content\\\/uploads\\\/2025\\\/12\\\/Sauna-Da-Parrucchiere-Gabbiano-408D-Bianca-Con-Ozono-Attivo-1.jpg\",\"contentUrl\":\"https:\\\/\\\/salonforall.it\\\/wp-content\\\/uploads\\\/2025\\\/12\\\/Sauna-Da-Parrucchiere-Gabbiano-408D-Bianca-Con-Ozono-Attivo-1.jpg\",\"width\":1200,\"height\":1200,\"caption\":\"Sauna Da Parrucchiere Gabbiano 408D Bianca Con Ozono Attivo\"},{\"@type\":\"BreadcrumbList\",\"@id\":\"https:\\\/\\\/salonforall.it\\\/sauna-da-parrucchiere-gabbiano-408d-bianca-con-ozono-attivo\\\/#breadcrumb\",\"itemListElement\":[{\"@type\":\"ListItem\",\"position\":1,\"name\":\"Home\",\"item\":\"https:\\\/\\\/salonforall.it\\\/\"},{\"@type\":\"ListItem\",\"position\":2,\"name\":\"Winkel\",\"item\":\"https:\\\/\\\/salonforall.it\\\/winkel\\\/\"},{\"@type\":\"ListItem\",\"position\":3,\"name\":\"Sauna Da Parrucchiere Gabbiano 408D Bianca Con Ozono Attivo\"}]},{\"@type\":\"WebSite\",\"@id\":\"https:\\\/\\\/salonforall.it\\\/#website\",\"url\":\"https:\\\/\\\/salonforall.it\\\/\",\"name\":\"Salon For All Italia\",\"description\":\"Grossista di mobili e forniture per studi medici e saloni\",\"publisher\":{\"@id\":\"https:\\\/\\\/salonforall.it\\\/#organization\"},\"potentialAction\":[{\"@type\":\"SearchAction\",\"target\":{\"@type\":\"EntryPoint\",\"urlTemplate\":\"https:\\\/\\\/salonforall.it\\\/?s={search_term_string}\"},\"query-input\":{\"@type\":\"PropertyValueSpecification\",\"valueRequired\":true,\"valueName\":\"search_term_string\"}}],\"inLanguage\":\"en-GB\"},{\"@type\":\"Organization\",\"@id\":\"https:\\\/\\\/salonforall.it\\\/#organization\",\"name\":\"Salon For All Italia\",\"url\":\"https:\\\/\\\/salonforall.it\\\/\",\"logo\":{\"@type\":\"ImageObject\",\"inLanguage\":\"en-GB\",\"@id\":\"https:\\\/\\\/salonforall.it\\\/#\\\/schema\\\/logo\\\/image\\\/\",\"url\":\"https:\\\/\\\/salonforall.it\\\/wp-content\\\/uploads\\\/2025\\\/11\\\/logo-salon-for-all-e1764543264615.png\",\"contentUrl\":\"https:\\\/\\\/salonforall.it\\\/wp-content\\\/uploads\\\/2025\\\/11\\\/logo-salon-for-all-e1764543264615.png\",\"width\":500,\"height\":150,\"caption\":\"Salon For All Italia\"},\"image\":{\"@id\":\"https:\\\/\\\/salonforall.it\\\/#\\\/schema\\\/logo\\\/image\\\/\"}}]}<\/script>\n<!-- \/ Yoast SEO plugin. -->","yoast_head_json":{"title":"Sauna Da Parrucchiere Gabbiano 408D Bianca Con Ozono Attivo acquistare","description":"Acquista Sauna Da Parrucchiere Gabbiano 408D Bianca Con Ozono Attivo online o nello showroom da Salon For All Italia. Il grossista per saloni, studi e spa in Italia e Svizzera.","robots":{"index":"index","follow":"follow","max-snippet":"max-snippet:-1","max-image-preview":"max-image-preview:large","max-video-preview":"max-video-preview:-1"},"canonical":"https:\/\/salonforall.it\/en\/sauna-da-parrucchiere-gabbiano-408d-bianca-con-ozono-attivo\/","og_locale":"en_GB","og_type":"article","og_title":"Sauna Da Parrucchiere Gabbiano 408D Bianca Con Ozono Attivo","og_description":"Acquista Sauna Da Parrucchiere Gabbiano 408D Bianca Con Ozono Attivo online o nello showroom da Salon For All Italia. Il grossista per saloni, studi e spa in Italia e Svizzera.","og_url":"https:\/\/salonforall.it\/en\/sauna-da-parrucchiere-gabbiano-408d-bianca-con-ozono-attivo\/","og_site_name":"Salon For All Italia","article_modified_time":"2026-03-30T02:50:01+00:00","og_image":[{"width":1200,"height":1200,"url":"https:\/\/salonforall.it\/wp-content\/uploads\/2025\/12\/Sauna-Da-Parrucchiere-Gabbiano-408D-Bianca-Con-Ozono-Attivo-1.jpg","type":"image\/jpeg"}],"twitter_card":"summary_large_image","twitter_title":"Sauna Da Parrucchiere Gabbiano 408D Bianca Con Ozono Attivo","twitter_misc":{"Estimated reading time":"8 minutes"},"schema":{"@context":"https:\/\/schema.org","@graph":[{"@type":"WebPage","@id":"https:\/\/salonforall.it\/sauna-da-parrucchiere-gabbiano-408d-bianca-con-ozono-attivo\/","url":"https:\/\/salonforall.it\/sauna-da-parrucchiere-gabbiano-408d-bianca-con-ozono-attivo\/","name":"Sauna Da Parrucchiere Gabbiano 408D Bianca Con Ozono Attivo acquistare","isPartOf":{"@id":"https:\/\/salonforall.it\/#website"},"primaryImageOfPage":{"@id":"https:\/\/salonforall.it\/sauna-da-parrucchiere-gabbiano-408d-bianca-con-ozono-attivo\/#primaryimage"},"image":{"@id":"https:\/\/salonforall.it\/sauna-da-parrucchiere-gabbiano-408d-bianca-con-ozono-attivo\/#primaryimage"},"thumbnailUrl":"https:\/\/salonforall.it\/wp-content\/uploads\/2025\/12\/Sauna-Da-Parrucchiere-Gabbiano-408D-Bianca-Con-Ozono-Attivo-1.jpg","datePublished":"2025-12-03T16:57:32+00:00","dateModified":"2026-03-30T02:50:01+00:00","description":"Acquista Sauna Da Parrucchiere Gabbiano 408D Bianca Con Ozono Attivo online o nello showroom da Salon For All Italia. Il grossista per saloni, studi e spa in Italia e Svizzera.","breadcrumb":{"@id":"https:\/\/salonforall.it\/sauna-da-parrucchiere-gabbiano-408d-bianca-con-ozono-attivo\/#breadcrumb"},"inLanguage":"en-GB","potentialAction":[{"@type":"ReadAction","target":["https:\/\/salonforall.it\/sauna-da-parrucchiere-gabbiano-408d-bianca-con-ozono-attivo\/"]}]},{"@type":"ImageObject","inLanguage":"en-GB","@id":"https:\/\/salonforall.it\/sauna-da-parrucchiere-gabbiano-408d-bianca-con-ozono-attivo\/#primaryimage","url":"https:\/\/salonforall.it\/wp-content\/uploads\/2025\/12\/Sauna-Da-Parrucchiere-Gabbiano-408D-Bianca-Con-Ozono-Attivo-1.jpg","contentUrl":"https:\/\/salonforall.it\/wp-content\/uploads\/2025\/12\/Sauna-Da-Parrucchiere-Gabbiano-408D-Bianca-Con-Ozono-Attivo-1.jpg","width":1200,"height":1200,"caption":"Sauna Da Parrucchiere Gabbiano 408D Bianca Con Ozono Attivo"},{"@type":"BreadcrumbList","@id":"https:\/\/salonforall.it\/sauna-da-parrucchiere-gabbiano-408d-bianca-con-ozono-attivo\/#breadcrumb","itemListElement":[{"@type":"ListItem","position":1,"name":"Home","item":"https:\/\/salonforall.it\/"},{"@type":"ListItem","position":2,"name":"Winkel","item":"https:\/\/salonforall.it\/winkel\/"},{"@type":"ListItem","position":3,"name":"Sauna Da Parrucchiere Gabbiano 408D Bianca Con Ozono Attivo"}]},{"@type":"WebSite","@id":"https:\/\/salonforall.it\/#website","url":"https:\/\/salonforall.it\/","name":"Salon For All Italia","description":"Grossista di mobili e forniture per studi medici e saloni","publisher":{"@id":"https:\/\/salonforall.it\/#organization"},"potentialAction":[{"@type":"SearchAction","target":{"@type":"EntryPoint","urlTemplate":"https:\/\/salonforall.it\/?s={search_term_string}"},"query-input":{"@type":"PropertyValueSpecification","valueRequired":true,"valueName":"search_term_string"}}],"inLanguage":"en-GB"},{"@type":"Organization","@id":"https:\/\/salonforall.it\/#organization","name":"Salon For All Italia","url":"https:\/\/salonforall.it\/","logo":{"@type":"ImageObject","inLanguage":"en-GB","@id":"https:\/\/salonforall.it\/#\/schema\/logo\/image\/","url":"https:\/\/salonforall.it\/wp-content\/uploads\/2025\/11\/logo-salon-for-all-e1764543264615.png","contentUrl":"https:\/\/salonforall.it\/wp-content\/uploads\/2025\/11\/logo-salon-for-all-e1764543264615.png","width":500,"height":150,"caption":"Salon For All Italia"},"image":{"@id":"https:\/\/salonforall.it\/#\/schema\/logo\/image\/"}}]}},"_links":{"self":[{"href":"https:\/\/salonforall.it\/en\/wp-json\/wp\/v2\/product\/17489","targetHints":{"allow":["GET"]}}],"collection":[{"href":"https:\/\/salonforall.it\/en\/wp-json\/wp\/v2\/product"}],"about":[{"href":"https:\/\/salonforall.it\/en\/wp-json\/wp\/v2\/types\/product"}],"replies":[{"embeddable":true,"href":"https:\/\/salonforall.it\/en\/wp-json\/wp\/v2\/comments?post=17489"}],"wp:featuredmedia":[{"embeddable":true,"href":"https:\/\/salonforall.it\/en\/wp-json\/wp\/v2\/media\/17490"}],"wp:attachment":[{"href":"https:\/\/salonforall.it\/en\/wp-json\/wp\/v2\/media?parent=17489"}],"wp:term":[{"taxonomy":"product_brand","embeddable":true,"href":"https:\/\/salonforall.it\/en\/wp-json\/wp\/v2\/product_brand?post=17489"},{"taxonomy":"product_cat","embeddable":true,"href":"https:\/\/salonforall.it\/en\/wp-json\/wp\/v2\/product_cat?post=17489"},{"taxonomy":"product_tag","embeddable":true,"href":"https:\/\/salonforall.it\/en\/wp-json\/wp\/v2\/product_tag?post=17489"}],"curies":[{"name":"wp","href":"https:\/\/api.w.org\/{rel}","templated":true}]}}