{"id":17581,"date":"2025-12-03T16:59:30","date_gmt":"2025-12-03T16:59:30","guid":{"rendered":"https:\/\/salonforall.it\/saeyang-marathon-k38-crafien-mini-trapano-per-unghie-senza-fili-nero\/"},"modified":"2026-03-30T02:50:38","modified_gmt":"2026-03-30T02:50:38","slug":"saeyang-marathon-k38-crafien-mini-trapano-per-unghie-senza-fili-nero","status":"publish","type":"product","link":"https:\/\/salonforall.it\/en\/saeyang-marathon-k38-crafien-mini-trapano-per-unghie-senza-fili-nero\/","title":{"rendered":"Saeyang Marathon K38 Crafien Mini Trapano Per Unghie Senza Fili Nero"},"content":{"rendered":"<h2>Informazioni su Saeyang Marathon K38 Crafien Mini Trapano Per Unghie Senza Fili Nero con codice articolo 148476<\/h2>\n<p><img decoding=\"async\" src=\"https:\/\/activeshop.com.pl\/media\/wysiwyg\/product\/148476\/EN_148476_1.jpg\"><\/p>\n<p>Il marchio Saeyang offre strumenti di alta qualit\u00e0 utili per l&#8217;esecuzione di trattamenti professionali di manicure e pedicure. I prodotti Saeyang, apprezzati dai cosmetologi, sono caratterizzati da un&#8217;eccellente lavorazione, precisione e dall&#8217;utilizzo di soluzioni innovative.<\/p>\n<p><img decoding=\"async\" src=\"https:\/\/activeshop.com.pl\/media\/wysiwyg\/product\/148476\/EN_148476_2.jpg\"><\/p>\n<h2><strong>Il trapano per unghie perfetto per i servizi mobili<\/strong><\/h2>\n<p>Il compatto<strong>mini trapano per unghie cordless Saeyang Marathon K38 Crafien<\/strong> \u00e8 un dispositivo pratico, <strong>perfetto per il lavoro delle estetiste mobili<\/strong>. Facilita la preparazione di unghie e cuticole, creando cos\u00ec una base ideale per ulteriori trattamenti. Permette di lavorare comodamente fino a 8 ore con una singola carica.<\/p>\n<p><img decoding=\"async\" src=\"https:\/\/activeshop.com.pl\/media\/wysiwyg\/product\/148476\/EN_148476_3.jpg\"><\/p>\n<h2><strong>Pratica testina SH300<\/strong><\/h2>\n<p><strong>La testina sottile<\/strong> si adatta bene alla mano e consente un lavoro comodo e preciso. Grazie al bilanciamento ottimale e alla significativa riduzione delle vibrazioni, il suo utilizzo non affatica eccessivamente la mano, consentendo anche trattamenti di lunga durata. \u00c8 dotato di un sistema Twist-Lock di facile utilizzo, che consente una sostituzione rapida e semplice delle punte del trapano per unghie. L&#8217;utilizzo del dispositivo risulta quindi <strong>eccezionalmente semplice e intuitivo<\/strong>, il che sar\u00e0 apprezzato anche dagli utenti pi\u00f9 esigenti.<\/p>\n<p><img decoding=\"async\" src=\"https:\/\/activeshop.com.pl\/media\/wysiwyg\/product\/148476\/EN_148476_4.jpg\"><\/p>\n<h2><strong>Display digitale e indicatori LED<\/strong><\/h2>\n<p>Utilizzando la manopola rotante, \u00e8 possibile regolare la velocit\u00e0 della testina <strong>fino a 30.000 giri al minuto<\/strong>, consentendo un adattamento efficiente alle esigenze individuali e, di conseguenza, un&#8217;esecuzione confortevole di un&#8217;ampia gamma di trattamenti. <strong>I pratici pulsanti situati sui lati<\/strong> consentono di passare facilmente al controllo a pedale, di arrestare il dispositivo (funzione pausa) e di cambiare il senso di rotazione, il che <strong>fornisce il pieno controllo della fresa per unghie<\/strong> e semplifica l&#8217;adattamento del suo funzionamento a servizi specifici. Gli indicatori LED consentono di tenere sotto controllo lo stato dell&#8217;apparecchiatura, indicando il senso di rotazione, lo stato della batteria, l&#8217;attivazione del pedale e la pausa. Il dispositivo \u00e8 dotato di una <strong>protezione da sovraccarico<\/strong> con un segnale LED di avviso, che protegge il motore dal surriscaldamento, garantendo cos\u00ec una <strong>maggiore sicurezza operativa<\/strong> e proteggendo l&#8217;apparecchiatura da eventuali danni.<\/p>\n<p><img decoding=\"async\" src=\"https:\/\/activeshop.com.pl\/media\/wysiwyg\/product\/148476\/EN_148476_5.jpg\"><\/p>\n<h2><strong>Funzionalit\u00e0 precise per il comfort dell&#8217;utente<\/strong><\/h2>\n<p>Il trapano per unghie \u00e8 <strong>abbastanza silenzioso<\/strong>, consentendogli di funzionare senza rumori fastidiosi, il che \u00e8 importante sia per chi esegue il trattamento che per i clienti. La batteria integrata da 2850 mAh <strong>consente un funzionamento confortevole fino a 4-8 ore con una singola carica<\/strong>. Inoltre, il dispositivo \u00e8 dotato di <strong>una modalit\u00e0 automatica di risparmio energetico<\/strong>, che impedisce lo scaricamento della batteria anche se il trapano per unghie viene lasciato acceso quando non in uso. <strong>Il pedale<\/strong> consente di lavorare a una velocit\u00e0 preimpostata, aumentando la precisione del lavoro e la praticit\u00e0 d&#8217;uso del trapano per unghie.<\/p>\n<p><img decoding=\"async\" src=\"https:\/\/activeshop.com.pl\/media\/wysiwyg\/product\/148476\/EN_148476_6.jpg\"><\/p>\n<h2><strong>Un dispositivo estetico dalle dimensioni ridotte<\/strong><\/h2>\n<p>L&#8217;involucro futuristico in plastica nei toni del nero garantisce <strong>durevolezza e facilit\u00e0 di pulizia<\/strong>, e rappresenta anche un&#8217;aggiunta esteticamente interessante alla postazione di lavoro. <strong>Le dimensioni ridotte e la relativa leggerezza<\/strong> facilitano notevolmente lo stoccaggio e il trasporto del trapano per unghie in spazi ristretti, il che \u00e8 particolarmente importante nel caso di servizi mobili. Nella parte inferiore del dispositivo sono presenti <strong>elementi leggermente gommati<\/strong> che gli conferiscono maggiore stabilit\u00e0 durante l&#8217;uso.<\/p>\n<div class=\"video-container\"> <iframe height=\"315\" src=\"https:\/\/www.youtube.com\/embed\/zjz1yb4_K3k\" frameborder=\"0\" width=\"560\" allowfullscreen allow=\"accelerometer; autoplay; encrypted-media; gyroscope; picture-in-picture\"> <\/iframe> <\/div>\n<p><strong>Il set include:<\/strong> base per trapano per unghie, testina, alimentatore, pedale, supporto per testina in silicone, istruzioni.<\/p>\n<p><strong>Dati:<\/strong><br \/>Colore alloggiamento: tonalit\u00e0 di nero<br \/>Velocit\u00e0 di rotazione: 30.000 giri\/min<br \/>Testina con meccanismo Twist-Lock<br \/>Alimentazione: ricaricabile<br \/>Potenza: 24 W<br \/>Garanzia: 12 mesi<\/p>\n<p><img decoding=\"async\" src=\"https:\/\/activeshop.com.pl\/media\/wysiwyg\/product\/148476\/EN_148476_7.jpg\"><\/p>\n<p>I prodotti Activeshop sono proporzionalmente pi\u00f9 economici di molti altri marchi\/fornitori. Il prezzo \u00e8 proporzionato alla qualit\u00e0. Saeyang Marathon K38 Crafien Mini Trapano Per Unghie Senza Fili Nero \u00e8 quindi una soluzione accessibile per il tuo salone.<\/p>\n<h2>Come viene consegnato Saeyang Marathon K38 Crafien Mini Trapano Per Unghie Senza Fili Nero?<\/h2>\n<p>Saeyang Marathon K38 Crafien Mini Trapano Per Unghie Senza Fili Nero viene consegnato nella confezione originale. In Italia la spedizione di Saeyang Marathon K38 Crafien Mini Trapano Per Unghie Senza Fili Nero \u00e8 completamente gratuita per ordini a partire da 100,- euro. Per spedizioni verso altri paesi si applicano tariffe di spedizione separate. Puoi richiedere queste tariffe o trovarle nel carrello. Saeyang Marathon K38 Crafien Mini Trapano Per Unghie Senza Fili Nero viene spedito tramite un corriere esterno.<\/p>\n<p>I pacchi o i pallet vengono consegnati di serie fino alla soglia della porta d&#8217;ingresso, anche se ti trovi in un edificio collettivo, condominio o complesso residenziale con ascensore (a condizione che l&#8217;articolo entri nell&#8217;ascensore). Non c&#8217;\u00e8 un ascensore o l&#8217;articolo non entra nell&#8217;ascensore? Allora consegniamo fino alla soglia del piano terra.<\/p>\n<p>Hai ancora domande sulla consegna o una situazione particolare? Contattaci e saremo lieti di aiutarti!<\/p>\n<p>*Gli articoli non vengono disimballati o montati di serie. In situazioni particolari puoi contattarci per fare accordi in merito.<\/p>\n<h2>Acquisti online sicuri su Salon For All con il marchio di qualit\u00e0 Webwinkelkeur e crittografia SSL<\/h2>\n<p>\u00c8 importante per noi che i nostri clienti possano fare acquisti online in sicurezza. Siamo affiliati al marchio di qualit\u00e0 nazionale Webwinkelkeur dal 2019. La nostra identit\u00e0 \u00e8 stata controllata e verificata da loro e il negozio online \u00e8 stato controllato e approvato legalmente. Inoltre, il nostro negozio online \u00e8 affiliato a loro per la mediazione delle controversie. Puoi vedere il badge con tutte le informazioni di questo marchio di qualit\u00e0 del negozio online sul lato sinistro o destro del negozio online (pulsante rosa con bianco). Inoltre, il nostro sito \u00e8 protetto con un certificato SSL in modo da poter navigare in sicurezza. Nella barra del tuo browser Internet, dove \u00e8 indicato il nostro sito web, vedrai un&#8217;icona a forma di lucchetto. Se clicchi sul lucchetto, otterrai tutte le informazioni sulla nostra sicurezza. In questo modo sai che il tuo ordine di Saeyang Marathon K38 Crafien Mini Trapano Per Unghie Senza Fili Nero e i tuoi dati personali vengono elaborati in modo sicuro.<\/p>\n<h2>Come posso pagare Saeyang Marathon K38 Crafien Mini Trapano Per Unghie Senza Fili Nero?<\/h2>\n<p>Vogliamo renderti le cose il pi\u00f9 semplici possibile. Ecco perch\u00e9 su Salon For All puoi pagare con tutti i metodi di pagamento noti e comuni. Pagare in anticipo, alla consegna o in seguito; tutto \u00e8 possibile. Vedi qui tutti i metodi di pagamento che offriamo:<\/p>\n<ul>\n<li>iDEAL<\/li>\n<li>Carta di credito (Visa, Mastercard, American Express)<\/li>\n<li>Klarna &#8211; Pagamento posticipato con fattura<\/li>\n<li>PayPal<\/li>\n<li>Apple Pay<\/li>\n<li>Google Pay<\/li>\n<li>Bancontact<\/li>\n<li>Bonifico bancario SEPA<\/li>\n<li>MyBank (per clienti italiani)<\/li>\n<li>Fattura aziendale per imprese<\/li>\n<li>Pagamento nello showroom &#8211; Sia carta che contanti (Disponibile solo per il ritiro)<\/li>\n<\/ul>\n<h2>Consulta anche le recensioni di Salon For All<\/h2>\n<p>Consulta anche le nostre recensioni per tenere conto delle esperienze dei nostri clienti attuali nella tua decisione di ordinare Saeyang Marathon K38 Crafien Mini Trapano Per Unghie Senza Fili Nero da noi. Attraverso il nostro marchio di qualit\u00e0 indipendente del negozio online Webwinkelkeur, vengono raccolte automaticamente recensioni verificate di clienti che hanno completato un ordine con noi. Puoi trovarle dietro il pulsante rosa sul nostro negozio online o sono elencate sotto i prodotti.<\/p>\n<p>Condividi anche la tua esperienza dopo il tuo acquisto con il tuo Saeyang Marathon K38 Crafien Mini Trapano Per Unghie Senza Fili Nero ordinato e la tua esperienza con il processo di acquisto o il contatto con Salon For All per ispirare gli altri!<\/p>\n<h2>Contatto con Salon For All<\/h2>\n<p>Contattaci allora. Saremo lieti di aiutarti con l&#8217;acquisto di Saeyang Marathon K38 Crafien Mini Trapano Per Unghie Senza Fili Nero. Nei giorni feriali siamo raggiungibili al meglio tra le 8.30 e le 17.00 tramite il numero di telefono e l&#8217;indirizzo e-mail nella parte superiore del negozio online o tramite la funzione chat. Le domande al di fuori dell&#8217;orario d&#8217;ufficio vengono generalmente risposte entro 24 ore. \u00c8 anche possibile venirci a trovare al di fuori dei giorni feriali o dell&#8217;orario d&#8217;ufficio. Ma per questo \u00e8 necessario prendere un appuntamento in anticipo.<\/p>\n<h2>Vuoi venire nel nostro showroom?<\/h2>\n<p>Preferisci vedere Saeyang Marathon K38 Crafien Mini Trapano Per Unghie Senza Fili Nero o esplorare la nostra offerta del negozio (online) insieme al nostro collega? Allora vieni nel nostro showroom con oltre 1000m\u00b2 di arredamento per saloni e lasciati ispirare dai nostri dipendenti. Anche se ti piace fare conoscenza in modo piacevole gustando una buona tazza di caff\u00e8 o t\u00e8, sei il benvenuto. Non abbiamo tutti i prodotti disponibili, quindi faccici sapere in anticipo che vuoi venire. Prendi sempre un appuntamento in anticipo.<\/p>\n<h2>14 giorni di riflessione e la nostra politica di reso<\/h2>\n<p>Naturalmente pu\u00f2 succedere che Saeyang Marathon K38 Crafien Mini Trapano Per Unghie Senza Fili Nero consegnato non sia completamente di tuo gradimento e tu voglia restituirlo. Questo non \u00e8 assolutamente un problema con Salon For All. Devi segnalare il tuo reso entro 14 giorni lavorativi tramite <a href=\"mailto:info@salonforall.com\">info@salonforall.it<\/a>. Riceverai quindi prima tutte le istruzioni e condizioni di reso. Si prega di notare che Saeyang Marathon K38 Crafien Mini Trapano Per Unghie Senza Fili Nero non deve essere stato utilizzato, deve contenere tutte le parti fornite e deve essere restituito imballato nella confezione originale. I costi di spedizione per un reso sono sempre a carico dell&#8217;acquirente per gli acquisti tramite www.salonforall.it. Devi organizzare tu stesso un trasporto presso un corriere di tua scelta per un reso. Una volta che Saeyang Marathon K38 Crafien Mini Trapano Per Unghie Senza Fili Nero \u00e8 stato restituito, verr\u00e0 controllato per completezza e danni. Una volta che il reso \u00e8 stato approvato, l&#8217;importo di acquisto verr\u00e0 rimborsato entro 5 giorni lavorativi sul conto bancario da noi conosciuto.<\/p>\n<h2>Chi \u00e8 Salon For All?<\/h2>\n<p>Salon For All \u00e8 IL grossista per ogni arredamento di saloni in Europa. Salon For All \u00e8 iniziato nel 2003 con il nome Salonvoordeel ed \u00e8 nato dalla pratica. I proprietari di Salon For All erano parrucchieri e specialisti della bellezza esperti e hanno insieme oltre 30 anni di esperienza pratica. Nel 2003 abbiamo lanciato Salonvoordeel.nl (Paesi Bassi) e successivamente \u00e8 stato fondato Salon For All per il mercato europeo. Alcuni dei nostri dipendenti hanno avviato una propria attivit\u00e0 e cos\u00ec \u00e8 nata l&#8217;idea di avviare un negozio online funzionale per parrucchieri e aiutarli con l&#8217;arredamento del loro salone.<\/p>\n<p>Il nostro showroom si trova a Dinxperlo, direttamente al confine tra i Paesi Bassi e la Germania. Con la nostra pluriennale esperienza nel settore possiamo farti da specchio e fornirti la giusta consulenza. Parliamo la stessa lingua! Ti consigliamo, ispiriamo, motiviamo e ti aiutiamo nell&#8217;acquisto di Saeyang Marathon K38 Crafien Mini Trapano Per Unghie Senza Fili Nero. I nostri fornitori si trovano in tutta Europa, dalla Germania, Inghilterra, Italia fino alla Polonia.<\/p>","protected":false},"excerpt":{"rendered":"<p>Il prodotto Saeyang Marathon K38 Crafien Mini Trapano Per Unghie Senza Fili Nero \u00e8 una soluzione conveniente per qualsiasi salone o studio professionale. Il tempo di consegna previsto \u00e8 di circa 6 giorni lavorativi.<\/p>","protected":false},"featured_media":17582,"comment_status":"open","ping_status":"open","template":"","meta":[],"product_brand":[172],"product_cat":[535,536],"product_tag":[537,538],"class_list":{"0":"post-17581","1":"product","2":"type-product","3":"status-publish","4":"has-post-thumbnail","6":"product_brand-saeyang","7":"product_cat-frese-e-punte-per-unghie","8":"product_cat-trapani-per-unghie","9":"product_tag-frese-e-punte-per-unghie","10":"product_tag-trapani-per-unghie","11":"pa_codice-ean-5835","12":"pa_garanzia-12-mesi","13":"pa_marca-saeyang","14":"pa_numero-dellarticolo-5834","15":"pa_tempo-di-consegna-stimato-3-4-giorni-lavorativi","17":"first","18":"instock","19":"sale","20":"taxable","21":"shipping-taxable","22":"purchasable","23":"product-type-simple"},"yoast_head":"<!-- This site is optimized with the Yoast SEO plugin v27.5 - https:\/\/yoast.com\/product\/yoast-seo-wordpress\/ -->\n<title>Saeyang Marathon K38 Crafien Mini Trapano Per Unghie Senza Fili Nero acquistare<\/title>\n<meta name=\"description\" content=\"Acquista Saeyang Marathon K38 Crafien Mini Trapano Per Unghie Senza Fili Nero online o nello showroom da Salon For All Italia. Il grossista per saloni, studi e spa in Italia e Svizzera.\" \/>\n<meta name=\"robots\" content=\"index, follow, max-snippet:-1, max-image-preview:large, max-video-preview:-1\" \/>\n<link rel=\"canonical\" href=\"https:\/\/salonforall.it\/en\/saeyang-marathon-k38-crafien-mini-trapano-per-unghie-senza-fili-nero\/\" \/>\n<meta property=\"og:locale\" content=\"en_GB\" \/>\n<meta property=\"og:type\" content=\"article\" \/>\n<meta property=\"og:title\" content=\"Saeyang Marathon K38 Crafien Mini Trapano Per Unghie Senza Fili Nero\" \/>\n<meta property=\"og:description\" content=\"Acquista Saeyang Marathon K38 Crafien Mini Trapano Per Unghie Senza Fili Nero online o nello showroom da Salon For All Italia. Il grossista per saloni, studi e spa in Italia e Svizzera.\" \/>\n<meta property=\"og:url\" content=\"https:\/\/salonforall.it\/en\/saeyang-marathon-k38-crafien-mini-trapano-per-unghie-senza-fili-nero\/\" \/>\n<meta property=\"og:site_name\" content=\"Salon For All Italia\" \/>\n<meta property=\"article:modified_time\" content=\"2026-03-30T02:50:38+00:00\" \/>\n<meta property=\"og:image\" content=\"https:\/\/salonforall.it\/wp-content\/uploads\/2025\/12\/Saeyang-Marathon-K38-Crafien-Mini-Trapano-Per-Unghie-Senza-Fili-Nero-1.jpg\" \/>\n\t<meta property=\"og:image:width\" content=\"1200\" \/>\n\t<meta property=\"og:image:height\" content=\"1200\" \/>\n\t<meta property=\"og:image:type\" content=\"image\/jpeg\" \/>\n<meta name=\"twitter:card\" content=\"summary_large_image\" \/>\n<meta name=\"twitter:title\" content=\"Saeyang Marathon K38 Crafien Mini Trapano Per Unghie Senza Fili Nero\" \/>\n<meta name=\"twitter:label1\" content=\"Estimated reading time\" \/>\n\t<meta name=\"twitter:data1\" content=\"8 minutes\" \/>\n<script type=\"application\/ld+json\" class=\"yoast-schema-graph\">{\"@context\":\"https:\\\/\\\/schema.org\",\"@graph\":[{\"@type\":\"WebPage\",\"@id\":\"https:\\\/\\\/salonforall.it\\\/saeyang-marathon-k38-crafien-mini-trapano-per-unghie-senza-fili-nero\\\/\",\"url\":\"https:\\\/\\\/salonforall.it\\\/saeyang-marathon-k38-crafien-mini-trapano-per-unghie-senza-fili-nero\\\/\",\"name\":\"Saeyang Marathon K38 Crafien Mini Trapano Per Unghie Senza Fili Nero acquistare\",\"isPartOf\":{\"@id\":\"https:\\\/\\\/salonforall.it\\\/#website\"},\"primaryImageOfPage\":{\"@id\":\"https:\\\/\\\/salonforall.it\\\/saeyang-marathon-k38-crafien-mini-trapano-per-unghie-senza-fili-nero\\\/#primaryimage\"},\"image\":{\"@id\":\"https:\\\/\\\/salonforall.it\\\/saeyang-marathon-k38-crafien-mini-trapano-per-unghie-senza-fili-nero\\\/#primaryimage\"},\"thumbnailUrl\":\"https:\\\/\\\/salonforall.it\\\/wp-content\\\/uploads\\\/2025\\\/12\\\/Saeyang-Marathon-K38-Crafien-Mini-Trapano-Per-Unghie-Senza-Fili-Nero-1.jpg\",\"datePublished\":\"2025-12-03T16:59:30+00:00\",\"dateModified\":\"2026-03-30T02:50:38+00:00\",\"description\":\"Acquista Saeyang Marathon K38 Crafien Mini Trapano Per Unghie Senza Fili Nero online o nello showroom da Salon For All Italia. Il grossista per saloni, studi e spa in Italia e Svizzera.\",\"breadcrumb\":{\"@id\":\"https:\\\/\\\/salonforall.it\\\/saeyang-marathon-k38-crafien-mini-trapano-per-unghie-senza-fili-nero\\\/#breadcrumb\"},\"inLanguage\":\"en-GB\",\"potentialAction\":[{\"@type\":\"ReadAction\",\"target\":[\"https:\\\/\\\/salonforall.it\\\/saeyang-marathon-k38-crafien-mini-trapano-per-unghie-senza-fili-nero\\\/\"]}]},{\"@type\":\"ImageObject\",\"inLanguage\":\"en-GB\",\"@id\":\"https:\\\/\\\/salonforall.it\\\/saeyang-marathon-k38-crafien-mini-trapano-per-unghie-senza-fili-nero\\\/#primaryimage\",\"url\":\"https:\\\/\\\/salonforall.it\\\/wp-content\\\/uploads\\\/2025\\\/12\\\/Saeyang-Marathon-K38-Crafien-Mini-Trapano-Per-Unghie-Senza-Fili-Nero-1.jpg\",\"contentUrl\":\"https:\\\/\\\/salonforall.it\\\/wp-content\\\/uploads\\\/2025\\\/12\\\/Saeyang-Marathon-K38-Crafien-Mini-Trapano-Per-Unghie-Senza-Fili-Nero-1.jpg\",\"width\":1200,\"height\":1200,\"caption\":\"Saeyang Marathon K38 Crafien Mini Trapano Per Unghie Senza Fili Nero\"},{\"@type\":\"BreadcrumbList\",\"@id\":\"https:\\\/\\\/salonforall.it\\\/saeyang-marathon-k38-crafien-mini-trapano-per-unghie-senza-fili-nero\\\/#breadcrumb\",\"itemListElement\":[{\"@type\":\"ListItem\",\"position\":1,\"name\":\"Home\",\"item\":\"https:\\\/\\\/salonforall.it\\\/\"},{\"@type\":\"ListItem\",\"position\":2,\"name\":\"Winkel\",\"item\":\"https:\\\/\\\/salonforall.it\\\/winkel\\\/\"},{\"@type\":\"ListItem\",\"position\":3,\"name\":\"Saeyang Marathon K38 Crafien Mini Trapano Per Unghie Senza Fili Nero\"}]},{\"@type\":\"WebSite\",\"@id\":\"https:\\\/\\\/salonforall.it\\\/#website\",\"url\":\"https:\\\/\\\/salonforall.it\\\/\",\"name\":\"Salon For All Italia\",\"description\":\"Grossista di mobili e forniture per studi medici e saloni\",\"publisher\":{\"@id\":\"https:\\\/\\\/salonforall.it\\\/#organization\"},\"potentialAction\":[{\"@type\":\"SearchAction\",\"target\":{\"@type\":\"EntryPoint\",\"urlTemplate\":\"https:\\\/\\\/salonforall.it\\\/?s={search_term_string}\"},\"query-input\":{\"@type\":\"PropertyValueSpecification\",\"valueRequired\":true,\"valueName\":\"search_term_string\"}}],\"inLanguage\":\"en-GB\"},{\"@type\":\"Organization\",\"@id\":\"https:\\\/\\\/salonforall.it\\\/#organization\",\"name\":\"Salon For All Italia\",\"url\":\"https:\\\/\\\/salonforall.it\\\/\",\"logo\":{\"@type\":\"ImageObject\",\"inLanguage\":\"en-GB\",\"@id\":\"https:\\\/\\\/salonforall.it\\\/#\\\/schema\\\/logo\\\/image\\\/\",\"url\":\"https:\\\/\\\/salonforall.it\\\/wp-content\\\/uploads\\\/2025\\\/11\\\/logo-salon-for-all-e1764543264615.png\",\"contentUrl\":\"https:\\\/\\\/salonforall.it\\\/wp-content\\\/uploads\\\/2025\\\/11\\\/logo-salon-for-all-e1764543264615.png\",\"width\":500,\"height\":150,\"caption\":\"Salon For All Italia\"},\"image\":{\"@id\":\"https:\\\/\\\/salonforall.it\\\/#\\\/schema\\\/logo\\\/image\\\/\"}}]}<\/script>\n<!-- \/ Yoast SEO plugin. -->","yoast_head_json":{"title":"Saeyang Marathon K38 Crafien Mini Trapano Per Unghie Senza Fili Nero acquistare","description":"Acquista Saeyang Marathon K38 Crafien Mini Trapano Per Unghie Senza Fili Nero online o nello showroom da Salon For All Italia. Il grossista per saloni, studi e spa in Italia e Svizzera.","robots":{"index":"index","follow":"follow","max-snippet":"max-snippet:-1","max-image-preview":"max-image-preview:large","max-video-preview":"max-video-preview:-1"},"canonical":"https:\/\/salonforall.it\/en\/saeyang-marathon-k38-crafien-mini-trapano-per-unghie-senza-fili-nero\/","og_locale":"en_GB","og_type":"article","og_title":"Saeyang Marathon K38 Crafien Mini Trapano Per Unghie Senza Fili Nero","og_description":"Acquista Saeyang Marathon K38 Crafien Mini Trapano Per Unghie Senza Fili Nero online o nello showroom da Salon For All Italia. Il grossista per saloni, studi e spa in Italia e Svizzera.","og_url":"https:\/\/salonforall.it\/en\/saeyang-marathon-k38-crafien-mini-trapano-per-unghie-senza-fili-nero\/","og_site_name":"Salon For All Italia","article_modified_time":"2026-03-30T02:50:38+00:00","og_image":[{"width":1200,"height":1200,"url":"https:\/\/salonforall.it\/wp-content\/uploads\/2025\/12\/Saeyang-Marathon-K38-Crafien-Mini-Trapano-Per-Unghie-Senza-Fili-Nero-1.jpg","type":"image\/jpeg"}],"twitter_card":"summary_large_image","twitter_title":"Saeyang Marathon K38 Crafien Mini Trapano Per Unghie Senza Fili Nero","twitter_misc":{"Estimated reading time":"8 minutes"},"schema":{"@context":"https:\/\/schema.org","@graph":[{"@type":"WebPage","@id":"https:\/\/salonforall.it\/saeyang-marathon-k38-crafien-mini-trapano-per-unghie-senza-fili-nero\/","url":"https:\/\/salonforall.it\/saeyang-marathon-k38-crafien-mini-trapano-per-unghie-senza-fili-nero\/","name":"Saeyang Marathon K38 Crafien Mini Trapano Per Unghie Senza Fili Nero acquistare","isPartOf":{"@id":"https:\/\/salonforall.it\/#website"},"primaryImageOfPage":{"@id":"https:\/\/salonforall.it\/saeyang-marathon-k38-crafien-mini-trapano-per-unghie-senza-fili-nero\/#primaryimage"},"image":{"@id":"https:\/\/salonforall.it\/saeyang-marathon-k38-crafien-mini-trapano-per-unghie-senza-fili-nero\/#primaryimage"},"thumbnailUrl":"https:\/\/salonforall.it\/wp-content\/uploads\/2025\/12\/Saeyang-Marathon-K38-Crafien-Mini-Trapano-Per-Unghie-Senza-Fili-Nero-1.jpg","datePublished":"2025-12-03T16:59:30+00:00","dateModified":"2026-03-30T02:50:38+00:00","description":"Acquista Saeyang Marathon K38 Crafien Mini Trapano Per Unghie Senza Fili Nero online o nello showroom da Salon For All Italia. Il grossista per saloni, studi e spa in Italia e Svizzera.","breadcrumb":{"@id":"https:\/\/salonforall.it\/saeyang-marathon-k38-crafien-mini-trapano-per-unghie-senza-fili-nero\/#breadcrumb"},"inLanguage":"en-GB","potentialAction":[{"@type":"ReadAction","target":["https:\/\/salonforall.it\/saeyang-marathon-k38-crafien-mini-trapano-per-unghie-senza-fili-nero\/"]}]},{"@type":"ImageObject","inLanguage":"en-GB","@id":"https:\/\/salonforall.it\/saeyang-marathon-k38-crafien-mini-trapano-per-unghie-senza-fili-nero\/#primaryimage","url":"https:\/\/salonforall.it\/wp-content\/uploads\/2025\/12\/Saeyang-Marathon-K38-Crafien-Mini-Trapano-Per-Unghie-Senza-Fili-Nero-1.jpg","contentUrl":"https:\/\/salonforall.it\/wp-content\/uploads\/2025\/12\/Saeyang-Marathon-K38-Crafien-Mini-Trapano-Per-Unghie-Senza-Fili-Nero-1.jpg","width":1200,"height":1200,"caption":"Saeyang Marathon K38 Crafien Mini Trapano Per Unghie Senza Fili Nero"},{"@type":"BreadcrumbList","@id":"https:\/\/salonforall.it\/saeyang-marathon-k38-crafien-mini-trapano-per-unghie-senza-fili-nero\/#breadcrumb","itemListElement":[{"@type":"ListItem","position":1,"name":"Home","item":"https:\/\/salonforall.it\/"},{"@type":"ListItem","position":2,"name":"Winkel","item":"https:\/\/salonforall.it\/winkel\/"},{"@type":"ListItem","position":3,"name":"Saeyang Marathon K38 Crafien Mini Trapano Per Unghie Senza Fili Nero"}]},{"@type":"WebSite","@id":"https:\/\/salonforall.it\/#website","url":"https:\/\/salonforall.it\/","name":"Salon For All Italia","description":"Grossista di mobili e forniture per studi medici e saloni","publisher":{"@id":"https:\/\/salonforall.it\/#organization"},"potentialAction":[{"@type":"SearchAction","target":{"@type":"EntryPoint","urlTemplate":"https:\/\/salonforall.it\/?s={search_term_string}"},"query-input":{"@type":"PropertyValueSpecification","valueRequired":true,"valueName":"search_term_string"}}],"inLanguage":"en-GB"},{"@type":"Organization","@id":"https:\/\/salonforall.it\/#organization","name":"Salon For All Italia","url":"https:\/\/salonforall.it\/","logo":{"@type":"ImageObject","inLanguage":"en-GB","@id":"https:\/\/salonforall.it\/#\/schema\/logo\/image\/","url":"https:\/\/salonforall.it\/wp-content\/uploads\/2025\/11\/logo-salon-for-all-e1764543264615.png","contentUrl":"https:\/\/salonforall.it\/wp-content\/uploads\/2025\/11\/logo-salon-for-all-e1764543264615.png","width":500,"height":150,"caption":"Salon For All Italia"},"image":{"@id":"https:\/\/salonforall.it\/#\/schema\/logo\/image\/"}}]}},"_links":{"self":[{"href":"https:\/\/salonforall.it\/en\/wp-json\/wp\/v2\/product\/17581","targetHints":{"allow":["GET"]}}],"collection":[{"href":"https:\/\/salonforall.it\/en\/wp-json\/wp\/v2\/product"}],"about":[{"href":"https:\/\/salonforall.it\/en\/wp-json\/wp\/v2\/types\/product"}],"replies":[{"embeddable":true,"href":"https:\/\/salonforall.it\/en\/wp-json\/wp\/v2\/comments?post=17581"}],"wp:featuredmedia":[{"embeddable":true,"href":"https:\/\/salonforall.it\/en\/wp-json\/wp\/v2\/media\/17582"}],"wp:attachment":[{"href":"https:\/\/salonforall.it\/en\/wp-json\/wp\/v2\/media?parent=17581"}],"wp:term":[{"taxonomy":"product_brand","embeddable":true,"href":"https:\/\/salonforall.it\/en\/wp-json\/wp\/v2\/product_brand?post=17581"},{"taxonomy":"product_cat","embeddable":true,"href":"https:\/\/salonforall.it\/en\/wp-json\/wp\/v2\/product_cat?post=17581"},{"taxonomy":"product_tag","embeddable":true,"href":"https:\/\/salonforall.it\/en\/wp-json\/wp\/v2\/product_tag?post=17581"}],"curies":[{"name":"wp","href":"https:\/\/api.w.org\/{rel}","templated":true}]}}