{"id":17615,"date":"2025-12-03T16:59:30","date_gmt":"2025-12-03T16:59:30","guid":{"rendered":"https:\/\/salonforall.it\/scrivania-cosmetica-312-bianca-sinistra\/"},"modified":"2026-05-13T02:15:08","modified_gmt":"2026-05-13T02:15:08","slug":"scrivania-cosmetica-312-bianca-sinistra","status":"publish","type":"product","link":"https:\/\/salonforall.it\/en\/scrivania-cosmetica-312-bianca-sinistra\/","title":{"rendered":"Scrivania Cosmetica 312 Bianca Sinistra"},"content":{"rendered":"<h2>Informazioni su Scrivania Cosmetica 312 Bianca Sinistra con codice articolo 141617<\/h2>\n<p><img decoding=\"async\" src=\"https:\/\/activeshop.com.pl\/media\/wysiwyg\/product\/141617\/EN_141617_1.jpg\"><\/p>\n<p>Da molti anni, il marchio <strong>ACTIVESHOP<\/strong> offre un&#8217;ampia gamma di prodotti adatti all&#8217;uso professionale in molti settori. Nell&#8217;assortimento disponibile \u00e8 possibile trovare articoli di diverse categorie, dai piccoli accessori essenziali alle attrezzature specializzate.<\/p>\n<p><img decoding=\"async\" src=\"https:\/\/activeshop.com.pl\/media\/wysiwyg\/product\/141617\/EN_141617_2.jpg\"><\/p>\n<h2><strong>Pratica scrivania con assorbitore<\/strong><\/h2>\n<p>La funzionale <strong>scrivania per cosmetici 312 con assorbitore di polvere<\/strong> \u00e8 perfetta per i centri estetici, in particolare per lo styling delle unghie. Il design del mobile <strong>garantisce la sua stabilit\u00e0<\/strong> e gli ampi cassetti facilitano l&#8217;accesso agli strumenti necessari, il che si traduce in efficienza lavorativa.<\/p>\n<p><img decoding=\"async\" src=\"https:\/\/activeshop.com.pl\/media\/wysiwyg\/product\/141617\/EN_141617_3.jpg\"><\/p>\n<h2><strong>Il modo perfetto per creare un ambiente di lavoro perfetto<\/strong><\/h2>\n<p><strong>Tre ampi cassetti<\/strong> facilitano l&#8217;organizzazione e la conservazione in ordine di cosmetici e strumenti essenziali. La scrivania \u00e8 dotata di un pratico assorbitore di polveri che riduce efficacemente la quantit\u00e0 di polvere nociva, garantendo <strong>aria pulita e fresca nell&#8217;ambiente di lavoro<\/strong>. Allo stesso tempo, grazie alla sua integrazione nel piano del tavolo, non occupa spazio prezioso. Gli spazi appositamente progettati per i cavi <strong>rendono pi\u00f9 facile organizzare i dispositivi necessari nel salone<\/strong>, come frese per unghie, lampade per trattamenti o lampade per unghie, consentendo di nascondere i cavi.<\/p>\n<p><img decoding=\"async\" src=\"https:\/\/activeshop.com.pl\/media\/wysiwyg\/product\/141617\/EN_141617_4.jpg\"><\/p>\n<h2><strong>Design semplice per la massima funzionalit\u00e0<\/strong><\/h2>\n<p><strong>Il design minimalista<\/strong> conferisce alla scrivania un&#8217;eleganza senza tempo. <strong>Superfici lisce e una combinazione di colori tenui<\/strong> rendono il mobile un complemento perfetto per qualsiasi interno. I materiali di alta qualit\u00e0 utilizzati gli conferiscono <strong>un aspetto moderno<\/strong>, garantendo al contempo durata e facilit\u00e0 di pulizia. Il minimalismo delle forme rende la scrivania non solo <strong>pi\u00f9 facile da usare per riporre prodotti e accessori<\/strong>, ma anche un elemento estetico che enfatizza la semplicit\u00e0 e l&#8217;eleganza degli spazi dei centri estetici.<\/p>\n<p><strong>Dati:<\/strong><br \/>Potenza assorbita: 24 W<br \/>Colore: tonalit\u00e0 di bianco<br \/>Mobili a destra.<\/p>\n<p>I prodotti Activeshop sono proporzionalmente pi\u00f9 economici di molti altri marchi\/fornitori. Il prezzo \u00e8 proporzionato alla qualit\u00e0. Scrivania Cosmetica 312 Bianca Sinistra \u00e8 quindi una soluzione accessibile per il tuo salone.<\/p>\n<h2>Come viene consegnato Scrivania Cosmetica 312 Bianca Sinistra?<\/h2>\n<p>Scrivania Cosmetica 312 Bianca Sinistra viene consegnato nella confezione originale. In Italia la spedizione di Scrivania Cosmetica 312 Bianca Sinistra \u00e8 completamente gratuita per ordini a partire da 100,- euro. Per spedizioni verso altri paesi si applicano tariffe di spedizione separate. Puoi richiedere queste tariffe o trovarle nel carrello. Scrivania Cosmetica 312 Bianca Sinistra viene spedito tramite un corriere esterno.<\/p>\n<p>I pacchi o i pallet vengono consegnati di serie fino alla soglia della porta d&#8217;ingresso, anche se ti trovi in un edificio collettivo, condominio o complesso residenziale con ascensore (a condizione che l&#8217;articolo entri nell&#8217;ascensore). Non c&#8217;\u00e8 un ascensore o l&#8217;articolo non entra nell&#8217;ascensore? Allora consegniamo fino alla soglia del piano terra.<\/p>\n<p>Hai ancora domande sulla consegna o una situazione particolare? Contattaci e saremo lieti di aiutarti!<\/p>\n<p>*Gli articoli non vengono disimballati o montati di serie. In situazioni particolari puoi contattarci per fare accordi in merito.<\/p>\n<h2>Acquisti online sicuri su Salon For All con il marchio di qualit\u00e0 Webwinkelkeur e crittografia SSL<\/h2>\n<p>\u00c8 importante per noi che i nostri clienti possano fare acquisti online in sicurezza. Siamo affiliati al marchio di qualit\u00e0 nazionale Webwinkelkeur dal 2019. La nostra identit\u00e0 \u00e8 stata controllata e verificata da loro e il negozio online \u00e8 stato controllato e approvato legalmente. Inoltre, il nostro negozio online \u00e8 affiliato a loro per la mediazione delle controversie. Puoi vedere il badge con tutte le informazioni di questo marchio di qualit\u00e0 del negozio online sul lato sinistro o destro del negozio online (pulsante rosa con bianco). Inoltre, il nostro sito \u00e8 protetto con un certificato SSL in modo da poter navigare in sicurezza. Nella barra del tuo browser Internet, dove \u00e8 indicato il nostro sito web, vedrai un&#8217;icona a forma di lucchetto. Se clicchi sul lucchetto, otterrai tutte le informazioni sulla nostra sicurezza. In questo modo sai che il tuo ordine di Scrivania Cosmetica 312 Bianca Sinistra e i tuoi dati personali vengono elaborati in modo sicuro.<\/p>\n<h2>Come posso pagare Scrivania Cosmetica 312 Bianca Sinistra?<\/h2>\n<p>Vogliamo renderti le cose il pi\u00f9 semplici possibile. Ecco perch\u00e9 su Salon For All puoi pagare con tutti i metodi di pagamento noti e comuni. Pagare in anticipo, alla consegna o in seguito; tutto \u00e8 possibile. Vedi qui tutti i metodi di pagamento che offriamo:<\/p>\n<ul>\n<li>iDEAL<\/li>\n<li>Carta di credito (Visa, Mastercard, American Express)<\/li>\n<li>Klarna &#8211; Pagamento posticipato con fattura<\/li>\n<li>PayPal<\/li>\n<li>Apple Pay<\/li>\n<li>Google Pay<\/li>\n<li>Bancontact<\/li>\n<li>Bonifico bancario SEPA<\/li>\n<li>MyBank (per clienti italiani)<\/li>\n<li>Fattura aziendale per imprese<\/li>\n<li>Pagamento nello showroom &#8211; Sia carta che contanti (Disponibile solo per il ritiro)<\/li>\n<\/ul>\n<h2>Consulta anche le recensioni di Salon For All<\/h2>\n<p>Consulta anche le nostre recensioni per tenere conto delle esperienze dei nostri clienti attuali nella tua decisione di ordinare Scrivania Cosmetica 312 Bianca Sinistra da noi. Attraverso il nostro marchio di qualit\u00e0 indipendente del negozio online Webwinkelkeur, vengono raccolte automaticamente recensioni verificate di clienti che hanno completato un ordine con noi. Puoi trovarle dietro il pulsante rosa sul nostro negozio online o sono elencate sotto i prodotti.<\/p>\n<p>Condividi anche la tua esperienza dopo il tuo acquisto con il tuo Scrivania Cosmetica 312 Bianca Sinistra ordinato e la tua esperienza con il processo di acquisto o il contatto con Salon For All per ispirare gli altri!<\/p>\n<h2>Contatto con Salon For All<\/h2>\n<p>Contattaci allora. Saremo lieti di aiutarti con l&#8217;acquisto di Scrivania Cosmetica 312 Bianca Sinistra. Nei giorni feriali siamo raggiungibili al meglio tra le 8.30 e le 17.00 tramite il numero di telefono e l&#8217;indirizzo e-mail nella parte superiore del negozio online o tramite la funzione chat. Le domande al di fuori dell&#8217;orario d&#8217;ufficio vengono generalmente risposte entro 24 ore. \u00c8 anche possibile venirci a trovare al di fuori dei giorni feriali o dell&#8217;orario d&#8217;ufficio. Ma per questo \u00e8 necessario prendere un appuntamento in anticipo.<\/p>\n<h2>Vuoi venire nel nostro showroom?<\/h2>\n<p>Preferisci vedere Scrivania Cosmetica 312 Bianca Sinistra o esplorare la nostra offerta del negozio (online) insieme al nostro collega? Allora vieni nel nostro showroom con oltre 1000m\u00b2 di arredamento per saloni e lasciati ispirare dai nostri dipendenti. Anche se ti piace fare conoscenza in modo piacevole gustando una buona tazza di caff\u00e8 o t\u00e8, sei il benvenuto. Non abbiamo tutti i prodotti disponibili, quindi faccici sapere in anticipo che vuoi venire. Prendi sempre un appuntamento in anticipo.<\/p>\n<h2>14 giorni di riflessione e la nostra politica di reso<\/h2>\n<p>Naturalmente pu\u00f2 succedere che Scrivania Cosmetica 312 Bianca Sinistra consegnato non sia completamente di tuo gradimento e tu voglia restituirlo. Questo non \u00e8 assolutamente un problema con Salon For All. Devi segnalare il tuo reso entro 14 giorni lavorativi tramite <a href=\"mailto:info@salonforall.com\">info@salonforall.it<\/a>. Riceverai quindi prima tutte le istruzioni e condizioni di reso. Si prega di notare che Scrivania Cosmetica 312 Bianca Sinistra non deve essere stato utilizzato, deve contenere tutte le parti fornite e deve essere restituito imballato nella confezione originale. I costi di spedizione per un reso sono sempre a carico dell&#8217;acquirente per gli acquisti tramite www.salonforall.it. Devi organizzare tu stesso un trasporto presso un corriere di tua scelta per un reso. Una volta che Scrivania Cosmetica 312 Bianca Sinistra \u00e8 stato restituito, verr\u00e0 controllato per completezza e danni. Una volta che il reso \u00e8 stato approvato, l&#8217;importo di acquisto verr\u00e0 rimborsato entro 5 giorni lavorativi sul conto bancario da noi conosciuto.<\/p>\n<h2>Chi \u00e8 Salon For All?<\/h2>\n<p>Salon For All \u00e8 IL grossista per ogni arredamento di saloni in Europa. Salon For All \u00e8 iniziato nel 2003 con il nome Salonvoordeel ed \u00e8 nato dalla pratica. I proprietari di Salon For All erano parrucchieri e specialisti della bellezza esperti e hanno insieme oltre 30 anni di esperienza pratica. Nel 2003 abbiamo lanciato Salonvoordeel.nl (Paesi Bassi) e successivamente \u00e8 stato fondato Salon For All per il mercato europeo. Alcuni dei nostri dipendenti hanno avviato una propria attivit\u00e0 e cos\u00ec \u00e8 nata l&#8217;idea di avviare un negozio online funzionale per parrucchieri e aiutarli con l&#8217;arredamento del loro salone.<\/p>\n<p>Il nostro showroom si trova a Dinxperlo, direttamente al confine tra i Paesi Bassi e la Germania. Con la nostra pluriennale esperienza nel settore possiamo farti da specchio e fornirti la giusta consulenza. Parliamo la stessa lingua! Ti consigliamo, ispiriamo, motiviamo e ti aiutiamo nell&#8217;acquisto di Scrivania Cosmetica 312 Bianca Sinistra. I nostri fornitori si trovano in tutta Europa, dalla Germania, Inghilterra, Italia fino alla Polonia.<\/p>","protected":false},"excerpt":{"rendered":"<p>Il prodotto Scrivania Cosmetica 312 Bianca Sinistra \u00e8 una soluzione conveniente per qualsiasi salone o studio professionale. Il tempo di consegna previsto \u00e8 di circa 6 giorni lavorativi.<\/p>","protected":false},"featured_media":17616,"comment_status":"open","ping_status":"open","template":"","meta":[],"product_brand":[107],"product_cat":[624,623],"product_tag":[626,625],"class_list":{"0":"post-17615","1":"product","2":"type-product","3":"status-publish","4":"has-post-thumbnail","6":"product_brand-activeshop","7":"product_cat-scrivanie-per-manicure","8":"product_cat-unghie","9":"product_tag-scrivanie-per-manicure","10":"product_tag-unghie","11":"pa_codice-ean-5841","12":"pa_garanzia-12-mesi","13":"pa_marca-activeshop","14":"pa_numero-dellarticolo-5840","15":"pa_tempo-di-consegna-stimato-3-4-giorni-lavorativi","17":"first","18":"instock","19":"sale","20":"taxable","21":"shipping-taxable","22":"purchasable","23":"product-type-simple"},"yoast_head":"<!-- This site is optimized with the Yoast SEO plugin v27.5 - https:\/\/yoast.com\/product\/yoast-seo-wordpress\/ -->\n<title>Scrivania Cosmetica 312 Bianca Sinistra acquistare<\/title>\n<meta name=\"description\" content=\"Acquista Scrivania Cosmetica 312 Bianca Sinistra online o nello showroom da Salon For All Italia. Il grossista per saloni, studi e spa in Italia e Svizzera.\" \/>\n<meta name=\"robots\" content=\"index, follow, max-snippet:-1, max-image-preview:large, max-video-preview:-1\" \/>\n<link rel=\"canonical\" href=\"https:\/\/salonforall.it\/en\/scrivania-cosmetica-312-bianca-sinistra\/\" \/>\n<meta property=\"og:locale\" content=\"en_GB\" \/>\n<meta property=\"og:type\" content=\"article\" \/>\n<meta property=\"og:title\" content=\"Scrivania Cosmetica 312 Bianca Sinistra\" \/>\n<meta property=\"og:description\" content=\"Acquista Scrivania Cosmetica 312 Bianca Sinistra online o nello showroom da Salon For All Italia. Il grossista per saloni, studi e spa in Italia e Svizzera.\" \/>\n<meta property=\"og:url\" content=\"https:\/\/salonforall.it\/en\/scrivania-cosmetica-312-bianca-sinistra\/\" \/>\n<meta property=\"og:site_name\" content=\"Salon For All Italia\" \/>\n<meta property=\"article:modified_time\" content=\"2026-05-13T02:15:08+00:00\" \/>\n<meta property=\"og:image\" content=\"https:\/\/salonforall.it\/wp-content\/uploads\/2025\/12\/Scrivania-Cosmetica-312-Bianca-Sinistra-1.jpg\" \/>\n\t<meta property=\"og:image:width\" content=\"1200\" \/>\n\t<meta property=\"og:image:height\" content=\"1200\" \/>\n\t<meta property=\"og:image:type\" content=\"image\/jpeg\" \/>\n<meta name=\"twitter:card\" content=\"summary_large_image\" \/>\n<meta name=\"twitter:title\" content=\"Scrivania Cosmetica 312 Bianca Sinistra\" \/>\n<meta name=\"twitter:label1\" content=\"Estimated reading time\" \/>\n\t<meta name=\"twitter:data1\" content=\"7 minutes\" \/>\n<script type=\"application\/ld+json\" class=\"yoast-schema-graph\">{\"@context\":\"https:\\\/\\\/schema.org\",\"@graph\":[{\"@type\":\"WebPage\",\"@id\":\"https:\\\/\\\/salonforall.it\\\/scrivania-cosmetica-312-bianca-sinistra\\\/\",\"url\":\"https:\\\/\\\/salonforall.it\\\/scrivania-cosmetica-312-bianca-sinistra\\\/\",\"name\":\"Scrivania Cosmetica 312 Bianca Sinistra acquistare\",\"isPartOf\":{\"@id\":\"https:\\\/\\\/salonforall.it\\\/#website\"},\"primaryImageOfPage\":{\"@id\":\"https:\\\/\\\/salonforall.it\\\/scrivania-cosmetica-312-bianca-sinistra\\\/#primaryimage\"},\"image\":{\"@id\":\"https:\\\/\\\/salonforall.it\\\/scrivania-cosmetica-312-bianca-sinistra\\\/#primaryimage\"},\"thumbnailUrl\":\"https:\\\/\\\/salonforall.it\\\/wp-content\\\/uploads\\\/2025\\\/12\\\/Scrivania-Cosmetica-312-Bianca-Sinistra-1.jpg\",\"datePublished\":\"2025-12-03T16:59:30+00:00\",\"dateModified\":\"2026-05-13T02:15:08+00:00\",\"description\":\"Acquista Scrivania Cosmetica 312 Bianca Sinistra online o nello showroom da Salon For All Italia. Il grossista per saloni, studi e spa in Italia e Svizzera.\",\"breadcrumb\":{\"@id\":\"https:\\\/\\\/salonforall.it\\\/scrivania-cosmetica-312-bianca-sinistra\\\/#breadcrumb\"},\"inLanguage\":\"en-GB\",\"potentialAction\":[{\"@type\":\"ReadAction\",\"target\":[\"https:\\\/\\\/salonforall.it\\\/scrivania-cosmetica-312-bianca-sinistra\\\/\"]}]},{\"@type\":\"ImageObject\",\"inLanguage\":\"en-GB\",\"@id\":\"https:\\\/\\\/salonforall.it\\\/scrivania-cosmetica-312-bianca-sinistra\\\/#primaryimage\",\"url\":\"https:\\\/\\\/salonforall.it\\\/wp-content\\\/uploads\\\/2025\\\/12\\\/Scrivania-Cosmetica-312-Bianca-Sinistra-1.jpg\",\"contentUrl\":\"https:\\\/\\\/salonforall.it\\\/wp-content\\\/uploads\\\/2025\\\/12\\\/Scrivania-Cosmetica-312-Bianca-Sinistra-1.jpg\",\"width\":1200,\"height\":1200,\"caption\":\"Scrivania Cosmetica 312 Bianca Sinistra\"},{\"@type\":\"BreadcrumbList\",\"@id\":\"https:\\\/\\\/salonforall.it\\\/scrivania-cosmetica-312-bianca-sinistra\\\/#breadcrumb\",\"itemListElement\":[{\"@type\":\"ListItem\",\"position\":1,\"name\":\"Home\",\"item\":\"https:\\\/\\\/salonforall.it\\\/\"},{\"@type\":\"ListItem\",\"position\":2,\"name\":\"Winkel\",\"item\":\"https:\\\/\\\/salonforall.it\\\/winkel\\\/\"},{\"@type\":\"ListItem\",\"position\":3,\"name\":\"Scrivania Cosmetica 312 Bianca Sinistra\"}]},{\"@type\":\"WebSite\",\"@id\":\"https:\\\/\\\/salonforall.it\\\/#website\",\"url\":\"https:\\\/\\\/salonforall.it\\\/\",\"name\":\"Salon For All Italia\",\"description\":\"Grossista di mobili e forniture per studi medici e saloni\",\"publisher\":{\"@id\":\"https:\\\/\\\/salonforall.it\\\/#organization\"},\"potentialAction\":[{\"@type\":\"SearchAction\",\"target\":{\"@type\":\"EntryPoint\",\"urlTemplate\":\"https:\\\/\\\/salonforall.it\\\/?s={search_term_string}\"},\"query-input\":{\"@type\":\"PropertyValueSpecification\",\"valueRequired\":true,\"valueName\":\"search_term_string\"}}],\"inLanguage\":\"en-GB\"},{\"@type\":\"Organization\",\"@id\":\"https:\\\/\\\/salonforall.it\\\/#organization\",\"name\":\"Salon For All Italia\",\"url\":\"https:\\\/\\\/salonforall.it\\\/\",\"logo\":{\"@type\":\"ImageObject\",\"inLanguage\":\"en-GB\",\"@id\":\"https:\\\/\\\/salonforall.it\\\/#\\\/schema\\\/logo\\\/image\\\/\",\"url\":\"https:\\\/\\\/salonforall.it\\\/wp-content\\\/uploads\\\/2025\\\/11\\\/logo-salon-for-all-e1764543264615.png\",\"contentUrl\":\"https:\\\/\\\/salonforall.it\\\/wp-content\\\/uploads\\\/2025\\\/11\\\/logo-salon-for-all-e1764543264615.png\",\"width\":500,\"height\":150,\"caption\":\"Salon For All Italia\"},\"image\":{\"@id\":\"https:\\\/\\\/salonforall.it\\\/#\\\/schema\\\/logo\\\/image\\\/\"}}]}<\/script>\n<!-- \/ Yoast SEO plugin. -->","yoast_head_json":{"title":"Scrivania Cosmetica 312 Bianca Sinistra acquistare","description":"Acquista Scrivania Cosmetica 312 Bianca Sinistra online o nello showroom da Salon For All Italia. Il grossista per saloni, studi e spa in Italia e Svizzera.","robots":{"index":"index","follow":"follow","max-snippet":"max-snippet:-1","max-image-preview":"max-image-preview:large","max-video-preview":"max-video-preview:-1"},"canonical":"https:\/\/salonforall.it\/en\/scrivania-cosmetica-312-bianca-sinistra\/","og_locale":"en_GB","og_type":"article","og_title":"Scrivania Cosmetica 312 Bianca Sinistra","og_description":"Acquista Scrivania Cosmetica 312 Bianca Sinistra online o nello showroom da Salon For All Italia. Il grossista per saloni, studi e spa in Italia e Svizzera.","og_url":"https:\/\/salonforall.it\/en\/scrivania-cosmetica-312-bianca-sinistra\/","og_site_name":"Salon For All Italia","article_modified_time":"2026-05-13T02:15:08+00:00","og_image":[{"width":1200,"height":1200,"url":"https:\/\/salonforall.it\/wp-content\/uploads\/2025\/12\/Scrivania-Cosmetica-312-Bianca-Sinistra-1.jpg","type":"image\/jpeg"}],"twitter_card":"summary_large_image","twitter_title":"Scrivania Cosmetica 312 Bianca Sinistra","twitter_misc":{"Estimated reading time":"7 minutes"},"schema":{"@context":"https:\/\/schema.org","@graph":[{"@type":"WebPage","@id":"https:\/\/salonforall.it\/scrivania-cosmetica-312-bianca-sinistra\/","url":"https:\/\/salonforall.it\/scrivania-cosmetica-312-bianca-sinistra\/","name":"Scrivania Cosmetica 312 Bianca Sinistra acquistare","isPartOf":{"@id":"https:\/\/salonforall.it\/#website"},"primaryImageOfPage":{"@id":"https:\/\/salonforall.it\/scrivania-cosmetica-312-bianca-sinistra\/#primaryimage"},"image":{"@id":"https:\/\/salonforall.it\/scrivania-cosmetica-312-bianca-sinistra\/#primaryimage"},"thumbnailUrl":"https:\/\/salonforall.it\/wp-content\/uploads\/2025\/12\/Scrivania-Cosmetica-312-Bianca-Sinistra-1.jpg","datePublished":"2025-12-03T16:59:30+00:00","dateModified":"2026-05-13T02:15:08+00:00","description":"Acquista Scrivania Cosmetica 312 Bianca Sinistra online o nello showroom da Salon For All Italia. Il grossista per saloni, studi e spa in Italia e Svizzera.","breadcrumb":{"@id":"https:\/\/salonforall.it\/scrivania-cosmetica-312-bianca-sinistra\/#breadcrumb"},"inLanguage":"en-GB","potentialAction":[{"@type":"ReadAction","target":["https:\/\/salonforall.it\/scrivania-cosmetica-312-bianca-sinistra\/"]}]},{"@type":"ImageObject","inLanguage":"en-GB","@id":"https:\/\/salonforall.it\/scrivania-cosmetica-312-bianca-sinistra\/#primaryimage","url":"https:\/\/salonforall.it\/wp-content\/uploads\/2025\/12\/Scrivania-Cosmetica-312-Bianca-Sinistra-1.jpg","contentUrl":"https:\/\/salonforall.it\/wp-content\/uploads\/2025\/12\/Scrivania-Cosmetica-312-Bianca-Sinistra-1.jpg","width":1200,"height":1200,"caption":"Scrivania Cosmetica 312 Bianca Sinistra"},{"@type":"BreadcrumbList","@id":"https:\/\/salonforall.it\/scrivania-cosmetica-312-bianca-sinistra\/#breadcrumb","itemListElement":[{"@type":"ListItem","position":1,"name":"Home","item":"https:\/\/salonforall.it\/"},{"@type":"ListItem","position":2,"name":"Winkel","item":"https:\/\/salonforall.it\/winkel\/"},{"@type":"ListItem","position":3,"name":"Scrivania Cosmetica 312 Bianca Sinistra"}]},{"@type":"WebSite","@id":"https:\/\/salonforall.it\/#website","url":"https:\/\/salonforall.it\/","name":"Salon For All Italia","description":"Grossista di mobili e forniture per studi medici e saloni","publisher":{"@id":"https:\/\/salonforall.it\/#organization"},"potentialAction":[{"@type":"SearchAction","target":{"@type":"EntryPoint","urlTemplate":"https:\/\/salonforall.it\/?s={search_term_string}"},"query-input":{"@type":"PropertyValueSpecification","valueRequired":true,"valueName":"search_term_string"}}],"inLanguage":"en-GB"},{"@type":"Organization","@id":"https:\/\/salonforall.it\/#organization","name":"Salon For All Italia","url":"https:\/\/salonforall.it\/","logo":{"@type":"ImageObject","inLanguage":"en-GB","@id":"https:\/\/salonforall.it\/#\/schema\/logo\/image\/","url":"https:\/\/salonforall.it\/wp-content\/uploads\/2025\/11\/logo-salon-for-all-e1764543264615.png","contentUrl":"https:\/\/salonforall.it\/wp-content\/uploads\/2025\/11\/logo-salon-for-all-e1764543264615.png","width":500,"height":150,"caption":"Salon For All Italia"},"image":{"@id":"https:\/\/salonforall.it\/#\/schema\/logo\/image\/"}}]}},"_links":{"self":[{"href":"https:\/\/salonforall.it\/en\/wp-json\/wp\/v2\/product\/17615","targetHints":{"allow":["GET"]}}],"collection":[{"href":"https:\/\/salonforall.it\/en\/wp-json\/wp\/v2\/product"}],"about":[{"href":"https:\/\/salonforall.it\/en\/wp-json\/wp\/v2\/types\/product"}],"replies":[{"embeddable":true,"href":"https:\/\/salonforall.it\/en\/wp-json\/wp\/v2\/comments?post=17615"}],"wp:featuredmedia":[{"embeddable":true,"href":"https:\/\/salonforall.it\/en\/wp-json\/wp\/v2\/media\/17616"}],"wp:attachment":[{"href":"https:\/\/salonforall.it\/en\/wp-json\/wp\/v2\/media?parent=17615"}],"wp:term":[{"taxonomy":"product_brand","embeddable":true,"href":"https:\/\/salonforall.it\/en\/wp-json\/wp\/v2\/product_brand?post=17615"},{"taxonomy":"product_cat","embeddable":true,"href":"https:\/\/salonforall.it\/en\/wp-json\/wp\/v2\/product_cat?post=17615"},{"taxonomy":"product_tag","embeddable":true,"href":"https:\/\/salonforall.it\/en\/wp-json\/wp\/v2\/product_tag?post=17615"}],"curies":[{"name":"wp","href":"https:\/\/api.w.org\/{rel}","templated":true}]}}