{"id":19169,"date":"2025-12-03T17:19:40","date_gmt":"2025-12-03T17:19:40","guid":{"rendered":"https:\/\/salonforall.it\/lampada-da-tavolo-per-trattamenti-glow-l03-bianca\/"},"modified":"2026-05-14T02:17:14","modified_gmt":"2026-05-14T02:17:14","slug":"lampada-da-tavolo-per-trattamenti-glow-l03-bianca","status":"publish","type":"product","link":"https:\/\/salonforall.it\/en\/lampada-da-tavolo-per-trattamenti-glow-l03-bianca\/","title":{"rendered":"Lampada Da Tavolo Per Trattamenti Glow L03 Bianca"},"content":{"rendered":"<h2>Informazioni su Lampada Da Tavolo Per Trattamenti Glow L03 Bianca con codice articolo 148448<\/h2>\n<p><img decoding=\"async\" src=\"https:\/\/activeshop.com.pl\/media\/wysiwyg\/product\/148448\/EN_148448_1.jpg\"><\/p>\n<p><strong>I prodotti del marchio GLOW<\/strong> sono lampade professionali che migliorano l&#8217;efficacia dei servizi sia nei centri estetici che negli studi medici. Offre un&#8217;ampia selezione di lampade specialistiche, tra cui lampade UV\/LED e lampade per trattamenti, necessarie per un lavoro di precisione.<\/p>\n<p><img decoding=\"async\" src=\"https:\/\/activeshop.com.pl\/media\/wysiwyg\/product\/148448\/EN_148448_2.jpg\"><\/p>\n<h2><strong>Lampada cosmetica senza ombre<\/strong><\/h2>\n<p>La pratica<strong>lampada per trattamenti Glow L03<\/strong>, che pu\u00f2 essere montata su un tavolo, \u00e8 dotata di una <strong>testa trasformabile unica<\/strong> e di un telaio regolabile. Fornisce un&#8217;<strong>illuminazione eccellente<\/strong> durante i trattamenti che richiedono precisione. Sar\u00e0 utilizzata in molti studi specialistici in cui una luce adeguata influisce in modo significativo sulla qualit\u00e0 dei servizi offerti, come extension ciglia, nail styling, trattamenti di bellezza, tatuaggi o trucco. \u00c8 perfetta anche per preparare materiali per i social media, scattando foto o registrando video.<\/p>\n<p><img decoding=\"async\" src=\"https:\/\/activeshop.com.pl\/media\/wysiwyg\/product\/148448\/EN_148448_3.jpg\"><\/p>\n<h2><strong>Testa innovativa e orientabile<\/strong><\/h2>\n<p>Una caratteristica distintiva della lampada \u00e8 la testa con bracci che possono muoversi verticalmente entro un raggio di 215\u00b0<\/strong>, che unisce un design accattivante a un&#8217;elevata funzionalit\u00e0. Il profilo riempito con nastro LED fornisce un&#8217;illuminazione senza ombre dell&#8217;area di trattamento, garantendo il comfort dei servizi e la facilit\u00e0 di adattamento alle esigenze individuali. La lampada \u00e8 perfetta anche per fotografare gli effetti dei trattamenti, supportandone la presentazione. <strong>La superficie traslucida del pannello<\/strong> disperde la luce, quindi la lampada non arreca danno agli occhi. Parametri appropriati e <strong>la possibilit\u00e0 di regolare il colore e l&#8217;intensit\u00e0 della luce<\/strong> garantiscono una riproduzione perfetta dei colori percepiti, riducendo l&#8217;affaticamento degli occhi durante lavori prolungati. Inoltre, <strong>la testa girevole con un&#8217;ampia gamma di movimenti<\/strong> consente di impostare l&#8217;illuminazione in modo ottimale in base alle proprie preferenze e al servizio da svolgere in un dato momento.<\/p>\n<p><img decoding=\"async\" src=\"https:\/\/activeshop.com.pl\/media\/wysiwyg\/product\/148448\/EN_148448_4.jpg\"><\/p>\n<h2><strong>Ampie possibilit\u00e0 di personalizzazione<\/strong><\/h2>\n<p>L&#8217;ampio potenziale offerto dalle parti mobili del treppiede e della testa della lampada consente di <strong>regolare liberamente l&#8217;illuminazione<\/strong> dell&#8217;area di lavoro in base alla procedura da eseguire. La posizione del treppiede pu\u00f2 essere facilmente regolata grazie ai quattro snodi sul braccio con un&#8217;ampia escursione di movimento e alla base del treppiede girevole a 360\u00b0. Ci\u00f2 consente di adattare facilmente la posizione della testa alle esigenze individuali dell&#8217;utente e al tipo di servizio svolto, garantendo un&#8217;illuminazione ottimale dell&#8217;area di lavoro.<\/p>\n<p><img decoding=\"async\" src=\"https:\/\/activeshop.com.pl\/media\/wysiwyg\/product\/148448\/EN_148448_5.jpg\"><\/p>\n<h2><strong>Colore e intensit\u00e0 regolabili<\/strong><\/h2>\n<p>Il colore e l&#8217;intensit\u00e0 della luce possono essere regolati gradualmente tramite un pannello touch situato sulla testa. La regolazione prevede 5 livelli sia per la temperatura del colore (fredda-neutra-calda) che per l&#8217;intensit\u00e0 luminosa. \u00c8 inoltre possibile una regolazione continua, il che offre ampie possibilit\u00e0 di adattare l&#8217;illuminazione alle proprie esigenze. La lampada \u00e8 inoltre dotata di un sensore che <strong>imposta automaticamente il livello di intensit\u00e0 luminosa<\/strong> in base alla luminosit\u00e0 ambientale.<\/p>\n<p><img decoding=\"async\" src=\"https:\/\/activeshop.com.pl\/media\/wysiwyg\/product\/148448\/EN_148448_6.jpg\"><\/p>\n<h2><strong>Design moderno e funzionalit\u00e0<\/strong><\/h2>\n<p><strong>La forma semplice del treppiede<\/strong> in una classica tonalit\u00e0 di bianco e la finitura opaca gli conferiscono <strong>un aspetto elegante<\/strong> e rendono la lampada perfetta per quasi tutti gli interni. L&#8217;installazione sul piano di lavoro \u00e8 semplice grazie alla <strong>maniglia a morsa<\/strong>, la cui apertura massima \u00e8 di 6,3 cm: sar\u00e0 <strong>adatta alla maggior parte dei piani di lavoro<\/strong>.<\/p>\n<div class=\"video-container\"><iframe loading=\"lazy\" src=\"https:\/\/www.youtube.com\/embed\/gruOA-ybcBs\" width=\"560\" height=\"315\" frameborder=\"0\" allowfullscreen=\"allowfullscreen\"><\/iframe><\/div>\n<p>Le dimensioni dettagliate sono riportate nella foto.<br \/><strong>Attenzione.<\/strong> Prima dell&#8217;uso, leggere attentamente le istruzioni e installare correttamente il prodotto.<br \/><strong>Il set include:<\/strong> lampada, cavo di alimentazione, telaio, supporto per morsa, istruzioni.<\/p>\n<p><strong>Dati:<\/strong><br \/>Colore telaio: tonalit\u00e0 di bianco<br \/>Colore della luce: 3000-6500 K<br \/>Flusso luminoso: 1200-1340 LM<br \/>Apertura massima della maniglia: 6,3 cm<br \/>Lunghezza del cavo: 2 m<br \/>Potenza: 24 W<br \/>Tensione di ingresso della lampada: 24 V<br \/>Tensione di ingresso: 220-240 V<br \/>Garanzia: 12 mesi<\/p>\n<p>I prodotti Activeshop sono proporzionalmente pi\u00f9 economici di molti altri marchi\/fornitori. Il prezzo \u00e8 proporzionato alla qualit\u00e0. Lampada Da Tavolo Per Trattamenti Glow L03 Bianca \u00e8 quindi una soluzione accessibile per il tuo salone.<\/p>\n<h2>Come viene consegnato Lampada Da Tavolo Per Trattamenti Glow L03 Bianca?<\/h2>\n<p>Lampada Da Tavolo Per Trattamenti Glow L03 Bianca viene consegnato nella confezione originale. In Italia la spedizione di Lampada Da Tavolo Per Trattamenti Glow L03 Bianca \u00e8 completamente gratuita per ordini a partire da 100,- euro. Per spedizioni verso altri paesi si applicano tariffe di spedizione separate. Puoi richiedere queste tariffe o trovarle nel carrello. Lampada Da Tavolo Per Trattamenti Glow L03 Bianca viene spedito tramite un corriere esterno.<\/p>\n<p>I pacchi o i pallet vengono consegnati di serie fino alla soglia della porta d&#8217;ingresso, anche se ti trovi in un edificio collettivo, condominio o complesso residenziale con ascensore (a condizione che l&#8217;articolo entri nell&#8217;ascensore). Non c&#8217;\u00e8 un ascensore o l&#8217;articolo non entra nell&#8217;ascensore? Allora consegniamo fino alla soglia del piano terra.<\/p>\n<p>Hai ancora domande sulla consegna o una situazione particolare? Contattaci e saremo lieti di aiutarti!<\/p>\n<p>*Gli articoli non vengono disimballati o montati di serie. In situazioni particolari puoi contattarci per fare accordi in merito.<\/p>\n<h2>Acquisti online sicuri su Salon For All con il marchio di qualit\u00e0 Webwinkelkeur e crittografia SSL<\/h2>\n<p>\u00c8 importante per noi che i nostri clienti possano fare acquisti online in sicurezza. Siamo affiliati al marchio di qualit\u00e0 nazionale Webwinkelkeur dal 2019. La nostra identit\u00e0 \u00e8 stata controllata e verificata da loro e il negozio online \u00e8 stato controllato e approvato legalmente. Inoltre, il nostro negozio online \u00e8 affiliato a loro per la mediazione delle controversie. Puoi vedere il badge con tutte le informazioni di questo marchio di qualit\u00e0 del negozio online sul lato sinistro o destro del negozio online (pulsante rosa con bianco). Inoltre, il nostro sito \u00e8 protetto con un certificato SSL in modo da poter navigare in sicurezza. Nella barra del tuo browser Internet, dove \u00e8 indicato il nostro sito web, vedrai un&#8217;icona a forma di lucchetto. Se clicchi sul lucchetto, otterrai tutte le informazioni sulla nostra sicurezza. In questo modo sai che il tuo ordine di Lampada Da Tavolo Per Trattamenti Glow L03 Bianca e i tuoi dati personali vengono elaborati in modo sicuro.<\/p>\n<h2>Come posso pagare Lampada Da Tavolo Per Trattamenti Glow L03 Bianca?<\/h2>\n<p>Vogliamo renderti le cose il pi\u00f9 semplici possibile. Ecco perch\u00e9 su Salon For All puoi pagare con tutti i metodi di pagamento noti e comuni. Pagare in anticipo, alla consegna o in seguito; tutto \u00e8 possibile. Vedi qui tutti i metodi di pagamento che offriamo:<\/p>\n<ul>\n<li>iDEAL<\/li>\n<li>Carta di credito (Visa, Mastercard, American Express)<\/li>\n<li>Klarna &#8211; Pagamento posticipato con fattura<\/li>\n<li>PayPal<\/li>\n<li>Apple Pay<\/li>\n<li>Google Pay<\/li>\n<li>Bancontact<\/li>\n<li>Bonifico bancario SEPA<\/li>\n<li>MyBank (per clienti italiani)<\/li>\n<li>Fattura aziendale per imprese<\/li>\n<li>Pagamento nello showroom &#8211; Sia carta che contanti (Disponibile solo per il ritiro)<\/li>\n<\/ul>\n<h2>Consulta anche le recensioni di Salon For All<\/h2>\n<p>Consulta anche le nostre recensioni per tenere conto delle esperienze dei nostri clienti attuali nella tua decisione di ordinare Lampada Da Tavolo Per Trattamenti Glow L03 Bianca da noi. Attraverso il nostro marchio di qualit\u00e0 indipendente del negozio online Webwinkelkeur, vengono raccolte automaticamente recensioni verificate di clienti che hanno completato un ordine con noi. Puoi trovarle dietro il pulsante rosa sul nostro negozio online o sono elencate sotto i prodotti.<\/p>\n<p>Condividi anche la tua esperienza dopo il tuo acquisto con il tuo Lampada Da Tavolo Per Trattamenti Glow L03 Bianca ordinato e la tua esperienza con il processo di acquisto o il contatto con Salon For All per ispirare gli altri!<\/p>\n<h2>Contatto con Salon For All<\/h2>\n<p>Contattaci allora. Saremo lieti di aiutarti con l&#8217;acquisto di Lampada Da Tavolo Per Trattamenti Glow L03 Bianca. Nei giorni feriali siamo raggiungibili al meglio tra le 8.30 e le 17.00 tramite il numero di telefono e l&#8217;indirizzo e-mail nella parte superiore del negozio online o tramite la funzione chat. Le domande al di fuori dell&#8217;orario d&#8217;ufficio vengono generalmente risposte entro 24 ore. \u00c8 anche possibile venirci a trovare al di fuori dei giorni feriali o dell&#8217;orario d&#8217;ufficio. Ma per questo \u00e8 necessario prendere un appuntamento in anticipo.<\/p>\n<h2>Vuoi venire nel nostro showroom?<\/h2>\n<p>Preferisci vedere Lampada Da Tavolo Per Trattamenti Glow L03 Bianca o esplorare la nostra offerta del negozio (online) insieme al nostro collega? Allora vieni nel nostro showroom con oltre 1000m\u00b2 di arredamento per saloni e lasciati ispirare dai nostri dipendenti. Anche se ti piace fare conoscenza in modo piacevole gustando una buona tazza di caff\u00e8 o t\u00e8, sei il benvenuto. Non abbiamo tutti i prodotti disponibili, quindi faccici sapere in anticipo che vuoi venire. Prendi sempre un appuntamento in anticipo.<\/p>\n<h2>14 giorni di riflessione e la nostra politica di reso<\/h2>\n<p>Naturalmente pu\u00f2 succedere che Lampada Da Tavolo Per Trattamenti Glow L03 Bianca consegnato non sia completamente di tuo gradimento e tu voglia restituirlo. Questo non \u00e8 assolutamente un problema con Salon For All. Devi segnalare il tuo reso entro 14 giorni lavorativi tramite <a href=\"mailto:info@salonforall.com\">info@salonforall.it<\/a>. Riceverai quindi prima tutte le istruzioni e condizioni di reso. Si prega di notare che Lampada Da Tavolo Per Trattamenti Glow L03 Bianca non deve essere stato utilizzato, deve contenere tutte le parti fornite e deve essere restituito imballato nella confezione originale. I costi di spedizione per un reso sono sempre a carico dell&#8217;acquirente per gli acquisti tramite www.salonforall.it. Devi organizzare tu stesso un trasporto presso un corriere di tua scelta per un reso. Una volta che Lampada Da Tavolo Per Trattamenti Glow L03 Bianca \u00e8 stato restituito, verr\u00e0 controllato per completezza e danni. Una volta che il reso \u00e8 stato approvato, l&#8217;importo di acquisto verr\u00e0 rimborsato entro 5 giorni lavorativi sul conto bancario da noi conosciuto.<\/p>\n<h2>Chi \u00e8 Salon For All?<\/h2>\n<p>Salon For All \u00e8 IL grossista per ogni arredamento di saloni in Europa. Salon For All \u00e8 iniziato nel 2003 con il nome Salonvoordeel ed \u00e8 nato dalla pratica. I proprietari di Salon For All erano parrucchieri e specialisti della bellezza esperti e hanno insieme oltre 30 anni di esperienza pratica. Nel 2003 abbiamo lanciato Salonvoordeel.nl (Paesi Bassi) e successivamente \u00e8 stato fondato Salon For All per il mercato europeo. Alcuni dei nostri dipendenti hanno avviato una propria attivit\u00e0 e cos\u00ec \u00e8 nata l&#8217;idea di avviare un negozio online funzionale per parrucchieri e aiutarli con l&#8217;arredamento del loro salone.<\/p>\n<p>Il nostro showroom si trova a Dinxperlo, direttamente al confine tra i Paesi Bassi e la Germania. Con la nostra pluriennale esperienza nel settore possiamo farti da specchio e fornirti la giusta consulenza. Parliamo la stessa lingua! Ti consigliamo, ispiriamo, motiviamo e ti aiutiamo nell&#8217;acquisto di Lampada Da Tavolo Per Trattamenti Glow L03 Bianca. I nostri fornitori si trovano in tutta Europa, dalla Germania, Inghilterra, Italia fino alla Polonia.<\/p>","protected":false},"excerpt":{"rendered":"<p>Il prodotto Lampada Da Tavolo Per Trattamenti Glow L03 Bianca \u00e8 una soluzione conveniente per qualsiasi salone o studio professionale. Il tempo di consegna previsto \u00e8 di circa 6 giorni lavorativi.<\/p>","protected":false},"featured_media":19170,"comment_status":"open","ping_status":"open","template":"","meta":[],"product_brand":[642],"product_cat":[743,623],"product_tag":[744,625],"class_list":{"0":"post-19169","1":"product","2":"type-product","3":"status-publish","4":"has-post-thumbnail","6":"product_brand-glow","7":"product_cat-lampade-da-scrivania","8":"product_cat-unghie","9":"product_tag-lampade-da-scrivania","10":"product_tag-unghie","11":"pa_codice-ean-6259","12":"pa_garanzia-12-mesi","13":"pa_marca-glow","14":"pa_numero-dellarticolo-6258","15":"pa_tempo-di-consegna-stimato-3-4-giorni-lavorativi","17":"first","18":"instock","19":"sale","20":"taxable","21":"shipping-taxable","22":"purchasable","23":"product-type-simple"},"yoast_head":"<!-- This site is optimized with the Yoast SEO plugin v27.5 - https:\/\/yoast.com\/product\/yoast-seo-wordpress\/ -->\n<title>Lampada Da Tavolo Per Trattamenti Glow L03 Bianca acquistare<\/title>\n<meta name=\"description\" content=\"Acquista Lampada Da Tavolo Per Trattamenti Glow L03 Bianca online o nello showroom da Salon For All Italia. Il grossista per saloni, studi e spa in Italia e Svizzera.\" \/>\n<meta name=\"robots\" content=\"index, follow, max-snippet:-1, max-image-preview:large, max-video-preview:-1\" \/>\n<link rel=\"canonical\" href=\"https:\/\/salonforall.it\/en\/lampada-da-tavolo-per-trattamenti-glow-l03-bianca\/\" \/>\n<meta property=\"og:locale\" content=\"en_GB\" \/>\n<meta property=\"og:type\" content=\"article\" \/>\n<meta property=\"og:title\" content=\"Lampada Da Tavolo Per Trattamenti Glow L03 Bianca\" \/>\n<meta property=\"og:description\" content=\"Acquista Lampada Da Tavolo Per Trattamenti Glow L03 Bianca online o nello showroom da Salon For All Italia. Il grossista per saloni, studi e spa in Italia e Svizzera.\" \/>\n<meta property=\"og:url\" content=\"https:\/\/salonforall.it\/en\/lampada-da-tavolo-per-trattamenti-glow-l03-bianca\/\" \/>\n<meta property=\"og:site_name\" content=\"Salon For All Italia\" \/>\n<meta property=\"article:modified_time\" content=\"2026-05-14T02:17:14+00:00\" \/>\n<meta property=\"og:image\" content=\"https:\/\/salonforall.it\/wp-content\/uploads\/2025\/12\/Lampada-Da-Tavolo-Per-Trattamenti-Glow-L03-Bianca-1.jpg\" \/>\n\t<meta property=\"og:image:width\" content=\"1200\" \/>\n\t<meta property=\"og:image:height\" content=\"1200\" \/>\n\t<meta property=\"og:image:type\" content=\"image\/jpeg\" \/>\n<meta name=\"twitter:card\" content=\"summary_large_image\" \/>\n<meta name=\"twitter:title\" content=\"Lampada Da Tavolo Per Trattamenti Glow L03 Bianca\" \/>\n<meta name=\"twitter:label1\" content=\"Estimated reading time\" \/>\n\t<meta name=\"twitter:data1\" content=\"8 minutes\" \/>\n<script type=\"application\/ld+json\" class=\"yoast-schema-graph\">{\"@context\":\"https:\\\/\\\/schema.org\",\"@graph\":[{\"@type\":\"WebPage\",\"@id\":\"https:\\\/\\\/salonforall.it\\\/lampada-da-tavolo-per-trattamenti-glow-l03-bianca\\\/\",\"url\":\"https:\\\/\\\/salonforall.it\\\/lampada-da-tavolo-per-trattamenti-glow-l03-bianca\\\/\",\"name\":\"Lampada Da Tavolo Per Trattamenti Glow L03 Bianca acquistare\",\"isPartOf\":{\"@id\":\"https:\\\/\\\/salonforall.it\\\/#website\"},\"primaryImageOfPage\":{\"@id\":\"https:\\\/\\\/salonforall.it\\\/lampada-da-tavolo-per-trattamenti-glow-l03-bianca\\\/#primaryimage\"},\"image\":{\"@id\":\"https:\\\/\\\/salonforall.it\\\/lampada-da-tavolo-per-trattamenti-glow-l03-bianca\\\/#primaryimage\"},\"thumbnailUrl\":\"https:\\\/\\\/salonforall.it\\\/wp-content\\\/uploads\\\/2025\\\/12\\\/Lampada-Da-Tavolo-Per-Trattamenti-Glow-L03-Bianca-1.jpg\",\"datePublished\":\"2025-12-03T17:19:40+00:00\",\"dateModified\":\"2026-05-14T02:17:14+00:00\",\"description\":\"Acquista Lampada Da Tavolo Per Trattamenti Glow L03 Bianca online o nello showroom da Salon For All Italia. Il grossista per saloni, studi e spa in Italia e Svizzera.\",\"breadcrumb\":{\"@id\":\"https:\\\/\\\/salonforall.it\\\/lampada-da-tavolo-per-trattamenti-glow-l03-bianca\\\/#breadcrumb\"},\"inLanguage\":\"en-GB\",\"potentialAction\":[{\"@type\":\"ReadAction\",\"target\":[\"https:\\\/\\\/salonforall.it\\\/lampada-da-tavolo-per-trattamenti-glow-l03-bianca\\\/\"]}]},{\"@type\":\"ImageObject\",\"inLanguage\":\"en-GB\",\"@id\":\"https:\\\/\\\/salonforall.it\\\/lampada-da-tavolo-per-trattamenti-glow-l03-bianca\\\/#primaryimage\",\"url\":\"https:\\\/\\\/salonforall.it\\\/wp-content\\\/uploads\\\/2025\\\/12\\\/Lampada-Da-Tavolo-Per-Trattamenti-Glow-L03-Bianca-1.jpg\",\"contentUrl\":\"https:\\\/\\\/salonforall.it\\\/wp-content\\\/uploads\\\/2025\\\/12\\\/Lampada-Da-Tavolo-Per-Trattamenti-Glow-L03-Bianca-1.jpg\",\"width\":1200,\"height\":1200,\"caption\":\"Lampada Da Tavolo Per Trattamenti Glow L03 Bianca\"},{\"@type\":\"BreadcrumbList\",\"@id\":\"https:\\\/\\\/salonforall.it\\\/lampada-da-tavolo-per-trattamenti-glow-l03-bianca\\\/#breadcrumb\",\"itemListElement\":[{\"@type\":\"ListItem\",\"position\":1,\"name\":\"Home\",\"item\":\"https:\\\/\\\/salonforall.it\\\/\"},{\"@type\":\"ListItem\",\"position\":2,\"name\":\"Winkel\",\"item\":\"https:\\\/\\\/salonforall.it\\\/winkel\\\/\"},{\"@type\":\"ListItem\",\"position\":3,\"name\":\"Lampada Da Tavolo Per Trattamenti Glow L03 Bianca\"}]},{\"@type\":\"WebSite\",\"@id\":\"https:\\\/\\\/salonforall.it\\\/#website\",\"url\":\"https:\\\/\\\/salonforall.it\\\/\",\"name\":\"Salon For All Italia\",\"description\":\"Grossista di mobili e forniture per studi medici e saloni\",\"publisher\":{\"@id\":\"https:\\\/\\\/salonforall.it\\\/#organization\"},\"potentialAction\":[{\"@type\":\"SearchAction\",\"target\":{\"@type\":\"EntryPoint\",\"urlTemplate\":\"https:\\\/\\\/salonforall.it\\\/?s={search_term_string}\"},\"query-input\":{\"@type\":\"PropertyValueSpecification\",\"valueRequired\":true,\"valueName\":\"search_term_string\"}}],\"inLanguage\":\"en-GB\"},{\"@type\":\"Organization\",\"@id\":\"https:\\\/\\\/salonforall.it\\\/#organization\",\"name\":\"Salon For All Italia\",\"url\":\"https:\\\/\\\/salonforall.it\\\/\",\"logo\":{\"@type\":\"ImageObject\",\"inLanguage\":\"en-GB\",\"@id\":\"https:\\\/\\\/salonforall.it\\\/#\\\/schema\\\/logo\\\/image\\\/\",\"url\":\"https:\\\/\\\/salonforall.it\\\/wp-content\\\/uploads\\\/2025\\\/11\\\/logo-salon-for-all-e1764543264615.png\",\"contentUrl\":\"https:\\\/\\\/salonforall.it\\\/wp-content\\\/uploads\\\/2025\\\/11\\\/logo-salon-for-all-e1764543264615.png\",\"width\":500,\"height\":150,\"caption\":\"Salon For All Italia\"},\"image\":{\"@id\":\"https:\\\/\\\/salonforall.it\\\/#\\\/schema\\\/logo\\\/image\\\/\"}}]}<\/script>\n<!-- \/ Yoast SEO plugin. -->","yoast_head_json":{"title":"Lampada Da Tavolo Per Trattamenti Glow L03 Bianca acquistare","description":"Acquista Lampada Da Tavolo Per Trattamenti Glow L03 Bianca online o nello showroom da Salon For All Italia. Il grossista per saloni, studi e spa in Italia e Svizzera.","robots":{"index":"index","follow":"follow","max-snippet":"max-snippet:-1","max-image-preview":"max-image-preview:large","max-video-preview":"max-video-preview:-1"},"canonical":"https:\/\/salonforall.it\/en\/lampada-da-tavolo-per-trattamenti-glow-l03-bianca\/","og_locale":"en_GB","og_type":"article","og_title":"Lampada Da Tavolo Per Trattamenti Glow L03 Bianca","og_description":"Acquista Lampada Da Tavolo Per Trattamenti Glow L03 Bianca online o nello showroom da Salon For All Italia. Il grossista per saloni, studi e spa in Italia e Svizzera.","og_url":"https:\/\/salonforall.it\/en\/lampada-da-tavolo-per-trattamenti-glow-l03-bianca\/","og_site_name":"Salon For All Italia","article_modified_time":"2026-05-14T02:17:14+00:00","og_image":[{"width":1200,"height":1200,"url":"https:\/\/salonforall.it\/wp-content\/uploads\/2025\/12\/Lampada-Da-Tavolo-Per-Trattamenti-Glow-L03-Bianca-1.jpg","type":"image\/jpeg"}],"twitter_card":"summary_large_image","twitter_title":"Lampada Da Tavolo Per Trattamenti Glow L03 Bianca","twitter_misc":{"Estimated reading time":"8 minutes"},"schema":{"@context":"https:\/\/schema.org","@graph":[{"@type":"WebPage","@id":"https:\/\/salonforall.it\/lampada-da-tavolo-per-trattamenti-glow-l03-bianca\/","url":"https:\/\/salonforall.it\/lampada-da-tavolo-per-trattamenti-glow-l03-bianca\/","name":"Lampada Da Tavolo Per Trattamenti Glow L03 Bianca acquistare","isPartOf":{"@id":"https:\/\/salonforall.it\/#website"},"primaryImageOfPage":{"@id":"https:\/\/salonforall.it\/lampada-da-tavolo-per-trattamenti-glow-l03-bianca\/#primaryimage"},"image":{"@id":"https:\/\/salonforall.it\/lampada-da-tavolo-per-trattamenti-glow-l03-bianca\/#primaryimage"},"thumbnailUrl":"https:\/\/salonforall.it\/wp-content\/uploads\/2025\/12\/Lampada-Da-Tavolo-Per-Trattamenti-Glow-L03-Bianca-1.jpg","datePublished":"2025-12-03T17:19:40+00:00","dateModified":"2026-05-14T02:17:14+00:00","description":"Acquista Lampada Da Tavolo Per Trattamenti Glow L03 Bianca online o nello showroom da Salon For All Italia. Il grossista per saloni, studi e spa in Italia e Svizzera.","breadcrumb":{"@id":"https:\/\/salonforall.it\/lampada-da-tavolo-per-trattamenti-glow-l03-bianca\/#breadcrumb"},"inLanguage":"en-GB","potentialAction":[{"@type":"ReadAction","target":["https:\/\/salonforall.it\/lampada-da-tavolo-per-trattamenti-glow-l03-bianca\/"]}]},{"@type":"ImageObject","inLanguage":"en-GB","@id":"https:\/\/salonforall.it\/lampada-da-tavolo-per-trattamenti-glow-l03-bianca\/#primaryimage","url":"https:\/\/salonforall.it\/wp-content\/uploads\/2025\/12\/Lampada-Da-Tavolo-Per-Trattamenti-Glow-L03-Bianca-1.jpg","contentUrl":"https:\/\/salonforall.it\/wp-content\/uploads\/2025\/12\/Lampada-Da-Tavolo-Per-Trattamenti-Glow-L03-Bianca-1.jpg","width":1200,"height":1200,"caption":"Lampada Da Tavolo Per Trattamenti Glow L03 Bianca"},{"@type":"BreadcrumbList","@id":"https:\/\/salonforall.it\/lampada-da-tavolo-per-trattamenti-glow-l03-bianca\/#breadcrumb","itemListElement":[{"@type":"ListItem","position":1,"name":"Home","item":"https:\/\/salonforall.it\/"},{"@type":"ListItem","position":2,"name":"Winkel","item":"https:\/\/salonforall.it\/winkel\/"},{"@type":"ListItem","position":3,"name":"Lampada Da Tavolo Per Trattamenti Glow L03 Bianca"}]},{"@type":"WebSite","@id":"https:\/\/salonforall.it\/#website","url":"https:\/\/salonforall.it\/","name":"Salon For All Italia","description":"Grossista di mobili e forniture per studi medici e saloni","publisher":{"@id":"https:\/\/salonforall.it\/#organization"},"potentialAction":[{"@type":"SearchAction","target":{"@type":"EntryPoint","urlTemplate":"https:\/\/salonforall.it\/?s={search_term_string}"},"query-input":{"@type":"PropertyValueSpecification","valueRequired":true,"valueName":"search_term_string"}}],"inLanguage":"en-GB"},{"@type":"Organization","@id":"https:\/\/salonforall.it\/#organization","name":"Salon For All Italia","url":"https:\/\/salonforall.it\/","logo":{"@type":"ImageObject","inLanguage":"en-GB","@id":"https:\/\/salonforall.it\/#\/schema\/logo\/image\/","url":"https:\/\/salonforall.it\/wp-content\/uploads\/2025\/11\/logo-salon-for-all-e1764543264615.png","contentUrl":"https:\/\/salonforall.it\/wp-content\/uploads\/2025\/11\/logo-salon-for-all-e1764543264615.png","width":500,"height":150,"caption":"Salon For All Italia"},"image":{"@id":"https:\/\/salonforall.it\/#\/schema\/logo\/image\/"}}]}},"_links":{"self":[{"href":"https:\/\/salonforall.it\/en\/wp-json\/wp\/v2\/product\/19169","targetHints":{"allow":["GET"]}}],"collection":[{"href":"https:\/\/salonforall.it\/en\/wp-json\/wp\/v2\/product"}],"about":[{"href":"https:\/\/salonforall.it\/en\/wp-json\/wp\/v2\/types\/product"}],"replies":[{"embeddable":true,"href":"https:\/\/salonforall.it\/en\/wp-json\/wp\/v2\/comments?post=19169"}],"wp:featuredmedia":[{"embeddable":true,"href":"https:\/\/salonforall.it\/en\/wp-json\/wp\/v2\/media\/19170"}],"wp:attachment":[{"href":"https:\/\/salonforall.it\/en\/wp-json\/wp\/v2\/media?parent=19169"}],"wp:term":[{"taxonomy":"product_brand","embeddable":true,"href":"https:\/\/salonforall.it\/en\/wp-json\/wp\/v2\/product_brand?post=19169"},{"taxonomy":"product_cat","embeddable":true,"href":"https:\/\/salonforall.it\/en\/wp-json\/wp\/v2\/product_cat?post=19169"},{"taxonomy":"product_tag","embeddable":true,"href":"https:\/\/salonforall.it\/en\/wp-json\/wp\/v2\/product_tag?post=19169"}],"curies":[{"name":"wp","href":"https:\/\/api.w.org\/{rel}","templated":true}]}}