{"id":19249,"date":"2025-12-03T17:21:08","date_gmt":"2025-12-03T17:21:08","guid":{"rendered":"https:\/\/salonforall.it\/cappuccio-abrasivo-exo-blu-medio-13-mm-80-20-pezzi-cappuccio-rigido\/"},"modified":"2026-05-14T02:17:27","modified_gmt":"2026-05-14T02:17:27","slug":"cappuccio-abrasivo-exo-blu-medio-13-mm-80-20-pezzi-cappuccio-rigido","status":"publish","type":"product","link":"https:\/\/salonforall.it\/en\/cappuccio-abrasivo-exo-blu-medio-13-mm-80-20-pezzi-cappuccio-rigido\/","title":{"rendered":"Cappuccio Abrasivo Exo Blu Medio 13 Mm \/80 20 Pezzi Cappuccio Rigido"},"content":{"rendered":"<h2>Informazioni su Cappuccio Abrasivo Exo Blu Medio 13 Mm \/80 20 Pezzi Cappuccio Rigido con codice articolo 149688<\/h2>\n<p><strong>EXO<\/strong> \u00e8 un marchio che fornisce prodotti di altissima qualit\u00e0 per il settore della cosmetologia e della podologia. Si distingue per l&#8217;eccezionale attenzione allo sviluppo della sua offerta, al fine di soddisfare le esigenze dei clienti. Attrezzature e accessori professionali, tra cui frese per unghie, miglioreranno il comfort dei trattamenti grazie alla loro lavorazione di alta qualit\u00e0.<\/p>\n<h2><strong>Igiene ed efficienza lavorativa<\/strong><\/h2>\n<p>I cappucci abrasivi impermeabili Exo Blue Hard Cap con anima in plastica sono perfetti per il lavoro dei podologi, consentendo una preparazione efficiente dell&#8217;epidermide anche su ampie superfici. Sono progettati specificamente per pedicure, manicure e procedure podologiche. Sono facili da usare e non causano alcuna difficolt\u00e0, grazie al composito interno che garantisce durata e comfort di lavoro. Il cumulo di corindone cosmetico consente una rimozione rapida e semplice di epidermide cheratinizzata, calli, duroni e cura dei metatarsi. \u00c8 caratterizzato da parametri appropriati, che garantiscono una temperatura di levigatura pi\u00f9 bassa, riducendo il riscaldamento e aumentando il comfort della procedura. Le capsule aderiscono perfettamente al supporto, consentendo un&#8217;abrasione <strong>accurata, indolore e precisa<\/strong> della superficie.<\/p>\n<h2><strong>Spessore della grana abrasiva:<\/strong><\/h2>\n<p>Gradazione 60 \u2013 grana molto grossa \u2013 per la rimozione di calli spessi<br \/><strong>Gradazione 80 \u2013 grana grossa \u2013 per la rimozione di calli<\/strong><br \/>Gradazione 150 \u2013 grana media \u2013 per la levigatura della pelle<br \/>Gradazione 220 \u2013 grana fine \u2013 per la levigatura finale della superficie<\/p>\n<h2><strong>Modalit\u00e0 d&#8217;uso:<\/strong><\/h2>\n<p>\u2022 Posizionare la capsula sul supporto e premerla verso il basso,<br \/>\u2022 Assicurarsi che la capsula tenga mentre il supporto ruota,<br \/>\u2022 Eseguire il trattamento selezionato,<br \/>\u2022 Gettare la capsula usata.<\/p>\n<p>La confezione contiene 20 pezzi.<br \/>Cappucci abrasivi con una dimensione di 13 mm non deve funzionare a velocit\u00e0 superiori a 10.000 giri\/min. A velocit\u00e0 superiori, potrebbero verificarsi vibrazioni nel micromotore e ridurne la durata.<\/p>\n<p><strong>Dati:<\/strong><br \/>Gradazione: 80<br \/>Diametro del cappuccio: 13 mm<br \/>Tipo di abrasivo: corindone cosmetico<br \/>Nucleo: cappuccio rigido composito<br \/>Colore: blu<\/p>\n<p>I prodotti Activeshop sono proporzionalmente pi\u00f9 economici di molti altri marchi\/fornitori. Il prezzo \u00e8 proporzionato alla qualit\u00e0. Cappuccio Abrasivo Exo Blu Medio 13 Mm \/80 20 Pezzi Cappuccio Rigido \u00e8 quindi una soluzione accessibile per il tuo salone.<\/p>\n<h2>Come viene consegnato Cappuccio Abrasivo Exo Blu Medio 13 Mm \/80 20 Pezzi Cappuccio Rigido?<\/h2>\n<p>Cappuccio Abrasivo Exo Blu Medio 13 Mm \/80 20 Pezzi Cappuccio Rigido viene consegnato nella confezione originale. In Italia la spedizione di Cappuccio Abrasivo Exo Blu Medio 13 Mm \/80 20 Pezzi Cappuccio Rigido \u00e8 completamente gratuita per ordini a partire da 100,- euro. Per spedizioni verso altri paesi si applicano tariffe di spedizione separate. Puoi richiedere queste tariffe o trovarle nel carrello. Cappuccio Abrasivo Exo Blu Medio 13 Mm \/80 20 Pezzi Cappuccio Rigido viene spedito tramite un corriere esterno.<\/p>\n<p>I pacchi o i pallet vengono consegnati di serie fino alla soglia della porta d&#8217;ingresso, anche se ti trovi in un edificio collettivo, condominio o complesso residenziale con ascensore (a condizione che l&#8217;articolo entri nell&#8217;ascensore). Non c&#8217;\u00e8 un ascensore o l&#8217;articolo non entra nell&#8217;ascensore? Allora consegniamo fino alla soglia del piano terra.<\/p>\n<p>Hai ancora domande sulla consegna o una situazione particolare? Contattaci e saremo lieti di aiutarti!<\/p>\n<p>*Gli articoli non vengono disimballati o montati di serie. In situazioni particolari puoi contattarci per fare accordi in merito.<\/p>\n<h2>Acquisti online sicuri su Salon For All con il marchio di qualit\u00e0 Webwinkelkeur e crittografia SSL<\/h2>\n<p>\u00c8 importante per noi che i nostri clienti possano fare acquisti online in sicurezza. Siamo affiliati al marchio di qualit\u00e0 nazionale Webwinkelkeur dal 2019. La nostra identit\u00e0 \u00e8 stata controllata e verificata da loro e il negozio online \u00e8 stato controllato e approvato legalmente. Inoltre, il nostro negozio online \u00e8 affiliato a loro per la mediazione delle controversie. Puoi vedere il badge con tutte le informazioni di questo marchio di qualit\u00e0 del negozio online sul lato sinistro o destro del negozio online (pulsante rosa con bianco). Inoltre, il nostro sito \u00e8 protetto con un certificato SSL in modo da poter navigare in sicurezza. Nella barra del tuo browser Internet, dove \u00e8 indicato il nostro sito web, vedrai un&#8217;icona a forma di lucchetto. Se clicchi sul lucchetto, otterrai tutte le informazioni sulla nostra sicurezza. In questo modo sai che il tuo ordine di Cappuccio Abrasivo Exo Blu Medio 13 Mm \/80 20 Pezzi Cappuccio Rigido e i tuoi dati personali vengono elaborati in modo sicuro.<\/p>\n<h2>Come posso pagare Cappuccio Abrasivo Exo Blu Medio 13 Mm \/80 20 Pezzi Cappuccio Rigido?<\/h2>\n<p>Vogliamo renderti le cose il pi\u00f9 semplici possibile. Ecco perch\u00e9 su Salon For All puoi pagare con tutti i metodi di pagamento noti e comuni. Pagare in anticipo, alla consegna o in seguito; tutto \u00e8 possibile. Vedi qui tutti i metodi di pagamento che offriamo:<\/p>\n<ul>\n<li>iDEAL<\/li>\n<li>Carta di credito (Visa, Mastercard, American Express)<\/li>\n<li>Klarna &#8211; Pagamento posticipato con fattura<\/li>\n<li>PayPal<\/li>\n<li>Apple Pay<\/li>\n<li>Google Pay<\/li>\n<li>Bancontact<\/li>\n<li>Bonifico bancario SEPA<\/li>\n<li>MyBank (per clienti italiani)<\/li>\n<li>Fattura aziendale per imprese<\/li>\n<li>Pagamento nello showroom &#8211; Sia carta che contanti (Disponibile solo per il ritiro)<\/li>\n<\/ul>\n<h2>Consulta anche le recensioni di Salon For All<\/h2>\n<p>Consulta anche le nostre recensioni per tenere conto delle esperienze dei nostri clienti attuali nella tua decisione di ordinare Cappuccio Abrasivo Exo Blu Medio 13 Mm \/80 20 Pezzi Cappuccio Rigido da noi. Attraverso il nostro marchio di qualit\u00e0 indipendente del negozio online Webwinkelkeur, vengono raccolte automaticamente recensioni verificate di clienti che hanno completato un ordine con noi. Puoi trovarle dietro il pulsante rosa sul nostro negozio online o sono elencate sotto i prodotti.<\/p>\n<p>Condividi anche la tua esperienza dopo il tuo acquisto con il tuo Cappuccio Abrasivo Exo Blu Medio 13 Mm \/80 20 Pezzi Cappuccio Rigido ordinato e la tua esperienza con il processo di acquisto o il contatto con Salon For All per ispirare gli altri!<\/p>\n<h2>Contatto con Salon For All<\/h2>\n<p>Contattaci allora. Saremo lieti di aiutarti con l&#8217;acquisto di Cappuccio Abrasivo Exo Blu Medio 13 Mm \/80 20 Pezzi Cappuccio Rigido. Nei giorni feriali siamo raggiungibili al meglio tra le 8.30 e le 17.00 tramite il numero di telefono e l&#8217;indirizzo e-mail nella parte superiore del negozio online o tramite la funzione chat. Le domande al di fuori dell&#8217;orario d&#8217;ufficio vengono generalmente risposte entro 24 ore. \u00c8 anche possibile venirci a trovare al di fuori dei giorni feriali o dell&#8217;orario d&#8217;ufficio. Ma per questo \u00e8 necessario prendere un appuntamento in anticipo.<\/p>\n<h2>Vuoi venire nel nostro showroom?<\/h2>\n<p>Preferisci vedere Cappuccio Abrasivo Exo Blu Medio 13 Mm \/80 20 Pezzi Cappuccio Rigido o esplorare la nostra offerta del negozio (online) insieme al nostro collega? Allora vieni nel nostro showroom con oltre 1000m\u00b2 di arredamento per saloni e lasciati ispirare dai nostri dipendenti. Anche se ti piace fare conoscenza in modo piacevole gustando una buona tazza di caff\u00e8 o t\u00e8, sei il benvenuto. Non abbiamo tutti i prodotti disponibili, quindi faccici sapere in anticipo che vuoi venire. Prendi sempre un appuntamento in anticipo.<\/p>\n<h2>14 giorni di riflessione e la nostra politica di reso<\/h2>\n<p>Naturalmente pu\u00f2 succedere che Cappuccio Abrasivo Exo Blu Medio 13 Mm \/80 20 Pezzi Cappuccio Rigido consegnato non sia completamente di tuo gradimento e tu voglia restituirlo. Questo non \u00e8 assolutamente un problema con Salon For All. Devi segnalare il tuo reso entro 14 giorni lavorativi tramite <a href=\"mailto:info@salonforall.com\">info@salonforall.it<\/a>. Riceverai quindi prima tutte le istruzioni e condizioni di reso. Si prega di notare che Cappuccio Abrasivo Exo Blu Medio 13 Mm \/80 20 Pezzi Cappuccio Rigido non deve essere stato utilizzato, deve contenere tutte le parti fornite e deve essere restituito imballato nella confezione originale. I costi di spedizione per un reso sono sempre a carico dell&#8217;acquirente per gli acquisti tramite www.salonforall.it. Devi organizzare tu stesso un trasporto presso un corriere di tua scelta per un reso. Una volta che Cappuccio Abrasivo Exo Blu Medio 13 Mm \/80 20 Pezzi Cappuccio Rigido \u00e8 stato restituito, verr\u00e0 controllato per completezza e danni. Una volta che il reso \u00e8 stato approvato, l&#8217;importo di acquisto verr\u00e0 rimborsato entro 5 giorni lavorativi sul conto bancario da noi conosciuto.<\/p>\n<h2>Chi \u00e8 Salon For All?<\/h2>\n<p>Salon For All \u00e8 IL grossista per ogni arredamento di saloni in Europa. Salon For All \u00e8 iniziato nel 2003 con il nome Salonvoordeel ed \u00e8 nato dalla pratica. I proprietari di Salon For All erano parrucchieri e specialisti della bellezza esperti e hanno insieme oltre 30 anni di esperienza pratica. Nel 2003 abbiamo lanciato Salonvoordeel.nl (Paesi Bassi) e successivamente \u00e8 stato fondato Salon For All per il mercato europeo. Alcuni dei nostri dipendenti hanno avviato una propria attivit\u00e0 e cos\u00ec \u00e8 nata l&#8217;idea di avviare un negozio online funzionale per parrucchieri e aiutarli con l&#8217;arredamento del loro salone.<\/p>\n<p>Il nostro showroom si trova a Dinxperlo, direttamente al confine tra i Paesi Bassi e la Germania. Con la nostra pluriennale esperienza nel settore possiamo farti da specchio e fornirti la giusta consulenza. Parliamo la stessa lingua! Ti consigliamo, ispiriamo, motiviamo e ti aiutiamo nell&#8217;acquisto di Cappuccio Abrasivo Exo Blu Medio 13 Mm \/80 20 Pezzi Cappuccio Rigido. I nostri fornitori si trovano in tutta Europa, dalla Germania, Inghilterra, Italia fino alla Polonia.<\/p>","protected":false},"excerpt":{"rendered":"<p>Il prodotto Cappuccio Abrasivo Exo Blu Medio 13 Mm \/80 20 Pezzi Cappuccio Rigido \u00e8 una soluzione conveniente per qualsiasi salone o studio professionale. Il tempo di consegna previsto \u00e8 di circa 6 giorni lavorativi.<\/p>","protected":false},"featured_media":19250,"comment_status":"open","ping_status":"open","template":"","meta":[],"product_brand":[288],"product_cat":[1463,535],"product_tag":[1464,537],"class_list":{"0":"post-19249","1":"product","2":"type-product","3":"status-publish","4":"has-post-thumbnail","6":"product_brand-exo","7":"product_cat-cappucci-abrasivi","8":"product_cat-frese-e-punte-per-unghie","9":"product_tag-cappucci-abrasivi","10":"product_tag-frese-e-punte-per-unghie","11":"pa_codice-ean-6283","12":"pa_garanzia-12-mesi","13":"pa_marca-exo","14":"pa_numero-dellarticolo-6282","15":"pa_tempo-di-consegna-stimato-3-4-giorni-lavorativi","17":"first","18":"instock","19":"sale","20":"taxable","21":"shipping-taxable","22":"purchasable","23":"product-type-simple"},"yoast_head":"<!-- This site is optimized with the Yoast SEO plugin v27.5 - https:\/\/yoast.com\/product\/yoast-seo-wordpress\/ -->\n<title>Cappuccio Abrasivo Exo Blu Medio 13 Mm \/80 20 Pezzi Cappuccio Rigido acquistare<\/title>\n<meta name=\"description\" content=\"Acquista Cappuccio Abrasivo Exo Blu Medio 13 Mm \/80 20 Pezzi Cappuccio Rigido online o nello showroom da Salon For All Italia. Il grossista per saloni, studi e spa in Italia e Svizzera.\" \/>\n<meta name=\"robots\" content=\"index, follow, max-snippet:-1, max-image-preview:large, max-video-preview:-1\" \/>\n<link rel=\"canonical\" href=\"https:\/\/salonforall.it\/en\/cappuccio-abrasivo-exo-blu-medio-13-mm-80-20-pezzi-cappuccio-rigido\/\" \/>\n<meta property=\"og:locale\" content=\"en_GB\" \/>\n<meta property=\"og:type\" content=\"article\" \/>\n<meta property=\"og:title\" content=\"Cappuccio Abrasivo Exo Blu Medio 13 Mm \/80 20 Pezzi Cappuccio Rigido\" \/>\n<meta property=\"og:description\" content=\"Acquista Cappuccio Abrasivo Exo Blu Medio 13 Mm \/80 20 Pezzi Cappuccio Rigido online o nello showroom da Salon For All Italia. Il grossista per saloni, studi e spa in Italia e Svizzera.\" \/>\n<meta property=\"og:url\" content=\"https:\/\/salonforall.it\/en\/cappuccio-abrasivo-exo-blu-medio-13-mm-80-20-pezzi-cappuccio-rigido\/\" \/>\n<meta property=\"og:site_name\" content=\"Salon For All Italia\" \/>\n<meta property=\"article:modified_time\" content=\"2026-05-14T02:17:27+00:00\" \/>\n<meta property=\"og:image\" content=\"https:\/\/salonforall.it\/wp-content\/uploads\/2025\/12\/Cappuccio-Abrasivo-Exo-Blu-Medio-13-Mm-80-20-Pezzi-Cappuccio-Rigido-1.jpg\" \/>\n\t<meta property=\"og:image:width\" content=\"1200\" \/>\n\t<meta property=\"og:image:height\" content=\"1200\" \/>\n\t<meta property=\"og:image:type\" content=\"image\/jpeg\" \/>\n<meta name=\"twitter:card\" content=\"summary_large_image\" \/>\n<meta name=\"twitter:title\" content=\"Cappuccio Abrasivo Exo Blu Medio 13 Mm \/80 20 Pezzi Cappuccio Rigido\" \/>\n<meta name=\"twitter:label1\" content=\"Estimated reading time\" \/>\n\t<meta name=\"twitter:data1\" content=\"7 minutes\" \/>\n<script type=\"application\/ld+json\" class=\"yoast-schema-graph\">{\"@context\":\"https:\\\/\\\/schema.org\",\"@graph\":[{\"@type\":\"WebPage\",\"@id\":\"https:\\\/\\\/salonforall.it\\\/cappuccio-abrasivo-exo-blu-medio-13-mm-80-20-pezzi-cappuccio-rigido\\\/\",\"url\":\"https:\\\/\\\/salonforall.it\\\/cappuccio-abrasivo-exo-blu-medio-13-mm-80-20-pezzi-cappuccio-rigido\\\/\",\"name\":\"Cappuccio Abrasivo Exo Blu Medio 13 Mm \\\/80 20 Pezzi Cappuccio Rigido acquistare\",\"isPartOf\":{\"@id\":\"https:\\\/\\\/salonforall.it\\\/#website\"},\"primaryImageOfPage\":{\"@id\":\"https:\\\/\\\/salonforall.it\\\/cappuccio-abrasivo-exo-blu-medio-13-mm-80-20-pezzi-cappuccio-rigido\\\/#primaryimage\"},\"image\":{\"@id\":\"https:\\\/\\\/salonforall.it\\\/cappuccio-abrasivo-exo-blu-medio-13-mm-80-20-pezzi-cappuccio-rigido\\\/#primaryimage\"},\"thumbnailUrl\":\"https:\\\/\\\/salonforall.it\\\/wp-content\\\/uploads\\\/2025\\\/12\\\/Cappuccio-Abrasivo-Exo-Blu-Medio-13-Mm-80-20-Pezzi-Cappuccio-Rigido-1.jpg\",\"datePublished\":\"2025-12-03T17:21:08+00:00\",\"dateModified\":\"2026-05-14T02:17:27+00:00\",\"description\":\"Acquista Cappuccio Abrasivo Exo Blu Medio 13 Mm \\\/80 20 Pezzi Cappuccio Rigido online o nello showroom da Salon For All Italia. Il grossista per saloni, studi e spa in Italia e Svizzera.\",\"breadcrumb\":{\"@id\":\"https:\\\/\\\/salonforall.it\\\/cappuccio-abrasivo-exo-blu-medio-13-mm-80-20-pezzi-cappuccio-rigido\\\/#breadcrumb\"},\"inLanguage\":\"en-GB\",\"potentialAction\":[{\"@type\":\"ReadAction\",\"target\":[\"https:\\\/\\\/salonforall.it\\\/cappuccio-abrasivo-exo-blu-medio-13-mm-80-20-pezzi-cappuccio-rigido\\\/\"]}]},{\"@type\":\"ImageObject\",\"inLanguage\":\"en-GB\",\"@id\":\"https:\\\/\\\/salonforall.it\\\/cappuccio-abrasivo-exo-blu-medio-13-mm-80-20-pezzi-cappuccio-rigido\\\/#primaryimage\",\"url\":\"https:\\\/\\\/salonforall.it\\\/wp-content\\\/uploads\\\/2025\\\/12\\\/Cappuccio-Abrasivo-Exo-Blu-Medio-13-Mm-80-20-Pezzi-Cappuccio-Rigido-1.jpg\",\"contentUrl\":\"https:\\\/\\\/salonforall.it\\\/wp-content\\\/uploads\\\/2025\\\/12\\\/Cappuccio-Abrasivo-Exo-Blu-Medio-13-Mm-80-20-Pezzi-Cappuccio-Rigido-1.jpg\",\"width\":1200,\"height\":1200,\"caption\":\"Cappuccio Abrasivo Exo Blu Medio 13 Mm \\\/80 20 Pezzi Cappuccio Rigido\"},{\"@type\":\"BreadcrumbList\",\"@id\":\"https:\\\/\\\/salonforall.it\\\/cappuccio-abrasivo-exo-blu-medio-13-mm-80-20-pezzi-cappuccio-rigido\\\/#breadcrumb\",\"itemListElement\":[{\"@type\":\"ListItem\",\"position\":1,\"name\":\"Home\",\"item\":\"https:\\\/\\\/salonforall.it\\\/\"},{\"@type\":\"ListItem\",\"position\":2,\"name\":\"Winkel\",\"item\":\"https:\\\/\\\/salonforall.it\\\/winkel\\\/\"},{\"@type\":\"ListItem\",\"position\":3,\"name\":\"Cappuccio Abrasivo Exo Blu Medio 13 Mm \\\/80 20 Pezzi Cappuccio Rigido\"}]},{\"@type\":\"WebSite\",\"@id\":\"https:\\\/\\\/salonforall.it\\\/#website\",\"url\":\"https:\\\/\\\/salonforall.it\\\/\",\"name\":\"Salon For All Italia\",\"description\":\"Grossista di mobili e forniture per studi medici e saloni\",\"publisher\":{\"@id\":\"https:\\\/\\\/salonforall.it\\\/#organization\"},\"potentialAction\":[{\"@type\":\"SearchAction\",\"target\":{\"@type\":\"EntryPoint\",\"urlTemplate\":\"https:\\\/\\\/salonforall.it\\\/?s={search_term_string}\"},\"query-input\":{\"@type\":\"PropertyValueSpecification\",\"valueRequired\":true,\"valueName\":\"search_term_string\"}}],\"inLanguage\":\"en-GB\"},{\"@type\":\"Organization\",\"@id\":\"https:\\\/\\\/salonforall.it\\\/#organization\",\"name\":\"Salon For All Italia\",\"url\":\"https:\\\/\\\/salonforall.it\\\/\",\"logo\":{\"@type\":\"ImageObject\",\"inLanguage\":\"en-GB\",\"@id\":\"https:\\\/\\\/salonforall.it\\\/#\\\/schema\\\/logo\\\/image\\\/\",\"url\":\"https:\\\/\\\/salonforall.it\\\/wp-content\\\/uploads\\\/2025\\\/11\\\/logo-salon-for-all-e1764543264615.png\",\"contentUrl\":\"https:\\\/\\\/salonforall.it\\\/wp-content\\\/uploads\\\/2025\\\/11\\\/logo-salon-for-all-e1764543264615.png\",\"width\":500,\"height\":150,\"caption\":\"Salon For All Italia\"},\"image\":{\"@id\":\"https:\\\/\\\/salonforall.it\\\/#\\\/schema\\\/logo\\\/image\\\/\"}}]}<\/script>\n<!-- \/ Yoast SEO plugin. -->","yoast_head_json":{"title":"Cappuccio Abrasivo Exo Blu Medio 13 Mm \/80 20 Pezzi Cappuccio Rigido acquistare","description":"Acquista Cappuccio Abrasivo Exo Blu Medio 13 Mm \/80 20 Pezzi Cappuccio Rigido online o nello showroom da Salon For All Italia. Il grossista per saloni, studi e spa in Italia e Svizzera.","robots":{"index":"index","follow":"follow","max-snippet":"max-snippet:-1","max-image-preview":"max-image-preview:large","max-video-preview":"max-video-preview:-1"},"canonical":"https:\/\/salonforall.it\/en\/cappuccio-abrasivo-exo-blu-medio-13-mm-80-20-pezzi-cappuccio-rigido\/","og_locale":"en_GB","og_type":"article","og_title":"Cappuccio Abrasivo Exo Blu Medio 13 Mm \/80 20 Pezzi Cappuccio Rigido","og_description":"Acquista Cappuccio Abrasivo Exo Blu Medio 13 Mm \/80 20 Pezzi Cappuccio Rigido online o nello showroom da Salon For All Italia. Il grossista per saloni, studi e spa in Italia e Svizzera.","og_url":"https:\/\/salonforall.it\/en\/cappuccio-abrasivo-exo-blu-medio-13-mm-80-20-pezzi-cappuccio-rigido\/","og_site_name":"Salon For All Italia","article_modified_time":"2026-05-14T02:17:27+00:00","og_image":[{"width":1200,"height":1200,"url":"https:\/\/salonforall.it\/wp-content\/uploads\/2025\/12\/Cappuccio-Abrasivo-Exo-Blu-Medio-13-Mm-80-20-Pezzi-Cappuccio-Rigido-1.jpg","type":"image\/jpeg"}],"twitter_card":"summary_large_image","twitter_title":"Cappuccio Abrasivo Exo Blu Medio 13 Mm \/80 20 Pezzi Cappuccio Rigido","twitter_misc":{"Estimated reading time":"7 minutes"},"schema":{"@context":"https:\/\/schema.org","@graph":[{"@type":"WebPage","@id":"https:\/\/salonforall.it\/cappuccio-abrasivo-exo-blu-medio-13-mm-80-20-pezzi-cappuccio-rigido\/","url":"https:\/\/salonforall.it\/cappuccio-abrasivo-exo-blu-medio-13-mm-80-20-pezzi-cappuccio-rigido\/","name":"Cappuccio Abrasivo Exo Blu Medio 13 Mm \/80 20 Pezzi Cappuccio Rigido acquistare","isPartOf":{"@id":"https:\/\/salonforall.it\/#website"},"primaryImageOfPage":{"@id":"https:\/\/salonforall.it\/cappuccio-abrasivo-exo-blu-medio-13-mm-80-20-pezzi-cappuccio-rigido\/#primaryimage"},"image":{"@id":"https:\/\/salonforall.it\/cappuccio-abrasivo-exo-blu-medio-13-mm-80-20-pezzi-cappuccio-rigido\/#primaryimage"},"thumbnailUrl":"https:\/\/salonforall.it\/wp-content\/uploads\/2025\/12\/Cappuccio-Abrasivo-Exo-Blu-Medio-13-Mm-80-20-Pezzi-Cappuccio-Rigido-1.jpg","datePublished":"2025-12-03T17:21:08+00:00","dateModified":"2026-05-14T02:17:27+00:00","description":"Acquista Cappuccio Abrasivo Exo Blu Medio 13 Mm \/80 20 Pezzi Cappuccio Rigido online o nello showroom da Salon For All Italia. Il grossista per saloni, studi e spa in Italia e Svizzera.","breadcrumb":{"@id":"https:\/\/salonforall.it\/cappuccio-abrasivo-exo-blu-medio-13-mm-80-20-pezzi-cappuccio-rigido\/#breadcrumb"},"inLanguage":"en-GB","potentialAction":[{"@type":"ReadAction","target":["https:\/\/salonforall.it\/cappuccio-abrasivo-exo-blu-medio-13-mm-80-20-pezzi-cappuccio-rigido\/"]}]},{"@type":"ImageObject","inLanguage":"en-GB","@id":"https:\/\/salonforall.it\/cappuccio-abrasivo-exo-blu-medio-13-mm-80-20-pezzi-cappuccio-rigido\/#primaryimage","url":"https:\/\/salonforall.it\/wp-content\/uploads\/2025\/12\/Cappuccio-Abrasivo-Exo-Blu-Medio-13-Mm-80-20-Pezzi-Cappuccio-Rigido-1.jpg","contentUrl":"https:\/\/salonforall.it\/wp-content\/uploads\/2025\/12\/Cappuccio-Abrasivo-Exo-Blu-Medio-13-Mm-80-20-Pezzi-Cappuccio-Rigido-1.jpg","width":1200,"height":1200,"caption":"Cappuccio Abrasivo Exo Blu Medio 13 Mm \/80 20 Pezzi Cappuccio Rigido"},{"@type":"BreadcrumbList","@id":"https:\/\/salonforall.it\/cappuccio-abrasivo-exo-blu-medio-13-mm-80-20-pezzi-cappuccio-rigido\/#breadcrumb","itemListElement":[{"@type":"ListItem","position":1,"name":"Home","item":"https:\/\/salonforall.it\/"},{"@type":"ListItem","position":2,"name":"Winkel","item":"https:\/\/salonforall.it\/winkel\/"},{"@type":"ListItem","position":3,"name":"Cappuccio Abrasivo Exo Blu Medio 13 Mm \/80 20 Pezzi Cappuccio Rigido"}]},{"@type":"WebSite","@id":"https:\/\/salonforall.it\/#website","url":"https:\/\/salonforall.it\/","name":"Salon For All Italia","description":"Grossista di mobili e forniture per studi medici e saloni","publisher":{"@id":"https:\/\/salonforall.it\/#organization"},"potentialAction":[{"@type":"SearchAction","target":{"@type":"EntryPoint","urlTemplate":"https:\/\/salonforall.it\/?s={search_term_string}"},"query-input":{"@type":"PropertyValueSpecification","valueRequired":true,"valueName":"search_term_string"}}],"inLanguage":"en-GB"},{"@type":"Organization","@id":"https:\/\/salonforall.it\/#organization","name":"Salon For All Italia","url":"https:\/\/salonforall.it\/","logo":{"@type":"ImageObject","inLanguage":"en-GB","@id":"https:\/\/salonforall.it\/#\/schema\/logo\/image\/","url":"https:\/\/salonforall.it\/wp-content\/uploads\/2025\/11\/logo-salon-for-all-e1764543264615.png","contentUrl":"https:\/\/salonforall.it\/wp-content\/uploads\/2025\/11\/logo-salon-for-all-e1764543264615.png","width":500,"height":150,"caption":"Salon For All Italia"},"image":{"@id":"https:\/\/salonforall.it\/#\/schema\/logo\/image\/"}}]}},"_links":{"self":[{"href":"https:\/\/salonforall.it\/en\/wp-json\/wp\/v2\/product\/19249","targetHints":{"allow":["GET"]}}],"collection":[{"href":"https:\/\/salonforall.it\/en\/wp-json\/wp\/v2\/product"}],"about":[{"href":"https:\/\/salonforall.it\/en\/wp-json\/wp\/v2\/types\/product"}],"replies":[{"embeddable":true,"href":"https:\/\/salonforall.it\/en\/wp-json\/wp\/v2\/comments?post=19249"}],"wp:featuredmedia":[{"embeddable":true,"href":"https:\/\/salonforall.it\/en\/wp-json\/wp\/v2\/media\/19250"}],"wp:attachment":[{"href":"https:\/\/salonforall.it\/en\/wp-json\/wp\/v2\/media?parent=19249"}],"wp:term":[{"taxonomy":"product_brand","embeddable":true,"href":"https:\/\/salonforall.it\/en\/wp-json\/wp\/v2\/product_brand?post=19249"},{"taxonomy":"product_cat","embeddable":true,"href":"https:\/\/salonforall.it\/en\/wp-json\/wp\/v2\/product_cat?post=19249"},{"taxonomy":"product_tag","embeddable":true,"href":"https:\/\/salonforall.it\/en\/wp-json\/wp\/v2\/product_tag?post=19249"}],"curies":[{"name":"wp","href":"https:\/\/api.w.org\/{rel}","templated":true}]}}