{"id":19828,"date":"2025-12-03T17:28:27","date_gmt":"2025-12-03T17:28:27","guid":{"rendered":"https:\/\/salonforall.it\/trapano-portatile-per-unghie-viva-pro-601-brushless\/"},"modified":"2026-04-01T02:59:24","modified_gmt":"2026-04-01T02:59:24","slug":"trapano-portatile-per-unghie-viva-pro-601-brushless","status":"publish","type":"product","link":"https:\/\/salonforall.it\/en\/trapano-portatile-per-unghie-viva-pro-601-brushless\/","title":{"rendered":"Trapano Portatile Per Unghie Viva Pro 601 Brushless"},"content":{"rendered":"<h2>Informazioni su Trapano Portatile Per Unghie Viva Pro 601 Brushless con codice articolo 149673<\/h2>\n<p><img decoding=\"async\" src=\"https:\/\/activeshop.com.pl\/media\/wysiwyg\/product\/149673\/EN_149673_01.jpg\"><\/p>\n<p><strong>VIVA<\/strong> \u00e8 un marchio che offre moderni trapani per manicure che combinano un design futuristico con la facilit\u00e0 d&#8217;uso. Leggeri e piccoli, sono stati creati pensando ai professionisti e agli appassionati di nail styling.<\/p>\n<p><img decoding=\"async\" src=\"https:\/\/activeshop.com.pl\/media\/wysiwyg\/product\/149673\/EN_149673_02.jpg\"><\/p>\n<p><strong>Dispositivo perfetto per le nail stylist in movimento<\/strong><\/p>\n<p>Il compatto <strong>trapano per unghie a batteria VIVA PRO 601<\/strong> \u00e8 un dispositivo professionale <strong>perfetto per le nail stylist in movimento<\/strong>, che consente di lavorare comodamente ovunque. Permette una <strong>preparazione efficiente delle unghie per ulteriori trattamenti<\/strong> e facilita notevolmente la rimozione dei residui di smalto precedente. Consente di lavorare comodamente fino a 10 ore con una singola carica.<\/p>\n<p><img decoding=\"async\" src=\"https:\/\/activeshop.com.pl\/media\/wysiwyg\/product\/149673\/EN_149673_03.jpg\"><\/p>\n<h2><strong>Testina senza spazzole con sistema Twist-Lock<\/strong><\/h2>\n<p><strong>La testina sottile con elementi antiscivolo<\/strong> si adatta perfettamente alla mano, offrendo comfort e precisione di lavoro. <strong>Il corretto bilanciamento e la riduzione delle vibrazioni<\/strong> riducono al minimo l&#8217;affaticamento della mano anche con un uso prolungato. Il sistema Twist-Lock facilita la <strong>sostituzione rapida e semplice delle punte del trapano per unghie<\/strong>, rendendo l&#8217;utilizzo del dispositivo <strong>estremamente semplice e intuitivo<\/strong>, che soddisfer\u00e0 sicuramente anche gli utenti pi\u00f9 esigenti. Inoltre, il <strong>cavo intrecciato<\/strong> garantisce maggiore durata e flessibilit\u00e0, nonch\u00e9 un elevato comfort di lavoro.<\/p>\n<p><img decoding=\"async\" src=\"https:\/\/activeshop.com.pl\/media\/wysiwyg\/product\/149673\/EN_149673_04.jpg\"><\/p>\n<h2><strong>Regolazione della velocit\u00e0 di rotazione e display digitale<\/strong><\/h2>\n<p>La manopola situata nella parte superiore del dispositivo consente di <strong>impostare in modo fluido la velocit\u00e0 della testina fino a 35.000 giri al minuto<\/strong>, consentendo una regolazione ottimale in base alle esigenze individuali e un&#8217;esecuzione confortevole di vari trattamenti. <strong>Il pannello touch<\/strong> consente di arrestare facilmente il dispositivo (funzione pausa) e di cambiare il senso di rotazione, il che fornisce il <strong>pieno controllo sulla fresa per unghie<\/strong> e facilita l&#8217;adattamento del suo funzionamento a servizi specifici. Il display chiaro visualizza lo stato dell&#8217;apparecchiatura:<strong>informa sulla velocit\u00e0 e sulla direzione di rotazione<\/strong>, sullo stato della batteria e sull&#8217;attivazione della pausa.<\/p>\n<p><img decoding=\"async\" src=\"https:\/\/activeshop.com.pl\/media\/wysiwyg\/product\/149673\/EN_149673_05.jpg\"><\/p>\n<h2><strong>Funzionalit\u00e0 precise per un utilizzo confortevole<\/strong><\/h2>\n<p><strong>Il funzionamento silenzioso del trapano per unghie<\/strong> lo rende comodo da usare, senza disturbare la quiete di chi esegue il trattamento o dei clienti. Durante il lavoro, la testina pu\u00f2 essere posizionata in sicurezza sul <strong>supporto dedicato incluso nel set<\/strong>. L&#8217;efficiente batteria ricaricabile a doppio fuoco da 2.000 mAh, di cui \u00e8 dotato il dispositivo, consente un <strong>lavoro ininterrotto fino a 8-10 ore con una singola carica<\/strong>. Il set include una pratica <strong>punta conica in ceramica per fresa per unghie<\/strong>, che garantisce versatilit\u00e0 d&#8217;uso e facilita l&#8217;esecuzione di vari trattamenti.<\/p>\n<p><img decoding=\"async\" src=\"https:\/\/activeshop.com.pl\/media\/wysiwyg\/product\/149673\/EN_149673_06.jpg\"><\/p>\n<h2><strong>Un dispositivo elegante ideale per gli stilisti mobili<\/strong><\/h2>\n<p>La futuristica custodia in metallo nei toni del grigio <strong>garantisce durata e facilit\u00e0 di pulizia<\/strong>, e rappresenta anche un&#8217;aggiunta esteticamente interessante alla postazione di lavoro. <strong>Le dimensioni compatte<\/strong> facilitano lo stoccaggio della fresa per unghie in spazi ristretti e il trasporto, il che \u00e8 particolarmente importante nel caso di servizi mobili. <strong>Elementi antiscivolo<\/strong> sulla parte inferiore del dispositivo e il peso adeguato garantiscono la sua <strong>stabilit\u00e0 durante il funzionamento<\/strong>.&nbsp;<\/p>\n<div class=\"video-container\"><iframe loading=\"lazy\" src=\"https:\/\/www.youtube.com\/embed\/w3DLilqEbfY\" width=\"560\" height=\"315\" frameborder=\"0\" allowfullscreen=\"allowfullscreen\"><\/iframe><\/div>\n<p>Il set include: base per trapano per unghie, testina brushless, supporto per testina in plastica, supporto per la testa, cavo intrecciato per la testina, cavo USB-C, punta conica per trapano per unghie, istruzioni.<\/p>\n<p><strong>Dati:<\/strong><br \/>Colore: tonalit\u00e0 di grigio<br \/>Velocit\u00e0 di rotazione: 35.000 giri\/min<br \/>Testina con meccanismo Twist-Lock<br \/>Peso della testina: 153 g<br \/>Alimentazione: batteria [2*2000mAh]<br \/>Potenza: 48 W<br \/>Garanzia: 12 mesi<\/p>\n<p>I prodotti Activeshop sono proporzionalmente pi\u00f9 economici di molti altri marchi\/fornitori. Il prezzo \u00e8 proporzionato alla qualit\u00e0. Trapano Portatile Per Unghie Viva Pro 601 Brushless \u00e8 quindi una soluzione accessibile per il tuo salone.<\/p>\n<h2>Come viene consegnato Trapano Portatile Per Unghie Viva Pro 601 Brushless?<\/h2>\n<p>Trapano Portatile Per Unghie Viva Pro 601 Brushless viene consegnato nella confezione originale. In Italia la spedizione di Trapano Portatile Per Unghie Viva Pro 601 Brushless \u00e8 completamente gratuita per ordini a partire da 100,- euro. Per spedizioni verso altri paesi si applicano tariffe di spedizione separate. Puoi richiedere queste tariffe o trovarle nel carrello. Trapano Portatile Per Unghie Viva Pro 601 Brushless viene spedito tramite un corriere esterno.<\/p>\n<p>I pacchi o i pallet vengono consegnati di serie fino alla soglia della porta d&#8217;ingresso, anche se ti trovi in un edificio collettivo, condominio o complesso residenziale con ascensore (a condizione che l&#8217;articolo entri nell&#8217;ascensore). Non c&#8217;\u00e8 un ascensore o l&#8217;articolo non entra nell&#8217;ascensore? Allora consegniamo fino alla soglia del piano terra.<\/p>\n<p>Hai ancora domande sulla consegna o una situazione particolare? Contattaci e saremo lieti di aiutarti!<\/p>\n<p>*Gli articoli non vengono disimballati o montati di serie. In situazioni particolari puoi contattarci per fare accordi in merito.<\/p>\n<h2>Acquisti online sicuri su Salon For All con il marchio di qualit\u00e0 Webwinkelkeur e crittografia SSL<\/h2>\n<p>\u00c8 importante per noi che i nostri clienti possano fare acquisti online in sicurezza. Siamo affiliati al marchio di qualit\u00e0 nazionale Webwinkelkeur dal 2019. La nostra identit\u00e0 \u00e8 stata controllata e verificata da loro e il negozio online \u00e8 stato controllato e approvato legalmente. Inoltre, il nostro negozio online \u00e8 affiliato a loro per la mediazione delle controversie. Puoi vedere il badge con tutte le informazioni di questo marchio di qualit\u00e0 del negozio online sul lato sinistro o destro del negozio online (pulsante rosa con bianco). Inoltre, il nostro sito \u00e8 protetto con un certificato SSL in modo da poter navigare in sicurezza. Nella barra del tuo browser Internet, dove \u00e8 indicato il nostro sito web, vedrai un&#8217;icona a forma di lucchetto. Se clicchi sul lucchetto, otterrai tutte le informazioni sulla nostra sicurezza. In questo modo sai che il tuo ordine di Trapano Portatile Per Unghie Viva Pro 601 Brushless e i tuoi dati personali vengono elaborati in modo sicuro.<\/p>\n<h2>Come posso pagare Trapano Portatile Per Unghie Viva Pro 601 Brushless?<\/h2>\n<p>Vogliamo renderti le cose il pi\u00f9 semplici possibile. Ecco perch\u00e9 su Salon For All puoi pagare con tutti i metodi di pagamento noti e comuni. Pagare in anticipo, alla consegna o in seguito; tutto \u00e8 possibile. Vedi qui tutti i metodi di pagamento che offriamo:<\/p>\n<ul>\n<li>iDEAL<\/li>\n<li>Carta di credito (Visa, Mastercard, American Express)<\/li>\n<li>Klarna &#8211; Pagamento posticipato con fattura<\/li>\n<li>PayPal<\/li>\n<li>Apple Pay<\/li>\n<li>Google Pay<\/li>\n<li>Bancontact<\/li>\n<li>Bonifico bancario SEPA<\/li>\n<li>MyBank (per clienti italiani)<\/li>\n<li>Fattura aziendale per imprese<\/li>\n<li>Pagamento nello showroom &#8211; Sia carta che contanti (Disponibile solo per il ritiro)<\/li>\n<\/ul>\n<h2>Consulta anche le recensioni di Salon For All<\/h2>\n<p>Consulta anche le nostre recensioni per tenere conto delle esperienze dei nostri clienti attuali nella tua decisione di ordinare Trapano Portatile Per Unghie Viva Pro 601 Brushless da noi. Attraverso il nostro marchio di qualit\u00e0 indipendente del negozio online Webwinkelkeur, vengono raccolte automaticamente recensioni verificate di clienti che hanno completato un ordine con noi. Puoi trovarle dietro il pulsante rosa sul nostro negozio online o sono elencate sotto i prodotti.<\/p>\n<p>Condividi anche la tua esperienza dopo il tuo acquisto con il tuo Trapano Portatile Per Unghie Viva Pro 601 Brushless ordinato e la tua esperienza con il processo di acquisto o il contatto con Salon For All per ispirare gli altri!<\/p>\n<h2>Contatto con Salon For All<\/h2>\n<p>Contattaci allora. Saremo lieti di aiutarti con l&#8217;acquisto di Trapano Portatile Per Unghie Viva Pro 601 Brushless. Nei giorni feriali siamo raggiungibili al meglio tra le 8.30 e le 17.00 tramite il numero di telefono e l&#8217;indirizzo e-mail nella parte superiore del negozio online o tramite la funzione chat. Le domande al di fuori dell&#8217;orario d&#8217;ufficio vengono generalmente risposte entro 24 ore. \u00c8 anche possibile venirci a trovare al di fuori dei giorni feriali o dell&#8217;orario d&#8217;ufficio. Ma per questo \u00e8 necessario prendere un appuntamento in anticipo.<\/p>\n<h2>Vuoi venire nel nostro showroom?<\/h2>\n<p>Preferisci vedere Trapano Portatile Per Unghie Viva Pro 601 Brushless o esplorare la nostra offerta del negozio (online) insieme al nostro collega? Allora vieni nel nostro showroom con oltre 1000m\u00b2 di arredamento per saloni e lasciati ispirare dai nostri dipendenti. Anche se ti piace fare conoscenza in modo piacevole gustando una buona tazza di caff\u00e8 o t\u00e8, sei il benvenuto. Non abbiamo tutti i prodotti disponibili, quindi faccici sapere in anticipo che vuoi venire. Prendi sempre un appuntamento in anticipo.<\/p>\n<h2>14 giorni di riflessione e la nostra politica di reso<\/h2>\n<p>Naturalmente pu\u00f2 succedere che Trapano Portatile Per Unghie Viva Pro 601 Brushless consegnato non sia completamente di tuo gradimento e tu voglia restituirlo. Questo non \u00e8 assolutamente un problema con Salon For All. Devi segnalare il tuo reso entro 14 giorni lavorativi tramite <a href=\"mailto:info@salonforall.com\">info@salonforall.it<\/a>. Riceverai quindi prima tutte le istruzioni e condizioni di reso. Si prega di notare che Trapano Portatile Per Unghie Viva Pro 601 Brushless non deve essere stato utilizzato, deve contenere tutte le parti fornite e deve essere restituito imballato nella confezione originale. I costi di spedizione per un reso sono sempre a carico dell&#8217;acquirente per gli acquisti tramite www.salonforall.it. Devi organizzare tu stesso un trasporto presso un corriere di tua scelta per un reso. Una volta che Trapano Portatile Per Unghie Viva Pro 601 Brushless \u00e8 stato restituito, verr\u00e0 controllato per completezza e danni. Una volta che il reso \u00e8 stato approvato, l&#8217;importo di acquisto verr\u00e0 rimborsato entro 5 giorni lavorativi sul conto bancario da noi conosciuto.<\/p>\n<h2>Chi \u00e8 Salon For All?<\/h2>\n<p>Salon For All \u00e8 IL grossista per ogni arredamento di saloni in Europa. Salon For All \u00e8 iniziato nel 2003 con il nome Salonvoordeel ed \u00e8 nato dalla pratica. I proprietari di Salon For All erano parrucchieri e specialisti della bellezza esperti e hanno insieme oltre 30 anni di esperienza pratica. Nel 2003 abbiamo lanciato Salonvoordeel.nl (Paesi Bassi) e successivamente \u00e8 stato fondato Salon For All per il mercato europeo. Alcuni dei nostri dipendenti hanno avviato una propria attivit\u00e0 e cos\u00ec \u00e8 nata l&#8217;idea di avviare un negozio online funzionale per parrucchieri e aiutarli con l&#8217;arredamento del loro salone.<\/p>\n<p>Il nostro showroom si trova a Dinxperlo, direttamente al confine tra i Paesi Bassi e la Germania. Con la nostra pluriennale esperienza nel settore possiamo farti da specchio e fornirti la giusta consulenza. Parliamo la stessa lingua! Ti consigliamo, ispiriamo, motiviamo e ti aiutiamo nell&#8217;acquisto di Trapano Portatile Per Unghie Viva Pro 601 Brushless. I nostri fornitori si trovano in tutta Europa, dalla Germania, Inghilterra, Italia fino alla Polonia.<\/p>\n","protected":false},"excerpt":{"rendered":"<p>Il prodotto Trapano Portatile Per Unghie Viva Pro 601 Brushless \u00e8 una soluzione conveniente per qualsiasi salone o studio professionale. Il tempo di consegna previsto \u00e8 di circa 6 giorni lavorativi.<\/p>","protected":false},"featured_media":19829,"comment_status":"open","ping_status":"open","template":"","meta":[],"product_brand":[6457],"product_cat":[535,536],"product_tag":[537,538],"class_list":{"0":"post-19828","1":"product","2":"type-product","3":"status-publish","4":"has-post-thumbnail","6":"product_brand-viva","7":"product_cat-frese-e-punte-per-unghie","8":"product_cat-trapani-per-unghie","9":"product_tag-frese-e-punte-per-unghie","10":"product_tag-trapani-per-unghie","11":"pa_codice-ean-6455","12":"pa_garanzia-12-mesi","13":"pa_marca-viva","14":"pa_numero-dellarticolo-6454","15":"pa_tempo-di-consegna-stimato-3-4-giorni-lavorativi","17":"first","18":"outofstock","19":"sale","20":"taxable","21":"shipping-taxable","22":"purchasable","23":"product-type-simple"},"yoast_head":"<!-- This site is optimized with the Yoast SEO plugin v27.5 - https:\/\/yoast.com\/product\/yoast-seo-wordpress\/ -->\n<title>Trapano Portatile Per Unghie Viva Pro 601 Brushless acquistare<\/title>\n<meta name=\"description\" content=\"Acquista Trapano Portatile Per Unghie Viva Pro 601 Brushless online o nello showroom da Salon For All Italia. Il grossista per saloni, studi e spa in Italia e Svizzera.\" \/>\n<meta name=\"robots\" content=\"index, follow, max-snippet:-1, max-image-preview:large, max-video-preview:-1\" \/>\n<link rel=\"canonical\" href=\"https:\/\/salonforall.it\/en\/trapano-portatile-per-unghie-viva-pro-601-brushless\/\" \/>\n<meta property=\"og:locale\" content=\"en_GB\" \/>\n<meta property=\"og:type\" content=\"article\" \/>\n<meta property=\"og:title\" content=\"Trapano Portatile Per Unghie Viva Pro 601 Brushless\" \/>\n<meta property=\"og:description\" content=\"Acquista Trapano Portatile Per Unghie Viva Pro 601 Brushless online o nello showroom da Salon For All Italia. Il grossista per saloni, studi e spa in Italia e Svizzera.\" \/>\n<meta property=\"og:url\" content=\"https:\/\/salonforall.it\/en\/trapano-portatile-per-unghie-viva-pro-601-brushless\/\" \/>\n<meta property=\"og:site_name\" content=\"Salon For All Italia\" \/>\n<meta property=\"article:modified_time\" content=\"2026-04-01T02:59:24+00:00\" \/>\n<meta property=\"og:image\" content=\"https:\/\/salonforall.it\/wp-content\/uploads\/2025\/12\/Trapano-Portatile-Per-Unghie-Viva-Pro-601-Brushless-1.jpg\" \/>\n\t<meta property=\"og:image:width\" content=\"1200\" \/>\n\t<meta property=\"og:image:height\" content=\"1200\" \/>\n\t<meta property=\"og:image:type\" content=\"image\/jpeg\" \/>\n<meta name=\"twitter:card\" content=\"summary_large_image\" \/>\n<meta name=\"twitter:title\" content=\"Trapano Portatile Per Unghie Viva Pro 601 Brushless\" \/>\n<meta name=\"twitter:label1\" content=\"Estimated reading time\" \/>\n\t<meta name=\"twitter:data1\" content=\"8 minutes\" \/>\n<script type=\"application\/ld+json\" class=\"yoast-schema-graph\">{\"@context\":\"https:\\\/\\\/schema.org\",\"@graph\":[{\"@type\":\"WebPage\",\"@id\":\"https:\\\/\\\/salonforall.it\\\/trapano-portatile-per-unghie-viva-pro-601-brushless\\\/\",\"url\":\"https:\\\/\\\/salonforall.it\\\/trapano-portatile-per-unghie-viva-pro-601-brushless\\\/\",\"name\":\"Trapano Portatile Per Unghie Viva Pro 601 Brushless acquistare\",\"isPartOf\":{\"@id\":\"https:\\\/\\\/salonforall.it\\\/#website\"},\"primaryImageOfPage\":{\"@id\":\"https:\\\/\\\/salonforall.it\\\/trapano-portatile-per-unghie-viva-pro-601-brushless\\\/#primaryimage\"},\"image\":{\"@id\":\"https:\\\/\\\/salonforall.it\\\/trapano-portatile-per-unghie-viva-pro-601-brushless\\\/#primaryimage\"},\"thumbnailUrl\":\"https:\\\/\\\/salonforall.it\\\/wp-content\\\/uploads\\\/2025\\\/12\\\/Trapano-Portatile-Per-Unghie-Viva-Pro-601-Brushless-1.jpg\",\"datePublished\":\"2025-12-03T17:28:27+00:00\",\"dateModified\":\"2026-04-01T02:59:24+00:00\",\"description\":\"Acquista Trapano Portatile Per Unghie Viva Pro 601 Brushless online o nello showroom da Salon For All Italia. Il grossista per saloni, studi e spa in Italia e Svizzera.\",\"breadcrumb\":{\"@id\":\"https:\\\/\\\/salonforall.it\\\/trapano-portatile-per-unghie-viva-pro-601-brushless\\\/#breadcrumb\"},\"inLanguage\":\"en-GB\",\"potentialAction\":[{\"@type\":\"ReadAction\",\"target\":[\"https:\\\/\\\/salonforall.it\\\/trapano-portatile-per-unghie-viva-pro-601-brushless\\\/\"]}]},{\"@type\":\"ImageObject\",\"inLanguage\":\"en-GB\",\"@id\":\"https:\\\/\\\/salonforall.it\\\/trapano-portatile-per-unghie-viva-pro-601-brushless\\\/#primaryimage\",\"url\":\"https:\\\/\\\/salonforall.it\\\/wp-content\\\/uploads\\\/2025\\\/12\\\/Trapano-Portatile-Per-Unghie-Viva-Pro-601-Brushless-1.jpg\",\"contentUrl\":\"https:\\\/\\\/salonforall.it\\\/wp-content\\\/uploads\\\/2025\\\/12\\\/Trapano-Portatile-Per-Unghie-Viva-Pro-601-Brushless-1.jpg\",\"width\":1200,\"height\":1200,\"caption\":\"Trapano Portatile Per Unghie Viva Pro 601 Brushless\"},{\"@type\":\"BreadcrumbList\",\"@id\":\"https:\\\/\\\/salonforall.it\\\/trapano-portatile-per-unghie-viva-pro-601-brushless\\\/#breadcrumb\",\"itemListElement\":[{\"@type\":\"ListItem\",\"position\":1,\"name\":\"Home\",\"item\":\"https:\\\/\\\/salonforall.it\\\/\"},{\"@type\":\"ListItem\",\"position\":2,\"name\":\"Winkel\",\"item\":\"https:\\\/\\\/salonforall.it\\\/winkel\\\/\"},{\"@type\":\"ListItem\",\"position\":3,\"name\":\"Trapano Portatile Per Unghie Viva Pro 601 Brushless\"}]},{\"@type\":\"WebSite\",\"@id\":\"https:\\\/\\\/salonforall.it\\\/#website\",\"url\":\"https:\\\/\\\/salonforall.it\\\/\",\"name\":\"Salon For All Italia\",\"description\":\"Grossista di mobili e forniture per studi medici e saloni\",\"publisher\":{\"@id\":\"https:\\\/\\\/salonforall.it\\\/#organization\"},\"potentialAction\":[{\"@type\":\"SearchAction\",\"target\":{\"@type\":\"EntryPoint\",\"urlTemplate\":\"https:\\\/\\\/salonforall.it\\\/?s={search_term_string}\"},\"query-input\":{\"@type\":\"PropertyValueSpecification\",\"valueRequired\":true,\"valueName\":\"search_term_string\"}}],\"inLanguage\":\"en-GB\"},{\"@type\":\"Organization\",\"@id\":\"https:\\\/\\\/salonforall.it\\\/#organization\",\"name\":\"Salon For All Italia\",\"url\":\"https:\\\/\\\/salonforall.it\\\/\",\"logo\":{\"@type\":\"ImageObject\",\"inLanguage\":\"en-GB\",\"@id\":\"https:\\\/\\\/salonforall.it\\\/#\\\/schema\\\/logo\\\/image\\\/\",\"url\":\"https:\\\/\\\/salonforall.it\\\/wp-content\\\/uploads\\\/2025\\\/11\\\/logo-salon-for-all-e1764543264615.png\",\"contentUrl\":\"https:\\\/\\\/salonforall.it\\\/wp-content\\\/uploads\\\/2025\\\/11\\\/logo-salon-for-all-e1764543264615.png\",\"width\":500,\"height\":150,\"caption\":\"Salon For All Italia\"},\"image\":{\"@id\":\"https:\\\/\\\/salonforall.it\\\/#\\\/schema\\\/logo\\\/image\\\/\"}}]}<\/script>\n<!-- \/ Yoast SEO plugin. -->","yoast_head_json":{"title":"Trapano Portatile Per Unghie Viva Pro 601 Brushless acquistare","description":"Acquista Trapano Portatile Per Unghie Viva Pro 601 Brushless online o nello showroom da Salon For All Italia. Il grossista per saloni, studi e spa in Italia e Svizzera.","robots":{"index":"index","follow":"follow","max-snippet":"max-snippet:-1","max-image-preview":"max-image-preview:large","max-video-preview":"max-video-preview:-1"},"canonical":"https:\/\/salonforall.it\/en\/trapano-portatile-per-unghie-viva-pro-601-brushless\/","og_locale":"en_GB","og_type":"article","og_title":"Trapano Portatile Per Unghie Viva Pro 601 Brushless","og_description":"Acquista Trapano Portatile Per Unghie Viva Pro 601 Brushless online o nello showroom da Salon For All Italia. Il grossista per saloni, studi e spa in Italia e Svizzera.","og_url":"https:\/\/salonforall.it\/en\/trapano-portatile-per-unghie-viva-pro-601-brushless\/","og_site_name":"Salon For All Italia","article_modified_time":"2026-04-01T02:59:24+00:00","og_image":[{"width":1200,"height":1200,"url":"https:\/\/salonforall.it\/wp-content\/uploads\/2025\/12\/Trapano-Portatile-Per-Unghie-Viva-Pro-601-Brushless-1.jpg","type":"image\/jpeg"}],"twitter_card":"summary_large_image","twitter_title":"Trapano Portatile Per Unghie Viva Pro 601 Brushless","twitter_misc":{"Estimated reading time":"8 minutes"},"schema":{"@context":"https:\/\/schema.org","@graph":[{"@type":"WebPage","@id":"https:\/\/salonforall.it\/trapano-portatile-per-unghie-viva-pro-601-brushless\/","url":"https:\/\/salonforall.it\/trapano-portatile-per-unghie-viva-pro-601-brushless\/","name":"Trapano Portatile Per Unghie Viva Pro 601 Brushless acquistare","isPartOf":{"@id":"https:\/\/salonforall.it\/#website"},"primaryImageOfPage":{"@id":"https:\/\/salonforall.it\/trapano-portatile-per-unghie-viva-pro-601-brushless\/#primaryimage"},"image":{"@id":"https:\/\/salonforall.it\/trapano-portatile-per-unghie-viva-pro-601-brushless\/#primaryimage"},"thumbnailUrl":"https:\/\/salonforall.it\/wp-content\/uploads\/2025\/12\/Trapano-Portatile-Per-Unghie-Viva-Pro-601-Brushless-1.jpg","datePublished":"2025-12-03T17:28:27+00:00","dateModified":"2026-04-01T02:59:24+00:00","description":"Acquista Trapano Portatile Per Unghie Viva Pro 601 Brushless online o nello showroom da Salon For All Italia. Il grossista per saloni, studi e spa in Italia e Svizzera.","breadcrumb":{"@id":"https:\/\/salonforall.it\/trapano-portatile-per-unghie-viva-pro-601-brushless\/#breadcrumb"},"inLanguage":"en-GB","potentialAction":[{"@type":"ReadAction","target":["https:\/\/salonforall.it\/trapano-portatile-per-unghie-viva-pro-601-brushless\/"]}]},{"@type":"ImageObject","inLanguage":"en-GB","@id":"https:\/\/salonforall.it\/trapano-portatile-per-unghie-viva-pro-601-brushless\/#primaryimage","url":"https:\/\/salonforall.it\/wp-content\/uploads\/2025\/12\/Trapano-Portatile-Per-Unghie-Viva-Pro-601-Brushless-1.jpg","contentUrl":"https:\/\/salonforall.it\/wp-content\/uploads\/2025\/12\/Trapano-Portatile-Per-Unghie-Viva-Pro-601-Brushless-1.jpg","width":1200,"height":1200,"caption":"Trapano Portatile Per Unghie Viva Pro 601 Brushless"},{"@type":"BreadcrumbList","@id":"https:\/\/salonforall.it\/trapano-portatile-per-unghie-viva-pro-601-brushless\/#breadcrumb","itemListElement":[{"@type":"ListItem","position":1,"name":"Home","item":"https:\/\/salonforall.it\/"},{"@type":"ListItem","position":2,"name":"Winkel","item":"https:\/\/salonforall.it\/winkel\/"},{"@type":"ListItem","position":3,"name":"Trapano Portatile Per Unghie Viva Pro 601 Brushless"}]},{"@type":"WebSite","@id":"https:\/\/salonforall.it\/#website","url":"https:\/\/salonforall.it\/","name":"Salon For All Italia","description":"Grossista di mobili e forniture per studi medici e saloni","publisher":{"@id":"https:\/\/salonforall.it\/#organization"},"potentialAction":[{"@type":"SearchAction","target":{"@type":"EntryPoint","urlTemplate":"https:\/\/salonforall.it\/?s={search_term_string}"},"query-input":{"@type":"PropertyValueSpecification","valueRequired":true,"valueName":"search_term_string"}}],"inLanguage":"en-GB"},{"@type":"Organization","@id":"https:\/\/salonforall.it\/#organization","name":"Salon For All Italia","url":"https:\/\/salonforall.it\/","logo":{"@type":"ImageObject","inLanguage":"en-GB","@id":"https:\/\/salonforall.it\/#\/schema\/logo\/image\/","url":"https:\/\/salonforall.it\/wp-content\/uploads\/2025\/11\/logo-salon-for-all-e1764543264615.png","contentUrl":"https:\/\/salonforall.it\/wp-content\/uploads\/2025\/11\/logo-salon-for-all-e1764543264615.png","width":500,"height":150,"caption":"Salon For All Italia"},"image":{"@id":"https:\/\/salonforall.it\/#\/schema\/logo\/image\/"}}]}},"_links":{"self":[{"href":"https:\/\/salonforall.it\/en\/wp-json\/wp\/v2\/product\/19828","targetHints":{"allow":["GET"]}}],"collection":[{"href":"https:\/\/salonforall.it\/en\/wp-json\/wp\/v2\/product"}],"about":[{"href":"https:\/\/salonforall.it\/en\/wp-json\/wp\/v2\/types\/product"}],"replies":[{"embeddable":true,"href":"https:\/\/salonforall.it\/en\/wp-json\/wp\/v2\/comments?post=19828"}],"wp:featuredmedia":[{"embeddable":true,"href":"https:\/\/salonforall.it\/en\/wp-json\/wp\/v2\/media\/19829"}],"wp:attachment":[{"href":"https:\/\/salonforall.it\/en\/wp-json\/wp\/v2\/media?parent=19828"}],"wp:term":[{"taxonomy":"product_brand","embeddable":true,"href":"https:\/\/salonforall.it\/en\/wp-json\/wp\/v2\/product_brand?post=19828"},{"taxonomy":"product_cat","embeddable":true,"href":"https:\/\/salonforall.it\/en\/wp-json\/wp\/v2\/product_cat?post=19828"},{"taxonomy":"product_tag","embeddable":true,"href":"https:\/\/salonforall.it\/en\/wp-json\/wp\/v2\/product_tag?post=19828"}],"curies":[{"name":"wp","href":"https:\/\/api.w.org\/{rel}","templated":true}]}}