{"id":19998,"date":"2025-12-03T17:30:30","date_gmt":"2025-12-03T17:30:30","guid":{"rendered":"https:\/\/salonforall.it\/poltrona-estetica-elettrica-sillon-classic-3-motori-rosa\/"},"modified":"2026-05-09T02:16:14","modified_gmt":"2026-05-09T02:16:14","slug":"poltrona-estetica-elettrica-sillon-classic-3-motori-rosa","status":"publish","type":"product","link":"https:\/\/salonforall.it\/en\/poltrona-estetica-elettrica-sillon-classic-3-motori-rosa\/","title":{"rendered":"Poltrona Estetica Elettrica Sillon Classic 3 Motori Rosa"},"content":{"rendered":"<h2>Informazioni su Poltrona Estetica Elettrica Sillon Classic 3 Motori Rosa con codice articolo 150221<\/h2>\n<p>Poltrona estetica elettrica SILLON CLASSIC 3 motori grigia <\/p>\n<p><img decoding=\"async\" src=\"https:\/\/activeshop.com.pl\/media\/wysiwyg\/product\/150221\/EN_150221_1.jpg\"><\/p>\n<p>Il marchio <strong>Sillon<\/strong> \u00e8 nato in risposta alle aspettative in costante crescita degli utenti. Le attrezzature offerte, come le poltrone estetiche funzionali, si distinguono per la buona qualit\u00e0 e, allo stesso tempo, per il prezzo accessibile.<\/p>\n<p><img decoding=\"async\" src=\"https:\/\/activeshop.com.pl\/media\/wysiwyg\/product\/150221\/EN_150221_2.jpg\"><\/p>\n<h2><strong>Attrezzatura multifunzionale e di grande effetto<\/strong><\/h2>\n<p><strong>La poltrona estetica elettrica Sillon Classic<\/strong> si distingue per il suo aspetto semplice, il funzionamento intuitivo e la versatilit\u00e0. \u00c8 dotata di <strong>3 attuatori controllati da un telecomando a filo<\/strong>. Si distingue per la seduta ergonomica e la capacit\u00e0 di adattarsi alle esigenze individuali, rendendola perfetta per molti studi specializzati.<\/p>\n<p><img decoding=\"async\" src=\"https:\/\/activeshop.com.pl\/media\/wysiwyg\/product\/150221\/EN_150221_3.jpg\"><\/p>\n<h2><strong>Facile controllo con telecomando<\/strong><\/h2>\n<p>Utilizzando un <strong>telecomando facile da usare<\/strong>, la sedia si regola fluidamente <strong>su 3 livelli<\/strong>: \u00e8 regolabile in altezza, schienale e poggiapiedi. L&#8217;altezza della seduta pu\u00f2 essere regolata <strong>da 61 cm a 84 cm<\/strong> e, quando \u00e8 completamente estesa, la sedia <strong>raggiunge una lunghezza di 2 m<\/strong>. Queste dimensioni consentono all&#8217;apparecchiatura di essere facilmente utilizzata da persone di diverse altezze e di adattarla al trattamento in corso e alle esigenze individuali, il che influisce sia sul comfort dell&#8217;utente che su quello di chi esegue il trattamento. Le maniglie situate su entrambi i lati della seduta consentono di appendere il telecomando in modo che sia sempre a portata di mano.<\/p>\n<p><img decoding=\"async\" src=\"https:\/\/activeshop.com.pl\/media\/wysiwyg\/product\/150221\/EN_150221_4.jpg\"><\/p>\n<h2><strong>Funzionalit\u00e0 per un utilizzo confortevole<\/strong><\/h2>\n<p><strong>Il poggiatesta estensibile<\/strong> aiuta a personalizzare l&#8217;apparecchiatura per utenti di diverse altezze, fornendo un supporto stabile per la testa durante i trattamenti. \u00c8 anche possibile regolare l&#8217;estensione del poggiapiedi, il che \u00e8 particolarmente utile durante i trattamenti eseguiti su persone pi\u00f9 alte, offrendo loro un supporto migliore. <strong>I braccioli sono mobili di 180\u00b0<\/strong>, il che facilita la seduta sulla poltrona e garantisce un comodo accesso per chi esegue la procedura. <strong>Possono essere rimossi facilmente e rapidamente se necessario<\/strong>.<\/p>\n<p><img decoding=\"async\" src=\"https:\/\/activeshop.com.pl\/media\/wysiwyg\/product\/150221\/EN_150221_5.jpg\"><\/p>\n<h2><strong>Seduta dal profilo ergonomico<\/strong><\/h2>\n<p><strong>L&#8217;ampia seduta<\/strong> garantir\u00e0 comfort durante i trattamenti prolungati. L&#8217;opportuna sagomatura della schiuma conferisce alla poltrona <strong>una forma ergonomica<\/strong>. Permette al corpo di essere posizionato comodamente, garantendo un elevato comfort e un <strong>adeguato supporto per la colonna vertebrale<\/strong>. L&#8217;attrezzatura pu\u00f2 essere aperta in posizione divano e, grazie all&#8217;apertura nel poggiatesta nascosta sotto il cuscino, \u00e8 perfetta anche per trattamenti alla schiena o massaggi.<\/p>\n<p><img decoding=\"async\" src=\"https:\/\/activeshop.com.pl\/media\/wysiwyg\/product\/150221\/EN_150221_6.jpg\"><\/p>\n<h2><strong>Eleganza e funzionalit\u00e0<\/strong><\/h2>\n<p>La poltrona \u00e8 imbottita in schiuma sagomata e rivestita in similpelle piacevole al tatto nei toni del rosa. Il materiale utilizzato rende l&#8217;attrezzatura facile da pulire, resistente all&#8217;umidit\u00e0 e a disinfettanti selezionati. Una solida base in materiale resistente nei toni del nero garantisce stabilit\u00e0 durante i trattamenti. I bordi ben profilati conferiscono alla poltrona un aspetto elegante e rendono la seduta ergonomica. <strong>Il design minimalista e semplice e i colori classici<\/strong> le permettono di adattarsi a qualsiasi interno.<\/p>\n<div class=\"video-container\"> <iframe height=\"315\" src=\"https:\/\/www.youtube.com\/embed\/ieQNBovGKGE\" frameborder=\"0\" width=\"560\" allowfullscreen allow=\"accelerometer; autoplay; encrypted-media; gyroscope; picture-in-picture\"> <\/iframe> <\/div>\n<p>Le dimensioni dettagliate della sedia sono riportate nella foto.<br \/><strong>Il set include:<\/strong> sedile con base, telecomando cablato, cuscino poggiatesta, alimentatore.<\/p>\n<p><strong>Dati:<\/strong><br \/>Tipo: elettrico<br \/>Numero di attuatori: 3<br \/>Colore base: tonalit\u00e0 di nero<br \/>Colore rivestimento: tonalit\u00e0 di rosa<br \/>Materiale rivestimento: pelle sintetica<br \/>Imbottitura seduta: schiuma<br \/>Controllo: telecomando controllo<br \/>Potenza: 180 W<br \/>Tensione: 220-240 V<br \/>Garanzia: 12 mesi<\/p>\n<p>I prodotti Activeshop sono proporzionalmente pi\u00f9 economici di molti altri marchi\/fornitori. Il prezzo \u00e8 proporzionato alla qualit\u00e0. Poltrona Estetica Elettrica Sillon Classic 3 Motori Rosa \u00e8 quindi una soluzione accessibile per il tuo salone.<\/p>\n<h2>Come viene consegnato Poltrona Estetica Elettrica Sillon Classic 3 Motori Rosa?<\/h2>\n<p>Poltrona Estetica Elettrica Sillon Classic 3 Motori Rosa viene consegnato nella confezione originale. In Italia la spedizione di Poltrona Estetica Elettrica Sillon Classic 3 Motori Rosa \u00e8 completamente gratuita per ordini a partire da 100,- euro. Per spedizioni verso altri paesi si applicano tariffe di spedizione separate. Puoi richiedere queste tariffe o trovarle nel carrello. Poltrona Estetica Elettrica Sillon Classic 3 Motori Rosa viene spedito tramite un corriere esterno.<\/p>\n<p>I pacchi o i pallet vengono consegnati di serie fino alla soglia della porta d&#8217;ingresso, anche se ti trovi in un edificio collettivo, condominio o complesso residenziale con ascensore (a condizione che l&#8217;articolo entri nell&#8217;ascensore). Non c&#8217;\u00e8 un ascensore o l&#8217;articolo non entra nell&#8217;ascensore? Allora consegniamo fino alla soglia del piano terra.<\/p>\n<p>Hai ancora domande sulla consegna o una situazione particolare? Contattaci e saremo lieti di aiutarti!<\/p>\n<p>*Gli articoli non vengono disimballati o montati di serie. In situazioni particolari puoi contattarci per fare accordi in merito.<\/p>\n<h2>Acquisti online sicuri su Salon For All con il marchio di qualit\u00e0 Webwinkelkeur e crittografia SSL<\/h2>\n<p>\u00c8 importante per noi che i nostri clienti possano fare acquisti online in sicurezza. Siamo affiliati al marchio di qualit\u00e0 nazionale Webwinkelkeur dal 2019. La nostra identit\u00e0 \u00e8 stata controllata e verificata da loro e il negozio online \u00e8 stato controllato e approvato legalmente. Inoltre, il nostro negozio online \u00e8 affiliato a loro per la mediazione delle controversie. Puoi vedere il badge con tutte le informazioni di questo marchio di qualit\u00e0 del negozio online sul lato sinistro o destro del negozio online (pulsante rosa con bianco). Inoltre, il nostro sito \u00e8 protetto con un certificato SSL in modo da poter navigare in sicurezza. Nella barra del tuo browser Internet, dove \u00e8 indicato il nostro sito web, vedrai un&#8217;icona a forma di lucchetto. Se clicchi sul lucchetto, otterrai tutte le informazioni sulla nostra sicurezza. In questo modo sai che il tuo ordine di Poltrona Estetica Elettrica Sillon Classic 3 Motori Rosa e i tuoi dati personali vengono elaborati in modo sicuro.<\/p>\n<h2>Come posso pagare Poltrona Estetica Elettrica Sillon Classic 3 Motori Rosa?<\/h2>\n<p>Vogliamo renderti le cose il pi\u00f9 semplici possibile. Ecco perch\u00e9 su Salon For All puoi pagare con tutti i metodi di pagamento noti e comuni. Pagare in anticipo, alla consegna o in seguito; tutto \u00e8 possibile. Vedi qui tutti i metodi di pagamento che offriamo:<\/p>\n<ul>\n<li>iDEAL<\/li>\n<li>Carta di credito (Visa, Mastercard, American Express)<\/li>\n<li>Klarna &#8211; Pagamento posticipato con fattura<\/li>\n<li>PayPal<\/li>\n<li>Apple Pay<\/li>\n<li>Google Pay<\/li>\n<li>Bancontact<\/li>\n<li>Bonifico bancario SEPA<\/li>\n<li>MyBank (per clienti italiani)<\/li>\n<li>Fattura aziendale per imprese<\/li>\n<li>Pagamento nello showroom &#8211; Sia carta che contanti (Disponibile solo per il ritiro)<\/li>\n<\/ul>\n<h2>Consulta anche le recensioni di Salon For All<\/h2>\n<p>Consulta anche le nostre recensioni per tenere conto delle esperienze dei nostri clienti attuali nella tua decisione di ordinare Poltrona Estetica Elettrica Sillon Classic 3 Motori Rosa da noi. Attraverso il nostro marchio di qualit\u00e0 indipendente del negozio online Webwinkelkeur, vengono raccolte automaticamente recensioni verificate di clienti che hanno completato un ordine con noi. Puoi trovarle dietro il pulsante rosa sul nostro negozio online o sono elencate sotto i prodotti.<\/p>\n<p>Condividi anche la tua esperienza dopo il tuo acquisto con il tuo Poltrona Estetica Elettrica Sillon Classic 3 Motori Rosa ordinato e la tua esperienza con il processo di acquisto o il contatto con Salon For All per ispirare gli altri!<\/p>\n<h2>Contatto con Salon For All<\/h2>\n<p>Contattaci allora. Saremo lieti di aiutarti con l&#8217;acquisto di Poltrona Estetica Elettrica Sillon Classic 3 Motori Rosa. Nei giorni feriali siamo raggiungibili al meglio tra le 8.30 e le 17.00 tramite il numero di telefono e l&#8217;indirizzo e-mail nella parte superiore del negozio online o tramite la funzione chat. Le domande al di fuori dell&#8217;orario d&#8217;ufficio vengono generalmente risposte entro 24 ore. \u00c8 anche possibile venirci a trovare al di fuori dei giorni feriali o dell&#8217;orario d&#8217;ufficio. Ma per questo \u00e8 necessario prendere un appuntamento in anticipo.<\/p>\n<h2>Vuoi venire nel nostro showroom?<\/h2>\n<p>Preferisci vedere Poltrona Estetica Elettrica Sillon Classic 3 Motori Rosa o esplorare la nostra offerta del negozio (online) insieme al nostro collega? Allora vieni nel nostro showroom con oltre 1000m\u00b2 di arredamento per saloni e lasciati ispirare dai nostri dipendenti. Anche se ti piace fare conoscenza in modo piacevole gustando una buona tazza di caff\u00e8 o t\u00e8, sei il benvenuto. Non abbiamo tutti i prodotti disponibili, quindi faccici sapere in anticipo che vuoi venire. Prendi sempre un appuntamento in anticipo.<\/p>\n<h2>14 giorni di riflessione e la nostra politica di reso<\/h2>\n<p>Naturalmente pu\u00f2 succedere che Poltrona Estetica Elettrica Sillon Classic 3 Motori Rosa consegnato non sia completamente di tuo gradimento e tu voglia restituirlo. Questo non \u00e8 assolutamente un problema con Salon For All. Devi segnalare il tuo reso entro 14 giorni lavorativi tramite <a href=\"mailto:info@salonforall.com\">info@salonforall.it<\/a>. Riceverai quindi prima tutte le istruzioni e condizioni di reso. Si prega di notare che Poltrona Estetica Elettrica Sillon Classic 3 Motori Rosa non deve essere stato utilizzato, deve contenere tutte le parti fornite e deve essere restituito imballato nella confezione originale. I costi di spedizione per un reso sono sempre a carico dell&#8217;acquirente per gli acquisti tramite www.salonforall.it. Devi organizzare tu stesso un trasporto presso un corriere di tua scelta per un reso. Una volta che Poltrona Estetica Elettrica Sillon Classic 3 Motori Rosa \u00e8 stato restituito, verr\u00e0 controllato per completezza e danni. Una volta che il reso \u00e8 stato approvato, l&#8217;importo di acquisto verr\u00e0 rimborsato entro 5 giorni lavorativi sul conto bancario da noi conosciuto.<\/p>\n<h2>Chi \u00e8 Salon For All?<\/h2>\n<p>Salon For All \u00e8 IL grossista per ogni arredamento di saloni in Europa. Salon For All \u00e8 iniziato nel 2003 con il nome Salonvoordeel ed \u00e8 nato dalla pratica. I proprietari di Salon For All erano parrucchieri e specialisti della bellezza esperti e hanno insieme oltre 30 anni di esperienza pratica. Nel 2003 abbiamo lanciato Salonvoordeel.nl (Paesi Bassi) e successivamente \u00e8 stato fondato Salon For All per il mercato europeo. Alcuni dei nostri dipendenti hanno avviato una propria attivit\u00e0 e cos\u00ec \u00e8 nata l&#8217;idea di avviare un negozio online funzionale per parrucchieri e aiutarli con l&#8217;arredamento del loro salone.<\/p>\n<p>Il nostro showroom si trova a Dinxperlo, direttamente al confine tra i Paesi Bassi e la Germania. Con la nostra pluriennale esperienza nel settore possiamo farti da specchio e fornirti la giusta consulenza. Parliamo la stessa lingua! Ti consigliamo, ispiriamo, motiviamo e ti aiutiamo nell&#8217;acquisto di Poltrona Estetica Elettrica Sillon Classic 3 Motori Rosa. I nostri fornitori si trovano in tutta Europa, dalla Germania, Inghilterra, Italia fino alla Polonia.<\/p>","protected":false},"excerpt":{"rendered":"<p>Il prodotto Poltrona Estetica Elettrica Sillon Classic 3 Motori Rosa \u00e8 una soluzione conveniente per qualsiasi salone o studio professionale. Il tempo di consegna previsto \u00e8 di circa 6 giorni lavorativi.<\/p>","protected":false},"featured_media":19999,"comment_status":"open","ping_status":"open","template":"","meta":[],"product_brand":[1376],"product_cat":[88,89],"product_tag":[90,91],"class_list":{"0":"post-19998","1":"product","2":"type-product","3":"status-publish","4":"has-post-thumbnail","6":"product_brand-sillon","7":"product_cat-mobili-per-estetica","8":"product_cat-poltrone-per-estetica","9":"product_tag-mobili-per-estetica","10":"product_tag-poltrone-per-estetica","11":"pa_codice-ean-6495","12":"pa_garanzia-12-mesi","13":"pa_marca-sillon","14":"pa_numero-dellarticolo-6494","15":"pa_tempo-di-consegna-stimato-3-4-giorni-lavorativi","17":"first","18":"instock","19":"sale","20":"taxable","21":"shipping-taxable","22":"purchasable","23":"product-type-simple"},"yoast_head":"<!-- This site is optimized with the Yoast SEO plugin v27.5 - https:\/\/yoast.com\/product\/yoast-seo-wordpress\/ -->\n<title>Poltrona Estetica Elettrica Sillon Classic 3 Motori Rosa acquistare<\/title>\n<meta name=\"description\" content=\"Acquista Poltrona Estetica Elettrica Sillon Classic 3 Motori Rosa online o nello showroom da Salon For All Italia. Il grossista per saloni, studi e spa in Italia e Svizzera.\" \/>\n<meta name=\"robots\" content=\"index, follow, max-snippet:-1, max-image-preview:large, max-video-preview:-1\" \/>\n<link rel=\"canonical\" href=\"https:\/\/salonforall.it\/en\/poltrona-estetica-elettrica-sillon-classic-3-motori-rosa\/\" \/>\n<meta property=\"og:locale\" content=\"en_GB\" \/>\n<meta property=\"og:type\" content=\"article\" \/>\n<meta property=\"og:title\" content=\"Poltrona Estetica Elettrica Sillon Classic 3 Motori Rosa\" \/>\n<meta property=\"og:description\" content=\"Acquista Poltrona Estetica Elettrica Sillon Classic 3 Motori Rosa online o nello showroom da Salon For All Italia. Il grossista per saloni, studi e spa in Italia e Svizzera.\" \/>\n<meta property=\"og:url\" content=\"https:\/\/salonforall.it\/en\/poltrona-estetica-elettrica-sillon-classic-3-motori-rosa\/\" \/>\n<meta property=\"og:site_name\" content=\"Salon For All Italia\" \/>\n<meta property=\"article:modified_time\" content=\"2026-05-09T02:16:14+00:00\" \/>\n<meta property=\"og:image\" content=\"https:\/\/salonforall.it\/wp-content\/uploads\/2025\/12\/Poltrona-Estetica-Elettrica-Sillon-Classic-3-Motori-Rosa-1.jpg\" \/>\n\t<meta property=\"og:image:width\" content=\"1200\" \/>\n\t<meta property=\"og:image:height\" content=\"1200\" \/>\n\t<meta property=\"og:image:type\" content=\"image\/jpeg\" \/>\n<meta name=\"twitter:card\" content=\"summary_large_image\" \/>\n<meta name=\"twitter:title\" content=\"Poltrona Estetica Elettrica Sillon Classic 3 Motori Rosa\" \/>\n<meta name=\"twitter:label1\" content=\"Estimated reading time\" \/>\n\t<meta name=\"twitter:data1\" content=\"8 minutes\" \/>\n<script type=\"application\/ld+json\" class=\"yoast-schema-graph\">{\"@context\":\"https:\\\/\\\/schema.org\",\"@graph\":[{\"@type\":\"WebPage\",\"@id\":\"https:\\\/\\\/salonforall.it\\\/poltrona-estetica-elettrica-sillon-classic-3-motori-rosa\\\/\",\"url\":\"https:\\\/\\\/salonforall.it\\\/poltrona-estetica-elettrica-sillon-classic-3-motori-rosa\\\/\",\"name\":\"Poltrona Estetica Elettrica Sillon Classic 3 Motori Rosa acquistare\",\"isPartOf\":{\"@id\":\"https:\\\/\\\/salonforall.it\\\/#website\"},\"primaryImageOfPage\":{\"@id\":\"https:\\\/\\\/salonforall.it\\\/poltrona-estetica-elettrica-sillon-classic-3-motori-rosa\\\/#primaryimage\"},\"image\":{\"@id\":\"https:\\\/\\\/salonforall.it\\\/poltrona-estetica-elettrica-sillon-classic-3-motori-rosa\\\/#primaryimage\"},\"thumbnailUrl\":\"https:\\\/\\\/salonforall.it\\\/wp-content\\\/uploads\\\/2025\\\/12\\\/Poltrona-Estetica-Elettrica-Sillon-Classic-3-Motori-Rosa-1.jpg\",\"datePublished\":\"2025-12-03T17:30:30+00:00\",\"dateModified\":\"2026-05-09T02:16:14+00:00\",\"description\":\"Acquista Poltrona Estetica Elettrica Sillon Classic 3 Motori Rosa online o nello showroom da Salon For All Italia. Il grossista per saloni, studi e spa in Italia e Svizzera.\",\"breadcrumb\":{\"@id\":\"https:\\\/\\\/salonforall.it\\\/poltrona-estetica-elettrica-sillon-classic-3-motori-rosa\\\/#breadcrumb\"},\"inLanguage\":\"en-GB\",\"potentialAction\":[{\"@type\":\"ReadAction\",\"target\":[\"https:\\\/\\\/salonforall.it\\\/poltrona-estetica-elettrica-sillon-classic-3-motori-rosa\\\/\"]}]},{\"@type\":\"ImageObject\",\"inLanguage\":\"en-GB\",\"@id\":\"https:\\\/\\\/salonforall.it\\\/poltrona-estetica-elettrica-sillon-classic-3-motori-rosa\\\/#primaryimage\",\"url\":\"https:\\\/\\\/salonforall.it\\\/wp-content\\\/uploads\\\/2025\\\/12\\\/Poltrona-Estetica-Elettrica-Sillon-Classic-3-Motori-Rosa-1.jpg\",\"contentUrl\":\"https:\\\/\\\/salonforall.it\\\/wp-content\\\/uploads\\\/2025\\\/12\\\/Poltrona-Estetica-Elettrica-Sillon-Classic-3-Motori-Rosa-1.jpg\",\"width\":1200,\"height\":1200,\"caption\":\"Poltrona Estetica Elettrica Sillon Classic 3 Motori Rosa\"},{\"@type\":\"BreadcrumbList\",\"@id\":\"https:\\\/\\\/salonforall.it\\\/poltrona-estetica-elettrica-sillon-classic-3-motori-rosa\\\/#breadcrumb\",\"itemListElement\":[{\"@type\":\"ListItem\",\"position\":1,\"name\":\"Home\",\"item\":\"https:\\\/\\\/salonforall.it\\\/\"},{\"@type\":\"ListItem\",\"position\":2,\"name\":\"Winkel\",\"item\":\"https:\\\/\\\/salonforall.it\\\/winkel\\\/\"},{\"@type\":\"ListItem\",\"position\":3,\"name\":\"Poltrona Estetica Elettrica Sillon Classic 3 Motori Rosa\"}]},{\"@type\":\"WebSite\",\"@id\":\"https:\\\/\\\/salonforall.it\\\/#website\",\"url\":\"https:\\\/\\\/salonforall.it\\\/\",\"name\":\"Salon For All Italia\",\"description\":\"Grossista di mobili e forniture per studi medici e saloni\",\"publisher\":{\"@id\":\"https:\\\/\\\/salonforall.it\\\/#organization\"},\"potentialAction\":[{\"@type\":\"SearchAction\",\"target\":{\"@type\":\"EntryPoint\",\"urlTemplate\":\"https:\\\/\\\/salonforall.it\\\/?s={search_term_string}\"},\"query-input\":{\"@type\":\"PropertyValueSpecification\",\"valueRequired\":true,\"valueName\":\"search_term_string\"}}],\"inLanguage\":\"en-GB\"},{\"@type\":\"Organization\",\"@id\":\"https:\\\/\\\/salonforall.it\\\/#organization\",\"name\":\"Salon For All Italia\",\"url\":\"https:\\\/\\\/salonforall.it\\\/\",\"logo\":{\"@type\":\"ImageObject\",\"inLanguage\":\"en-GB\",\"@id\":\"https:\\\/\\\/salonforall.it\\\/#\\\/schema\\\/logo\\\/image\\\/\",\"url\":\"https:\\\/\\\/salonforall.it\\\/wp-content\\\/uploads\\\/2025\\\/11\\\/logo-salon-for-all-e1764543264615.png\",\"contentUrl\":\"https:\\\/\\\/salonforall.it\\\/wp-content\\\/uploads\\\/2025\\\/11\\\/logo-salon-for-all-e1764543264615.png\",\"width\":500,\"height\":150,\"caption\":\"Salon For All Italia\"},\"image\":{\"@id\":\"https:\\\/\\\/salonforall.it\\\/#\\\/schema\\\/logo\\\/image\\\/\"}}]}<\/script>\n<!-- \/ Yoast SEO plugin. -->","yoast_head_json":{"title":"Poltrona Estetica Elettrica Sillon Classic 3 Motori Rosa acquistare","description":"Acquista Poltrona Estetica Elettrica Sillon Classic 3 Motori Rosa online o nello showroom da Salon For All Italia. Il grossista per saloni, studi e spa in Italia e Svizzera.","robots":{"index":"index","follow":"follow","max-snippet":"max-snippet:-1","max-image-preview":"max-image-preview:large","max-video-preview":"max-video-preview:-1"},"canonical":"https:\/\/salonforall.it\/en\/poltrona-estetica-elettrica-sillon-classic-3-motori-rosa\/","og_locale":"en_GB","og_type":"article","og_title":"Poltrona Estetica Elettrica Sillon Classic 3 Motori Rosa","og_description":"Acquista Poltrona Estetica Elettrica Sillon Classic 3 Motori Rosa online o nello showroom da Salon For All Italia. Il grossista per saloni, studi e spa in Italia e Svizzera.","og_url":"https:\/\/salonforall.it\/en\/poltrona-estetica-elettrica-sillon-classic-3-motori-rosa\/","og_site_name":"Salon For All Italia","article_modified_time":"2026-05-09T02:16:14+00:00","og_image":[{"width":1200,"height":1200,"url":"https:\/\/salonforall.it\/wp-content\/uploads\/2025\/12\/Poltrona-Estetica-Elettrica-Sillon-Classic-3-Motori-Rosa-1.jpg","type":"image\/jpeg"}],"twitter_card":"summary_large_image","twitter_title":"Poltrona Estetica Elettrica Sillon Classic 3 Motori Rosa","twitter_misc":{"Estimated reading time":"8 minutes"},"schema":{"@context":"https:\/\/schema.org","@graph":[{"@type":"WebPage","@id":"https:\/\/salonforall.it\/poltrona-estetica-elettrica-sillon-classic-3-motori-rosa\/","url":"https:\/\/salonforall.it\/poltrona-estetica-elettrica-sillon-classic-3-motori-rosa\/","name":"Poltrona Estetica Elettrica Sillon Classic 3 Motori Rosa acquistare","isPartOf":{"@id":"https:\/\/salonforall.it\/#website"},"primaryImageOfPage":{"@id":"https:\/\/salonforall.it\/poltrona-estetica-elettrica-sillon-classic-3-motori-rosa\/#primaryimage"},"image":{"@id":"https:\/\/salonforall.it\/poltrona-estetica-elettrica-sillon-classic-3-motori-rosa\/#primaryimage"},"thumbnailUrl":"https:\/\/salonforall.it\/wp-content\/uploads\/2025\/12\/Poltrona-Estetica-Elettrica-Sillon-Classic-3-Motori-Rosa-1.jpg","datePublished":"2025-12-03T17:30:30+00:00","dateModified":"2026-05-09T02:16:14+00:00","description":"Acquista Poltrona Estetica Elettrica Sillon Classic 3 Motori Rosa online o nello showroom da Salon For All Italia. Il grossista per saloni, studi e spa in Italia e Svizzera.","breadcrumb":{"@id":"https:\/\/salonforall.it\/poltrona-estetica-elettrica-sillon-classic-3-motori-rosa\/#breadcrumb"},"inLanguage":"en-GB","potentialAction":[{"@type":"ReadAction","target":["https:\/\/salonforall.it\/poltrona-estetica-elettrica-sillon-classic-3-motori-rosa\/"]}]},{"@type":"ImageObject","inLanguage":"en-GB","@id":"https:\/\/salonforall.it\/poltrona-estetica-elettrica-sillon-classic-3-motori-rosa\/#primaryimage","url":"https:\/\/salonforall.it\/wp-content\/uploads\/2025\/12\/Poltrona-Estetica-Elettrica-Sillon-Classic-3-Motori-Rosa-1.jpg","contentUrl":"https:\/\/salonforall.it\/wp-content\/uploads\/2025\/12\/Poltrona-Estetica-Elettrica-Sillon-Classic-3-Motori-Rosa-1.jpg","width":1200,"height":1200,"caption":"Poltrona Estetica Elettrica Sillon Classic 3 Motori Rosa"},{"@type":"BreadcrumbList","@id":"https:\/\/salonforall.it\/poltrona-estetica-elettrica-sillon-classic-3-motori-rosa\/#breadcrumb","itemListElement":[{"@type":"ListItem","position":1,"name":"Home","item":"https:\/\/salonforall.it\/"},{"@type":"ListItem","position":2,"name":"Winkel","item":"https:\/\/salonforall.it\/winkel\/"},{"@type":"ListItem","position":3,"name":"Poltrona Estetica Elettrica Sillon Classic 3 Motori Rosa"}]},{"@type":"WebSite","@id":"https:\/\/salonforall.it\/#website","url":"https:\/\/salonforall.it\/","name":"Salon For All Italia","description":"Grossista di mobili e forniture per studi medici e saloni","publisher":{"@id":"https:\/\/salonforall.it\/#organization"},"potentialAction":[{"@type":"SearchAction","target":{"@type":"EntryPoint","urlTemplate":"https:\/\/salonforall.it\/?s={search_term_string}"},"query-input":{"@type":"PropertyValueSpecification","valueRequired":true,"valueName":"search_term_string"}}],"inLanguage":"en-GB"},{"@type":"Organization","@id":"https:\/\/salonforall.it\/#organization","name":"Salon For All Italia","url":"https:\/\/salonforall.it\/","logo":{"@type":"ImageObject","inLanguage":"en-GB","@id":"https:\/\/salonforall.it\/#\/schema\/logo\/image\/","url":"https:\/\/salonforall.it\/wp-content\/uploads\/2025\/11\/logo-salon-for-all-e1764543264615.png","contentUrl":"https:\/\/salonforall.it\/wp-content\/uploads\/2025\/11\/logo-salon-for-all-e1764543264615.png","width":500,"height":150,"caption":"Salon For All Italia"},"image":{"@id":"https:\/\/salonforall.it\/#\/schema\/logo\/image\/"}}]}},"_links":{"self":[{"href":"https:\/\/salonforall.it\/en\/wp-json\/wp\/v2\/product\/19998","targetHints":{"allow":["GET"]}}],"collection":[{"href":"https:\/\/salonforall.it\/en\/wp-json\/wp\/v2\/product"}],"about":[{"href":"https:\/\/salonforall.it\/en\/wp-json\/wp\/v2\/types\/product"}],"replies":[{"embeddable":true,"href":"https:\/\/salonforall.it\/en\/wp-json\/wp\/v2\/comments?post=19998"}],"wp:featuredmedia":[{"embeddable":true,"href":"https:\/\/salonforall.it\/en\/wp-json\/wp\/v2\/media\/19999"}],"wp:attachment":[{"href":"https:\/\/salonforall.it\/en\/wp-json\/wp\/v2\/media?parent=19998"}],"wp:term":[{"taxonomy":"product_brand","embeddable":true,"href":"https:\/\/salonforall.it\/en\/wp-json\/wp\/v2\/product_brand?post=19998"},{"taxonomy":"product_cat","embeddable":true,"href":"https:\/\/salonforall.it\/en\/wp-json\/wp\/v2\/product_cat?post=19998"},{"taxonomy":"product_tag","embeddable":true,"href":"https:\/\/salonforall.it\/en\/wp-json\/wp\/v2\/product_tag?post=19998"}],"curies":[{"name":"wp","href":"https:\/\/api.w.org\/{rel}","templated":true}]}}