{"id":20391,"date":"2025-12-03T19:24:01","date_gmt":"2025-12-03T19:24:01","guid":{"rendered":"https:\/\/salonforall.it\/lampada-uv-led-ocho-nails-x13-65w-bianca-con-fondo-a-specchio\/"},"modified":"2026-05-15T02:33:50","modified_gmt":"2026-05-15T02:33:50","slug":"lampada-uv-led-ocho-nails-x13-65w-bianca-con-fondo-a-specchio","status":"publish","type":"product","link":"https:\/\/salonforall.it\/en\/lampada-uv-led-ocho-nails-x13-65w-bianca-con-fondo-a-specchio\/","title":{"rendered":"Lampada Uv Led Ocho Nails X13 65W Bianca Con Fondo A Specchio"},"content":{"rendered":"<h2>Informazioni su Lampada Uv Led Ocho Nails X13 65W Bianca Con Fondo A Specchio con codice articolo 150706<\/h2>\n<p><strong>OCHO NAILS<\/strong> \u00e8 un marchio unico specializzato in prodotti professionali per onicotecnici. La gamma di prodotti comprende smalti ibridi, gel, lampade professionali e accessori per la cura delle unghie. I prodotti <strong>OCHO NAILS<\/strong> soddisfano le esigenze sia degli utenti esperti che dei principianti.<\/p>\n<p><img decoding=\"async\" src=\"https:\/\/activeshop.com.pl\/media\/wysiwyg\/product\/150706\/EN_150706_1.jpg\"><\/p>\n<h2><strong>Dispositivo per una manicure perfetta<\/strong><\/h2>\n<p><strong>La lampada per unghie Ocho Nails X13 con fondo a specchio<\/strong> \u00e8 un dispositivo che consente di <strong>eseguire facilmente trattamenti di manicure e pedicure<\/strong> utilizzando smalti ibridi, gel o altri preparati fotopolimerizzabili. <strong>I diodi distribuiti uniformemente e la tecnologia Dual Led<\/strong> garantiscono un fissaggio perfetto del design delle unghie. <strong>Design minimalista, facilit\u00e0 d&#8217;uso e funzionalit\u00e0 utili<\/strong> rendono la lampada perfetta sia per l&#8217;uso professionale che domestico.<\/p>\n<p><img decoding=\"async\" src=\"https:\/\/activeshop.com.pl\/media\/wysiwyg\/product\/150706\/EN_150706_2.jpg\"><\/p>\n<h2><strong>Lampada senza ombre con tecnologia Dual Led<\/strong><\/h2>\n<p><strong>36 LED posizionati con precisione<\/strong> garantiscono una polimerizzazione perfetta di gel e smalti ibridi, eliminando il rischio della cosiddetta zona morta. Il <strong>design chiuso<\/strong>, chiamato cabina, consente una polimerizzazione pi\u00f9 precisa e rapida delle decorazioni per unghie. Grazie alla tecnologia Dual LED, <strong>i diodi emettono luce a due lunghezze d&#8217;onda<\/strong>, riducendo l&#8217;affaticamento degli occhi ed estendendo il raggio d&#8217;azione del dispositivo. Il fondo a specchio riflette la luce in modo uniforme, <strong>velocizzando e ottimizzando il processo di polimerizzazione su tutta la superficie dell&#8217;unghia<\/strong>. Queste caratteristiche facilitano la polimerizzazione corretta anche dei prodotti pi\u00f9 esigenti, consentendo l&#8217;accesso alle aree pi\u00f9 difficili da raggiungere della lamina ungueale.<\/p>\n<p><img decoding=\"async\" src=\"https:\/\/activeshop.com.pl\/media\/wysiwyg\/product\/150706\/EN_150706_3.jpg\"><\/p>\n<h2><strong>Regola il tempo di polimerizzazione in base alle tue esigenze individuali<\/strong><\/h2>\n<p>La lampada \u00e8 dotata di un <strong>timer con quattro tempi di funzionamento pre-programmati<\/strong>: 10 s, 30 s, 60 s e 99 s (la cosiddetta &#8220;Modalit\u00e0 a Basso Calore&#8221;), che vengono visualizzati su un chiaro display digitale. Un <strong>sensore di movimento<\/strong> integrato attiva automaticamente la lampada quando una mano o un piede vengono posizionati sotto di essa, utilizzando <strong>120 s come tempo di esposizione massimo<\/strong>. Questa funzione \u00e8 attiva quando non \u00e8 selezionata alcuna modalit\u00e0 e il display mostra il tempo di polimerizzazione trascorso. Ci\u00f2 consente la <strong>libert\u00e0 di selezionare il tempo di polimerizzazione<\/strong> per lo styling da eseguire.<\/p>\n<p><img decoding=\"async\" src=\"https:\/\/activeshop.com.pl\/media\/wysiwyg\/product\/150706\/EN_150706_4.jpg\"><\/p>\n<h2><strong>Modalit\u00e0 a bassa temperatura<\/strong><\/h2>\n<p>Quando la <strong>Modalit\u00e0 a bassa temperatura<\/strong> \u00e8 attivata, la lampada si riscalda gradualmente, aumentando lentamente la sua potenza, <strong>evitando la sensazione di bruciore o calore<\/strong> durante la polimerizzazione. Questa caratteristica \u00e8 <strong>particolarmente utile per la polimerizzazione dei gel<\/strong>, che spesso causano disagio quando si utilizzano altre lampade disponibili sul mercato.<\/p>\n<p><img decoding=\"async\" src=\"https:\/\/activeshop.com.pl\/media\/wysiwyg\/product\/150706\/EN_150706_5.jpg\"><\/p>\n<h2><strong>Design minimalista e funzionalit\u00e0<\/strong><\/h2>\n<p>Le caratteristiche accuratamente selezionate e l&#8217;<strong>alloggiamento minimalista<\/strong> realizzato in plastica resistente rendono la lampada un&#8217;attrezzatura da salone elegante e molto pratica. <strong>Facile da pulire e resistente ai danni<\/strong>, la lampada ha le dimensioni appropriate per adattarsi comodamente a un&#8217;intera mano o piede durante il trattamento, garantendo una <strong>polimerizzazione rapida e uniforme delle decorazioni per unghie<\/strong>. Il fondo magnetico rimovibile consente di effettuare facilmente i trattamenti di pedicure e semplifica la pulizia e la disinfezione del dispositivo, migliorando ulteriormente il comfort e l&#8217;igiene.<\/p>\n<div class=\"video-container\"> <iframe height=\"315\" src=\"https:\/\/www.youtube.com\/embed\/ydYpOKwzKRk\" frameborder=\"0\" width=\"560\" allowfullscreen allow=\"accelerometer; autoplay; encrypted-media; gyroscope; picture-in-picture\"> <\/iframe> <\/div>\n<p>Leggere attentamente le istruzioni prima dell&#8217;uso.<br \/><strong>Incluso:<\/strong> lampada, adattatore di alimentazione, istruzioni.<\/p>\n<p><strong>Dati:<\/strong><br \/>Timer: 10 s, 30 s, 60 s, 99 s<br \/>Tempo massimo di funzionamento: 120 s<br \/>Sensore di movimento: s\u00ec<br \/>Tensione di ingresso: 100-240 V<br \/>Tensione di uscita dell&#8217;alimentatore: 24 V \u2013 1,5 A<br \/>Potenza: 65 W<br \/>Numero di LED: 36<br \/>Lunghezza d&#8217;onda della luce: 365 nm, 405 nm<br \/>Dimensioni: 21 x 21,5 x 9 cm<br \/>Colore dell&#8217;alloggiamento: tonalit\u00e0 di bianco<br \/>Materiale dell&#8217;alloggiamento: plastica<br \/>Garanzia: 12 mesi<\/p>\n<p>I prodotti Activeshop sono proporzionalmente pi\u00f9 economici di molti altri marchi\/fornitori. Il prezzo \u00e8 proporzionato alla qualit\u00e0. Lampada Uv Led Ocho Nails X13 65W Bianca Con Fondo A Specchio \u00e8 quindi una soluzione accessibile per il tuo salone.<\/p>\n<h2>Come viene consegnato Lampada Uv Led Ocho Nails X13 65W Bianca Con Fondo A Specchio?<\/h2>\n<p>Lampada Uv Led Ocho Nails X13 65W Bianca Con Fondo A Specchio viene consegnato nella confezione originale. In Italia la spedizione di Lampada Uv Led Ocho Nails X13 65W Bianca Con Fondo A Specchio \u00e8 completamente gratuita per ordini a partire da 100,- euro. Per spedizioni verso altri paesi si applicano tariffe di spedizione separate. Puoi richiedere queste tariffe o trovarle nel carrello. Lampada Uv Led Ocho Nails X13 65W Bianca Con Fondo A Specchio viene spedito tramite un corriere esterno.<\/p>\n<p>I pacchi o i pallet vengono consegnati di serie fino alla soglia della porta d&#8217;ingresso, anche se ti trovi in un edificio collettivo, condominio o complesso residenziale con ascensore (a condizione che l&#8217;articolo entri nell&#8217;ascensore). Non c&#8217;\u00e8 un ascensore o l&#8217;articolo non entra nell&#8217;ascensore? Allora consegniamo fino alla soglia del piano terra.<\/p>\n<p>Hai ancora domande sulla consegna o una situazione particolare? Contattaci e saremo lieti di aiutarti!<\/p>\n<p>*Gli articoli non vengono disimballati o montati di serie. In situazioni particolari puoi contattarci per fare accordi in merito.<\/p>\n<h2>Acquisti online sicuri su Salon For All con il marchio di qualit\u00e0 Webwinkelkeur e crittografia SSL<\/h2>\n<p>\u00c8 importante per noi che i nostri clienti possano fare acquisti online in sicurezza. Siamo affiliati al marchio di qualit\u00e0 nazionale Webwinkelkeur dal 2019. La nostra identit\u00e0 \u00e8 stata controllata e verificata da loro e il negozio online \u00e8 stato controllato e approvato legalmente. Inoltre, il nostro negozio online \u00e8 affiliato a loro per la mediazione delle controversie. Puoi vedere il badge con tutte le informazioni di questo marchio di qualit\u00e0 del negozio online sul lato sinistro o destro del negozio online (pulsante rosa con bianco). Inoltre, il nostro sito \u00e8 protetto con un certificato SSL in modo da poter navigare in sicurezza. Nella barra del tuo browser Internet, dove \u00e8 indicato il nostro sito web, vedrai un&#8217;icona a forma di lucchetto. Se clicchi sul lucchetto, otterrai tutte le informazioni sulla nostra sicurezza. In questo modo sai che il tuo ordine di Lampada Uv Led Ocho Nails X13 65W Bianca Con Fondo A Specchio e i tuoi dati personali vengono elaborati in modo sicuro.<\/p>\n<h2>Come posso pagare Lampada Uv Led Ocho Nails X13 65W Bianca Con Fondo A Specchio?<\/h2>\n<p>Vogliamo renderti le cose il pi\u00f9 semplici possibile. Ecco perch\u00e9 su Salon For All puoi pagare con tutti i metodi di pagamento noti e comuni. Pagare in anticipo, alla consegna o in seguito; tutto \u00e8 possibile. Vedi qui tutti i metodi di pagamento che offriamo:<\/p>\n<ul>\n<li>iDEAL<\/li>\n<li>Carta di credito (Visa, Mastercard, American Express)<\/li>\n<li>Klarna &#8211; Pagamento posticipato con fattura<\/li>\n<li>PayPal<\/li>\n<li>Apple Pay<\/li>\n<li>Google Pay<\/li>\n<li>Bancontact<\/li>\n<li>Bonifico bancario SEPA<\/li>\n<li>MyBank (per clienti italiani)<\/li>\n<li>Fattura aziendale per imprese<\/li>\n<li>Pagamento nello showroom &#8211; Sia carta che contanti (Disponibile solo per il ritiro)<\/li>\n<\/ul>\n<h2>Consulta anche le recensioni di Salon For All<\/h2>\n<p>Consulta anche le nostre recensioni per tenere conto delle esperienze dei nostri clienti attuali nella tua decisione di ordinare Lampada Uv Led Ocho Nails X13 65W Bianca Con Fondo A Specchio da noi. Attraverso il nostro marchio di qualit\u00e0 indipendente del negozio online Webwinkelkeur, vengono raccolte automaticamente recensioni verificate di clienti che hanno completato un ordine con noi. Puoi trovarle dietro il pulsante rosa sul nostro negozio online o sono elencate sotto i prodotti.<\/p>\n<p>Condividi anche la tua esperienza dopo il tuo acquisto con il tuo Lampada Uv Led Ocho Nails X13 65W Bianca Con Fondo A Specchio ordinato e la tua esperienza con il processo di acquisto o il contatto con Salon For All per ispirare gli altri!<\/p>\n<h2>Contatto con Salon For All<\/h2>\n<p>Contattaci allora. Saremo lieti di aiutarti con l&#8217;acquisto di Lampada Uv Led Ocho Nails X13 65W Bianca Con Fondo A Specchio. Nei giorni feriali siamo raggiungibili al meglio tra le 8.30 e le 17.00 tramite il numero di telefono e l&#8217;indirizzo e-mail nella parte superiore del negozio online o tramite la funzione chat. Le domande al di fuori dell&#8217;orario d&#8217;ufficio vengono generalmente risposte entro 24 ore. \u00c8 anche possibile venirci a trovare al di fuori dei giorni feriali o dell&#8217;orario d&#8217;ufficio. Ma per questo \u00e8 necessario prendere un appuntamento in anticipo.<\/p>\n<h2>Vuoi venire nel nostro showroom?<\/h2>\n<p>Preferisci vedere Lampada Uv Led Ocho Nails X13 65W Bianca Con Fondo A Specchio o esplorare la nostra offerta del negozio (online) insieme al nostro collega? Allora vieni nel nostro showroom con oltre 1000m\u00b2 di arredamento per saloni e lasciati ispirare dai nostri dipendenti. Anche se ti piace fare conoscenza in modo piacevole gustando una buona tazza di caff\u00e8 o t\u00e8, sei il benvenuto. Non abbiamo tutti i prodotti disponibili, quindi faccici sapere in anticipo che vuoi venire. Prendi sempre un appuntamento in anticipo.<\/p>\n<h2>14 giorni di riflessione e la nostra politica di reso<\/h2>\n<p>Naturalmente pu\u00f2 succedere che Lampada Uv Led Ocho Nails X13 65W Bianca Con Fondo A Specchio consegnato non sia completamente di tuo gradimento e tu voglia restituirlo. Questo non \u00e8 assolutamente un problema con Salon For All. Devi segnalare il tuo reso entro 14 giorni lavorativi tramite <a href=\"mailto:info@salonforall.com\">info@salonforall.it<\/a>. Riceverai quindi prima tutte le istruzioni e condizioni di reso. Si prega di notare che Lampada Uv Led Ocho Nails X13 65W Bianca Con Fondo A Specchio non deve essere stato utilizzato, deve contenere tutte le parti fornite e deve essere restituito imballato nella confezione originale. I costi di spedizione per un reso sono sempre a carico dell&#8217;acquirente per gli acquisti tramite www.salonforall.it. Devi organizzare tu stesso un trasporto presso un corriere di tua scelta per un reso. Una volta che Lampada Uv Led Ocho Nails X13 65W Bianca Con Fondo A Specchio \u00e8 stato restituito, verr\u00e0 controllato per completezza e danni. Una volta che il reso \u00e8 stato approvato, l&#8217;importo di acquisto verr\u00e0 rimborsato entro 5 giorni lavorativi sul conto bancario da noi conosciuto.<\/p>\n<h2>Chi \u00e8 Salon For All?<\/h2>\n<p>Salon For All \u00e8 IL grossista per ogni arredamento di saloni in Europa. Salon For All \u00e8 iniziato nel 2003 con il nome Salonvoordeel ed \u00e8 nato dalla pratica. I proprietari di Salon For All erano parrucchieri e specialisti della bellezza esperti e hanno insieme oltre 30 anni di esperienza pratica. Nel 2003 abbiamo lanciato Salonvoordeel.nl (Paesi Bassi) e successivamente \u00e8 stato fondato Salon For All per il mercato europeo. Alcuni dei nostri dipendenti hanno avviato una propria attivit\u00e0 e cos\u00ec \u00e8 nata l&#8217;idea di avviare un negozio online funzionale per parrucchieri e aiutarli con l&#8217;arredamento del loro salone.<\/p>\n<p>Il nostro showroom si trova a Dinxperlo, direttamente al confine tra i Paesi Bassi e la Germania. Con la nostra pluriennale esperienza nel settore possiamo farti da specchio e fornirti la giusta consulenza. Parliamo la stessa lingua! Ti consigliamo, ispiriamo, motiviamo e ti aiutiamo nell&#8217;acquisto di Lampada Uv Led Ocho Nails X13 65W Bianca Con Fondo A Specchio. I nostri fornitori si trovano in tutta Europa, dalla Germania, Inghilterra, Italia fino alla Polonia.<\/p>","protected":false},"excerpt":{"rendered":"<p>Il prodotto Lampada Uv Led Ocho Nails X13 65W Bianca Con Fondo A Specchio \u00e8 una soluzione conveniente per qualsiasi salone o studio professionale. Il tempo di consegna previsto \u00e8 di circa 6 giorni lavorativi.<\/p>","protected":false},"featured_media":20392,"comment_status":"open","ping_status":"open","template":"","meta":[],"product_brand":[1414],"product_cat":[2236,623],"product_tag":[2237,625],"class_list":{"0":"post-20391","1":"product","2":"type-product","3":"status-publish","4":"has-post-thumbnail","6":"product_brand-ocho-nails","7":"product_cat-lampade-led-e-uv-per-unghie","8":"product_cat-unghie","9":"product_tag-lampade-led-e-uv-per-unghie","10":"product_tag-unghie","11":"pa_codice-ean-6629","12":"pa_garanzia-12-mesi","13":"pa_marca-ocho-nails","14":"pa_numero-dellarticolo-6628","15":"pa_tempo-di-consegna-stimato-3-4-giorni-lavorativi","17":"first","18":"instock","19":"sale","20":"taxable","21":"shipping-taxable","22":"purchasable","23":"product-type-simple"},"yoast_head":"<!-- This site is optimized with the Yoast SEO plugin v27.5 - https:\/\/yoast.com\/product\/yoast-seo-wordpress\/ -->\n<title>Lampada Uv Led Ocho Nails X13 65W Bianca Con Fondo A Specchio acquistare<\/title>\n<meta name=\"description\" content=\"Acquista Lampada Uv Led Ocho Nails X13 65W Bianca Con Fondo A Specchio online o nello showroom da Salon For All Italia. Il grossista per saloni, studi e spa in Italia e Svizzera.\" \/>\n<meta name=\"robots\" content=\"index, follow, max-snippet:-1, max-image-preview:large, max-video-preview:-1\" \/>\n<link rel=\"canonical\" href=\"https:\/\/salonforall.it\/en\/lampada-uv-led-ocho-nails-x13-65w-bianca-con-fondo-a-specchio\/\" \/>\n<meta property=\"og:locale\" content=\"en_GB\" \/>\n<meta property=\"og:type\" content=\"article\" \/>\n<meta property=\"og:title\" content=\"Lampada Uv Led Ocho Nails X13 65W Bianca Con Fondo A Specchio\" \/>\n<meta property=\"og:description\" content=\"Acquista Lampada Uv Led Ocho Nails X13 65W Bianca Con Fondo A Specchio online o nello showroom da Salon For All Italia. Il grossista per saloni, studi e spa in Italia e Svizzera.\" \/>\n<meta property=\"og:url\" content=\"https:\/\/salonforall.it\/en\/lampada-uv-led-ocho-nails-x13-65w-bianca-con-fondo-a-specchio\/\" \/>\n<meta property=\"og:site_name\" content=\"Salon For All Italia\" \/>\n<meta property=\"article:modified_time\" content=\"2026-05-15T02:33:50+00:00\" \/>\n<meta property=\"og:image\" content=\"https:\/\/salonforall.it\/wp-content\/uploads\/2025\/12\/Lampada-Uv-Led-Ocho-Nails-X13-65W-Bianca-Con-Fondo-A-Specchio-1.jpg\" \/>\n\t<meta property=\"og:image:width\" content=\"1200\" \/>\n\t<meta property=\"og:image:height\" content=\"1200\" \/>\n\t<meta property=\"og:image:type\" content=\"image\/jpeg\" \/>\n<meta name=\"twitter:card\" content=\"summary_large_image\" \/>\n<meta name=\"twitter:title\" content=\"Lampada Uv Led Ocho Nails X13 65W Bianca Con Fondo A Specchio\" \/>\n<meta name=\"twitter:label1\" content=\"Estimated reading time\" \/>\n\t<meta name=\"twitter:data1\" content=\"8 minutes\" \/>\n<script type=\"application\/ld+json\" class=\"yoast-schema-graph\">{\"@context\":\"https:\\\/\\\/schema.org\",\"@graph\":[{\"@type\":\"WebPage\",\"@id\":\"https:\\\/\\\/salonforall.it\\\/lampada-uv-led-ocho-nails-x13-65w-bianca-con-fondo-a-specchio\\\/\",\"url\":\"https:\\\/\\\/salonforall.it\\\/lampada-uv-led-ocho-nails-x13-65w-bianca-con-fondo-a-specchio\\\/\",\"name\":\"Lampada Uv Led Ocho Nails X13 65W Bianca Con Fondo A Specchio acquistare\",\"isPartOf\":{\"@id\":\"https:\\\/\\\/salonforall.it\\\/#website\"},\"primaryImageOfPage\":{\"@id\":\"https:\\\/\\\/salonforall.it\\\/lampada-uv-led-ocho-nails-x13-65w-bianca-con-fondo-a-specchio\\\/#primaryimage\"},\"image\":{\"@id\":\"https:\\\/\\\/salonforall.it\\\/lampada-uv-led-ocho-nails-x13-65w-bianca-con-fondo-a-specchio\\\/#primaryimage\"},\"thumbnailUrl\":\"https:\\\/\\\/salonforall.it\\\/wp-content\\\/uploads\\\/2025\\\/12\\\/Lampada-Uv-Led-Ocho-Nails-X13-65W-Bianca-Con-Fondo-A-Specchio-1.jpg\",\"datePublished\":\"2025-12-03T19:24:01+00:00\",\"dateModified\":\"2026-05-15T02:33:50+00:00\",\"description\":\"Acquista Lampada Uv Led Ocho Nails X13 65W Bianca Con Fondo A Specchio online o nello showroom da Salon For All Italia. Il grossista per saloni, studi e spa in Italia e Svizzera.\",\"breadcrumb\":{\"@id\":\"https:\\\/\\\/salonforall.it\\\/lampada-uv-led-ocho-nails-x13-65w-bianca-con-fondo-a-specchio\\\/#breadcrumb\"},\"inLanguage\":\"en-GB\",\"potentialAction\":[{\"@type\":\"ReadAction\",\"target\":[\"https:\\\/\\\/salonforall.it\\\/lampada-uv-led-ocho-nails-x13-65w-bianca-con-fondo-a-specchio\\\/\"]}]},{\"@type\":\"ImageObject\",\"inLanguage\":\"en-GB\",\"@id\":\"https:\\\/\\\/salonforall.it\\\/lampada-uv-led-ocho-nails-x13-65w-bianca-con-fondo-a-specchio\\\/#primaryimage\",\"url\":\"https:\\\/\\\/salonforall.it\\\/wp-content\\\/uploads\\\/2025\\\/12\\\/Lampada-Uv-Led-Ocho-Nails-X13-65W-Bianca-Con-Fondo-A-Specchio-1.jpg\",\"contentUrl\":\"https:\\\/\\\/salonforall.it\\\/wp-content\\\/uploads\\\/2025\\\/12\\\/Lampada-Uv-Led-Ocho-Nails-X13-65W-Bianca-Con-Fondo-A-Specchio-1.jpg\",\"width\":1200,\"height\":1200,\"caption\":\"Lampada Uv Led Ocho Nails X13 65W Bianca Con Fondo A Specchio\"},{\"@type\":\"BreadcrumbList\",\"@id\":\"https:\\\/\\\/salonforall.it\\\/lampada-uv-led-ocho-nails-x13-65w-bianca-con-fondo-a-specchio\\\/#breadcrumb\",\"itemListElement\":[{\"@type\":\"ListItem\",\"position\":1,\"name\":\"Home\",\"item\":\"https:\\\/\\\/salonforall.it\\\/\"},{\"@type\":\"ListItem\",\"position\":2,\"name\":\"Winkel\",\"item\":\"https:\\\/\\\/salonforall.it\\\/winkel\\\/\"},{\"@type\":\"ListItem\",\"position\":3,\"name\":\"Lampada Uv Led Ocho Nails X13 65W Bianca Con Fondo A Specchio\"}]},{\"@type\":\"WebSite\",\"@id\":\"https:\\\/\\\/salonforall.it\\\/#website\",\"url\":\"https:\\\/\\\/salonforall.it\\\/\",\"name\":\"Salon For All Italia\",\"description\":\"Grossista di mobili e forniture per studi medici e saloni\",\"publisher\":{\"@id\":\"https:\\\/\\\/salonforall.it\\\/#organization\"},\"potentialAction\":[{\"@type\":\"SearchAction\",\"target\":{\"@type\":\"EntryPoint\",\"urlTemplate\":\"https:\\\/\\\/salonforall.it\\\/?s={search_term_string}\"},\"query-input\":{\"@type\":\"PropertyValueSpecification\",\"valueRequired\":true,\"valueName\":\"search_term_string\"}}],\"inLanguage\":\"en-GB\"},{\"@type\":\"Organization\",\"@id\":\"https:\\\/\\\/salonforall.it\\\/#organization\",\"name\":\"Salon For All Italia\",\"url\":\"https:\\\/\\\/salonforall.it\\\/\",\"logo\":{\"@type\":\"ImageObject\",\"inLanguage\":\"en-GB\",\"@id\":\"https:\\\/\\\/salonforall.it\\\/#\\\/schema\\\/logo\\\/image\\\/\",\"url\":\"https:\\\/\\\/salonforall.it\\\/wp-content\\\/uploads\\\/2025\\\/11\\\/logo-salon-for-all-e1764543264615.png\",\"contentUrl\":\"https:\\\/\\\/salonforall.it\\\/wp-content\\\/uploads\\\/2025\\\/11\\\/logo-salon-for-all-e1764543264615.png\",\"width\":500,\"height\":150,\"caption\":\"Salon For All Italia\"},\"image\":{\"@id\":\"https:\\\/\\\/salonforall.it\\\/#\\\/schema\\\/logo\\\/image\\\/\"}}]}<\/script>\n<!-- \/ Yoast SEO plugin. -->","yoast_head_json":{"title":"Lampada Uv Led Ocho Nails X13 65W Bianca Con Fondo A Specchio acquistare","description":"Acquista Lampada Uv Led Ocho Nails X13 65W Bianca Con Fondo A Specchio online o nello showroom da Salon For All Italia. Il grossista per saloni, studi e spa in Italia e Svizzera.","robots":{"index":"index","follow":"follow","max-snippet":"max-snippet:-1","max-image-preview":"max-image-preview:large","max-video-preview":"max-video-preview:-1"},"canonical":"https:\/\/salonforall.it\/en\/lampada-uv-led-ocho-nails-x13-65w-bianca-con-fondo-a-specchio\/","og_locale":"en_GB","og_type":"article","og_title":"Lampada Uv Led Ocho Nails X13 65W Bianca Con Fondo A Specchio","og_description":"Acquista Lampada Uv Led Ocho Nails X13 65W Bianca Con Fondo A Specchio online o nello showroom da Salon For All Italia. Il grossista per saloni, studi e spa in Italia e Svizzera.","og_url":"https:\/\/salonforall.it\/en\/lampada-uv-led-ocho-nails-x13-65w-bianca-con-fondo-a-specchio\/","og_site_name":"Salon For All Italia","article_modified_time":"2026-05-15T02:33:50+00:00","og_image":[{"width":1200,"height":1200,"url":"https:\/\/salonforall.it\/wp-content\/uploads\/2025\/12\/Lampada-Uv-Led-Ocho-Nails-X13-65W-Bianca-Con-Fondo-A-Specchio-1.jpg","type":"image\/jpeg"}],"twitter_card":"summary_large_image","twitter_title":"Lampada Uv Led Ocho Nails X13 65W Bianca Con Fondo A Specchio","twitter_misc":{"Estimated reading time":"8 minutes"},"schema":{"@context":"https:\/\/schema.org","@graph":[{"@type":"WebPage","@id":"https:\/\/salonforall.it\/lampada-uv-led-ocho-nails-x13-65w-bianca-con-fondo-a-specchio\/","url":"https:\/\/salonforall.it\/lampada-uv-led-ocho-nails-x13-65w-bianca-con-fondo-a-specchio\/","name":"Lampada Uv Led Ocho Nails X13 65W Bianca Con Fondo A Specchio acquistare","isPartOf":{"@id":"https:\/\/salonforall.it\/#website"},"primaryImageOfPage":{"@id":"https:\/\/salonforall.it\/lampada-uv-led-ocho-nails-x13-65w-bianca-con-fondo-a-specchio\/#primaryimage"},"image":{"@id":"https:\/\/salonforall.it\/lampada-uv-led-ocho-nails-x13-65w-bianca-con-fondo-a-specchio\/#primaryimage"},"thumbnailUrl":"https:\/\/salonforall.it\/wp-content\/uploads\/2025\/12\/Lampada-Uv-Led-Ocho-Nails-X13-65W-Bianca-Con-Fondo-A-Specchio-1.jpg","datePublished":"2025-12-03T19:24:01+00:00","dateModified":"2026-05-15T02:33:50+00:00","description":"Acquista Lampada Uv Led Ocho Nails X13 65W Bianca Con Fondo A Specchio online o nello showroom da Salon For All Italia. Il grossista per saloni, studi e spa in Italia e Svizzera.","breadcrumb":{"@id":"https:\/\/salonforall.it\/lampada-uv-led-ocho-nails-x13-65w-bianca-con-fondo-a-specchio\/#breadcrumb"},"inLanguage":"en-GB","potentialAction":[{"@type":"ReadAction","target":["https:\/\/salonforall.it\/lampada-uv-led-ocho-nails-x13-65w-bianca-con-fondo-a-specchio\/"]}]},{"@type":"ImageObject","inLanguage":"en-GB","@id":"https:\/\/salonforall.it\/lampada-uv-led-ocho-nails-x13-65w-bianca-con-fondo-a-specchio\/#primaryimage","url":"https:\/\/salonforall.it\/wp-content\/uploads\/2025\/12\/Lampada-Uv-Led-Ocho-Nails-X13-65W-Bianca-Con-Fondo-A-Specchio-1.jpg","contentUrl":"https:\/\/salonforall.it\/wp-content\/uploads\/2025\/12\/Lampada-Uv-Led-Ocho-Nails-X13-65W-Bianca-Con-Fondo-A-Specchio-1.jpg","width":1200,"height":1200,"caption":"Lampada Uv Led Ocho Nails X13 65W Bianca Con Fondo A Specchio"},{"@type":"BreadcrumbList","@id":"https:\/\/salonforall.it\/lampada-uv-led-ocho-nails-x13-65w-bianca-con-fondo-a-specchio\/#breadcrumb","itemListElement":[{"@type":"ListItem","position":1,"name":"Home","item":"https:\/\/salonforall.it\/"},{"@type":"ListItem","position":2,"name":"Winkel","item":"https:\/\/salonforall.it\/winkel\/"},{"@type":"ListItem","position":3,"name":"Lampada Uv Led Ocho Nails X13 65W Bianca Con Fondo A Specchio"}]},{"@type":"WebSite","@id":"https:\/\/salonforall.it\/#website","url":"https:\/\/salonforall.it\/","name":"Salon For All Italia","description":"Grossista di mobili e forniture per studi medici e saloni","publisher":{"@id":"https:\/\/salonforall.it\/#organization"},"potentialAction":[{"@type":"SearchAction","target":{"@type":"EntryPoint","urlTemplate":"https:\/\/salonforall.it\/?s={search_term_string}"},"query-input":{"@type":"PropertyValueSpecification","valueRequired":true,"valueName":"search_term_string"}}],"inLanguage":"en-GB"},{"@type":"Organization","@id":"https:\/\/salonforall.it\/#organization","name":"Salon For All Italia","url":"https:\/\/salonforall.it\/","logo":{"@type":"ImageObject","inLanguage":"en-GB","@id":"https:\/\/salonforall.it\/#\/schema\/logo\/image\/","url":"https:\/\/salonforall.it\/wp-content\/uploads\/2025\/11\/logo-salon-for-all-e1764543264615.png","contentUrl":"https:\/\/salonforall.it\/wp-content\/uploads\/2025\/11\/logo-salon-for-all-e1764543264615.png","width":500,"height":150,"caption":"Salon For All Italia"},"image":{"@id":"https:\/\/salonforall.it\/#\/schema\/logo\/image\/"}}]}},"_links":{"self":[{"href":"https:\/\/salonforall.it\/en\/wp-json\/wp\/v2\/product\/20391","targetHints":{"allow":["GET"]}}],"collection":[{"href":"https:\/\/salonforall.it\/en\/wp-json\/wp\/v2\/product"}],"about":[{"href":"https:\/\/salonforall.it\/en\/wp-json\/wp\/v2\/types\/product"}],"replies":[{"embeddable":true,"href":"https:\/\/salonforall.it\/en\/wp-json\/wp\/v2\/comments?post=20391"}],"wp:featuredmedia":[{"embeddable":true,"href":"https:\/\/salonforall.it\/en\/wp-json\/wp\/v2\/media\/20392"}],"wp:attachment":[{"href":"https:\/\/salonforall.it\/en\/wp-json\/wp\/v2\/media?parent=20391"}],"wp:term":[{"taxonomy":"product_brand","embeddable":true,"href":"https:\/\/salonforall.it\/en\/wp-json\/wp\/v2\/product_brand?post=20391"},{"taxonomy":"product_cat","embeddable":true,"href":"https:\/\/salonforall.it\/en\/wp-json\/wp\/v2\/product_cat?post=20391"},{"taxonomy":"product_tag","embeddable":true,"href":"https:\/\/salonforall.it\/en\/wp-json\/wp\/v2\/product_tag?post=20391"}],"curies":[{"name":"wp","href":"https:\/\/api.w.org\/{rel}","templated":true}]}}