{"id":20420,"date":"2025-12-03T19:24:25","date_gmt":"2025-12-03T19:24:25","guid":{"rendered":"https:\/\/salonforall.it\/macchina-per-tatuaggi-el-cartel-vispa-nera\/"},"modified":"2026-05-14T02:18:05","modified_gmt":"2026-05-14T02:18:05","slug":"macchina-per-tatuaggi-el-cartel-vispa-nera","status":"publish","type":"product","link":"https:\/\/salonforall.it\/en\/macchina-per-tatuaggi-el-cartel-vispa-nera\/","title":{"rendered":"Macchina Per Tatuaggi El Cartel Vispa Nera"},"content":{"rendered":"<h2>Informazioni su Macchina Per Tatuaggi El Cartel Vispa Nera con codice articolo 150974<\/h2>\n<p><p><img src=\"https:\/\/activeshop.com.pl\/media\/wysiwyg\/product\/150974\/EN_150974_01.jpg\"><\/p> <\/p>\n<p><strong>El Cartel<\/strong> \u00e8 un marchio di prodotti per tatuaggi professionali che offre cartucce, macchinette e altri accessori essenziali per tatuaggi. \u00c8 caratterizzato da alta qualit\u00e0, precisione e design unico. Garantisce comfort e soddisfa i pi\u00f9 elevati standard richiesti nel settore dei tatuaggi. Riscuote interesse e sta guadagnando sempre pi\u00f9 popolarit\u00e0, come confermato dalle opinioni positive degli utenti.<\/p>\n<p> <p><img src=\"https:\/\/activeshop.com.pl\/media\/wysiwyg\/product\/150974\/EN_150974_02.jpg\"><\/p> <\/p>\n<h2>EL CARTEL VISPA<\/h2>\n<p>La macchinetta rotativa cordless El Cartel con corsa regolabile \u00e8 la scelta perfetta per tatuatori principianti e professionisti. \u00c8 caratterizzata da leggerezza, fluidit\u00e0 e stabilit\u00e0 di funzionamento. Inoltre, \u00e8 dotato di batterie sostituibili e di un adattatore per lavorare con un cavo, il che lo rende estremamente versatile e comodo da usare.<\/p>\n<p> <p><img src=\"https:\/\/activeshop.com.pl\/media\/wysiwyg\/product\/150974\/EN_150974_03.jpg\"><\/p> <\/p>\n<h2>Leggero ed ergonomico<\/h2>\n<p>El Cartel VISPA \u00e8 un design pensato per il comfort. La sua custodia in alluminio leggero (peso del dispositivo + batteria: 225 g) e le impugnature sostituibili (profilate e dritte) lo rendono perfettamente adatto alla mano, riducendo al minimo l&#8217;affaticamento anche durante lavori prolungati.<\/p>\n<p> <p><img src=\"https:\/\/activeshop.com.pl\/media\/wysiwyg\/product\/150974\/EN_150974_04.jpg\"><\/p> <\/p>\n<h2>Diventa un artista ancora migliore<\/h2>\n<p>Il suo grande vantaggio \u00e8 la corsa regolabile da 2,4 a 4,2 mm, modificabili tramite un anello (fino a 7 impostazioni) per adattarsi a una variet\u00e0 di stili e tecniche di tatuaggio. \u00c8 dotato di un potente motore coreless, la cui tensione \u00e8 anch&#8217;essa regolabile e sicura. Offre un funzionamento fluido e stabile da 4 a 12 volt, offrendoti il \u200b\u200bmassimo controllo sul processo di tatuaggio.<\/p>\n<p> <p><img src=\"https:\/\/activeshop.com.pl\/media\/wysiwyg\/product\/150974\/EN_150974_05.jpg\"><\/p> <\/p>\n<h2>Concediti il \u200b\u200bmassimo comfort<\/h2>\n<p>Il rasoio \u00e8 dotato di una batteria ai polimeri di litio da 1800 mAh sostituibile che offre fino a 7 ore di funzionamento (a seconda dell&#8217;impostazione di potenza) e di una porta USB-C integrata per una ricarica rapida e semplice. Il kit include una batteria aggiuntiva e un adattatore RCA che consente di utilizzare il rasoio in modo tradizionale tramite cavo.<\/p>\n<p> <p><img src=\"https:\/\/activeshop.com.pl\/media\/wysiwyg\/product\/150974\/EN_150974_06.jpg\"><\/p> <\/p>\n<h2>Comfort al primo posto<\/h2>\n<p>Il dispositivo \u00e8 dotato di un display LED digitale a colori con la possibilit\u00e0 di cambiare colore (blu, verde, rosa, rosso, verde acqua, bianco, giallo) e di ruotare il display da verticale a orizzontale. Tale soluzione faciliter\u00e0 sicuramente il lavoro e migliorer\u00e0 il comfort d&#8217;uso in base alle preferenze personali. Il funzionamento \u00e8 estremamente semplice grazie ai tre pulsanti. L&#8217;interfaccia \u00e8 semplice e intuitiva. Visualizza informazioni come il livello della batteria, la tensione e la frequenza attuali, il tempo di funzionamento e una delle tre modalit\u00e0 selezionate (M1, M2, M3), che puoi salvare grazie alla memoria integrata.<\/p>\n<p> <p><img src=\"https:\/\/activeshop.com.pl\/media\/wysiwyg\/product\/150974\/EN_150974_07.jpg\"><\/p> <\/p>\n<h2>Punta su design e funzionalit\u00e0<\/h2>\n<p>I nostri rasoi rotanti VISPA funzionano grazie a un motore elettrico che mette in movimento l&#8217;ago. Questa applicazione rende il lavoro silenzioso e, soprattutto, fluido, offrendo la possibilit\u00e0 di realizzare contorni accurati, ombreggiature perfette e riempire aree pi\u00f9 ampie del tatuaggio. La loro versatilit\u00e0 non \u00e8 tutto: sono realizzati con materiali di alta qualit\u00e0, sono comodi da usare, leggeri ed efficienti, il che li rende un prodotto senza compromessi di questo tipo sul mercato.<\/p>\n<p><strong>Il set include:<\/strong><\/p>\n<p>1x DISPOSITIVO<br \/>2x IMPUGNATURE<br \/>2x BATTERIE<br \/>1x ADATTATORE RCA<br \/>1x CAVO USB-C \/ USB-A<br \/>1x CAVO RCA-CINCH \/ JACK 6,35 mm<br \/>2x CHIAVI IMBUS<br \/>1x ISTRUZIONI<br \/>1x SCATOLA<\/p>\n<p><strong>Specifiche:<\/strong><\/p>\n<p>PRODUTTORE: EL CARTEL<br \/>TIPO: rotativo<br \/>APPLICAZIONE: universale \/ su cartuccia<br \/>MATERIALE: alluminio<br \/>COLORE: sfumature di nero<br \/>PESO DISPOSITIVO: 165 g<br \/>PESO BATTERIA: 60 g<br \/>LARGHEZZA IMPUGNATURA: 60 g<br \/>TIPO DI MOTORE: senza nucleo<br \/>TENSIONE DI FUNZIONAMENTO: 4-12 V CC<br \/>TENSIONE DI AVVIAMENTO: 0,3 secondi a 9 V<br \/>CORSA: regolabile<br \/>VALORE CORSA: 2,4 \/ 2,7 \/ 3,0 \/ 3,3 \/ 3,6 \/ 3,9 \/ 4,2 mm<br \/>TIPO DI BATTERIA: ai polimeri di litio.<br \/>RICARICA: jack USB-C integrato<br \/>TEMPO DI RICARICA: fino a 60 minuti<br \/>DURATA DELLA BATTERIA: fino a 7 ore<br \/>MEMORIA INTEGRATA: possibilit\u00e0 di memorizzare 3 MODALIT\u00c0 DI ALIMENTAZIONE (M1 \/ M2 \/ M3)<br \/>DISPLAY LED INTEGRATO in inglese<br \/>GARANZIA: 12 mesi<\/p>\n<p>I prodotti Activeshop sono proporzionalmente pi\u00f9 economici di molti altri marchi\/fornitori. Il prezzo \u00e8 proporzionato alla qualit\u00e0. Macchina Per Tatuaggi El Cartel Vispa Nera \u00e8 quindi una soluzione accessibile per il tuo salone.<\/p>\n<h2>Come viene consegnato Macchina Per Tatuaggi El Cartel Vispa Nera?<\/h2>\n<p>Macchina Per Tatuaggi El Cartel Vispa Nera viene consegnato nella confezione originale. In Italia la spedizione di Macchina Per Tatuaggi El Cartel Vispa Nera \u00e8 completamente gratuita per ordini a partire da 100,- euro. Per spedizioni verso altri paesi si applicano tariffe di spedizione separate. Puoi richiedere queste tariffe o trovarle nel carrello. Macchina Per Tatuaggi El Cartel Vispa Nera viene spedito tramite un corriere esterno.<\/p>\n<p>I pacchi o i pallet vengono consegnati di serie fino alla soglia della porta d&#8217;ingresso, anche se ti trovi in un edificio collettivo, condominio o complesso residenziale con ascensore (a condizione che l&#8217;articolo entri nell&#8217;ascensore). Non c&#8217;\u00e8 un ascensore o l&#8217;articolo non entra nell&#8217;ascensore? Allora consegniamo fino alla soglia del piano terra.<\/p>\n<p>Hai ancora domande sulla consegna o una situazione particolare? Contattaci e saremo lieti di aiutarti!<\/p>\n<p>*Gli articoli non vengono disimballati o montati di serie. In situazioni particolari puoi contattarci per fare accordi in merito.<\/p>\n<h2>Acquisti online sicuri su Salon For All con il marchio di qualit\u00e0 Webwinkelkeur e crittografia SSL<\/h2>\n<p>\u00c8 importante per noi che i nostri clienti possano fare acquisti online in sicurezza. Siamo affiliati al marchio di qualit\u00e0 nazionale Webwinkelkeur dal 2019. La nostra identit\u00e0 \u00e8 stata controllata e verificata da loro e il negozio online \u00e8 stato controllato e approvato legalmente. Inoltre, il nostro negozio online \u00e8 affiliato a loro per la mediazione delle controversie. Puoi vedere il badge con tutte le informazioni di questo marchio di qualit\u00e0 del negozio online sul lato sinistro o destro del negozio online (pulsante rosa con bianco). Inoltre, il nostro sito \u00e8 protetto con un certificato SSL in modo da poter navigare in sicurezza. Nella barra del tuo browser Internet, dove \u00e8 indicato il nostro sito web, vedrai un&#8217;icona a forma di lucchetto. Se clicchi sul lucchetto, otterrai tutte le informazioni sulla nostra sicurezza. In questo modo sai che il tuo ordine di Macchina Per Tatuaggi El Cartel Vispa Nera e i tuoi dati personali vengono elaborati in modo sicuro.<\/p>\n<h2>Come posso pagare Macchina Per Tatuaggi El Cartel Vispa Nera?<\/h2>\n<p>Vogliamo renderti le cose il pi\u00f9 semplici possibile. Ecco perch\u00e9 su Salon For All puoi pagare con tutti i metodi di pagamento noti e comuni. Pagare in anticipo, alla consegna o in seguito; tutto \u00e8 possibile. Vedi qui tutti i metodi di pagamento che offriamo:<\/p>\n<ul>\n<li>iDEAL<\/li>\n<li>Carta di credito (Visa, Mastercard, American Express)<\/li>\n<li>Klarna &#8211; Pagamento posticipato con fattura<\/li>\n<li>PayPal<\/li>\n<li>Apple Pay<\/li>\n<li>Google Pay<\/li>\n<li>Bancontact<\/li>\n<li>Bonifico bancario SEPA<\/li>\n<li>MyBank (per clienti italiani)<\/li>\n<li>Fattura aziendale per imprese<\/li>\n<li>Pagamento nello showroom &#8211; Sia carta che contanti (Disponibile solo per il ritiro)<\/li>\n<\/ul>\n<h2>Consulta anche le recensioni di Salon For All<\/h2>\n<p>Consulta anche le nostre recensioni per tenere conto delle esperienze dei nostri clienti attuali nella tua decisione di ordinare Macchina Per Tatuaggi El Cartel Vispa Nera da noi. Attraverso il nostro marchio di qualit\u00e0 indipendente del negozio online Webwinkelkeur, vengono raccolte automaticamente recensioni verificate di clienti che hanno completato un ordine con noi. Puoi trovarle dietro il pulsante rosa sul nostro negozio online o sono elencate sotto i prodotti.<\/p>\n<p>Condividi anche la tua esperienza dopo il tuo acquisto con il tuo Macchina Per Tatuaggi El Cartel Vispa Nera ordinato e la tua esperienza con il processo di acquisto o il contatto con Salon For All per ispirare gli altri!<\/p>\n<h2>Contatto con Salon For All<\/h2>\n<p>Contattaci allora. Saremo lieti di aiutarti con l&#8217;acquisto di Macchina Per Tatuaggi El Cartel Vispa Nera. Nei giorni feriali siamo raggiungibili al meglio tra le 8.30 e le 17.00 tramite il numero di telefono e l&#8217;indirizzo e-mail nella parte superiore del negozio online o tramite la funzione chat. Le domande al di fuori dell&#8217;orario d&#8217;ufficio vengono generalmente risposte entro 24 ore. \u00c8 anche possibile venirci a trovare al di fuori dei giorni feriali o dell&#8217;orario d&#8217;ufficio. Ma per questo \u00e8 necessario prendere un appuntamento in anticipo.<\/p>\n<h2>Vuoi venire nel nostro showroom?<\/h2>\n<p>Preferisci vedere Macchina Per Tatuaggi El Cartel Vispa Nera o esplorare la nostra offerta del negozio (online) insieme al nostro collega? Allora vieni nel nostro showroom con oltre 1000m\u00b2 di arredamento per saloni e lasciati ispirare dai nostri dipendenti. Anche se ti piace fare conoscenza in modo piacevole gustando una buona tazza di caff\u00e8 o t\u00e8, sei il benvenuto. Non abbiamo tutti i prodotti disponibili, quindi faccici sapere in anticipo che vuoi venire. Prendi sempre un appuntamento in anticipo.<\/p>\n<h2>14 giorni di riflessione e la nostra politica di reso<\/h2>\n<p>Naturalmente pu\u00f2 succedere che Macchina Per Tatuaggi El Cartel Vispa Nera consegnato non sia completamente di tuo gradimento e tu voglia restituirlo. Questo non \u00e8 assolutamente un problema con Salon For All. Devi segnalare il tuo reso entro 14 giorni lavorativi tramite <a href=\"mailto:info@salonforall.com\">info@salonforall.it<\/a>. Riceverai quindi prima tutte le istruzioni e condizioni di reso. Si prega di notare che Macchina Per Tatuaggi El Cartel Vispa Nera non deve essere stato utilizzato, deve contenere tutte le parti fornite e deve essere restituito imballato nella confezione originale. I costi di spedizione per un reso sono sempre a carico dell&#8217;acquirente per gli acquisti tramite www.salonforall.it. Devi organizzare tu stesso un trasporto presso un corriere di tua scelta per un reso. Una volta che Macchina Per Tatuaggi El Cartel Vispa Nera \u00e8 stato restituito, verr\u00e0 controllato per completezza e danni. Una volta che il reso \u00e8 stato approvato, l&#8217;importo di acquisto verr\u00e0 rimborsato entro 5 giorni lavorativi sul conto bancario da noi conosciuto.<\/p>\n<h2>Chi \u00e8 Salon For All?<\/h2>\n<p>Salon For All \u00e8 IL grossista per ogni arredamento di saloni in Europa. Salon For All \u00e8 iniziato nel 2003 con il nome Salonvoordeel ed \u00e8 nato dalla pratica. I proprietari di Salon For All erano parrucchieri e specialisti della bellezza esperti e hanno insieme oltre 30 anni di esperienza pratica. Nel 2003 abbiamo lanciato Salonvoordeel.nl (Paesi Bassi) e successivamente \u00e8 stato fondato Salon For All per il mercato europeo. Alcuni dei nostri dipendenti hanno avviato una propria attivit\u00e0 e cos\u00ec \u00e8 nata l&#8217;idea di avviare un negozio online funzionale per parrucchieri e aiutarli con l&#8217;arredamento del loro salone.<\/p>\n<p>Il nostro showroom si trova a Dinxperlo, direttamente al confine tra i Paesi Bassi e la Germania. Con la nostra pluriennale esperienza nel settore possiamo farti da specchio e fornirti la giusta consulenza. Parliamo la stessa lingua! Ti consigliamo, ispiriamo, motiviamo e ti aiutiamo nell&#8217;acquisto di Macchina Per Tatuaggi El Cartel Vispa Nera. I nostri fornitori si trovano in tutta Europa, dalla Germania, Inghilterra, Italia fino alla Polonia.<\/p>","protected":false},"excerpt":{"rendered":"<p>Il prodotto Macchina Per Tatuaggi El Cartel Vispa Nera \u00e8 una soluzione conveniente per qualsiasi salone o studio professionale. Il tempo di consegna previsto \u00e8 di circa 6 giorni lavorativi.<\/p>","protected":false},"featured_media":20421,"comment_status":"open","ping_status":"open","template":"","meta":[],"product_brand":[3018],"product_cat":[883,4680],"product_tag":[885,4681],"class_list":{"0":"post-20420","1":"product","2":"type-product","3":"status-publish","4":"has-post-thumbnail","6":"product_brand-el-cartel","7":"product_cat-attrezzature-per-studi-di-tatuaggi","8":"product_cat-macchina-per-tatuaggi","9":"product_tag-attrezzature-per-studi-di-tatuaggi","10":"product_tag-macchina-per-tatuaggi","11":"pa_codice-ean-6635","12":"pa_garanzia-12-mesi","13":"pa_marca-el-cartel","14":"pa_numero-dellarticolo-6634","15":"pa_tempo-di-consegna-stimato-3-4-giorni-lavorativi","17":"first","18":"instock","19":"sale","20":"taxable","21":"shipping-taxable","22":"purchasable","23":"product-type-simple"},"yoast_head":"<!-- This site is optimized with the Yoast SEO plugin v27.5 - https:\/\/yoast.com\/product\/yoast-seo-wordpress\/ -->\n<title>Macchina Per Tatuaggi El Cartel Vispa Nera acquistare<\/title>\n<meta name=\"description\" content=\"Acquista Macchina Per Tatuaggi El Cartel Vispa Nera online o nello showroom da Salon For All Italia. Il grossista per saloni, studi e spa in Italia e Svizzera.\" \/>\n<meta name=\"robots\" content=\"index, follow, max-snippet:-1, max-image-preview:large, max-video-preview:-1\" \/>\n<link rel=\"canonical\" href=\"https:\/\/salonforall.it\/en\/macchina-per-tatuaggi-el-cartel-vispa-nera\/\" \/>\n<meta property=\"og:locale\" content=\"en_GB\" \/>\n<meta property=\"og:type\" content=\"article\" \/>\n<meta property=\"og:title\" content=\"Macchina Per Tatuaggi El Cartel Vispa Nera\" \/>\n<meta property=\"og:description\" content=\"Acquista Macchina Per Tatuaggi El Cartel Vispa Nera online o nello showroom da Salon For All Italia. Il grossista per saloni, studi e spa in Italia e Svizzera.\" \/>\n<meta property=\"og:url\" content=\"https:\/\/salonforall.it\/en\/macchina-per-tatuaggi-el-cartel-vispa-nera\/\" \/>\n<meta property=\"og:site_name\" content=\"Salon For All Italia\" \/>\n<meta property=\"article:modified_time\" content=\"2026-05-14T02:18:05+00:00\" \/>\n<meta property=\"og:image\" content=\"https:\/\/salonforall.it\/wp-content\/uploads\/2025\/12\/Macchina-Per-Tatuaggi-El-Cartel-Vispa-Nera-1.jpg\" \/>\n\t<meta property=\"og:image:width\" content=\"1200\" \/>\n\t<meta property=\"og:image:height\" content=\"1200\" \/>\n\t<meta property=\"og:image:type\" content=\"image\/jpeg\" \/>\n<meta name=\"twitter:card\" content=\"summary_large_image\" \/>\n<meta name=\"twitter:title\" content=\"Macchina Per Tatuaggi El Cartel Vispa Nera\" \/>\n<meta name=\"twitter:label1\" content=\"Estimated reading time\" \/>\n\t<meta name=\"twitter:data1\" content=\"8 minutes\" \/>\n<script type=\"application\/ld+json\" class=\"yoast-schema-graph\">{\"@context\":\"https:\\\/\\\/schema.org\",\"@graph\":[{\"@type\":\"WebPage\",\"@id\":\"https:\\\/\\\/salonforall.it\\\/macchina-per-tatuaggi-el-cartel-vispa-nera\\\/\",\"url\":\"https:\\\/\\\/salonforall.it\\\/macchina-per-tatuaggi-el-cartel-vispa-nera\\\/\",\"name\":\"Macchina Per Tatuaggi El Cartel Vispa Nera acquistare\",\"isPartOf\":{\"@id\":\"https:\\\/\\\/salonforall.it\\\/#website\"},\"primaryImageOfPage\":{\"@id\":\"https:\\\/\\\/salonforall.it\\\/macchina-per-tatuaggi-el-cartel-vispa-nera\\\/#primaryimage\"},\"image\":{\"@id\":\"https:\\\/\\\/salonforall.it\\\/macchina-per-tatuaggi-el-cartel-vispa-nera\\\/#primaryimage\"},\"thumbnailUrl\":\"https:\\\/\\\/salonforall.it\\\/wp-content\\\/uploads\\\/2025\\\/12\\\/Macchina-Per-Tatuaggi-El-Cartel-Vispa-Nera-1.jpg\",\"datePublished\":\"2025-12-03T19:24:25+00:00\",\"dateModified\":\"2026-05-14T02:18:05+00:00\",\"description\":\"Acquista Macchina Per Tatuaggi El Cartel Vispa Nera online o nello showroom da Salon For All Italia. Il grossista per saloni, studi e spa in Italia e Svizzera.\",\"breadcrumb\":{\"@id\":\"https:\\\/\\\/salonforall.it\\\/macchina-per-tatuaggi-el-cartel-vispa-nera\\\/#breadcrumb\"},\"inLanguage\":\"en-GB\",\"potentialAction\":[{\"@type\":\"ReadAction\",\"target\":[\"https:\\\/\\\/salonforall.it\\\/macchina-per-tatuaggi-el-cartel-vispa-nera\\\/\"]}]},{\"@type\":\"ImageObject\",\"inLanguage\":\"en-GB\",\"@id\":\"https:\\\/\\\/salonforall.it\\\/macchina-per-tatuaggi-el-cartel-vispa-nera\\\/#primaryimage\",\"url\":\"https:\\\/\\\/salonforall.it\\\/wp-content\\\/uploads\\\/2025\\\/12\\\/Macchina-Per-Tatuaggi-El-Cartel-Vispa-Nera-1.jpg\",\"contentUrl\":\"https:\\\/\\\/salonforall.it\\\/wp-content\\\/uploads\\\/2025\\\/12\\\/Macchina-Per-Tatuaggi-El-Cartel-Vispa-Nera-1.jpg\",\"width\":1200,\"height\":1200,\"caption\":\"Macchina Per Tatuaggi El Cartel Vispa Nera\"},{\"@type\":\"BreadcrumbList\",\"@id\":\"https:\\\/\\\/salonforall.it\\\/macchina-per-tatuaggi-el-cartel-vispa-nera\\\/#breadcrumb\",\"itemListElement\":[{\"@type\":\"ListItem\",\"position\":1,\"name\":\"Home\",\"item\":\"https:\\\/\\\/salonforall.it\\\/\"},{\"@type\":\"ListItem\",\"position\":2,\"name\":\"Winkel\",\"item\":\"https:\\\/\\\/salonforall.it\\\/winkel\\\/\"},{\"@type\":\"ListItem\",\"position\":3,\"name\":\"Macchina Per Tatuaggi El Cartel Vispa Nera\"}]},{\"@type\":\"WebSite\",\"@id\":\"https:\\\/\\\/salonforall.it\\\/#website\",\"url\":\"https:\\\/\\\/salonforall.it\\\/\",\"name\":\"Salon For All Italia\",\"description\":\"Grossista di mobili e forniture per studi medici e saloni\",\"publisher\":{\"@id\":\"https:\\\/\\\/salonforall.it\\\/#organization\"},\"potentialAction\":[{\"@type\":\"SearchAction\",\"target\":{\"@type\":\"EntryPoint\",\"urlTemplate\":\"https:\\\/\\\/salonforall.it\\\/?s={search_term_string}\"},\"query-input\":{\"@type\":\"PropertyValueSpecification\",\"valueRequired\":true,\"valueName\":\"search_term_string\"}}],\"inLanguage\":\"en-GB\"},{\"@type\":\"Organization\",\"@id\":\"https:\\\/\\\/salonforall.it\\\/#organization\",\"name\":\"Salon For All Italia\",\"url\":\"https:\\\/\\\/salonforall.it\\\/\",\"logo\":{\"@type\":\"ImageObject\",\"inLanguage\":\"en-GB\",\"@id\":\"https:\\\/\\\/salonforall.it\\\/#\\\/schema\\\/logo\\\/image\\\/\",\"url\":\"https:\\\/\\\/salonforall.it\\\/wp-content\\\/uploads\\\/2025\\\/11\\\/logo-salon-for-all-e1764543264615.png\",\"contentUrl\":\"https:\\\/\\\/salonforall.it\\\/wp-content\\\/uploads\\\/2025\\\/11\\\/logo-salon-for-all-e1764543264615.png\",\"width\":500,\"height\":150,\"caption\":\"Salon For All Italia\"},\"image\":{\"@id\":\"https:\\\/\\\/salonforall.it\\\/#\\\/schema\\\/logo\\\/image\\\/\"}}]}<\/script>\n<!-- \/ Yoast SEO plugin. -->","yoast_head_json":{"title":"Macchina Per Tatuaggi El Cartel Vispa Nera acquistare","description":"Acquista Macchina Per Tatuaggi El Cartel Vispa Nera online o nello showroom da Salon For All Italia. Il grossista per saloni, studi e spa in Italia e Svizzera.","robots":{"index":"index","follow":"follow","max-snippet":"max-snippet:-1","max-image-preview":"max-image-preview:large","max-video-preview":"max-video-preview:-1"},"canonical":"https:\/\/salonforall.it\/en\/macchina-per-tatuaggi-el-cartel-vispa-nera\/","og_locale":"en_GB","og_type":"article","og_title":"Macchina Per Tatuaggi El Cartel Vispa Nera","og_description":"Acquista Macchina Per Tatuaggi El Cartel Vispa Nera online o nello showroom da Salon For All Italia. Il grossista per saloni, studi e spa in Italia e Svizzera.","og_url":"https:\/\/salonforall.it\/en\/macchina-per-tatuaggi-el-cartel-vispa-nera\/","og_site_name":"Salon For All Italia","article_modified_time":"2026-05-14T02:18:05+00:00","og_image":[{"width":1200,"height":1200,"url":"https:\/\/salonforall.it\/wp-content\/uploads\/2025\/12\/Macchina-Per-Tatuaggi-El-Cartel-Vispa-Nera-1.jpg","type":"image\/jpeg"}],"twitter_card":"summary_large_image","twitter_title":"Macchina Per Tatuaggi El Cartel Vispa Nera","twitter_misc":{"Estimated reading time":"8 minutes"},"schema":{"@context":"https:\/\/schema.org","@graph":[{"@type":"WebPage","@id":"https:\/\/salonforall.it\/macchina-per-tatuaggi-el-cartel-vispa-nera\/","url":"https:\/\/salonforall.it\/macchina-per-tatuaggi-el-cartel-vispa-nera\/","name":"Macchina Per Tatuaggi El Cartel Vispa Nera acquistare","isPartOf":{"@id":"https:\/\/salonforall.it\/#website"},"primaryImageOfPage":{"@id":"https:\/\/salonforall.it\/macchina-per-tatuaggi-el-cartel-vispa-nera\/#primaryimage"},"image":{"@id":"https:\/\/salonforall.it\/macchina-per-tatuaggi-el-cartel-vispa-nera\/#primaryimage"},"thumbnailUrl":"https:\/\/salonforall.it\/wp-content\/uploads\/2025\/12\/Macchina-Per-Tatuaggi-El-Cartel-Vispa-Nera-1.jpg","datePublished":"2025-12-03T19:24:25+00:00","dateModified":"2026-05-14T02:18:05+00:00","description":"Acquista Macchina Per Tatuaggi El Cartel Vispa Nera online o nello showroom da Salon For All Italia. Il grossista per saloni, studi e spa in Italia e Svizzera.","breadcrumb":{"@id":"https:\/\/salonforall.it\/macchina-per-tatuaggi-el-cartel-vispa-nera\/#breadcrumb"},"inLanguage":"en-GB","potentialAction":[{"@type":"ReadAction","target":["https:\/\/salonforall.it\/macchina-per-tatuaggi-el-cartel-vispa-nera\/"]}]},{"@type":"ImageObject","inLanguage":"en-GB","@id":"https:\/\/salonforall.it\/macchina-per-tatuaggi-el-cartel-vispa-nera\/#primaryimage","url":"https:\/\/salonforall.it\/wp-content\/uploads\/2025\/12\/Macchina-Per-Tatuaggi-El-Cartel-Vispa-Nera-1.jpg","contentUrl":"https:\/\/salonforall.it\/wp-content\/uploads\/2025\/12\/Macchina-Per-Tatuaggi-El-Cartel-Vispa-Nera-1.jpg","width":1200,"height":1200,"caption":"Macchina Per Tatuaggi El Cartel Vispa Nera"},{"@type":"BreadcrumbList","@id":"https:\/\/salonforall.it\/macchina-per-tatuaggi-el-cartel-vispa-nera\/#breadcrumb","itemListElement":[{"@type":"ListItem","position":1,"name":"Home","item":"https:\/\/salonforall.it\/"},{"@type":"ListItem","position":2,"name":"Winkel","item":"https:\/\/salonforall.it\/winkel\/"},{"@type":"ListItem","position":3,"name":"Macchina Per Tatuaggi El Cartel Vispa Nera"}]},{"@type":"WebSite","@id":"https:\/\/salonforall.it\/#website","url":"https:\/\/salonforall.it\/","name":"Salon For All Italia","description":"Grossista di mobili e forniture per studi medici e saloni","publisher":{"@id":"https:\/\/salonforall.it\/#organization"},"potentialAction":[{"@type":"SearchAction","target":{"@type":"EntryPoint","urlTemplate":"https:\/\/salonforall.it\/?s={search_term_string}"},"query-input":{"@type":"PropertyValueSpecification","valueRequired":true,"valueName":"search_term_string"}}],"inLanguage":"en-GB"},{"@type":"Organization","@id":"https:\/\/salonforall.it\/#organization","name":"Salon For All Italia","url":"https:\/\/salonforall.it\/","logo":{"@type":"ImageObject","inLanguage":"en-GB","@id":"https:\/\/salonforall.it\/#\/schema\/logo\/image\/","url":"https:\/\/salonforall.it\/wp-content\/uploads\/2025\/11\/logo-salon-for-all-e1764543264615.png","contentUrl":"https:\/\/salonforall.it\/wp-content\/uploads\/2025\/11\/logo-salon-for-all-e1764543264615.png","width":500,"height":150,"caption":"Salon For All Italia"},"image":{"@id":"https:\/\/salonforall.it\/#\/schema\/logo\/image\/"}}]}},"_links":{"self":[{"href":"https:\/\/salonforall.it\/en\/wp-json\/wp\/v2\/product\/20420","targetHints":{"allow":["GET"]}}],"collection":[{"href":"https:\/\/salonforall.it\/en\/wp-json\/wp\/v2\/product"}],"about":[{"href":"https:\/\/salonforall.it\/en\/wp-json\/wp\/v2\/types\/product"}],"replies":[{"embeddable":true,"href":"https:\/\/salonforall.it\/en\/wp-json\/wp\/v2\/comments?post=20420"}],"wp:featuredmedia":[{"embeddable":true,"href":"https:\/\/salonforall.it\/en\/wp-json\/wp\/v2\/media\/20421"}],"wp:attachment":[{"href":"https:\/\/salonforall.it\/en\/wp-json\/wp\/v2\/media?parent=20420"}],"wp:term":[{"taxonomy":"product_brand","embeddable":true,"href":"https:\/\/salonforall.it\/en\/wp-json\/wp\/v2\/product_brand?post=20420"},{"taxonomy":"product_cat","embeddable":true,"href":"https:\/\/salonforall.it\/en\/wp-json\/wp\/v2\/product_cat?post=20420"},{"taxonomy":"product_tag","embeddable":true,"href":"https:\/\/salonforall.it\/en\/wp-json\/wp\/v2\/product_tag?post=20420"}],"curies":[{"name":"wp","href":"https:\/\/api.w.org\/{rel}","templated":true}]}}