{"id":21223,"date":"2025-12-03T19:55:01","date_gmt":"2025-12-03T19:55:01","guid":{"rendered":"https:\/\/salonforall.it\/assorbitore-di-polvere-saeyang-marathon-levent\/"},"modified":"2026-05-14T02:18:49","modified_gmt":"2026-05-14T02:18:49","slug":"assorbitore-di-polvere-saeyang-marathon-levent","status":"publish","type":"product","link":"https:\/\/salonforall.it\/en\/assorbitore-di-polvere-saeyang-marathon-levent\/","title":{"rendered":"Assorbitore Di Polvere Saeyang Marathon Levent"},"content":{"rendered":"<h2>Informazioni su Assorbitore Di Polvere Saeyang Marathon Levent con codice articolo 149721<\/h2>\n<p><img decoding=\"async\" src=\"https:\/\/activeshop.com.pl\/media\/wysiwyg\/product\/149721\/EN_149721_1.jpg\"><\/p>\n<p>Il marchio <strong>Saeyang<\/strong> offre strumenti di alta qualit\u00e0 utili per l&#8217;esecuzione di trattamenti professionali di manicure e pedicure. I prodotti Saeyang, apprezzati dai cosmetologi, sono caratterizzati da un&#8217;eccellente lavorazione, precisione e dall&#8217;utilizzo di soluzioni innovative.<\/p>\n<p><img decoding=\"async\" src=\"https:\/\/activeshop.com.pl\/media\/wysiwyg\/product\/149721\/EN_149721_2.jpg\"><\/p>\n<h2><strong>Un dispositivo efficace per ogni parrucchiere<\/strong><\/h2>\n<p>L&#8217;<strong>aspiratore di polvere a cassetta Marathon Levent<\/strong> professionale con due tipi di filtri <strong>protegge efficacemente la salute<\/strong> sia dei parrucchieri che dei clienti, <strong>eliminando la polvere<\/strong> generata durante i trattamenti. Grazie all&#8217;elevata potenza e al sistema di filtraggio avanzato, il dispositivo garantisce comfort durante la manicure e la pedicure, garantendo un ambiente pulito e sicuro. Inoltre, il suo design moderno ed estetico rende l&#8217;assorbitore non solo un accessorio pratico, ma anche elegante nei centri estetici.<\/p>\n<p><img decoding=\"async\" src=\"https:\/\/activeshop.com.pl\/media\/wysiwyg\/product\/149721\/EN_149721_3.jpg\"><\/p>\n<h2><strong>Assorbitore di polvere efficiente con potenza adeguata<\/strong><\/h2>\n<p>Quando si lavora con il trapano per unghie, si genera una quantit\u00e0 significativa di polvere, che pu\u00f2 rappresentare un rischio per la salute in caso di contatto prolungato. Pertanto, in un salone di manicure, vale la pena investire in un <strong>assorbitore di polvere efficiente<\/strong> che purifichi efficacemente l&#8217;aria, migliorando gli standard igienici e offrendo comfort sia all&#8217;estetista che alle clienti. Grazie alla <strong>ventola ad alta velocit\u00e0<\/strong>, il dispositivo aspira rapidamente ed efficacemente la polvere generata durante la manicure, indirizzandola <strong>direttamente verso filtri efficaci<\/strong>, che trattengono anche le particelle pi\u00f9 fini.<\/p>\n<p><img decoding=\"async\" src=\"https:\/\/activeshop.com.pl\/media\/wysiwyg\/product\/149721\/EN_149721_4.jpg\"><\/p>\n<h2><strong>Sicurezza di servizio con filtri potenti<\/strong><\/h2>\n<p>Il modello utilizza un filtro HEPA a cassetta, che <strong>blocca efficacemente anche le particelle di polvere pi\u00f9 piccole<\/strong>, garantendo aria pulita sul posto di lavoro. L&#8217;aria filtrata viene espulsa attraverso <strong>prese d&#8217;aria posizionate con precisione<\/strong>, che supportano l&#8217;efficienza del dispositivo. Un&#8217;<strong>ampia superficie di assorbimento<\/strong> consente di tenere entrambe le mani sopra il dispositivo contemporaneamente e, grazie all&#8217;elevata efficienza dell&#8217;assorbitore, i contaminanti vengono <strong>rimossi efficacemente direttamente nel filtro<\/strong>. Inoltre, per aumentare ulteriormente la sicurezza e l&#8217;igiene, il dispositivo \u00e8 dotato di filtri in cotone che supportano il funzionamento del sistema di filtrazione principale, garantendo un&#8217;eccezionale pulizia dell&#8217;ambiente di lavoro.<\/p>\n<p><img decoding=\"async\" src=\"https:\/\/activeshop.com.pl\/media\/wysiwyg\/product\/149721\/EN_149721_5.jpg\"><\/p>\n<h2><strong>Funzionalit\u00e0 efficienti per il comfort di lavoro<\/strong><\/h2>\n<p>L&#8217;assorbitore Marathon senza sacchetto offre una regolazione manuale semplice e intuitiva della velocit\u00e0 di aspirazione, consentendo un adattamento preciso del funzionamento del dispositivo alle esigenze del momento. Inoltre, il sistema &#8220;click&#8221; con un caratteristico segnale acustico segnala l&#8217;accensione o lo spegnimento del dispositivo, aumentandone il comfort di utilizzo. Le funzionalit\u00e0 attentamente progettate dell&#8217;assorbitore <strong>migliorano significativamente l&#8217;ergonomia del lavoro<\/strong>, garantendo comfort ed efficienza durante i trattamenti quotidiani.<\/p>\n<p><img decoding=\"async\" src=\"https:\/\/activeshop.com.pl\/media\/wysiwyg\/product\/149721\/EN_149721_6.jpg\"><\/p>\n<h2><strong>Attrezzatura pratica dal design accattivante<\/strong><\/h2>\n<p>L&#8217;assorbitore \u00e8 stato <strong>progettato con eccezionale attenzione ai dettagli<\/strong> e il suo aspetto futuristico si integra perfettamente nell&#8217;estetica dei moderni saloni di bellezza. Il design visivamente accattivante fa s\u00ec che il dispositivo si integri armoniosamente con quasi tutti gli interni. Il <strong>coperchio con montaggio magnetico<\/strong> garantisce stabilit\u00e0 ed elimina il rischio di spostamento durante il funzionamento, e la sua forma unica attira l&#8217;attenzione, lasciando un&#8217;impressione positiva tra i clienti. La rimozione rapida facilita la pulizia e, grazie al <strong>rivestimento UV<\/strong>, mantiene la sua forma anche dopo il contatto con l&#8217;acetone. I piedini antiscivolo aumentano ulteriormente la stabilit\u00e0 del dispositivo, garantendo un utilizzo sicuro e confortevole.<\/p>\n<p><img decoding=\"async\" src=\"https:\/\/activeshop.com.pl\/media\/wysiwyg\/product\/149721\/EN_149721_7.jpg\"><\/p>\n<p>Prima dell&#8217;uso, leggere attentamente le istruzioni.<br \/><strong>Il set include:<\/strong> base assorbente, copertura magnetica, filtro HEPA, confezione da 50 filtri in cotone, alimentatore, istruzioni.<\/p>\n<p><strong>Dati:<\/strong><br \/>Numero di ventole: 1<br \/>Filtri: 2 \u2013 HEPA e cotone<br \/>Velocit\u00e0 massima: 4000 giri\/min<br \/>Flusso d&#8217;aria: 1,6\u20131,77 m\u00b3 al minuto<br \/>Livello di rumore in funzione: 64 dB (max. 65,9 dB)<br \/>Colore della custodia: tonalit\u00e0 di bianco<br \/>Potenza: 52,8 W<br \/>Tensione: 100-240 V<\/p>\n<p>Dimensioni dei filtri usa e getta: 18\u00d718 cm<br \/>Dimensioni del filtro a cassetta: 16\u00d716 cm<\/p>\n<div class=\"video-container\"> <iframe height=\"315\" src=\"https:\/\/www.youtube.com\/embed\/t2NtiYs-Ljk\" frameborder=\"0\" width=\"560\" allowfullscreen allow=\"accelerometer; autoplay; encrypted-media; gyroscope; picture-in-picture\"> <\/iframe> <\/div>\n<p>I prodotti Activeshop sono proporzionalmente pi\u00f9 economici di molti altri marchi\/fornitori. Il prezzo \u00e8 proporzionato alla qualit\u00e0. Assorbitore Di Polvere Saeyang Marathon Levent \u00e8 quindi una soluzione accessibile per il tuo salone.<\/p>\n<h2>Come viene consegnato Assorbitore Di Polvere Saeyang Marathon Levent?<\/h2>\n<p>Assorbitore Di Polvere Saeyang Marathon Levent viene consegnato nella confezione originale. In Italia la spedizione di Assorbitore Di Polvere Saeyang Marathon Levent \u00e8 completamente gratuita per ordini a partire da 100,- euro. Per spedizioni verso altri paesi si applicano tariffe di spedizione separate. Puoi richiedere queste tariffe o trovarle nel carrello. Assorbitore Di Polvere Saeyang Marathon Levent viene spedito tramite un corriere esterno.<\/p>\n<p>I pacchi o i pallet vengono consegnati di serie fino alla soglia della porta d&#8217;ingresso, anche se ti trovi in un edificio collettivo, condominio o complesso residenziale con ascensore (a condizione che l&#8217;articolo entri nell&#8217;ascensore). Non c&#8217;\u00e8 un ascensore o l&#8217;articolo non entra nell&#8217;ascensore? Allora consegniamo fino alla soglia del piano terra.<\/p>\n<p>Hai ancora domande sulla consegna o una situazione particolare? Contattaci e saremo lieti di aiutarti!<\/p>\n<p>*Gli articoli non vengono disimballati o montati di serie. In situazioni particolari puoi contattarci per fare accordi in merito.<\/p>\n<h2>Acquisti online sicuri su Salon For All con il marchio di qualit\u00e0 Webwinkelkeur e crittografia SSL<\/h2>\n<p>\u00c8 importante per noi che i nostri clienti possano fare acquisti online in sicurezza. Siamo affiliati al marchio di qualit\u00e0 nazionale Webwinkelkeur dal 2019. La nostra identit\u00e0 \u00e8 stata controllata e verificata da loro e il negozio online \u00e8 stato controllato e approvato legalmente. Inoltre, il nostro negozio online \u00e8 affiliato a loro per la mediazione delle controversie. Puoi vedere il badge con tutte le informazioni di questo marchio di qualit\u00e0 del negozio online sul lato sinistro o destro del negozio online (pulsante rosa con bianco). Inoltre, il nostro sito \u00e8 protetto con un certificato SSL in modo da poter navigare in sicurezza. Nella barra del tuo browser Internet, dove \u00e8 indicato il nostro sito web, vedrai un&#8217;icona a forma di lucchetto. Se clicchi sul lucchetto, otterrai tutte le informazioni sulla nostra sicurezza. In questo modo sai che il tuo ordine di Assorbitore Di Polvere Saeyang Marathon Levent e i tuoi dati personali vengono elaborati in modo sicuro.<\/p>\n<h2>Come posso pagare Assorbitore Di Polvere Saeyang Marathon Levent?<\/h2>\n<p>Vogliamo renderti le cose il pi\u00f9 semplici possibile. Ecco perch\u00e9 su Salon For All puoi pagare con tutti i metodi di pagamento noti e comuni. Pagare in anticipo, alla consegna o in seguito; tutto \u00e8 possibile. Vedi qui tutti i metodi di pagamento che offriamo:<\/p>\n<ul>\n<li>iDEAL<\/li>\n<li>Carta di credito (Visa, Mastercard, American Express)<\/li>\n<li>Klarna &#8211; Pagamento posticipato con fattura<\/li>\n<li>PayPal<\/li>\n<li>Apple Pay<\/li>\n<li>Google Pay<\/li>\n<li>Bancontact<\/li>\n<li>Bonifico bancario SEPA<\/li>\n<li>MyBank (per clienti italiani)<\/li>\n<li>Fattura aziendale per imprese<\/li>\n<li>Pagamento nello showroom &#8211; Sia carta che contanti (Disponibile solo per il ritiro)<\/li>\n<\/ul>\n<h2>Consulta anche le recensioni di Salon For All<\/h2>\n<p>Consulta anche le nostre recensioni per tenere conto delle esperienze dei nostri clienti attuali nella tua decisione di ordinare Assorbitore Di Polvere Saeyang Marathon Levent da noi. Attraverso il nostro marchio di qualit\u00e0 indipendente del negozio online Webwinkelkeur, vengono raccolte automaticamente recensioni verificate di clienti che hanno completato un ordine con noi. Puoi trovarle dietro il pulsante rosa sul nostro negozio online o sono elencate sotto i prodotti.<\/p>\n<p>Condividi anche la tua esperienza dopo il tuo acquisto con il tuo Assorbitore Di Polvere Saeyang Marathon Levent ordinato e la tua esperienza con il processo di acquisto o il contatto con Salon For All per ispirare gli altri!<\/p>\n<h2>Contatto con Salon For All<\/h2>\n<p>Contattaci allora. Saremo lieti di aiutarti con l&#8217;acquisto di Assorbitore Di Polvere Saeyang Marathon Levent. Nei giorni feriali siamo raggiungibili al meglio tra le 8.30 e le 17.00 tramite il numero di telefono e l&#8217;indirizzo e-mail nella parte superiore del negozio online o tramite la funzione chat. Le domande al di fuori dell&#8217;orario d&#8217;ufficio vengono generalmente risposte entro 24 ore. \u00c8 anche possibile venirci a trovare al di fuori dei giorni feriali o dell&#8217;orario d&#8217;ufficio. Ma per questo \u00e8 necessario prendere un appuntamento in anticipo.<\/p>\n<h2>Vuoi venire nel nostro showroom?<\/h2>\n<p>Preferisci vedere Assorbitore Di Polvere Saeyang Marathon Levent o esplorare la nostra offerta del negozio (online) insieme al nostro collega? Allora vieni nel nostro showroom con oltre 1000m\u00b2 di arredamento per saloni e lasciati ispirare dai nostri dipendenti. Anche se ti piace fare conoscenza in modo piacevole gustando una buona tazza di caff\u00e8 o t\u00e8, sei il benvenuto. Non abbiamo tutti i prodotti disponibili, quindi faccici sapere in anticipo che vuoi venire. Prendi sempre un appuntamento in anticipo.<\/p>\n<h2>14 giorni di riflessione e la nostra politica di reso<\/h2>\n<p>Naturalmente pu\u00f2 succedere che Assorbitore Di Polvere Saeyang Marathon Levent consegnato non sia completamente di tuo gradimento e tu voglia restituirlo. Questo non \u00e8 assolutamente un problema con Salon For All. Devi segnalare il tuo reso entro 14 giorni lavorativi tramite <a href=\"mailto:info@salonforall.com\">info@salonforall.it<\/a>. Riceverai quindi prima tutte le istruzioni e condizioni di reso. Si prega di notare che Assorbitore Di Polvere Saeyang Marathon Levent non deve essere stato utilizzato, deve contenere tutte le parti fornite e deve essere restituito imballato nella confezione originale. I costi di spedizione per un reso sono sempre a carico dell&#8217;acquirente per gli acquisti tramite www.salonforall.it. Devi organizzare tu stesso un trasporto presso un corriere di tua scelta per un reso. Una volta che Assorbitore Di Polvere Saeyang Marathon Levent \u00e8 stato restituito, verr\u00e0 controllato per completezza e danni. Una volta che il reso \u00e8 stato approvato, l&#8217;importo di acquisto verr\u00e0 rimborsato entro 5 giorni lavorativi sul conto bancario da noi conosciuto.<\/p>\n<h2>Chi \u00e8 Salon For All?<\/h2>\n<p>Salon For All \u00e8 IL grossista per ogni arredamento di saloni in Europa. Salon For All \u00e8 iniziato nel 2003 con il nome Salonvoordeel ed \u00e8 nato dalla pratica. I proprietari di Salon For All erano parrucchieri e specialisti della bellezza esperti e hanno insieme oltre 30 anni di esperienza pratica. Nel 2003 abbiamo lanciato Salonvoordeel.nl (Paesi Bassi) e successivamente \u00e8 stato fondato Salon For All per il mercato europeo. Alcuni dei nostri dipendenti hanno avviato una propria attivit\u00e0 e cos\u00ec \u00e8 nata l&#8217;idea di avviare un negozio online funzionale per parrucchieri e aiutarli con l&#8217;arredamento del loro salone.<\/p>\n<p>Il nostro showroom si trova a Dinxperlo, direttamente al confine tra i Paesi Bassi e la Germania. Con la nostra pluriennale esperienza nel settore possiamo farti da specchio e fornirti la giusta consulenza. Parliamo la stessa lingua! Ti consigliamo, ispiriamo, motiviamo e ti aiutiamo nell&#8217;acquisto di Assorbitore Di Polvere Saeyang Marathon Levent. I nostri fornitori si trovano in tutta Europa, dalla Germania, Inghilterra, Italia fino alla Polonia.<\/p>","protected":false},"excerpt":{"rendered":"<p>Il prodotto Assorbitore Di Polvere Saeyang Marathon Levent \u00e8 una soluzione conveniente per qualsiasi salone o studio professionale. Il tempo di consegna previsto \u00e8 di circa 6 giorni lavorativi.<\/p>","protected":false},"featured_media":21224,"comment_status":"open","ping_status":"open","template":"","meta":[],"product_brand":[172],"product_cat":[829,623],"product_tag":[830,625],"class_list":{"0":"post-21223","1":"product","2":"type-product","3":"status-publish","4":"has-post-thumbnail","6":"product_brand-saeyang","7":"product_cat-aspiratori-di-polvere","8":"product_cat-unghie","9":"product_tag-aspiratori-di-polvere","10":"product_tag-unghie","11":"pa_codice-ean-6855","12":"pa_garanzia-12-mesi","13":"pa_marca-saeyang","14":"pa_numero-dellarticolo-6854","15":"pa_tempo-di-consegna-stimato-3-4-giorni-lavorativi","17":"first","18":"instock","19":"sale","20":"taxable","21":"shipping-taxable","22":"purchasable","23":"product-type-simple"},"yoast_head":"<!-- This site is optimized with the Yoast SEO plugin v27.5 - https:\/\/yoast.com\/product\/yoast-seo-wordpress\/ -->\n<title>Assorbitore Di Polvere Saeyang Marathon Levent acquistare<\/title>\n<meta name=\"description\" content=\"Acquista Assorbitore Di Polvere Saeyang Marathon Levent online o nello showroom da Salon For All Italia. Il grossista per saloni, studi e spa in Italia e Svizzera.\" \/>\n<meta name=\"robots\" content=\"index, follow, max-snippet:-1, max-image-preview:large, max-video-preview:-1\" \/>\n<link rel=\"canonical\" href=\"https:\/\/salonforall.it\/en\/assorbitore-di-polvere-saeyang-marathon-levent\/\" \/>\n<meta property=\"og:locale\" content=\"en_GB\" \/>\n<meta property=\"og:type\" content=\"article\" \/>\n<meta property=\"og:title\" content=\"Assorbitore Di Polvere Saeyang Marathon Levent\" \/>\n<meta property=\"og:description\" content=\"Acquista Assorbitore Di Polvere Saeyang Marathon Levent online o nello showroom da Salon For All Italia. Il grossista per saloni, studi e spa in Italia e Svizzera.\" \/>\n<meta property=\"og:url\" content=\"https:\/\/salonforall.it\/en\/assorbitore-di-polvere-saeyang-marathon-levent\/\" \/>\n<meta property=\"og:site_name\" content=\"Salon For All Italia\" \/>\n<meta property=\"article:modified_time\" content=\"2026-05-14T02:18:49+00:00\" \/>\n<meta property=\"og:image\" content=\"https:\/\/salonforall.it\/wp-content\/uploads\/2025\/12\/Assorbitore-Di-Polvere-Saeyang-Marathon-Levent-1.jpg\" \/>\n\t<meta property=\"og:image:width\" content=\"1200\" \/>\n\t<meta property=\"og:image:height\" content=\"1200\" \/>\n\t<meta property=\"og:image:type\" content=\"image\/jpeg\" \/>\n<meta name=\"twitter:card\" content=\"summary_large_image\" \/>\n<meta name=\"twitter:title\" content=\"Assorbitore Di Polvere Saeyang Marathon Levent\" \/>\n<meta name=\"twitter:label1\" content=\"Estimated reading time\" \/>\n\t<meta name=\"twitter:data1\" content=\"8 minutes\" \/>\n<script type=\"application\/ld+json\" class=\"yoast-schema-graph\">{\"@context\":\"https:\\\/\\\/schema.org\",\"@graph\":[{\"@type\":\"WebPage\",\"@id\":\"https:\\\/\\\/salonforall.it\\\/assorbitore-di-polvere-saeyang-marathon-levent\\\/\",\"url\":\"https:\\\/\\\/salonforall.it\\\/assorbitore-di-polvere-saeyang-marathon-levent\\\/\",\"name\":\"Assorbitore Di Polvere Saeyang Marathon Levent acquistare\",\"isPartOf\":{\"@id\":\"https:\\\/\\\/salonforall.it\\\/#website\"},\"primaryImageOfPage\":{\"@id\":\"https:\\\/\\\/salonforall.it\\\/assorbitore-di-polvere-saeyang-marathon-levent\\\/#primaryimage\"},\"image\":{\"@id\":\"https:\\\/\\\/salonforall.it\\\/assorbitore-di-polvere-saeyang-marathon-levent\\\/#primaryimage\"},\"thumbnailUrl\":\"https:\\\/\\\/salonforall.it\\\/wp-content\\\/uploads\\\/2025\\\/12\\\/Assorbitore-Di-Polvere-Saeyang-Marathon-Levent-1.jpg\",\"datePublished\":\"2025-12-03T19:55:01+00:00\",\"dateModified\":\"2026-05-14T02:18:49+00:00\",\"description\":\"Acquista Assorbitore Di Polvere Saeyang Marathon Levent online o nello showroom da Salon For All Italia. Il grossista per saloni, studi e spa in Italia e Svizzera.\",\"breadcrumb\":{\"@id\":\"https:\\\/\\\/salonforall.it\\\/assorbitore-di-polvere-saeyang-marathon-levent\\\/#breadcrumb\"},\"inLanguage\":\"en-GB\",\"potentialAction\":[{\"@type\":\"ReadAction\",\"target\":[\"https:\\\/\\\/salonforall.it\\\/assorbitore-di-polvere-saeyang-marathon-levent\\\/\"]}]},{\"@type\":\"ImageObject\",\"inLanguage\":\"en-GB\",\"@id\":\"https:\\\/\\\/salonforall.it\\\/assorbitore-di-polvere-saeyang-marathon-levent\\\/#primaryimage\",\"url\":\"https:\\\/\\\/salonforall.it\\\/wp-content\\\/uploads\\\/2025\\\/12\\\/Assorbitore-Di-Polvere-Saeyang-Marathon-Levent-1.jpg\",\"contentUrl\":\"https:\\\/\\\/salonforall.it\\\/wp-content\\\/uploads\\\/2025\\\/12\\\/Assorbitore-Di-Polvere-Saeyang-Marathon-Levent-1.jpg\",\"width\":1200,\"height\":1200,\"caption\":\"Assorbitore Di Polvere Saeyang Marathon Levent\"},{\"@type\":\"BreadcrumbList\",\"@id\":\"https:\\\/\\\/salonforall.it\\\/assorbitore-di-polvere-saeyang-marathon-levent\\\/#breadcrumb\",\"itemListElement\":[{\"@type\":\"ListItem\",\"position\":1,\"name\":\"Home\",\"item\":\"https:\\\/\\\/salonforall.it\\\/\"},{\"@type\":\"ListItem\",\"position\":2,\"name\":\"Winkel\",\"item\":\"https:\\\/\\\/salonforall.it\\\/winkel\\\/\"},{\"@type\":\"ListItem\",\"position\":3,\"name\":\"Assorbitore Di Polvere Saeyang Marathon Levent\"}]},{\"@type\":\"WebSite\",\"@id\":\"https:\\\/\\\/salonforall.it\\\/#website\",\"url\":\"https:\\\/\\\/salonforall.it\\\/\",\"name\":\"Salon For All Italia\",\"description\":\"Grossista di mobili e forniture per studi medici e saloni\",\"publisher\":{\"@id\":\"https:\\\/\\\/salonforall.it\\\/#organization\"},\"potentialAction\":[{\"@type\":\"SearchAction\",\"target\":{\"@type\":\"EntryPoint\",\"urlTemplate\":\"https:\\\/\\\/salonforall.it\\\/?s={search_term_string}\"},\"query-input\":{\"@type\":\"PropertyValueSpecification\",\"valueRequired\":true,\"valueName\":\"search_term_string\"}}],\"inLanguage\":\"en-GB\"},{\"@type\":\"Organization\",\"@id\":\"https:\\\/\\\/salonforall.it\\\/#organization\",\"name\":\"Salon For All Italia\",\"url\":\"https:\\\/\\\/salonforall.it\\\/\",\"logo\":{\"@type\":\"ImageObject\",\"inLanguage\":\"en-GB\",\"@id\":\"https:\\\/\\\/salonforall.it\\\/#\\\/schema\\\/logo\\\/image\\\/\",\"url\":\"https:\\\/\\\/salonforall.it\\\/wp-content\\\/uploads\\\/2025\\\/11\\\/logo-salon-for-all-e1764543264615.png\",\"contentUrl\":\"https:\\\/\\\/salonforall.it\\\/wp-content\\\/uploads\\\/2025\\\/11\\\/logo-salon-for-all-e1764543264615.png\",\"width\":500,\"height\":150,\"caption\":\"Salon For All Italia\"},\"image\":{\"@id\":\"https:\\\/\\\/salonforall.it\\\/#\\\/schema\\\/logo\\\/image\\\/\"}}]}<\/script>\n<!-- \/ Yoast SEO plugin. -->","yoast_head_json":{"title":"Assorbitore Di Polvere Saeyang Marathon Levent acquistare","description":"Acquista Assorbitore Di Polvere Saeyang Marathon Levent online o nello showroom da Salon For All Italia. Il grossista per saloni, studi e spa in Italia e Svizzera.","robots":{"index":"index","follow":"follow","max-snippet":"max-snippet:-1","max-image-preview":"max-image-preview:large","max-video-preview":"max-video-preview:-1"},"canonical":"https:\/\/salonforall.it\/en\/assorbitore-di-polvere-saeyang-marathon-levent\/","og_locale":"en_GB","og_type":"article","og_title":"Assorbitore Di Polvere Saeyang Marathon Levent","og_description":"Acquista Assorbitore Di Polvere Saeyang Marathon Levent online o nello showroom da Salon For All Italia. Il grossista per saloni, studi e spa in Italia e Svizzera.","og_url":"https:\/\/salonforall.it\/en\/assorbitore-di-polvere-saeyang-marathon-levent\/","og_site_name":"Salon For All Italia","article_modified_time":"2026-05-14T02:18:49+00:00","og_image":[{"width":1200,"height":1200,"url":"https:\/\/salonforall.it\/wp-content\/uploads\/2025\/12\/Assorbitore-Di-Polvere-Saeyang-Marathon-Levent-1.jpg","type":"image\/jpeg"}],"twitter_card":"summary_large_image","twitter_title":"Assorbitore Di Polvere Saeyang Marathon Levent","twitter_misc":{"Estimated reading time":"8 minutes"},"schema":{"@context":"https:\/\/schema.org","@graph":[{"@type":"WebPage","@id":"https:\/\/salonforall.it\/assorbitore-di-polvere-saeyang-marathon-levent\/","url":"https:\/\/salonforall.it\/assorbitore-di-polvere-saeyang-marathon-levent\/","name":"Assorbitore Di Polvere Saeyang Marathon Levent acquistare","isPartOf":{"@id":"https:\/\/salonforall.it\/#website"},"primaryImageOfPage":{"@id":"https:\/\/salonforall.it\/assorbitore-di-polvere-saeyang-marathon-levent\/#primaryimage"},"image":{"@id":"https:\/\/salonforall.it\/assorbitore-di-polvere-saeyang-marathon-levent\/#primaryimage"},"thumbnailUrl":"https:\/\/salonforall.it\/wp-content\/uploads\/2025\/12\/Assorbitore-Di-Polvere-Saeyang-Marathon-Levent-1.jpg","datePublished":"2025-12-03T19:55:01+00:00","dateModified":"2026-05-14T02:18:49+00:00","description":"Acquista Assorbitore Di Polvere Saeyang Marathon Levent online o nello showroom da Salon For All Italia. Il grossista per saloni, studi e spa in Italia e Svizzera.","breadcrumb":{"@id":"https:\/\/salonforall.it\/assorbitore-di-polvere-saeyang-marathon-levent\/#breadcrumb"},"inLanguage":"en-GB","potentialAction":[{"@type":"ReadAction","target":["https:\/\/salonforall.it\/assorbitore-di-polvere-saeyang-marathon-levent\/"]}]},{"@type":"ImageObject","inLanguage":"en-GB","@id":"https:\/\/salonforall.it\/assorbitore-di-polvere-saeyang-marathon-levent\/#primaryimage","url":"https:\/\/salonforall.it\/wp-content\/uploads\/2025\/12\/Assorbitore-Di-Polvere-Saeyang-Marathon-Levent-1.jpg","contentUrl":"https:\/\/salonforall.it\/wp-content\/uploads\/2025\/12\/Assorbitore-Di-Polvere-Saeyang-Marathon-Levent-1.jpg","width":1200,"height":1200,"caption":"Assorbitore Di Polvere Saeyang Marathon Levent"},{"@type":"BreadcrumbList","@id":"https:\/\/salonforall.it\/assorbitore-di-polvere-saeyang-marathon-levent\/#breadcrumb","itemListElement":[{"@type":"ListItem","position":1,"name":"Home","item":"https:\/\/salonforall.it\/"},{"@type":"ListItem","position":2,"name":"Winkel","item":"https:\/\/salonforall.it\/winkel\/"},{"@type":"ListItem","position":3,"name":"Assorbitore Di Polvere Saeyang Marathon Levent"}]},{"@type":"WebSite","@id":"https:\/\/salonforall.it\/#website","url":"https:\/\/salonforall.it\/","name":"Salon For All Italia","description":"Grossista di mobili e forniture per studi medici e saloni","publisher":{"@id":"https:\/\/salonforall.it\/#organization"},"potentialAction":[{"@type":"SearchAction","target":{"@type":"EntryPoint","urlTemplate":"https:\/\/salonforall.it\/?s={search_term_string}"},"query-input":{"@type":"PropertyValueSpecification","valueRequired":true,"valueName":"search_term_string"}}],"inLanguage":"en-GB"},{"@type":"Organization","@id":"https:\/\/salonforall.it\/#organization","name":"Salon For All Italia","url":"https:\/\/salonforall.it\/","logo":{"@type":"ImageObject","inLanguage":"en-GB","@id":"https:\/\/salonforall.it\/#\/schema\/logo\/image\/","url":"https:\/\/salonforall.it\/wp-content\/uploads\/2025\/11\/logo-salon-for-all-e1764543264615.png","contentUrl":"https:\/\/salonforall.it\/wp-content\/uploads\/2025\/11\/logo-salon-for-all-e1764543264615.png","width":500,"height":150,"caption":"Salon For All Italia"},"image":{"@id":"https:\/\/salonforall.it\/#\/schema\/logo\/image\/"}}]}},"_links":{"self":[{"href":"https:\/\/salonforall.it\/en\/wp-json\/wp\/v2\/product\/21223","targetHints":{"allow":["GET"]}}],"collection":[{"href":"https:\/\/salonforall.it\/en\/wp-json\/wp\/v2\/product"}],"about":[{"href":"https:\/\/salonforall.it\/en\/wp-json\/wp\/v2\/types\/product"}],"replies":[{"embeddable":true,"href":"https:\/\/salonforall.it\/en\/wp-json\/wp\/v2\/comments?post=21223"}],"wp:featuredmedia":[{"embeddable":true,"href":"https:\/\/salonforall.it\/en\/wp-json\/wp\/v2\/media\/21224"}],"wp:attachment":[{"href":"https:\/\/salonforall.it\/en\/wp-json\/wp\/v2\/media?parent=21223"}],"wp:term":[{"taxonomy":"product_brand","embeddable":true,"href":"https:\/\/salonforall.it\/en\/wp-json\/wp\/v2\/product_brand?post=21223"},{"taxonomy":"product_cat","embeddable":true,"href":"https:\/\/salonforall.it\/en\/wp-json\/wp\/v2\/product_cat?post=21223"},{"taxonomy":"product_tag","embeddable":true,"href":"https:\/\/salonforall.it\/en\/wp-json\/wp\/v2\/product_tag?post=21223"}],"curies":[{"name":"wp","href":"https:\/\/api.w.org\/{rel}","templated":true}]}}