{"id":21996,"date":"2025-12-03T20:12:17","date_gmt":"2025-12-03T20:12:17","guid":{"rendered":"https:\/\/salonforall.it\/piastra-valera-pulsecare-nuova\/"},"modified":"2026-03-30T02:58:56","modified_gmt":"2026-03-30T02:58:56","slug":"piastra-valera-pulsecare-nuova","status":"publish","type":"product","link":"https:\/\/salonforall.it\/en\/piastra-valera-pulsecare-nuova\/","title":{"rendered":"Piastra Valera Pulsecare \u2013 Nuova"},"content":{"rendered":"<h2>Informazioni su Piastra Valera Pulsecare \u2013 Nuova con codice articolo 154244<\/h2>\n<p><img decoding=\"async\" src=\"https:\/\/activeshop.com.pl\/media\/wysiwyg\/product\/154244\/EN_154244_1.jpg\"><\/p>\n<p><strong>Valera<\/strong> \u00e8 un marchio con oltre 60 anni di tradizione, apprezzato dai professionisti di tutto il mondo. I dispositivi per lo styling dei capelli, tra cui asciugacapelli e piastre, combinano tecnologia avanzata e cura per la salute dei capelli. Sono perfetti sia in salone che a casa.<\/p>\n<p><img decoding=\"async\" src=\"https:\/\/activeshop.com.pl\/media\/wysiwyg\/product\/154244\/EN_154244_2.jpg\"><\/p>\n<h2>Tecnologia moderna e comfort di styling<\/h2>\n<p><strong>La piastra Valera Pulsecare<\/strong> combina tecnologie innovative con la cura per la salute dei capelli, <strong>garantendo risultati eccellenti<\/strong> sia in salone che a casa. Grazie al riscaldamento rapido e al controllo preciso della temperatura, lo styling diventa facile e sicuro, mentre la <strong>ionizzazione elimina l&#8217;effetto crespo e l&#8217;elettricit\u00e0 statica dalle ciocche<\/strong>. Il design ergonomico e il lungo cavo rotante<strong>aumentano il comfort di lavoro<\/strong>, consentendo libert\u00e0 di movimento e un utilizzo pratico ogni giorno.<\/p>\n<p><img decoding=\"async\" src=\"https:\/\/activeshop.com.pl\/media\/wysiwyg\/product\/154244\/EN_154244_3.jpg\"><\/p>\n<h2>Regolazione precisa della temperatura<\/h2>\n<p>La piastra offre<strong>cinque livelli di temperatura: 120\u00b0C, 150\u00b0C, 180\u00b0C, 210\u00b0C e 230\u00b0C<\/strong>, che consentono di adattare perfettamente le impostazioni a diversi tipi di capelli e styling. Temperature pi\u00f9 basse sono adatte a ciocche sottili e delicate, <strong>riducendo al minimo il rischio di indebolimento<\/strong>, mentre temperature pi\u00f9 alte consentono una lisciatura efficace di capelli spessi e difficili da modellare<\/strong>. Grazie alla funzione di memoria, il dispositivo <strong>salva automaticamente l&#8217;ultima temperatura selezionata<\/strong>, eliminando la necessit\u00e0 di regolare le impostazioni ogni volta e facilitando lo styling quotidiano.<\/p>\n<h2>PULSE CARE \u2013 controllo preciso della temperatura<\/h2>\n<p>Il dispositivo utilizza l&#8217;avanzato <strong>sistema di controllo della temperatura PULSE CARE<\/strong>, che monitora il calore fino a 200 volte al secondo, mantenendolo <strong>a un livello costante durante tutto il processo di styling<\/strong>. Questo protegge i capelli dal surriscaldamento. La temperatura stabile consente di lisciare e arricciare i capelli in modo sicuro<\/strong>, senza il rischio di secchezza o danni. Inoltre, il riscaldamento rapido del dispositivo consente di iniziare lo styling quasi immediatamente, il che \u00e8 particolarmente comodo nell&#8217;uso quotidiano.<\/p>\n<p><img decoding=\"async\" src=\"https:\/\/activeshop.com.pl\/media\/wysiwyg\/product\/154244\/EN_154244_4.jpg\"><\/p>\n<h2>Rivestimento in ceramica e tormalina e ionizzazione<\/h2>\n<p>Le piastre sono realizzate in ceramica arricchita con tormalina, che <strong>garantisce una distribuzione uniforme del calore<\/strong> e riduce il rischio di danni ai capelli. Di conseguenza, i capelli rimangono lisci e sani. Inoltre, <strong>la tecnologia di ionizzazione emette un flusso di ioni caricati negativamente<\/strong> durante l&#8217;intero funzionamento del dispositivo, <strong>riducendo l&#8217;effetto crespo ed eliminando l&#8217;elettricit\u00e0 statica<\/strong>. Il risultato sono ciocche lisce come la seta, <strong>lucenti e dall&#8217;aspetto sano<\/strong>, senza arricciature incontrollate o opacit\u00e0.<\/p>\n<h2>Design ergonomico per comfort e sicurezza<\/h2>\n<p><strong>Il design elegante e arrotondato<\/strong> della piastra \u00e8 stato progettato pensando alla versatilit\u00e0: <strong>il dispositivo funziona perfettamente sia per lisciare che per arricciare<\/strong>. Le punte fredde non riscaldanti garantiscono <strong>maggiore sicurezza durante l&#8217;uso<\/strong>, riducendo al minimo il rischio di ustioni. Inoltre, il cavo girevole da 3 metri <strong>offre piena libert\u00e0 di movimento<\/strong>, consentendo un lavoro confortevole senza restrizioni.<\/p>\n<p><img decoding=\"async\" src=\"https:\/\/activeshop.com.pl\/media\/wysiwyg\/product\/154244\/EN_154244_5.jpg\"><\/p>\n<h2>Funzioni che aumentano la sicurezza d&#8217;uso<\/h2>\n<p>La piastra \u00e8 dotata di <strong>un interruttore automatico<\/strong> che disattiva il dispositivo dopo 60 minuti di inutilizzo. Il sistema HOT avvisa dello spegnimento della piastra con <strong>un segnale acustico<\/strong> e consente inoltre alle piastre di raffreddarsi fino a raggiungere una temperatura sicura, riducendo al minimo il rischio di ustioni<\/strong>.<\/p>\n<h2>Conservazione e accessori<\/h2>\n<p>Il set include una <strong>copertura in silicone e una custodia protettiva<\/strong>, che garantiscono una conservazione sicura e un <strong>comodo trasporto della piastra<\/strong>. La custodia protegge le piastre, mantenendole stabili e proteggendo la superficie riscaldante da eventuali danni. La custodia protegge inoltre il dispositivo da graffi e altri danni meccanici, garantendone la durata sia in salone che durante il trasporto.<\/p>\n<div class=\"video-container\"> <iframe height=\"315\" src=\"https:\/\/www.youtube.com\/embed\/12FOr4Q8UsU\" frameborder=\"0\" width=\"560\" allowfullscreen allow=\"accelerometer; autoplay; encrypted-media; gyroscope; picture-in-picture\"> <\/iframe> <\/div>\n<p>Prodotto fabbricato in Svizzera.<br \/>Leggere le istruzioni prima dell&#8217;uso. Il cavo \u00e8 lungo circa 3 metri. Le dimensioni esatte del dispositivo sono indicate nella foto.<br \/><strong>Incluso:<\/strong> piastra, custodia, istruzioni.<\/p>\n<p><strong>Dati tecnici:<\/strong><br \/>Colore: tonalit\u00e0 di nero<br \/>Potenza: 92-156 W<br \/>Tensione: 100-240 V<br \/>Garanzia: 12 mesi<br \/>Dimensioni della confezione: 32\u00d710,5\u00d79,5 cm<\/p>\n<p>I prodotti Activeshop sono proporzionalmente pi\u00f9 economici di molti altri marchi\/fornitori. Il prezzo \u00e8 proporzionato alla qualit\u00e0. Piastra Valera Pulsecare \u2013 Nuova \u00e8 quindi una soluzione accessibile per il tuo salone.<\/p>\n<h2>Come viene consegnato Piastra Valera Pulsecare \u2013 Nuova?<\/h2>\n<p>Piastra Valera Pulsecare \u2013 Nuova viene consegnato nella confezione originale. In Italia la spedizione di Piastra Valera Pulsecare \u2013 Nuova \u00e8 completamente gratuita per ordini a partire da 100,- euro. Per spedizioni verso altri paesi si applicano tariffe di spedizione separate. Puoi richiedere queste tariffe o trovarle nel carrello. Piastra Valera Pulsecare \u2013 Nuova viene spedito tramite un corriere esterno.<\/p>\n<p>I pacchi o i pallet vengono consegnati di serie fino alla soglia della porta d&#8217;ingresso, anche se ti trovi in un edificio collettivo, condominio o complesso residenziale con ascensore (a condizione che l&#8217;articolo entri nell&#8217;ascensore). Non c&#8217;\u00e8 un ascensore o l&#8217;articolo non entra nell&#8217;ascensore? Allora consegniamo fino alla soglia del piano terra.<\/p>\n<p>Hai ancora domande sulla consegna o una situazione particolare? Contattaci e saremo lieti di aiutarti!<\/p>\n<p>*Gli articoli non vengono disimballati o montati di serie. In situazioni particolari puoi contattarci per fare accordi in merito.<\/p>\n<h2>Acquisti online sicuri su Salon For All con il marchio di qualit\u00e0 Webwinkelkeur e crittografia SSL<\/h2>\n<p>\u00c8 importante per noi che i nostri clienti possano fare acquisti online in sicurezza. Siamo affiliati al marchio di qualit\u00e0 nazionale Webwinkelkeur dal 2019. La nostra identit\u00e0 \u00e8 stata controllata e verificata da loro e il negozio online \u00e8 stato controllato e approvato legalmente. Inoltre, il nostro negozio online \u00e8 affiliato a loro per la mediazione delle controversie. Puoi vedere il badge con tutte le informazioni di questo marchio di qualit\u00e0 del negozio online sul lato sinistro o destro del negozio online (pulsante rosa con bianco). Inoltre, il nostro sito \u00e8 protetto con un certificato SSL in modo da poter navigare in sicurezza. Nella barra del tuo browser Internet, dove \u00e8 indicato il nostro sito web, vedrai un&#8217;icona a forma di lucchetto. Se clicchi sul lucchetto, otterrai tutte le informazioni sulla nostra sicurezza. In questo modo sai che il tuo ordine di Piastra Valera Pulsecare \u2013 Nuova e i tuoi dati personali vengono elaborati in modo sicuro.<\/p>\n<h2>Come posso pagare Piastra Valera Pulsecare \u2013 Nuova?<\/h2>\n<p>Vogliamo renderti le cose il pi\u00f9 semplici possibile. Ecco perch\u00e9 su Salon For All puoi pagare con tutti i metodi di pagamento noti e comuni. Pagare in anticipo, alla consegna o in seguito; tutto \u00e8 possibile. Vedi qui tutti i metodi di pagamento che offriamo:<\/p>\n<ul>\n<li>iDEAL<\/li>\n<li>Carta di credito (Visa, Mastercard, American Express)<\/li>\n<li>Klarna &#8211; Pagamento posticipato con fattura<\/li>\n<li>PayPal<\/li>\n<li>Apple Pay<\/li>\n<li>Google Pay<\/li>\n<li>Bancontact<\/li>\n<li>Bonifico bancario SEPA<\/li>\n<li>MyBank (per clienti italiani)<\/li>\n<li>Fattura aziendale per imprese<\/li>\n<li>Pagamento nello showroom &#8211; Sia carta che contanti (Disponibile solo per il ritiro)<\/li>\n<\/ul>\n<h2>Consulta anche le recensioni di Salon For All<\/h2>\n<p>Consulta anche le nostre recensioni per tenere conto delle esperienze dei nostri clienti attuali nella tua decisione di ordinare Piastra Valera Pulsecare \u2013 Nuova da noi. Attraverso il nostro marchio di qualit\u00e0 indipendente del negozio online Webwinkelkeur, vengono raccolte automaticamente recensioni verificate di clienti che hanno completato un ordine con noi. Puoi trovarle dietro il pulsante rosa sul nostro negozio online o sono elencate sotto i prodotti.<\/p>\n<p>Condividi anche la tua esperienza dopo il tuo acquisto con il tuo Piastra Valera Pulsecare \u2013 Nuova ordinato e la tua esperienza con il processo di acquisto o il contatto con Salon For All per ispirare gli altri!<\/p>\n<h2>Contatto con Salon For All<\/h2>\n<p>Contattaci allora. Saremo lieti di aiutarti con l&#8217;acquisto di Piastra Valera Pulsecare \u2013 Nuova. Nei giorni feriali siamo raggiungibili al meglio tra le 8.30 e le 17.00 tramite il numero di telefono e l&#8217;indirizzo e-mail nella parte superiore del negozio online o tramite la funzione chat. Le domande al di fuori dell&#8217;orario d&#8217;ufficio vengono generalmente risposte entro 24 ore. \u00c8 anche possibile venirci a trovare al di fuori dei giorni feriali o dell&#8217;orario d&#8217;ufficio. Ma per questo \u00e8 necessario prendere un appuntamento in anticipo.<\/p>\n<h2>Vuoi venire nel nostro showroom?<\/h2>\n<p>Preferisci vedere Piastra Valera Pulsecare \u2013 Nuova o esplorare la nostra offerta del negozio (online) insieme al nostro collega? Allora vieni nel nostro showroom con oltre 1000m\u00b2 di arredamento per saloni e lasciati ispirare dai nostri dipendenti. Anche se ti piace fare conoscenza in modo piacevole gustando una buona tazza di caff\u00e8 o t\u00e8, sei il benvenuto. Non abbiamo tutti i prodotti disponibili, quindi faccici sapere in anticipo che vuoi venire. Prendi sempre un appuntamento in anticipo.<\/p>\n<h2>14 giorni di riflessione e la nostra politica di reso<\/h2>\n<p>Naturalmente pu\u00f2 succedere che Piastra Valera Pulsecare \u2013 Nuova consegnato non sia completamente di tuo gradimento e tu voglia restituirlo. Questo non \u00e8 assolutamente un problema con Salon For All. Devi segnalare il tuo reso entro 14 giorni lavorativi tramite <a href=\"mailto:info@salonforall.com\">info@salonforall.it<\/a>. Riceverai quindi prima tutte le istruzioni e condizioni di reso. Si prega di notare che Piastra Valera Pulsecare \u2013 Nuova non deve essere stato utilizzato, deve contenere tutte le parti fornite e deve essere restituito imballato nella confezione originale. I costi di spedizione per un reso sono sempre a carico dell&#8217;acquirente per gli acquisti tramite www.salonforall.it. Devi organizzare tu stesso un trasporto presso un corriere di tua scelta per un reso. Una volta che Piastra Valera Pulsecare \u2013 Nuova \u00e8 stato restituito, verr\u00e0 controllato per completezza e danni. Una volta che il reso \u00e8 stato approvato, l&#8217;importo di acquisto verr\u00e0 rimborsato entro 5 giorni lavorativi sul conto bancario da noi conosciuto.<\/p>\n<h2>Chi \u00e8 Salon For All?<\/h2>\n<p>Salon For All \u00e8 IL grossista per ogni arredamento di saloni in Europa. Salon For All \u00e8 iniziato nel 2003 con il nome Salonvoordeel ed \u00e8 nato dalla pratica. I proprietari di Salon For All erano parrucchieri e specialisti della bellezza esperti e hanno insieme oltre 30 anni di esperienza pratica. Nel 2003 abbiamo lanciato Salonvoordeel.nl (Paesi Bassi) e successivamente \u00e8 stato fondato Salon For All per il mercato europeo. Alcuni dei nostri dipendenti hanno avviato una propria attivit\u00e0 e cos\u00ec \u00e8 nata l&#8217;idea di avviare un negozio online funzionale per parrucchieri e aiutarli con l&#8217;arredamento del loro salone.<\/p>\n<p>Il nostro showroom si trova a Dinxperlo, direttamente al confine tra i Paesi Bassi e la Germania. Con la nostra pluriennale esperienza nel settore possiamo farti da specchio e fornirti la giusta consulenza. Parliamo la stessa lingua! Ti consigliamo, ispiriamo, motiviamo e ti aiutiamo nell&#8217;acquisto di Piastra Valera Pulsecare \u2013 Nuova. I nostri fornitori si trovano in tutta Europa, dalla Germania, Inghilterra, Italia fino alla Polonia.<\/p>","protected":false},"excerpt":{"rendered":"<p>Il prodotto Piastra Valera Pulsecare \u2013 Nuova \u00e8 una soluzione conveniente per qualsiasi salone o studio professionale. Il tempo di consegna previsto \u00e8 di circa 6 giorni lavorativi.<\/p>","protected":false},"featured_media":21997,"comment_status":"open","ping_status":"open","template":"","meta":[],"product_brand":[124],"product_cat":[96,281],"product_tag":[100,282],"class_list":{"0":"post-21996","1":"product","2":"type-product","3":"status-publish","4":"has-post-thumbnail","6":"product_brand-valera","7":"product_cat-attrezzature-per-saloni-di-parrucchiere","8":"product_cat-piastre-per-capelli","9":"product_tag-attrezzature-per-saloni-di-parrucchiere","10":"product_tag-piastre-per-capelli","11":"pa_codice-ean-7097","12":"pa_garanzia-12-mesi","13":"pa_marca-valera","14":"pa_numero-dellarticolo-7096","15":"pa_tempo-di-consegna-stimato-3-4-giorni-lavorativi","17":"first","18":"instock","19":"sale","20":"taxable","21":"shipping-taxable","22":"purchasable","23":"product-type-simple"},"yoast_head":"<!-- This site is optimized with the Yoast SEO plugin v27.5 - https:\/\/yoast.com\/product\/yoast-seo-wordpress\/ -->\n<title>Piastra Valera Pulsecare \u2013 Nuova acquistare<\/title>\n<meta name=\"description\" content=\"Acquista Piastra Valera Pulsecare \u2013 Nuova online o nello showroom da Salon For All Italia. Il grossista per saloni, studi e spa in Italia e Svizzera.\" \/>\n<meta name=\"robots\" content=\"index, follow, max-snippet:-1, max-image-preview:large, max-video-preview:-1\" \/>\n<link rel=\"canonical\" href=\"https:\/\/salonforall.it\/en\/piastra-valera-pulsecare-nuova\/\" \/>\n<meta property=\"og:locale\" content=\"en_GB\" \/>\n<meta property=\"og:type\" content=\"article\" \/>\n<meta property=\"og:title\" content=\"Piastra Valera Pulsecare \u2013 Nuova\" \/>\n<meta property=\"og:description\" content=\"Acquista Piastra Valera Pulsecare \u2013 Nuova online o nello showroom da Salon For All Italia. Il grossista per saloni, studi e spa in Italia e Svizzera.\" \/>\n<meta property=\"og:url\" content=\"https:\/\/salonforall.it\/en\/piastra-valera-pulsecare-nuova\/\" \/>\n<meta property=\"og:site_name\" content=\"Salon For All Italia\" \/>\n<meta property=\"article:modified_time\" content=\"2026-03-30T02:58:56+00:00\" \/>\n<meta property=\"og:image\" content=\"https:\/\/salonforall.it\/wp-content\/uploads\/2025\/12\/Piastra-Valera-Pulsecare-\u2013-Nuova-1.jpg\" \/>\n\t<meta property=\"og:image:width\" content=\"1200\" \/>\n\t<meta property=\"og:image:height\" content=\"1200\" \/>\n\t<meta property=\"og:image:type\" content=\"image\/jpeg\" \/>\n<meta name=\"twitter:card\" content=\"summary_large_image\" \/>\n<meta name=\"twitter:title\" content=\"Piastra Valera Pulsecare \u2013 Nuova\" \/>\n<meta name=\"twitter:label1\" content=\"Estimated reading time\" \/>\n\t<meta name=\"twitter:data1\" content=\"8 minutes\" \/>\n<script type=\"application\/ld+json\" class=\"yoast-schema-graph\">{\"@context\":\"https:\\\/\\\/schema.org\",\"@graph\":[{\"@type\":\"WebPage\",\"@id\":\"https:\\\/\\\/salonforall.it\\\/piastra-valera-pulsecare-nuova\\\/\",\"url\":\"https:\\\/\\\/salonforall.it\\\/piastra-valera-pulsecare-nuova\\\/\",\"name\":\"Piastra Valera Pulsecare \u2013 Nuova acquistare\",\"isPartOf\":{\"@id\":\"https:\\\/\\\/salonforall.it\\\/#website\"},\"primaryImageOfPage\":{\"@id\":\"https:\\\/\\\/salonforall.it\\\/piastra-valera-pulsecare-nuova\\\/#primaryimage\"},\"image\":{\"@id\":\"https:\\\/\\\/salonforall.it\\\/piastra-valera-pulsecare-nuova\\\/#primaryimage\"},\"thumbnailUrl\":\"https:\\\/\\\/salonforall.it\\\/wp-content\\\/uploads\\\/2025\\\/12\\\/Piastra-Valera-Pulsecare-\u2013-Nuova-1.jpg\",\"datePublished\":\"2025-12-03T20:12:17+00:00\",\"dateModified\":\"2026-03-30T02:58:56+00:00\",\"description\":\"Acquista Piastra Valera Pulsecare \u2013 Nuova online o nello showroom da Salon For All Italia. Il grossista per saloni, studi e spa in Italia e Svizzera.\",\"breadcrumb\":{\"@id\":\"https:\\\/\\\/salonforall.it\\\/piastra-valera-pulsecare-nuova\\\/#breadcrumb\"},\"inLanguage\":\"en-GB\",\"potentialAction\":[{\"@type\":\"ReadAction\",\"target\":[\"https:\\\/\\\/salonforall.it\\\/piastra-valera-pulsecare-nuova\\\/\"]}]},{\"@type\":\"ImageObject\",\"inLanguage\":\"en-GB\",\"@id\":\"https:\\\/\\\/salonforall.it\\\/piastra-valera-pulsecare-nuova\\\/#primaryimage\",\"url\":\"https:\\\/\\\/salonforall.it\\\/wp-content\\\/uploads\\\/2025\\\/12\\\/Piastra-Valera-Pulsecare-\u2013-Nuova-1.jpg\",\"contentUrl\":\"https:\\\/\\\/salonforall.it\\\/wp-content\\\/uploads\\\/2025\\\/12\\\/Piastra-Valera-Pulsecare-\u2013-Nuova-1.jpg\",\"width\":1200,\"height\":1200,\"caption\":\"Piastra Valera Pulsecare \u2013 Nuova\"},{\"@type\":\"BreadcrumbList\",\"@id\":\"https:\\\/\\\/salonforall.it\\\/piastra-valera-pulsecare-nuova\\\/#breadcrumb\",\"itemListElement\":[{\"@type\":\"ListItem\",\"position\":1,\"name\":\"Home\",\"item\":\"https:\\\/\\\/salonforall.it\\\/\"},{\"@type\":\"ListItem\",\"position\":2,\"name\":\"Winkel\",\"item\":\"https:\\\/\\\/salonforall.it\\\/winkel\\\/\"},{\"@type\":\"ListItem\",\"position\":3,\"name\":\"Piastra Valera Pulsecare \u2013 Nuova\"}]},{\"@type\":\"WebSite\",\"@id\":\"https:\\\/\\\/salonforall.it\\\/#website\",\"url\":\"https:\\\/\\\/salonforall.it\\\/\",\"name\":\"Salon For All Italia\",\"description\":\"Grossista di mobili e forniture per studi medici e saloni\",\"publisher\":{\"@id\":\"https:\\\/\\\/salonforall.it\\\/#organization\"},\"potentialAction\":[{\"@type\":\"SearchAction\",\"target\":{\"@type\":\"EntryPoint\",\"urlTemplate\":\"https:\\\/\\\/salonforall.it\\\/?s={search_term_string}\"},\"query-input\":{\"@type\":\"PropertyValueSpecification\",\"valueRequired\":true,\"valueName\":\"search_term_string\"}}],\"inLanguage\":\"en-GB\"},{\"@type\":\"Organization\",\"@id\":\"https:\\\/\\\/salonforall.it\\\/#organization\",\"name\":\"Salon For All Italia\",\"url\":\"https:\\\/\\\/salonforall.it\\\/\",\"logo\":{\"@type\":\"ImageObject\",\"inLanguage\":\"en-GB\",\"@id\":\"https:\\\/\\\/salonforall.it\\\/#\\\/schema\\\/logo\\\/image\\\/\",\"url\":\"https:\\\/\\\/salonforall.it\\\/wp-content\\\/uploads\\\/2025\\\/11\\\/logo-salon-for-all-e1764543264615.png\",\"contentUrl\":\"https:\\\/\\\/salonforall.it\\\/wp-content\\\/uploads\\\/2025\\\/11\\\/logo-salon-for-all-e1764543264615.png\",\"width\":500,\"height\":150,\"caption\":\"Salon For All Italia\"},\"image\":{\"@id\":\"https:\\\/\\\/salonforall.it\\\/#\\\/schema\\\/logo\\\/image\\\/\"}}]}<\/script>\n<!-- \/ Yoast SEO plugin. -->","yoast_head_json":{"title":"Piastra Valera Pulsecare \u2013 Nuova acquistare","description":"Acquista Piastra Valera Pulsecare \u2013 Nuova online o nello showroom da Salon For All Italia. Il grossista per saloni, studi e spa in Italia e Svizzera.","robots":{"index":"index","follow":"follow","max-snippet":"max-snippet:-1","max-image-preview":"max-image-preview:large","max-video-preview":"max-video-preview:-1"},"canonical":"https:\/\/salonforall.it\/en\/piastra-valera-pulsecare-nuova\/","og_locale":"en_GB","og_type":"article","og_title":"Piastra Valera Pulsecare \u2013 Nuova","og_description":"Acquista Piastra Valera Pulsecare \u2013 Nuova online o nello showroom da Salon For All Italia. Il grossista per saloni, studi e spa in Italia e Svizzera.","og_url":"https:\/\/salonforall.it\/en\/piastra-valera-pulsecare-nuova\/","og_site_name":"Salon For All Italia","article_modified_time":"2026-03-30T02:58:56+00:00","og_image":[{"width":1200,"height":1200,"url":"https:\/\/salonforall.it\/wp-content\/uploads\/2025\/12\/Piastra-Valera-Pulsecare-\u2013-Nuova-1.jpg","type":"image\/jpeg"}],"twitter_card":"summary_large_image","twitter_title":"Piastra Valera Pulsecare \u2013 Nuova","twitter_misc":{"Estimated reading time":"8 minutes"},"schema":{"@context":"https:\/\/schema.org","@graph":[{"@type":"WebPage","@id":"https:\/\/salonforall.it\/piastra-valera-pulsecare-nuova\/","url":"https:\/\/salonforall.it\/piastra-valera-pulsecare-nuova\/","name":"Piastra Valera Pulsecare \u2013 Nuova acquistare","isPartOf":{"@id":"https:\/\/salonforall.it\/#website"},"primaryImageOfPage":{"@id":"https:\/\/salonforall.it\/piastra-valera-pulsecare-nuova\/#primaryimage"},"image":{"@id":"https:\/\/salonforall.it\/piastra-valera-pulsecare-nuova\/#primaryimage"},"thumbnailUrl":"https:\/\/salonforall.it\/wp-content\/uploads\/2025\/12\/Piastra-Valera-Pulsecare-\u2013-Nuova-1.jpg","datePublished":"2025-12-03T20:12:17+00:00","dateModified":"2026-03-30T02:58:56+00:00","description":"Acquista Piastra Valera Pulsecare \u2013 Nuova online o nello showroom da Salon For All Italia. Il grossista per saloni, studi e spa in Italia e Svizzera.","breadcrumb":{"@id":"https:\/\/salonforall.it\/piastra-valera-pulsecare-nuova\/#breadcrumb"},"inLanguage":"en-GB","potentialAction":[{"@type":"ReadAction","target":["https:\/\/salonforall.it\/piastra-valera-pulsecare-nuova\/"]}]},{"@type":"ImageObject","inLanguage":"en-GB","@id":"https:\/\/salonforall.it\/piastra-valera-pulsecare-nuova\/#primaryimage","url":"https:\/\/salonforall.it\/wp-content\/uploads\/2025\/12\/Piastra-Valera-Pulsecare-\u2013-Nuova-1.jpg","contentUrl":"https:\/\/salonforall.it\/wp-content\/uploads\/2025\/12\/Piastra-Valera-Pulsecare-\u2013-Nuova-1.jpg","width":1200,"height":1200,"caption":"Piastra Valera Pulsecare \u2013 Nuova"},{"@type":"BreadcrumbList","@id":"https:\/\/salonforall.it\/piastra-valera-pulsecare-nuova\/#breadcrumb","itemListElement":[{"@type":"ListItem","position":1,"name":"Home","item":"https:\/\/salonforall.it\/"},{"@type":"ListItem","position":2,"name":"Winkel","item":"https:\/\/salonforall.it\/winkel\/"},{"@type":"ListItem","position":3,"name":"Piastra Valera Pulsecare \u2013 Nuova"}]},{"@type":"WebSite","@id":"https:\/\/salonforall.it\/#website","url":"https:\/\/salonforall.it\/","name":"Salon For All Italia","description":"Grossista di mobili e forniture per studi medici e saloni","publisher":{"@id":"https:\/\/salonforall.it\/#organization"},"potentialAction":[{"@type":"SearchAction","target":{"@type":"EntryPoint","urlTemplate":"https:\/\/salonforall.it\/?s={search_term_string}"},"query-input":{"@type":"PropertyValueSpecification","valueRequired":true,"valueName":"search_term_string"}}],"inLanguage":"en-GB"},{"@type":"Organization","@id":"https:\/\/salonforall.it\/#organization","name":"Salon For All Italia","url":"https:\/\/salonforall.it\/","logo":{"@type":"ImageObject","inLanguage":"en-GB","@id":"https:\/\/salonforall.it\/#\/schema\/logo\/image\/","url":"https:\/\/salonforall.it\/wp-content\/uploads\/2025\/11\/logo-salon-for-all-e1764543264615.png","contentUrl":"https:\/\/salonforall.it\/wp-content\/uploads\/2025\/11\/logo-salon-for-all-e1764543264615.png","width":500,"height":150,"caption":"Salon For All Italia"},"image":{"@id":"https:\/\/salonforall.it\/#\/schema\/logo\/image\/"}}]}},"_links":{"self":[{"href":"https:\/\/salonforall.it\/en\/wp-json\/wp\/v2\/product\/21996","targetHints":{"allow":["GET"]}}],"collection":[{"href":"https:\/\/salonforall.it\/en\/wp-json\/wp\/v2\/product"}],"about":[{"href":"https:\/\/salonforall.it\/en\/wp-json\/wp\/v2\/types\/product"}],"replies":[{"embeddable":true,"href":"https:\/\/salonforall.it\/en\/wp-json\/wp\/v2\/comments?post=21996"}],"wp:featuredmedia":[{"embeddable":true,"href":"https:\/\/salonforall.it\/en\/wp-json\/wp\/v2\/media\/21997"}],"wp:attachment":[{"href":"https:\/\/salonforall.it\/en\/wp-json\/wp\/v2\/media?parent=21996"}],"wp:term":[{"taxonomy":"product_brand","embeddable":true,"href":"https:\/\/salonforall.it\/en\/wp-json\/wp\/v2\/product_brand?post=21996"},{"taxonomy":"product_cat","embeddable":true,"href":"https:\/\/salonforall.it\/en\/wp-json\/wp\/v2\/product_cat?post=21996"},{"taxonomy":"product_tag","embeddable":true,"href":"https:\/\/salonforall.it\/en\/wp-json\/wp\/v2\/product_tag?post=21996"}],"curies":[{"name":"wp","href":"https:\/\/api.w.org\/{rel}","templated":true}]}}