{"id":22090,"date":"2025-12-03T20:13:56","date_gmt":"2025-12-03T20:13:56","guid":{"rendered":"https:\/\/salonforall.it\/kit-depilazione-iwax-rotolo-singolo-f-0-40w-bianco-rotolo-strisce\/"},"modified":"2026-05-14T02:19:17","modified_gmt":"2026-05-14T02:19:17","slug":"kit-depilazione-iwax-rotolo-singolo-f-0-40w-bianco-rotolo-strisce","status":"publish","type":"product","link":"https:\/\/salonforall.it\/en\/kit-depilazione-iwax-rotolo-singolo-f-0-40w-bianco-rotolo-strisce\/","title":{"rendered":"Kit Depilazione Iwax Rotolo Singolo F-0 40W Bianco + Rotolo + Strisce"},"content":{"rendered":"<h2>Informazioni su Kit Depilazione Iwax Rotolo Singolo F-0 40W Bianco + Rotolo + Strisce con codice articolo 148376<\/h2>\n<p>Il marchio <strong>iWAX<\/strong> si propone di fornire strumenti multifunzionali per trattamenti cosmetici con cera e paraffina, come i moderni scaldacera per la depilazione. Si concentra su un design accattivante, sulla versatilit\u00e0 dei prodotti e sulla facilit\u00e0 d&#8217;uso, rendendo la gamma <strong>iWAX<\/strong> adatta sia all&#8217;uso professionale che domestico.<\/p>\n<h2><strong>Un set completo per una pelle liscia<\/strong><\/h2>\n<p><strong>Il kit per la depilazione<\/strong> con un singolo scaldacera per rotoli di cera consente un&#8217;epilazione efficace e veloce. Uno scaldacera professionale \u00e8 <strong>uno strumento insostituibile per la rimozione dei peli superflui<\/strong> e la depilazione con la cera in rotoli \u00e8 efficace sia per i peli sottili che per quelli spessi e resistenti. Il set include anche un rotolo di cera all&#8217;azulene e una confezione di strisce depilatorie in pile.<\/p>\n<h2><strong>Dispositivo di epilazione efficace<\/strong><\/h2>\n<p><strong>Lo scaldacera a cartuccia con rullo<\/strong> \u00e8 molto facile da usare e <strong>garantisce sicurezza e velocit\u00e0 di funzionamento<\/strong>, quindi \u00e8 adatto sia per i centri estetici che per l&#8217;uso domestico. Una speciale finestra nell&#8217;involucro <strong>consente di monitorare la quantit\u00e0 di cera rimanente<\/strong> in qualsiasi momento. Il dispositivo \u00e8 pronto all&#8217;uso entro 20-30 minuti.<\/p>\n<h2><strong>Rullo di cera delicato<\/strong><\/h2>\n<p>La rimozione precisa dei peli superflui \u00e8 possibile con prodotti adeguatamente selezionati. La <strong>cera all&#8217;azulene in rullo<\/strong> ha un effetto lenitivo e antinfiammatorio. \u00c8 consigliata <strong>soprattutto per pelli sensibili<\/strong>, soggette a irritazioni, ma \u00e8 adatta a tutti i tipi di pelle. L&#8217;applicazione tramite <strong>rullo stretto<\/strong> lo rende ideale per la depilazione del viso, come baffi o sopracciglia, e delle zone pi\u00f9 nascoste del corpo.<\/p>\n<h2><strong>Strisce depilatorie efficaci<\/strong><\/h2>\n<p>Durante i trattamenti di epilazione, le <strong>strisce depilatorie interlining<\/strong> funzionano molto meglio delle loro controparti in cotone. La cera aderisce meglio, il che significa che <strong>viene staccata in modo pi\u00f9 uniforme<\/strong>. Questo riduce al minimo il fastidio durante il trattamento, riducendo la probabilit\u00e0 di irritazioni. Il set include <strong>una confezione da 20 pezzi<\/strong>.<\/p>\n<p><strong>Dati:<\/strong><br \/>Potenza riscaldatore: 40 W<br \/>Tensione riscaldatore: 220-240 V<br \/>Capacit\u00e0 del rullo di cera: 110 g<br \/>Il set include 20 strisce interlining.<\/p>\n<p>I prodotti Activeshop sono proporzionalmente pi\u00f9 economici di molti altri marchi\/fornitori. Il prezzo \u00e8 proporzionato alla qualit\u00e0. Kit Depilazione Iwax Rotolo Singolo F-0 40W Bianco + Rotolo + Strisce \u00e8 quindi una soluzione accessibile per il tuo salone.<\/p>\n<h2>Come viene consegnato Kit Depilazione Iwax Rotolo Singolo F-0 40W Bianco + Rotolo + Strisce?<\/h2>\n<p>Kit Depilazione Iwax Rotolo Singolo F-0 40W Bianco + Rotolo + Strisce viene consegnato nella confezione originale. In Italia la spedizione di Kit Depilazione Iwax Rotolo Singolo F-0 40W Bianco + Rotolo + Strisce \u00e8 completamente gratuita per ordini a partire da 100,- euro. Per spedizioni verso altri paesi si applicano tariffe di spedizione separate. Puoi richiedere queste tariffe o trovarle nel carrello. Kit Depilazione Iwax Rotolo Singolo F-0 40W Bianco + Rotolo + Strisce viene spedito tramite un corriere esterno.<\/p>\n<p>I pacchi o i pallet vengono consegnati di serie fino alla soglia della porta d&#8217;ingresso, anche se ti trovi in un edificio collettivo, condominio o complesso residenziale con ascensore (a condizione che l&#8217;articolo entri nell&#8217;ascensore). Non c&#8217;\u00e8 un ascensore o l&#8217;articolo non entra nell&#8217;ascensore? Allora consegniamo fino alla soglia del piano terra.<\/p>\n<p>Hai ancora domande sulla consegna o una situazione particolare? Contattaci e saremo lieti di aiutarti!<\/p>\n<p>*Gli articoli non vengono disimballati o montati di serie. In situazioni particolari puoi contattarci per fare accordi in merito.<\/p>\n<h2>Acquisti online sicuri su Salon For All con il marchio di qualit\u00e0 Webwinkelkeur e crittografia SSL<\/h2>\n<p>\u00c8 importante per noi che i nostri clienti possano fare acquisti online in sicurezza. Siamo affiliati al marchio di qualit\u00e0 nazionale Webwinkelkeur dal 2019. La nostra identit\u00e0 \u00e8 stata controllata e verificata da loro e il negozio online \u00e8 stato controllato e approvato legalmente. Inoltre, il nostro negozio online \u00e8 affiliato a loro per la mediazione delle controversie. Puoi vedere il badge con tutte le informazioni di questo marchio di qualit\u00e0 del negozio online sul lato sinistro o destro del negozio online (pulsante rosa con bianco). Inoltre, il nostro sito \u00e8 protetto con un certificato SSL in modo da poter navigare in sicurezza. Nella barra del tuo browser Internet, dove \u00e8 indicato il nostro sito web, vedrai un&#8217;icona a forma di lucchetto. Se clicchi sul lucchetto, otterrai tutte le informazioni sulla nostra sicurezza. In questo modo sai che il tuo ordine di Kit Depilazione Iwax Rotolo Singolo F-0 40W Bianco + Rotolo + Strisce e i tuoi dati personali vengono elaborati in modo sicuro.<\/p>\n<h2>Come posso pagare Kit Depilazione Iwax Rotolo Singolo F-0 40W Bianco + Rotolo + Strisce?<\/h2>\n<p>Vogliamo renderti le cose il pi\u00f9 semplici possibile. Ecco perch\u00e9 su Salon For All puoi pagare con tutti i metodi di pagamento noti e comuni. Pagare in anticipo, alla consegna o in seguito; tutto \u00e8 possibile. Vedi qui tutti i metodi di pagamento che offriamo:<\/p>\n<ul>\n<li>iDEAL<\/li>\n<li>Carta di credito (Visa, Mastercard, American Express)<\/li>\n<li>Klarna &#8211; Pagamento posticipato con fattura<\/li>\n<li>PayPal<\/li>\n<li>Apple Pay<\/li>\n<li>Google Pay<\/li>\n<li>Bancontact<\/li>\n<li>Bonifico bancario SEPA<\/li>\n<li>MyBank (per clienti italiani)<\/li>\n<li>Fattura aziendale per imprese<\/li>\n<li>Pagamento nello showroom &#8211; Sia carta che contanti (Disponibile solo per il ritiro)<\/li>\n<\/ul>\n<h2>Consulta anche le recensioni di Salon For All<\/h2>\n<p>Consulta anche le nostre recensioni per tenere conto delle esperienze dei nostri clienti attuali nella tua decisione di ordinare Kit Depilazione Iwax Rotolo Singolo F-0 40W Bianco + Rotolo + Strisce da noi. Attraverso il nostro marchio di qualit\u00e0 indipendente del negozio online Webwinkelkeur, vengono raccolte automaticamente recensioni verificate di clienti che hanno completato un ordine con noi. Puoi trovarle dietro il pulsante rosa sul nostro negozio online o sono elencate sotto i prodotti.<\/p>\n<p>Condividi anche la tua esperienza dopo il tuo acquisto con il tuo Kit Depilazione Iwax Rotolo Singolo F-0 40W Bianco + Rotolo + Strisce ordinato e la tua esperienza con il processo di acquisto o il contatto con Salon For All per ispirare gli altri!<\/p>\n<h2>Contatto con Salon For All<\/h2>\n<p>Contattaci allora. Saremo lieti di aiutarti con l&#8217;acquisto di Kit Depilazione Iwax Rotolo Singolo F-0 40W Bianco + Rotolo + Strisce. Nei giorni feriali siamo raggiungibili al meglio tra le 8.30 e le 17.00 tramite il numero di telefono e l&#8217;indirizzo e-mail nella parte superiore del negozio online o tramite la funzione chat. Le domande al di fuori dell&#8217;orario d&#8217;ufficio vengono generalmente risposte entro 24 ore. \u00c8 anche possibile venirci a trovare al di fuori dei giorni feriali o dell&#8217;orario d&#8217;ufficio. Ma per questo \u00e8 necessario prendere un appuntamento in anticipo.<\/p>\n<h2>Vuoi venire nel nostro showroom?<\/h2>\n<p>Preferisci vedere Kit Depilazione Iwax Rotolo Singolo F-0 40W Bianco + Rotolo + Strisce o esplorare la nostra offerta del negozio (online) insieme al nostro collega? Allora vieni nel nostro showroom con oltre 1000m\u00b2 di arredamento per saloni e lasciati ispirare dai nostri dipendenti. Anche se ti piace fare conoscenza in modo piacevole gustando una buona tazza di caff\u00e8 o t\u00e8, sei il benvenuto. Non abbiamo tutti i prodotti disponibili, quindi faccici sapere in anticipo che vuoi venire. Prendi sempre un appuntamento in anticipo.<\/p>\n<h2>14 giorni di riflessione e la nostra politica di reso<\/h2>\n<p>Naturalmente pu\u00f2 succedere che Kit Depilazione Iwax Rotolo Singolo F-0 40W Bianco + Rotolo + Strisce consegnato non sia completamente di tuo gradimento e tu voglia restituirlo. Questo non \u00e8 assolutamente un problema con Salon For All. Devi segnalare il tuo reso entro 14 giorni lavorativi tramite <a href=\"mailto:info@salonforall.com\">info@salonforall.it<\/a>. Riceverai quindi prima tutte le istruzioni e condizioni di reso. Si prega di notare che Kit Depilazione Iwax Rotolo Singolo F-0 40W Bianco + Rotolo + Strisce non deve essere stato utilizzato, deve contenere tutte le parti fornite e deve essere restituito imballato nella confezione originale. I costi di spedizione per un reso sono sempre a carico dell&#8217;acquirente per gli acquisti tramite www.salonforall.it. Devi organizzare tu stesso un trasporto presso un corriere di tua scelta per un reso. Una volta che Kit Depilazione Iwax Rotolo Singolo F-0 40W Bianco + Rotolo + Strisce \u00e8 stato restituito, verr\u00e0 controllato per completezza e danni. Una volta che il reso \u00e8 stato approvato, l&#8217;importo di acquisto verr\u00e0 rimborsato entro 5 giorni lavorativi sul conto bancario da noi conosciuto.<\/p>\n<h2>Chi \u00e8 Salon For All?<\/h2>\n<p>Salon For All \u00e8 IL grossista per ogni arredamento di saloni in Europa. Salon For All \u00e8 iniziato nel 2003 con il nome Salonvoordeel ed \u00e8 nato dalla pratica. I proprietari di Salon For All erano parrucchieri e specialisti della bellezza esperti e hanno insieme oltre 30 anni di esperienza pratica. Nel 2003 abbiamo lanciato Salonvoordeel.nl (Paesi Bassi) e successivamente \u00e8 stato fondato Salon For All per il mercato europeo. Alcuni dei nostri dipendenti hanno avviato una propria attivit\u00e0 e cos\u00ec \u00e8 nata l&#8217;idea di avviare un negozio online funzionale per parrucchieri e aiutarli con l&#8217;arredamento del loro salone.<\/p>\n<p>Il nostro showroom si trova a Dinxperlo, direttamente al confine tra i Paesi Bassi e la Germania. Con la nostra pluriennale esperienza nel settore possiamo farti da specchio e fornirti la giusta consulenza. Parliamo la stessa lingua! Ti consigliamo, ispiriamo, motiviamo e ti aiutiamo nell&#8217;acquisto di Kit Depilazione Iwax Rotolo Singolo F-0 40W Bianco + Rotolo + Strisce. I nostri fornitori si trovano in tutta Europa, dalla Germania, Inghilterra, Italia fino alla Polonia.<\/p>","protected":false},"excerpt":{"rendered":"<p>Il prodotto Kit Depilazione Iwax Rotolo Singolo F-0 40W Bianco + Rotolo + Strisce \u00e8 una soluzione conveniente per qualsiasi salone o studio professionale. Il tempo di consegna previsto \u00e8 di circa 6 giorni lavorativi.<\/p>","protected":false},"featured_media":22091,"comment_status":"open","ping_status":"open","template":"","meta":[],"product_brand":[107],"product_cat":[255,811],"product_tag":[257,812],"class_list":{"0":"post-22090","1":"product","2":"type-product","3":"status-publish","4":"has-post-thumbnail","6":"product_brand-activeshop","7":"product_cat-epilazione","8":"product_cat-kit-di-depilazione","9":"product_tag-epilazione","10":"product_tag-kit-di-depilazione","11":"pa_codice-ean-7123","12":"pa_garanzia-12-mesi","13":"pa_marca-activeshop","14":"pa_numero-dellarticolo-7122","15":"pa_tempo-di-consegna-stimato-3-4-giorni-lavorativi","17":"first","18":"instock","19":"sale","20":"taxable","21":"shipping-taxable","22":"purchasable","23":"product-type-simple"},"yoast_head":"<!-- This site is optimized with the Yoast SEO plugin v27.5 - https:\/\/yoast.com\/product\/yoast-seo-wordpress\/ -->\n<title>Kit Depilazione Iwax Rotolo Singolo F-0 40W Bianco + Rotolo + Strisce acquistare<\/title>\n<meta name=\"description\" content=\"Acquista Kit Depilazione Iwax Rotolo Singolo F-0 40W Bianco + Rotolo + Strisce online o nello showroom da Salon For All Italia. Il grossista per saloni, studi e spa in Italia e Svizzera.\" \/>\n<meta name=\"robots\" content=\"index, follow, max-snippet:-1, max-image-preview:large, max-video-preview:-1\" \/>\n<link rel=\"canonical\" href=\"https:\/\/salonforall.it\/en\/kit-depilazione-iwax-rotolo-singolo-f-0-40w-bianco-rotolo-strisce\/\" \/>\n<meta property=\"og:locale\" content=\"en_GB\" \/>\n<meta property=\"og:type\" content=\"article\" \/>\n<meta property=\"og:title\" content=\"Kit Depilazione Iwax Rotolo Singolo F-0 40W Bianco + Rotolo + Strisce\" \/>\n<meta property=\"og:description\" content=\"Acquista Kit Depilazione Iwax Rotolo Singolo F-0 40W Bianco + Rotolo + Strisce online o nello showroom da Salon For All Italia. Il grossista per saloni, studi e spa in Italia e Svizzera.\" \/>\n<meta property=\"og:url\" content=\"https:\/\/salonforall.it\/en\/kit-depilazione-iwax-rotolo-singolo-f-0-40w-bianco-rotolo-strisce\/\" \/>\n<meta property=\"og:site_name\" content=\"Salon For All Italia\" \/>\n<meta property=\"article:modified_time\" content=\"2026-05-14T02:19:17+00:00\" \/>\n<meta property=\"og:image\" content=\"https:\/\/salonforall.it\/wp-content\/uploads\/2025\/12\/Kit-Depilazione-Iwax-Rotolo-Singolo-F-0-40W-Bianco-Rotolo-Strisce-1.jpg\" \/>\n\t<meta property=\"og:image:width\" content=\"1200\" \/>\n\t<meta property=\"og:image:height\" content=\"1200\" \/>\n\t<meta property=\"og:image:type\" content=\"image\/jpeg\" \/>\n<meta name=\"twitter:card\" content=\"summary_large_image\" \/>\n<meta name=\"twitter:title\" content=\"Kit Depilazione Iwax Rotolo Singolo F-0 40W Bianco + Rotolo + Strisce\" \/>\n<meta name=\"twitter:label1\" content=\"Estimated reading time\" \/>\n\t<meta name=\"twitter:data1\" content=\"7 minutes\" \/>\n<script type=\"application\/ld+json\" class=\"yoast-schema-graph\">{\"@context\":\"https:\\\/\\\/schema.org\",\"@graph\":[{\"@type\":\"WebPage\",\"@id\":\"https:\\\/\\\/salonforall.it\\\/kit-depilazione-iwax-rotolo-singolo-f-0-40w-bianco-rotolo-strisce\\\/\",\"url\":\"https:\\\/\\\/salonforall.it\\\/kit-depilazione-iwax-rotolo-singolo-f-0-40w-bianco-rotolo-strisce\\\/\",\"name\":\"Kit Depilazione Iwax Rotolo Singolo F-0 40W Bianco + Rotolo + Strisce acquistare\",\"isPartOf\":{\"@id\":\"https:\\\/\\\/salonforall.it\\\/#website\"},\"primaryImageOfPage\":{\"@id\":\"https:\\\/\\\/salonforall.it\\\/kit-depilazione-iwax-rotolo-singolo-f-0-40w-bianco-rotolo-strisce\\\/#primaryimage\"},\"image\":{\"@id\":\"https:\\\/\\\/salonforall.it\\\/kit-depilazione-iwax-rotolo-singolo-f-0-40w-bianco-rotolo-strisce\\\/#primaryimage\"},\"thumbnailUrl\":\"https:\\\/\\\/salonforall.it\\\/wp-content\\\/uploads\\\/2025\\\/12\\\/Kit-Depilazione-Iwax-Rotolo-Singolo-F-0-40W-Bianco-Rotolo-Strisce-1.jpg\",\"datePublished\":\"2025-12-03T20:13:56+00:00\",\"dateModified\":\"2026-05-14T02:19:17+00:00\",\"description\":\"Acquista Kit Depilazione Iwax Rotolo Singolo F-0 40W Bianco + Rotolo + Strisce online o nello showroom da Salon For All Italia. Il grossista per saloni, studi e spa in Italia e Svizzera.\",\"breadcrumb\":{\"@id\":\"https:\\\/\\\/salonforall.it\\\/kit-depilazione-iwax-rotolo-singolo-f-0-40w-bianco-rotolo-strisce\\\/#breadcrumb\"},\"inLanguage\":\"en-GB\",\"potentialAction\":[{\"@type\":\"ReadAction\",\"target\":[\"https:\\\/\\\/salonforall.it\\\/kit-depilazione-iwax-rotolo-singolo-f-0-40w-bianco-rotolo-strisce\\\/\"]}]},{\"@type\":\"ImageObject\",\"inLanguage\":\"en-GB\",\"@id\":\"https:\\\/\\\/salonforall.it\\\/kit-depilazione-iwax-rotolo-singolo-f-0-40w-bianco-rotolo-strisce\\\/#primaryimage\",\"url\":\"https:\\\/\\\/salonforall.it\\\/wp-content\\\/uploads\\\/2025\\\/12\\\/Kit-Depilazione-Iwax-Rotolo-Singolo-F-0-40W-Bianco-Rotolo-Strisce-1.jpg\",\"contentUrl\":\"https:\\\/\\\/salonforall.it\\\/wp-content\\\/uploads\\\/2025\\\/12\\\/Kit-Depilazione-Iwax-Rotolo-Singolo-F-0-40W-Bianco-Rotolo-Strisce-1.jpg\",\"width\":1200,\"height\":1200,\"caption\":\"Kit Depilazione Iwax Rotolo Singolo F-0 40W Bianco + Rotolo + Strisce\"},{\"@type\":\"BreadcrumbList\",\"@id\":\"https:\\\/\\\/salonforall.it\\\/kit-depilazione-iwax-rotolo-singolo-f-0-40w-bianco-rotolo-strisce\\\/#breadcrumb\",\"itemListElement\":[{\"@type\":\"ListItem\",\"position\":1,\"name\":\"Home\",\"item\":\"https:\\\/\\\/salonforall.it\\\/\"},{\"@type\":\"ListItem\",\"position\":2,\"name\":\"Winkel\",\"item\":\"https:\\\/\\\/salonforall.it\\\/winkel\\\/\"},{\"@type\":\"ListItem\",\"position\":3,\"name\":\"Kit Depilazione Iwax Rotolo Singolo F-0 40W Bianco + Rotolo + Strisce\"}]},{\"@type\":\"WebSite\",\"@id\":\"https:\\\/\\\/salonforall.it\\\/#website\",\"url\":\"https:\\\/\\\/salonforall.it\\\/\",\"name\":\"Salon For All Italia\",\"description\":\"Grossista di mobili e forniture per studi medici e saloni\",\"publisher\":{\"@id\":\"https:\\\/\\\/salonforall.it\\\/#organization\"},\"potentialAction\":[{\"@type\":\"SearchAction\",\"target\":{\"@type\":\"EntryPoint\",\"urlTemplate\":\"https:\\\/\\\/salonforall.it\\\/?s={search_term_string}\"},\"query-input\":{\"@type\":\"PropertyValueSpecification\",\"valueRequired\":true,\"valueName\":\"search_term_string\"}}],\"inLanguage\":\"en-GB\"},{\"@type\":\"Organization\",\"@id\":\"https:\\\/\\\/salonforall.it\\\/#organization\",\"name\":\"Salon For All Italia\",\"url\":\"https:\\\/\\\/salonforall.it\\\/\",\"logo\":{\"@type\":\"ImageObject\",\"inLanguage\":\"en-GB\",\"@id\":\"https:\\\/\\\/salonforall.it\\\/#\\\/schema\\\/logo\\\/image\\\/\",\"url\":\"https:\\\/\\\/salonforall.it\\\/wp-content\\\/uploads\\\/2025\\\/11\\\/logo-salon-for-all-e1764543264615.png\",\"contentUrl\":\"https:\\\/\\\/salonforall.it\\\/wp-content\\\/uploads\\\/2025\\\/11\\\/logo-salon-for-all-e1764543264615.png\",\"width\":500,\"height\":150,\"caption\":\"Salon For All Italia\"},\"image\":{\"@id\":\"https:\\\/\\\/salonforall.it\\\/#\\\/schema\\\/logo\\\/image\\\/\"}}]}<\/script>\n<!-- \/ Yoast SEO plugin. -->","yoast_head_json":{"title":"Kit Depilazione Iwax Rotolo Singolo F-0 40W Bianco + Rotolo + Strisce acquistare","description":"Acquista Kit Depilazione Iwax Rotolo Singolo F-0 40W Bianco + Rotolo + Strisce online o nello showroom da Salon For All Italia. Il grossista per saloni, studi e spa in Italia e Svizzera.","robots":{"index":"index","follow":"follow","max-snippet":"max-snippet:-1","max-image-preview":"max-image-preview:large","max-video-preview":"max-video-preview:-1"},"canonical":"https:\/\/salonforall.it\/en\/kit-depilazione-iwax-rotolo-singolo-f-0-40w-bianco-rotolo-strisce\/","og_locale":"en_GB","og_type":"article","og_title":"Kit Depilazione Iwax Rotolo Singolo F-0 40W Bianco + Rotolo + Strisce","og_description":"Acquista Kit Depilazione Iwax Rotolo Singolo F-0 40W Bianco + Rotolo + Strisce online o nello showroom da Salon For All Italia. Il grossista per saloni, studi e spa in Italia e Svizzera.","og_url":"https:\/\/salonforall.it\/en\/kit-depilazione-iwax-rotolo-singolo-f-0-40w-bianco-rotolo-strisce\/","og_site_name":"Salon For All Italia","article_modified_time":"2026-05-14T02:19:17+00:00","og_image":[{"width":1200,"height":1200,"url":"https:\/\/salonforall.it\/wp-content\/uploads\/2025\/12\/Kit-Depilazione-Iwax-Rotolo-Singolo-F-0-40W-Bianco-Rotolo-Strisce-1.jpg","type":"image\/jpeg"}],"twitter_card":"summary_large_image","twitter_title":"Kit Depilazione Iwax Rotolo Singolo F-0 40W Bianco + Rotolo + Strisce","twitter_misc":{"Estimated reading time":"7 minutes"},"schema":{"@context":"https:\/\/schema.org","@graph":[{"@type":"WebPage","@id":"https:\/\/salonforall.it\/kit-depilazione-iwax-rotolo-singolo-f-0-40w-bianco-rotolo-strisce\/","url":"https:\/\/salonforall.it\/kit-depilazione-iwax-rotolo-singolo-f-0-40w-bianco-rotolo-strisce\/","name":"Kit Depilazione Iwax Rotolo Singolo F-0 40W Bianco + Rotolo + Strisce acquistare","isPartOf":{"@id":"https:\/\/salonforall.it\/#website"},"primaryImageOfPage":{"@id":"https:\/\/salonforall.it\/kit-depilazione-iwax-rotolo-singolo-f-0-40w-bianco-rotolo-strisce\/#primaryimage"},"image":{"@id":"https:\/\/salonforall.it\/kit-depilazione-iwax-rotolo-singolo-f-0-40w-bianco-rotolo-strisce\/#primaryimage"},"thumbnailUrl":"https:\/\/salonforall.it\/wp-content\/uploads\/2025\/12\/Kit-Depilazione-Iwax-Rotolo-Singolo-F-0-40W-Bianco-Rotolo-Strisce-1.jpg","datePublished":"2025-12-03T20:13:56+00:00","dateModified":"2026-05-14T02:19:17+00:00","description":"Acquista Kit Depilazione Iwax Rotolo Singolo F-0 40W Bianco + Rotolo + Strisce online o nello showroom da Salon For All Italia. Il grossista per saloni, studi e spa in Italia e Svizzera.","breadcrumb":{"@id":"https:\/\/salonforall.it\/kit-depilazione-iwax-rotolo-singolo-f-0-40w-bianco-rotolo-strisce\/#breadcrumb"},"inLanguage":"en-GB","potentialAction":[{"@type":"ReadAction","target":["https:\/\/salonforall.it\/kit-depilazione-iwax-rotolo-singolo-f-0-40w-bianco-rotolo-strisce\/"]}]},{"@type":"ImageObject","inLanguage":"en-GB","@id":"https:\/\/salonforall.it\/kit-depilazione-iwax-rotolo-singolo-f-0-40w-bianco-rotolo-strisce\/#primaryimage","url":"https:\/\/salonforall.it\/wp-content\/uploads\/2025\/12\/Kit-Depilazione-Iwax-Rotolo-Singolo-F-0-40W-Bianco-Rotolo-Strisce-1.jpg","contentUrl":"https:\/\/salonforall.it\/wp-content\/uploads\/2025\/12\/Kit-Depilazione-Iwax-Rotolo-Singolo-F-0-40W-Bianco-Rotolo-Strisce-1.jpg","width":1200,"height":1200,"caption":"Kit Depilazione Iwax Rotolo Singolo F-0 40W Bianco + Rotolo + Strisce"},{"@type":"BreadcrumbList","@id":"https:\/\/salonforall.it\/kit-depilazione-iwax-rotolo-singolo-f-0-40w-bianco-rotolo-strisce\/#breadcrumb","itemListElement":[{"@type":"ListItem","position":1,"name":"Home","item":"https:\/\/salonforall.it\/"},{"@type":"ListItem","position":2,"name":"Winkel","item":"https:\/\/salonforall.it\/winkel\/"},{"@type":"ListItem","position":3,"name":"Kit Depilazione Iwax Rotolo Singolo F-0 40W Bianco + Rotolo + Strisce"}]},{"@type":"WebSite","@id":"https:\/\/salonforall.it\/#website","url":"https:\/\/salonforall.it\/","name":"Salon For All Italia","description":"Grossista di mobili e forniture per studi medici e saloni","publisher":{"@id":"https:\/\/salonforall.it\/#organization"},"potentialAction":[{"@type":"SearchAction","target":{"@type":"EntryPoint","urlTemplate":"https:\/\/salonforall.it\/?s={search_term_string}"},"query-input":{"@type":"PropertyValueSpecification","valueRequired":true,"valueName":"search_term_string"}}],"inLanguage":"en-GB"},{"@type":"Organization","@id":"https:\/\/salonforall.it\/#organization","name":"Salon For All Italia","url":"https:\/\/salonforall.it\/","logo":{"@type":"ImageObject","inLanguage":"en-GB","@id":"https:\/\/salonforall.it\/#\/schema\/logo\/image\/","url":"https:\/\/salonforall.it\/wp-content\/uploads\/2025\/11\/logo-salon-for-all-e1764543264615.png","contentUrl":"https:\/\/salonforall.it\/wp-content\/uploads\/2025\/11\/logo-salon-for-all-e1764543264615.png","width":500,"height":150,"caption":"Salon For All Italia"},"image":{"@id":"https:\/\/salonforall.it\/#\/schema\/logo\/image\/"}}]}},"_links":{"self":[{"href":"https:\/\/salonforall.it\/en\/wp-json\/wp\/v2\/product\/22090","targetHints":{"allow":["GET"]}}],"collection":[{"href":"https:\/\/salonforall.it\/en\/wp-json\/wp\/v2\/product"}],"about":[{"href":"https:\/\/salonforall.it\/en\/wp-json\/wp\/v2\/types\/product"}],"replies":[{"embeddable":true,"href":"https:\/\/salonforall.it\/en\/wp-json\/wp\/v2\/comments?post=22090"}],"wp:featuredmedia":[{"embeddable":true,"href":"https:\/\/salonforall.it\/en\/wp-json\/wp\/v2\/media\/22091"}],"wp:attachment":[{"href":"https:\/\/salonforall.it\/en\/wp-json\/wp\/v2\/media?parent=22090"}],"wp:term":[{"taxonomy":"product_brand","embeddable":true,"href":"https:\/\/salonforall.it\/en\/wp-json\/wp\/v2\/product_brand?post=22090"},{"taxonomy":"product_cat","embeddable":true,"href":"https:\/\/salonforall.it\/en\/wp-json\/wp\/v2\/product_cat?post=22090"},{"taxonomy":"product_tag","embeddable":true,"href":"https:\/\/salonforall.it\/en\/wp-json\/wp\/v2\/product_tag?post=22090"}],"curies":[{"name":"wp","href":"https:\/\/api.w.org\/{rel}","templated":true}]}}