{"id":22477,"date":"2025-12-03T20:19:14","date_gmt":"2025-12-03T20:19:14","guid":{"rendered":"https:\/\/salonforall.it\/poltrona-da-barbiere-gabbiano-visionerio-marrone-chiaro\/"},"modified":"2026-05-15T02:35:03","modified_gmt":"2026-05-15T02:35:03","slug":"poltrona-da-barbiere-gabbiano-visionerio-marrone-chiaro","status":"publish","type":"product","link":"https:\/\/salonforall.it\/en\/poltrona-da-barbiere-gabbiano-visionerio-marrone-chiaro\/","title":{"rendered":"Poltrona Da Barbiere Gabbiano Visionerio Marrone Chiaro"},"content":{"rendered":"<h2>Informazioni su Poltrona Da Barbiere Gabbiano Visionerio Marrone Chiaro con codice articolo 152037<\/h2>\n<p><img decoding=\"async\" src=\"https:\/\/activeshop.com.pl\/media\/wysiwyg\/product\/152037\/EN_152037_01.jpg\"><\/p>\n<p><strong>Gabbiano<\/strong> \u00e8 un marchio di lusso di attrezzature e arredi per parrucchieri, che si distingue per l&#8217;affidabilit\u00e0, la qualit\u00e0 e l&#8217;estetica della lavorazione, nonch\u00e9 per l&#8217;elevato comfort d&#8217;uso. Offre un&#8217;ampia selezione di attrezzature funzionali per saloni come poltrone, lavatrici e infradito.<\/p>\n<p><img decoding=\"async\" src=\"https:\/\/activeshop.com.pl\/media\/wysiwyg\/product\/152037\/EN_152037_02.jpg\"><\/p>\n<h2>Elegante poltrona da barbiere<\/h2>\n<p><strong>La poltrona da barbiere Gabbiano Visionerio<\/strong> \u00e8 un elemento d&#8217;arredo funzionale ed elegante, dotato di<strong>un solido sistema di sollevamento idraulico e di schienale e poggiapiedi regolabili<\/strong>. L&#8217;ampia gamma di regolazioni consente di adattare facilmente la posizione al tipo di trattamento da eseguire, il che influisce in modo significativo sul comfort sia del cliente che di chi esegue il trattamento. Dettagli curati nei minimi dettagli e finiture eleganti rendono la poltrona un elemento di design d&#8217;interni di grande impatto, combinando estetica ed elevata ergonomia.<\/p>\n<p><img decoding=\"async\" src=\"https:\/\/activeshop.com.pl\/media\/wysiwyg\/product\/152037\/EN_152037_03.jpg\"><\/p>\n<h2>Ampie possibilit\u00e0 di regolazione<\/h2>\n<p>Un efficiente sollevatore idraulico consente la regolazione libera dell&#8217;altezza della seduta in un intervallo di 55-72 cm, anche quando il cliente \u00e8 gi\u00e0 seduto sulla poltrona. Ci\u00f2 consente di adattare ergonomicamente la poltrona all&#8217;altezza del cliente e alle preferenze dell&#8217;operatore. Lo schienale reclinabile e il poggiapiedi regolabile consentono al cliente di assumere una comoda posizione semi-reclinata per un facile accesso durante i trattamenti pi\u00f9 precisi. Un ulteriore supporto \u00e8 fornito da un poggiatesta estensibile, che garantisce un supporto stabile per la testa.<\/p>\n<p><img decoding=\"async\" src=\"https:\/\/activeshop.com.pl\/media\/wysiwyg\/product\/152037\/EN_152037_04.jpg\"><\/p>\n<h2>Strutture per il comfort<\/h2>\n<p>La seduta imbottita in morbida schiuma offre un elevato livello di comfort al cliente, anche durante i trattamenti pi\u00f9 lunghi. Lo schienale ergonomico sostiene la schiena e consente una posizione comoda, garantendo un maggiore relax e una migliore esperienza di trattamento. Il meccanismo di rotazione completa della poltrona aumenta la libert\u00e0 di movimento, facilitando l&#8217;accesso da tutti i lati e migliorando il flusso di lavoro del parrucchiere. I braccioli imbottiti, posizionati all&#8217;altezza ottimale, <strong>supportano la posizione naturale delle braccia<\/strong> e prevengono tensioni nella zona delle spalle e del collo.<\/p>\n<p><img decoding=\"async\" src=\"https:\/\/activeshop.com.pl\/media\/wysiwyg\/product\/152037\/EN_152037_05.jpg\"><\/p>\n<h2>Design elegante e alta funzionalit\u00e0<\/h2>\n<p>La robusta struttura della base <strong>garantisce stabilit\u00e0 e comfort elevato<\/strong>. La seduta \u00e8 imbottita con schiuma antideformazione e rivestita in morbida pelle sintetica opaca, <strong>unendo resistenza e comfort<\/strong>. I materiali utilizzati per la finitura sono <strong>resistenti all&#8217;umidit\u00e0, durevoli e facili da pulire<\/strong>, rendendo la sedia perfetta per l&#8217;uso quotidiano. Le cuciture eleganti e il rivestimento nei toni del marrone gli conferiscono un carattere unico, integrandosi perfettamente con l&#8217;arredamento dei moderni barbieri.<\/p>\n<p><img decoding=\"async\" src=\"https:\/\/activeshop.com.pl\/media\/wysiwyg\/product\/152037\/EN_152037_06.jpg\"><\/p>\n<p>Dimensioni dettagliate mostrate nella foto.<br \/><strong>Incluso:<\/strong> sedile, attuatore con base, poggiatesta.<\/p>\n<p><strong>Dati:<\/strong><br \/>Sollevamento: idraulico<br \/>Base: rotonda<br \/>Materiale del rivestimento: pelle sintetica<br \/>Colore: toni del marrone<\/p>\n<div class=\"video-container\"> <iframe height=\"315\" src=\"https:\/\/www.youtube.com\/embed\/qFprnyS7-Gw\" frameborder=\"0\" width=\"560\" allowfullscreen allow=\"accelerometer; autoplay; encrypted-media; giroscopio; immagine nell'immagine\"> <\/iframe> <\/div>\n<p>I prodotti Activeshop sono proporzionalmente pi\u00f9 economici di molti altri marchi\/fornitori. Il prezzo \u00e8 proporzionato alla qualit\u00e0. Poltrona Da Barbiere Gabbiano Visionerio Marrone Chiaro \u00e8 quindi una soluzione accessibile per il tuo salone.<\/p>\n<h2>Come viene consegnato Poltrona Da Barbiere Gabbiano Visionerio Marrone Chiaro?<\/h2>\n<p>Poltrona Da Barbiere Gabbiano Visionerio Marrone Chiaro viene consegnato nella confezione originale. In Italia la spedizione di Poltrona Da Barbiere Gabbiano Visionerio Marrone Chiaro \u00e8 completamente gratuita per ordini a partire da 100,- euro. Per spedizioni verso altri paesi si applicano tariffe di spedizione separate. Puoi richiedere queste tariffe o trovarle nel carrello. Poltrona Da Barbiere Gabbiano Visionerio Marrone Chiaro viene spedito tramite un corriere esterno.<\/p>\n<p>I pacchi o i pallet vengono consegnati di serie fino alla soglia della porta d&#8217;ingresso, anche se ti trovi in un edificio collettivo, condominio o complesso residenziale con ascensore (a condizione che l&#8217;articolo entri nell&#8217;ascensore). Non c&#8217;\u00e8 un ascensore o l&#8217;articolo non entra nell&#8217;ascensore? Allora consegniamo fino alla soglia del piano terra.<\/p>\n<p>Hai ancora domande sulla consegna o una situazione particolare? Contattaci e saremo lieti di aiutarti!<\/p>\n<p>*Gli articoli non vengono disimballati o montati di serie. In situazioni particolari puoi contattarci per fare accordi in merito.<\/p>\n<h2>Acquisti online sicuri su Salon For All con il marchio di qualit\u00e0 Webwinkelkeur e crittografia SSL<\/h2>\n<p>\u00c8 importante per noi che i nostri clienti possano fare acquisti online in sicurezza. Siamo affiliati al marchio di qualit\u00e0 nazionale Webwinkelkeur dal 2019. La nostra identit\u00e0 \u00e8 stata controllata e verificata da loro e il negozio online \u00e8 stato controllato e approvato legalmente. Inoltre, il nostro negozio online \u00e8 affiliato a loro per la mediazione delle controversie. Puoi vedere il badge con tutte le informazioni di questo marchio di qualit\u00e0 del negozio online sul lato sinistro o destro del negozio online (pulsante rosa con bianco). Inoltre, il nostro sito \u00e8 protetto con un certificato SSL in modo da poter navigare in sicurezza. Nella barra del tuo browser Internet, dove \u00e8 indicato il nostro sito web, vedrai un&#8217;icona a forma di lucchetto. Se clicchi sul lucchetto, otterrai tutte le informazioni sulla nostra sicurezza. In questo modo sai che il tuo ordine di Poltrona Da Barbiere Gabbiano Visionerio Marrone Chiaro e i tuoi dati personali vengono elaborati in modo sicuro.<\/p>\n<h2>Come posso pagare Poltrona Da Barbiere Gabbiano Visionerio Marrone Chiaro?<\/h2>\n<p>Vogliamo renderti le cose il pi\u00f9 semplici possibile. Ecco perch\u00e9 su Salon For All puoi pagare con tutti i metodi di pagamento noti e comuni. Pagare in anticipo, alla consegna o in seguito; tutto \u00e8 possibile. Vedi qui tutti i metodi di pagamento che offriamo:<\/p>\n<ul>\n<li>iDEAL<\/li>\n<li>Carta di credito (Visa, Mastercard, American Express)<\/li>\n<li>Klarna &#8211; Pagamento posticipato con fattura<\/li>\n<li>PayPal<\/li>\n<li>Apple Pay<\/li>\n<li>Google Pay<\/li>\n<li>Bancontact<\/li>\n<li>Bonifico bancario SEPA<\/li>\n<li>MyBank (per clienti italiani)<\/li>\n<li>Fattura aziendale per imprese<\/li>\n<li>Pagamento nello showroom &#8211; Sia carta che contanti (Disponibile solo per il ritiro)<\/li>\n<\/ul>\n<h2>Consulta anche le recensioni di Salon For All<\/h2>\n<p>Consulta anche le nostre recensioni per tenere conto delle esperienze dei nostri clienti attuali nella tua decisione di ordinare Poltrona Da Barbiere Gabbiano Visionerio Marrone Chiaro da noi. Attraverso il nostro marchio di qualit\u00e0 indipendente del negozio online Webwinkelkeur, vengono raccolte automaticamente recensioni verificate di clienti che hanno completato un ordine con noi. Puoi trovarle dietro il pulsante rosa sul nostro negozio online o sono elencate sotto i prodotti.<\/p>\n<p>Condividi anche la tua esperienza dopo il tuo acquisto con il tuo Poltrona Da Barbiere Gabbiano Visionerio Marrone Chiaro ordinato e la tua esperienza con il processo di acquisto o il contatto con Salon For All per ispirare gli altri!<\/p>\n<h2>Contatto con Salon For All<\/h2>\n<p>Contattaci allora. Saremo lieti di aiutarti con l&#8217;acquisto di Poltrona Da Barbiere Gabbiano Visionerio Marrone Chiaro. Nei giorni feriali siamo raggiungibili al meglio tra le 8.30 e le 17.00 tramite il numero di telefono e l&#8217;indirizzo e-mail nella parte superiore del negozio online o tramite la funzione chat. Le domande al di fuori dell&#8217;orario d&#8217;ufficio vengono generalmente risposte entro 24 ore. \u00c8 anche possibile venirci a trovare al di fuori dei giorni feriali o dell&#8217;orario d&#8217;ufficio. Ma per questo \u00e8 necessario prendere un appuntamento in anticipo.<\/p>\n<h2>Vuoi venire nel nostro showroom?<\/h2>\n<p>Preferisci vedere Poltrona Da Barbiere Gabbiano Visionerio Marrone Chiaro o esplorare la nostra offerta del negozio (online) insieme al nostro collega? Allora vieni nel nostro showroom con oltre 1000m\u00b2 di arredamento per saloni e lasciati ispirare dai nostri dipendenti. Anche se ti piace fare conoscenza in modo piacevole gustando una buona tazza di caff\u00e8 o t\u00e8, sei il benvenuto. Non abbiamo tutti i prodotti disponibili, quindi faccici sapere in anticipo che vuoi venire. Prendi sempre un appuntamento in anticipo.<\/p>\n<h2>14 giorni di riflessione e la nostra politica di reso<\/h2>\n<p>Naturalmente pu\u00f2 succedere che Poltrona Da Barbiere Gabbiano Visionerio Marrone Chiaro consegnato non sia completamente di tuo gradimento e tu voglia restituirlo. Questo non \u00e8 assolutamente un problema con Salon For All. Devi segnalare il tuo reso entro 14 giorni lavorativi tramite <a href=\"mailto:info@salonforall.com\">info@salonforall.it<\/a>. Riceverai quindi prima tutte le istruzioni e condizioni di reso. Si prega di notare che Poltrona Da Barbiere Gabbiano Visionerio Marrone Chiaro non deve essere stato utilizzato, deve contenere tutte le parti fornite e deve essere restituito imballato nella confezione originale. I costi di spedizione per un reso sono sempre a carico dell&#8217;acquirente per gli acquisti tramite www.salonforall.it. Devi organizzare tu stesso un trasporto presso un corriere di tua scelta per un reso. Una volta che Poltrona Da Barbiere Gabbiano Visionerio Marrone Chiaro \u00e8 stato restituito, verr\u00e0 controllato per completezza e danni. Una volta che il reso \u00e8 stato approvato, l&#8217;importo di acquisto verr\u00e0 rimborsato entro 5 giorni lavorativi sul conto bancario da noi conosciuto.<\/p>\n<h2>Chi \u00e8 Salon For All?<\/h2>\n<p>Salon For All \u00e8 IL grossista per ogni arredamento di saloni in Europa. Salon For All \u00e8 iniziato nel 2003 con il nome Salonvoordeel ed \u00e8 nato dalla pratica. I proprietari di Salon For All erano parrucchieri e specialisti della bellezza esperti e hanno insieme oltre 30 anni di esperienza pratica. Nel 2003 abbiamo lanciato Salonvoordeel.nl (Paesi Bassi) e successivamente \u00e8 stato fondato Salon For All per il mercato europeo. Alcuni dei nostri dipendenti hanno avviato una propria attivit\u00e0 e cos\u00ec \u00e8 nata l&#8217;idea di avviare un negozio online funzionale per parrucchieri e aiutarli con l&#8217;arredamento del loro salone.<\/p>\n<p>Il nostro showroom si trova a Dinxperlo, direttamente al confine tra i Paesi Bassi e la Germania. Con la nostra pluriennale esperienza nel settore possiamo farti da specchio e fornirti la giusta consulenza. Parliamo la stessa lingua! Ti consigliamo, ispiriamo, motiviamo e ti aiutiamo nell&#8217;acquisto di Poltrona Da Barbiere Gabbiano Visionerio Marrone Chiaro. I nostri fornitori si trovano in tutta Europa, dalla Germania, Inghilterra, Italia fino alla Polonia.<\/p>","protected":false},"excerpt":{"rendered":"<p>Il prodotto Poltrona Da Barbiere Gabbiano Visionerio Marrone Chiaro \u00e8 una soluzione conveniente per qualsiasi salone o studio professionale. Il tempo di consegna previsto \u00e8 di circa 6 giorni lavorativi.<\/p>","protected":false},"featured_media":22478,"comment_status":"open","ping_status":"open","template":"","meta":[],"product_brand":[95],"product_cat":[97,96,201],"product_tag":[101,100,202],"class_list":{"0":"post-22477","1":"product","2":"type-product","3":"status-publish","4":"has-post-thumbnail","6":"product_brand-gabbiano","7":"product_cat-arredamento-per-parrucchieri","8":"product_cat-attrezzature-per-saloni-di-parrucchiere","9":"product_cat-poltrone-da-barbiere","10":"product_tag-arredamento-per-parrucchieri","11":"product_tag-attrezzature-per-saloni-di-parrucchiere","12":"product_tag-poltrone-da-barbiere","13":"pa_codice-ean-7229","14":"pa_garanzia-12-mesi","15":"pa_marca-gabbiano","16":"pa_numero-dellarticolo-7228","17":"pa_tempo-di-consegna-stimato-3-4-giorni-lavorativi","19":"first","20":"instock","21":"sale","22":"taxable","23":"shipping-taxable","24":"purchasable","25":"product-type-simple"},"yoast_head":"<!-- This site is optimized with the Yoast SEO plugin v27.5 - https:\/\/yoast.com\/product\/yoast-seo-wordpress\/ -->\n<title>Poltrona Da Barbiere Gabbiano Visionerio Marrone Chiaro acquistare<\/title>\n<meta name=\"description\" content=\"Acquista Poltrona Da Barbiere Gabbiano Visionerio Marrone Chiaro online o nello showroom da Salon For All Italia. Il grossista per saloni, studi e spa in Italia e Svizzera.\" \/>\n<meta name=\"robots\" content=\"index, follow, max-snippet:-1, max-image-preview:large, max-video-preview:-1\" \/>\n<link rel=\"canonical\" href=\"https:\/\/salonforall.it\/en\/poltrona-da-barbiere-gabbiano-visionerio-marrone-chiaro\/\" \/>\n<meta property=\"og:locale\" content=\"en_GB\" \/>\n<meta property=\"og:type\" content=\"article\" \/>\n<meta property=\"og:title\" content=\"Poltrona Da Barbiere Gabbiano Visionerio Marrone Chiaro\" \/>\n<meta property=\"og:description\" content=\"Acquista Poltrona Da Barbiere Gabbiano Visionerio Marrone Chiaro online o nello showroom da Salon For All Italia. Il grossista per saloni, studi e spa in Italia e Svizzera.\" \/>\n<meta property=\"og:url\" content=\"https:\/\/salonforall.it\/en\/poltrona-da-barbiere-gabbiano-visionerio-marrone-chiaro\/\" \/>\n<meta property=\"og:site_name\" content=\"Salon For All Italia\" \/>\n<meta property=\"article:modified_time\" content=\"2026-05-15T02:35:03+00:00\" \/>\n<meta property=\"og:image\" content=\"https:\/\/salonforall.it\/wp-content\/uploads\/2025\/12\/Poltrona-Da-Barbiere-Gabbiano-Visionerio-Marrone-Chiaro-1.jpg\" \/>\n\t<meta property=\"og:image:width\" content=\"1200\" \/>\n\t<meta property=\"og:image:height\" content=\"1200\" \/>\n\t<meta property=\"og:image:type\" content=\"image\/jpeg\" \/>\n<meta name=\"twitter:card\" content=\"summary_large_image\" \/>\n<meta name=\"twitter:title\" content=\"Poltrona Da Barbiere Gabbiano Visionerio Marrone Chiaro\" \/>\n<meta name=\"twitter:label1\" content=\"Estimated reading time\" \/>\n\t<meta name=\"twitter:data1\" content=\"7 minutes\" \/>\n<script type=\"application\/ld+json\" class=\"yoast-schema-graph\">{\"@context\":\"https:\\\/\\\/schema.org\",\"@graph\":[{\"@type\":\"WebPage\",\"@id\":\"https:\\\/\\\/salonforall.it\\\/poltrona-da-barbiere-gabbiano-visionerio-marrone-chiaro\\\/\",\"url\":\"https:\\\/\\\/salonforall.it\\\/poltrona-da-barbiere-gabbiano-visionerio-marrone-chiaro\\\/\",\"name\":\"Poltrona Da Barbiere Gabbiano Visionerio Marrone Chiaro acquistare\",\"isPartOf\":{\"@id\":\"https:\\\/\\\/salonforall.it\\\/#website\"},\"primaryImageOfPage\":{\"@id\":\"https:\\\/\\\/salonforall.it\\\/poltrona-da-barbiere-gabbiano-visionerio-marrone-chiaro\\\/#primaryimage\"},\"image\":{\"@id\":\"https:\\\/\\\/salonforall.it\\\/poltrona-da-barbiere-gabbiano-visionerio-marrone-chiaro\\\/#primaryimage\"},\"thumbnailUrl\":\"https:\\\/\\\/salonforall.it\\\/wp-content\\\/uploads\\\/2025\\\/12\\\/Poltrona-Da-Barbiere-Gabbiano-Visionerio-Marrone-Chiaro-1.jpg\",\"datePublished\":\"2025-12-03T20:19:14+00:00\",\"dateModified\":\"2026-05-15T02:35:03+00:00\",\"description\":\"Acquista Poltrona Da Barbiere Gabbiano Visionerio Marrone Chiaro online o nello showroom da Salon For All Italia. Il grossista per saloni, studi e spa in Italia e Svizzera.\",\"breadcrumb\":{\"@id\":\"https:\\\/\\\/salonforall.it\\\/poltrona-da-barbiere-gabbiano-visionerio-marrone-chiaro\\\/#breadcrumb\"},\"inLanguage\":\"en-GB\",\"potentialAction\":[{\"@type\":\"ReadAction\",\"target\":[\"https:\\\/\\\/salonforall.it\\\/poltrona-da-barbiere-gabbiano-visionerio-marrone-chiaro\\\/\"]}]},{\"@type\":\"ImageObject\",\"inLanguage\":\"en-GB\",\"@id\":\"https:\\\/\\\/salonforall.it\\\/poltrona-da-barbiere-gabbiano-visionerio-marrone-chiaro\\\/#primaryimage\",\"url\":\"https:\\\/\\\/salonforall.it\\\/wp-content\\\/uploads\\\/2025\\\/12\\\/Poltrona-Da-Barbiere-Gabbiano-Visionerio-Marrone-Chiaro-1.jpg\",\"contentUrl\":\"https:\\\/\\\/salonforall.it\\\/wp-content\\\/uploads\\\/2025\\\/12\\\/Poltrona-Da-Barbiere-Gabbiano-Visionerio-Marrone-Chiaro-1.jpg\",\"width\":1200,\"height\":1200,\"caption\":\"Poltrona Da Barbiere Gabbiano Visionerio Marrone Chiaro\"},{\"@type\":\"BreadcrumbList\",\"@id\":\"https:\\\/\\\/salonforall.it\\\/poltrona-da-barbiere-gabbiano-visionerio-marrone-chiaro\\\/#breadcrumb\",\"itemListElement\":[{\"@type\":\"ListItem\",\"position\":1,\"name\":\"Home\",\"item\":\"https:\\\/\\\/salonforall.it\\\/\"},{\"@type\":\"ListItem\",\"position\":2,\"name\":\"Winkel\",\"item\":\"https:\\\/\\\/salonforall.it\\\/winkel\\\/\"},{\"@type\":\"ListItem\",\"position\":3,\"name\":\"Poltrona Da Barbiere Gabbiano Visionerio Marrone Chiaro\"}]},{\"@type\":\"WebSite\",\"@id\":\"https:\\\/\\\/salonforall.it\\\/#website\",\"url\":\"https:\\\/\\\/salonforall.it\\\/\",\"name\":\"Salon For All Italia\",\"description\":\"Grossista di mobili e forniture per studi medici e saloni\",\"publisher\":{\"@id\":\"https:\\\/\\\/salonforall.it\\\/#organization\"},\"potentialAction\":[{\"@type\":\"SearchAction\",\"target\":{\"@type\":\"EntryPoint\",\"urlTemplate\":\"https:\\\/\\\/salonforall.it\\\/?s={search_term_string}\"},\"query-input\":{\"@type\":\"PropertyValueSpecification\",\"valueRequired\":true,\"valueName\":\"search_term_string\"}}],\"inLanguage\":\"en-GB\"},{\"@type\":\"Organization\",\"@id\":\"https:\\\/\\\/salonforall.it\\\/#organization\",\"name\":\"Salon For All Italia\",\"url\":\"https:\\\/\\\/salonforall.it\\\/\",\"logo\":{\"@type\":\"ImageObject\",\"inLanguage\":\"en-GB\",\"@id\":\"https:\\\/\\\/salonforall.it\\\/#\\\/schema\\\/logo\\\/image\\\/\",\"url\":\"https:\\\/\\\/salonforall.it\\\/wp-content\\\/uploads\\\/2025\\\/11\\\/logo-salon-for-all-e1764543264615.png\",\"contentUrl\":\"https:\\\/\\\/salonforall.it\\\/wp-content\\\/uploads\\\/2025\\\/11\\\/logo-salon-for-all-e1764543264615.png\",\"width\":500,\"height\":150,\"caption\":\"Salon For All Italia\"},\"image\":{\"@id\":\"https:\\\/\\\/salonforall.it\\\/#\\\/schema\\\/logo\\\/image\\\/\"}}]}<\/script>\n<!-- \/ Yoast SEO plugin. -->","yoast_head_json":{"title":"Poltrona Da Barbiere Gabbiano Visionerio Marrone Chiaro acquistare","description":"Acquista Poltrona Da Barbiere Gabbiano Visionerio Marrone Chiaro online o nello showroom da Salon For All Italia. Il grossista per saloni, studi e spa in Italia e Svizzera.","robots":{"index":"index","follow":"follow","max-snippet":"max-snippet:-1","max-image-preview":"max-image-preview:large","max-video-preview":"max-video-preview:-1"},"canonical":"https:\/\/salonforall.it\/en\/poltrona-da-barbiere-gabbiano-visionerio-marrone-chiaro\/","og_locale":"en_GB","og_type":"article","og_title":"Poltrona Da Barbiere Gabbiano Visionerio Marrone Chiaro","og_description":"Acquista Poltrona Da Barbiere Gabbiano Visionerio Marrone Chiaro online o nello showroom da Salon For All Italia. Il grossista per saloni, studi e spa in Italia e Svizzera.","og_url":"https:\/\/salonforall.it\/en\/poltrona-da-barbiere-gabbiano-visionerio-marrone-chiaro\/","og_site_name":"Salon For All Italia","article_modified_time":"2026-05-15T02:35:03+00:00","og_image":[{"width":1200,"height":1200,"url":"https:\/\/salonforall.it\/wp-content\/uploads\/2025\/12\/Poltrona-Da-Barbiere-Gabbiano-Visionerio-Marrone-Chiaro-1.jpg","type":"image\/jpeg"}],"twitter_card":"summary_large_image","twitter_title":"Poltrona Da Barbiere Gabbiano Visionerio Marrone Chiaro","twitter_misc":{"Estimated reading time":"7 minutes"},"schema":{"@context":"https:\/\/schema.org","@graph":[{"@type":"WebPage","@id":"https:\/\/salonforall.it\/poltrona-da-barbiere-gabbiano-visionerio-marrone-chiaro\/","url":"https:\/\/salonforall.it\/poltrona-da-barbiere-gabbiano-visionerio-marrone-chiaro\/","name":"Poltrona Da Barbiere Gabbiano Visionerio Marrone Chiaro acquistare","isPartOf":{"@id":"https:\/\/salonforall.it\/#website"},"primaryImageOfPage":{"@id":"https:\/\/salonforall.it\/poltrona-da-barbiere-gabbiano-visionerio-marrone-chiaro\/#primaryimage"},"image":{"@id":"https:\/\/salonforall.it\/poltrona-da-barbiere-gabbiano-visionerio-marrone-chiaro\/#primaryimage"},"thumbnailUrl":"https:\/\/salonforall.it\/wp-content\/uploads\/2025\/12\/Poltrona-Da-Barbiere-Gabbiano-Visionerio-Marrone-Chiaro-1.jpg","datePublished":"2025-12-03T20:19:14+00:00","dateModified":"2026-05-15T02:35:03+00:00","description":"Acquista Poltrona Da Barbiere Gabbiano Visionerio Marrone Chiaro online o nello showroom da Salon For All Italia. Il grossista per saloni, studi e spa in Italia e Svizzera.","breadcrumb":{"@id":"https:\/\/salonforall.it\/poltrona-da-barbiere-gabbiano-visionerio-marrone-chiaro\/#breadcrumb"},"inLanguage":"en-GB","potentialAction":[{"@type":"ReadAction","target":["https:\/\/salonforall.it\/poltrona-da-barbiere-gabbiano-visionerio-marrone-chiaro\/"]}]},{"@type":"ImageObject","inLanguage":"en-GB","@id":"https:\/\/salonforall.it\/poltrona-da-barbiere-gabbiano-visionerio-marrone-chiaro\/#primaryimage","url":"https:\/\/salonforall.it\/wp-content\/uploads\/2025\/12\/Poltrona-Da-Barbiere-Gabbiano-Visionerio-Marrone-Chiaro-1.jpg","contentUrl":"https:\/\/salonforall.it\/wp-content\/uploads\/2025\/12\/Poltrona-Da-Barbiere-Gabbiano-Visionerio-Marrone-Chiaro-1.jpg","width":1200,"height":1200,"caption":"Poltrona Da Barbiere Gabbiano Visionerio Marrone Chiaro"},{"@type":"BreadcrumbList","@id":"https:\/\/salonforall.it\/poltrona-da-barbiere-gabbiano-visionerio-marrone-chiaro\/#breadcrumb","itemListElement":[{"@type":"ListItem","position":1,"name":"Home","item":"https:\/\/salonforall.it\/"},{"@type":"ListItem","position":2,"name":"Winkel","item":"https:\/\/salonforall.it\/winkel\/"},{"@type":"ListItem","position":3,"name":"Poltrona Da Barbiere Gabbiano Visionerio Marrone Chiaro"}]},{"@type":"WebSite","@id":"https:\/\/salonforall.it\/#website","url":"https:\/\/salonforall.it\/","name":"Salon For All Italia","description":"Grossista di mobili e forniture per studi medici e saloni","publisher":{"@id":"https:\/\/salonforall.it\/#organization"},"potentialAction":[{"@type":"SearchAction","target":{"@type":"EntryPoint","urlTemplate":"https:\/\/salonforall.it\/?s={search_term_string}"},"query-input":{"@type":"PropertyValueSpecification","valueRequired":true,"valueName":"search_term_string"}}],"inLanguage":"en-GB"},{"@type":"Organization","@id":"https:\/\/salonforall.it\/#organization","name":"Salon For All Italia","url":"https:\/\/salonforall.it\/","logo":{"@type":"ImageObject","inLanguage":"en-GB","@id":"https:\/\/salonforall.it\/#\/schema\/logo\/image\/","url":"https:\/\/salonforall.it\/wp-content\/uploads\/2025\/11\/logo-salon-for-all-e1764543264615.png","contentUrl":"https:\/\/salonforall.it\/wp-content\/uploads\/2025\/11\/logo-salon-for-all-e1764543264615.png","width":500,"height":150,"caption":"Salon For All Italia"},"image":{"@id":"https:\/\/salonforall.it\/#\/schema\/logo\/image\/"}}]}},"_links":{"self":[{"href":"https:\/\/salonforall.it\/en\/wp-json\/wp\/v2\/product\/22477","targetHints":{"allow":["GET"]}}],"collection":[{"href":"https:\/\/salonforall.it\/en\/wp-json\/wp\/v2\/product"}],"about":[{"href":"https:\/\/salonforall.it\/en\/wp-json\/wp\/v2\/types\/product"}],"replies":[{"embeddable":true,"href":"https:\/\/salonforall.it\/en\/wp-json\/wp\/v2\/comments?post=22477"}],"wp:featuredmedia":[{"embeddable":true,"href":"https:\/\/salonforall.it\/en\/wp-json\/wp\/v2\/media\/22478"}],"wp:attachment":[{"href":"https:\/\/salonforall.it\/en\/wp-json\/wp\/v2\/media?parent=22477"}],"wp:term":[{"taxonomy":"product_brand","embeddable":true,"href":"https:\/\/salonforall.it\/en\/wp-json\/wp\/v2\/product_brand?post=22477"},{"taxonomy":"product_cat","embeddable":true,"href":"https:\/\/salonforall.it\/en\/wp-json\/wp\/v2\/product_cat?post=22477"},{"taxonomy":"product_tag","embeddable":true,"href":"https:\/\/salonforall.it\/en\/wp-json\/wp\/v2\/product_tag?post=22477"}],"curies":[{"name":"wp","href":"https:\/\/api.w.org\/{rel}","templated":true}]}}