{"id":22608,"date":"2025-12-03T20:20:35","date_gmt":"2025-12-03T20:20:35","guid":{"rendered":"https:\/\/salonforall.it\/poltrona-estetica-elettrica-sillon-eclipse-3-attuatori-nera\/"},"modified":"2026-05-11T02:21:46","modified_gmt":"2026-05-11T02:21:46","slug":"poltrona-estetica-elettrica-sillon-eclipse-3-attuatori-nera","status":"publish","type":"product","link":"https:\/\/salonforall.it\/en\/poltrona-estetica-elettrica-sillon-eclipse-3-attuatori-nera\/","title":{"rendered":"Poltrona Estetica Elettrica Sillon Eclipse 3 Attuatori Nera"},"content":{"rendered":"<h2>Informazioni su Poltrona Estetica Elettrica Sillon Eclipse 3 Attuatori Nera con codice articolo 153287<\/h2>\n<p><p><img src=\"https:\/\/activeshop.com.pl\/media\/wysiwyg\/product\/153287\/EN_153287_1.jpg\"><\/p> <\/p>\n<p>Il marchio <strong>Sillon<\/strong> \u00e8 nato in risposta alle aspettative sempre crescenti degli utenti. Le attrezzature offerte, come le poltrone estetiche funzionali, si distinguono per la buona qualit\u00e0 e allo stesso tempo per il prezzo accessibile.<\/p>\n<p> <p><img src=\"https:\/\/activeshop.com.pl\/media\/wysiwyg\/product\/153287\/EN_153287_2.jpg\"><\/p> <\/p>\n<h2>Minimalismo e funzionalit\u00e0<\/h2>\n<p><strong>La poltrona estetica elettrica Sillon Eclipse<\/strong> dal design moderno \u00e8 dotata di tre attuatori controllati da un telecomando a filo. <strong>La regolazione intuitiva consente un posizionamento fluido<\/strong>, facilitando l&#8217;esecuzione di una variet\u00e0 di trattamenti. Le poltrone della serie Eclipse sono caratterizzate da una forma semplice e moderna e sono adatte sia ai centri estetici professionali che agli studi medici specialistici.<\/p>\n<p> <p><img src=\"https:\/\/activeshop.com.pl\/media\/wysiwyg\/product\/153287\/EN_153287_3.jpg\"><\/p> <\/p>\n<h2>Ergonomia e comfort d&#8217;uso<\/h2>\n<p>Un telecomando intuitivo consente di regolare la poltrona su 3 livelli: altezza, schienale e inclinazione del poggiapiedi. Questo consente di regolare la poltrona in una comoda posizione reclinata, consentendo di eseguire comodamente trattamenti viso e corpo. L&#8217;altezza della seduta \u00e8 regolabile da 60 cm a 80 cm, consentendo di adattare la posizione in modo confortevole all&#8217;altezza del cliente e del professionista. Quando \u00e8 completamente estesa, la poltrona \u00e8 lunga oltre 2 metri, offrendo comfort anche agli utenti pi\u00f9 alti. Per una maggiore praticit\u00e0, il telecomando pu\u00f2 essere appeso alle maniglie poste su entrambi i lati del sedile, cos\u00ec da poterlo riporre facilmente e averlo sempre a portata di mano.<\/p>\n<p> <p><img src=\"https:\/\/activeshop.com.pl\/media\/wysiwyg\/product\/153287\/EN_153287_4.jpg\"><\/p> <\/p>\n<h2>Caratteristiche pratiche<\/h2>\n<p><strong>Il poggiatesta, estensibile di 20 cm<\/strong>, consente di adattare la poltrona all&#8217;altezza dell&#8217;utente, fornendo un supporto stabile per la testa durante i trattamenti. <strong>I braccioli mobili, ruotabili di 180\u00b0<\/strong>, facilitano la seduta e offrono un comodo accesso all&#8217;operatore. Possono anche essere facilmente rimossi quando necessario. Queste caratteristiche <strong>migliorano il comfort dell&#8217;utente e supportano l&#8217;organizzazione ergonomica del lavoro<\/strong>.<\/p>\n<p> <p><img src=\"https:\/\/activeshop.com.pl\/media\/wysiwyg\/product\/153287\/EN_153287_5.jpg\"><\/p> <\/p>\n<h2>Design futuristico<\/h2>\n<p>La base stabile e solida garantisce non solo la durevolezza della sedia, ma anche <strong>sicurezza e comfort<\/strong> durante il lavoro quotidiano. La sedia \u00e8 imbottita in schiuma e rivestita in similpelle in un&#8217;elegante tonalit\u00e0 di nero: questo materiale \u00e8 <strong>piacevole al tatto, resistente all&#8217;umidit\u00e0 e facile da pulire<\/strong>. La forma aerodinamica e la finitura minimalista conferiscono all&#8217;insieme un aspetto moderno ed estetico, che si fonde perfettamente con l&#8217;arredamento di interni sia classici che moderni.<\/p>\n<div class=\"video-container\"> <iframe height=\"315\" src=\"https:\/\/www.youtube.com\/embed\/85kcREt5cnU\" frameborder=\"0\" width=\"560\" allowfullscreen allow=\"accelerometer; autoplay; encrypted-media; gyroscope; picture-in-picture\"> <\/iframe> <\/div>\n<p>Le dimensioni dettagliate della sedia sono riportate nella foto.<br \/><strong>Il set include:<\/strong> sedile con base, telecomando cablato, alimentatore.<\/p>\n<p><strong>Dati:<\/strong><br \/>Tipo: elettrico<br \/>Numero di attuatori: 3<br \/>Colore: tonalit\u00e0 di nero<br \/>Materiale del rivestimento: pelle sintetica<br \/>Imbottitura del sedile: schiuma<br \/>Controllo: telecomando controllo<br \/>Garanzia: 12 mesi<br \/>Potenza: 200 W<br \/>Tensione: 220-230 V<\/p>\n<p>I prodotti Activeshop sono proporzionalmente pi\u00f9 economici di molti altri marchi\/fornitori. Il prezzo \u00e8 proporzionato alla qualit\u00e0. Poltrona Estetica Elettrica Sillon Eclipse 3 Attuatori Nera \u00e8 quindi una soluzione accessibile per il tuo salone.<\/p>\n<h2>Come viene consegnato Poltrona Estetica Elettrica Sillon Eclipse 3 Attuatori Nera?<\/h2>\n<p>Poltrona Estetica Elettrica Sillon Eclipse 3 Attuatori Nera viene consegnato nella confezione originale. In Italia la spedizione di Poltrona Estetica Elettrica Sillon Eclipse 3 Attuatori Nera \u00e8 completamente gratuita per ordini a partire da 100,- euro. Per spedizioni verso altri paesi si applicano tariffe di spedizione separate. Puoi richiedere queste tariffe o trovarle nel carrello. Poltrona Estetica Elettrica Sillon Eclipse 3 Attuatori Nera viene spedito tramite un corriere esterno.<\/p>\n<p>I pacchi o i pallet vengono consegnati di serie fino alla soglia della porta d&#8217;ingresso, anche se ti trovi in un edificio collettivo, condominio o complesso residenziale con ascensore (a condizione che l&#8217;articolo entri nell&#8217;ascensore). Non c&#8217;\u00e8 un ascensore o l&#8217;articolo non entra nell&#8217;ascensore? Allora consegniamo fino alla soglia del piano terra.<\/p>\n<p>Hai ancora domande sulla consegna o una situazione particolare? Contattaci e saremo lieti di aiutarti!<\/p>\n<p>*Gli articoli non vengono disimballati o montati di serie. In situazioni particolari puoi contattarci per fare accordi in merito.<\/p>\n<h2>Acquisti online sicuri su Salon For All con il marchio di qualit\u00e0 Webwinkelkeur e crittografia SSL<\/h2>\n<p>\u00c8 importante per noi che i nostri clienti possano fare acquisti online in sicurezza. Siamo affiliati al marchio di qualit\u00e0 nazionale Webwinkelkeur dal 2019. La nostra identit\u00e0 \u00e8 stata controllata e verificata da loro e il negozio online \u00e8 stato controllato e approvato legalmente. Inoltre, il nostro negozio online \u00e8 affiliato a loro per la mediazione delle controversie. Puoi vedere il badge con tutte le informazioni di questo marchio di qualit\u00e0 del negozio online sul lato sinistro o destro del negozio online (pulsante rosa con bianco). Inoltre, il nostro sito \u00e8 protetto con un certificato SSL in modo da poter navigare in sicurezza. Nella barra del tuo browser Internet, dove \u00e8 indicato il nostro sito web, vedrai un&#8217;icona a forma di lucchetto. Se clicchi sul lucchetto, otterrai tutte le informazioni sulla nostra sicurezza. In questo modo sai che il tuo ordine di Poltrona Estetica Elettrica Sillon Eclipse 3 Attuatori Nera e i tuoi dati personali vengono elaborati in modo sicuro.<\/p>\n<h2>Come posso pagare Poltrona Estetica Elettrica Sillon Eclipse 3 Attuatori Nera?<\/h2>\n<p>Vogliamo renderti le cose il pi\u00f9 semplici possibile. Ecco perch\u00e9 su Salon For All puoi pagare con tutti i metodi di pagamento noti e comuni. Pagare in anticipo, alla consegna o in seguito; tutto \u00e8 possibile. Vedi qui tutti i metodi di pagamento che offriamo:<\/p>\n<ul>\n<li>iDEAL<\/li>\n<li>Carta di credito (Visa, Mastercard, American Express)<\/li>\n<li>Klarna &#8211; Pagamento posticipato con fattura<\/li>\n<li>PayPal<\/li>\n<li>Apple Pay<\/li>\n<li>Google Pay<\/li>\n<li>Bancontact<\/li>\n<li>Bonifico bancario SEPA<\/li>\n<li>MyBank (per clienti italiani)<\/li>\n<li>Fattura aziendale per imprese<\/li>\n<li>Pagamento nello showroom &#8211; Sia carta che contanti (Disponibile solo per il ritiro)<\/li>\n<\/ul>\n<h2>Consulta anche le recensioni di Salon For All<\/h2>\n<p>Consulta anche le nostre recensioni per tenere conto delle esperienze dei nostri clienti attuali nella tua decisione di ordinare Poltrona Estetica Elettrica Sillon Eclipse 3 Attuatori Nera da noi. Attraverso il nostro marchio di qualit\u00e0 indipendente del negozio online Webwinkelkeur, vengono raccolte automaticamente recensioni verificate di clienti che hanno completato un ordine con noi. Puoi trovarle dietro il pulsante rosa sul nostro negozio online o sono elencate sotto i prodotti.<\/p>\n<p>Condividi anche la tua esperienza dopo il tuo acquisto con il tuo Poltrona Estetica Elettrica Sillon Eclipse 3 Attuatori Nera ordinato e la tua esperienza con il processo di acquisto o il contatto con Salon For All per ispirare gli altri!<\/p>\n<h2>Contatto con Salon For All<\/h2>\n<p>Contattaci allora. Saremo lieti di aiutarti con l&#8217;acquisto di Poltrona Estetica Elettrica Sillon Eclipse 3 Attuatori Nera. Nei giorni feriali siamo raggiungibili al meglio tra le 8.30 e le 17.00 tramite il numero di telefono e l&#8217;indirizzo e-mail nella parte superiore del negozio online o tramite la funzione chat. Le domande al di fuori dell&#8217;orario d&#8217;ufficio vengono generalmente risposte entro 24 ore. \u00c8 anche possibile venirci a trovare al di fuori dei giorni feriali o dell&#8217;orario d&#8217;ufficio. Ma per questo \u00e8 necessario prendere un appuntamento in anticipo.<\/p>\n<h2>Vuoi venire nel nostro showroom?<\/h2>\n<p>Preferisci vedere Poltrona Estetica Elettrica Sillon Eclipse 3 Attuatori Nera o esplorare la nostra offerta del negozio (online) insieme al nostro collega? Allora vieni nel nostro showroom con oltre 1000m\u00b2 di arredamento per saloni e lasciati ispirare dai nostri dipendenti. Anche se ti piace fare conoscenza in modo piacevole gustando una buona tazza di caff\u00e8 o t\u00e8, sei il benvenuto. Non abbiamo tutti i prodotti disponibili, quindi faccici sapere in anticipo che vuoi venire. Prendi sempre un appuntamento in anticipo.<\/p>\n<h2>14 giorni di riflessione e la nostra politica di reso<\/h2>\n<p>Naturalmente pu\u00f2 succedere che Poltrona Estetica Elettrica Sillon Eclipse 3 Attuatori Nera consegnato non sia completamente di tuo gradimento e tu voglia restituirlo. Questo non \u00e8 assolutamente un problema con Salon For All. Devi segnalare il tuo reso entro 14 giorni lavorativi tramite <a href=\"mailto:info@salonforall.com\">info@salonforall.it<\/a>. Riceverai quindi prima tutte le istruzioni e condizioni di reso. Si prega di notare che Poltrona Estetica Elettrica Sillon Eclipse 3 Attuatori Nera non deve essere stato utilizzato, deve contenere tutte le parti fornite e deve essere restituito imballato nella confezione originale. I costi di spedizione per un reso sono sempre a carico dell&#8217;acquirente per gli acquisti tramite www.salonforall.it. Devi organizzare tu stesso un trasporto presso un corriere di tua scelta per un reso. Una volta che Poltrona Estetica Elettrica Sillon Eclipse 3 Attuatori Nera \u00e8 stato restituito, verr\u00e0 controllato per completezza e danni. Una volta che il reso \u00e8 stato approvato, l&#8217;importo di acquisto verr\u00e0 rimborsato entro 5 giorni lavorativi sul conto bancario da noi conosciuto.<\/p>\n<h2>Chi \u00e8 Salon For All?<\/h2>\n<p>Salon For All \u00e8 IL grossista per ogni arredamento di saloni in Europa. Salon For All \u00e8 iniziato nel 2003 con il nome Salonvoordeel ed \u00e8 nato dalla pratica. I proprietari di Salon For All erano parrucchieri e specialisti della bellezza esperti e hanno insieme oltre 30 anni di esperienza pratica. Nel 2003 abbiamo lanciato Salonvoordeel.nl (Paesi Bassi) e successivamente \u00e8 stato fondato Salon For All per il mercato europeo. Alcuni dei nostri dipendenti hanno avviato una propria attivit\u00e0 e cos\u00ec \u00e8 nata l&#8217;idea di avviare un negozio online funzionale per parrucchieri e aiutarli con l&#8217;arredamento del loro salone.<\/p>\n<p>Il nostro showroom si trova a Dinxperlo, direttamente al confine tra i Paesi Bassi e la Germania. Con la nostra pluriennale esperienza nel settore possiamo farti da specchio e fornirti la giusta consulenza. Parliamo la stessa lingua! Ti consigliamo, ispiriamo, motiviamo e ti aiutiamo nell&#8217;acquisto di Poltrona Estetica Elettrica Sillon Eclipse 3 Attuatori Nera. I nostri fornitori si trovano in tutta Europa, dalla Germania, Inghilterra, Italia fino alla Polonia.<\/p>","protected":false},"excerpt":{"rendered":"<p>Il prodotto Poltrona Estetica Elettrica Sillon Eclipse 3 Attuatori Nera \u00e8 una soluzione conveniente per qualsiasi salone o studio professionale. Il tempo di consegna previsto \u00e8 di circa 6 giorni lavorativi.<\/p>","protected":false},"featured_media":22609,"comment_status":"open","ping_status":"open","template":"","meta":[],"product_brand":[1376],"product_cat":[88,89],"product_tag":[90,91],"class_list":{"0":"post-22608","1":"product","2":"type-product","3":"status-publish","4":"has-post-thumbnail","6":"product_brand-sillon","7":"product_cat-mobili-per-estetica","8":"product_cat-poltrone-per-estetica","9":"product_tag-mobili-per-estetica","10":"product_tag-poltrone-per-estetica","11":"pa_codice-ean-7247","12":"pa_garanzia-12-mesi","13":"pa_marca-sillon","14":"pa_numero-dellarticolo-7246","15":"pa_tempo-di-consegna-stimato-3-4-giorni-lavorativi","17":"first","18":"outofstock","19":"sale","20":"taxable","21":"shipping-taxable","22":"purchasable","23":"product-type-simple"},"yoast_head":"<!-- This site is optimized with the Yoast SEO plugin v27.5 - https:\/\/yoast.com\/product\/yoast-seo-wordpress\/ -->\n<title>Poltrona Estetica Elettrica Sillon Eclipse 3 Attuatori Nera acquistare<\/title>\n<meta name=\"description\" content=\"Acquista Poltrona Estetica Elettrica Sillon Eclipse 3 Attuatori Nera online o nello showroom da Salon For All Italia. Il grossista per saloni, studi e spa in Italia e Svizzera.\" \/>\n<meta name=\"robots\" content=\"index, follow, max-snippet:-1, max-image-preview:large, max-video-preview:-1\" \/>\n<link rel=\"canonical\" href=\"https:\/\/salonforall.it\/en\/poltrona-estetica-elettrica-sillon-eclipse-3-attuatori-nera\/\" \/>\n<meta property=\"og:locale\" content=\"en_GB\" \/>\n<meta property=\"og:type\" content=\"article\" \/>\n<meta property=\"og:title\" content=\"Poltrona Estetica Elettrica Sillon Eclipse 3 Attuatori Nera\" \/>\n<meta property=\"og:description\" content=\"Acquista Poltrona Estetica Elettrica Sillon Eclipse 3 Attuatori Nera online o nello showroom da Salon For All Italia. Il grossista per saloni, studi e spa in Italia e Svizzera.\" \/>\n<meta property=\"og:url\" content=\"https:\/\/salonforall.it\/en\/poltrona-estetica-elettrica-sillon-eclipse-3-attuatori-nera\/\" \/>\n<meta property=\"og:site_name\" content=\"Salon For All Italia\" \/>\n<meta property=\"article:modified_time\" content=\"2026-05-11T02:21:46+00:00\" \/>\n<meta property=\"og:image\" content=\"https:\/\/salonforall.it\/wp-content\/uploads\/2025\/12\/Poltrona-Estetica-Elettrica-Sillon-Eclipse-3-Attuatori-Nera-1.jpg\" \/>\n\t<meta property=\"og:image:width\" content=\"1200\" \/>\n\t<meta property=\"og:image:height\" content=\"1200\" \/>\n\t<meta property=\"og:image:type\" content=\"image\/jpeg\" \/>\n<meta name=\"twitter:card\" content=\"summary_large_image\" \/>\n<meta name=\"twitter:title\" content=\"Poltrona Estetica Elettrica Sillon Eclipse 3 Attuatori Nera\" \/>\n<meta name=\"twitter:label1\" content=\"Estimated reading time\" \/>\n\t<meta name=\"twitter:data1\" content=\"7 minutes\" \/>\n<script type=\"application\/ld+json\" class=\"yoast-schema-graph\">{\"@context\":\"https:\\\/\\\/schema.org\",\"@graph\":[{\"@type\":\"WebPage\",\"@id\":\"https:\\\/\\\/salonforall.it\\\/poltrona-estetica-elettrica-sillon-eclipse-3-attuatori-nera\\\/\",\"url\":\"https:\\\/\\\/salonforall.it\\\/poltrona-estetica-elettrica-sillon-eclipse-3-attuatori-nera\\\/\",\"name\":\"Poltrona Estetica Elettrica Sillon Eclipse 3 Attuatori Nera acquistare\",\"isPartOf\":{\"@id\":\"https:\\\/\\\/salonforall.it\\\/#website\"},\"primaryImageOfPage\":{\"@id\":\"https:\\\/\\\/salonforall.it\\\/poltrona-estetica-elettrica-sillon-eclipse-3-attuatori-nera\\\/#primaryimage\"},\"image\":{\"@id\":\"https:\\\/\\\/salonforall.it\\\/poltrona-estetica-elettrica-sillon-eclipse-3-attuatori-nera\\\/#primaryimage\"},\"thumbnailUrl\":\"https:\\\/\\\/salonforall.it\\\/wp-content\\\/uploads\\\/2025\\\/12\\\/Poltrona-Estetica-Elettrica-Sillon-Eclipse-3-Attuatori-Nera-1.jpg\",\"datePublished\":\"2025-12-03T20:20:35+00:00\",\"dateModified\":\"2026-05-11T02:21:46+00:00\",\"description\":\"Acquista Poltrona Estetica Elettrica Sillon Eclipse 3 Attuatori Nera online o nello showroom da Salon For All Italia. Il grossista per saloni, studi e spa in Italia e Svizzera.\",\"breadcrumb\":{\"@id\":\"https:\\\/\\\/salonforall.it\\\/poltrona-estetica-elettrica-sillon-eclipse-3-attuatori-nera\\\/#breadcrumb\"},\"inLanguage\":\"en-GB\",\"potentialAction\":[{\"@type\":\"ReadAction\",\"target\":[\"https:\\\/\\\/salonforall.it\\\/poltrona-estetica-elettrica-sillon-eclipse-3-attuatori-nera\\\/\"]}]},{\"@type\":\"ImageObject\",\"inLanguage\":\"en-GB\",\"@id\":\"https:\\\/\\\/salonforall.it\\\/poltrona-estetica-elettrica-sillon-eclipse-3-attuatori-nera\\\/#primaryimage\",\"url\":\"https:\\\/\\\/salonforall.it\\\/wp-content\\\/uploads\\\/2025\\\/12\\\/Poltrona-Estetica-Elettrica-Sillon-Eclipse-3-Attuatori-Nera-1.jpg\",\"contentUrl\":\"https:\\\/\\\/salonforall.it\\\/wp-content\\\/uploads\\\/2025\\\/12\\\/Poltrona-Estetica-Elettrica-Sillon-Eclipse-3-Attuatori-Nera-1.jpg\",\"width\":1200,\"height\":1200,\"caption\":\"Poltrona Estetica Elettrica Sillon Eclipse 3 Attuatori Nera\"},{\"@type\":\"BreadcrumbList\",\"@id\":\"https:\\\/\\\/salonforall.it\\\/poltrona-estetica-elettrica-sillon-eclipse-3-attuatori-nera\\\/#breadcrumb\",\"itemListElement\":[{\"@type\":\"ListItem\",\"position\":1,\"name\":\"Home\",\"item\":\"https:\\\/\\\/salonforall.it\\\/\"},{\"@type\":\"ListItem\",\"position\":2,\"name\":\"Winkel\",\"item\":\"https:\\\/\\\/salonforall.it\\\/winkel\\\/\"},{\"@type\":\"ListItem\",\"position\":3,\"name\":\"Poltrona Estetica Elettrica Sillon Eclipse 3 Attuatori Nera\"}]},{\"@type\":\"WebSite\",\"@id\":\"https:\\\/\\\/salonforall.it\\\/#website\",\"url\":\"https:\\\/\\\/salonforall.it\\\/\",\"name\":\"Salon For All Italia\",\"description\":\"Grossista di mobili e forniture per studi medici e saloni\",\"publisher\":{\"@id\":\"https:\\\/\\\/salonforall.it\\\/#organization\"},\"potentialAction\":[{\"@type\":\"SearchAction\",\"target\":{\"@type\":\"EntryPoint\",\"urlTemplate\":\"https:\\\/\\\/salonforall.it\\\/?s={search_term_string}\"},\"query-input\":{\"@type\":\"PropertyValueSpecification\",\"valueRequired\":true,\"valueName\":\"search_term_string\"}}],\"inLanguage\":\"en-GB\"},{\"@type\":\"Organization\",\"@id\":\"https:\\\/\\\/salonforall.it\\\/#organization\",\"name\":\"Salon For All Italia\",\"url\":\"https:\\\/\\\/salonforall.it\\\/\",\"logo\":{\"@type\":\"ImageObject\",\"inLanguage\":\"en-GB\",\"@id\":\"https:\\\/\\\/salonforall.it\\\/#\\\/schema\\\/logo\\\/image\\\/\",\"url\":\"https:\\\/\\\/salonforall.it\\\/wp-content\\\/uploads\\\/2025\\\/11\\\/logo-salon-for-all-e1764543264615.png\",\"contentUrl\":\"https:\\\/\\\/salonforall.it\\\/wp-content\\\/uploads\\\/2025\\\/11\\\/logo-salon-for-all-e1764543264615.png\",\"width\":500,\"height\":150,\"caption\":\"Salon For All Italia\"},\"image\":{\"@id\":\"https:\\\/\\\/salonforall.it\\\/#\\\/schema\\\/logo\\\/image\\\/\"}}]}<\/script>\n<!-- \/ Yoast SEO plugin. -->","yoast_head_json":{"title":"Poltrona Estetica Elettrica Sillon Eclipse 3 Attuatori Nera acquistare","description":"Acquista Poltrona Estetica Elettrica Sillon Eclipse 3 Attuatori Nera online o nello showroom da Salon For All Italia. Il grossista per saloni, studi e spa in Italia e Svizzera.","robots":{"index":"index","follow":"follow","max-snippet":"max-snippet:-1","max-image-preview":"max-image-preview:large","max-video-preview":"max-video-preview:-1"},"canonical":"https:\/\/salonforall.it\/en\/poltrona-estetica-elettrica-sillon-eclipse-3-attuatori-nera\/","og_locale":"en_GB","og_type":"article","og_title":"Poltrona Estetica Elettrica Sillon Eclipse 3 Attuatori Nera","og_description":"Acquista Poltrona Estetica Elettrica Sillon Eclipse 3 Attuatori Nera online o nello showroom da Salon For All Italia. Il grossista per saloni, studi e spa in Italia e Svizzera.","og_url":"https:\/\/salonforall.it\/en\/poltrona-estetica-elettrica-sillon-eclipse-3-attuatori-nera\/","og_site_name":"Salon For All Italia","article_modified_time":"2026-05-11T02:21:46+00:00","og_image":[{"width":1200,"height":1200,"url":"https:\/\/salonforall.it\/wp-content\/uploads\/2025\/12\/Poltrona-Estetica-Elettrica-Sillon-Eclipse-3-Attuatori-Nera-1.jpg","type":"image\/jpeg"}],"twitter_card":"summary_large_image","twitter_title":"Poltrona Estetica Elettrica Sillon Eclipse 3 Attuatori Nera","twitter_misc":{"Estimated reading time":"7 minutes"},"schema":{"@context":"https:\/\/schema.org","@graph":[{"@type":"WebPage","@id":"https:\/\/salonforall.it\/poltrona-estetica-elettrica-sillon-eclipse-3-attuatori-nera\/","url":"https:\/\/salonforall.it\/poltrona-estetica-elettrica-sillon-eclipse-3-attuatori-nera\/","name":"Poltrona Estetica Elettrica Sillon Eclipse 3 Attuatori Nera acquistare","isPartOf":{"@id":"https:\/\/salonforall.it\/#website"},"primaryImageOfPage":{"@id":"https:\/\/salonforall.it\/poltrona-estetica-elettrica-sillon-eclipse-3-attuatori-nera\/#primaryimage"},"image":{"@id":"https:\/\/salonforall.it\/poltrona-estetica-elettrica-sillon-eclipse-3-attuatori-nera\/#primaryimage"},"thumbnailUrl":"https:\/\/salonforall.it\/wp-content\/uploads\/2025\/12\/Poltrona-Estetica-Elettrica-Sillon-Eclipse-3-Attuatori-Nera-1.jpg","datePublished":"2025-12-03T20:20:35+00:00","dateModified":"2026-05-11T02:21:46+00:00","description":"Acquista Poltrona Estetica Elettrica Sillon Eclipse 3 Attuatori Nera online o nello showroom da Salon For All Italia. Il grossista per saloni, studi e spa in Italia e Svizzera.","breadcrumb":{"@id":"https:\/\/salonforall.it\/poltrona-estetica-elettrica-sillon-eclipse-3-attuatori-nera\/#breadcrumb"},"inLanguage":"en-GB","potentialAction":[{"@type":"ReadAction","target":["https:\/\/salonforall.it\/poltrona-estetica-elettrica-sillon-eclipse-3-attuatori-nera\/"]}]},{"@type":"ImageObject","inLanguage":"en-GB","@id":"https:\/\/salonforall.it\/poltrona-estetica-elettrica-sillon-eclipse-3-attuatori-nera\/#primaryimage","url":"https:\/\/salonforall.it\/wp-content\/uploads\/2025\/12\/Poltrona-Estetica-Elettrica-Sillon-Eclipse-3-Attuatori-Nera-1.jpg","contentUrl":"https:\/\/salonforall.it\/wp-content\/uploads\/2025\/12\/Poltrona-Estetica-Elettrica-Sillon-Eclipse-3-Attuatori-Nera-1.jpg","width":1200,"height":1200,"caption":"Poltrona Estetica Elettrica Sillon Eclipse 3 Attuatori Nera"},{"@type":"BreadcrumbList","@id":"https:\/\/salonforall.it\/poltrona-estetica-elettrica-sillon-eclipse-3-attuatori-nera\/#breadcrumb","itemListElement":[{"@type":"ListItem","position":1,"name":"Home","item":"https:\/\/salonforall.it\/"},{"@type":"ListItem","position":2,"name":"Winkel","item":"https:\/\/salonforall.it\/winkel\/"},{"@type":"ListItem","position":3,"name":"Poltrona Estetica Elettrica Sillon Eclipse 3 Attuatori Nera"}]},{"@type":"WebSite","@id":"https:\/\/salonforall.it\/#website","url":"https:\/\/salonforall.it\/","name":"Salon For All Italia","description":"Grossista di mobili e forniture per studi medici e saloni","publisher":{"@id":"https:\/\/salonforall.it\/#organization"},"potentialAction":[{"@type":"SearchAction","target":{"@type":"EntryPoint","urlTemplate":"https:\/\/salonforall.it\/?s={search_term_string}"},"query-input":{"@type":"PropertyValueSpecification","valueRequired":true,"valueName":"search_term_string"}}],"inLanguage":"en-GB"},{"@type":"Organization","@id":"https:\/\/salonforall.it\/#organization","name":"Salon For All Italia","url":"https:\/\/salonforall.it\/","logo":{"@type":"ImageObject","inLanguage":"en-GB","@id":"https:\/\/salonforall.it\/#\/schema\/logo\/image\/","url":"https:\/\/salonforall.it\/wp-content\/uploads\/2025\/11\/logo-salon-for-all-e1764543264615.png","contentUrl":"https:\/\/salonforall.it\/wp-content\/uploads\/2025\/11\/logo-salon-for-all-e1764543264615.png","width":500,"height":150,"caption":"Salon For All Italia"},"image":{"@id":"https:\/\/salonforall.it\/#\/schema\/logo\/image\/"}}]}},"_links":{"self":[{"href":"https:\/\/salonforall.it\/en\/wp-json\/wp\/v2\/product\/22608","targetHints":{"allow":["GET"]}}],"collection":[{"href":"https:\/\/salonforall.it\/en\/wp-json\/wp\/v2\/product"}],"about":[{"href":"https:\/\/salonforall.it\/en\/wp-json\/wp\/v2\/types\/product"}],"replies":[{"embeddable":true,"href":"https:\/\/salonforall.it\/en\/wp-json\/wp\/v2\/comments?post=22608"}],"wp:featuredmedia":[{"embeddable":true,"href":"https:\/\/salonforall.it\/en\/wp-json\/wp\/v2\/media\/22609"}],"wp:attachment":[{"href":"https:\/\/salonforall.it\/en\/wp-json\/wp\/v2\/media?parent=22608"}],"wp:term":[{"taxonomy":"product_brand","embeddable":true,"href":"https:\/\/salonforall.it\/en\/wp-json\/wp\/v2\/product_brand?post=22608"},{"taxonomy":"product_cat","embeddable":true,"href":"https:\/\/salonforall.it\/en\/wp-json\/wp\/v2\/product_cat?post=22608"},{"taxonomy":"product_tag","embeddable":true,"href":"https:\/\/salonforall.it\/en\/wp-json\/wp\/v2\/product_tag?post=22608"}],"curies":[{"name":"wp","href":"https:\/\/api.w.org\/{rel}","templated":true}]}}