{"id":22691,"date":"2025-12-03T20:22:11","date_gmt":"2025-12-03T20:22:11","guid":{"rendered":"https:\/\/salonforall.it\/gel-costruttore-claresa-softeasy-dancing-sparkles-12g\/"},"modified":"2026-05-09T02:28:16","modified_gmt":"2026-05-09T02:28:16","slug":"gel-costruttore-claresa-softeasy-dancing-sparkles-12g","status":"publish","type":"product","link":"https:\/\/salonforall.it\/en\/gel-costruttore-claresa-softeasy-dancing-sparkles-12g\/","title":{"rendered":"Gel Costruttore Claresa Soft&#038;Easy Dancing Sparkles 12G"},"content":{"rendered":"<h2>Informazioni su Gel Costruttore Claresa Soft&#038;Easy Dancing Sparkles 12G con codice articolo 154342<\/h2>\n<h2>GEL COSTRUTTIVO CLARES<\/h2>\n<p>Lo smalto ibrido non ti basta? Hai bisogno di un design per unghie super duraturo ed efficace che puoi applicare velocemente a casa? Cerchi un modo per indurire facilmente la tua lamina ungueale naturale o allungarla? Il nostro nuovo GEL COSTRUTTIVO SOFT&amp;EASY \u00e8 il prodotto che fa per te!<\/p>\n<p>La formula innovativa del gel, con la sua struttura e densit\u00e0 uniche, lo rende perfettamente livellante e tollerabile anche per chi non \u00e8 esperto; inoltre, la tixotropia (memoria liquida) impedisce che il prodotto coli sulle cuticole, facilitando il lavoro. Lo styling con SOFT&amp;EASY non richiede limatura o top coat: basta rimuovere lo strato di dispersione con Cleaner e le unghie saranno lucide e intense!<\/p>\n<p>La moderna formula del gel con eccellente adesione* consente di livellare, indurire e prolungare la lamina ungueale anche con uno strato sottile, garantendo allo styling un aspetto simile a quello della lamina ungueale naturale con una durata di almeno 4 settimane(!). Inoltre, impedisce alle unghie di rompersi e sgretolarsi, consentendo loro di crescere molto pi\u00f9 a lungo. La speciale formula Heatless, grazie alla bassa temperatura di polimerizzazione, riduce al minimo le bruciature in lampada.<\/p>\n<p>Provalo e scoprirai che da ora in poi SOFT&amp;EASY BUILDER GEL \u00e8 il tuo #musthave!<\/p>\n<h2>SOFT&amp;EASY BUILDER GEL \u00e8 disponibile in 16 colori utilizzabili:<\/h2>\n<p>CLEAR &#8211; trasparente, ottimo come base modellante e livellante per tutti i colori di smalto ibridi.<br \/>SKIN COVER &#8211; un colore nude naturale e neutro, ideale per coprire eventuali imperfezioni dell&#8217;unghia. Si fonde bene con qualsiasi tono di pelle, perfetto come smalto da solo o come base per colori pi\u00f9 intensi. <br \/>LILAC &#8211; una delicata tonalit\u00e0 pastello di giglio che dona freschezza ed eleganza a qualsiasi stile. Perfetto da solo o come base per decorazioni pi\u00f9 creative. <br \/>BLUSH PINK &#8211; una delicata tonalit\u00e0 rosa che aggiunge morbidezza e romanticismo a qualsiasi look. Ideale come manicure completa o come base per french e baby boomer. Fino al 90% di copertura! <br \/>GLIMMER PINK &#8211; un rosa pastello con petali iridescenti che aggiunge un tocco di follia e stile a qualsiasi look. Perfetto da usare da solo e come aggiunta a design creativi. <br \/>CLEAR &#8211; trasparente, funziona bene come base modellante e livellante per tutti i colori di smalti ibridi. <br \/>NATURAL &#8211; un colore nude naturale e delicato, scelto per abbinarsi al tono naturale della tua pelle; ottimo da solo senza bisogno di smalto aggiuntivo, fino al 90% di copertura! <br \/>MILKY PINK &#8211; un rosa delicato e sbiancato, funziona bene da solo come manicure completa e come base per una french manicure o un baby boomer, fino al 90% di copertura! <br \/>BABY PINK &#8211; una tonalit\u00e0 rosa caramella, perfetta da sola come manicure completa e come base per una french manicure o un baby boomer, fino al 90% di copertura! Il pi\u00f9 amato dai nostri tester! <br \/>CHAMPAGNE &#8211; una tonalit\u00e0 nude naturale e delicata con un tocco dorato scintillante per un finish particolarmente glamour. Perfetto da usare da solo per una manicure completa o come base per look pi\u00f9 elaborati, \u00e8 coprente fino al 90%! <br \/>GLAM PINK &#8211; delicata tonalit\u00e0 di rosa pastello con brillanti riflessi argentati, perfetto da usare da solo per una manicure completa o come base per ulteriori styling, coprente fino al 90%! <br \/>PINK CHAMPAGNE &#8211; una delicata tonalit\u00e0 di rosa caramella con un tocco rosa unico. Ottimo per uno styling autonomo senza bisogno di smalto aggiuntivo. Coprente fino al 90%! <br \/>DANCING SPARKLES &#8211; beige chiaro con sottili riflessi dorati. Perfetto come look autonomo e discreto, crea un bellissimo effetto conchiglia sulle unghie! Coprente fino al 90%! <br \/>MILKY WHITE &#8211; bianco latte, perfetto per manicure da sposa e per l&#8217;uso quotidiano. Funziona bene da solo e con unghie da principessa. <br \/>PANNA COTTA &#8211; un rosa molto chiaro che piacer\u00e0 sicuramente agli amanti dei toni freddi, ma abbastanza delicato da adattarsi a tutti i tipi di pelle. Perfetto come stile autonomo o per unghie da principessa. <br \/>SWEET SUGAR &#8211; un rosa tenue e chiaro con riflessi che ricordano le codette di zucchero. Una tonalit\u00e0 sorprendente per gli amanti dello scintillio. <br \/>LIGHT BEIGE &#8211; beige chiaro e caldo. Ottimo se abbinato a smalti e smalti delicati, ma anche da solo, soprattutto per chi ha la carnagione calda.<\/p>\n<h2>Caratteristiche principali:<\/h2>\n<p>Autolivellante, con tixotropia (memoria liquida) &#8211; FACILE! <br \/>Multifunzionale &#8211; VELOCE! <br \/>Con eccellente adesione* e lunga durata &#8211; A LUNGO! <br \/>Con brillantezza intensa &#8211; BELLISSIMO! <br \/>Con formula senza calore &#8211; UFF, NESSUNA COTTURA IN LAMPADA! <br \/>Uso: rigenera e indurisce la lamina ungueale naturale e le extension &#8211; BINGO!<\/p>\n<p>Prodotti CLARESA: creati per l&#8217;uso domestico, scelti dai professionisti!<\/p>\n<p>*Ricorda che ogni lamina \u00e8 diversa e richiede un approccio individuale, quindi per unghie particolarmente esigenti, per rafforzare l&#8217;adesione del gel puoi usare una passata della tua Claresa Base preferita.<\/p>\n<p>I prodotti Activeshop sono proporzionalmente pi\u00f9 economici di molti altri marchi\/fornitori. Il prezzo \u00e8 proporzionato alla qualit\u00e0. Gel Costruttore Claresa Soft&#038;Easy Dancing Sparkles 12G \u00e8 quindi una soluzione accessibile per il tuo salone.<\/p>\n<h2>Come viene consegnato Gel Costruttore Claresa Soft&#038;Easy Dancing Sparkles 12G?<\/h2>\n<p>Gel Costruttore Claresa Soft&#038;Easy Dancing Sparkles 12G viene consegnato nella confezione originale. In Italia la spedizione di Gel Costruttore Claresa Soft&#038;Easy Dancing Sparkles 12G \u00e8 completamente gratuita per ordini a partire da 100,- euro. Per spedizioni verso altri paesi si applicano tariffe di spedizione separate. Puoi richiedere queste tariffe o trovarle nel carrello. Gel Costruttore Claresa Soft&#038;Easy Dancing Sparkles 12G viene spedito tramite un corriere esterno.<\/p>\n<p>I pacchi o i pallet vengono consegnati di serie fino alla soglia della porta d&#8217;ingresso, anche se ti trovi in un edificio collettivo, condominio o complesso residenziale con ascensore (a condizione che l&#8217;articolo entri nell&#8217;ascensore). Non c&#8217;\u00e8 un ascensore o l&#8217;articolo non entra nell&#8217;ascensore? Allora consegniamo fino alla soglia del piano terra.<\/p>\n<p>Hai ancora domande sulla consegna o una situazione particolare? Contattaci e saremo lieti di aiutarti!<\/p>\n<p>*Gli articoli non vengono disimballati o montati di serie. In situazioni particolari puoi contattarci per fare accordi in merito.<\/p>\n<h2>Acquisti online sicuri su Salon For All con il marchio di qualit\u00e0 Webwinkelkeur e crittografia SSL<\/h2>\n<p>\u00c8 importante per noi che i nostri clienti possano fare acquisti online in sicurezza. Siamo affiliati al marchio di qualit\u00e0 nazionale Webwinkelkeur dal 2019. La nostra identit\u00e0 \u00e8 stata controllata e verificata da loro e il negozio online \u00e8 stato controllato e approvato legalmente. Inoltre, il nostro negozio online \u00e8 affiliato a loro per la mediazione delle controversie. Puoi vedere il badge con tutte le informazioni di questo marchio di qualit\u00e0 del negozio online sul lato sinistro o destro del negozio online (pulsante rosa con bianco). Inoltre, il nostro sito \u00e8 protetto con un certificato SSL in modo da poter navigare in sicurezza. Nella barra del tuo browser Internet, dove \u00e8 indicato il nostro sito web, vedrai un&#8217;icona a forma di lucchetto. Se clicchi sul lucchetto, otterrai tutte le informazioni sulla nostra sicurezza. In questo modo sai che il tuo ordine di Gel Costruttore Claresa Soft&#038;Easy Dancing Sparkles 12G e i tuoi dati personali vengono elaborati in modo sicuro.<\/p>\n<h2>Come posso pagare Gel Costruttore Claresa Soft&#038;Easy Dancing Sparkles 12G?<\/h2>\n<p>Vogliamo renderti le cose il pi\u00f9 semplici possibile. Ecco perch\u00e9 su Salon For All puoi pagare con tutti i metodi di pagamento noti e comuni. Pagare in anticipo, alla consegna o in seguito; tutto \u00e8 possibile. Vedi qui tutti i metodi di pagamento che offriamo:<\/p>\n<ul>\n<li>iDEAL<\/li>\n<li>Carta di credito (Visa, Mastercard, American Express)<\/li>\n<li>Klarna &#8211; Pagamento posticipato con fattura<\/li>\n<li>PayPal<\/li>\n<li>Apple Pay<\/li>\n<li>Google Pay<\/li>\n<li>Bancontact<\/li>\n<li>Bonifico bancario SEPA<\/li>\n<li>MyBank (per clienti italiani)<\/li>\n<li>Fattura aziendale per imprese<\/li>\n<li>Pagamento nello showroom &#8211; Sia carta che contanti (Disponibile solo per il ritiro)<\/li>\n<\/ul>\n<h2>Consulta anche le recensioni di Salon For All<\/h2>\n<p>Consulta anche le nostre recensioni per tenere conto delle esperienze dei nostri clienti attuali nella tua decisione di ordinare Gel Costruttore Claresa Soft&#038;Easy Dancing Sparkles 12G da noi. Attraverso il nostro marchio di qualit\u00e0 indipendente del negozio online Webwinkelkeur, vengono raccolte automaticamente recensioni verificate di clienti che hanno completato un ordine con noi. Puoi trovarle dietro il pulsante rosa sul nostro negozio online o sono elencate sotto i prodotti.<\/p>\n<p>Condividi anche la tua esperienza dopo il tuo acquisto con il tuo Gel Costruttore Claresa Soft&#038;Easy Dancing Sparkles 12G ordinato e la tua esperienza con il processo di acquisto o il contatto con Salon For All per ispirare gli altri!<\/p>\n<h2>Contatto con Salon For All<\/h2>\n<p>Contattaci allora. Saremo lieti di aiutarti con l&#8217;acquisto di Gel Costruttore Claresa Soft&#038;Easy Dancing Sparkles 12G. Nei giorni feriali siamo raggiungibili al meglio tra le 8.30 e le 17.00 tramite il numero di telefono e l&#8217;indirizzo e-mail nella parte superiore del negozio online o tramite la funzione chat. Le domande al di fuori dell&#8217;orario d&#8217;ufficio vengono generalmente risposte entro 24 ore. \u00c8 anche possibile venirci a trovare al di fuori dei giorni feriali o dell&#8217;orario d&#8217;ufficio. Ma per questo \u00e8 necessario prendere un appuntamento in anticipo.<\/p>\n<h2>Vuoi venire nel nostro showroom?<\/h2>\n<p>Preferisci vedere Gel Costruttore Claresa Soft&#038;Easy Dancing Sparkles 12G o esplorare la nostra offerta del negozio (online) insieme al nostro collega? Allora vieni nel nostro showroom con oltre 1000m\u00b2 di arredamento per saloni e lasciati ispirare dai nostri dipendenti. Anche se ti piace fare conoscenza in modo piacevole gustando una buona tazza di caff\u00e8 o t\u00e8, sei il benvenuto. Non abbiamo tutti i prodotti disponibili, quindi faccici sapere in anticipo che vuoi venire. Prendi sempre un appuntamento in anticipo.<\/p>\n<h2>14 giorni di riflessione e la nostra politica di reso<\/h2>\n<p>Naturalmente pu\u00f2 succedere che Gel Costruttore Claresa Soft&#038;Easy Dancing Sparkles 12G consegnato non sia completamente di tuo gradimento e tu voglia restituirlo. Questo non \u00e8 assolutamente un problema con Salon For All. Devi segnalare il tuo reso entro 14 giorni lavorativi tramite <a href=\"mailto:info@salonforall.com\">info@salonforall.it<\/a>. Riceverai quindi prima tutte le istruzioni e condizioni di reso. Si prega di notare che Gel Costruttore Claresa Soft&#038;Easy Dancing Sparkles 12G non deve essere stato utilizzato, deve contenere tutte le parti fornite e deve essere restituito imballato nella confezione originale. I costi di spedizione per un reso sono sempre a carico dell&#8217;acquirente per gli acquisti tramite www.salonforall.it. Devi organizzare tu stesso un trasporto presso un corriere di tua scelta per un reso. Una volta che Gel Costruttore Claresa Soft&#038;Easy Dancing Sparkles 12G \u00e8 stato restituito, verr\u00e0 controllato per completezza e danni. Una volta che il reso \u00e8 stato approvato, l&#8217;importo di acquisto verr\u00e0 rimborsato entro 5 giorni lavorativi sul conto bancario da noi conosciuto.<\/p>\n<h2>Chi \u00e8 Salon For All?<\/h2>\n<p>Salon For All \u00e8 IL grossista per ogni arredamento di saloni in Europa. Salon For All \u00e8 iniziato nel 2003 con il nome Salonvoordeel ed \u00e8 nato dalla pratica. I proprietari di Salon For All erano parrucchieri e specialisti della bellezza esperti e hanno insieme oltre 30 anni di esperienza pratica. Nel 2003 abbiamo lanciato Salonvoordeel.nl (Paesi Bassi) e successivamente \u00e8 stato fondato Salon For All per il mercato europeo. Alcuni dei nostri dipendenti hanno avviato una propria attivit\u00e0 e cos\u00ec \u00e8 nata l&#8217;idea di avviare un negozio online funzionale per parrucchieri e aiutarli con l&#8217;arredamento del loro salone.<\/p>\n<p>Il nostro showroom si trova a Dinxperlo, direttamente al confine tra i Paesi Bassi e la Germania. Con la nostra pluriennale esperienza nel settore possiamo farti da specchio e fornirti la giusta consulenza. Parliamo la stessa lingua! Ti consigliamo, ispiriamo, motiviamo e ti aiutiamo nell&#8217;acquisto di Gel Costruttore Claresa Soft&#038;Easy Dancing Sparkles 12G. I nostri fornitori si trovano in tutta Europa, dalla Germania, Inghilterra, Italia fino alla Polonia.<\/p>","protected":false},"excerpt":{"rendered":"<p>Il prodotto Gel Costruttore Claresa Soft&#038;Easy Dancing Sparkles 12G \u00e8 una soluzione conveniente per qualsiasi salone o studio professionale. Il tempo di consegna previsto \u00e8 di circa 6 giorni lavorativi.<\/p>","protected":false},"featured_media":22692,"comment_status":"open","ping_status":"open","template":"","meta":[],"product_brand":[3636],"product_cat":[3667,3637],"product_tag":[3668,3639],"class_list":{"0":"post-22691","1":"product","2":"type-product","3":"status-publish","4":"has-post-thumbnail","6":"product_brand-claresa","7":"product_cat-gel-per-unghie","8":"product_cat-manicure-ibrida-claresa","9":"product_tag-gel-per-unghie","10":"product_tag-manicure-ibrida-claresa","11":"pa_codice-ean-7269","12":"pa_garanzia-12-mesi","13":"pa_marca-claresa","14":"pa_numero-dellarticolo-7268","15":"pa_tempo-di-consegna-stimato-3-4-giorni-lavorativi","17":"first","18":"instock","19":"sale","20":"taxable","21":"shipping-taxable","22":"purchasable","23":"product-type-simple"},"yoast_head":"<!-- This site is optimized with the Yoast SEO plugin v27.5 - https:\/\/yoast.com\/product\/yoast-seo-wordpress\/ -->\n<title>Gel Costruttore Claresa Soft&amp;Easy Dancing Sparkles 12G acquistare<\/title>\n<meta name=\"description\" content=\"Acquista Gel Costruttore Claresa Soft&amp;Easy Dancing Sparkles 12G online o nello showroom da Salon For All Italia. Il grossista per saloni, studi e spa in Italia e Svizzera.\" \/>\n<meta name=\"robots\" content=\"index, follow, max-snippet:-1, max-image-preview:large, max-video-preview:-1\" \/>\n<link rel=\"canonical\" href=\"https:\/\/salonforall.it\/en\/gel-costruttore-claresa-softeasy-dancing-sparkles-12g\/\" \/>\n<meta property=\"og:locale\" content=\"en_GB\" \/>\n<meta property=\"og:type\" content=\"article\" \/>\n<meta property=\"og:title\" content=\"Gel Costruttore Claresa Soft&amp;Easy Dancing Sparkles 12G\" \/>\n<meta property=\"og:description\" content=\"Acquista Gel Costruttore Claresa Soft&amp;Easy Dancing Sparkles 12G online o nello showroom da Salon For All Italia. Il grossista per saloni, studi e spa in Italia e Svizzera.\" \/>\n<meta property=\"og:url\" content=\"https:\/\/salonforall.it\/en\/gel-costruttore-claresa-softeasy-dancing-sparkles-12g\/\" \/>\n<meta property=\"og:site_name\" content=\"Salon For All Italia\" \/>\n<meta property=\"article:modified_time\" content=\"2026-05-09T02:28:16+00:00\" \/>\n<meta property=\"og:image\" content=\"https:\/\/salonforall.it\/wp-content\/uploads\/2025\/12\/Gel-Costruttore-Claresa-SoftEasy-Dancing-Sparkles-12G-1.jpg\" \/>\n\t<meta property=\"og:image:width\" content=\"1200\" \/>\n\t<meta property=\"og:image:height\" content=\"1200\" \/>\n\t<meta property=\"og:image:type\" content=\"image\/jpeg\" \/>\n<meta name=\"twitter:card\" content=\"summary_large_image\" \/>\n<meta name=\"twitter:title\" content=\"Gel Costruttore Claresa Soft&amp;Easy Dancing Sparkles 12G\" \/>\n<meta name=\"twitter:label1\" content=\"Estimated reading time\" \/>\n\t<meta name=\"twitter:data1\" content=\"9 minutes\" \/>\n<script type=\"application\/ld+json\" class=\"yoast-schema-graph\">{\"@context\":\"https:\\\/\\\/schema.org\",\"@graph\":[{\"@type\":\"WebPage\",\"@id\":\"https:\\\/\\\/salonforall.it\\\/gel-costruttore-claresa-softeasy-dancing-sparkles-12g\\\/\",\"url\":\"https:\\\/\\\/salonforall.it\\\/gel-costruttore-claresa-softeasy-dancing-sparkles-12g\\\/\",\"name\":\"Gel Costruttore Claresa Soft&Easy Dancing Sparkles 12G acquistare\",\"isPartOf\":{\"@id\":\"https:\\\/\\\/salonforall.it\\\/#website\"},\"primaryImageOfPage\":{\"@id\":\"https:\\\/\\\/salonforall.it\\\/gel-costruttore-claresa-softeasy-dancing-sparkles-12g\\\/#primaryimage\"},\"image\":{\"@id\":\"https:\\\/\\\/salonforall.it\\\/gel-costruttore-claresa-softeasy-dancing-sparkles-12g\\\/#primaryimage\"},\"thumbnailUrl\":\"https:\\\/\\\/salonforall.it\\\/wp-content\\\/uploads\\\/2025\\\/12\\\/Gel-Costruttore-Claresa-SoftEasy-Dancing-Sparkles-12G-1.jpg\",\"datePublished\":\"2025-12-03T20:22:11+00:00\",\"dateModified\":\"2026-05-09T02:28:16+00:00\",\"description\":\"Acquista Gel Costruttore Claresa Soft&Easy Dancing Sparkles 12G online o nello showroom da Salon For All Italia. Il grossista per saloni, studi e spa in Italia e Svizzera.\",\"breadcrumb\":{\"@id\":\"https:\\\/\\\/salonforall.it\\\/gel-costruttore-claresa-softeasy-dancing-sparkles-12g\\\/#breadcrumb\"},\"inLanguage\":\"en-GB\",\"potentialAction\":[{\"@type\":\"ReadAction\",\"target\":[\"https:\\\/\\\/salonforall.it\\\/gel-costruttore-claresa-softeasy-dancing-sparkles-12g\\\/\"]}]},{\"@type\":\"ImageObject\",\"inLanguage\":\"en-GB\",\"@id\":\"https:\\\/\\\/salonforall.it\\\/gel-costruttore-claresa-softeasy-dancing-sparkles-12g\\\/#primaryimage\",\"url\":\"https:\\\/\\\/salonforall.it\\\/wp-content\\\/uploads\\\/2025\\\/12\\\/Gel-Costruttore-Claresa-SoftEasy-Dancing-Sparkles-12G-1.jpg\",\"contentUrl\":\"https:\\\/\\\/salonforall.it\\\/wp-content\\\/uploads\\\/2025\\\/12\\\/Gel-Costruttore-Claresa-SoftEasy-Dancing-Sparkles-12G-1.jpg\",\"width\":1200,\"height\":1200,\"caption\":\"Gel Costruttore Claresa Soft&Easy Dancing Sparkles 12G\"},{\"@type\":\"BreadcrumbList\",\"@id\":\"https:\\\/\\\/salonforall.it\\\/gel-costruttore-claresa-softeasy-dancing-sparkles-12g\\\/#breadcrumb\",\"itemListElement\":[{\"@type\":\"ListItem\",\"position\":1,\"name\":\"Home\",\"item\":\"https:\\\/\\\/salonforall.it\\\/\"},{\"@type\":\"ListItem\",\"position\":2,\"name\":\"Winkel\",\"item\":\"https:\\\/\\\/salonforall.it\\\/winkel\\\/\"},{\"@type\":\"ListItem\",\"position\":3,\"name\":\"Gel Costruttore Claresa Soft&#038;Easy Dancing Sparkles 12G\"}]},{\"@type\":\"WebSite\",\"@id\":\"https:\\\/\\\/salonforall.it\\\/#website\",\"url\":\"https:\\\/\\\/salonforall.it\\\/\",\"name\":\"Salon For All Italia\",\"description\":\"Grossista di mobili e forniture per studi medici e saloni\",\"publisher\":{\"@id\":\"https:\\\/\\\/salonforall.it\\\/#organization\"},\"potentialAction\":[{\"@type\":\"SearchAction\",\"target\":{\"@type\":\"EntryPoint\",\"urlTemplate\":\"https:\\\/\\\/salonforall.it\\\/?s={search_term_string}\"},\"query-input\":{\"@type\":\"PropertyValueSpecification\",\"valueRequired\":true,\"valueName\":\"search_term_string\"}}],\"inLanguage\":\"en-GB\"},{\"@type\":\"Organization\",\"@id\":\"https:\\\/\\\/salonforall.it\\\/#organization\",\"name\":\"Salon For All Italia\",\"url\":\"https:\\\/\\\/salonforall.it\\\/\",\"logo\":{\"@type\":\"ImageObject\",\"inLanguage\":\"en-GB\",\"@id\":\"https:\\\/\\\/salonforall.it\\\/#\\\/schema\\\/logo\\\/image\\\/\",\"url\":\"https:\\\/\\\/salonforall.it\\\/wp-content\\\/uploads\\\/2025\\\/11\\\/logo-salon-for-all-e1764543264615.png\",\"contentUrl\":\"https:\\\/\\\/salonforall.it\\\/wp-content\\\/uploads\\\/2025\\\/11\\\/logo-salon-for-all-e1764543264615.png\",\"width\":500,\"height\":150,\"caption\":\"Salon For All Italia\"},\"image\":{\"@id\":\"https:\\\/\\\/salonforall.it\\\/#\\\/schema\\\/logo\\\/image\\\/\"}}]}<\/script>\n<!-- \/ Yoast SEO plugin. -->","yoast_head_json":{"title":"Gel Costruttore Claresa Soft&Easy Dancing Sparkles 12G acquistare","description":"Acquista Gel Costruttore Claresa Soft&Easy Dancing Sparkles 12G online o nello showroom da Salon For All Italia. Il grossista per saloni, studi e spa in Italia e Svizzera.","robots":{"index":"index","follow":"follow","max-snippet":"max-snippet:-1","max-image-preview":"max-image-preview:large","max-video-preview":"max-video-preview:-1"},"canonical":"https:\/\/salonforall.it\/en\/gel-costruttore-claresa-softeasy-dancing-sparkles-12g\/","og_locale":"en_GB","og_type":"article","og_title":"Gel Costruttore Claresa Soft&Easy Dancing Sparkles 12G","og_description":"Acquista Gel Costruttore Claresa Soft&Easy Dancing Sparkles 12G online o nello showroom da Salon For All Italia. Il grossista per saloni, studi e spa in Italia e Svizzera.","og_url":"https:\/\/salonforall.it\/en\/gel-costruttore-claresa-softeasy-dancing-sparkles-12g\/","og_site_name":"Salon For All Italia","article_modified_time":"2026-05-09T02:28:16+00:00","og_image":[{"width":1200,"height":1200,"url":"https:\/\/salonforall.it\/wp-content\/uploads\/2025\/12\/Gel-Costruttore-Claresa-SoftEasy-Dancing-Sparkles-12G-1.jpg","type":"image\/jpeg"}],"twitter_card":"summary_large_image","twitter_title":"Gel Costruttore Claresa Soft&Easy Dancing Sparkles 12G","twitter_misc":{"Estimated reading time":"9 minutes"},"schema":{"@context":"https:\/\/schema.org","@graph":[{"@type":"WebPage","@id":"https:\/\/salonforall.it\/gel-costruttore-claresa-softeasy-dancing-sparkles-12g\/","url":"https:\/\/salonforall.it\/gel-costruttore-claresa-softeasy-dancing-sparkles-12g\/","name":"Gel Costruttore Claresa Soft&Easy Dancing Sparkles 12G acquistare","isPartOf":{"@id":"https:\/\/salonforall.it\/#website"},"primaryImageOfPage":{"@id":"https:\/\/salonforall.it\/gel-costruttore-claresa-softeasy-dancing-sparkles-12g\/#primaryimage"},"image":{"@id":"https:\/\/salonforall.it\/gel-costruttore-claresa-softeasy-dancing-sparkles-12g\/#primaryimage"},"thumbnailUrl":"https:\/\/salonforall.it\/wp-content\/uploads\/2025\/12\/Gel-Costruttore-Claresa-SoftEasy-Dancing-Sparkles-12G-1.jpg","datePublished":"2025-12-03T20:22:11+00:00","dateModified":"2026-05-09T02:28:16+00:00","description":"Acquista Gel Costruttore Claresa Soft&Easy Dancing Sparkles 12G online o nello showroom da Salon For All Italia. Il grossista per saloni, studi e spa in Italia e Svizzera.","breadcrumb":{"@id":"https:\/\/salonforall.it\/gel-costruttore-claresa-softeasy-dancing-sparkles-12g\/#breadcrumb"},"inLanguage":"en-GB","potentialAction":[{"@type":"ReadAction","target":["https:\/\/salonforall.it\/gel-costruttore-claresa-softeasy-dancing-sparkles-12g\/"]}]},{"@type":"ImageObject","inLanguage":"en-GB","@id":"https:\/\/salonforall.it\/gel-costruttore-claresa-softeasy-dancing-sparkles-12g\/#primaryimage","url":"https:\/\/salonforall.it\/wp-content\/uploads\/2025\/12\/Gel-Costruttore-Claresa-SoftEasy-Dancing-Sparkles-12G-1.jpg","contentUrl":"https:\/\/salonforall.it\/wp-content\/uploads\/2025\/12\/Gel-Costruttore-Claresa-SoftEasy-Dancing-Sparkles-12G-1.jpg","width":1200,"height":1200,"caption":"Gel Costruttore Claresa Soft&Easy Dancing Sparkles 12G"},{"@type":"BreadcrumbList","@id":"https:\/\/salonforall.it\/gel-costruttore-claresa-softeasy-dancing-sparkles-12g\/#breadcrumb","itemListElement":[{"@type":"ListItem","position":1,"name":"Home","item":"https:\/\/salonforall.it\/"},{"@type":"ListItem","position":2,"name":"Winkel","item":"https:\/\/salonforall.it\/winkel\/"},{"@type":"ListItem","position":3,"name":"Gel Costruttore Claresa Soft&#038;Easy Dancing Sparkles 12G"}]},{"@type":"WebSite","@id":"https:\/\/salonforall.it\/#website","url":"https:\/\/salonforall.it\/","name":"Salon For All Italia","description":"Grossista di mobili e forniture per studi medici e saloni","publisher":{"@id":"https:\/\/salonforall.it\/#organization"},"potentialAction":[{"@type":"SearchAction","target":{"@type":"EntryPoint","urlTemplate":"https:\/\/salonforall.it\/?s={search_term_string}"},"query-input":{"@type":"PropertyValueSpecification","valueRequired":true,"valueName":"search_term_string"}}],"inLanguage":"en-GB"},{"@type":"Organization","@id":"https:\/\/salonforall.it\/#organization","name":"Salon For All Italia","url":"https:\/\/salonforall.it\/","logo":{"@type":"ImageObject","inLanguage":"en-GB","@id":"https:\/\/salonforall.it\/#\/schema\/logo\/image\/","url":"https:\/\/salonforall.it\/wp-content\/uploads\/2025\/11\/logo-salon-for-all-e1764543264615.png","contentUrl":"https:\/\/salonforall.it\/wp-content\/uploads\/2025\/11\/logo-salon-for-all-e1764543264615.png","width":500,"height":150,"caption":"Salon For All Italia"},"image":{"@id":"https:\/\/salonforall.it\/#\/schema\/logo\/image\/"}}]}},"_links":{"self":[{"href":"https:\/\/salonforall.it\/en\/wp-json\/wp\/v2\/product\/22691","targetHints":{"allow":["GET"]}}],"collection":[{"href":"https:\/\/salonforall.it\/en\/wp-json\/wp\/v2\/product"}],"about":[{"href":"https:\/\/salonforall.it\/en\/wp-json\/wp\/v2\/types\/product"}],"replies":[{"embeddable":true,"href":"https:\/\/salonforall.it\/en\/wp-json\/wp\/v2\/comments?post=22691"}],"wp:featuredmedia":[{"embeddable":true,"href":"https:\/\/salonforall.it\/en\/wp-json\/wp\/v2\/media\/22692"}],"wp:attachment":[{"href":"https:\/\/salonforall.it\/en\/wp-json\/wp\/v2\/media?parent=22691"}],"wp:term":[{"taxonomy":"product_brand","embeddable":true,"href":"https:\/\/salonforall.it\/en\/wp-json\/wp\/v2\/product_brand?post=22691"},{"taxonomy":"product_cat","embeddable":true,"href":"https:\/\/salonforall.it\/en\/wp-json\/wp\/v2\/product_cat?post=22691"},{"taxonomy":"product_tag","embeddable":true,"href":"https:\/\/salonforall.it\/en\/wp-json\/wp\/v2\/product_tag?post=22691"}],"curies":[{"name":"wp","href":"https:\/\/api.w.org\/{rel}","templated":true}]}}