{"id":22807,"date":"2025-12-03T20:23:22","date_gmt":"2025-12-03T20:23:22","guid":{"rendered":"https:\/\/salonforall.it\/asciugacapelli-valera-9400-ionic-plus-rosso\/"},"modified":"2026-04-10T02:16:38","modified_gmt":"2026-04-10T02:16:38","slug":"asciugacapelli-valera-9400-ionic-plus-rosso","status":"publish","type":"product","link":"https:\/\/salonforall.it\/en\/asciugacapelli-valera-9400-ionic-plus-rosso\/","title":{"rendered":"Asciugacapelli Valera 9400 Ionic Plus Rosso"},"content":{"rendered":"<h2>Informazioni su Asciugacapelli Valera 9400 Ionic Plus Rosso con codice articolo 154535<\/h2>\n<p><img decoding=\"async\" src=\"https:\/\/activeshop.com.pl\/media\/wysiwyg\/product\/154535\/EN_154535_1.jpg\"><\/p>\n<p><strong>Valera<\/strong> \u00e8 un marchio con oltre 60 anni di tradizione, apprezzato dai professionisti di tutto il mondo. I dispositivi per lo styling dei capelli, tra cui asciugacapelli e piastre, combinano tecnologia avanzata e cura per la salute dei capelli. Sono ideali sia in salone che per lo styling a casa.<\/p>\n<h2>Asciugacapelli professionale<\/h2>\n<p><strong>Valera 9400 Ionic Plus<\/strong> \u00e8 un asciugacapelli professionale che <strong>combina un&#8217;elevata potenza con un design leggero ed ergonomico<\/strong>. Creato per le esigenze del lavoro in un salone di parrucchiere, \u00e8 anche <strong>perfetto per l&#8217;uso quotidiano a casa<\/strong>. Il moderno motore AC Performance Light <strong>garantisce lunga durata e prestazioni affidabili<\/strong>, mentre il sistema di ionizzazione Ionic Care liscia efficacemente i capelli, riduce l&#8217;effetto crespo e <strong>protegge dalla secchezza<\/strong>.<\/p>\n<p><img decoding=\"async\" src=\"https:\/\/activeshop.com.pl\/media\/wysiwyg\/product\/154535\/EN_154535_2.jpg\"><\/p>\n<h2>Protegge e liscia con la ionizzazione<\/h2>\n<p><strong>Il generatore di ioni integrato<\/strong> con sistema antibatterico SANIFY previene efficacemente l&#8217;elettricit\u00e0 statica. La ionizzazione <strong>chiude le cuticole dei capelli<\/strong>, rendendo le ciocche <strong>pi\u00f9 lisce, pi\u00f9 lucide e meno soggette all&#8217;effetto crespo<\/strong>. Questa \u00e8 una soluzione ideale sia per lo styling che per un look sano e naturale.<\/p>\n<h2>Regolazione precisa e massimo comfort d&#8217;uso<\/h2>\n<p><strong>Sei combinazioni di temperatura e flusso d&#8217;aria<\/strong> e un pulsante per l&#8217;aria fredda consentono di <strong>regolare con precisione i parametri di asciugatura<\/strong> in base al tipo di capello e all&#8217;effetto desiderato. Grazie all&#8217;<strong>ampia gamma di opzioni di regolazione<\/strong>, l&#8217;asciugacapelli \u00e8 adatto sia ai capelli delicati e sottili che a quelli pi\u00f9 spessi e difficili. Il flusso d&#8217;aria fredda aiuta a fissare l&#8217;acconciatura, donandole una finitura liscia e duratura<\/strong>.<\/p>\n<p><img decoding=\"async\" src=\"https:\/\/activeshop.com.pl\/media\/wysiwyg\/product\/154535\/EN_154535_3.jpg\"><\/p>\n<h2>Potenza ed efficienza in un design leggero<\/h2>\n<p>L&#8217;asciugacapelli \u00e8 dotato di <strong>un motore professionale AC Performance Light<\/strong>, che garantisce affidabilit\u00e0, prestazioni elevate e lunga durata. Allo stesso tempo, rimane leggero, il che <strong>facilita notevolmente il lavoro quotidiano<\/strong>, sia in un salone di parrucchiere che a casa. Una velocit\u00e0 dell&#8217;aria di 70 m\u00b3\/h <strong>garantisce un&#8217;asciugatura rapida ed efficace<\/strong>.<\/p>\n<h2>Controllo completo e sicurezza<\/h2>\n<p>L&#8217;asciugacapelli offre non solo <strong>un controllo preciso sullo styling<\/strong>, ma anche un elevato livello di sicurezza per l&#8217;utente. Il <strong>funzionamento silenzioso<\/strong> favorisce il comfort, anche durante l&#8217;asciugatura pi\u00f9 lunga. Il sistema di protezione termica integrato <strong>protegge efficacemente dal surriscaldamento<\/strong> spegnendo automaticamente il dispositivo quando necessario. L&#8217;ugello non riscaldante TOUCH ME <strong>garantisce praticit\u00e0 e sicurezza<\/strong> durante lo styling. Inoltre, un filtro metallico rimovibile protegge il motore dallo sporco, il che <strong>prolunga la durata dell&#8217;asciugacapelli<\/strong> e ne facilita la pulizia e la manutenzione.<\/p>\n<p><img decoding=\"async\" src=\"https:\/\/activeshop.com.pl\/media\/wysiwyg\/product\/154535\/EN_154535_4.jpg\"><\/p>\n<h2>Comodit\u00e0 d&#8217;uso senza compromessi<\/h2>\n<p>L&#8217;impugnatura ergonomica <strong>riduce al minimo l&#8217;affaticamento della mano durante il lavoro<\/strong> e il design leggero consente un lavoro confortevole e prolungato senza affaticamento. <strong>Il cavo rotante da tre metri con sistema Rotocord<\/strong> impedisce che il cavo si aggrovigli e offre piena libert\u00e0 di movimento. Il set include <strong>due ugelli concentrati<\/strong>, ideali per una modellatura precisa dell&#8217;acconciatura.<\/p>\n<p>Prodotto realizzato in Svizzera.<br \/>Leggere le istruzioni prima dell&#8217;uso. Il cavo \u00e8 lungo circa 3 metri. Le dimensioni esatte del dispositivo sono indicate nella foto.<br \/><strong>Il set include:<\/strong> asciugacapelli, due concentratori d&#8217;aria, istruzioni.<\/p>\n<p><strong>Specifiche:<\/strong><br \/>Colore: tonalit\u00e0 di rosso<br \/>Controllo della temperatura: a tre stadi<br \/>Controllo del flusso: a due stadi<br \/>Velocit\u00e0 dell&#8217;aria: 70 m\u00b3\/h<br \/>Intensit\u00e0 sonora: 64 dB<br \/>Potenza: 2400 W<br \/>Tensione: 220-240 V<br \/>Garanzia: 12 mesi<\/p>\n<p>I prodotti Activeshop sono proporzionalmente pi\u00f9 economici di molti altri marchi\/fornitori. Il prezzo \u00e8 proporzionato alla qualit\u00e0. Asciugacapelli Valera 9400 Ionic Plus Rosso \u00e8 quindi una soluzione accessibile per il tuo salone.<\/p>\n<h2>Come viene consegnato Asciugacapelli Valera 9400 Ionic Plus Rosso?<\/h2>\n<p>Asciugacapelli Valera 9400 Ionic Plus Rosso viene consegnato nella confezione originale. In Italia la spedizione di Asciugacapelli Valera 9400 Ionic Plus Rosso \u00e8 completamente gratuita per ordini a partire da 100,- euro. Per spedizioni verso altri paesi si applicano tariffe di spedizione separate. Puoi richiedere queste tariffe o trovarle nel carrello. Asciugacapelli Valera 9400 Ionic Plus Rosso viene spedito tramite un corriere esterno.<\/p>\n<p>I pacchi o i pallet vengono consegnati di serie fino alla soglia della porta d&#8217;ingresso, anche se ti trovi in un edificio collettivo, condominio o complesso residenziale con ascensore (a condizione che l&#8217;articolo entri nell&#8217;ascensore). Non c&#8217;\u00e8 un ascensore o l&#8217;articolo non entra nell&#8217;ascensore? Allora consegniamo fino alla soglia del piano terra.<\/p>\n<p>Hai ancora domande sulla consegna o una situazione particolare? Contattaci e saremo lieti di aiutarti!<\/p>\n<p>*Gli articoli non vengono disimballati o montati di serie. In situazioni particolari puoi contattarci per fare accordi in merito.<\/p>\n<h2>Acquisti online sicuri su Salon For All con il marchio di qualit\u00e0 Webwinkelkeur e crittografia SSL<\/h2>\n<p>\u00c8 importante per noi che i nostri clienti possano fare acquisti online in sicurezza. Siamo affiliati al marchio di qualit\u00e0 nazionale Webwinkelkeur dal 2019. La nostra identit\u00e0 \u00e8 stata controllata e verificata da loro e il negozio online \u00e8 stato controllato e approvato legalmente. Inoltre, il nostro negozio online \u00e8 affiliato a loro per la mediazione delle controversie. Puoi vedere il badge con tutte le informazioni di questo marchio di qualit\u00e0 del negozio online sul lato sinistro o destro del negozio online (pulsante rosa con bianco). Inoltre, il nostro sito \u00e8 protetto con un certificato SSL in modo da poter navigare in sicurezza. Nella barra del tuo browser Internet, dove \u00e8 indicato il nostro sito web, vedrai un&#8217;icona a forma di lucchetto. Se clicchi sul lucchetto, otterrai tutte le informazioni sulla nostra sicurezza. In questo modo sai che il tuo ordine di Asciugacapelli Valera 9400 Ionic Plus Rosso e i tuoi dati personali vengono elaborati in modo sicuro.<\/p>\n<h2>Come posso pagare Asciugacapelli Valera 9400 Ionic Plus Rosso?<\/h2>\n<p>Vogliamo renderti le cose il pi\u00f9 semplici possibile. Ecco perch\u00e9 su Salon For All puoi pagare con tutti i metodi di pagamento noti e comuni. Pagare in anticipo, alla consegna o in seguito; tutto \u00e8 possibile. Vedi qui tutti i metodi di pagamento che offriamo:<\/p>\n<ul>\n<li>iDEAL<\/li>\n<li>Carta di credito (Visa, Mastercard, American Express)<\/li>\n<li>Klarna &#8211; Pagamento posticipato con fattura<\/li>\n<li>PayPal<\/li>\n<li>Apple Pay<\/li>\n<li>Google Pay<\/li>\n<li>Bancontact<\/li>\n<li>Bonifico bancario SEPA<\/li>\n<li>MyBank (per clienti italiani)<\/li>\n<li>Fattura aziendale per imprese<\/li>\n<li>Pagamento nello showroom &#8211; Sia carta che contanti (Disponibile solo per il ritiro)<\/li>\n<\/ul>\n<h2>Consulta anche le recensioni di Salon For All<\/h2>\n<p>Consulta anche le nostre recensioni per tenere conto delle esperienze dei nostri clienti attuali nella tua decisione di ordinare Asciugacapelli Valera 9400 Ionic Plus Rosso da noi. Attraverso il nostro marchio di qualit\u00e0 indipendente del negozio online Webwinkelkeur, vengono raccolte automaticamente recensioni verificate di clienti che hanno completato un ordine con noi. Puoi trovarle dietro il pulsante rosa sul nostro negozio online o sono elencate sotto i prodotti.<\/p>\n<p>Condividi anche la tua esperienza dopo il tuo acquisto con il tuo Asciugacapelli Valera 9400 Ionic Plus Rosso ordinato e la tua esperienza con il processo di acquisto o il contatto con Salon For All per ispirare gli altri!<\/p>\n<h2>Contatto con Salon For All<\/h2>\n<p>Contattaci allora. Saremo lieti di aiutarti con l&#8217;acquisto di Asciugacapelli Valera 9400 Ionic Plus Rosso. Nei giorni feriali siamo raggiungibili al meglio tra le 8.30 e le 17.00 tramite il numero di telefono e l&#8217;indirizzo e-mail nella parte superiore del negozio online o tramite la funzione chat. Le domande al di fuori dell&#8217;orario d&#8217;ufficio vengono generalmente risposte entro 24 ore. \u00c8 anche possibile venirci a trovare al di fuori dei giorni feriali o dell&#8217;orario d&#8217;ufficio. Ma per questo \u00e8 necessario prendere un appuntamento in anticipo.<\/p>\n<h2>Vuoi venire nel nostro showroom?<\/h2>\n<p>Preferisci vedere Asciugacapelli Valera 9400 Ionic Plus Rosso o esplorare la nostra offerta del negozio (online) insieme al nostro collega? Allora vieni nel nostro showroom con oltre 1000m\u00b2 di arredamento per saloni e lasciati ispirare dai nostri dipendenti. Anche se ti piace fare conoscenza in modo piacevole gustando una buona tazza di caff\u00e8 o t\u00e8, sei il benvenuto. Non abbiamo tutti i prodotti disponibili, quindi faccici sapere in anticipo che vuoi venire. Prendi sempre un appuntamento in anticipo.<\/p>\n<h2>14 giorni di riflessione e la nostra politica di reso<\/h2>\n<p>Naturalmente pu\u00f2 succedere che Asciugacapelli Valera 9400 Ionic Plus Rosso consegnato non sia completamente di tuo gradimento e tu voglia restituirlo. Questo non \u00e8 assolutamente un problema con Salon For All. Devi segnalare il tuo reso entro 14 giorni lavorativi tramite <a href=\"mailto:info@salonforall.com\">info@salonforall.it<\/a>. Riceverai quindi prima tutte le istruzioni e condizioni di reso. Si prega di notare che Asciugacapelli Valera 9400 Ionic Plus Rosso non deve essere stato utilizzato, deve contenere tutte le parti fornite e deve essere restituito imballato nella confezione originale. I costi di spedizione per un reso sono sempre a carico dell&#8217;acquirente per gli acquisti tramite www.salonforall.it. Devi organizzare tu stesso un trasporto presso un corriere di tua scelta per un reso. Una volta che Asciugacapelli Valera 9400 Ionic Plus Rosso \u00e8 stato restituito, verr\u00e0 controllato per completezza e danni. Una volta che il reso \u00e8 stato approvato, l&#8217;importo di acquisto verr\u00e0 rimborsato entro 5 giorni lavorativi sul conto bancario da noi conosciuto.<\/p>\n<h2>Chi \u00e8 Salon For All?<\/h2>\n<p>Salon For All \u00e8 IL grossista per ogni arredamento di saloni in Europa. Salon For All \u00e8 iniziato nel 2003 con il nome Salonvoordeel ed \u00e8 nato dalla pratica. I proprietari di Salon For All erano parrucchieri e specialisti della bellezza esperti e hanno insieme oltre 30 anni di esperienza pratica. Nel 2003 abbiamo lanciato Salonvoordeel.nl (Paesi Bassi) e successivamente \u00e8 stato fondato Salon For All per il mercato europeo. Alcuni dei nostri dipendenti hanno avviato una propria attivit\u00e0 e cos\u00ec \u00e8 nata l&#8217;idea di avviare un negozio online funzionale per parrucchieri e aiutarli con l&#8217;arredamento del loro salone.<\/p>\n<p>Il nostro showroom si trova a Dinxperlo, direttamente al confine tra i Paesi Bassi e la Germania. Con la nostra pluriennale esperienza nel settore possiamo farti da specchio e fornirti la giusta consulenza. Parliamo la stessa lingua! Ti consigliamo, ispiriamo, motiviamo e ti aiutiamo nell&#8217;acquisto di Asciugacapelli Valera 9400 Ionic Plus Rosso. I nostri fornitori si trovano in tutta Europa, dalla Germania, Inghilterra, Italia fino alla Polonia.<\/p>","protected":false},"excerpt":{"rendered":"<p>Il prodotto Asciugacapelli Valera 9400 Ionic Plus Rosso \u00e8 una soluzione conveniente per qualsiasi salone o studio professionale. Il tempo di consegna previsto \u00e8 di circa 6 giorni lavorativi.<\/p>","protected":false},"featured_media":22808,"comment_status":"open","ping_status":"open","template":"","meta":[],"product_brand":[124],"product_cat":[125,96],"product_tag":[126,100],"class_list":{"0":"post-22807","1":"product","2":"type-product","3":"status-publish","4":"has-post-thumbnail","6":"product_brand-valera","7":"product_cat-asciugacapelli","8":"product_cat-attrezzature-per-saloni-di-parrucchiere","9":"product_tag-asciugacapelli","10":"product_tag-attrezzature-per-saloni-di-parrucchiere","11":"pa_codice-ean-7299","12":"pa_garanzia-12-mesi","13":"pa_marca-valera","14":"pa_numero-dellarticolo-7298","15":"pa_tempo-di-consegna-stimato-3-4-giorni-lavorativi","17":"first","18":"outofstock","19":"sale","20":"taxable","21":"shipping-taxable","22":"purchasable","23":"product-type-simple"},"yoast_head":"<!-- This site is optimized with the Yoast SEO plugin v27.5 - https:\/\/yoast.com\/product\/yoast-seo-wordpress\/ -->\n<title>Asciugacapelli Valera 9400 Ionic Plus Rosso acquistare<\/title>\n<meta name=\"description\" content=\"Acquista Asciugacapelli Valera 9400 Ionic Plus Rosso online o nello showroom da Salon For All Italia. Il grossista per saloni, studi e spa in Italia e Svizzera.\" \/>\n<meta name=\"robots\" content=\"index, follow, max-snippet:-1, max-image-preview:large, max-video-preview:-1\" \/>\n<link rel=\"canonical\" href=\"https:\/\/salonforall.it\/en\/asciugacapelli-valera-9400-ionic-plus-rosso\/\" \/>\n<meta property=\"og:locale\" content=\"en_GB\" \/>\n<meta property=\"og:type\" content=\"article\" \/>\n<meta property=\"og:title\" content=\"Asciugacapelli Valera 9400 Ionic Plus Rosso\" \/>\n<meta property=\"og:description\" content=\"Acquista Asciugacapelli Valera 9400 Ionic Plus Rosso online o nello showroom da Salon For All Italia. Il grossista per saloni, studi e spa in Italia e Svizzera.\" \/>\n<meta property=\"og:url\" content=\"https:\/\/salonforall.it\/en\/asciugacapelli-valera-9400-ionic-plus-rosso\/\" \/>\n<meta property=\"og:site_name\" content=\"Salon For All Italia\" \/>\n<meta property=\"article:modified_time\" content=\"2026-04-10T02:16:38+00:00\" \/>\n<meta property=\"og:image\" content=\"https:\/\/salonforall.it\/wp-content\/uploads\/2025\/12\/Asciugacapelli-Valera-9400-Ionic-Plus-Rosso-1.jpg\" \/>\n\t<meta property=\"og:image:width\" content=\"1200\" \/>\n\t<meta property=\"og:image:height\" content=\"1200\" \/>\n\t<meta property=\"og:image:type\" content=\"image\/jpeg\" \/>\n<meta name=\"twitter:card\" content=\"summary_large_image\" \/>\n<meta name=\"twitter:title\" content=\"Asciugacapelli Valera 9400 Ionic Plus Rosso\" \/>\n<meta name=\"twitter:label1\" content=\"Estimated reading time\" \/>\n\t<meta name=\"twitter:data1\" content=\"8 minutes\" \/>\n<script type=\"application\/ld+json\" class=\"yoast-schema-graph\">{\"@context\":\"https:\\\/\\\/schema.org\",\"@graph\":[{\"@type\":\"WebPage\",\"@id\":\"https:\\\/\\\/salonforall.it\\\/asciugacapelli-valera-9400-ionic-plus-rosso\\\/\",\"url\":\"https:\\\/\\\/salonforall.it\\\/asciugacapelli-valera-9400-ionic-plus-rosso\\\/\",\"name\":\"Asciugacapelli Valera 9400 Ionic Plus Rosso acquistare\",\"isPartOf\":{\"@id\":\"https:\\\/\\\/salonforall.it\\\/#website\"},\"primaryImageOfPage\":{\"@id\":\"https:\\\/\\\/salonforall.it\\\/asciugacapelli-valera-9400-ionic-plus-rosso\\\/#primaryimage\"},\"image\":{\"@id\":\"https:\\\/\\\/salonforall.it\\\/asciugacapelli-valera-9400-ionic-plus-rosso\\\/#primaryimage\"},\"thumbnailUrl\":\"https:\\\/\\\/salonforall.it\\\/wp-content\\\/uploads\\\/2025\\\/12\\\/Asciugacapelli-Valera-9400-Ionic-Plus-Rosso-1.jpg\",\"datePublished\":\"2025-12-03T20:23:22+00:00\",\"dateModified\":\"2026-04-10T02:16:38+00:00\",\"description\":\"Acquista Asciugacapelli Valera 9400 Ionic Plus Rosso online o nello showroom da Salon For All Italia. Il grossista per saloni, studi e spa in Italia e Svizzera.\",\"breadcrumb\":{\"@id\":\"https:\\\/\\\/salonforall.it\\\/asciugacapelli-valera-9400-ionic-plus-rosso\\\/#breadcrumb\"},\"inLanguage\":\"en-GB\",\"potentialAction\":[{\"@type\":\"ReadAction\",\"target\":[\"https:\\\/\\\/salonforall.it\\\/asciugacapelli-valera-9400-ionic-plus-rosso\\\/\"]}]},{\"@type\":\"ImageObject\",\"inLanguage\":\"en-GB\",\"@id\":\"https:\\\/\\\/salonforall.it\\\/asciugacapelli-valera-9400-ionic-plus-rosso\\\/#primaryimage\",\"url\":\"https:\\\/\\\/salonforall.it\\\/wp-content\\\/uploads\\\/2025\\\/12\\\/Asciugacapelli-Valera-9400-Ionic-Plus-Rosso-1.jpg\",\"contentUrl\":\"https:\\\/\\\/salonforall.it\\\/wp-content\\\/uploads\\\/2025\\\/12\\\/Asciugacapelli-Valera-9400-Ionic-Plus-Rosso-1.jpg\",\"width\":1200,\"height\":1200,\"caption\":\"Asciugacapelli Valera 9400 Ionic Plus Rosso\"},{\"@type\":\"BreadcrumbList\",\"@id\":\"https:\\\/\\\/salonforall.it\\\/asciugacapelli-valera-9400-ionic-plus-rosso\\\/#breadcrumb\",\"itemListElement\":[{\"@type\":\"ListItem\",\"position\":1,\"name\":\"Home\",\"item\":\"https:\\\/\\\/salonforall.it\\\/\"},{\"@type\":\"ListItem\",\"position\":2,\"name\":\"Winkel\",\"item\":\"https:\\\/\\\/salonforall.it\\\/winkel\\\/\"},{\"@type\":\"ListItem\",\"position\":3,\"name\":\"Asciugacapelli Valera 9400 Ionic Plus Rosso\"}]},{\"@type\":\"WebSite\",\"@id\":\"https:\\\/\\\/salonforall.it\\\/#website\",\"url\":\"https:\\\/\\\/salonforall.it\\\/\",\"name\":\"Salon For All Italia\",\"description\":\"Grossista di mobili e forniture per studi medici e saloni\",\"publisher\":{\"@id\":\"https:\\\/\\\/salonforall.it\\\/#organization\"},\"potentialAction\":[{\"@type\":\"SearchAction\",\"target\":{\"@type\":\"EntryPoint\",\"urlTemplate\":\"https:\\\/\\\/salonforall.it\\\/?s={search_term_string}\"},\"query-input\":{\"@type\":\"PropertyValueSpecification\",\"valueRequired\":true,\"valueName\":\"search_term_string\"}}],\"inLanguage\":\"en-GB\"},{\"@type\":\"Organization\",\"@id\":\"https:\\\/\\\/salonforall.it\\\/#organization\",\"name\":\"Salon For All Italia\",\"url\":\"https:\\\/\\\/salonforall.it\\\/\",\"logo\":{\"@type\":\"ImageObject\",\"inLanguage\":\"en-GB\",\"@id\":\"https:\\\/\\\/salonforall.it\\\/#\\\/schema\\\/logo\\\/image\\\/\",\"url\":\"https:\\\/\\\/salonforall.it\\\/wp-content\\\/uploads\\\/2025\\\/11\\\/logo-salon-for-all-e1764543264615.png\",\"contentUrl\":\"https:\\\/\\\/salonforall.it\\\/wp-content\\\/uploads\\\/2025\\\/11\\\/logo-salon-for-all-e1764543264615.png\",\"width\":500,\"height\":150,\"caption\":\"Salon For All Italia\"},\"image\":{\"@id\":\"https:\\\/\\\/salonforall.it\\\/#\\\/schema\\\/logo\\\/image\\\/\"}}]}<\/script>\n<!-- \/ Yoast SEO plugin. -->","yoast_head_json":{"title":"Asciugacapelli Valera 9400 Ionic Plus Rosso acquistare","description":"Acquista Asciugacapelli Valera 9400 Ionic Plus Rosso online o nello showroom da Salon For All Italia. Il grossista per saloni, studi e spa in Italia e Svizzera.","robots":{"index":"index","follow":"follow","max-snippet":"max-snippet:-1","max-image-preview":"max-image-preview:large","max-video-preview":"max-video-preview:-1"},"canonical":"https:\/\/salonforall.it\/en\/asciugacapelli-valera-9400-ionic-plus-rosso\/","og_locale":"en_GB","og_type":"article","og_title":"Asciugacapelli Valera 9400 Ionic Plus Rosso","og_description":"Acquista Asciugacapelli Valera 9400 Ionic Plus Rosso online o nello showroom da Salon For All Italia. Il grossista per saloni, studi e spa in Italia e Svizzera.","og_url":"https:\/\/salonforall.it\/en\/asciugacapelli-valera-9400-ionic-plus-rosso\/","og_site_name":"Salon For All Italia","article_modified_time":"2026-04-10T02:16:38+00:00","og_image":[{"width":1200,"height":1200,"url":"https:\/\/salonforall.it\/wp-content\/uploads\/2025\/12\/Asciugacapelli-Valera-9400-Ionic-Plus-Rosso-1.jpg","type":"image\/jpeg"}],"twitter_card":"summary_large_image","twitter_title":"Asciugacapelli Valera 9400 Ionic Plus Rosso","twitter_misc":{"Estimated reading time":"8 minutes"},"schema":{"@context":"https:\/\/schema.org","@graph":[{"@type":"WebPage","@id":"https:\/\/salonforall.it\/asciugacapelli-valera-9400-ionic-plus-rosso\/","url":"https:\/\/salonforall.it\/asciugacapelli-valera-9400-ionic-plus-rosso\/","name":"Asciugacapelli Valera 9400 Ionic Plus Rosso acquistare","isPartOf":{"@id":"https:\/\/salonforall.it\/#website"},"primaryImageOfPage":{"@id":"https:\/\/salonforall.it\/asciugacapelli-valera-9400-ionic-plus-rosso\/#primaryimage"},"image":{"@id":"https:\/\/salonforall.it\/asciugacapelli-valera-9400-ionic-plus-rosso\/#primaryimage"},"thumbnailUrl":"https:\/\/salonforall.it\/wp-content\/uploads\/2025\/12\/Asciugacapelli-Valera-9400-Ionic-Plus-Rosso-1.jpg","datePublished":"2025-12-03T20:23:22+00:00","dateModified":"2026-04-10T02:16:38+00:00","description":"Acquista Asciugacapelli Valera 9400 Ionic Plus Rosso online o nello showroom da Salon For All Italia. Il grossista per saloni, studi e spa in Italia e Svizzera.","breadcrumb":{"@id":"https:\/\/salonforall.it\/asciugacapelli-valera-9400-ionic-plus-rosso\/#breadcrumb"},"inLanguage":"en-GB","potentialAction":[{"@type":"ReadAction","target":["https:\/\/salonforall.it\/asciugacapelli-valera-9400-ionic-plus-rosso\/"]}]},{"@type":"ImageObject","inLanguage":"en-GB","@id":"https:\/\/salonforall.it\/asciugacapelli-valera-9400-ionic-plus-rosso\/#primaryimage","url":"https:\/\/salonforall.it\/wp-content\/uploads\/2025\/12\/Asciugacapelli-Valera-9400-Ionic-Plus-Rosso-1.jpg","contentUrl":"https:\/\/salonforall.it\/wp-content\/uploads\/2025\/12\/Asciugacapelli-Valera-9400-Ionic-Plus-Rosso-1.jpg","width":1200,"height":1200,"caption":"Asciugacapelli Valera 9400 Ionic Plus Rosso"},{"@type":"BreadcrumbList","@id":"https:\/\/salonforall.it\/asciugacapelli-valera-9400-ionic-plus-rosso\/#breadcrumb","itemListElement":[{"@type":"ListItem","position":1,"name":"Home","item":"https:\/\/salonforall.it\/"},{"@type":"ListItem","position":2,"name":"Winkel","item":"https:\/\/salonforall.it\/winkel\/"},{"@type":"ListItem","position":3,"name":"Asciugacapelli Valera 9400 Ionic Plus Rosso"}]},{"@type":"WebSite","@id":"https:\/\/salonforall.it\/#website","url":"https:\/\/salonforall.it\/","name":"Salon For All Italia","description":"Grossista di mobili e forniture per studi medici e saloni","publisher":{"@id":"https:\/\/salonforall.it\/#organization"},"potentialAction":[{"@type":"SearchAction","target":{"@type":"EntryPoint","urlTemplate":"https:\/\/salonforall.it\/?s={search_term_string}"},"query-input":{"@type":"PropertyValueSpecification","valueRequired":true,"valueName":"search_term_string"}}],"inLanguage":"en-GB"},{"@type":"Organization","@id":"https:\/\/salonforall.it\/#organization","name":"Salon For All Italia","url":"https:\/\/salonforall.it\/","logo":{"@type":"ImageObject","inLanguage":"en-GB","@id":"https:\/\/salonforall.it\/#\/schema\/logo\/image\/","url":"https:\/\/salonforall.it\/wp-content\/uploads\/2025\/11\/logo-salon-for-all-e1764543264615.png","contentUrl":"https:\/\/salonforall.it\/wp-content\/uploads\/2025\/11\/logo-salon-for-all-e1764543264615.png","width":500,"height":150,"caption":"Salon For All Italia"},"image":{"@id":"https:\/\/salonforall.it\/#\/schema\/logo\/image\/"}}]}},"_links":{"self":[{"href":"https:\/\/salonforall.it\/en\/wp-json\/wp\/v2\/product\/22807","targetHints":{"allow":["GET"]}}],"collection":[{"href":"https:\/\/salonforall.it\/en\/wp-json\/wp\/v2\/product"}],"about":[{"href":"https:\/\/salonforall.it\/en\/wp-json\/wp\/v2\/types\/product"}],"replies":[{"embeddable":true,"href":"https:\/\/salonforall.it\/en\/wp-json\/wp\/v2\/comments?post=22807"}],"wp:featuredmedia":[{"embeddable":true,"href":"https:\/\/salonforall.it\/en\/wp-json\/wp\/v2\/media\/22808"}],"wp:attachment":[{"href":"https:\/\/salonforall.it\/en\/wp-json\/wp\/v2\/media?parent=22807"}],"wp:term":[{"taxonomy":"product_brand","embeddable":true,"href":"https:\/\/salonforall.it\/en\/wp-json\/wp\/v2\/product_brand?post=22807"},{"taxonomy":"product_cat","embeddable":true,"href":"https:\/\/salonforall.it\/en\/wp-json\/wp\/v2\/product_cat?post=22807"},{"taxonomy":"product_tag","embeddable":true,"href":"https:\/\/salonforall.it\/en\/wp-json\/wp\/v2\/product_tag?post=22807"}],"curies":[{"name":"wp","href":"https:\/\/api.w.org\/{rel}","templated":true}]}}