{"id":22909,"date":"2025-12-03T20:25:16","date_gmt":"2025-12-03T20:25:16","guid":{"rendered":"https:\/\/salonforall.it\/lampada-led-per-trattamento-yoga-22w-argento\/"},"modified":"2026-05-09T02:28:20","modified_gmt":"2026-05-09T02:28:20","slug":"lampada-led-per-trattamento-yoga-22w-argento","status":"publish","type":"product","link":"https:\/\/salonforall.it\/en\/lampada-led-per-trattamento-yoga-22w-argento\/","title":{"rendered":"Lampada Led Per Trattamento Yoga 22W Argento"},"content":{"rendered":"<h2>Informazioni su Lampada Led Per Trattamento Yoga 22W Argento con codice articolo 148578<\/h2>\n<p><img decoding=\"async\" src=\"https:\/\/activeshop.com.pl\/media\/wysiwyg\/product\/148578\/EN_148578_1.jpg\"><\/p>\n<p>Da molti anni, il marchio <strong>ACTIVESHOP<\/strong> offre un&#8217;ampia gamma di prodotti adatti all&#8217;uso professionale in molti settori. Nell&#8217;assortimento disponibile, \u00e8 possibile trovare articoli di varie categorie, dai piccoli accessori essenziali alle attrezzature specializzate.<\/p>\n<p><img decoding=\"async\" src=\"https:\/\/activeshop.com.pl\/media\/wysiwyg\/product\/148578\/EN_148578_2.jpg\"><\/p>\n<h2>Lampada cosmetica senza ombre<\/h2>\n<p>La pratica <strong>lampada LED per trattamenti Yoga<\/strong>, con possibilit\u00e0 di montaggio su un tavolo o di posizionamento su un supporto alto, \u00e8 <strong>dotata di una testa snodabile<\/strong>. Fornisce un&#8217;illuminazione eccellente <strong>necessaria per trattamenti precisi<\/strong>. \u00c8 perfetto per studi specialistici, dove la luce ottimale \u00e8 fondamentale per la qualit\u00e0 dei servizi, come extension ciglia, nail styling, trattamenti estetici, tatuaggi o trucco. \u00c8 anche uno strumento ideale per creare contenuti sui social media: funziona benissimo anche per scattare foto e registrare video.<\/p>\n<p><img decoding=\"async\" src=\"https:\/\/activeshop.com.pl\/media\/wysiwyg\/product\/148578\/EN_148578_3.jpg\"><\/p>\n<h2>Testina innovativa e regolabile<\/h2>\n<p>La possibilit\u00e0 di ruotare e piegare i singoli elementi <strong>consente di adattare con precisione la lampada alle esigenze individuali<\/strong>, garantendo un&#8217;illuminazione adeguata dell&#8217;area di trattamento. Il profilo con diodi LED <strong>fornisce un&#8217;illuminazione adeguata dell&#8217;area di trattamento<\/strong>, garantendo comfort durante l&#8217;esecuzione dei servizi e una facile personalizzazione. <strong>La superficie semitrasparente del pannello disperde la luce<\/strong>, in modo che la lampada non abbagli gli occhi. <strong>La regolazione del colore e dell&#8217;intensit\u00e0 della luce<\/strong> garantisce una riproduzione fedele dei colori e <strong>riduce al minimo l&#8217;affaticamento degli occhi<\/strong> anche durante l&#8217;uso prolungato. L&#8217;ampia gamma di movimento della testa <strong>consente di regolare l&#8217;illuminazione in base alle preferenze personali<\/strong> e al servizio specifico da eseguire.<\/p>\n<p><img decoding=\"async\" src=\"https:\/\/activeshop.com.pl\/media\/wysiwyg\/product\/148578\/EN_148578_4.jpg\"><\/p>\n<h2>Ampie possibilit\u00e0 di personalizzazione<\/h2>\n<p><strong>Le parti mobili della testa della lampada<\/strong> offrono una straordinaria flessibilit\u00e0, consentendo un <strong>posizionamento preciso dell&#8217;illuminazione<\/strong> in base alle esigenze della procedura da eseguire. La regolazione del supporto \u00e8 intuitiva grazie a snodi con ampia escursione di movimento e parti della lampada in grado di ruotare quasi completamente. Ci\u00f2 consente di adattare facilmente la posizione della testa alle esigenze individuali dell&#8217;utente e al tipo di servizio svolto, garantendo un&#8217;illuminazione ottimale dell&#8217;area di lavoro.<\/p>\n<p><img decoding=\"async\" src=\"https:\/\/activeshop.com.pl\/media\/wysiwyg\/product\/148578\/EN_148578_5.jpg\"><\/p>\n<h2>Regolazione di colore e intensit\u00e0<\/h2>\n<p>Il colore e l&#8217;intensit\u00e0 della luce possono essere regolati con precisione utilizzando il pannello touch posizionato sulla testa o il telecomando wireless incluso. La regolazione offre 5 livelli di intensit\u00e0 luminosa e temperatura colore (fredda, neutra, calda). L&#8217;utente pu\u00f2 anche scegliere il pannello attivo: superiore, inferiore o entrambi contemporaneamente. La lampada dispone anche di una funzione di impostazione della modalit\u00e0 temporizzata: il ciclo prevede 25 minuti di accensione, seguiti da una pausa di 5 minuti. Tenendo premuto il pulsante dedicato per un periodo pi\u00f9 lungo, la lampada si spegne automaticamente dopo 60 secondi. Il pannello touch consente di impostare la modalit\u00e0 Luce solare (temperatura 4000 K, intensit\u00e0 100%) e il telecomando consente di selezionare altre modalit\u00e0: Focus (temperatura 5500 K, intensit\u00e0 80%) e Relax (temperatura 3000 K, intensit\u00e0 40%).<\/p>\n<h2>Facile montaggio su tavolo<\/h2>\n<p>La lampada \u00e8 dotata di una maniglia a morsa che consente un montaggio rapido e semplice su un tavolo. L&#8217;apertura massima della maniglia \u00e8 di 5,5 cm, il che la rende adatta alla maggior parte delle superfici di lavoro. La possibilit\u00e0 di montare la lampada <strong>in diverse posizioni<\/strong> della maniglia offre grande flessibilit\u00e0, consentendo una regolazione precisa dell&#8217;impostazione. Grazie a ci\u00f2, la lampada offre un&#8217;ampia gamma di opzioni di personalizzazione e una <strong>facile personalizzazione dell&#8217;illuminazione<\/strong>.<\/p>\n<p><img decoding=\"async\" src=\"https:\/\/activeshop.com.pl\/media\/wysiwyg\/product\/148578\/EN_148578_6.jpg\"><\/p>\n<h2>Design moderno e funzionalit\u00e0<\/h2>\n<p>Con la sua <strong>semplice forma in alluminio<\/strong> con finitura argento lucido, la lampada <strong>colpisce con un look futuristico<\/strong>, che si adatta perfettamente a quasi tutti gli interni. Grazie alla maniglia a morsa, pu\u00f2 essere <strong>facilmente e stabilmente montata su un tavolo<\/strong>, e il treppiede alto 135 cm garantisce un&#8217;adeguata funzionalit\u00e0. La superficie liscia della lampada la rende <strong>eccezionalmente facile da pulire<\/strong>, eliminando i problemi con gli elementi difficili da raggiungere.<\/p>\n<div class=\"video-container\"> <iframe height=\"315\" src=\"https:\/\/www.youtube.com\/embed\/PxzNh5XPB7s\" frameborder=\"0\" width=\"560\" allowfullscreen allow=\"accelerometer; autoplay; encrypted-media; gyroscope; picture-in-picture\"> <\/iframe> <\/div>\n<p>Le dimensioni dettagliate sono riportate nella foto.<br \/><strong>Nota.<\/strong> Prima dell&#8217;uso, leggere attentamente le istruzioni e assemblare correttamente il prodotto.<br \/><strong>Il set include:<\/strong> testa della lampada, cavo di alimentazione, telaio, maniglia della morsa, telecomando wireless, istruzioni.<\/p>\n<p><strong>Dati:<\/strong><br \/>Colore del telaio: tonalit\u00e0 argento<br \/>Colore della luce: 3000-5500 K<br \/>Flusso luminoso: 880 LM<br \/>CRI: &gt;95<br \/>Lunghezza cavo: 2 m<br \/>Potenza: 22 W<br \/>Tensione di ingresso lampada: 24 V<br \/>Tensione di ingresso: 220-240 V<\/p>\n<p>I prodotti Activeshop sono proporzionalmente pi\u00f9 economici di molti altri marchi\/fornitori. Il prezzo \u00e8 proporzionato alla qualit\u00e0. Lampada Led Per Trattamento Yoga 22W Argento \u00e8 quindi una soluzione accessibile per il tuo salone.<\/p>\n<h2>Come viene consegnato Lampada Led Per Trattamento Yoga 22W Argento?<\/h2>\n<p>Lampada Led Per Trattamento Yoga 22W Argento viene consegnato nella confezione originale. In Italia la spedizione di Lampada Led Per Trattamento Yoga 22W Argento \u00e8 completamente gratuita per ordini a partire da 100,- euro. Per spedizioni verso altri paesi si applicano tariffe di spedizione separate. Puoi richiedere queste tariffe o trovarle nel carrello. Lampada Led Per Trattamento Yoga 22W Argento viene spedito tramite un corriere esterno.<\/p>\n<p>I pacchi o i pallet vengono consegnati di serie fino alla soglia della porta d&#8217;ingresso, anche se ti trovi in un edificio collettivo, condominio o complesso residenziale con ascensore (a condizione che l&#8217;articolo entri nell&#8217;ascensore). Non c&#8217;\u00e8 un ascensore o l&#8217;articolo non entra nell&#8217;ascensore? Allora consegniamo fino alla soglia del piano terra.<\/p>\n<p>Hai ancora domande sulla consegna o una situazione particolare? Contattaci e saremo lieti di aiutarti!<\/p>\n<p>*Gli articoli non vengono disimballati o montati di serie. In situazioni particolari puoi contattarci per fare accordi in merito.<\/p>\n<h2>Acquisti online sicuri su Salon For All con il marchio di qualit\u00e0 Webwinkelkeur e crittografia SSL<\/h2>\n<p>\u00c8 importante per noi che i nostri clienti possano fare acquisti online in sicurezza. Siamo affiliati al marchio di qualit\u00e0 nazionale Webwinkelkeur dal 2019. La nostra identit\u00e0 \u00e8 stata controllata e verificata da loro e il negozio online \u00e8 stato controllato e approvato legalmente. Inoltre, il nostro negozio online \u00e8 affiliato a loro per la mediazione delle controversie. Puoi vedere il badge con tutte le informazioni di questo marchio di qualit\u00e0 del negozio online sul lato sinistro o destro del negozio online (pulsante rosa con bianco). Inoltre, il nostro sito \u00e8 protetto con un certificato SSL in modo da poter navigare in sicurezza. Nella barra del tuo browser Internet, dove \u00e8 indicato il nostro sito web, vedrai un&#8217;icona a forma di lucchetto. Se clicchi sul lucchetto, otterrai tutte le informazioni sulla nostra sicurezza. In questo modo sai che il tuo ordine di Lampada Led Per Trattamento Yoga 22W Argento e i tuoi dati personali vengono elaborati in modo sicuro.<\/p>\n<h2>Come posso pagare Lampada Led Per Trattamento Yoga 22W Argento?<\/h2>\n<p>Vogliamo renderti le cose il pi\u00f9 semplici possibile. Ecco perch\u00e9 su Salon For All puoi pagare con tutti i metodi di pagamento noti e comuni. Pagare in anticipo, alla consegna o in seguito; tutto \u00e8 possibile. Vedi qui tutti i metodi di pagamento che offriamo:<\/p>\n<ul>\n<li>iDEAL<\/li>\n<li>Carta di credito (Visa, Mastercard, American Express)<\/li>\n<li>Klarna &#8211; Pagamento posticipato con fattura<\/li>\n<li>PayPal<\/li>\n<li>Apple Pay<\/li>\n<li>Google Pay<\/li>\n<li>Bancontact<\/li>\n<li>Bonifico bancario SEPA<\/li>\n<li>MyBank (per clienti italiani)<\/li>\n<li>Fattura aziendale per imprese<\/li>\n<li>Pagamento nello showroom &#8211; Sia carta che contanti (Disponibile solo per il ritiro)<\/li>\n<\/ul>\n<h2>Consulta anche le recensioni di Salon For All<\/h2>\n<p>Consulta anche le nostre recensioni per tenere conto delle esperienze dei nostri clienti attuali nella tua decisione di ordinare Lampada Led Per Trattamento Yoga 22W Argento da noi. Attraverso il nostro marchio di qualit\u00e0 indipendente del negozio online Webwinkelkeur, vengono raccolte automaticamente recensioni verificate di clienti che hanno completato un ordine con noi. Puoi trovarle dietro il pulsante rosa sul nostro negozio online o sono elencate sotto i prodotti.<\/p>\n<p>Condividi anche la tua esperienza dopo il tuo acquisto con il tuo Lampada Led Per Trattamento Yoga 22W Argento ordinato e la tua esperienza con il processo di acquisto o il contatto con Salon For All per ispirare gli altri!<\/p>\n<h2>Contatto con Salon For All<\/h2>\n<p>Contattaci allora. Saremo lieti di aiutarti con l&#8217;acquisto di Lampada Led Per Trattamento Yoga 22W Argento. Nei giorni feriali siamo raggiungibili al meglio tra le 8.30 e le 17.00 tramite il numero di telefono e l&#8217;indirizzo e-mail nella parte superiore del negozio online o tramite la funzione chat. Le domande al di fuori dell&#8217;orario d&#8217;ufficio vengono generalmente risposte entro 24 ore. \u00c8 anche possibile venirci a trovare al di fuori dei giorni feriali o dell&#8217;orario d&#8217;ufficio. Ma per questo \u00e8 necessario prendere un appuntamento in anticipo.<\/p>\n<h2>Vuoi venire nel nostro showroom?<\/h2>\n<p>Preferisci vedere Lampada Led Per Trattamento Yoga 22W Argento o esplorare la nostra offerta del negozio (online) insieme al nostro collega? Allora vieni nel nostro showroom con oltre 1000m\u00b2 di arredamento per saloni e lasciati ispirare dai nostri dipendenti. Anche se ti piace fare conoscenza in modo piacevole gustando una buona tazza di caff\u00e8 o t\u00e8, sei il benvenuto. Non abbiamo tutti i prodotti disponibili, quindi faccici sapere in anticipo che vuoi venire. Prendi sempre un appuntamento in anticipo.<\/p>\n<h2>14 giorni di riflessione e la nostra politica di reso<\/h2>\n<p>Naturalmente pu\u00f2 succedere che Lampada Led Per Trattamento Yoga 22W Argento consegnato non sia completamente di tuo gradimento e tu voglia restituirlo. Questo non \u00e8 assolutamente un problema con Salon For All. Devi segnalare il tuo reso entro 14 giorni lavorativi tramite <a href=\"mailto:info@salonforall.com\">info@salonforall.it<\/a>. Riceverai quindi prima tutte le istruzioni e condizioni di reso. Si prega di notare che Lampada Led Per Trattamento Yoga 22W Argento non deve essere stato utilizzato, deve contenere tutte le parti fornite e deve essere restituito imballato nella confezione originale. I costi di spedizione per un reso sono sempre a carico dell&#8217;acquirente per gli acquisti tramite www.salonforall.it. Devi organizzare tu stesso un trasporto presso un corriere di tua scelta per un reso. Una volta che Lampada Led Per Trattamento Yoga 22W Argento \u00e8 stato restituito, verr\u00e0 controllato per completezza e danni. Una volta che il reso \u00e8 stato approvato, l&#8217;importo di acquisto verr\u00e0 rimborsato entro 5 giorni lavorativi sul conto bancario da noi conosciuto.<\/p>\n<h2>Chi \u00e8 Salon For All?<\/h2>\n<p>Salon For All \u00e8 IL grossista per ogni arredamento di saloni in Europa. Salon For All \u00e8 iniziato nel 2003 con il nome Salonvoordeel ed \u00e8 nato dalla pratica. I proprietari di Salon For All erano parrucchieri e specialisti della bellezza esperti e hanno insieme oltre 30 anni di esperienza pratica. Nel 2003 abbiamo lanciato Salonvoordeel.nl (Paesi Bassi) e successivamente \u00e8 stato fondato Salon For All per il mercato europeo. Alcuni dei nostri dipendenti hanno avviato una propria attivit\u00e0 e cos\u00ec \u00e8 nata l&#8217;idea di avviare un negozio online funzionale per parrucchieri e aiutarli con l&#8217;arredamento del loro salone.<\/p>\n<p>Il nostro showroom si trova a Dinxperlo, direttamente al confine tra i Paesi Bassi e la Germania. Con la nostra pluriennale esperienza nel settore possiamo farti da specchio e fornirti la giusta consulenza. Parliamo la stessa lingua! Ti consigliamo, ispiriamo, motiviamo e ti aiutiamo nell&#8217;acquisto di Lampada Led Per Trattamento Yoga 22W Argento. I nostri fornitori si trovano in tutta Europa, dalla Germania, Inghilterra, Italia fino alla Polonia.<\/p>","protected":false},"excerpt":{"rendered":"<p>Il prodotto Lampada Led Per Trattamento Yoga 22W Argento \u00e8 una soluzione conveniente per qualsiasi salone o studio professionale. Il tempo di consegna previsto \u00e8 di circa 6 giorni lavorativi.<\/p>","protected":false},"featured_media":22910,"comment_status":"open","ping_status":"open","template":"","meta":[],"product_brand":[107],"product_cat":[3161],"product_tag":[3162],"class_list":{"0":"post-22909","1":"product","2":"type-product","3":"status-publish","4":"has-post-thumbnail","6":"product_brand-activeshop","7":"product_cat-value","8":"product_tag-value","9":"pa_codice-ean-7331","10":"pa_garanzia-12-mesi","11":"pa_marca-activeshop","12":"pa_numero-dellarticolo-7330","13":"pa_tempo-di-consegna-stimato-3-4-giorni-lavorativi","15":"first","16":"instock","17":"sale","18":"taxable","19":"shipping-taxable","20":"purchasable","21":"product-type-simple"},"yoast_head":"<!-- This site is optimized with the Yoast SEO plugin v27.5 - https:\/\/yoast.com\/product\/yoast-seo-wordpress\/ -->\n<title>Lampada Led Per Trattamento Yoga 22W Argento acquistare<\/title>\n<meta name=\"description\" content=\"Acquista Lampada Led Per Trattamento Yoga 22W Argento online o nello showroom da Salon For All Italia. Il grossista per saloni, studi e spa in Italia e Svizzera.\" \/>\n<meta name=\"robots\" content=\"index, follow, max-snippet:-1, max-image-preview:large, max-video-preview:-1\" \/>\n<link rel=\"canonical\" href=\"https:\/\/salonforall.it\/en\/lampada-led-per-trattamento-yoga-22w-argento\/\" \/>\n<meta property=\"og:locale\" content=\"en_GB\" \/>\n<meta property=\"og:type\" content=\"article\" \/>\n<meta property=\"og:title\" content=\"Lampada Led Per Trattamento Yoga 22W Argento\" \/>\n<meta property=\"og:description\" content=\"Acquista Lampada Led Per Trattamento Yoga 22W Argento online o nello showroom da Salon For All Italia. Il grossista per saloni, studi e spa in Italia e Svizzera.\" \/>\n<meta property=\"og:url\" content=\"https:\/\/salonforall.it\/en\/lampada-led-per-trattamento-yoga-22w-argento\/\" \/>\n<meta property=\"og:site_name\" content=\"Salon For All Italia\" \/>\n<meta property=\"article:modified_time\" content=\"2026-05-09T02:28:20+00:00\" \/>\n<meta property=\"og:image\" content=\"https:\/\/salonforall.it\/wp-content\/uploads\/2025\/12\/Lampada-Led-Per-Trattamento-Yoga-22W-Argento-1.jpg\" \/>\n\t<meta property=\"og:image:width\" content=\"1200\" \/>\n\t<meta property=\"og:image:height\" content=\"1200\" \/>\n\t<meta property=\"og:image:type\" content=\"image\/jpeg\" \/>\n<meta name=\"twitter:card\" content=\"summary_large_image\" \/>\n<meta name=\"twitter:title\" content=\"Lampada Led Per Trattamento Yoga 22W Argento\" \/>\n<meta name=\"twitter:label1\" content=\"Estimated reading time\" \/>\n\t<meta name=\"twitter:data1\" content=\"9 minutes\" \/>\n<script type=\"application\/ld+json\" class=\"yoast-schema-graph\">{\"@context\":\"https:\\\/\\\/schema.org\",\"@graph\":[{\"@type\":\"WebPage\",\"@id\":\"https:\\\/\\\/salonforall.it\\\/lampada-led-per-trattamento-yoga-22w-argento\\\/\",\"url\":\"https:\\\/\\\/salonforall.it\\\/lampada-led-per-trattamento-yoga-22w-argento\\\/\",\"name\":\"Lampada Led Per Trattamento Yoga 22W Argento acquistare\",\"isPartOf\":{\"@id\":\"https:\\\/\\\/salonforall.it\\\/#website\"},\"primaryImageOfPage\":{\"@id\":\"https:\\\/\\\/salonforall.it\\\/lampada-led-per-trattamento-yoga-22w-argento\\\/#primaryimage\"},\"image\":{\"@id\":\"https:\\\/\\\/salonforall.it\\\/lampada-led-per-trattamento-yoga-22w-argento\\\/#primaryimage\"},\"thumbnailUrl\":\"https:\\\/\\\/salonforall.it\\\/wp-content\\\/uploads\\\/2025\\\/12\\\/Lampada-Led-Per-Trattamento-Yoga-22W-Argento-1.jpg\",\"datePublished\":\"2025-12-03T20:25:16+00:00\",\"dateModified\":\"2026-05-09T02:28:20+00:00\",\"description\":\"Acquista Lampada Led Per Trattamento Yoga 22W Argento online o nello showroom da Salon For All Italia. Il grossista per saloni, studi e spa in Italia e Svizzera.\",\"breadcrumb\":{\"@id\":\"https:\\\/\\\/salonforall.it\\\/lampada-led-per-trattamento-yoga-22w-argento\\\/#breadcrumb\"},\"inLanguage\":\"en-GB\",\"potentialAction\":[{\"@type\":\"ReadAction\",\"target\":[\"https:\\\/\\\/salonforall.it\\\/lampada-led-per-trattamento-yoga-22w-argento\\\/\"]}]},{\"@type\":\"ImageObject\",\"inLanguage\":\"en-GB\",\"@id\":\"https:\\\/\\\/salonforall.it\\\/lampada-led-per-trattamento-yoga-22w-argento\\\/#primaryimage\",\"url\":\"https:\\\/\\\/salonforall.it\\\/wp-content\\\/uploads\\\/2025\\\/12\\\/Lampada-Led-Per-Trattamento-Yoga-22W-Argento-1.jpg\",\"contentUrl\":\"https:\\\/\\\/salonforall.it\\\/wp-content\\\/uploads\\\/2025\\\/12\\\/Lampada-Led-Per-Trattamento-Yoga-22W-Argento-1.jpg\",\"width\":1200,\"height\":1200,\"caption\":\"Lampada Led Per Trattamento Yoga 22W Argento\"},{\"@type\":\"BreadcrumbList\",\"@id\":\"https:\\\/\\\/salonforall.it\\\/lampada-led-per-trattamento-yoga-22w-argento\\\/#breadcrumb\",\"itemListElement\":[{\"@type\":\"ListItem\",\"position\":1,\"name\":\"Home\",\"item\":\"https:\\\/\\\/salonforall.it\\\/\"},{\"@type\":\"ListItem\",\"position\":2,\"name\":\"Winkel\",\"item\":\"https:\\\/\\\/salonforall.it\\\/winkel\\\/\"},{\"@type\":\"ListItem\",\"position\":3,\"name\":\"Lampada Led Per Trattamento Yoga 22W Argento\"}]},{\"@type\":\"WebSite\",\"@id\":\"https:\\\/\\\/salonforall.it\\\/#website\",\"url\":\"https:\\\/\\\/salonforall.it\\\/\",\"name\":\"Salon For All Italia\",\"description\":\"Grossista di mobili e forniture per studi medici e saloni\",\"publisher\":{\"@id\":\"https:\\\/\\\/salonforall.it\\\/#organization\"},\"potentialAction\":[{\"@type\":\"SearchAction\",\"target\":{\"@type\":\"EntryPoint\",\"urlTemplate\":\"https:\\\/\\\/salonforall.it\\\/?s={search_term_string}\"},\"query-input\":{\"@type\":\"PropertyValueSpecification\",\"valueRequired\":true,\"valueName\":\"search_term_string\"}}],\"inLanguage\":\"en-GB\"},{\"@type\":\"Organization\",\"@id\":\"https:\\\/\\\/salonforall.it\\\/#organization\",\"name\":\"Salon For All Italia\",\"url\":\"https:\\\/\\\/salonforall.it\\\/\",\"logo\":{\"@type\":\"ImageObject\",\"inLanguage\":\"en-GB\",\"@id\":\"https:\\\/\\\/salonforall.it\\\/#\\\/schema\\\/logo\\\/image\\\/\",\"url\":\"https:\\\/\\\/salonforall.it\\\/wp-content\\\/uploads\\\/2025\\\/11\\\/logo-salon-for-all-e1764543264615.png\",\"contentUrl\":\"https:\\\/\\\/salonforall.it\\\/wp-content\\\/uploads\\\/2025\\\/11\\\/logo-salon-for-all-e1764543264615.png\",\"width\":500,\"height\":150,\"caption\":\"Salon For All Italia\"},\"image\":{\"@id\":\"https:\\\/\\\/salonforall.it\\\/#\\\/schema\\\/logo\\\/image\\\/\"}}]}<\/script>\n<!-- \/ Yoast SEO plugin. -->","yoast_head_json":{"title":"Lampada Led Per Trattamento Yoga 22W Argento acquistare","description":"Acquista Lampada Led Per Trattamento Yoga 22W Argento online o nello showroom da Salon For All Italia. Il grossista per saloni, studi e spa in Italia e Svizzera.","robots":{"index":"index","follow":"follow","max-snippet":"max-snippet:-1","max-image-preview":"max-image-preview:large","max-video-preview":"max-video-preview:-1"},"canonical":"https:\/\/salonforall.it\/en\/lampada-led-per-trattamento-yoga-22w-argento\/","og_locale":"en_GB","og_type":"article","og_title":"Lampada Led Per Trattamento Yoga 22W Argento","og_description":"Acquista Lampada Led Per Trattamento Yoga 22W Argento online o nello showroom da Salon For All Italia. Il grossista per saloni, studi e spa in Italia e Svizzera.","og_url":"https:\/\/salonforall.it\/en\/lampada-led-per-trattamento-yoga-22w-argento\/","og_site_name":"Salon For All Italia","article_modified_time":"2026-05-09T02:28:20+00:00","og_image":[{"width":1200,"height":1200,"url":"https:\/\/salonforall.it\/wp-content\/uploads\/2025\/12\/Lampada-Led-Per-Trattamento-Yoga-22W-Argento-1.jpg","type":"image\/jpeg"}],"twitter_card":"summary_large_image","twitter_title":"Lampada Led Per Trattamento Yoga 22W Argento","twitter_misc":{"Estimated reading time":"9 minutes"},"schema":{"@context":"https:\/\/schema.org","@graph":[{"@type":"WebPage","@id":"https:\/\/salonforall.it\/lampada-led-per-trattamento-yoga-22w-argento\/","url":"https:\/\/salonforall.it\/lampada-led-per-trattamento-yoga-22w-argento\/","name":"Lampada Led Per Trattamento Yoga 22W Argento acquistare","isPartOf":{"@id":"https:\/\/salonforall.it\/#website"},"primaryImageOfPage":{"@id":"https:\/\/salonforall.it\/lampada-led-per-trattamento-yoga-22w-argento\/#primaryimage"},"image":{"@id":"https:\/\/salonforall.it\/lampada-led-per-trattamento-yoga-22w-argento\/#primaryimage"},"thumbnailUrl":"https:\/\/salonforall.it\/wp-content\/uploads\/2025\/12\/Lampada-Led-Per-Trattamento-Yoga-22W-Argento-1.jpg","datePublished":"2025-12-03T20:25:16+00:00","dateModified":"2026-05-09T02:28:20+00:00","description":"Acquista Lampada Led Per Trattamento Yoga 22W Argento online o nello showroom da Salon For All Italia. Il grossista per saloni, studi e spa in Italia e Svizzera.","breadcrumb":{"@id":"https:\/\/salonforall.it\/lampada-led-per-trattamento-yoga-22w-argento\/#breadcrumb"},"inLanguage":"en-GB","potentialAction":[{"@type":"ReadAction","target":["https:\/\/salonforall.it\/lampada-led-per-trattamento-yoga-22w-argento\/"]}]},{"@type":"ImageObject","inLanguage":"en-GB","@id":"https:\/\/salonforall.it\/lampada-led-per-trattamento-yoga-22w-argento\/#primaryimage","url":"https:\/\/salonforall.it\/wp-content\/uploads\/2025\/12\/Lampada-Led-Per-Trattamento-Yoga-22W-Argento-1.jpg","contentUrl":"https:\/\/salonforall.it\/wp-content\/uploads\/2025\/12\/Lampada-Led-Per-Trattamento-Yoga-22W-Argento-1.jpg","width":1200,"height":1200,"caption":"Lampada Led Per Trattamento Yoga 22W Argento"},{"@type":"BreadcrumbList","@id":"https:\/\/salonforall.it\/lampada-led-per-trattamento-yoga-22w-argento\/#breadcrumb","itemListElement":[{"@type":"ListItem","position":1,"name":"Home","item":"https:\/\/salonforall.it\/"},{"@type":"ListItem","position":2,"name":"Winkel","item":"https:\/\/salonforall.it\/winkel\/"},{"@type":"ListItem","position":3,"name":"Lampada Led Per Trattamento Yoga 22W Argento"}]},{"@type":"WebSite","@id":"https:\/\/salonforall.it\/#website","url":"https:\/\/salonforall.it\/","name":"Salon For All Italia","description":"Grossista di mobili e forniture per studi medici e saloni","publisher":{"@id":"https:\/\/salonforall.it\/#organization"},"potentialAction":[{"@type":"SearchAction","target":{"@type":"EntryPoint","urlTemplate":"https:\/\/salonforall.it\/?s={search_term_string}"},"query-input":{"@type":"PropertyValueSpecification","valueRequired":true,"valueName":"search_term_string"}}],"inLanguage":"en-GB"},{"@type":"Organization","@id":"https:\/\/salonforall.it\/#organization","name":"Salon For All Italia","url":"https:\/\/salonforall.it\/","logo":{"@type":"ImageObject","inLanguage":"en-GB","@id":"https:\/\/salonforall.it\/#\/schema\/logo\/image\/","url":"https:\/\/salonforall.it\/wp-content\/uploads\/2025\/11\/logo-salon-for-all-e1764543264615.png","contentUrl":"https:\/\/salonforall.it\/wp-content\/uploads\/2025\/11\/logo-salon-for-all-e1764543264615.png","width":500,"height":150,"caption":"Salon For All Italia"},"image":{"@id":"https:\/\/salonforall.it\/#\/schema\/logo\/image\/"}}]}},"_links":{"self":[{"href":"https:\/\/salonforall.it\/en\/wp-json\/wp\/v2\/product\/22909","targetHints":{"allow":["GET"]}}],"collection":[{"href":"https:\/\/salonforall.it\/en\/wp-json\/wp\/v2\/product"}],"about":[{"href":"https:\/\/salonforall.it\/en\/wp-json\/wp\/v2\/types\/product"}],"replies":[{"embeddable":true,"href":"https:\/\/salonforall.it\/en\/wp-json\/wp\/v2\/comments?post=22909"}],"wp:featuredmedia":[{"embeddable":true,"href":"https:\/\/salonforall.it\/en\/wp-json\/wp\/v2\/media\/22910"}],"wp:attachment":[{"href":"https:\/\/salonforall.it\/en\/wp-json\/wp\/v2\/media?parent=22909"}],"wp:term":[{"taxonomy":"product_brand","embeddable":true,"href":"https:\/\/salonforall.it\/en\/wp-json\/wp\/v2\/product_brand?post=22909"},{"taxonomy":"product_cat","embeddable":true,"href":"https:\/\/salonforall.it\/en\/wp-json\/wp\/v2\/product_cat?post=22909"},{"taxonomy":"product_tag","embeddable":true,"href":"https:\/\/salonforall.it\/en\/wp-json\/wp\/v2\/product_tag?post=22909"}],"curies":[{"name":"wp","href":"https:\/\/api.w.org\/{rel}","templated":true}]}}