{"id":23991,"date":"2025-12-03T20:40:34","date_gmt":"2025-12-03T20:40:34","guid":{"rendered":"https:\/\/salonforall.it\/syis-hydro-moisturizing-shock-500-ml\/"},"modified":"2026-05-14T02:20:12","modified_gmt":"2026-05-14T02:20:12","slug":"syis-hydro-moisturizing-shock-500-ml","status":"publish","type":"product","link":"https:\/\/salonforall.it\/en\/syis-hydro-moisturizing-shock-500-ml\/","title":{"rendered":"Syis Hydro Moisturizing Shock 500 Ml"},"content":{"rendered":"<h2>Informazioni su Syis Hydro Moisturizing Shock 500 Ml con codice articolo 155569<\/h2>\n<p>COCKTAIL IDROIDRATANTE<\/p>\n<p>Un cocktail idratante per tutti i tipi di pelle, in particolare per quella secca. Grazie al contenuto di urea, allantoina e acido ialuronico, la soluzione idrata intensamente, lenisce e leviga la pelle. Le proteine \u200b\u200bdel latte e il gluconolattone nutrono la pelle, la rendono pi\u00f9 tonica e accelerano la rigenerazione cellulare. Il liquido \u00e8 arricchito con estratti di ananas e melograno.<\/p>\n<p>Il liquido pu\u00f2 essere utilizzato per trattamenti:<br \/>purificazione con idrogeno,<br \/>peeling a cavitazione,<br \/>infusione di ossigeno,<br \/>ossiabrasione e applicazione quotidiana.<\/p>\n<p>Principi attivi:<\/p>\n<p>Ialuronato di sodio<br \/>L&#8217;acido ialuronico \u00e8 un ingrediente naturalmente presente nel corpo. Aumenta l&#8217;elasticit\u00e0 dei tessuti (epidermide, fibre di collagene ed elastina). Stimola la rigenerazione dell&#8217;epitelio e del derma. La diminuzione della quantit\u00e0 di acido ialuronico \u00e8 una delle cause della secchezza e delle rughe della pelle. La sua propriet\u00e0 unica \u00e8 l&#8217;elevata capacit\u00e0 di legare e trattenere l&#8217;acqua. Un&#8217;epidermide ben idratata diventa liscia, soda ed elastica e aumenta la penetrazione dei principi attivi nella pelle.<\/p>\n<p>Urea<br \/>L&#8217;urea accelera la rigenerazione cutanea, idrata, aiuta la cheratina a legare l&#8217;acqua e ammorbidisce l&#8217;epidermide. Esfolia e aumenta la permeabilit\u00e0 dello strato corneo, facilitando la penetrazione dei principi attivi. L&#8217;urea ha anche un effetto antibatterico. Rende la pelle liscia ed elastica, agisce a livello cellulare, da qui i buoni risultati.<\/p>\n<p>Allantoina<br \/>Allantoina &#8211; derivato dell&#8217;urea con un forte effetto idratante, lenitivo e antinfiammatorio. Ammorbidisce e leviga l&#8217;epidermide, protegge dai fattori esterni dannosi e accelera la guarigione delle ferite.<\/p>\n<p>Proteine \u200b\u200bdel latte idrolizzate<br \/>Idrolizzato di proteine \u200b\u200bdel latte, ricco di acido aspartico e glutammico. Ha un efficace effetto idratante ed emolliente. Trattiene l&#8217;acqua nella pelle, prevenendone l&#8217;eccessiva secchezza. Rafforza lo strato idrolipidico dell&#8217;epidermide.<\/p>\n<p>Gluconolattone<br \/>Il gluconolattone \u00e8 un antiossidante naturale, ha forti propriet\u00e0 idratanti, accelera la rigenerazione cellulare, rassoda e purifica la pelle ed \u00e8 molto utile per ridurre gli effetti delle scottature solari. Consigliato soprattutto per pelli allergiche, sensibili e vascolarizzate. Riduce la ruvidit\u00e0 della pelle, lenisce le irritazioni, aiuta a eliminare le discromie causate dall&#8217;acne e dall&#8217;esposizione al sole, riduce la visibilit\u00e0 dei vasi sanguigni dilatati.<\/p>\n<p>Tocoferolo<br \/>Vitamina E con effetto antiossidante, inibisce il processo di invecchiamento cutaneo e l&#8217;ossidazione radicale dei lipidi nell&#8217;epidermide e nel derma. Ricostruisce la barriera epidermica naturale e previene efficacemente le irritazioni. Previene l&#8217;infiammazione, rafforza le pareti dei vasi sanguigni e migliora la circolazione sanguigna nella pelle.<\/p>\n<p>Estratto di frutto di Ananas Sativus<br \/>L&#8217;estratto di ananas contiene l&#8217;enzima bromelina, che scompone le proteine. La bromelina applicata esternamente esfolia delicatamente le cellule morte della pelle e ha un effetto lenitivo, aiutando a rigenerare la pelle irritata. Ha un effetto antinfiammatorio ed elimina il gonfiore. L&#8217;estratto di ananas combina i benefici dell&#8217;effetto delicatamente esfoliante della bromelina con l&#8217;effetto nutriente e idratante di zuccheri, vitamine e minerali.<\/p>\n<p>Estratto di frutto di Punica Granatum<br \/>Estratto di melograno con straordinari valori nutrizionali. Il frutto del melograno \u00e8 ricco di acidi grassi Omega-5. \u00c8 un ingrediente con elevata attivit\u00e0 antiossidante. Rigenera, idrata, nutre e migliora il tono della pelle. Aumenta l&#8217;elasticit\u00e0 e la tonicit\u00e0 della pelle. Ha propriet\u00e0 antinfiammatorie e antigonfiore.<\/p>\n<p><strong>Nota.<\/strong> La presenza di piccoli sedimenti \u00e8 un fenomeno normale, non compromette la qualit\u00e0 del prodotto e pu\u00f2 essere dispersa agitando delicatamente prima dell&#8217;uso.<\/p>\n<p>I prodotti Activeshop sono proporzionalmente pi\u00f9 economici di molti altri marchi\/fornitori. Il prezzo \u00e8 proporzionato alla qualit\u00e0. Syis Hydro Moisturizing Shock 500 Ml \u00e8 quindi una soluzione accessibile per il tuo salone.<\/p>\n<h2>Come viene consegnato Syis Hydro Moisturizing Shock 500 Ml?<\/h2>\n<p>Syis Hydro Moisturizing Shock 500 Ml viene consegnato nella confezione originale. In Italia la spedizione di Syis Hydro Moisturizing Shock 500 Ml \u00e8 completamente gratuita per ordini a partire da 100,- euro. Per spedizioni verso altri paesi si applicano tariffe di spedizione separate. Puoi richiedere queste tariffe o trovarle nel carrello. Syis Hydro Moisturizing Shock 500 Ml viene spedito tramite un corriere esterno.<\/p>\n<p>I pacchi o i pallet vengono consegnati di serie fino alla soglia della porta d&#8217;ingresso, anche se ti trovi in un edificio collettivo, condominio o complesso residenziale con ascensore (a condizione che l&#8217;articolo entri nell&#8217;ascensore). Non c&#8217;\u00e8 un ascensore o l&#8217;articolo non entra nell&#8217;ascensore? Allora consegniamo fino alla soglia del piano terra.<\/p>\n<p>Hai ancora domande sulla consegna o una situazione particolare? Contattaci e saremo lieti di aiutarti!<\/p>\n<p>*Gli articoli non vengono disimballati o montati di serie. In situazioni particolari puoi contattarci per fare accordi in merito.<\/p>\n<h2>Acquisti online sicuri su Salon For All con il marchio di qualit\u00e0 Webwinkelkeur e crittografia SSL<\/h2>\n<p>\u00c8 importante per noi che i nostri clienti possano fare acquisti online in sicurezza. Siamo affiliati al marchio di qualit\u00e0 nazionale Webwinkelkeur dal 2019. La nostra identit\u00e0 \u00e8 stata controllata e verificata da loro e il negozio online \u00e8 stato controllato e approvato legalmente. Inoltre, il nostro negozio online \u00e8 affiliato a loro per la mediazione delle controversie. Puoi vedere il badge con tutte le informazioni di questo marchio di qualit\u00e0 del negozio online sul lato sinistro o destro del negozio online (pulsante rosa con bianco). Inoltre, il nostro sito \u00e8 protetto con un certificato SSL in modo da poter navigare in sicurezza. Nella barra del tuo browser Internet, dove \u00e8 indicato il nostro sito web, vedrai un&#8217;icona a forma di lucchetto. Se clicchi sul lucchetto, otterrai tutte le informazioni sulla nostra sicurezza. In questo modo sai che il tuo ordine di Syis Hydro Moisturizing Shock 500 Ml e i tuoi dati personali vengono elaborati in modo sicuro.<\/p>\n<h2>Come posso pagare Syis Hydro Moisturizing Shock 500 Ml?<\/h2>\n<p>Vogliamo renderti le cose il pi\u00f9 semplici possibile. Ecco perch\u00e9 su Salon For All puoi pagare con tutti i metodi di pagamento noti e comuni. Pagare in anticipo, alla consegna o in seguito; tutto \u00e8 possibile. Vedi qui tutti i metodi di pagamento che offriamo:<\/p>\n<ul>\n<li>iDEAL<\/li>\n<li>Carta di credito (Visa, Mastercard, American Express)<\/li>\n<li>Klarna &#8211; Pagamento posticipato con fattura<\/li>\n<li>PayPal<\/li>\n<li>Apple Pay<\/li>\n<li>Google Pay<\/li>\n<li>Bancontact<\/li>\n<li>Bonifico bancario SEPA<\/li>\n<li>MyBank (per clienti italiani)<\/li>\n<li>Fattura aziendale per imprese<\/li>\n<li>Pagamento nello showroom &#8211; Sia carta che contanti (Disponibile solo per il ritiro)<\/li>\n<\/ul>\n<h2>Consulta anche le recensioni di Salon For All<\/h2>\n<p>Consulta anche le nostre recensioni per tenere conto delle esperienze dei nostri clienti attuali nella tua decisione di ordinare Syis Hydro Moisturizing Shock 500 Ml da noi. Attraverso il nostro marchio di qualit\u00e0 indipendente del negozio online Webwinkelkeur, vengono raccolte automaticamente recensioni verificate di clienti che hanno completato un ordine con noi. Puoi trovarle dietro il pulsante rosa sul nostro negozio online o sono elencate sotto i prodotti.<\/p>\n<p>Condividi anche la tua esperienza dopo il tuo acquisto con il tuo Syis Hydro Moisturizing Shock 500 Ml ordinato e la tua esperienza con il processo di acquisto o il contatto con Salon For All per ispirare gli altri!<\/p>\n<h2>Contatto con Salon For All<\/h2>\n<p>Contattaci allora. Saremo lieti di aiutarti con l&#8217;acquisto di Syis Hydro Moisturizing Shock 500 Ml. Nei giorni feriali siamo raggiungibili al meglio tra le 8.30 e le 17.00 tramite il numero di telefono e l&#8217;indirizzo e-mail nella parte superiore del negozio online o tramite la funzione chat. Le domande al di fuori dell&#8217;orario d&#8217;ufficio vengono generalmente risposte entro 24 ore. \u00c8 anche possibile venirci a trovare al di fuori dei giorni feriali o dell&#8217;orario d&#8217;ufficio. Ma per questo \u00e8 necessario prendere un appuntamento in anticipo.<\/p>\n<h2>Vuoi venire nel nostro showroom?<\/h2>\n<p>Preferisci vedere Syis Hydro Moisturizing Shock 500 Ml o esplorare la nostra offerta del negozio (online) insieme al nostro collega? Allora vieni nel nostro showroom con oltre 1000m\u00b2 di arredamento per saloni e lasciati ispirare dai nostri dipendenti. Anche se ti piace fare conoscenza in modo piacevole gustando una buona tazza di caff\u00e8 o t\u00e8, sei il benvenuto. Non abbiamo tutti i prodotti disponibili, quindi faccici sapere in anticipo che vuoi venire. Prendi sempre un appuntamento in anticipo.<\/p>\n<h2>14 giorni di riflessione e la nostra politica di reso<\/h2>\n<p>Naturalmente pu\u00f2 succedere che Syis Hydro Moisturizing Shock 500 Ml consegnato non sia completamente di tuo gradimento e tu voglia restituirlo. Questo non \u00e8 assolutamente un problema con Salon For All. Devi segnalare il tuo reso entro 14 giorni lavorativi tramite <a href=\"mailto:info@salonforall.com\">info@salonforall.it<\/a>. Riceverai quindi prima tutte le istruzioni e condizioni di reso. Si prega di notare che Syis Hydro Moisturizing Shock 500 Ml non deve essere stato utilizzato, deve contenere tutte le parti fornite e deve essere restituito imballato nella confezione originale. I costi di spedizione per un reso sono sempre a carico dell&#8217;acquirente per gli acquisti tramite www.salonforall.it. Devi organizzare tu stesso un trasporto presso un corriere di tua scelta per un reso. Una volta che Syis Hydro Moisturizing Shock 500 Ml \u00e8 stato restituito, verr\u00e0 controllato per completezza e danni. Una volta che il reso \u00e8 stato approvato, l&#8217;importo di acquisto verr\u00e0 rimborsato entro 5 giorni lavorativi sul conto bancario da noi conosciuto.<\/p>\n<h2>Chi \u00e8 Salon For All?<\/h2>\n<p>Salon For All \u00e8 IL grossista per ogni arredamento di saloni in Europa. Salon For All \u00e8 iniziato nel 2003 con il nome Salonvoordeel ed \u00e8 nato dalla pratica. I proprietari di Salon For All erano parrucchieri e specialisti della bellezza esperti e hanno insieme oltre 30 anni di esperienza pratica. Nel 2003 abbiamo lanciato Salonvoordeel.nl (Paesi Bassi) e successivamente \u00e8 stato fondato Salon For All per il mercato europeo. Alcuni dei nostri dipendenti hanno avviato una propria attivit\u00e0 e cos\u00ec \u00e8 nata l&#8217;idea di avviare un negozio online funzionale per parrucchieri e aiutarli con l&#8217;arredamento del loro salone.<\/p>\n<p>Il nostro showroom si trova a Dinxperlo, direttamente al confine tra i Paesi Bassi e la Germania. Con la nostra pluriennale esperienza nel settore possiamo farti da specchio e fornirti la giusta consulenza. Parliamo la stessa lingua! Ti consigliamo, ispiriamo, motiviamo e ti aiutiamo nell&#8217;acquisto di Syis Hydro Moisturizing Shock 500 Ml. I nostri fornitori si trovano in tutta Europa, dalla Germania, Inghilterra, Italia fino alla Polonia.<\/p>","protected":false},"excerpt":{"rendered":"<p>Il prodotto Syis Hydro Moisturizing Shock 500 Ml \u00e8 una soluzione conveniente per qualsiasi salone o studio professionale. Il tempo di consegna previsto \u00e8 di circa 6 giorni lavorativi.<\/p>","protected":false},"featured_media":23992,"comment_status":"open","ping_status":"open","template":"","meta":[],"product_brand":[364],"product_cat":[76,365,7322],"product_tag":[79,367,7323],"class_list":{"0":"post-23991","1":"product","2":"type-product","3":"status-publish","4":"has-post-thumbnail","6":"product_brand-syis","7":"product_cat-cosmetici-professionali","8":"product_cat-cosmetici-syis-pro","9":"product_cat-fluidi-per-la-purificazione-dellidrogeno","10":"product_tag-cosmetici-professionali","11":"product_tag-cosmetici-syis-pro","12":"product_tag-fluidi-per-la-purificazione-dellidrogeno","13":"pa_codice-ean-7567","14":"pa_garanzia-12-mesi","15":"pa_marca-syis","16":"pa_numero-dellarticolo-7566","17":"pa_tempo-di-consegna-stimato-3-4-giorni-lavorativi","19":"first","20":"instock","21":"sale","22":"taxable","23":"shipping-taxable","24":"purchasable","25":"product-type-simple"},"yoast_head":"<!-- This site is optimized with the Yoast SEO plugin v27.5 - https:\/\/yoast.com\/product\/yoast-seo-wordpress\/ -->\n<title>Syis Hydro Moisturizing Shock 500 Ml acquistare<\/title>\n<meta name=\"description\" content=\"Acquista Syis Hydro Moisturizing Shock 500 Ml online o nello showroom da Salon For All Italia. Il grossista per saloni, studi e spa in Italia e Svizzera.\" \/>\n<meta name=\"robots\" content=\"index, follow, max-snippet:-1, max-image-preview:large, max-video-preview:-1\" \/>\n<link rel=\"canonical\" href=\"https:\/\/salonforall.it\/en\/syis-hydro-moisturizing-shock-500-ml\/\" \/>\n<meta property=\"og:locale\" content=\"en_GB\" \/>\n<meta property=\"og:type\" content=\"article\" \/>\n<meta property=\"og:title\" content=\"Syis Hydro Moisturizing Shock 500 Ml\" \/>\n<meta property=\"og:description\" content=\"Acquista Syis Hydro Moisturizing Shock 500 Ml online o nello showroom da Salon For All Italia. Il grossista per saloni, studi e spa in Italia e Svizzera.\" \/>\n<meta property=\"og:url\" content=\"https:\/\/salonforall.it\/en\/syis-hydro-moisturizing-shock-500-ml\/\" \/>\n<meta property=\"og:site_name\" content=\"Salon For All Italia\" \/>\n<meta property=\"article:modified_time\" content=\"2026-05-14T02:20:12+00:00\" \/>\n<meta property=\"og:image\" content=\"https:\/\/salonforall.it\/wp-content\/uploads\/2025\/12\/Syis-Hydro-Moisturizing-Shock-500-Ml-1.jpg\" \/>\n\t<meta property=\"og:image:width\" content=\"1200\" \/>\n\t<meta property=\"og:image:height\" content=\"1200\" \/>\n\t<meta property=\"og:image:type\" content=\"image\/jpeg\" \/>\n<meta name=\"twitter:card\" content=\"summary_large_image\" \/>\n<meta name=\"twitter:title\" content=\"Syis Hydro Moisturizing Shock 500 Ml\" \/>\n<meta name=\"twitter:label1\" content=\"Estimated reading time\" \/>\n\t<meta name=\"twitter:data1\" content=\"8 minutes\" \/>\n<script type=\"application\/ld+json\" class=\"yoast-schema-graph\">{\"@context\":\"https:\\\/\\\/schema.org\",\"@graph\":[{\"@type\":\"WebPage\",\"@id\":\"https:\\\/\\\/salonforall.it\\\/syis-hydro-moisturizing-shock-500-ml\\\/\",\"url\":\"https:\\\/\\\/salonforall.it\\\/syis-hydro-moisturizing-shock-500-ml\\\/\",\"name\":\"Syis Hydro Moisturizing Shock 500 Ml acquistare\",\"isPartOf\":{\"@id\":\"https:\\\/\\\/salonforall.it\\\/#website\"},\"primaryImageOfPage\":{\"@id\":\"https:\\\/\\\/salonforall.it\\\/syis-hydro-moisturizing-shock-500-ml\\\/#primaryimage\"},\"image\":{\"@id\":\"https:\\\/\\\/salonforall.it\\\/syis-hydro-moisturizing-shock-500-ml\\\/#primaryimage\"},\"thumbnailUrl\":\"https:\\\/\\\/salonforall.it\\\/wp-content\\\/uploads\\\/2025\\\/12\\\/Syis-Hydro-Moisturizing-Shock-500-Ml-1.jpg\",\"datePublished\":\"2025-12-03T20:40:34+00:00\",\"dateModified\":\"2026-05-14T02:20:12+00:00\",\"description\":\"Acquista Syis Hydro Moisturizing Shock 500 Ml online o nello showroom da Salon For All Italia. Il grossista per saloni, studi e spa in Italia e Svizzera.\",\"breadcrumb\":{\"@id\":\"https:\\\/\\\/salonforall.it\\\/syis-hydro-moisturizing-shock-500-ml\\\/#breadcrumb\"},\"inLanguage\":\"en-GB\",\"potentialAction\":[{\"@type\":\"ReadAction\",\"target\":[\"https:\\\/\\\/salonforall.it\\\/syis-hydro-moisturizing-shock-500-ml\\\/\"]}]},{\"@type\":\"ImageObject\",\"inLanguage\":\"en-GB\",\"@id\":\"https:\\\/\\\/salonforall.it\\\/syis-hydro-moisturizing-shock-500-ml\\\/#primaryimage\",\"url\":\"https:\\\/\\\/salonforall.it\\\/wp-content\\\/uploads\\\/2025\\\/12\\\/Syis-Hydro-Moisturizing-Shock-500-Ml-1.jpg\",\"contentUrl\":\"https:\\\/\\\/salonforall.it\\\/wp-content\\\/uploads\\\/2025\\\/12\\\/Syis-Hydro-Moisturizing-Shock-500-Ml-1.jpg\",\"width\":1200,\"height\":1200,\"caption\":\"Syis Hydro Moisturizing Shock 500 Ml\"},{\"@type\":\"BreadcrumbList\",\"@id\":\"https:\\\/\\\/salonforall.it\\\/syis-hydro-moisturizing-shock-500-ml\\\/#breadcrumb\",\"itemListElement\":[{\"@type\":\"ListItem\",\"position\":1,\"name\":\"Home\",\"item\":\"https:\\\/\\\/salonforall.it\\\/\"},{\"@type\":\"ListItem\",\"position\":2,\"name\":\"Winkel\",\"item\":\"https:\\\/\\\/salonforall.it\\\/winkel\\\/\"},{\"@type\":\"ListItem\",\"position\":3,\"name\":\"Syis Hydro Moisturizing Shock 500 Ml\"}]},{\"@type\":\"WebSite\",\"@id\":\"https:\\\/\\\/salonforall.it\\\/#website\",\"url\":\"https:\\\/\\\/salonforall.it\\\/\",\"name\":\"Salon For All Italia\",\"description\":\"Grossista di mobili e forniture per studi medici e saloni\",\"publisher\":{\"@id\":\"https:\\\/\\\/salonforall.it\\\/#organization\"},\"potentialAction\":[{\"@type\":\"SearchAction\",\"target\":{\"@type\":\"EntryPoint\",\"urlTemplate\":\"https:\\\/\\\/salonforall.it\\\/?s={search_term_string}\"},\"query-input\":{\"@type\":\"PropertyValueSpecification\",\"valueRequired\":true,\"valueName\":\"search_term_string\"}}],\"inLanguage\":\"en-GB\"},{\"@type\":\"Organization\",\"@id\":\"https:\\\/\\\/salonforall.it\\\/#organization\",\"name\":\"Salon For All Italia\",\"url\":\"https:\\\/\\\/salonforall.it\\\/\",\"logo\":{\"@type\":\"ImageObject\",\"inLanguage\":\"en-GB\",\"@id\":\"https:\\\/\\\/salonforall.it\\\/#\\\/schema\\\/logo\\\/image\\\/\",\"url\":\"https:\\\/\\\/salonforall.it\\\/wp-content\\\/uploads\\\/2025\\\/11\\\/logo-salon-for-all-e1764543264615.png\",\"contentUrl\":\"https:\\\/\\\/salonforall.it\\\/wp-content\\\/uploads\\\/2025\\\/11\\\/logo-salon-for-all-e1764543264615.png\",\"width\":500,\"height\":150,\"caption\":\"Salon For All Italia\"},\"image\":{\"@id\":\"https:\\\/\\\/salonforall.it\\\/#\\\/schema\\\/logo\\\/image\\\/\"}}]}<\/script>\n<!-- \/ Yoast SEO plugin. -->","yoast_head_json":{"title":"Syis Hydro Moisturizing Shock 500 Ml acquistare","description":"Acquista Syis Hydro Moisturizing Shock 500 Ml online o nello showroom da Salon For All Italia. Il grossista per saloni, studi e spa in Italia e Svizzera.","robots":{"index":"index","follow":"follow","max-snippet":"max-snippet:-1","max-image-preview":"max-image-preview:large","max-video-preview":"max-video-preview:-1"},"canonical":"https:\/\/salonforall.it\/en\/syis-hydro-moisturizing-shock-500-ml\/","og_locale":"en_GB","og_type":"article","og_title":"Syis Hydro Moisturizing Shock 500 Ml","og_description":"Acquista Syis Hydro Moisturizing Shock 500 Ml online o nello showroom da Salon For All Italia. Il grossista per saloni, studi e spa in Italia e Svizzera.","og_url":"https:\/\/salonforall.it\/en\/syis-hydro-moisturizing-shock-500-ml\/","og_site_name":"Salon For All Italia","article_modified_time":"2026-05-14T02:20:12+00:00","og_image":[{"width":1200,"height":1200,"url":"https:\/\/salonforall.it\/wp-content\/uploads\/2025\/12\/Syis-Hydro-Moisturizing-Shock-500-Ml-1.jpg","type":"image\/jpeg"}],"twitter_card":"summary_large_image","twitter_title":"Syis Hydro Moisturizing Shock 500 Ml","twitter_misc":{"Estimated reading time":"8 minutes"},"schema":{"@context":"https:\/\/schema.org","@graph":[{"@type":"WebPage","@id":"https:\/\/salonforall.it\/syis-hydro-moisturizing-shock-500-ml\/","url":"https:\/\/salonforall.it\/syis-hydro-moisturizing-shock-500-ml\/","name":"Syis Hydro Moisturizing Shock 500 Ml acquistare","isPartOf":{"@id":"https:\/\/salonforall.it\/#website"},"primaryImageOfPage":{"@id":"https:\/\/salonforall.it\/syis-hydro-moisturizing-shock-500-ml\/#primaryimage"},"image":{"@id":"https:\/\/salonforall.it\/syis-hydro-moisturizing-shock-500-ml\/#primaryimage"},"thumbnailUrl":"https:\/\/salonforall.it\/wp-content\/uploads\/2025\/12\/Syis-Hydro-Moisturizing-Shock-500-Ml-1.jpg","datePublished":"2025-12-03T20:40:34+00:00","dateModified":"2026-05-14T02:20:12+00:00","description":"Acquista Syis Hydro Moisturizing Shock 500 Ml online o nello showroom da Salon For All Italia. Il grossista per saloni, studi e spa in Italia e Svizzera.","breadcrumb":{"@id":"https:\/\/salonforall.it\/syis-hydro-moisturizing-shock-500-ml\/#breadcrumb"},"inLanguage":"en-GB","potentialAction":[{"@type":"ReadAction","target":["https:\/\/salonforall.it\/syis-hydro-moisturizing-shock-500-ml\/"]}]},{"@type":"ImageObject","inLanguage":"en-GB","@id":"https:\/\/salonforall.it\/syis-hydro-moisturizing-shock-500-ml\/#primaryimage","url":"https:\/\/salonforall.it\/wp-content\/uploads\/2025\/12\/Syis-Hydro-Moisturizing-Shock-500-Ml-1.jpg","contentUrl":"https:\/\/salonforall.it\/wp-content\/uploads\/2025\/12\/Syis-Hydro-Moisturizing-Shock-500-Ml-1.jpg","width":1200,"height":1200,"caption":"Syis Hydro Moisturizing Shock 500 Ml"},{"@type":"BreadcrumbList","@id":"https:\/\/salonforall.it\/syis-hydro-moisturizing-shock-500-ml\/#breadcrumb","itemListElement":[{"@type":"ListItem","position":1,"name":"Home","item":"https:\/\/salonforall.it\/"},{"@type":"ListItem","position":2,"name":"Winkel","item":"https:\/\/salonforall.it\/winkel\/"},{"@type":"ListItem","position":3,"name":"Syis Hydro Moisturizing Shock 500 Ml"}]},{"@type":"WebSite","@id":"https:\/\/salonforall.it\/#website","url":"https:\/\/salonforall.it\/","name":"Salon For All Italia","description":"Grossista di mobili e forniture per studi medici e saloni","publisher":{"@id":"https:\/\/salonforall.it\/#organization"},"potentialAction":[{"@type":"SearchAction","target":{"@type":"EntryPoint","urlTemplate":"https:\/\/salonforall.it\/?s={search_term_string}"},"query-input":{"@type":"PropertyValueSpecification","valueRequired":true,"valueName":"search_term_string"}}],"inLanguage":"en-GB"},{"@type":"Organization","@id":"https:\/\/salonforall.it\/#organization","name":"Salon For All Italia","url":"https:\/\/salonforall.it\/","logo":{"@type":"ImageObject","inLanguage":"en-GB","@id":"https:\/\/salonforall.it\/#\/schema\/logo\/image\/","url":"https:\/\/salonforall.it\/wp-content\/uploads\/2025\/11\/logo-salon-for-all-e1764543264615.png","contentUrl":"https:\/\/salonforall.it\/wp-content\/uploads\/2025\/11\/logo-salon-for-all-e1764543264615.png","width":500,"height":150,"caption":"Salon For All Italia"},"image":{"@id":"https:\/\/salonforall.it\/#\/schema\/logo\/image\/"}}]}},"_links":{"self":[{"href":"https:\/\/salonforall.it\/en\/wp-json\/wp\/v2\/product\/23991","targetHints":{"allow":["GET"]}}],"collection":[{"href":"https:\/\/salonforall.it\/en\/wp-json\/wp\/v2\/product"}],"about":[{"href":"https:\/\/salonforall.it\/en\/wp-json\/wp\/v2\/types\/product"}],"replies":[{"embeddable":true,"href":"https:\/\/salonforall.it\/en\/wp-json\/wp\/v2\/comments?post=23991"}],"wp:featuredmedia":[{"embeddable":true,"href":"https:\/\/salonforall.it\/en\/wp-json\/wp\/v2\/media\/23992"}],"wp:attachment":[{"href":"https:\/\/salonforall.it\/en\/wp-json\/wp\/v2\/media?parent=23991"}],"wp:term":[{"taxonomy":"product_brand","embeddable":true,"href":"https:\/\/salonforall.it\/en\/wp-json\/wp\/v2\/product_brand?post=23991"},{"taxonomy":"product_cat","embeddable":true,"href":"https:\/\/salonforall.it\/en\/wp-json\/wp\/v2\/product_cat?post=23991"},{"taxonomy":"product_tag","embeddable":true,"href":"https:\/\/salonforall.it\/en\/wp-json\/wp\/v2\/product_tag?post=23991"}],"curies":[{"name":"wp","href":"https:\/\/api.w.org\/{rel}","templated":true}]}}