{"id":24079,"date":"2025-12-03T20:42:18","date_gmt":"2025-12-03T20:42:18","guid":{"rendered":"https:\/\/salonforall.it\/syis-heat-bloom-maschera-corpo-riscaldante-500-ml\/"},"modified":"2026-05-14T02:20:15","modified_gmt":"2026-05-14T02:20:15","slug":"syis-heat-bloom-maschera-corpo-riscaldante-500-ml","status":"publish","type":"product","link":"https:\/\/salonforall.it\/en\/syis-heat-bloom-maschera-corpo-riscaldante-500-ml\/","title":{"rendered":"Syis Heat Bloom \u2013 Maschera Corpo Riscaldante 500 Ml"},"content":{"rendered":"<h2>Informazioni su Syis Heat Bloom \u2013 Maschera Corpo Riscaldante 500 Ml con codice articolo 155427<\/h2>\n<p><img decoding=\"async\" src=\"https:\/\/activeshop.com.pl\/media\/wysiwyg\/product\/155427\/PL_155427.jpg\"><\/p>\n<p><img decoding=\"async\" src=\"https:\/\/activeshop.com.pl\/media\/wysiwyg\/product\/155427\/EN_155427_01.jpg\"><\/p>\n<h2>Heat Bloom \u2013 maschera corpo intensamente riscaldante<\/h2>\n<h2>Cura perfetta per la pelle che necessita di rassodamento<\/h2>\n<p><strong>La maschera corpo Heat Bloom di Syis<\/strong> \u00e8 una maschera corpo riscaldante professionale pensata per pelli con visibile perdita di elasticit\u00e0 e tonicit\u00e0. <strong>La formula crea un&#8217;intensa sensazione di calore<\/strong>, stimolando la pelle e favorendo la cura delle zone soggette a cellulite. L&#8217;aggiunta di pantenolo ed estratti vegetali <strong>aiuta a mantenere il giusto livello di idratazione<\/strong>, supportando al contempo l&#8217;effetto rassodante. Il prodotto \u00e8 perfetto anche per i trattamenti di body wrap, aumentando la sensazione di intensa cura.<\/p>\n<p><img decoding=\"async\" src=\"https:\/\/activeshop.com.pl\/media\/wysiwyg\/product\/155427\/EN_155427_02.jpg\"><\/p>\n<h2>Ricco di principi attivi<\/h2>\n<p>La formula della maschera \u00e8 arricchita con ingredienti dalle <strong>forti propriet\u00e0 riscaldanti e nutrienti<\/strong>, che favoriscono la tonicit\u00e0 e l&#8217;idratazione della pelle. L&#8217;estratto di peperoncino <strong>riscalda e rassoda intensamente la pelle<\/strong>, mentre il Vanillyl Butyl Ether fornisce una <strong>piacevole sensazione di calore senza irritazioni<\/strong>. La corteccia di cannella <strong>ha un effetto riscaldante e stimolante<\/strong>, favorendone la tonicit\u00e0, mentre gli estratti di alghe <strong>idratano e rafforzano l&#8217;elasticit\u00e0 dell&#8217;epidermide<\/strong>. Il bergamotto inoltre <strong>tonifica e rinfresca<\/strong> la pelle.<\/p>\n<p><img decoding=\"async\" src=\"https:\/\/activeshop.com.pl\/media\/wysiwyg\/product\/155427\/EN_155427_03.jpg\"><\/p>\n<p>Ingredienti attivi:<\/p>\n<h3>Capsicum Frutescens Fruit Extract \u2013 estratto di peperoncino<\/h3>\n<p>Riscalda e rassoda intensamente la pelle.<\/p>\n<h3>Vanillyl Butyl Ether<\/h3>\n<p>Un moderno ingrediente riscaldante che dona una piacevole sensazione di calore senza irritare la pelle.<\/p>\n<h3>Cinnamomum Zeylanicum Bark Extract \u2013 estratto di corteccia di cannella di Ceylon<\/h3>\n<p>Ha un effetto riscaldante, stimolante e rassodante.<\/p>\n<h3>Fucus Vesiculosus &amp; Estratto di Undaria Pinnatifida \u2013 estratti di alghe<\/h3>\n<p>Promuove l&#8217;idratazione e migliora la tonicit\u00e0 della pelle.<\/p>\n<h3>Citrus Aurantium Bergamia \u2013 bergamotto<\/h3>\n<p>Tonifica e rinfresca.<\/p>\n<p><img decoding=\"async\" src=\"https:\/\/activeshop.com.pl\/media\/wysiwyg\/product\/155427\/EN_155427_04.jpg\"><\/p>\n<h2>Modo d&#8217;uso:<\/h2>\n<p>Applicare una piccola quantit\u00e0 di maschera sulla pelle detersa, evitando la zona del seno, la pelle danneggiata e le zone particolarmente sensibili. Avvolgere il corpo in una pellicola protettiva e lasciare agire per circa 20 minuti. Dopo il trattamento, rimuovere eventuali residui con un panno umido.<\/p>\n<h2>NOTA.<\/h2>\n<p>La maschera provoca un&#8217;intensa sensazione di calore. Prima del primo utilizzo, si consiglia di testare il prodotto su una piccola area di pelle. Lavarsi accuratamente le mani dopo l&#8217;applicazione. Questo prodotto non \u00e8 raccomandato per persone con vasi sanguigni fragili, vene varicose o ipersensibilit\u00e0 agli ingredienti riscaldanti.<\/p>\n<p>Capacit\u00e0: 500 ml<\/p>\n<p><strong>Ingredienti (INCI):<\/strong> Acqua, Glicerina, Propandiolo, Estratto di frutto di Capsicum Frutescens, Vanillyl Butyl Ether, Estratto di corteccia di Cinnamomum Zeylanicum, Estratto di fiori\/foglie\/stelo di Lavandula Angustifolia, Estratto di frutto di Citrus Aurantium Bergamia, Estratto di semi di Cupressus Sempervirens, Estratto di fiori di Plumeria Rubra, Estratto di semi di Coriandrum Sativum, Estratto di foglie di Rosmarinus Officinalis, Estratto di foglie di Camellia Sinensis, Estratto di Fucus Vesiculosus, Estratto di Undaria Pinnatifida, Estratto di frutto di Prunus Persica, Estratto di fiori\/foglie di Jasminum Officinale, Pantenolo, Estratto di frutto di Vanilla Planifolia, Estratto di rosa, Olio di ricino idrogenato PEG-40, Laureth-7, Olio di glicina di soia, Poliisobutene, Olio di ricino idrogenato PEG-60, Pantolattone, Polisorbato 20, Poliacrilato-13, Poliacrilammide, Isoparaffina C13-14, Crosspolimero di acrilati\/alchil acrilato C10-30, Isostearato di sorbitano, Alfa-isometil ionone, Trietanolammina, Trigliceride caprilico\/caprico, Sorbato di potassio, Benzoato di sodio, Fenossietanolo, Etilesilglicerina, Salicilato di benzile, Geraniolo, Linalolo, Esametilindanopirano, Acetato di geranile, Alcol denat., Acetato di linalile, Tetrametil acetiloctaidronaftalene, Profumo, CI 19140, CI 14700<\/p>\n<p><strong>SYIS<\/strong> \u00e8 un&#8217;azienda polacca marchio di cosmetici professionali creato pensando alla cura efficace. Si distingue per l&#8217;alta qualit\u00e0 dei suoi ingredienti attivi che soddisfano le esigenze dei clienti moderni e consapevoli.<\/p>\n<p>I prodotti Activeshop sono proporzionalmente pi\u00f9 economici di molti altri marchi\/fornitori. Il prezzo \u00e8 proporzionato alla qualit\u00e0. Syis Heat Bloom \u2013 Maschera Corpo Riscaldante 500 Ml \u00e8 quindi una soluzione accessibile per il tuo salone.<\/p>\n<h2>Come viene consegnato Syis Heat Bloom \u2013 Maschera Corpo Riscaldante 500 Ml?<\/h2>\n<p>Syis Heat Bloom \u2013 Maschera Corpo Riscaldante 500 Ml viene consegnato nella confezione originale. In Italia la spedizione di Syis Heat Bloom \u2013 Maschera Corpo Riscaldante 500 Ml \u00e8 completamente gratuita per ordini a partire da 100,- euro. Per spedizioni verso altri paesi si applicano tariffe di spedizione separate. Puoi richiedere queste tariffe o trovarle nel carrello. Syis Heat Bloom \u2013 Maschera Corpo Riscaldante 500 Ml viene spedito tramite un corriere esterno.<\/p>\n<p>I pacchi o i pallet vengono consegnati di serie fino alla soglia della porta d&#8217;ingresso, anche se ti trovi in un edificio collettivo, condominio o complesso residenziale con ascensore (a condizione che l&#8217;articolo entri nell&#8217;ascensore). Non c&#8217;\u00e8 un ascensore o l&#8217;articolo non entra nell&#8217;ascensore? Allora consegniamo fino alla soglia del piano terra.<\/p>\n<p>Hai ancora domande sulla consegna o una situazione particolare? Contattaci e saremo lieti di aiutarti!<\/p>\n<p>*Gli articoli non vengono disimballati o montati di serie. In situazioni particolari puoi contattarci per fare accordi in merito.<\/p>\n<h2>Acquisti online sicuri su Salon For All con il marchio di qualit\u00e0 Webwinkelkeur e crittografia SSL<\/h2>\n<p>\u00c8 importante per noi che i nostri clienti possano fare acquisti online in sicurezza. Siamo affiliati al marchio di qualit\u00e0 nazionale Webwinkelkeur dal 2019. La nostra identit\u00e0 \u00e8 stata controllata e verificata da loro e il negozio online \u00e8 stato controllato e approvato legalmente. Inoltre, il nostro negozio online \u00e8 affiliato a loro per la mediazione delle controversie. Puoi vedere il badge con tutte le informazioni di questo marchio di qualit\u00e0 del negozio online sul lato sinistro o destro del negozio online (pulsante rosa con bianco). Inoltre, il nostro sito \u00e8 protetto con un certificato SSL in modo da poter navigare in sicurezza. Nella barra del tuo browser Internet, dove \u00e8 indicato il nostro sito web, vedrai un&#8217;icona a forma di lucchetto. Se clicchi sul lucchetto, otterrai tutte le informazioni sulla nostra sicurezza. In questo modo sai che il tuo ordine di Syis Heat Bloom \u2013 Maschera Corpo Riscaldante 500 Ml e i tuoi dati personali vengono elaborati in modo sicuro.<\/p>\n<h2>Come posso pagare Syis Heat Bloom \u2013 Maschera Corpo Riscaldante 500 Ml?<\/h2>\n<p>Vogliamo renderti le cose il pi\u00f9 semplici possibile. Ecco perch\u00e9 su Salon For All puoi pagare con tutti i metodi di pagamento noti e comuni. Pagare in anticipo, alla consegna o in seguito; tutto \u00e8 possibile. Vedi qui tutti i metodi di pagamento che offriamo:<\/p>\n<ul>\n<li>iDEAL<\/li>\n<li>Carta di credito (Visa, Mastercard, American Express)<\/li>\n<li>Klarna &#8211; Pagamento posticipato con fattura<\/li>\n<li>PayPal<\/li>\n<li>Apple Pay<\/li>\n<li>Google Pay<\/li>\n<li>Bancontact<\/li>\n<li>Bonifico bancario SEPA<\/li>\n<li>MyBank (per clienti italiani)<\/li>\n<li>Fattura aziendale per imprese<\/li>\n<li>Pagamento nello showroom &#8211; Sia carta che contanti (Disponibile solo per il ritiro)<\/li>\n<\/ul>\n<h2>Consulta anche le recensioni di Salon For All<\/h2>\n<p>Consulta anche le nostre recensioni per tenere conto delle esperienze dei nostri clienti attuali nella tua decisione di ordinare Syis Heat Bloom \u2013 Maschera Corpo Riscaldante 500 Ml da noi. Attraverso il nostro marchio di qualit\u00e0 indipendente del negozio online Webwinkelkeur, vengono raccolte automaticamente recensioni verificate di clienti che hanno completato un ordine con noi. Puoi trovarle dietro il pulsante rosa sul nostro negozio online o sono elencate sotto i prodotti.<\/p>\n<p>Condividi anche la tua esperienza dopo il tuo acquisto con il tuo Syis Heat Bloom \u2013 Maschera Corpo Riscaldante 500 Ml ordinato e la tua esperienza con il processo di acquisto o il contatto con Salon For All per ispirare gli altri!<\/p>\n<h2>Contatto con Salon For All<\/h2>\n<p>Contattaci allora. Saremo lieti di aiutarti con l&#8217;acquisto di Syis Heat Bloom \u2013 Maschera Corpo Riscaldante 500 Ml. Nei giorni feriali siamo raggiungibili al meglio tra le 8.30 e le 17.00 tramite il numero di telefono e l&#8217;indirizzo e-mail nella parte superiore del negozio online o tramite la funzione chat. Le domande al di fuori dell&#8217;orario d&#8217;ufficio vengono generalmente risposte entro 24 ore. \u00c8 anche possibile venirci a trovare al di fuori dei giorni feriali o dell&#8217;orario d&#8217;ufficio. Ma per questo \u00e8 necessario prendere un appuntamento in anticipo.<\/p>\n<h2>Vuoi venire nel nostro showroom?<\/h2>\n<p>Preferisci vedere Syis Heat Bloom \u2013 Maschera Corpo Riscaldante 500 Ml o esplorare la nostra offerta del negozio (online) insieme al nostro collega? Allora vieni nel nostro showroom con oltre 1000m\u00b2 di arredamento per saloni e lasciati ispirare dai nostri dipendenti. Anche se ti piace fare conoscenza in modo piacevole gustando una buona tazza di caff\u00e8 o t\u00e8, sei il benvenuto. Non abbiamo tutti i prodotti disponibili, quindi faccici sapere in anticipo che vuoi venire. Prendi sempre un appuntamento in anticipo.<\/p>\n<h2>14 giorni di riflessione e la nostra politica di reso<\/h2>\n<p>Naturalmente pu\u00f2 succedere che Syis Heat Bloom \u2013 Maschera Corpo Riscaldante 500 Ml consegnato non sia completamente di tuo gradimento e tu voglia restituirlo. Questo non \u00e8 assolutamente un problema con Salon For All. Devi segnalare il tuo reso entro 14 giorni lavorativi tramite <a href=\"mailto:info@salonforall.com\">info@salonforall.it<\/a>. Riceverai quindi prima tutte le istruzioni e condizioni di reso. Si prega di notare che Syis Heat Bloom \u2013 Maschera Corpo Riscaldante 500 Ml non deve essere stato utilizzato, deve contenere tutte le parti fornite e deve essere restituito imballato nella confezione originale. I costi di spedizione per un reso sono sempre a carico dell&#8217;acquirente per gli acquisti tramite www.salonforall.it. Devi organizzare tu stesso un trasporto presso un corriere di tua scelta per un reso. Una volta che Syis Heat Bloom \u2013 Maschera Corpo Riscaldante 500 Ml \u00e8 stato restituito, verr\u00e0 controllato per completezza e danni. Una volta che il reso \u00e8 stato approvato, l&#8217;importo di acquisto verr\u00e0 rimborsato entro 5 giorni lavorativi sul conto bancario da noi conosciuto.<\/p>\n<h2>Chi \u00e8 Salon For All?<\/h2>\n<p>Salon For All \u00e8 IL grossista per ogni arredamento di saloni in Europa. Salon For All \u00e8 iniziato nel 2003 con il nome Salonvoordeel ed \u00e8 nato dalla pratica. I proprietari di Salon For All erano parrucchieri e specialisti della bellezza esperti e hanno insieme oltre 30 anni di esperienza pratica. Nel 2003 abbiamo lanciato Salonvoordeel.nl (Paesi Bassi) e successivamente \u00e8 stato fondato Salon For All per il mercato europeo. Alcuni dei nostri dipendenti hanno avviato una propria attivit\u00e0 e cos\u00ec \u00e8 nata l&#8217;idea di avviare un negozio online funzionale per parrucchieri e aiutarli con l&#8217;arredamento del loro salone.<\/p>\n<p>Il nostro showroom si trova a Dinxperlo, direttamente al confine tra i Paesi Bassi e la Germania. Con la nostra pluriennale esperienza nel settore possiamo farti da specchio e fornirti la giusta consulenza. Parliamo la stessa lingua! Ti consigliamo, ispiriamo, motiviamo e ti aiutiamo nell&#8217;acquisto di Syis Heat Bloom \u2013 Maschera Corpo Riscaldante 500 Ml. I nostri fornitori si trovano in tutta Europa, dalla Germania, Inghilterra, Italia fino alla Polonia.<\/p>","protected":false},"excerpt":{"rendered":"<p>Il prodotto Syis Heat Bloom \u2013 Maschera Corpo Riscaldante 500 Ml \u00e8 una soluzione conveniente per qualsiasi salone o studio professionale. Il tempo di consegna previsto \u00e8 di circa 6 giorni lavorativi.<\/p>","protected":false},"featured_media":24080,"comment_status":"open","ping_status":"open","template":"","meta":[],"product_brand":[364],"product_cat":[76,365,7598],"product_tag":[79,367,7599],"class_list":{"0":"post-24079","1":"product","2":"type-product","3":"status-publish","4":"has-post-thumbnail","6":"product_brand-syis","7":"product_cat-cosmetici-professionali","8":"product_cat-cosmetici-syis-pro","9":"product_cat-cura-del-corpo-sliming-line","10":"product_tag-cosmetici-professionali","11":"product_tag-cosmetici-syis-pro","12":"product_tag-cura-del-corpo-sliming-line","13":"pa_codice-ean-7597","14":"pa_garanzia-12-mesi","15":"pa_marca-syis","16":"pa_numero-dellarticolo-7596","17":"pa_tempo-di-consegna-stimato-3-4-giorni-lavorativi","19":"first","20":"instock","21":"sale","22":"taxable","23":"shipping-taxable","24":"purchasable","25":"product-type-simple"},"yoast_head":"<!-- This site is optimized with the Yoast SEO plugin v27.5 - https:\/\/yoast.com\/product\/yoast-seo-wordpress\/ -->\n<title>Syis Heat Bloom \u2013 Maschera Corpo Riscaldante 500 Ml acquistare<\/title>\n<meta name=\"description\" content=\"Acquista Syis Heat Bloom \u2013 Maschera Corpo Riscaldante 500 Ml online o nello showroom da Salon For All Italia. Il grossista per saloni, studi e spa in Italia e Svizzera.\" \/>\n<meta name=\"robots\" content=\"index, follow, max-snippet:-1, max-image-preview:large, max-video-preview:-1\" \/>\n<link rel=\"canonical\" href=\"https:\/\/salonforall.it\/en\/syis-heat-bloom-maschera-corpo-riscaldante-500-ml\/\" \/>\n<meta property=\"og:locale\" content=\"en_GB\" \/>\n<meta property=\"og:type\" content=\"article\" \/>\n<meta property=\"og:title\" content=\"Syis Heat Bloom \u2013 Maschera Corpo Riscaldante 500 Ml\" \/>\n<meta property=\"og:description\" content=\"Acquista Syis Heat Bloom \u2013 Maschera Corpo Riscaldante 500 Ml online o nello showroom da Salon For All Italia. Il grossista per saloni, studi e spa in Italia e Svizzera.\" \/>\n<meta property=\"og:url\" content=\"https:\/\/salonforall.it\/en\/syis-heat-bloom-maschera-corpo-riscaldante-500-ml\/\" \/>\n<meta property=\"og:site_name\" content=\"Salon For All Italia\" \/>\n<meta property=\"article:modified_time\" content=\"2026-05-14T02:20:15+00:00\" \/>\n<meta property=\"og:image\" content=\"https:\/\/salonforall.it\/wp-content\/uploads\/2025\/12\/Syis-Heat-Bloom-\u2013-Maschera-Corpo-Riscaldante-500-Ml-1.jpg\" \/>\n\t<meta property=\"og:image:width\" content=\"1200\" \/>\n\t<meta property=\"og:image:height\" content=\"1200\" \/>\n\t<meta property=\"og:image:type\" content=\"image\/jpeg\" \/>\n<meta name=\"twitter:card\" content=\"summary_large_image\" \/>\n<meta name=\"twitter:title\" content=\"Syis Heat Bloom \u2013 Maschera Corpo Riscaldante 500 Ml\" \/>\n<meta name=\"twitter:label1\" content=\"Estimated reading time\" \/>\n\t<meta name=\"twitter:data1\" content=\"8 minutes\" \/>\n<script type=\"application\/ld+json\" class=\"yoast-schema-graph\">{\"@context\":\"https:\\\/\\\/schema.org\",\"@graph\":[{\"@type\":\"WebPage\",\"@id\":\"https:\\\/\\\/salonforall.it\\\/syis-heat-bloom-maschera-corpo-riscaldante-500-ml\\\/\",\"url\":\"https:\\\/\\\/salonforall.it\\\/syis-heat-bloom-maschera-corpo-riscaldante-500-ml\\\/\",\"name\":\"Syis Heat Bloom \u2013 Maschera Corpo Riscaldante 500 Ml acquistare\",\"isPartOf\":{\"@id\":\"https:\\\/\\\/salonforall.it\\\/#website\"},\"primaryImageOfPage\":{\"@id\":\"https:\\\/\\\/salonforall.it\\\/syis-heat-bloom-maschera-corpo-riscaldante-500-ml\\\/#primaryimage\"},\"image\":{\"@id\":\"https:\\\/\\\/salonforall.it\\\/syis-heat-bloom-maschera-corpo-riscaldante-500-ml\\\/#primaryimage\"},\"thumbnailUrl\":\"https:\\\/\\\/salonforall.it\\\/wp-content\\\/uploads\\\/2025\\\/12\\\/Syis-Heat-Bloom-\u2013-Maschera-Corpo-Riscaldante-500-Ml-1.jpg\",\"datePublished\":\"2025-12-03T20:42:18+00:00\",\"dateModified\":\"2026-05-14T02:20:15+00:00\",\"description\":\"Acquista Syis Heat Bloom \u2013 Maschera Corpo Riscaldante 500 Ml online o nello showroom da Salon For All Italia. Il grossista per saloni, studi e spa in Italia e Svizzera.\",\"breadcrumb\":{\"@id\":\"https:\\\/\\\/salonforall.it\\\/syis-heat-bloom-maschera-corpo-riscaldante-500-ml\\\/#breadcrumb\"},\"inLanguage\":\"en-GB\",\"potentialAction\":[{\"@type\":\"ReadAction\",\"target\":[\"https:\\\/\\\/salonforall.it\\\/syis-heat-bloom-maschera-corpo-riscaldante-500-ml\\\/\"]}]},{\"@type\":\"ImageObject\",\"inLanguage\":\"en-GB\",\"@id\":\"https:\\\/\\\/salonforall.it\\\/syis-heat-bloom-maschera-corpo-riscaldante-500-ml\\\/#primaryimage\",\"url\":\"https:\\\/\\\/salonforall.it\\\/wp-content\\\/uploads\\\/2025\\\/12\\\/Syis-Heat-Bloom-\u2013-Maschera-Corpo-Riscaldante-500-Ml-1.jpg\",\"contentUrl\":\"https:\\\/\\\/salonforall.it\\\/wp-content\\\/uploads\\\/2025\\\/12\\\/Syis-Heat-Bloom-\u2013-Maschera-Corpo-Riscaldante-500-Ml-1.jpg\",\"width\":1200,\"height\":1200,\"caption\":\"Syis Heat Bloom \u2013 Maschera Corpo Riscaldante 500 Ml\"},{\"@type\":\"BreadcrumbList\",\"@id\":\"https:\\\/\\\/salonforall.it\\\/syis-heat-bloom-maschera-corpo-riscaldante-500-ml\\\/#breadcrumb\",\"itemListElement\":[{\"@type\":\"ListItem\",\"position\":1,\"name\":\"Home\",\"item\":\"https:\\\/\\\/salonforall.it\\\/\"},{\"@type\":\"ListItem\",\"position\":2,\"name\":\"Winkel\",\"item\":\"https:\\\/\\\/salonforall.it\\\/winkel\\\/\"},{\"@type\":\"ListItem\",\"position\":3,\"name\":\"Syis Heat Bloom \u2013 Maschera Corpo Riscaldante 500 Ml\"}]},{\"@type\":\"WebSite\",\"@id\":\"https:\\\/\\\/salonforall.it\\\/#website\",\"url\":\"https:\\\/\\\/salonforall.it\\\/\",\"name\":\"Salon For All Italia\",\"description\":\"Grossista di mobili e forniture per studi medici e saloni\",\"publisher\":{\"@id\":\"https:\\\/\\\/salonforall.it\\\/#organization\"},\"potentialAction\":[{\"@type\":\"SearchAction\",\"target\":{\"@type\":\"EntryPoint\",\"urlTemplate\":\"https:\\\/\\\/salonforall.it\\\/?s={search_term_string}\"},\"query-input\":{\"@type\":\"PropertyValueSpecification\",\"valueRequired\":true,\"valueName\":\"search_term_string\"}}],\"inLanguage\":\"en-GB\"},{\"@type\":\"Organization\",\"@id\":\"https:\\\/\\\/salonforall.it\\\/#organization\",\"name\":\"Salon For All Italia\",\"url\":\"https:\\\/\\\/salonforall.it\\\/\",\"logo\":{\"@type\":\"ImageObject\",\"inLanguage\":\"en-GB\",\"@id\":\"https:\\\/\\\/salonforall.it\\\/#\\\/schema\\\/logo\\\/image\\\/\",\"url\":\"https:\\\/\\\/salonforall.it\\\/wp-content\\\/uploads\\\/2025\\\/11\\\/logo-salon-for-all-e1764543264615.png\",\"contentUrl\":\"https:\\\/\\\/salonforall.it\\\/wp-content\\\/uploads\\\/2025\\\/11\\\/logo-salon-for-all-e1764543264615.png\",\"width\":500,\"height\":150,\"caption\":\"Salon For All Italia\"},\"image\":{\"@id\":\"https:\\\/\\\/salonforall.it\\\/#\\\/schema\\\/logo\\\/image\\\/\"}}]}<\/script>\n<!-- \/ Yoast SEO plugin. -->","yoast_head_json":{"title":"Syis Heat Bloom \u2013 Maschera Corpo Riscaldante 500 Ml acquistare","description":"Acquista Syis Heat Bloom \u2013 Maschera Corpo Riscaldante 500 Ml online o nello showroom da Salon For All Italia. Il grossista per saloni, studi e spa in Italia e Svizzera.","robots":{"index":"index","follow":"follow","max-snippet":"max-snippet:-1","max-image-preview":"max-image-preview:large","max-video-preview":"max-video-preview:-1"},"canonical":"https:\/\/salonforall.it\/en\/syis-heat-bloom-maschera-corpo-riscaldante-500-ml\/","og_locale":"en_GB","og_type":"article","og_title":"Syis Heat Bloom \u2013 Maschera Corpo Riscaldante 500 Ml","og_description":"Acquista Syis Heat Bloom \u2013 Maschera Corpo Riscaldante 500 Ml online o nello showroom da Salon For All Italia. Il grossista per saloni, studi e spa in Italia e Svizzera.","og_url":"https:\/\/salonforall.it\/en\/syis-heat-bloom-maschera-corpo-riscaldante-500-ml\/","og_site_name":"Salon For All Italia","article_modified_time":"2026-05-14T02:20:15+00:00","og_image":[{"width":1200,"height":1200,"url":"https:\/\/salonforall.it\/wp-content\/uploads\/2025\/12\/Syis-Heat-Bloom-\u2013-Maschera-Corpo-Riscaldante-500-Ml-1.jpg","type":"image\/jpeg"}],"twitter_card":"summary_large_image","twitter_title":"Syis Heat Bloom \u2013 Maschera Corpo Riscaldante 500 Ml","twitter_misc":{"Estimated reading time":"8 minutes"},"schema":{"@context":"https:\/\/schema.org","@graph":[{"@type":"WebPage","@id":"https:\/\/salonforall.it\/syis-heat-bloom-maschera-corpo-riscaldante-500-ml\/","url":"https:\/\/salonforall.it\/syis-heat-bloom-maschera-corpo-riscaldante-500-ml\/","name":"Syis Heat Bloom \u2013 Maschera Corpo Riscaldante 500 Ml acquistare","isPartOf":{"@id":"https:\/\/salonforall.it\/#website"},"primaryImageOfPage":{"@id":"https:\/\/salonforall.it\/syis-heat-bloom-maschera-corpo-riscaldante-500-ml\/#primaryimage"},"image":{"@id":"https:\/\/salonforall.it\/syis-heat-bloom-maschera-corpo-riscaldante-500-ml\/#primaryimage"},"thumbnailUrl":"https:\/\/salonforall.it\/wp-content\/uploads\/2025\/12\/Syis-Heat-Bloom-\u2013-Maschera-Corpo-Riscaldante-500-Ml-1.jpg","datePublished":"2025-12-03T20:42:18+00:00","dateModified":"2026-05-14T02:20:15+00:00","description":"Acquista Syis Heat Bloom \u2013 Maschera Corpo Riscaldante 500 Ml online o nello showroom da Salon For All Italia. Il grossista per saloni, studi e spa in Italia e Svizzera.","breadcrumb":{"@id":"https:\/\/salonforall.it\/syis-heat-bloom-maschera-corpo-riscaldante-500-ml\/#breadcrumb"},"inLanguage":"en-GB","potentialAction":[{"@type":"ReadAction","target":["https:\/\/salonforall.it\/syis-heat-bloom-maschera-corpo-riscaldante-500-ml\/"]}]},{"@type":"ImageObject","inLanguage":"en-GB","@id":"https:\/\/salonforall.it\/syis-heat-bloom-maschera-corpo-riscaldante-500-ml\/#primaryimage","url":"https:\/\/salonforall.it\/wp-content\/uploads\/2025\/12\/Syis-Heat-Bloom-\u2013-Maschera-Corpo-Riscaldante-500-Ml-1.jpg","contentUrl":"https:\/\/salonforall.it\/wp-content\/uploads\/2025\/12\/Syis-Heat-Bloom-\u2013-Maschera-Corpo-Riscaldante-500-Ml-1.jpg","width":1200,"height":1200,"caption":"Syis Heat Bloom \u2013 Maschera Corpo Riscaldante 500 Ml"},{"@type":"BreadcrumbList","@id":"https:\/\/salonforall.it\/syis-heat-bloom-maschera-corpo-riscaldante-500-ml\/#breadcrumb","itemListElement":[{"@type":"ListItem","position":1,"name":"Home","item":"https:\/\/salonforall.it\/"},{"@type":"ListItem","position":2,"name":"Winkel","item":"https:\/\/salonforall.it\/winkel\/"},{"@type":"ListItem","position":3,"name":"Syis Heat Bloom \u2013 Maschera Corpo Riscaldante 500 Ml"}]},{"@type":"WebSite","@id":"https:\/\/salonforall.it\/#website","url":"https:\/\/salonforall.it\/","name":"Salon For All Italia","description":"Grossista di mobili e forniture per studi medici e saloni","publisher":{"@id":"https:\/\/salonforall.it\/#organization"},"potentialAction":[{"@type":"SearchAction","target":{"@type":"EntryPoint","urlTemplate":"https:\/\/salonforall.it\/?s={search_term_string}"},"query-input":{"@type":"PropertyValueSpecification","valueRequired":true,"valueName":"search_term_string"}}],"inLanguage":"en-GB"},{"@type":"Organization","@id":"https:\/\/salonforall.it\/#organization","name":"Salon For All Italia","url":"https:\/\/salonforall.it\/","logo":{"@type":"ImageObject","inLanguage":"en-GB","@id":"https:\/\/salonforall.it\/#\/schema\/logo\/image\/","url":"https:\/\/salonforall.it\/wp-content\/uploads\/2025\/11\/logo-salon-for-all-e1764543264615.png","contentUrl":"https:\/\/salonforall.it\/wp-content\/uploads\/2025\/11\/logo-salon-for-all-e1764543264615.png","width":500,"height":150,"caption":"Salon For All Italia"},"image":{"@id":"https:\/\/salonforall.it\/#\/schema\/logo\/image\/"}}]}},"_links":{"self":[{"href":"https:\/\/salonforall.it\/en\/wp-json\/wp\/v2\/product\/24079","targetHints":{"allow":["GET"]}}],"collection":[{"href":"https:\/\/salonforall.it\/en\/wp-json\/wp\/v2\/product"}],"about":[{"href":"https:\/\/salonforall.it\/en\/wp-json\/wp\/v2\/types\/product"}],"replies":[{"embeddable":true,"href":"https:\/\/salonforall.it\/en\/wp-json\/wp\/v2\/comments?post=24079"}],"wp:featuredmedia":[{"embeddable":true,"href":"https:\/\/salonforall.it\/en\/wp-json\/wp\/v2\/media\/24080"}],"wp:attachment":[{"href":"https:\/\/salonforall.it\/en\/wp-json\/wp\/v2\/media?parent=24079"}],"wp:term":[{"taxonomy":"product_brand","embeddable":true,"href":"https:\/\/salonforall.it\/en\/wp-json\/wp\/v2\/product_brand?post=24079"},{"taxonomy":"product_cat","embeddable":true,"href":"https:\/\/salonforall.it\/en\/wp-json\/wp\/v2\/product_cat?post=24079"},{"taxonomy":"product_tag","embeddable":true,"href":"https:\/\/salonforall.it\/en\/wp-json\/wp\/v2\/product_tag?post=24079"}],"curies":[{"name":"wp","href":"https:\/\/api.w.org\/{rel}","templated":true}]}}