{"id":24342,"date":"2025-12-03T20:45:36","date_gmt":"2025-12-03T20:45:36","guid":{"rendered":"https:\/\/salonforall.it\/lampada-per-manicure-glow-arche-ii-grigia\/"},"modified":"2026-05-07T02:20:33","modified_gmt":"2026-05-07T02:20:33","slug":"lampada-per-manicure-glow-arche-ii-grigia","status":"publish","type":"product","link":"https:\/\/salonforall.it\/en\/lampada-per-manicure-glow-arche-ii-grigia\/","title":{"rendered":"Lampada Per Manicure Glow Arche Ii Grigia"},"content":{"rendered":"<h2>Informazioni su Lampada Per Manicure Glow Arche Ii Grigia con codice articolo 154525<\/h2>\n<p>I prodotti del marchio <strong>GLOW<\/strong> sono un&#8217;illuminazione professionale che migliora l&#8217;efficacia dei servizi sia nei centri estetici che negli studi medici. Offre un&#8217;ampia selezione di lampade specialistiche, tra cui lampade UV\/LED e lampade per trattamenti, necessarie per un lavoro di precisione.<\/p>\n<p><img decoding=\"async\" src=\"https:\/\/activeshop.com.pl\/media\/wysiwyg\/product\/154525\/EN_154525_01.jpg\"><\/p>\n<h2><strong>Lampada da scrivania cosmetica senza ombre<\/strong><\/h2>\n<p><strong>La lampada per trattamenti Glow Arche II<\/strong>, con la sua esclusiva forma ad arco, offre un&#8217;eccellente illuminazione dell&#8217;area di trattamento durante i servizi che richiedono precisione, come lo styling delle unghie. Sar\u00e0 perfetta negli studi specialistici, dove la giusta luce influisce in modo significativo sulla qualit\u00e0 dei trattamenti eseguiti. Questo sar\u00e0 importante soprattutto durante i servizi di manicure, cos\u00ec come durante i trattamenti estetici, le extension ciglia, i tatuaggi o il trucco permanente. Sar\u00e0 utile anche per scattare foto o registrare video degli effetti dei servizi.<\/p>\n<p><img decoding=\"async\" src=\"https:\/\/activeshop.com.pl\/media\/wysiwyg\/product\/154525\/EN_154525_02.jpg\"><\/p>\n<h2><strong>Testa arcuata per una migliore illuminazione<\/strong><\/h2>\n<p>La forma distintiva della testa della lampada \u00e8 un design interessante che garantisce anche un&#8217;elevata funzionalit\u00e0. L&#8217;ampio profilo appositamente curvato, riempito con 582 diodi LED, fornisce un&#8217;illuminazione senza ombre dell&#8217;area di trattamento, garantendo un elevato comfort durante l&#8217;esecuzione dei servizi. \u00c8 perfetta anche per scattare foto degli effetti, esponendoli chiaramente. La superficie lattiginosa e traslucida del pannello diffonde bene la luce, quindi la lampada non abbaglia gli occhi. Parametri appropriati e la possibilit\u00e0 di regolare l&#8217;intensit\u00e0 luminosa garantiscono un&#8217;eccellente riproduzione dei colori visualizzati, evitando cos\u00ec che la lampada affatica la vista, anche durante un utilizzo prolungato.<\/p>\n<p><img decoding=\"async\" src=\"https:\/\/activeshop.com.pl\/media\/wysiwyg\/product\/154525\/EN_154525_03.jpg\"><\/p>\n<h2><strong>Facile regolazione dell&#8217;intensit\u00e0 luminosa<\/strong><\/h2>\n<p>L&#8217;intensit\u00e0 pu\u00f2 essere regolata in modo fluido tramite il telecomando posizionato sul cavo di alimentazione. La regolazione consente di garantire un&#8217;illuminazione precisa dell&#8217;area di trattamento in qualsiasi momento. Ci\u00f2 offre grandi opportunit\u00e0 di adattare l&#8217;illuminazione alle esigenze individuali e ai servizi eseguiti in un dato momento. Migliora cos\u00ec l&#8217;efficienza e la precisione del lavoro, senza aumentare l&#8217;affaticamento degli occhi.<\/p>\n<p><img decoding=\"async\" src=\"https:\/\/activeshop.com.pl\/media\/wysiwyg\/product\/154525\/EN_154525_04.jpg\"><\/p>\n<h2><strong>Funzionalit\u00e0 e aspetto originale<\/strong><\/h2>\n<p>La forma semplice e il design unico e minimalista in una classica tonalit\u00e0 di grigio rendono la lampada Glow Arche II un elemento di spicco in qualsiasi ambiente. L&#8217;aspetto e la forma specifici le conferiscono un carattere non convenzionale e la possibilit\u00e0 di regolare l&#8217;intensit\u00e0 luminosa rende il lavoro pi\u00f9 efficiente. Le basi stabili con superficie antiscivolo consentono un posizionamento comodo e stabile dell&#8217;illuminazione sulla postazione di lavoro. I componenti in plastica e metallo utilizzati rendono il dispositivo durevole e facile da pulire.<\/p>\n<div class=\"video-container\"><iframe loading=\"lazy\" src=\"https:\/\/www.youtube.com\/embed\/ioqA2wm8b5c\" width=\"560\" height=\"315\" frameborder=\"0\" allowfullscreen=\"allowfullscreen\"><\/iframe><\/div>\n<p>Le dimensioni dettagliate sono riportate nella foto.<br \/><strong>Incluso:<\/strong> lampada, due elementi della base, alimentatore, manuale, kit di montaggio, guanti.<\/p>\n<p><strong>Dati:<\/strong><br \/>Colore: sfumature di grigio<br \/>Numero di LED: 582<br \/>Colore della luce: 6000 K<br \/>Durata: \u2265 50000 h<br \/>Potenza: 40 W<br \/>Tensione di ingresso: 220-240 V<br \/>Alimentazione: 24 V \/ 4 A<br \/>Garanzia: 12 mesi<\/p>\n<p>I prodotti Activeshop sono proporzionalmente pi\u00f9 economici di molti altri marchi\/fornitori. Il prezzo \u00e8 proporzionato alla qualit\u00e0. Lampada Per Manicure Glow Arche Ii Grigia \u00e8 quindi una soluzione accessibile per il tuo salone.<\/p>\n<h2>Come viene consegnato Lampada Per Manicure Glow Arche Ii Grigia?<\/h2>\n<p>Lampada Per Manicure Glow Arche Ii Grigia viene consegnato nella confezione originale. In Italia la spedizione di Lampada Per Manicure Glow Arche Ii Grigia \u00e8 completamente gratuita per ordini a partire da 100,- euro. Per spedizioni verso altri paesi si applicano tariffe di spedizione separate. Puoi richiedere queste tariffe o trovarle nel carrello. Lampada Per Manicure Glow Arche Ii Grigia viene spedito tramite un corriere esterno.<\/p>\n<p>I pacchi o i pallet vengono consegnati di serie fino alla soglia della porta d&#8217;ingresso, anche se ti trovi in un edificio collettivo, condominio o complesso residenziale con ascensore (a condizione che l&#8217;articolo entri nell&#8217;ascensore). Non c&#8217;\u00e8 un ascensore o l&#8217;articolo non entra nell&#8217;ascensore? Allora consegniamo fino alla soglia del piano terra.<\/p>\n<p>Hai ancora domande sulla consegna o una situazione particolare? Contattaci e saremo lieti di aiutarti!<\/p>\n<p>*Gli articoli non vengono disimballati o montati di serie. In situazioni particolari puoi contattarci per fare accordi in merito.<\/p>\n<h2>Acquisti online sicuri su Salon For All con il marchio di qualit\u00e0 Webwinkelkeur e crittografia SSL<\/h2>\n<p>\u00c8 importante per noi che i nostri clienti possano fare acquisti online in sicurezza. Siamo affiliati al marchio di qualit\u00e0 nazionale Webwinkelkeur dal 2019. La nostra identit\u00e0 \u00e8 stata controllata e verificata da loro e il negozio online \u00e8 stato controllato e approvato legalmente. Inoltre, il nostro negozio online \u00e8 affiliato a loro per la mediazione delle controversie. Puoi vedere il badge con tutte le informazioni di questo marchio di qualit\u00e0 del negozio online sul lato sinistro o destro del negozio online (pulsante rosa con bianco). Inoltre, il nostro sito \u00e8 protetto con un certificato SSL in modo da poter navigare in sicurezza. Nella barra del tuo browser Internet, dove \u00e8 indicato il nostro sito web, vedrai un&#8217;icona a forma di lucchetto. Se clicchi sul lucchetto, otterrai tutte le informazioni sulla nostra sicurezza. In questo modo sai che il tuo ordine di Lampada Per Manicure Glow Arche Ii Grigia e i tuoi dati personali vengono elaborati in modo sicuro.<\/p>\n<h2>Come posso pagare Lampada Per Manicure Glow Arche Ii Grigia?<\/h2>\n<p>Vogliamo renderti le cose il pi\u00f9 semplici possibile. Ecco perch\u00e9 su Salon For All puoi pagare con tutti i metodi di pagamento noti e comuni. Pagare in anticipo, alla consegna o in seguito; tutto \u00e8 possibile. Vedi qui tutti i metodi di pagamento che offriamo:<\/p>\n<ul>\n<li>iDEAL<\/li>\n<li>Carta di credito (Visa, Mastercard, American Express)<\/li>\n<li>Klarna &#8211; Pagamento posticipato con fattura<\/li>\n<li>PayPal<\/li>\n<li>Apple Pay<\/li>\n<li>Google Pay<\/li>\n<li>Bancontact<\/li>\n<li>Bonifico bancario SEPA<\/li>\n<li>MyBank (per clienti italiani)<\/li>\n<li>Fattura aziendale per imprese<\/li>\n<li>Pagamento nello showroom &#8211; Sia carta che contanti (Disponibile solo per il ritiro)<\/li>\n<\/ul>\n<h2>Consulta anche le recensioni di Salon For All<\/h2>\n<p>Consulta anche le nostre recensioni per tenere conto delle esperienze dei nostri clienti attuali nella tua decisione di ordinare Lampada Per Manicure Glow Arche Ii Grigia da noi. Attraverso il nostro marchio di qualit\u00e0 indipendente del negozio online Webwinkelkeur, vengono raccolte automaticamente recensioni verificate di clienti che hanno completato un ordine con noi. Puoi trovarle dietro il pulsante rosa sul nostro negozio online o sono elencate sotto i prodotti.<\/p>\n<p>Condividi anche la tua esperienza dopo il tuo acquisto con il tuo Lampada Per Manicure Glow Arche Ii Grigia ordinato e la tua esperienza con il processo di acquisto o il contatto con Salon For All per ispirare gli altri!<\/p>\n<h2>Contatto con Salon For All<\/h2>\n<p>Contattaci allora. Saremo lieti di aiutarti con l&#8217;acquisto di Lampada Per Manicure Glow Arche Ii Grigia. Nei giorni feriali siamo raggiungibili al meglio tra le 8.30 e le 17.00 tramite il numero di telefono e l&#8217;indirizzo e-mail nella parte superiore del negozio online o tramite la funzione chat. Le domande al di fuori dell&#8217;orario d&#8217;ufficio vengono generalmente risposte entro 24 ore. \u00c8 anche possibile venirci a trovare al di fuori dei giorni feriali o dell&#8217;orario d&#8217;ufficio. Ma per questo \u00e8 necessario prendere un appuntamento in anticipo.<\/p>\n<h2>Vuoi venire nel nostro showroom?<\/h2>\n<p>Preferisci vedere Lampada Per Manicure Glow Arche Ii Grigia o esplorare la nostra offerta del negozio (online) insieme al nostro collega? Allora vieni nel nostro showroom con oltre 1000m\u00b2 di arredamento per saloni e lasciati ispirare dai nostri dipendenti. Anche se ti piace fare conoscenza in modo piacevole gustando una buona tazza di caff\u00e8 o t\u00e8, sei il benvenuto. Non abbiamo tutti i prodotti disponibili, quindi faccici sapere in anticipo che vuoi venire. Prendi sempre un appuntamento in anticipo.<\/p>\n<h2>14 giorni di riflessione e la nostra politica di reso<\/h2>\n<p>Naturalmente pu\u00f2 succedere che Lampada Per Manicure Glow Arche Ii Grigia consegnato non sia completamente di tuo gradimento e tu voglia restituirlo. Questo non \u00e8 assolutamente un problema con Salon For All. Devi segnalare il tuo reso entro 14 giorni lavorativi tramite <a href=\"mailto:info@salonforall.com\">info@salonforall.it<\/a>. Riceverai quindi prima tutte le istruzioni e condizioni di reso. Si prega di notare che Lampada Per Manicure Glow Arche Ii Grigia non deve essere stato utilizzato, deve contenere tutte le parti fornite e deve essere restituito imballato nella confezione originale. I costi di spedizione per un reso sono sempre a carico dell&#8217;acquirente per gli acquisti tramite www.salonforall.it. Devi organizzare tu stesso un trasporto presso un corriere di tua scelta per un reso. Una volta che Lampada Per Manicure Glow Arche Ii Grigia \u00e8 stato restituito, verr\u00e0 controllato per completezza e danni. Una volta che il reso \u00e8 stato approvato, l&#8217;importo di acquisto verr\u00e0 rimborsato entro 5 giorni lavorativi sul conto bancario da noi conosciuto.<\/p>\n<h2>Chi \u00e8 Salon For All?<\/h2>\n<p>Salon For All \u00e8 IL grossista per ogni arredamento di saloni in Europa. Salon For All \u00e8 iniziato nel 2003 con il nome Salonvoordeel ed \u00e8 nato dalla pratica. I proprietari di Salon For All erano parrucchieri e specialisti della bellezza esperti e hanno insieme oltre 30 anni di esperienza pratica. Nel 2003 abbiamo lanciato Salonvoordeel.nl (Paesi Bassi) e successivamente \u00e8 stato fondato Salon For All per il mercato europeo. Alcuni dei nostri dipendenti hanno avviato una propria attivit\u00e0 e cos\u00ec \u00e8 nata l&#8217;idea di avviare un negozio online funzionale per parrucchieri e aiutarli con l&#8217;arredamento del loro salone.<\/p>\n<p>Il nostro showroom si trova a Dinxperlo, direttamente al confine tra i Paesi Bassi e la Germania. Con la nostra pluriennale esperienza nel settore possiamo farti da specchio e fornirti la giusta consulenza. Parliamo la stessa lingua! Ti consigliamo, ispiriamo, motiviamo e ti aiutiamo nell&#8217;acquisto di Lampada Per Manicure Glow Arche Ii Grigia. I nostri fornitori si trovano in tutta Europa, dalla Germania, Inghilterra, Italia fino alla Polonia.<\/p>","protected":false},"excerpt":{"rendered":"<p>Il prodotto Lampada Per Manicure Glow Arche Ii Grigia \u00e8 una soluzione conveniente per qualsiasi salone o studio professionale. Il tempo di consegna previsto \u00e8 di circa 6 giorni lavorativi.<\/p>","protected":false},"featured_media":24343,"comment_status":"open","ping_status":"open","template":"","meta":[],"product_brand":[642],"product_cat":[743,623],"product_tag":[744,625],"class_list":{"0":"post-24342","1":"product","2":"type-product","3":"status-publish","4":"has-post-thumbnail","6":"product_brand-glow","7":"product_cat-lampade-da-scrivania","8":"product_cat-unghie","9":"product_tag-lampade-da-scrivania","10":"product_tag-unghie","11":"pa_codice-ean-7631","12":"pa_garanzia-12-mesi","13":"pa_marca-glow","14":"pa_numero-dellarticolo-7630","15":"pa_tempo-di-consegna-stimato-3-4-giorni-lavorativi","17":"first","18":"instock","19":"sale","20":"taxable","21":"shipping-taxable","22":"purchasable","23":"product-type-simple"},"yoast_head":"<!-- This site is optimized with the Yoast SEO plugin v27.5 - https:\/\/yoast.com\/product\/yoast-seo-wordpress\/ -->\n<title>Lampada Per Manicure Glow Arche Ii Grigia acquistare<\/title>\n<meta name=\"description\" content=\"Acquista Lampada Per Manicure Glow Arche Ii Grigia online o nello showroom da Salon For All Italia. Il grossista per saloni, studi e spa in Italia e Svizzera.\" \/>\n<meta name=\"robots\" content=\"index, follow, max-snippet:-1, max-image-preview:large, max-video-preview:-1\" \/>\n<link rel=\"canonical\" href=\"https:\/\/salonforall.it\/en\/lampada-per-manicure-glow-arche-ii-grigia\/\" \/>\n<meta property=\"og:locale\" content=\"en_GB\" \/>\n<meta property=\"og:type\" content=\"article\" \/>\n<meta property=\"og:title\" content=\"Lampada Per Manicure Glow Arche Ii Grigia\" \/>\n<meta property=\"og:description\" content=\"Acquista Lampada Per Manicure Glow Arche Ii Grigia online o nello showroom da Salon For All Italia. Il grossista per saloni, studi e spa in Italia e Svizzera.\" \/>\n<meta property=\"og:url\" content=\"https:\/\/salonforall.it\/en\/lampada-per-manicure-glow-arche-ii-grigia\/\" \/>\n<meta property=\"og:site_name\" content=\"Salon For All Italia\" \/>\n<meta property=\"article:modified_time\" content=\"2026-05-07T02:20:33+00:00\" \/>\n<meta property=\"og:image\" content=\"https:\/\/salonforall.it\/wp-content\/uploads\/2025\/12\/Lampada-Per-Manicure-Glow-Arche-Ii-Grigia-1.jpg\" \/>\n\t<meta property=\"og:image:width\" content=\"1200\" \/>\n\t<meta property=\"og:image:height\" content=\"1200\" \/>\n\t<meta property=\"og:image:type\" content=\"image\/jpeg\" \/>\n<meta name=\"twitter:card\" content=\"summary_large_image\" \/>\n<meta name=\"twitter:title\" content=\"Lampada Per Manicure Glow Arche Ii Grigia\" \/>\n<meta name=\"twitter:label1\" content=\"Estimated reading time\" \/>\n\t<meta name=\"twitter:data1\" content=\"8 minutes\" \/>\n<script type=\"application\/ld+json\" class=\"yoast-schema-graph\">{\"@context\":\"https:\\\/\\\/schema.org\",\"@graph\":[{\"@type\":\"WebPage\",\"@id\":\"https:\\\/\\\/salonforall.it\\\/lampada-per-manicure-glow-arche-ii-grigia\\\/\",\"url\":\"https:\\\/\\\/salonforall.it\\\/lampada-per-manicure-glow-arche-ii-grigia\\\/\",\"name\":\"Lampada Per Manicure Glow Arche Ii Grigia acquistare\",\"isPartOf\":{\"@id\":\"https:\\\/\\\/salonforall.it\\\/#website\"},\"primaryImageOfPage\":{\"@id\":\"https:\\\/\\\/salonforall.it\\\/lampada-per-manicure-glow-arche-ii-grigia\\\/#primaryimage\"},\"image\":{\"@id\":\"https:\\\/\\\/salonforall.it\\\/lampada-per-manicure-glow-arche-ii-grigia\\\/#primaryimage\"},\"thumbnailUrl\":\"https:\\\/\\\/salonforall.it\\\/wp-content\\\/uploads\\\/2025\\\/12\\\/Lampada-Per-Manicure-Glow-Arche-Ii-Grigia-1.jpg\",\"datePublished\":\"2025-12-03T20:45:36+00:00\",\"dateModified\":\"2026-05-07T02:20:33+00:00\",\"description\":\"Acquista Lampada Per Manicure Glow Arche Ii Grigia online o nello showroom da Salon For All Italia. Il grossista per saloni, studi e spa in Italia e Svizzera.\",\"breadcrumb\":{\"@id\":\"https:\\\/\\\/salonforall.it\\\/lampada-per-manicure-glow-arche-ii-grigia\\\/#breadcrumb\"},\"inLanguage\":\"en-GB\",\"potentialAction\":[{\"@type\":\"ReadAction\",\"target\":[\"https:\\\/\\\/salonforall.it\\\/lampada-per-manicure-glow-arche-ii-grigia\\\/\"]}]},{\"@type\":\"ImageObject\",\"inLanguage\":\"en-GB\",\"@id\":\"https:\\\/\\\/salonforall.it\\\/lampada-per-manicure-glow-arche-ii-grigia\\\/#primaryimage\",\"url\":\"https:\\\/\\\/salonforall.it\\\/wp-content\\\/uploads\\\/2025\\\/12\\\/Lampada-Per-Manicure-Glow-Arche-Ii-Grigia-1.jpg\",\"contentUrl\":\"https:\\\/\\\/salonforall.it\\\/wp-content\\\/uploads\\\/2025\\\/12\\\/Lampada-Per-Manicure-Glow-Arche-Ii-Grigia-1.jpg\",\"width\":1200,\"height\":1200,\"caption\":\"Lampada Per Manicure Glow Arche Ii Grigia\"},{\"@type\":\"BreadcrumbList\",\"@id\":\"https:\\\/\\\/salonforall.it\\\/lampada-per-manicure-glow-arche-ii-grigia\\\/#breadcrumb\",\"itemListElement\":[{\"@type\":\"ListItem\",\"position\":1,\"name\":\"Home\",\"item\":\"https:\\\/\\\/salonforall.it\\\/\"},{\"@type\":\"ListItem\",\"position\":2,\"name\":\"Winkel\",\"item\":\"https:\\\/\\\/salonforall.it\\\/winkel\\\/\"},{\"@type\":\"ListItem\",\"position\":3,\"name\":\"Lampada Per Manicure Glow Arche Ii Grigia\"}]},{\"@type\":\"WebSite\",\"@id\":\"https:\\\/\\\/salonforall.it\\\/#website\",\"url\":\"https:\\\/\\\/salonforall.it\\\/\",\"name\":\"Salon For All Italia\",\"description\":\"Grossista di mobili e forniture per studi medici e saloni\",\"publisher\":{\"@id\":\"https:\\\/\\\/salonforall.it\\\/#organization\"},\"potentialAction\":[{\"@type\":\"SearchAction\",\"target\":{\"@type\":\"EntryPoint\",\"urlTemplate\":\"https:\\\/\\\/salonforall.it\\\/?s={search_term_string}\"},\"query-input\":{\"@type\":\"PropertyValueSpecification\",\"valueRequired\":true,\"valueName\":\"search_term_string\"}}],\"inLanguage\":\"en-GB\"},{\"@type\":\"Organization\",\"@id\":\"https:\\\/\\\/salonforall.it\\\/#organization\",\"name\":\"Salon For All Italia\",\"url\":\"https:\\\/\\\/salonforall.it\\\/\",\"logo\":{\"@type\":\"ImageObject\",\"inLanguage\":\"en-GB\",\"@id\":\"https:\\\/\\\/salonforall.it\\\/#\\\/schema\\\/logo\\\/image\\\/\",\"url\":\"https:\\\/\\\/salonforall.it\\\/wp-content\\\/uploads\\\/2025\\\/11\\\/logo-salon-for-all-e1764543264615.png\",\"contentUrl\":\"https:\\\/\\\/salonforall.it\\\/wp-content\\\/uploads\\\/2025\\\/11\\\/logo-salon-for-all-e1764543264615.png\",\"width\":500,\"height\":150,\"caption\":\"Salon For All Italia\"},\"image\":{\"@id\":\"https:\\\/\\\/salonforall.it\\\/#\\\/schema\\\/logo\\\/image\\\/\"}}]}<\/script>\n<!-- \/ Yoast SEO plugin. -->","yoast_head_json":{"title":"Lampada Per Manicure Glow Arche Ii Grigia acquistare","description":"Acquista Lampada Per Manicure Glow Arche Ii Grigia online o nello showroom da Salon For All Italia. Il grossista per saloni, studi e spa in Italia e Svizzera.","robots":{"index":"index","follow":"follow","max-snippet":"max-snippet:-1","max-image-preview":"max-image-preview:large","max-video-preview":"max-video-preview:-1"},"canonical":"https:\/\/salonforall.it\/en\/lampada-per-manicure-glow-arche-ii-grigia\/","og_locale":"en_GB","og_type":"article","og_title":"Lampada Per Manicure Glow Arche Ii Grigia","og_description":"Acquista Lampada Per Manicure Glow Arche Ii Grigia online o nello showroom da Salon For All Italia. Il grossista per saloni, studi e spa in Italia e Svizzera.","og_url":"https:\/\/salonforall.it\/en\/lampada-per-manicure-glow-arche-ii-grigia\/","og_site_name":"Salon For All Italia","article_modified_time":"2026-05-07T02:20:33+00:00","og_image":[{"width":1200,"height":1200,"url":"https:\/\/salonforall.it\/wp-content\/uploads\/2025\/12\/Lampada-Per-Manicure-Glow-Arche-Ii-Grigia-1.jpg","type":"image\/jpeg"}],"twitter_card":"summary_large_image","twitter_title":"Lampada Per Manicure Glow Arche Ii Grigia","twitter_misc":{"Estimated reading time":"8 minutes"},"schema":{"@context":"https:\/\/schema.org","@graph":[{"@type":"WebPage","@id":"https:\/\/salonforall.it\/lampada-per-manicure-glow-arche-ii-grigia\/","url":"https:\/\/salonforall.it\/lampada-per-manicure-glow-arche-ii-grigia\/","name":"Lampada Per Manicure Glow Arche Ii Grigia acquistare","isPartOf":{"@id":"https:\/\/salonforall.it\/#website"},"primaryImageOfPage":{"@id":"https:\/\/salonforall.it\/lampada-per-manicure-glow-arche-ii-grigia\/#primaryimage"},"image":{"@id":"https:\/\/salonforall.it\/lampada-per-manicure-glow-arche-ii-grigia\/#primaryimage"},"thumbnailUrl":"https:\/\/salonforall.it\/wp-content\/uploads\/2025\/12\/Lampada-Per-Manicure-Glow-Arche-Ii-Grigia-1.jpg","datePublished":"2025-12-03T20:45:36+00:00","dateModified":"2026-05-07T02:20:33+00:00","description":"Acquista Lampada Per Manicure Glow Arche Ii Grigia online o nello showroom da Salon For All Italia. Il grossista per saloni, studi e spa in Italia e Svizzera.","breadcrumb":{"@id":"https:\/\/salonforall.it\/lampada-per-manicure-glow-arche-ii-grigia\/#breadcrumb"},"inLanguage":"en-GB","potentialAction":[{"@type":"ReadAction","target":["https:\/\/salonforall.it\/lampada-per-manicure-glow-arche-ii-grigia\/"]}]},{"@type":"ImageObject","inLanguage":"en-GB","@id":"https:\/\/salonforall.it\/lampada-per-manicure-glow-arche-ii-grigia\/#primaryimage","url":"https:\/\/salonforall.it\/wp-content\/uploads\/2025\/12\/Lampada-Per-Manicure-Glow-Arche-Ii-Grigia-1.jpg","contentUrl":"https:\/\/salonforall.it\/wp-content\/uploads\/2025\/12\/Lampada-Per-Manicure-Glow-Arche-Ii-Grigia-1.jpg","width":1200,"height":1200,"caption":"Lampada Per Manicure Glow Arche Ii Grigia"},{"@type":"BreadcrumbList","@id":"https:\/\/salonforall.it\/lampada-per-manicure-glow-arche-ii-grigia\/#breadcrumb","itemListElement":[{"@type":"ListItem","position":1,"name":"Home","item":"https:\/\/salonforall.it\/"},{"@type":"ListItem","position":2,"name":"Winkel","item":"https:\/\/salonforall.it\/winkel\/"},{"@type":"ListItem","position":3,"name":"Lampada Per Manicure Glow Arche Ii Grigia"}]},{"@type":"WebSite","@id":"https:\/\/salonforall.it\/#website","url":"https:\/\/salonforall.it\/","name":"Salon For All Italia","description":"Grossista di mobili e forniture per studi medici e saloni","publisher":{"@id":"https:\/\/salonforall.it\/#organization"},"potentialAction":[{"@type":"SearchAction","target":{"@type":"EntryPoint","urlTemplate":"https:\/\/salonforall.it\/?s={search_term_string}"},"query-input":{"@type":"PropertyValueSpecification","valueRequired":true,"valueName":"search_term_string"}}],"inLanguage":"en-GB"},{"@type":"Organization","@id":"https:\/\/salonforall.it\/#organization","name":"Salon For All Italia","url":"https:\/\/salonforall.it\/","logo":{"@type":"ImageObject","inLanguage":"en-GB","@id":"https:\/\/salonforall.it\/#\/schema\/logo\/image\/","url":"https:\/\/salonforall.it\/wp-content\/uploads\/2025\/11\/logo-salon-for-all-e1764543264615.png","contentUrl":"https:\/\/salonforall.it\/wp-content\/uploads\/2025\/11\/logo-salon-for-all-e1764543264615.png","width":500,"height":150,"caption":"Salon For All Italia"},"image":{"@id":"https:\/\/salonforall.it\/#\/schema\/logo\/image\/"}}]}},"_links":{"self":[{"href":"https:\/\/salonforall.it\/en\/wp-json\/wp\/v2\/product\/24342","targetHints":{"allow":["GET"]}}],"collection":[{"href":"https:\/\/salonforall.it\/en\/wp-json\/wp\/v2\/product"}],"about":[{"href":"https:\/\/salonforall.it\/en\/wp-json\/wp\/v2\/types\/product"}],"replies":[{"embeddable":true,"href":"https:\/\/salonforall.it\/en\/wp-json\/wp\/v2\/comments?post=24342"}],"wp:featuredmedia":[{"embeddable":true,"href":"https:\/\/salonforall.it\/en\/wp-json\/wp\/v2\/media\/24343"}],"wp:attachment":[{"href":"https:\/\/salonforall.it\/en\/wp-json\/wp\/v2\/media?parent=24342"}],"wp:term":[{"taxonomy":"product_brand","embeddable":true,"href":"https:\/\/salonforall.it\/en\/wp-json\/wp\/v2\/product_brand?post=24342"},{"taxonomy":"product_cat","embeddable":true,"href":"https:\/\/salonforall.it\/en\/wp-json\/wp\/v2\/product_cat?post=24342"},{"taxonomy":"product_tag","embeddable":true,"href":"https:\/\/salonforall.it\/en\/wp-json\/wp\/v2\/product_tag?post=24342"}],"curies":[{"name":"wp","href":"https:\/\/api.w.org\/{rel}","templated":true}]}}