{"id":4781,"date":"2025-12-03T09:26:07","date_gmt":"2025-12-03T09:26:07","guid":{"rendered":"https:\/\/salonforall.it\/fresa-per-unghie-con-assorbitore-exo-podo-line\/"},"modified":"2026-05-14T02:01:25","modified_gmt":"2026-05-14T02:01:25","slug":"fresa-per-unghie-con-assorbitore-exo-podo-line","status":"publish","type":"product","link":"https:\/\/salonforall.it\/en\/fresa-per-unghie-con-assorbitore-exo-podo-line\/","title":{"rendered":"Fresa Per Unghie Con Assorbitore Exo Podo Line"},"content":{"rendered":"<h2>Informazioni su Fresa Per Unghie Con Assorbitore Exo Podo Line con codice articolo 108398<\/h2>\n<h2><strong>Qualit\u00e0 che ispira<\/strong><\/h2>\n<p><strong>EXO<\/strong> \u00e8 un nuovo marchio sul mercato che fornisce prodotti di altissima qualit\u00e0 per il settore della cosmetologia e della podologia. Si caratterizza per la cura eccezionale dei suoi prodotti e la costante attenzione alle esigenze dei clienti.<\/p>\n<p><img decoding=\"async\" src=\"https:\/\/activeshop.com.pl\/media\/wysiwyg\/product\/108398\/EN_108398_1.jpg\"><\/p>\n<p>&nbsp;<\/p>\n<h2><strong>Efficiente e sicuro<\/strong><\/h2>\n<p>Un importante vantaggio di questo trapano per unghie \u00e8 la sua <strong>potenza di 50 W<\/strong>, che consente di lavorare con il manipolo <strong>fino a 30.000 giri al minuto.<\/strong> La turbina di aspirazione ha una potenza di ben <strong>300 W<\/strong> e consente un efficace assorbimento di tutta la polvere e dei residui. Questo rende il trattamento il pi\u00f9 igienico e sicuro possibile, sia per te che per il cliente. Il prodotto \u00e8 stato <strong>fabbricato in Germania<\/strong>, garantendo la massima qualit\u00e0 e precisione. <\/p>\n<p><img decoding=\"async\" src=\"https:\/\/activeshop.com.pl\/media\/wysiwyg\/product\/108398\/EN_108398_2.jpg\"><\/p>\n<h2><strong>Progettato per soddisfare il suo scopo<\/strong><\/h2>\n<p><strong>Il trapano per unghie EXO Podo Line<\/strong>, costruito in conformit\u00e0 alla Direttiva 93\/42\/CEE sui dispositivi medici, \u00e8 un dispositivo che garantisce qualit\u00e0 e sicurezza. Destinato a trattamenti di pedicure professionale e al trattamento di patologie ai piedi. Consigliato per podologi o pedicure qualificati.<\/p>\n<p><img decoding=\"async\" src=\"https:\/\/activeshop.com.pl\/media\/wysiwyg\/product\/108398\/EN_108398_3.jpg\"><\/p>\n<p>&nbsp;<\/p>\n<h2><strong>Semplicit\u00e0 d&#8217;uso<\/strong><\/h2>\n<p>La centralina del trapano per unghie contiene una manopola per regolare la velocit\u00e0 di rotazione del manipolo e una manopola per impostare l&#8217;intensit\u00e0 dell&#8217;assorbitore. \u00c8 possibile cambiare facilmente il senso di rotazione e accendere\/spegnere il dispositivo. Un componente importante \u00e8 un display digitale che mostra senza errori la velocit\u00e0 di rotazione impostata e il grado di riempimento del filtro. Per garantire la massima durata del trapano per unghie, \u00e8 necessario utilizzare filtri sostituibili (disponibili nel nostro negozio).<\/p>\n<p><img decoding=\"async\" src=\"https:\/\/activeshop.com.pl\/media\/wysiwyg\/product\/108398\/EN_108398_4.jpg\"><\/p>\n<p><strong>Nota:<\/strong> affinch\u00e9 il sistema di aspirazione della polvere funzioni correttamente, \u00e8 importante utilizzare punte e accessori che non ostruiscano il flusso d&#8217;aria nella testina. L&#8217;utilizzo di punte a superficie intera (ad esempio dischi senza fori di ventilazione) pu\u00f2 ridurre l&#8217;efficacia dell&#8217;assorbitore e causare il surriscaldamento del dispositivo.<\/p>\n<h2><strong>Specifiche:<\/strong><\/h2>\n<ul>\n<li>Il dispositivo \u00e8 perfetto per la pedicure e il trattamento di disturbi ai piedi.<\/li>\n<li>Sviluppato in conformit\u00e0 con la Direttiva 93\/42\/CEE sui dispositivi medici.<\/li>\n<li>Garanzia di qualit\u00e0 e sicurezza.<\/li>\n<li>Manipolo con micromotore con una velocit\u00e0 fino a 30.000 giri\/min.<\/strong><\/li>\n<li>Rotazione sinistra\/destra<\/li>\n<li>Efficace assorbitore di polvere<\/li>\n<li>Sistema di controllo del filtro<\/li>\n<li>Sul retro del trapano per unghie \u00e8 presente una porta per il collegamento del pedale (non incluso nel set, disponibile nel nostro negozio).<\/li>\n<li>Garanzia di 12 mesi<\/li>\n<li>Il set include: una scatola di controllo, un manipolo con micromotore (collegato tramite tubo flessibile), impugnatura del manipolo, fresa per la pulizia del manipolo.<\/li>\n<\/ul>\n<h2><strong>Dati tecnici:<\/strong><\/h2>\n<p>Tensione: 230 V \/ 50 Hz<br \/>Turbina di aspirazione: <strong>300 W<\/strong><br \/>Micromotore: <strong>50 W<\/strong> \/ 5,86 Nm \/ <strong>30.000 giri\/min<\/strong><br \/>Peso: 4,0 kg (set)<br \/>Fusibile: T3,15 A<br \/>Classe di isolamento: 2, tipo B<br \/>Intensit\u00e0 del rumore 56,3 dB-65,3 dB<\/p>\n<p>&nbsp;<\/p>\n<div class=\"video-container\"> <iframe height=\"315\" src=\"https:\/\/www.youtube.com\/embed\/uoPXCT172po\" frameborder=\"0\" width=\"560\" allowfullscreen allow=\"accelerometro; riproduzione automatica; media crittografati; giroscopio; immagine nell'immagine\"> <\/iframe> <\/div>\n<p>I prodotti Activeshop sono proporzionalmente pi\u00f9 economici di molti altri marchi\/fornitori. Il prezzo \u00e8 proporzionato alla qualit\u00e0. Fresa Per Unghie Con Assorbitore Exo Podo Line \u00e8 quindi una soluzione accessibile per il tuo salone.<\/p>\n<h2>Come viene consegnato Fresa Per Unghie Con Assorbitore Exo Podo Line?<\/h2>\n<p>Fresa Per Unghie Con Assorbitore Exo Podo Line viene consegnato nella confezione originale. In Italia la spedizione di Fresa Per Unghie Con Assorbitore Exo Podo Line \u00e8 completamente gratuita per ordini a partire da 100,- euro. Per spedizioni verso altri paesi si applicano tariffe di spedizione separate. Puoi richiedere queste tariffe o trovarle nel carrello. Fresa Per Unghie Con Assorbitore Exo Podo Line viene spedito tramite un corriere esterno.<\/p>\n<p>I pacchi o i pallet vengono consegnati di serie fino alla soglia della porta d&#8217;ingresso, anche se ti trovi in un edificio collettivo, condominio o complesso residenziale con ascensore (a condizione che l&#8217;articolo entri nell&#8217;ascensore). Non c&#8217;\u00e8 un ascensore o l&#8217;articolo non entra nell&#8217;ascensore? Allora consegniamo fino alla soglia del piano terra.<\/p>\n<p>Hai ancora domande sulla consegna o una situazione particolare? Contattaci e saremo lieti di aiutarti!<\/p>\n<p>*Gli articoli non vengono disimballati o montati di serie. In situazioni particolari puoi contattarci per fare accordi in merito.<\/p>\n<h2>Acquisti online sicuri su Salon For All con il marchio di qualit\u00e0 Webwinkelkeur e crittografia SSL<\/h2>\n<p>\u00c8 importante per noi che i nostri clienti possano fare acquisti online in sicurezza. Siamo affiliati al marchio di qualit\u00e0 nazionale Webwinkelkeur dal 2019. La nostra identit\u00e0 \u00e8 stata controllata e verificata da loro e il negozio online \u00e8 stato controllato e approvato legalmente. Inoltre, il nostro negozio online \u00e8 affiliato a loro per la mediazione delle controversie. Puoi vedere il badge con tutte le informazioni di questo marchio di qualit\u00e0 del negozio online sul lato sinistro o destro del negozio online (pulsante rosa con bianco). Inoltre, il nostro sito \u00e8 protetto con un certificato SSL in modo da poter navigare in sicurezza. Nella barra del tuo browser Internet, dove \u00e8 indicato il nostro sito web, vedrai un&#8217;icona a forma di lucchetto. Se clicchi sul lucchetto, otterrai tutte le informazioni sulla nostra sicurezza. In questo modo sai che il tuo ordine di Fresa Per Unghie Con Assorbitore Exo Podo Line e i tuoi dati personali vengono elaborati in modo sicuro.<\/p>\n<h2>Come posso pagare Fresa Per Unghie Con Assorbitore Exo Podo Line?<\/h2>\n<p>Vogliamo renderti le cose il pi\u00f9 semplici possibile. Ecco perch\u00e9 su Salon For All puoi pagare con tutti i metodi di pagamento noti e comuni. Pagare in anticipo, alla consegna o in seguito; tutto \u00e8 possibile. Vedi qui tutti i metodi di pagamento che offriamo:<\/p>\n<ul>\n<li>iDEAL<\/li>\n<li>Carta di credito (Visa, Mastercard, American Express)<\/li>\n<li>Klarna &#8211; Pagamento posticipato con fattura<\/li>\n<li>PayPal<\/li>\n<li>Apple Pay<\/li>\n<li>Google Pay<\/li>\n<li>Bancontact<\/li>\n<li>Bonifico bancario SEPA<\/li>\n<li>MyBank (per clienti italiani)<\/li>\n<li>Fattura aziendale per imprese<\/li>\n<li>Pagamento nello showroom &#8211; Sia carta che contanti (Disponibile solo per il ritiro)<\/li>\n<\/ul>\n<h2>Consulta anche le recensioni di Salon For All<\/h2>\n<p>Consulta anche le nostre recensioni per tenere conto delle esperienze dei nostri clienti attuali nella tua decisione di ordinare Fresa Per Unghie Con Assorbitore Exo Podo Line da noi. Attraverso il nostro marchio di qualit\u00e0 indipendente del negozio online Webwinkelkeur, vengono raccolte automaticamente recensioni verificate di clienti che hanno completato un ordine con noi. Puoi trovarle dietro il pulsante rosa sul nostro negozio online o sono elencate sotto i prodotti.<\/p>\n<p>Condividi anche la tua esperienza dopo il tuo acquisto con il tuo Fresa Per Unghie Con Assorbitore Exo Podo Line ordinato e la tua esperienza con il processo di acquisto o il contatto con Salon For All per ispirare gli altri!<\/p>\n<h2>Contatto con Salon For All<\/h2>\n<p>Contattaci allora. Saremo lieti di aiutarti con l&#8217;acquisto di Fresa Per Unghie Con Assorbitore Exo Podo Line. Nei giorni feriali siamo raggiungibili al meglio tra le 8.30 e le 17.00 tramite il numero di telefono e l&#8217;indirizzo e-mail nella parte superiore del negozio online o tramite la funzione chat. Le domande al di fuori dell&#8217;orario d&#8217;ufficio vengono generalmente risposte entro 24 ore. \u00c8 anche possibile venirci a trovare al di fuori dei giorni feriali o dell&#8217;orario d&#8217;ufficio. Ma per questo \u00e8 necessario prendere un appuntamento in anticipo.<\/p>\n<h2>Vuoi venire nel nostro showroom?<\/h2>\n<p>Preferisci vedere Fresa Per Unghie Con Assorbitore Exo Podo Line o esplorare la nostra offerta del negozio (online) insieme al nostro collega? Allora vieni nel nostro showroom con oltre 1000m\u00b2 di arredamento per saloni e lasciati ispirare dai nostri dipendenti. Anche se ti piace fare conoscenza in modo piacevole gustando una buona tazza di caff\u00e8 o t\u00e8, sei il benvenuto. Non abbiamo tutti i prodotti disponibili, quindi faccici sapere in anticipo che vuoi venire. Prendi sempre un appuntamento in anticipo.<\/p>\n<h2>14 giorni di riflessione e la nostra politica di reso<\/h2>\n<p>Naturalmente pu\u00f2 succedere che Fresa Per Unghie Con Assorbitore Exo Podo Line consegnato non sia completamente di tuo gradimento e tu voglia restituirlo. Questo non \u00e8 assolutamente un problema con Salon For All. Devi segnalare il tuo reso entro 14 giorni lavorativi tramite <a href=\"mailto:info@salonforall.com\">info@salonforall.it<\/a>. Riceverai quindi prima tutte le istruzioni e condizioni di reso. Si prega di notare che Fresa Per Unghie Con Assorbitore Exo Podo Line non deve essere stato utilizzato, deve contenere tutte le parti fornite e deve essere restituito imballato nella confezione originale. I costi di spedizione per un reso sono sempre a carico dell&#8217;acquirente per gli acquisti tramite www.salonforall.it. Devi organizzare tu stesso un trasporto presso un corriere di tua scelta per un reso. Una volta che Fresa Per Unghie Con Assorbitore Exo Podo Line \u00e8 stato restituito, verr\u00e0 controllato per completezza e danni. Una volta che il reso \u00e8 stato approvato, l&#8217;importo di acquisto verr\u00e0 rimborsato entro 5 giorni lavorativi sul conto bancario da noi conosciuto.<\/p>\n<h2>Chi \u00e8 Salon For All?<\/h2>\n<p>Salon For All \u00e8 IL grossista per ogni arredamento di saloni in Europa. Salon For All \u00e8 iniziato nel 2003 con il nome Salonvoordeel ed \u00e8 nato dalla pratica. I proprietari di Salon For All erano parrucchieri e specialisti della bellezza esperti e hanno insieme oltre 30 anni di esperienza pratica. Nel 2003 abbiamo lanciato Salonvoordeel.nl (Paesi Bassi) e successivamente \u00e8 stato fondato Salon For All per il mercato europeo. Alcuni dei nostri dipendenti hanno avviato una propria attivit\u00e0 e cos\u00ec \u00e8 nata l&#8217;idea di avviare un negozio online funzionale per parrucchieri e aiutarli con l&#8217;arredamento del loro salone.<\/p>\n<p>Il nostro showroom si trova a Dinxperlo, direttamente al confine tra i Paesi Bassi e la Germania. Con la nostra pluriennale esperienza nel settore possiamo farti da specchio e fornirti la giusta consulenza. Parliamo la stessa lingua! Ti consigliamo, ispiriamo, motiviamo e ti aiutiamo nell&#8217;acquisto di Fresa Per Unghie Con Assorbitore Exo Podo Line. I nostri fornitori si trovano in tutta Europa, dalla Germania, Inghilterra, Italia fino alla Polonia.<\/p>","protected":false},"excerpt":{"rendered":"<p>Il prodotto Fresa Per Unghie Con Assorbitore Exo Podo Line \u00e8 una soluzione conveniente per qualsiasi salone o studio professionale. Il tempo di consegna previsto \u00e8 di circa 6 giorni lavorativi.<\/p>","protected":false},"featured_media":4782,"comment_status":"open","ping_status":"open","template":"","meta":[],"product_brand":[288],"product_cat":[289,163],"product_tag":[290,166],"class_list":{"0":"post-4781","1":"product","2":"type-product","3":"status-publish","4":"has-post-thumbnail","6":"product_brand-exo","7":"product_cat-esercizi-di-podologia","8":"product_cat-podologia","9":"product_tag-esercizi-di-podologia","10":"product_tag-podologia","11":"pa_codice-ean-286","12":"pa_garanzia-12-mesi","13":"pa_marca-exo","14":"pa_numero-dellarticolo-285","15":"pa_tempo-di-consegna-stimato-3-4-giorni-lavorativi","17":"first","18":"instock","19":"sale","20":"taxable","21":"shipping-taxable","22":"purchasable","23":"product-type-simple"},"yoast_head":"<!-- This site is optimized with the Yoast SEO plugin v27.5 - https:\/\/yoast.com\/product\/yoast-seo-wordpress\/ -->\n<title>Fresa Per Unghie Con Assorbitore Exo Podo Line acquistare<\/title>\n<meta name=\"description\" content=\"Acquista Fresa Per Unghie Con Assorbitore Exo Podo Line online o nello showroom da Salon For All Italia. Il grossista per saloni, studi e spa in Italia e Svizzera.\" \/>\n<meta name=\"robots\" content=\"index, follow, max-snippet:-1, max-image-preview:large, max-video-preview:-1\" \/>\n<link rel=\"canonical\" href=\"https:\/\/salonforall.it\/en\/fresa-per-unghie-con-assorbitore-exo-podo-line\/\" \/>\n<meta property=\"og:locale\" content=\"en_GB\" \/>\n<meta property=\"og:type\" content=\"article\" \/>\n<meta property=\"og:title\" content=\"Fresa Per Unghie Con Assorbitore Exo Podo Line\" \/>\n<meta property=\"og:description\" content=\"Acquista Fresa Per Unghie Con Assorbitore Exo Podo Line online o nello showroom da Salon For All Italia. Il grossista per saloni, studi e spa in Italia e Svizzera.\" \/>\n<meta property=\"og:url\" content=\"https:\/\/salonforall.it\/en\/fresa-per-unghie-con-assorbitore-exo-podo-line\/\" \/>\n<meta property=\"og:site_name\" content=\"Salon For All Italia\" \/>\n<meta property=\"article:modified_time\" content=\"2026-05-14T02:01:25+00:00\" \/>\n<meta property=\"og:image\" content=\"https:\/\/salonforall.it\/wp-content\/uploads\/2025\/12\/Fresa-Per-Unghie-Con-Assorbitore-Exo-Podo-Line-1.jpg\" \/>\n\t<meta property=\"og:image:width\" content=\"1200\" \/>\n\t<meta property=\"og:image:height\" content=\"1200\" \/>\n\t<meta property=\"og:image:type\" content=\"image\/jpeg\" \/>\n<meta name=\"twitter:card\" content=\"summary_large_image\" \/>\n<meta name=\"twitter:title\" content=\"Fresa Per Unghie Con Assorbitore Exo Podo Line\" \/>\n<meta name=\"twitter:label1\" content=\"Estimated reading time\" \/>\n\t<meta name=\"twitter:data1\" content=\"8 minutes\" \/>\n<script type=\"application\/ld+json\" class=\"yoast-schema-graph\">{\"@context\":\"https:\\\/\\\/schema.org\",\"@graph\":[{\"@type\":\"WebPage\",\"@id\":\"https:\\\/\\\/salonforall.it\\\/fresa-per-unghie-con-assorbitore-exo-podo-line\\\/\",\"url\":\"https:\\\/\\\/salonforall.it\\\/fresa-per-unghie-con-assorbitore-exo-podo-line\\\/\",\"name\":\"Fresa Per Unghie Con Assorbitore Exo Podo Line acquistare\",\"isPartOf\":{\"@id\":\"https:\\\/\\\/salonforall.it\\\/#website\"},\"primaryImageOfPage\":{\"@id\":\"https:\\\/\\\/salonforall.it\\\/fresa-per-unghie-con-assorbitore-exo-podo-line\\\/#primaryimage\"},\"image\":{\"@id\":\"https:\\\/\\\/salonforall.it\\\/fresa-per-unghie-con-assorbitore-exo-podo-line\\\/#primaryimage\"},\"thumbnailUrl\":\"https:\\\/\\\/salonforall.it\\\/wp-content\\\/uploads\\\/2025\\\/12\\\/Fresa-Per-Unghie-Con-Assorbitore-Exo-Podo-Line-1.jpg\",\"datePublished\":\"2025-12-03T09:26:07+00:00\",\"dateModified\":\"2026-05-14T02:01:25+00:00\",\"description\":\"Acquista Fresa Per Unghie Con Assorbitore Exo Podo Line online o nello showroom da Salon For All Italia. Il grossista per saloni, studi e spa in Italia e Svizzera.\",\"breadcrumb\":{\"@id\":\"https:\\\/\\\/salonforall.it\\\/fresa-per-unghie-con-assorbitore-exo-podo-line\\\/#breadcrumb\"},\"inLanguage\":\"en-GB\",\"potentialAction\":[{\"@type\":\"ReadAction\",\"target\":[\"https:\\\/\\\/salonforall.it\\\/fresa-per-unghie-con-assorbitore-exo-podo-line\\\/\"]}]},{\"@type\":\"ImageObject\",\"inLanguage\":\"en-GB\",\"@id\":\"https:\\\/\\\/salonforall.it\\\/fresa-per-unghie-con-assorbitore-exo-podo-line\\\/#primaryimage\",\"url\":\"https:\\\/\\\/salonforall.it\\\/wp-content\\\/uploads\\\/2025\\\/12\\\/Fresa-Per-Unghie-Con-Assorbitore-Exo-Podo-Line-1.jpg\",\"contentUrl\":\"https:\\\/\\\/salonforall.it\\\/wp-content\\\/uploads\\\/2025\\\/12\\\/Fresa-Per-Unghie-Con-Assorbitore-Exo-Podo-Line-1.jpg\",\"width\":1200,\"height\":1200,\"caption\":\"Fresa Per Unghie Con Assorbitore Exo Podo Line\"},{\"@type\":\"BreadcrumbList\",\"@id\":\"https:\\\/\\\/salonforall.it\\\/fresa-per-unghie-con-assorbitore-exo-podo-line\\\/#breadcrumb\",\"itemListElement\":[{\"@type\":\"ListItem\",\"position\":1,\"name\":\"Home\",\"item\":\"https:\\\/\\\/salonforall.it\\\/\"},{\"@type\":\"ListItem\",\"position\":2,\"name\":\"Winkel\",\"item\":\"https:\\\/\\\/salonforall.it\\\/winkel\\\/\"},{\"@type\":\"ListItem\",\"position\":3,\"name\":\"Fresa Per Unghie Con Assorbitore Exo Podo Line\"}]},{\"@type\":\"WebSite\",\"@id\":\"https:\\\/\\\/salonforall.it\\\/#website\",\"url\":\"https:\\\/\\\/salonforall.it\\\/\",\"name\":\"Salon For All Italia\",\"description\":\"Grossista di mobili e forniture per studi medici e saloni\",\"publisher\":{\"@id\":\"https:\\\/\\\/salonforall.it\\\/#organization\"},\"potentialAction\":[{\"@type\":\"SearchAction\",\"target\":{\"@type\":\"EntryPoint\",\"urlTemplate\":\"https:\\\/\\\/salonforall.it\\\/?s={search_term_string}\"},\"query-input\":{\"@type\":\"PropertyValueSpecification\",\"valueRequired\":true,\"valueName\":\"search_term_string\"}}],\"inLanguage\":\"en-GB\"},{\"@type\":\"Organization\",\"@id\":\"https:\\\/\\\/salonforall.it\\\/#organization\",\"name\":\"Salon For All Italia\",\"url\":\"https:\\\/\\\/salonforall.it\\\/\",\"logo\":{\"@type\":\"ImageObject\",\"inLanguage\":\"en-GB\",\"@id\":\"https:\\\/\\\/salonforall.it\\\/#\\\/schema\\\/logo\\\/image\\\/\",\"url\":\"https:\\\/\\\/salonforall.it\\\/wp-content\\\/uploads\\\/2025\\\/11\\\/logo-salon-for-all-e1764543264615.png\",\"contentUrl\":\"https:\\\/\\\/salonforall.it\\\/wp-content\\\/uploads\\\/2025\\\/11\\\/logo-salon-for-all-e1764543264615.png\",\"width\":500,\"height\":150,\"caption\":\"Salon For All Italia\"},\"image\":{\"@id\":\"https:\\\/\\\/salonforall.it\\\/#\\\/schema\\\/logo\\\/image\\\/\"}}]}<\/script>\n<!-- \/ Yoast SEO plugin. -->","yoast_head_json":{"title":"Fresa Per Unghie Con Assorbitore Exo Podo Line acquistare","description":"Acquista Fresa Per Unghie Con Assorbitore Exo Podo Line online o nello showroom da Salon For All Italia. Il grossista per saloni, studi e spa in Italia e Svizzera.","robots":{"index":"index","follow":"follow","max-snippet":"max-snippet:-1","max-image-preview":"max-image-preview:large","max-video-preview":"max-video-preview:-1"},"canonical":"https:\/\/salonforall.it\/en\/fresa-per-unghie-con-assorbitore-exo-podo-line\/","og_locale":"en_GB","og_type":"article","og_title":"Fresa Per Unghie Con Assorbitore Exo Podo Line","og_description":"Acquista Fresa Per Unghie Con Assorbitore Exo Podo Line online o nello showroom da Salon For All Italia. Il grossista per saloni, studi e spa in Italia e Svizzera.","og_url":"https:\/\/salonforall.it\/en\/fresa-per-unghie-con-assorbitore-exo-podo-line\/","og_site_name":"Salon For All Italia","article_modified_time":"2026-05-14T02:01:25+00:00","og_image":[{"width":1200,"height":1200,"url":"https:\/\/salonforall.it\/wp-content\/uploads\/2025\/12\/Fresa-Per-Unghie-Con-Assorbitore-Exo-Podo-Line-1.jpg","type":"image\/jpeg"}],"twitter_card":"summary_large_image","twitter_title":"Fresa Per Unghie Con Assorbitore Exo Podo Line","twitter_misc":{"Estimated reading time":"8 minutes"},"schema":{"@context":"https:\/\/schema.org","@graph":[{"@type":"WebPage","@id":"https:\/\/salonforall.it\/fresa-per-unghie-con-assorbitore-exo-podo-line\/","url":"https:\/\/salonforall.it\/fresa-per-unghie-con-assorbitore-exo-podo-line\/","name":"Fresa Per Unghie Con Assorbitore Exo Podo Line acquistare","isPartOf":{"@id":"https:\/\/salonforall.it\/#website"},"primaryImageOfPage":{"@id":"https:\/\/salonforall.it\/fresa-per-unghie-con-assorbitore-exo-podo-line\/#primaryimage"},"image":{"@id":"https:\/\/salonforall.it\/fresa-per-unghie-con-assorbitore-exo-podo-line\/#primaryimage"},"thumbnailUrl":"https:\/\/salonforall.it\/wp-content\/uploads\/2025\/12\/Fresa-Per-Unghie-Con-Assorbitore-Exo-Podo-Line-1.jpg","datePublished":"2025-12-03T09:26:07+00:00","dateModified":"2026-05-14T02:01:25+00:00","description":"Acquista Fresa Per Unghie Con Assorbitore Exo Podo Line online o nello showroom da Salon For All Italia. Il grossista per saloni, studi e spa in Italia e Svizzera.","breadcrumb":{"@id":"https:\/\/salonforall.it\/fresa-per-unghie-con-assorbitore-exo-podo-line\/#breadcrumb"},"inLanguage":"en-GB","potentialAction":[{"@type":"ReadAction","target":["https:\/\/salonforall.it\/fresa-per-unghie-con-assorbitore-exo-podo-line\/"]}]},{"@type":"ImageObject","inLanguage":"en-GB","@id":"https:\/\/salonforall.it\/fresa-per-unghie-con-assorbitore-exo-podo-line\/#primaryimage","url":"https:\/\/salonforall.it\/wp-content\/uploads\/2025\/12\/Fresa-Per-Unghie-Con-Assorbitore-Exo-Podo-Line-1.jpg","contentUrl":"https:\/\/salonforall.it\/wp-content\/uploads\/2025\/12\/Fresa-Per-Unghie-Con-Assorbitore-Exo-Podo-Line-1.jpg","width":1200,"height":1200,"caption":"Fresa Per Unghie Con Assorbitore Exo Podo Line"},{"@type":"BreadcrumbList","@id":"https:\/\/salonforall.it\/fresa-per-unghie-con-assorbitore-exo-podo-line\/#breadcrumb","itemListElement":[{"@type":"ListItem","position":1,"name":"Home","item":"https:\/\/salonforall.it\/"},{"@type":"ListItem","position":2,"name":"Winkel","item":"https:\/\/salonforall.it\/winkel\/"},{"@type":"ListItem","position":3,"name":"Fresa Per Unghie Con Assorbitore Exo Podo Line"}]},{"@type":"WebSite","@id":"https:\/\/salonforall.it\/#website","url":"https:\/\/salonforall.it\/","name":"Salon For All Italia","description":"Grossista di mobili e forniture per studi medici e saloni","publisher":{"@id":"https:\/\/salonforall.it\/#organization"},"potentialAction":[{"@type":"SearchAction","target":{"@type":"EntryPoint","urlTemplate":"https:\/\/salonforall.it\/?s={search_term_string}"},"query-input":{"@type":"PropertyValueSpecification","valueRequired":true,"valueName":"search_term_string"}}],"inLanguage":"en-GB"},{"@type":"Organization","@id":"https:\/\/salonforall.it\/#organization","name":"Salon For All Italia","url":"https:\/\/salonforall.it\/","logo":{"@type":"ImageObject","inLanguage":"en-GB","@id":"https:\/\/salonforall.it\/#\/schema\/logo\/image\/","url":"https:\/\/salonforall.it\/wp-content\/uploads\/2025\/11\/logo-salon-for-all-e1764543264615.png","contentUrl":"https:\/\/salonforall.it\/wp-content\/uploads\/2025\/11\/logo-salon-for-all-e1764543264615.png","width":500,"height":150,"caption":"Salon For All Italia"},"image":{"@id":"https:\/\/salonforall.it\/#\/schema\/logo\/image\/"}}]}},"_links":{"self":[{"href":"https:\/\/salonforall.it\/en\/wp-json\/wp\/v2\/product\/4781","targetHints":{"allow":["GET"]}}],"collection":[{"href":"https:\/\/salonforall.it\/en\/wp-json\/wp\/v2\/product"}],"about":[{"href":"https:\/\/salonforall.it\/en\/wp-json\/wp\/v2\/types\/product"}],"replies":[{"embeddable":true,"href":"https:\/\/salonforall.it\/en\/wp-json\/wp\/v2\/comments?post=4781"}],"wp:featuredmedia":[{"embeddable":true,"href":"https:\/\/salonforall.it\/en\/wp-json\/wp\/v2\/media\/4782"}],"wp:attachment":[{"href":"https:\/\/salonforall.it\/en\/wp-json\/wp\/v2\/media?parent=4781"}],"wp:term":[{"taxonomy":"product_brand","embeddable":true,"href":"https:\/\/salonforall.it\/en\/wp-json\/wp\/v2\/product_brand?post=4781"},{"taxonomy":"product_cat","embeddable":true,"href":"https:\/\/salonforall.it\/en\/wp-json\/wp\/v2\/product_cat?post=4781"},{"taxonomy":"product_tag","embeddable":true,"href":"https:\/\/salonforall.it\/en\/wp-json\/wp\/v2\/product_tag?post=4781"}],"curies":[{"name":"wp","href":"https:\/\/api.w.org\/{rel}","templated":true}]}}