{"id":4943,"date":"2025-12-03T09:26:39","date_gmt":"2025-12-03T09:26:39","guid":{"rendered":"https:\/\/salonforall.it\/poltrona-da-parrucchiere-gabbiano-helsinki-nera\/"},"modified":"2026-05-12T02:01:55","modified_gmt":"2026-05-12T02:01:55","slug":"poltrona-da-parrucchiere-gabbiano-helsinki-nera","status":"publish","type":"product","link":"https:\/\/salonforall.it\/en\/poltrona-da-parrucchiere-gabbiano-helsinki-nera\/","title":{"rendered":"Poltrona Da Parrucchiere Gabbiano Helsinki Nera"},"content":{"rendered":"<h2>Informazioni su Poltrona Da Parrucchiere Gabbiano Helsinki Nera con codice articolo 109208<\/h2>\n<p><img decoding=\"async\" src=\"https:\/\/activeshop.com.pl\/media\/wysiwyg\/product\/109208\/EN_109208_1.jpg\"><\/p>\n<p><strong>Gabbiano<\/strong> \u00e8 un marchio di lusso di attrezzature e arredi per parrucchieri, che si distingue per affidabilit\u00e0, qualit\u00e0, estetica della lavorazione e comfort elevato. Offre un&#8217;ampia selezione di attrezzature funzionali per saloni come poltrone, lavatesta e lampade a infrarossi.<\/p>\n<p><img decoding=\"async\" src=\"https:\/\/activeshop.com.pl\/media\/wysiwyg\/product\/109208\/EN_109208_2.jpg\"><\/p>\n<h2>Poltrona da parrucchiere elegante e funzionale<\/h2>\n<p><strong>La poltrona da parrucchiere Gabbiano Helsinki<\/strong> \u00e8 una combinazione di design elegante e alta funzionalit\u00e0. Dotata di un efficiente sistema di sollevamento idraulico, facilita la regolazione dell&#8217;altezza, offrendo comfort sia agli stilisti che ai clienti. <strong>Il suo design ergonomico<\/strong> favorisce il comfort di lavoro, mentre la sua accurata lavorazione rende la poltrona un elemento efficace per qualsiasi salone di parrucchiere.<\/p>\n<p><img decoding=\"async\" src=\"https:\/\/activeshop.com.pl\/media\/wysiwyg\/product\/109208\/EN_109208_3.jpg\"><\/p>\n<h2>Elevato comfort d&#8217;uso<\/h2>\n<p>Grazie all&#8217;efficiente sollevatore idraulico, \u00e8 possibile regolare l&#8217;altezza della seduta da 48 a 60 cm<\/strong> anche quando il cliente \u00e8 seduto sulla poltrona. Ci\u00f2 semplifica l&#8217;adattamento della posizione all&#8217;altezza sia del cliente che del parrucchiere, <strong>migliorando l&#8217;ergonomia e il comfort di lavoro<\/strong>. Lo schienale accuratamente sagomato <strong>offre un supporto ottimale per la schiena<\/strong>, fondamentale durante i trattamenti pi\u00f9 lunghi. Una caratteristica pratica del modello \u00e8 l&#8217;<strong>apertura tra seduta e schienale<\/strong>, che facilita la pulizia, consentendo una rapida rimozione dei peli e una <strong>preparazione pi\u00f9 efficiente della postazione di lavoro<\/strong>.<\/p>\n<p><img decoding=\"async\" src=\"https:\/\/activeshop.com.pl\/media\/wysiwyg\/product\/109208\/EN_109208_4.jpg\"><\/p>\n<h2>Soluzioni che semplificano il lavoro<\/h2>\n<p><strong>La seduta ergonomica<\/strong> offre un elevato comfort anche durante i trattamenti di lunga durata. I morbidi braccioli supportano il corretto posizionamento delle spalle del cliente, prevenendo la posizione incurvata e la tensione muscolare, il che <strong>facilita un taglio preciso<\/strong>. Un&#8217;ulteriore comodit\u00e0 \u00e8 il <strong>meccanismo di rotazione completa<\/strong>, che aumenta la libert\u00e0 di movimento e contribuisce a una <strong>maggiore efficienza lavorativa<\/strong>. Un ulteriore vantaggio \u00e8 il <strong>poggiapiedi in metallo<\/strong>, che offre un comodo supporto per le gambe del cliente.<\/p>\n<p><img decoding=\"async\" src=\"https:\/\/activeshop.com.pl\/media\/wysiwyg\/product\/109208\/EN_109208_5.jpg\"><\/p>\n<h2>Poltrona da parrucchiere di grande impatto<\/h2>\n<p>La solida base quadrata <strong>garantisce stabilit\u00e0<\/strong> durante l&#8217;uso, mentre la sua superficie lucida e liscia <strong>conferisce un aspetto elegante<\/strong>. La seduta, imbottita in schiuma resistente e indeformabile e rivestita in similpelle piacevole al tatto, \u00e8 <strong>resistente, resistente all&#8217;umidit\u00e0 e facile da pulire<\/strong>. Il classico nero <strong>enfatizza il design senza tempo<\/strong>, che si adatta armoniosamente sia agli interni moderni che a quelli tradizionali dei saloni da parrucchiere.<\/p>\n<p>Le dimensioni dettagliate sono riportate nella foto.<br \/><strong>Il set include:<\/strong> sedile, poggiapiedi, attuatore con base, poggiapiedi.<\/p>\n<p><strong>Dettagli:<\/strong><br \/>Sollevamento: idraulico<br \/>Base: quadrata<br \/>Materiale del rivestimento: pelle sintetica<br \/>Colori: tonalit\u00e0 di nero e cromo<\/p>\n<p>I prodotti Activeshop sono proporzionalmente pi\u00f9 economici di molti altri marchi\/fornitori. Il prezzo \u00e8 proporzionato alla qualit\u00e0. Poltrona Da Parrucchiere Gabbiano Helsinki Nera \u00e8 quindi una soluzione accessibile per il tuo salone.<\/p>\n<h2>Come viene consegnato Poltrona Da Parrucchiere Gabbiano Helsinki Nera?<\/h2>\n<p>Poltrona Da Parrucchiere Gabbiano Helsinki Nera viene consegnato nella confezione originale. In Italia la spedizione di Poltrona Da Parrucchiere Gabbiano Helsinki Nera \u00e8 completamente gratuita per ordini a partire da 100,- euro. Per spedizioni verso altri paesi si applicano tariffe di spedizione separate. Puoi richiedere queste tariffe o trovarle nel carrello. Poltrona Da Parrucchiere Gabbiano Helsinki Nera viene spedito tramite un corriere esterno.<\/p>\n<p>I pacchi o i pallet vengono consegnati di serie fino alla soglia della porta d&#8217;ingresso, anche se ti trovi in un edificio collettivo, condominio o complesso residenziale con ascensore (a condizione che l&#8217;articolo entri nell&#8217;ascensore). Non c&#8217;\u00e8 un ascensore o l&#8217;articolo non entra nell&#8217;ascensore? Allora consegniamo fino alla soglia del piano terra.<\/p>\n<p>Hai ancora domande sulla consegna o una situazione particolare? Contattaci e saremo lieti di aiutarti!<\/p>\n<p>*Gli articoli non vengono disimballati o montati di serie. In situazioni particolari puoi contattarci per fare accordi in merito.<\/p>\n<h2>Acquisti online sicuri su Salon For All con il marchio di qualit\u00e0 Webwinkelkeur e crittografia SSL<\/h2>\n<p>\u00c8 importante per noi che i nostri clienti possano fare acquisti online in sicurezza. Siamo affiliati al marchio di qualit\u00e0 nazionale Webwinkelkeur dal 2019. La nostra identit\u00e0 \u00e8 stata controllata e verificata da loro e il negozio online \u00e8 stato controllato e approvato legalmente. Inoltre, il nostro negozio online \u00e8 affiliato a loro per la mediazione delle controversie. Puoi vedere il badge con tutte le informazioni di questo marchio di qualit\u00e0 del negozio online sul lato sinistro o destro del negozio online (pulsante rosa con bianco). Inoltre, il nostro sito \u00e8 protetto con un certificato SSL in modo da poter navigare in sicurezza. Nella barra del tuo browser Internet, dove \u00e8 indicato il nostro sito web, vedrai un&#8217;icona a forma di lucchetto. Se clicchi sul lucchetto, otterrai tutte le informazioni sulla nostra sicurezza. In questo modo sai che il tuo ordine di Poltrona Da Parrucchiere Gabbiano Helsinki Nera e i tuoi dati personali vengono elaborati in modo sicuro.<\/p>\n<h2>Come posso pagare Poltrona Da Parrucchiere Gabbiano Helsinki Nera?<\/h2>\n<p>Vogliamo renderti le cose il pi\u00f9 semplici possibile. Ecco perch\u00e9 su Salon For All puoi pagare con tutti i metodi di pagamento noti e comuni. Pagare in anticipo, alla consegna o in seguito; tutto \u00e8 possibile. Vedi qui tutti i metodi di pagamento che offriamo:<\/p>\n<ul>\n<li>iDEAL<\/li>\n<li>Carta di credito (Visa, Mastercard, American Express)<\/li>\n<li>Klarna &#8211; Pagamento posticipato con fattura<\/li>\n<li>PayPal<\/li>\n<li>Apple Pay<\/li>\n<li>Google Pay<\/li>\n<li>Bancontact<\/li>\n<li>Bonifico bancario SEPA<\/li>\n<li>MyBank (per clienti italiani)<\/li>\n<li>Fattura aziendale per imprese<\/li>\n<li>Pagamento nello showroom &#8211; Sia carta che contanti (Disponibile solo per il ritiro)<\/li>\n<\/ul>\n<h2>Consulta anche le recensioni di Salon For All<\/h2>\n<p>Consulta anche le nostre recensioni per tenere conto delle esperienze dei nostri clienti attuali nella tua decisione di ordinare Poltrona Da Parrucchiere Gabbiano Helsinki Nera da noi. Attraverso il nostro marchio di qualit\u00e0 indipendente del negozio online Webwinkelkeur, vengono raccolte automaticamente recensioni verificate di clienti che hanno completato un ordine con noi. Puoi trovarle dietro il pulsante rosa sul nostro negozio online o sono elencate sotto i prodotti.<\/p>\n<p>Condividi anche la tua esperienza dopo il tuo acquisto con il tuo Poltrona Da Parrucchiere Gabbiano Helsinki Nera ordinato e la tua esperienza con il processo di acquisto o il contatto con Salon For All per ispirare gli altri!<\/p>\n<h2>Contatto con Salon For All<\/h2>\n<p>Contattaci allora. Saremo lieti di aiutarti con l&#8217;acquisto di Poltrona Da Parrucchiere Gabbiano Helsinki Nera. Nei giorni feriali siamo raggiungibili al meglio tra le 8.30 e le 17.00 tramite il numero di telefono e l&#8217;indirizzo e-mail nella parte superiore del negozio online o tramite la funzione chat. Le domande al di fuori dell&#8217;orario d&#8217;ufficio vengono generalmente risposte entro 24 ore. \u00c8 anche possibile venirci a trovare al di fuori dei giorni feriali o dell&#8217;orario d&#8217;ufficio. Ma per questo \u00e8 necessario prendere un appuntamento in anticipo.<\/p>\n<h2>Vuoi venire nel nostro showroom?<\/h2>\n<p>Preferisci vedere Poltrona Da Parrucchiere Gabbiano Helsinki Nera o esplorare la nostra offerta del negozio (online) insieme al nostro collega? Allora vieni nel nostro showroom con oltre 1000m\u00b2 di arredamento per saloni e lasciati ispirare dai nostri dipendenti. Anche se ti piace fare conoscenza in modo piacevole gustando una buona tazza di caff\u00e8 o t\u00e8, sei il benvenuto. Non abbiamo tutti i prodotti disponibili, quindi faccici sapere in anticipo che vuoi venire. Prendi sempre un appuntamento in anticipo.<\/p>\n<h2>14 giorni di riflessione e la nostra politica di reso<\/h2>\n<p>Naturalmente pu\u00f2 succedere che Poltrona Da Parrucchiere Gabbiano Helsinki Nera consegnato non sia completamente di tuo gradimento e tu voglia restituirlo. Questo non \u00e8 assolutamente un problema con Salon For All. Devi segnalare il tuo reso entro 14 giorni lavorativi tramite <a href=\"mailto:info@salonforall.com\">info@salonforall.it<\/a>. Riceverai quindi prima tutte le istruzioni e condizioni di reso. Si prega di notare che Poltrona Da Parrucchiere Gabbiano Helsinki Nera non deve essere stato utilizzato, deve contenere tutte le parti fornite e deve essere restituito imballato nella confezione originale. I costi di spedizione per un reso sono sempre a carico dell&#8217;acquirente per gli acquisti tramite www.salonforall.it. Devi organizzare tu stesso un trasporto presso un corriere di tua scelta per un reso. Una volta che Poltrona Da Parrucchiere Gabbiano Helsinki Nera \u00e8 stato restituito, verr\u00e0 controllato per completezza e danni. Una volta che il reso \u00e8 stato approvato, l&#8217;importo di acquisto verr\u00e0 rimborsato entro 5 giorni lavorativi sul conto bancario da noi conosciuto.<\/p>\n<h2>Chi \u00e8 Salon For All?<\/h2>\n<p>Salon For All \u00e8 IL grossista per ogni arredamento di saloni in Europa. Salon For All \u00e8 iniziato nel 2003 con il nome Salonvoordeel ed \u00e8 nato dalla pratica. I proprietari di Salon For All erano parrucchieri e specialisti della bellezza esperti e hanno insieme oltre 30 anni di esperienza pratica. Nel 2003 abbiamo lanciato Salonvoordeel.nl (Paesi Bassi) e successivamente \u00e8 stato fondato Salon For All per il mercato europeo. Alcuni dei nostri dipendenti hanno avviato una propria attivit\u00e0 e cos\u00ec \u00e8 nata l&#8217;idea di avviare un negozio online funzionale per parrucchieri e aiutarli con l&#8217;arredamento del loro salone.<\/p>\n<p>Il nostro showroom si trova a Dinxperlo, direttamente al confine tra i Paesi Bassi e la Germania. Con la nostra pluriennale esperienza nel settore possiamo farti da specchio e fornirti la giusta consulenza. Parliamo la stessa lingua! Ti consigliamo, ispiriamo, motiviamo e ti aiutiamo nell&#8217;acquisto di Poltrona Da Parrucchiere Gabbiano Helsinki Nera. I nostri fornitori si trovano in tutta Europa, dalla Germania, Inghilterra, Italia fino alla Polonia.<\/p>","protected":false},"excerpt":{"rendered":"<p>Il prodotto Poltrona Da Parrucchiere Gabbiano Helsinki Nera \u00e8 una soluzione conveniente per qualsiasi salone o studio professionale. Il tempo di consegna previsto \u00e8 di circa 6 giorni lavorativi.<\/p>","protected":false},"featured_media":4944,"comment_status":"open","ping_status":"open","template":"","meta":[],"product_brand":[95],"product_cat":[97,96,333,98],"product_tag":[101,100,334,102],"class_list":{"0":"post-4943","1":"product","2":"type-product","3":"status-publish","4":"has-post-thumbnail","6":"product_brand-gabbiano","7":"product_cat-arredamento-per-parrucchieri","8":"product_cat-attrezzature-per-saloni-di-parrucchiere","9":"product_cat-helsinki","10":"product_cat-poltrone-e-lavaggi-per-parrucchieri","11":"product_tag-arredamento-per-parrucchieri","12":"product_tag-attrezzature-per-saloni-di-parrucchiere","13":"product_tag-helsinki","14":"product_tag-poltrone-e-lavaggi-per-parrucchieri","15":"pa_codice-ean-332","16":"pa_garanzia-12-mesi","17":"pa_marca-gabbiano","18":"pa_numero-dellarticolo-331","19":"pa_tempo-di-consegna-stimato-3-4-giorni-lavorativi","21":"first","22":"instock","23":"sale","24":"taxable","25":"shipping-taxable","26":"purchasable","27":"product-type-simple"},"yoast_head":"<!-- This site is optimized with the Yoast SEO plugin v27.5 - https:\/\/yoast.com\/product\/yoast-seo-wordpress\/ -->\n<title>Poltrona Da Parrucchiere Gabbiano Helsinki Nera acquistare<\/title>\n<meta name=\"description\" content=\"Acquista Poltrona Da Parrucchiere Gabbiano Helsinki Nera online o nello showroom da Salon For All Italia. Il grossista per saloni, studi e spa in Italia e Svizzera.\" \/>\n<meta name=\"robots\" content=\"index, follow, max-snippet:-1, max-image-preview:large, max-video-preview:-1\" \/>\n<link rel=\"canonical\" href=\"https:\/\/salonforall.it\/en\/poltrona-da-parrucchiere-gabbiano-helsinki-nera\/\" \/>\n<meta property=\"og:locale\" content=\"en_GB\" \/>\n<meta property=\"og:type\" content=\"article\" \/>\n<meta property=\"og:title\" content=\"Poltrona Da Parrucchiere Gabbiano Helsinki Nera\" \/>\n<meta property=\"og:description\" content=\"Acquista Poltrona Da Parrucchiere Gabbiano Helsinki Nera online o nello showroom da Salon For All Italia. Il grossista per saloni, studi e spa in Italia e Svizzera.\" \/>\n<meta property=\"og:url\" content=\"https:\/\/salonforall.it\/en\/poltrona-da-parrucchiere-gabbiano-helsinki-nera\/\" \/>\n<meta property=\"og:site_name\" content=\"Salon For All Italia\" \/>\n<meta property=\"article:modified_time\" content=\"2026-05-12T02:01:55+00:00\" \/>\n<meta property=\"og:image\" content=\"https:\/\/salonforall.it\/wp-content\/uploads\/2025\/12\/Poltrona-Da-Parrucchiere-Gabbiano-Helsinki-Nera-1.jpg\" \/>\n\t<meta property=\"og:image:width\" content=\"1200\" \/>\n\t<meta property=\"og:image:height\" content=\"1200\" \/>\n\t<meta property=\"og:image:type\" content=\"image\/jpeg\" \/>\n<meta name=\"twitter:card\" content=\"summary_large_image\" \/>\n<meta name=\"twitter:title\" content=\"Poltrona Da Parrucchiere Gabbiano Helsinki Nera\" \/>\n<meta name=\"twitter:label1\" content=\"Estimated reading time\" \/>\n\t<meta name=\"twitter:data1\" content=\"7 minutes\" \/>\n<script type=\"application\/ld+json\" class=\"yoast-schema-graph\">{\"@context\":\"https:\\\/\\\/schema.org\",\"@graph\":[{\"@type\":\"WebPage\",\"@id\":\"https:\\\/\\\/salonforall.it\\\/poltrona-da-parrucchiere-gabbiano-helsinki-nera\\\/\",\"url\":\"https:\\\/\\\/salonforall.it\\\/poltrona-da-parrucchiere-gabbiano-helsinki-nera\\\/\",\"name\":\"Poltrona Da Parrucchiere Gabbiano Helsinki Nera acquistare\",\"isPartOf\":{\"@id\":\"https:\\\/\\\/salonforall.it\\\/#website\"},\"primaryImageOfPage\":{\"@id\":\"https:\\\/\\\/salonforall.it\\\/poltrona-da-parrucchiere-gabbiano-helsinki-nera\\\/#primaryimage\"},\"image\":{\"@id\":\"https:\\\/\\\/salonforall.it\\\/poltrona-da-parrucchiere-gabbiano-helsinki-nera\\\/#primaryimage\"},\"thumbnailUrl\":\"https:\\\/\\\/salonforall.it\\\/wp-content\\\/uploads\\\/2025\\\/12\\\/Poltrona-Da-Parrucchiere-Gabbiano-Helsinki-Nera-1.jpg\",\"datePublished\":\"2025-12-03T09:26:39+00:00\",\"dateModified\":\"2026-05-12T02:01:55+00:00\",\"description\":\"Acquista Poltrona Da Parrucchiere Gabbiano Helsinki Nera online o nello showroom da Salon For All Italia. Il grossista per saloni, studi e spa in Italia e Svizzera.\",\"breadcrumb\":{\"@id\":\"https:\\\/\\\/salonforall.it\\\/poltrona-da-parrucchiere-gabbiano-helsinki-nera\\\/#breadcrumb\"},\"inLanguage\":\"en-GB\",\"potentialAction\":[{\"@type\":\"ReadAction\",\"target\":[\"https:\\\/\\\/salonforall.it\\\/poltrona-da-parrucchiere-gabbiano-helsinki-nera\\\/\"]}]},{\"@type\":\"ImageObject\",\"inLanguage\":\"en-GB\",\"@id\":\"https:\\\/\\\/salonforall.it\\\/poltrona-da-parrucchiere-gabbiano-helsinki-nera\\\/#primaryimage\",\"url\":\"https:\\\/\\\/salonforall.it\\\/wp-content\\\/uploads\\\/2025\\\/12\\\/Poltrona-Da-Parrucchiere-Gabbiano-Helsinki-Nera-1.jpg\",\"contentUrl\":\"https:\\\/\\\/salonforall.it\\\/wp-content\\\/uploads\\\/2025\\\/12\\\/Poltrona-Da-Parrucchiere-Gabbiano-Helsinki-Nera-1.jpg\",\"width\":1200,\"height\":1200,\"caption\":\"Poltrona Da Parrucchiere Gabbiano Helsinki Nera\"},{\"@type\":\"BreadcrumbList\",\"@id\":\"https:\\\/\\\/salonforall.it\\\/poltrona-da-parrucchiere-gabbiano-helsinki-nera\\\/#breadcrumb\",\"itemListElement\":[{\"@type\":\"ListItem\",\"position\":1,\"name\":\"Home\",\"item\":\"https:\\\/\\\/salonforall.it\\\/\"},{\"@type\":\"ListItem\",\"position\":2,\"name\":\"Winkel\",\"item\":\"https:\\\/\\\/salonforall.it\\\/winkel\\\/\"},{\"@type\":\"ListItem\",\"position\":3,\"name\":\"Poltrona Da Parrucchiere Gabbiano Helsinki Nera\"}]},{\"@type\":\"WebSite\",\"@id\":\"https:\\\/\\\/salonforall.it\\\/#website\",\"url\":\"https:\\\/\\\/salonforall.it\\\/\",\"name\":\"Salon For All Italia\",\"description\":\"Grossista di mobili e forniture per studi medici e saloni\",\"publisher\":{\"@id\":\"https:\\\/\\\/salonforall.it\\\/#organization\"},\"potentialAction\":[{\"@type\":\"SearchAction\",\"target\":{\"@type\":\"EntryPoint\",\"urlTemplate\":\"https:\\\/\\\/salonforall.it\\\/?s={search_term_string}\"},\"query-input\":{\"@type\":\"PropertyValueSpecification\",\"valueRequired\":true,\"valueName\":\"search_term_string\"}}],\"inLanguage\":\"en-GB\"},{\"@type\":\"Organization\",\"@id\":\"https:\\\/\\\/salonforall.it\\\/#organization\",\"name\":\"Salon For All Italia\",\"url\":\"https:\\\/\\\/salonforall.it\\\/\",\"logo\":{\"@type\":\"ImageObject\",\"inLanguage\":\"en-GB\",\"@id\":\"https:\\\/\\\/salonforall.it\\\/#\\\/schema\\\/logo\\\/image\\\/\",\"url\":\"https:\\\/\\\/salonforall.it\\\/wp-content\\\/uploads\\\/2025\\\/11\\\/logo-salon-for-all-e1764543264615.png\",\"contentUrl\":\"https:\\\/\\\/salonforall.it\\\/wp-content\\\/uploads\\\/2025\\\/11\\\/logo-salon-for-all-e1764543264615.png\",\"width\":500,\"height\":150,\"caption\":\"Salon For All Italia\"},\"image\":{\"@id\":\"https:\\\/\\\/salonforall.it\\\/#\\\/schema\\\/logo\\\/image\\\/\"}}]}<\/script>\n<!-- \/ Yoast SEO plugin. -->","yoast_head_json":{"title":"Poltrona Da Parrucchiere Gabbiano Helsinki Nera acquistare","description":"Acquista Poltrona Da Parrucchiere Gabbiano Helsinki Nera online o nello showroom da Salon For All Italia. Il grossista per saloni, studi e spa in Italia e Svizzera.","robots":{"index":"index","follow":"follow","max-snippet":"max-snippet:-1","max-image-preview":"max-image-preview:large","max-video-preview":"max-video-preview:-1"},"canonical":"https:\/\/salonforall.it\/en\/poltrona-da-parrucchiere-gabbiano-helsinki-nera\/","og_locale":"en_GB","og_type":"article","og_title":"Poltrona Da Parrucchiere Gabbiano Helsinki Nera","og_description":"Acquista Poltrona Da Parrucchiere Gabbiano Helsinki Nera online o nello showroom da Salon For All Italia. Il grossista per saloni, studi e spa in Italia e Svizzera.","og_url":"https:\/\/salonforall.it\/en\/poltrona-da-parrucchiere-gabbiano-helsinki-nera\/","og_site_name":"Salon For All Italia","article_modified_time":"2026-05-12T02:01:55+00:00","og_image":[{"width":1200,"height":1200,"url":"https:\/\/salonforall.it\/wp-content\/uploads\/2025\/12\/Poltrona-Da-Parrucchiere-Gabbiano-Helsinki-Nera-1.jpg","type":"image\/jpeg"}],"twitter_card":"summary_large_image","twitter_title":"Poltrona Da Parrucchiere Gabbiano Helsinki Nera","twitter_misc":{"Estimated reading time":"7 minutes"},"schema":{"@context":"https:\/\/schema.org","@graph":[{"@type":"WebPage","@id":"https:\/\/salonforall.it\/poltrona-da-parrucchiere-gabbiano-helsinki-nera\/","url":"https:\/\/salonforall.it\/poltrona-da-parrucchiere-gabbiano-helsinki-nera\/","name":"Poltrona Da Parrucchiere Gabbiano Helsinki Nera acquistare","isPartOf":{"@id":"https:\/\/salonforall.it\/#website"},"primaryImageOfPage":{"@id":"https:\/\/salonforall.it\/poltrona-da-parrucchiere-gabbiano-helsinki-nera\/#primaryimage"},"image":{"@id":"https:\/\/salonforall.it\/poltrona-da-parrucchiere-gabbiano-helsinki-nera\/#primaryimage"},"thumbnailUrl":"https:\/\/salonforall.it\/wp-content\/uploads\/2025\/12\/Poltrona-Da-Parrucchiere-Gabbiano-Helsinki-Nera-1.jpg","datePublished":"2025-12-03T09:26:39+00:00","dateModified":"2026-05-12T02:01:55+00:00","description":"Acquista Poltrona Da Parrucchiere Gabbiano Helsinki Nera online o nello showroom da Salon For All Italia. Il grossista per saloni, studi e spa in Italia e Svizzera.","breadcrumb":{"@id":"https:\/\/salonforall.it\/poltrona-da-parrucchiere-gabbiano-helsinki-nera\/#breadcrumb"},"inLanguage":"en-GB","potentialAction":[{"@type":"ReadAction","target":["https:\/\/salonforall.it\/poltrona-da-parrucchiere-gabbiano-helsinki-nera\/"]}]},{"@type":"ImageObject","inLanguage":"en-GB","@id":"https:\/\/salonforall.it\/poltrona-da-parrucchiere-gabbiano-helsinki-nera\/#primaryimage","url":"https:\/\/salonforall.it\/wp-content\/uploads\/2025\/12\/Poltrona-Da-Parrucchiere-Gabbiano-Helsinki-Nera-1.jpg","contentUrl":"https:\/\/salonforall.it\/wp-content\/uploads\/2025\/12\/Poltrona-Da-Parrucchiere-Gabbiano-Helsinki-Nera-1.jpg","width":1200,"height":1200,"caption":"Poltrona Da Parrucchiere Gabbiano Helsinki Nera"},{"@type":"BreadcrumbList","@id":"https:\/\/salonforall.it\/poltrona-da-parrucchiere-gabbiano-helsinki-nera\/#breadcrumb","itemListElement":[{"@type":"ListItem","position":1,"name":"Home","item":"https:\/\/salonforall.it\/"},{"@type":"ListItem","position":2,"name":"Winkel","item":"https:\/\/salonforall.it\/winkel\/"},{"@type":"ListItem","position":3,"name":"Poltrona Da Parrucchiere Gabbiano Helsinki Nera"}]},{"@type":"WebSite","@id":"https:\/\/salonforall.it\/#website","url":"https:\/\/salonforall.it\/","name":"Salon For All Italia","description":"Grossista di mobili e forniture per studi medici e saloni","publisher":{"@id":"https:\/\/salonforall.it\/#organization"},"potentialAction":[{"@type":"SearchAction","target":{"@type":"EntryPoint","urlTemplate":"https:\/\/salonforall.it\/?s={search_term_string}"},"query-input":{"@type":"PropertyValueSpecification","valueRequired":true,"valueName":"search_term_string"}}],"inLanguage":"en-GB"},{"@type":"Organization","@id":"https:\/\/salonforall.it\/#organization","name":"Salon For All Italia","url":"https:\/\/salonforall.it\/","logo":{"@type":"ImageObject","inLanguage":"en-GB","@id":"https:\/\/salonforall.it\/#\/schema\/logo\/image\/","url":"https:\/\/salonforall.it\/wp-content\/uploads\/2025\/11\/logo-salon-for-all-e1764543264615.png","contentUrl":"https:\/\/salonforall.it\/wp-content\/uploads\/2025\/11\/logo-salon-for-all-e1764543264615.png","width":500,"height":150,"caption":"Salon For All Italia"},"image":{"@id":"https:\/\/salonforall.it\/#\/schema\/logo\/image\/"}}]}},"_links":{"self":[{"href":"https:\/\/salonforall.it\/en\/wp-json\/wp\/v2\/product\/4943","targetHints":{"allow":["GET"]}}],"collection":[{"href":"https:\/\/salonforall.it\/en\/wp-json\/wp\/v2\/product"}],"about":[{"href":"https:\/\/salonforall.it\/en\/wp-json\/wp\/v2\/types\/product"}],"replies":[{"embeddable":true,"href":"https:\/\/salonforall.it\/en\/wp-json\/wp\/v2\/comments?post=4943"}],"wp:featuredmedia":[{"embeddable":true,"href":"https:\/\/salonforall.it\/en\/wp-json\/wp\/v2\/media\/4944"}],"wp:attachment":[{"href":"https:\/\/salonforall.it\/en\/wp-json\/wp\/v2\/media?parent=4943"}],"wp:term":[{"taxonomy":"product_brand","embeddable":true,"href":"https:\/\/salonforall.it\/en\/wp-json\/wp\/v2\/product_brand?post=4943"},{"taxonomy":"product_cat","embeddable":true,"href":"https:\/\/salonforall.it\/en\/wp-json\/wp\/v2\/product_cat?post=4943"},{"taxonomy":"product_tag","embeddable":true,"href":"https:\/\/salonforall.it\/en\/wp-json\/wp\/v2\/product_tag?post=4943"}],"curies":[{"name":"wp","href":"https:\/\/api.w.org\/{rel}","templated":true}]}}