{"id":5047,"date":"2025-12-03T09:27:44","date_gmt":"2025-12-03T09:27:44","guid":{"rendered":"https:\/\/salonforall.it\/balsamo-digitale-per-capelli-kessner-ultra-infra\/"},"modified":"2026-05-12T02:01:58","modified_gmt":"2026-05-12T02:01:58","slug":"balsamo-digitale-per-capelli-kessner-ultra-infra","status":"publish","type":"product","link":"https:\/\/salonforall.it\/en\/balsamo-digitale-per-capelli-kessner-ultra-infra\/","title":{"rendered":"Balsamo Digitale Per Capelli Kessner Ultra &#038; Infra"},"content":{"rendered":"<h2>Informazioni su Balsamo Digitale Per Capelli Kessner Ultra &#038; Infra con codice articolo 109773<\/h2>\n<div> Piastra ultrasonica digitale ultra e infra per la ricostruzione dei capelli a infrarossi e il trattamento alla cheratina. <\/p>\n<p> Piastra moderna e tecnologicamente avanzata che produce ultrasuoni con un raggio infrarosso per introdurre i cosmetici nelle parti profonde del capello. Con il suo aiuto, \u00e8 possibile eseguire trattamenti rigeneranti per capelli, particolarmente consigliati per prodotti contenenti cheratina. Pu\u00f2 essere utilizzata nel processo di colorazione per intensificare e migliorare la resistenza del colore. La piastra non genera temperatura, quindi non liscia i capelli. <\/p><\/div>\n<div> Descrizione dell&#8217;uso: <br \/> La colorazione dei capelli, cos\u00ec come i trattamenti di cura e nutrimento, non sono sempre precisi al 100%. Efficaci. Il pi\u00f9 delle volte i nutrienti e i pigmenti non vengono completamente assorbiti dai capelli, perch\u00e9 la cuticola \u00e8 una barriera protettiva che impedisce la penetrazione della sostanza preziosa contenuta nel cosmetico nelle parti profonde del capello. D&#8217;altra parte, se la cuticola non \u00e8 correttamente chiusa dopo il trattamento, si verifica un rapido processo di risciacquo del pigmento o dei nutrienti. In questo modo, i capelli sono privi di lucentezza setosa e struttura liscia. Grazie al nostro prodotto il livello di assorbimento degli ingredienti menzionati aumenta del 40-60%. Questo perch\u00e9 gli ultrasuoni scompongono la struttura liquida del cosmetico in microparticelle, che, a causa delle loro dimensioni, penetrano nei capelli pi\u00f9 facilmente, pi\u00f9 in profondit\u00e0 e in maggiore quantit\u00e0. L&#8217;innovativo ferro digitale ultra &#038; infra non si riscalda, funziona a temperatura ambiente perch\u00e9 l&#8217;alta temperatura \u00e8 dannosa e ha un impatto negativo sulla condizione dei capelli. La cuticola del capello si espande sotto l&#8217;influenza del calore, che provoca la perdita di acqua dai capelli e la rottura delle proteine. <\/div>\n<div> Grazie all&#8217;innovativa tecnologia utilizzata in ultra &#038; infra digital, i professionisti saranno in grado di fornire i loro servizi in modo ancora pi\u00f9 efficiente. Gli effetti dei trattamenti e dei trattamenti di rigenerazione dei capelli nel salone riceveranno una nuova dimensione e qualit\u00e0 che non era stata possibile finora. <\/div>\n<div> Consigli per l&#8217;uso dello strumento: <\/div>\n<div> &#8211; lavare i capelli con uno shampoo appropriato. Quindi risciacquare abbondantemente i capelli con acqua tiepida. (preferibilmente shampoo rigeneranti) <\/div>\n<div> &#8211; asciugare i capelli con un asciugacapelli a temperatura media fino a quando non sono asciutti circa all&#8217;80%. <\/div>\n<div> &#8211; dividere i capelli in pi\u00f9 parti <\/div>\n<div> &#8211; nel caso di trattamenti nutrienti e condizionanti, applicare una crema sui capelli, ad esempio una miscela di un liquido con olio ristrutturante, caricato con ioni negativi o qualsiasi altro tipo di balsamo \/ maschera, massaggiare accuratamente sui capelli. <\/div>\n<div> per la colorazione, applicare la miscela colorante sui capelli e massaggiare accuratamente. <\/div>\n<div> &#8211; ora utilizzare lo strumento sauna riparatore ferro, pinzare ogni sezione di capelli 3-5 volte ciascuna nello stesso modo in cui si utilizza una piastra per capelli, fino a quando i nutrienti contenuti nella crema non saranno completamente assorbiti. <\/div>\n<div> tecnologia: <\/div>\n<div> infrarossi &#8211; che cosa sono i raggi infrarossi lontani? <\/div>\n<div> in medicina questa radiazione viene utilizzata, tra l&#8217;altro, nel caso della guarigione delle ferite, gli effetti sono eccellenti e la procedura \u00e8 indolore. nel caso di questo dispositivo, la radiazione infrarossa viene utilizzata per rigenerare il tessuto dei capelli danneggiato e stimolare la circolazione sanguigna nel cuoio capelluto, vicino alle radici dei capelli, grazie alla quale diventano meglio nutriti e pi\u00f9 sani. <\/div>\n<div> grazie all&#8217;azione della luce ambipolare con una frequenza di 68000 Hz e una lunghezza di 680 nm, vengono creati nuovi legami negli amminoacidi, questo ripristina l&#8217;elasticit\u00e0 delle fibre dei capelli e la cuticola si chiude. i capelli diventano visibilmente pi\u00f9 sani e riacquistano la loro lucentezza. <\/div>\n<div> <\/div>\n<div> ultrasuoni &#8211; come funzionano gli ultrasuoni? <\/div>\n<div> Le molecole d&#8217;acqua si presentano in 3 stati di aggregazione: solido (sotto 0\u201d), liquido (a temperatura normale) e gassoso (sopra 100\u201d c). <\/div>\n<div> Nel caso del nostro dispositivo, le vibrazioni delle onde portano l&#8217;acqua direttamente allo stato gassoso, modificando la struttura delle molecole senza aumentare la temperatura. Ci\u00f2 avviene a temperatura ambiente, il ferro da stiro non si riscalda perch\u00e9 le piastre del ferro non hanno i tipici riscaldatori. Grazie all&#8217;azione delle vibrazioni magnetiche dinamiche con una frequenza di 36.000 vibrazioni al secondo, le microparticelle ultra-micro di acqua, proteine \u200b\u200be nutrienti penetrano direttamente nella corteccia del capello, nelle parti profonde. Gli ultrasuoni &#8220;spingono&#8221; i nutrienti contenuti nei cosmetici nelle parti profonde del capello. <\/div>\n<div> sinergia di radiazioni infrarosse e ultrasuoni <\/div>\n<div> grazie agli ultrasuoni, i nutrienti e i pigmenti vengono assorbiti efficacemente dai capelli e i raggi infrarossi rigenerano direttamente il tessuto capillare danneggiato. Questo avviene senza bisogno di riscaldare i capelli, il che impedisce alla cuticola di gonfiarsi e di espandersi. tutto ci\u00f2 far\u00e0 s\u00ec che la corteccia del capello (rivestimento) si ricostruisca, prevenendo doppie punte e rottura dei capelli. l&#8217;elasticit\u00e0 dei capelli sar\u00e0 rafforzata e l&#8217;azione dei nutrienti e dei pigmenti accelerata e migliorata. <\/div>\n<div> <\/div>\n<div> dati tecnici ce: <\/div>\n<div> &#8211; scala di radiazione infrarossa: 6800 hz (680nm) <\/div>\n<div> &#8211; frequenza degli ultrasuoni: 36.000 vibrazioni \/ secondo <\/div>\n<div> &#8211; tensione: 110 &#8211; 240v <\/div>\n<div> &#8211; frequenza: 50 &#8211; 60hz <\/div>\n<div> &#8211; potenza: 20w <\/div>\n<div> &#8211; tensione: 35vdc <\/div>\n<div> &#8211; dimensioni della piastra &#8211; 25 x 90 mm <\/div>\n<div> nota: dopo aver piegato le piastre del dispositivo per pi\u00f9 di 10 secondi, gli ultrasuoni verranno automaticamente disattivati, dopo aver aperto le piastre, verranno riavviati.<\/p>\n<p>I prodotti Activeshop sono proporzionalmente pi\u00f9 economici di molti altri marchi\/fornitori. Il prezzo \u00e8 proporzionato alla qualit\u00e0. Balsamo Digitale Per Capelli Kessner Ultra &#038; Infra \u00e8 quindi una soluzione accessibile per il tuo salone.<\/p>\n<h2>Come viene consegnato Balsamo Digitale Per Capelli Kessner Ultra &#038; Infra?<\/h2>\n<p>Balsamo Digitale Per Capelli Kessner Ultra &#038; Infra viene consegnato nella confezione originale. In Italia la spedizione di Balsamo Digitale Per Capelli Kessner Ultra &#038; Infra \u00e8 completamente gratuita per ordini a partire da 100,- euro. Per spedizioni verso altri paesi si applicano tariffe di spedizione separate. Puoi richiedere queste tariffe o trovarle nel carrello. Balsamo Digitale Per Capelli Kessner Ultra &#038; Infra viene spedito tramite un corriere esterno.<\/p>\n<p>I pacchi o i pallet vengono consegnati di serie fino alla soglia della porta d&#8217;ingresso, anche se ti trovi in un edificio collettivo, condominio o complesso residenziale con ascensore (a condizione che l&#8217;articolo entri nell&#8217;ascensore). Non c&#8217;\u00e8 un ascensore o l&#8217;articolo non entra nell&#8217;ascensore? Allora consegniamo fino alla soglia del piano terra.<\/p>\n<p>Hai ancora domande sulla consegna o una situazione particolare? Contattaci e saremo lieti di aiutarti!<\/p>\n<p>*Gli articoli non vengono disimballati o montati di serie. In situazioni particolari puoi contattarci per fare accordi in merito.<\/p>\n<h2>Acquisti online sicuri su Salon For All con il marchio di qualit\u00e0 Webwinkelkeur e crittografia SSL<\/h2>\n<p>\u00c8 importante per noi che i nostri clienti possano fare acquisti online in sicurezza. Siamo affiliati al marchio di qualit\u00e0 nazionale Webwinkelkeur dal 2019. La nostra identit\u00e0 \u00e8 stata controllata e verificata da loro e il negozio online \u00e8 stato controllato e approvato legalmente. Inoltre, il nostro negozio online \u00e8 affiliato a loro per la mediazione delle controversie. Puoi vedere il badge con tutte le informazioni di questo marchio di qualit\u00e0 del negozio online sul lato sinistro o destro del negozio online (pulsante rosa con bianco). Inoltre, il nostro sito \u00e8 protetto con un certificato SSL in modo da poter navigare in sicurezza. Nella barra del tuo browser Internet, dove \u00e8 indicato il nostro sito web, vedrai un&#8217;icona a forma di lucchetto. Se clicchi sul lucchetto, otterrai tutte le informazioni sulla nostra sicurezza. In questo modo sai che il tuo ordine di Balsamo Digitale Per Capelli Kessner Ultra &#038; Infra e i tuoi dati personali vengono elaborati in modo sicuro.<\/p>\n<h2>Come posso pagare Balsamo Digitale Per Capelli Kessner Ultra &#038; Infra?<\/h2>\n<p>Vogliamo renderti le cose il pi\u00f9 semplici possibile. Ecco perch\u00e9 su Salon For All puoi pagare con tutti i metodi di pagamento noti e comuni. Pagare in anticipo, alla consegna o in seguito; tutto \u00e8 possibile. Vedi qui tutti i metodi di pagamento che offriamo:<\/p>\n<ul>\n<li>iDEAL<\/li>\n<li>Carta di credito (Visa, Mastercard, American Express)<\/li>\n<li>Klarna &#8211; Pagamento posticipato con fattura<\/li>\n<li>PayPal<\/li>\n<li>Apple Pay<\/li>\n<li>Google Pay<\/li>\n<li>Bancontact<\/li>\n<li>Bonifico bancario SEPA<\/li>\n<li>MyBank (per clienti italiani)<\/li>\n<li>Fattura aziendale per imprese<\/li>\n<li>Pagamento nello showroom &#8211; Sia carta che contanti (Disponibile solo per il ritiro)<\/li>\n<\/ul>\n<h2>Consulta anche le recensioni di Salon For All<\/h2>\n<p>Consulta anche le nostre recensioni per tenere conto delle esperienze dei nostri clienti attuali nella tua decisione di ordinare Balsamo Digitale Per Capelli Kessner Ultra &#038; Infra da noi. Attraverso il nostro marchio di qualit\u00e0 indipendente del negozio online Webwinkelkeur, vengono raccolte automaticamente recensioni verificate di clienti che hanno completato un ordine con noi. Puoi trovarle dietro il pulsante rosa sul nostro negozio online o sono elencate sotto i prodotti.<\/p>\n<p>Condividi anche la tua esperienza dopo il tuo acquisto con il tuo Balsamo Digitale Per Capelli Kessner Ultra &#038; Infra ordinato e la tua esperienza con il processo di acquisto o il contatto con Salon For All per ispirare gli altri!<\/p>\n<h2>Contatto con Salon For All<\/h2>\n<p>Contattaci allora. Saremo lieti di aiutarti con l&#8217;acquisto di Balsamo Digitale Per Capelli Kessner Ultra &#038; Infra. Nei giorni feriali siamo raggiungibili al meglio tra le 8.30 e le 17.00 tramite il numero di telefono e l&#8217;indirizzo e-mail nella parte superiore del negozio online o tramite la funzione chat. Le domande al di fuori dell&#8217;orario d&#8217;ufficio vengono generalmente risposte entro 24 ore. \u00c8 anche possibile venirci a trovare al di fuori dei giorni feriali o dell&#8217;orario d&#8217;ufficio. Ma per questo \u00e8 necessario prendere un appuntamento in anticipo.<\/p>\n<h2>Vuoi venire nel nostro showroom?<\/h2>\n<p>Preferisci vedere Balsamo Digitale Per Capelli Kessner Ultra &#038; Infra o esplorare la nostra offerta del negozio (online) insieme al nostro collega? Allora vieni nel nostro showroom con oltre 1000m\u00b2 di arredamento per saloni e lasciati ispirare dai nostri dipendenti. Anche se ti piace fare conoscenza in modo piacevole gustando una buona tazza di caff\u00e8 o t\u00e8, sei il benvenuto. Non abbiamo tutti i prodotti disponibili, quindi faccici sapere in anticipo che vuoi venire. Prendi sempre un appuntamento in anticipo.<\/p>\n<h2>14 giorni di riflessione e la nostra politica di reso<\/h2>\n<p>Naturalmente pu\u00f2 succedere che Balsamo Digitale Per Capelli Kessner Ultra &#038; Infra consegnato non sia completamente di tuo gradimento e tu voglia restituirlo. Questo non \u00e8 assolutamente un problema con Salon For All. Devi segnalare il tuo reso entro 14 giorni lavorativi tramite <a href=\"mailto:info@salonforall.com\">info@salonforall.it<\/a>. Riceverai quindi prima tutte le istruzioni e condizioni di reso. Si prega di notare che Balsamo Digitale Per Capelli Kessner Ultra &#038; Infra non deve essere stato utilizzato, deve contenere tutte le parti fornite e deve essere restituito imballato nella confezione originale. I costi di spedizione per un reso sono sempre a carico dell&#8217;acquirente per gli acquisti tramite www.salonforall.it. Devi organizzare tu stesso un trasporto presso un corriere di tua scelta per un reso. Una volta che Balsamo Digitale Per Capelli Kessner Ultra &#038; Infra \u00e8 stato restituito, verr\u00e0 controllato per completezza e danni. Una volta che il reso \u00e8 stato approvato, l&#8217;importo di acquisto verr\u00e0 rimborsato entro 5 giorni lavorativi sul conto bancario da noi conosciuto.<\/p>\n<h2>Chi \u00e8 Salon For All?<\/h2>\n<p>Salon For All \u00e8 IL grossista per ogni arredamento di saloni in Europa. Salon For All \u00e8 iniziato nel 2003 con il nome Salonvoordeel ed \u00e8 nato dalla pratica. I proprietari di Salon For All erano parrucchieri e specialisti della bellezza esperti e hanno insieme oltre 30 anni di esperienza pratica. Nel 2003 abbiamo lanciato Salonvoordeel.nl (Paesi Bassi) e successivamente \u00e8 stato fondato Salon For All per il mercato europeo. Alcuni dei nostri dipendenti hanno avviato una propria attivit\u00e0 e cos\u00ec \u00e8 nata l&#8217;idea di avviare un negozio online funzionale per parrucchieri e aiutarli con l&#8217;arredamento del loro salone.<\/p>\n<p>Il nostro showroom si trova a Dinxperlo, direttamente al confine tra i Paesi Bassi e la Germania. Con la nostra pluriennale esperienza nel settore possiamo farti da specchio e fornirti la giusta consulenza. Parliamo la stessa lingua! Ti consigliamo, ispiriamo, motiviamo e ti aiutiamo nell&#8217;acquisto di Balsamo Digitale Per Capelli Kessner Ultra &#038; Infra. I nostri fornitori si trovano in tutta Europa, dalla Germania, Inghilterra, Italia fino alla Polonia.<\/p>","protected":false},"excerpt":{"rendered":"<p>Il prodotto Balsamo Digitale Per Capelli Kessner Ultra &#038; Infra \u00e8 una soluzione conveniente per qualsiasi salone o studio professionale. Il tempo di consegna previsto \u00e8 di circa 6 giorni lavorativi.<\/p>","protected":false},"featured_media":5048,"comment_status":"open","ping_status":"open","template":"","meta":[],"product_brand":[384],"product_cat":[114,115,385],"product_tag":[117,386],"class_list":{"0":"post-5047","1":"product","2":"type-product","3":"status-publish","4":"has-post-thumbnail","6":"product_brand-kessner","7":"product_cat-attrezzature-per-parrucchieri","8":"product_cat-attrezzature-per-parrucchieri-attrezzature-per-parrucchieri","9":"product_cat-dispositivi-kessner","10":"product_tag-attrezzature-per-parrucchieri","11":"product_tag-dispositivi-kessner","12":"pa_codice-ean-382","13":"pa_garanzia-12-mesi","14":"pa_marca-kessner","15":"pa_numero-dellarticolo-381","16":"pa_tempo-di-consegna-stimato-3-4-giorni-lavorativi","18":"first","19":"instock","20":"sale","21":"taxable","22":"shipping-taxable","23":"purchasable","24":"product-type-simple"},"yoast_head":"<!-- This site is optimized with the Yoast SEO plugin v27.5 - https:\/\/yoast.com\/product\/yoast-seo-wordpress\/ -->\n<title>Balsamo Digitale Per Capelli Kessner Ultra &amp; Infra acquistare<\/title>\n<meta name=\"description\" content=\"Acquista Balsamo Digitale Per Capelli Kessner Ultra &amp; Infra online o nello showroom da Salon For All Italia. Il grossista per saloni, studi e spa in Italia e Svizzera.\" \/>\n<meta name=\"robots\" content=\"index, follow, max-snippet:-1, max-image-preview:large, max-video-preview:-1\" \/>\n<link rel=\"canonical\" href=\"https:\/\/salonforall.it\/en\/balsamo-digitale-per-capelli-kessner-ultra-infra\/\" \/>\n<meta property=\"og:locale\" content=\"en_GB\" \/>\n<meta property=\"og:type\" content=\"article\" \/>\n<meta property=\"og:title\" content=\"Balsamo Digitale Per Capelli Kessner Ultra &amp; Infra\" \/>\n<meta property=\"og:description\" content=\"Acquista Balsamo Digitale Per Capelli Kessner Ultra &amp; Infra online o nello showroom da Salon For All Italia. Il grossista per saloni, studi e spa in Italia e Svizzera.\" \/>\n<meta property=\"og:url\" content=\"https:\/\/salonforall.it\/en\/balsamo-digitale-per-capelli-kessner-ultra-infra\/\" \/>\n<meta property=\"og:site_name\" content=\"Salon For All Italia\" \/>\n<meta property=\"article:modified_time\" content=\"2026-05-12T02:01:58+00:00\" \/>\n<meta property=\"og:image\" content=\"https:\/\/salonforall.it\/wp-content\/uploads\/2025\/12\/Balsamo-Digitale-Per-Capelli-Kessner-Ultra-Infra-1.jpg\" \/>\n\t<meta property=\"og:image:width\" content=\"1200\" \/>\n\t<meta property=\"og:image:height\" content=\"1200\" \/>\n\t<meta property=\"og:image:type\" content=\"image\/jpeg\" \/>\n<meta name=\"twitter:card\" content=\"summary_large_image\" \/>\n<meta name=\"twitter:title\" content=\"Balsamo Digitale Per Capelli Kessner Ultra &amp; Infra\" \/>\n<meta name=\"twitter:label1\" content=\"Estimated reading time\" \/>\n\t<meta name=\"twitter:data1\" content=\"10 minutes\" \/>\n<script type=\"application\/ld+json\" class=\"yoast-schema-graph\">{\"@context\":\"https:\\\/\\\/schema.org\",\"@graph\":[{\"@type\":\"WebPage\",\"@id\":\"https:\\\/\\\/salonforall.it\\\/balsamo-digitale-per-capelli-kessner-ultra-infra\\\/\",\"url\":\"https:\\\/\\\/salonforall.it\\\/balsamo-digitale-per-capelli-kessner-ultra-infra\\\/\",\"name\":\"Balsamo Digitale Per Capelli Kessner Ultra & Infra acquistare\",\"isPartOf\":{\"@id\":\"https:\\\/\\\/salonforall.it\\\/#website\"},\"primaryImageOfPage\":{\"@id\":\"https:\\\/\\\/salonforall.it\\\/balsamo-digitale-per-capelli-kessner-ultra-infra\\\/#primaryimage\"},\"image\":{\"@id\":\"https:\\\/\\\/salonforall.it\\\/balsamo-digitale-per-capelli-kessner-ultra-infra\\\/#primaryimage\"},\"thumbnailUrl\":\"https:\\\/\\\/salonforall.it\\\/wp-content\\\/uploads\\\/2025\\\/12\\\/Balsamo-Digitale-Per-Capelli-Kessner-Ultra-Infra-1.jpg\",\"datePublished\":\"2025-12-03T09:27:44+00:00\",\"dateModified\":\"2026-05-12T02:01:58+00:00\",\"description\":\"Acquista Balsamo Digitale Per Capelli Kessner Ultra & Infra online o nello showroom da Salon For All Italia. Il grossista per saloni, studi e spa in Italia e Svizzera.\",\"breadcrumb\":{\"@id\":\"https:\\\/\\\/salonforall.it\\\/balsamo-digitale-per-capelli-kessner-ultra-infra\\\/#breadcrumb\"},\"inLanguage\":\"en-GB\",\"potentialAction\":[{\"@type\":\"ReadAction\",\"target\":[\"https:\\\/\\\/salonforall.it\\\/balsamo-digitale-per-capelli-kessner-ultra-infra\\\/\"]}]},{\"@type\":\"ImageObject\",\"inLanguage\":\"en-GB\",\"@id\":\"https:\\\/\\\/salonforall.it\\\/balsamo-digitale-per-capelli-kessner-ultra-infra\\\/#primaryimage\",\"url\":\"https:\\\/\\\/salonforall.it\\\/wp-content\\\/uploads\\\/2025\\\/12\\\/Balsamo-Digitale-Per-Capelli-Kessner-Ultra-Infra-1.jpg\",\"contentUrl\":\"https:\\\/\\\/salonforall.it\\\/wp-content\\\/uploads\\\/2025\\\/12\\\/Balsamo-Digitale-Per-Capelli-Kessner-Ultra-Infra-1.jpg\",\"width\":1200,\"height\":1200,\"caption\":\"Balsamo Digitale Per Capelli Kessner Ultra & Infra\"},{\"@type\":\"BreadcrumbList\",\"@id\":\"https:\\\/\\\/salonforall.it\\\/balsamo-digitale-per-capelli-kessner-ultra-infra\\\/#breadcrumb\",\"itemListElement\":[{\"@type\":\"ListItem\",\"position\":1,\"name\":\"Home\",\"item\":\"https:\\\/\\\/salonforall.it\\\/\"},{\"@type\":\"ListItem\",\"position\":2,\"name\":\"Winkel\",\"item\":\"https:\\\/\\\/salonforall.it\\\/winkel\\\/\"},{\"@type\":\"ListItem\",\"position\":3,\"name\":\"Balsamo Digitale Per Capelli Kessner Ultra &#038; Infra\"}]},{\"@type\":\"WebSite\",\"@id\":\"https:\\\/\\\/salonforall.it\\\/#website\",\"url\":\"https:\\\/\\\/salonforall.it\\\/\",\"name\":\"Salon For All Italia\",\"description\":\"Grossista di mobili e forniture per studi medici e saloni\",\"publisher\":{\"@id\":\"https:\\\/\\\/salonforall.it\\\/#organization\"},\"potentialAction\":[{\"@type\":\"SearchAction\",\"target\":{\"@type\":\"EntryPoint\",\"urlTemplate\":\"https:\\\/\\\/salonforall.it\\\/?s={search_term_string}\"},\"query-input\":{\"@type\":\"PropertyValueSpecification\",\"valueRequired\":true,\"valueName\":\"search_term_string\"}}],\"inLanguage\":\"en-GB\"},{\"@type\":\"Organization\",\"@id\":\"https:\\\/\\\/salonforall.it\\\/#organization\",\"name\":\"Salon For All Italia\",\"url\":\"https:\\\/\\\/salonforall.it\\\/\",\"logo\":{\"@type\":\"ImageObject\",\"inLanguage\":\"en-GB\",\"@id\":\"https:\\\/\\\/salonforall.it\\\/#\\\/schema\\\/logo\\\/image\\\/\",\"url\":\"https:\\\/\\\/salonforall.it\\\/wp-content\\\/uploads\\\/2025\\\/11\\\/logo-salon-for-all-e1764543264615.png\",\"contentUrl\":\"https:\\\/\\\/salonforall.it\\\/wp-content\\\/uploads\\\/2025\\\/11\\\/logo-salon-for-all-e1764543264615.png\",\"width\":500,\"height\":150,\"caption\":\"Salon For All Italia\"},\"image\":{\"@id\":\"https:\\\/\\\/salonforall.it\\\/#\\\/schema\\\/logo\\\/image\\\/\"}}]}<\/script>\n<!-- \/ Yoast SEO plugin. -->","yoast_head_json":{"title":"Balsamo Digitale Per Capelli Kessner Ultra & Infra acquistare","description":"Acquista Balsamo Digitale Per Capelli Kessner Ultra & Infra online o nello showroom da Salon For All Italia. Il grossista per saloni, studi e spa in Italia e Svizzera.","robots":{"index":"index","follow":"follow","max-snippet":"max-snippet:-1","max-image-preview":"max-image-preview:large","max-video-preview":"max-video-preview:-1"},"canonical":"https:\/\/salonforall.it\/en\/balsamo-digitale-per-capelli-kessner-ultra-infra\/","og_locale":"en_GB","og_type":"article","og_title":"Balsamo Digitale Per Capelli Kessner Ultra & Infra","og_description":"Acquista Balsamo Digitale Per Capelli Kessner Ultra & Infra online o nello showroom da Salon For All Italia. Il grossista per saloni, studi e spa in Italia e Svizzera.","og_url":"https:\/\/salonforall.it\/en\/balsamo-digitale-per-capelli-kessner-ultra-infra\/","og_site_name":"Salon For All Italia","article_modified_time":"2026-05-12T02:01:58+00:00","og_image":[{"width":1200,"height":1200,"url":"https:\/\/salonforall.it\/wp-content\/uploads\/2025\/12\/Balsamo-Digitale-Per-Capelli-Kessner-Ultra-Infra-1.jpg","type":"image\/jpeg"}],"twitter_card":"summary_large_image","twitter_title":"Balsamo Digitale Per Capelli Kessner Ultra & Infra","twitter_misc":{"Estimated reading time":"10 minutes"},"schema":{"@context":"https:\/\/schema.org","@graph":[{"@type":"WebPage","@id":"https:\/\/salonforall.it\/balsamo-digitale-per-capelli-kessner-ultra-infra\/","url":"https:\/\/salonforall.it\/balsamo-digitale-per-capelli-kessner-ultra-infra\/","name":"Balsamo Digitale Per Capelli Kessner Ultra & Infra acquistare","isPartOf":{"@id":"https:\/\/salonforall.it\/#website"},"primaryImageOfPage":{"@id":"https:\/\/salonforall.it\/balsamo-digitale-per-capelli-kessner-ultra-infra\/#primaryimage"},"image":{"@id":"https:\/\/salonforall.it\/balsamo-digitale-per-capelli-kessner-ultra-infra\/#primaryimage"},"thumbnailUrl":"https:\/\/salonforall.it\/wp-content\/uploads\/2025\/12\/Balsamo-Digitale-Per-Capelli-Kessner-Ultra-Infra-1.jpg","datePublished":"2025-12-03T09:27:44+00:00","dateModified":"2026-05-12T02:01:58+00:00","description":"Acquista Balsamo Digitale Per Capelli Kessner Ultra & Infra online o nello showroom da Salon For All Italia. Il grossista per saloni, studi e spa in Italia e Svizzera.","breadcrumb":{"@id":"https:\/\/salonforall.it\/balsamo-digitale-per-capelli-kessner-ultra-infra\/#breadcrumb"},"inLanguage":"en-GB","potentialAction":[{"@type":"ReadAction","target":["https:\/\/salonforall.it\/balsamo-digitale-per-capelli-kessner-ultra-infra\/"]}]},{"@type":"ImageObject","inLanguage":"en-GB","@id":"https:\/\/salonforall.it\/balsamo-digitale-per-capelli-kessner-ultra-infra\/#primaryimage","url":"https:\/\/salonforall.it\/wp-content\/uploads\/2025\/12\/Balsamo-Digitale-Per-Capelli-Kessner-Ultra-Infra-1.jpg","contentUrl":"https:\/\/salonforall.it\/wp-content\/uploads\/2025\/12\/Balsamo-Digitale-Per-Capelli-Kessner-Ultra-Infra-1.jpg","width":1200,"height":1200,"caption":"Balsamo Digitale Per Capelli Kessner Ultra & Infra"},{"@type":"BreadcrumbList","@id":"https:\/\/salonforall.it\/balsamo-digitale-per-capelli-kessner-ultra-infra\/#breadcrumb","itemListElement":[{"@type":"ListItem","position":1,"name":"Home","item":"https:\/\/salonforall.it\/"},{"@type":"ListItem","position":2,"name":"Winkel","item":"https:\/\/salonforall.it\/winkel\/"},{"@type":"ListItem","position":3,"name":"Balsamo Digitale Per Capelli Kessner Ultra &#038; Infra"}]},{"@type":"WebSite","@id":"https:\/\/salonforall.it\/#website","url":"https:\/\/salonforall.it\/","name":"Salon For All Italia","description":"Grossista di mobili e forniture per studi medici e saloni","publisher":{"@id":"https:\/\/salonforall.it\/#organization"},"potentialAction":[{"@type":"SearchAction","target":{"@type":"EntryPoint","urlTemplate":"https:\/\/salonforall.it\/?s={search_term_string}"},"query-input":{"@type":"PropertyValueSpecification","valueRequired":true,"valueName":"search_term_string"}}],"inLanguage":"en-GB"},{"@type":"Organization","@id":"https:\/\/salonforall.it\/#organization","name":"Salon For All Italia","url":"https:\/\/salonforall.it\/","logo":{"@type":"ImageObject","inLanguage":"en-GB","@id":"https:\/\/salonforall.it\/#\/schema\/logo\/image\/","url":"https:\/\/salonforall.it\/wp-content\/uploads\/2025\/11\/logo-salon-for-all-e1764543264615.png","contentUrl":"https:\/\/salonforall.it\/wp-content\/uploads\/2025\/11\/logo-salon-for-all-e1764543264615.png","width":500,"height":150,"caption":"Salon For All Italia"},"image":{"@id":"https:\/\/salonforall.it\/#\/schema\/logo\/image\/"}}]}},"_links":{"self":[{"href":"https:\/\/salonforall.it\/en\/wp-json\/wp\/v2\/product\/5047","targetHints":{"allow":["GET"]}}],"collection":[{"href":"https:\/\/salonforall.it\/en\/wp-json\/wp\/v2\/product"}],"about":[{"href":"https:\/\/salonforall.it\/en\/wp-json\/wp\/v2\/types\/product"}],"replies":[{"embeddable":true,"href":"https:\/\/salonforall.it\/en\/wp-json\/wp\/v2\/comments?post=5047"}],"wp:featuredmedia":[{"embeddable":true,"href":"https:\/\/salonforall.it\/en\/wp-json\/wp\/v2\/media\/5048"}],"wp:attachment":[{"href":"https:\/\/salonforall.it\/en\/wp-json\/wp\/v2\/media?parent=5047"}],"wp:term":[{"taxonomy":"product_brand","embeddable":true,"href":"https:\/\/salonforall.it\/en\/wp-json\/wp\/v2\/product_brand?post=5047"},{"taxonomy":"product_cat","embeddable":true,"href":"https:\/\/salonforall.it\/en\/wp-json\/wp\/v2\/product_cat?post=5047"},{"taxonomy":"product_tag","embeddable":true,"href":"https:\/\/salonforall.it\/en\/wp-json\/wp\/v2\/product_tag?post=5047"}],"curies":[{"name":"wp","href":"https:\/\/api.w.org\/{rel}","templated":true}]}}