{"id":5101,"date":"2025-12-03T09:27:44","date_gmt":"2025-12-03T09:27:44","guid":{"rendered":"https:\/\/salonforall.it\/syis-fiale-vitaminiche-cocktail-10-x-3-ml\/"},"modified":"2026-05-14T02:01:33","modified_gmt":"2026-05-14T02:01:33","slug":"syis-fiale-vitaminiche-cocktail-10-x-3-ml","status":"publish","type":"product","link":"https:\/\/salonforall.it\/en\/syis-fiale-vitaminiche-cocktail-10-x-3-ml\/","title":{"rendered":"Syis Fiale Vitaminiche Cocktail 10 X 3 Ml"},"content":{"rendered":"<h2>Informazioni su Syis Fiale Vitaminiche Cocktail 10 X 3 Ml con codice articolo 110965<\/h2>\n<div>\n<div>\n<div> Fiale di cocktail vitaminico pensate per tutti i tipi di pelle. Consigliate soprattutto per pelli che necessitano di nutrimento e rigenerazione. Grazie al contenuto di pantenolo, vitamine A, E, PP e acido linoleico, regolano l&#8217;esfoliazione dell&#8217;epidermide, rendono la pelle luminosa, rinforzano la pelle, ne migliorano l&#8217;elasticit\u00e0 e la proteggono dai fattori esterni avversi. <\/div>\n<div> <\/div>\n<div> Principi attivi: <\/div>\n<div> <\/div>\n<div> Pantenolo e provitamina B5. La vitamina B si trova in ogni cellula vivente della pelle e dei capelli. Ha propriet\u00e0 antinfiammatorie e antibatteriche, accelera i processi di rigenerazione dell&#8217;epidermide. Rende la pelle liscia. \u00c8 un ingrediente con effetto curativo, lenitivo e idratante. Penetra facilmente nella pelle, riduce la perdita di acqua attraverso l&#8217;epidermide e idrata efficacemente la pelle, rendendola morbida ed elastica. Utile nella guarigione di ferite e piccole lesioni cutanee e nel trattamento delle cicatrici. <\/div>\n<div> <\/div>\n<div> niacinamide <br \/> vitamina pp \/ b3 migliora l&#8217;afflusso di sangue alla pelle, stimola la sintesi del collagene nei fibroblasti maturi, riduce le rughe sottili, tonifica la pelle danneggiata dai raggi UV. \u00c8 un potente antiossidante, previene il processo di fotoinvecchiamento. La niacinamide ricostruisce la barriera protettiva naturale aumentando la sintesi di ceramidi, acidi grassi e colesterolo nello spazio intercellulare, aumenta l&#8217;idratazione e nutre la pelle. Riduce le discromie, ha propriet\u00e0 anti-acne. <\/div>\n<div> <\/div>\n<div> tocoferolo e vitamina E con propriet\u00e0 antiossidanti, inibiscono i processi di invecchiamento cutaneo e l&#8217;ossidazione radicale dei lipidi nell&#8217;epidermide e nel derma. ricostruisce la barriera epidermica naturale e previene efficacemente l&#8217;irritazione. previene l&#8217;infiammazione, rafforza le pareti dei vasi sanguigni e migliora la circolazione sanguigna nella pelle. <\/div>\n<div> <\/div>\n<div> acido linoleico e acido linoleico, omega-6 \u00e8 uno degli acidi grassi insaturi essenziali. normalizza i processi di cheratinizzazione, riduce le discromie. \u00e8 responsabile della corretta idratazione della pelle e dei suoi processi rigenerativi, \u00e8 un componente del cemento intercellulare dello strato corneo. <\/div>\n<div> <\/div>\n<div> estratto di frutto di mangifera indica (mango) <br \/> <span> <span> estratto dall&#8217;epidermide. frutto di mango, ha propriet\u00e0 emollienti e protettive. idrata e condiziona. \u00e8 un ottimo antiossidante. <\/span><\/span> <\/div>\n<div><span><span><\/span> <\/span> <\/div>\n<div> palmitato di retinile <br \/> retinolo &#8211; la forma base della vitamina A. ringiovanisce la pelle, rassoda, illumina e rigenera l&#8217;epidermide. migliora il tono della pelle, la illumina, elimina le discromie e la leviga. rassoda lo strato vivo della pelle, rafforza le fibre di collagene, grazie alle quali viene ripristinata la sua elasticit\u00e0. <\/div>\n<div> <\/div>\n<p><span style=\"text-decoration: underline;\">Modo d&#8217;uso:<\/span><br \/>Le fiale sono progettate per trattamenti con sonoforesi, ultrasuoni, infusione, mesoterapia senza aghi e per uso esterno nella cura domiciliare. Applicare sulla pelle detersa di viso, collo e d\u00e9collet\u00e9.<br \/><span style=\"text-decoration: underline;\">Capacit\u00e0:<\/span> 10 x 3 ml<\/p>\n<h2>FIALE SYIS \u2013 PERCH\u00c9 IL VETRO?<\/h2>\n<p>La fiala di vetro da 3 ml contiene la pi\u00f9 alta concentrazione di principi attivi.<br \/>Durante il processo di confezionamento in fiale sterili monouso, vengono mantenute la purezza microbiologica e la stabilit\u00e0 dei principi attivi. Il confezionamento asettico garantisce la massima sicurezza e condizioni di conservazione ideali per la fiala.<br \/>Le fiale di vetro non reagiscono con gli ingredienti del siero.<br \/>Una formula avanzata ideale per compiti speciali: rigenerazione, aumento della tensione cutanea, normalizzazione della pelle grassa o lotta contro le discromie.<br \/>La consistenza a base d&#8217;acqua favorisce un migliore assorbimento del prodotto e consente di utilizzare la fiala durante trattamenti con apparecchiature come ultrasuoni, mesoterapia senza aghi, infusione di ossigeno, microdermoabrasione, radiofrequenza o massaggio.<br \/>Le composizioni delle fiale sono a base di estratti naturali, vitamine e minerali, opportunamente abbinati al tipo di pelle, facilitando la corretta selezione del prodotto.<br \/>Una fiala \u00e8 sufficiente per un trattamento completo di viso, collo e d\u00e9collet\u00e9.<br \/>Durante l&#8217;uso delle fiale, vale la pena integrarle con cosmetici della stessa serie per potenziarne l&#8217;effetto.<br \/>Dopo l&#8217;utilizzo delle nostre fiale, la pelle diventa Morbida e vellutata, intensamente idratata e nutrita. Una vera e propria &#8220;iniezione di energia&#8221; per la pelle!<\/p>\n<p>I prodotti Activeshop sono proporzionalmente pi\u00f9 economici di molti altri marchi\/fornitori. Il prezzo \u00e8 proporzionato alla qualit\u00e0. Syis Fiale Vitaminiche Cocktail 10 X 3 Ml \u00e8 quindi una soluzione accessibile per il tuo salone.<\/p>\n<h2>Come viene consegnato Syis Fiale Vitaminiche Cocktail 10 X 3 Ml?<\/h2>\n<p>Syis Fiale Vitaminiche Cocktail 10 X 3 Ml viene consegnato nella confezione originale. In Italia la spedizione di Syis Fiale Vitaminiche Cocktail 10 X 3 Ml \u00e8 completamente gratuita per ordini a partire da 100,- euro. Per spedizioni verso altri paesi si applicano tariffe di spedizione separate. Puoi richiedere queste tariffe o trovarle nel carrello. Syis Fiale Vitaminiche Cocktail 10 X 3 Ml viene spedito tramite un corriere esterno.<\/p>\n<p>I pacchi o i pallet vengono consegnati di serie fino alla soglia della porta d&#8217;ingresso, anche se ti trovi in un edificio collettivo, condominio o complesso residenziale con ascensore (a condizione che l&#8217;articolo entri nell&#8217;ascensore). Non c&#8217;\u00e8 un ascensore o l&#8217;articolo non entra nell&#8217;ascensore? Allora consegniamo fino alla soglia del piano terra.<\/p>\n<p>Hai ancora domande sulla consegna o una situazione particolare? Contattaci e saremo lieti di aiutarti!<\/p>\n<p>*Gli articoli non vengono disimballati o montati di serie. In situazioni particolari puoi contattarci per fare accordi in merito.<\/p>\n<h2>Acquisti online sicuri su Salon For All con il marchio di qualit\u00e0 Webwinkelkeur e crittografia SSL<\/h2>\n<p>\u00c8 importante per noi che i nostri clienti possano fare acquisti online in sicurezza. Siamo affiliati al marchio di qualit\u00e0 nazionale Webwinkelkeur dal 2019. La nostra identit\u00e0 \u00e8 stata controllata e verificata da loro e il negozio online \u00e8 stato controllato e approvato legalmente. Inoltre, il nostro negozio online \u00e8 affiliato a loro per la mediazione delle controversie. Puoi vedere il badge con tutte le informazioni di questo marchio di qualit\u00e0 del negozio online sul lato sinistro o destro del negozio online (pulsante rosa con bianco). Inoltre, il nostro sito \u00e8 protetto con un certificato SSL in modo da poter navigare in sicurezza. Nella barra del tuo browser Internet, dove \u00e8 indicato il nostro sito web, vedrai un&#8217;icona a forma di lucchetto. Se clicchi sul lucchetto, otterrai tutte le informazioni sulla nostra sicurezza. In questo modo sai che il tuo ordine di Syis Fiale Vitaminiche Cocktail 10 X 3 Ml e i tuoi dati personali vengono elaborati in modo sicuro.<\/p>\n<h2>Come posso pagare Syis Fiale Vitaminiche Cocktail 10 X 3 Ml?<\/h2>\n<p>Vogliamo renderti le cose il pi\u00f9 semplici possibile. Ecco perch\u00e9 su Salon For All puoi pagare con tutti i metodi di pagamento noti e comuni. Pagare in anticipo, alla consegna o in seguito; tutto \u00e8 possibile. Vedi qui tutti i metodi di pagamento che offriamo:<\/p>\n<ul>\n<li>iDEAL<\/li>\n<li>Carta di credito (Visa, Mastercard, American Express)<\/li>\n<li>Klarna &#8211; Pagamento posticipato con fattura<\/li>\n<li>PayPal<\/li>\n<li>Apple Pay<\/li>\n<li>Google Pay<\/li>\n<li>Bancontact<\/li>\n<li>Bonifico bancario SEPA<\/li>\n<li>MyBank (per clienti italiani)<\/li>\n<li>Fattura aziendale per imprese<\/li>\n<li>Pagamento nello showroom &#8211; Sia carta che contanti (Disponibile solo per il ritiro)<\/li>\n<\/ul>\n<h2>Consulta anche le recensioni di Salon For All<\/h2>\n<p>Consulta anche le nostre recensioni per tenere conto delle esperienze dei nostri clienti attuali nella tua decisione di ordinare Syis Fiale Vitaminiche Cocktail 10 X 3 Ml da noi. Attraverso il nostro marchio di qualit\u00e0 indipendente del negozio online Webwinkelkeur, vengono raccolte automaticamente recensioni verificate di clienti che hanno completato un ordine con noi. Puoi trovarle dietro il pulsante rosa sul nostro negozio online o sono elencate sotto i prodotti.<\/p>\n<p>Condividi anche la tua esperienza dopo il tuo acquisto con il tuo Syis Fiale Vitaminiche Cocktail 10 X 3 Ml ordinato e la tua esperienza con il processo di acquisto o il contatto con Salon For All per ispirare gli altri!<\/p>\n<h2>Contatto con Salon For All<\/h2>\n<p>Contattaci allora. Saremo lieti di aiutarti con l&#8217;acquisto di Syis Fiale Vitaminiche Cocktail 10 X 3 Ml. Nei giorni feriali siamo raggiungibili al meglio tra le 8.30 e le 17.00 tramite il numero di telefono e l&#8217;indirizzo e-mail nella parte superiore del negozio online o tramite la funzione chat. Le domande al di fuori dell&#8217;orario d&#8217;ufficio vengono generalmente risposte entro 24 ore. \u00c8 anche possibile venirci a trovare al di fuori dei giorni feriali o dell&#8217;orario d&#8217;ufficio. Ma per questo \u00e8 necessario prendere un appuntamento in anticipo.<\/p>\n<h2>Vuoi venire nel nostro showroom?<\/h2>\n<p>Preferisci vedere Syis Fiale Vitaminiche Cocktail 10 X 3 Ml o esplorare la nostra offerta del negozio (online) insieme al nostro collega? Allora vieni nel nostro showroom con oltre 1000m\u00b2 di arredamento per saloni e lasciati ispirare dai nostri dipendenti. Anche se ti piace fare conoscenza in modo piacevole gustando una buona tazza di caff\u00e8 o t\u00e8, sei il benvenuto. Non abbiamo tutti i prodotti disponibili, quindi faccici sapere in anticipo che vuoi venire. Prendi sempre un appuntamento in anticipo.<\/p>\n<h2>14 giorni di riflessione e la nostra politica di reso<\/h2>\n<p>Naturalmente pu\u00f2 succedere che Syis Fiale Vitaminiche Cocktail 10 X 3 Ml consegnato non sia completamente di tuo gradimento e tu voglia restituirlo. Questo non \u00e8 assolutamente un problema con Salon For All. Devi segnalare il tuo reso entro 14 giorni lavorativi tramite <a href=\"mailto:info@salonforall.com\">info@salonforall.it<\/a>. Riceverai quindi prima tutte le istruzioni e condizioni di reso. Si prega di notare che Syis Fiale Vitaminiche Cocktail 10 X 3 Ml non deve essere stato utilizzato, deve contenere tutte le parti fornite e deve essere restituito imballato nella confezione originale. I costi di spedizione per un reso sono sempre a carico dell&#8217;acquirente per gli acquisti tramite www.salonforall.it. Devi organizzare tu stesso un trasporto presso un corriere di tua scelta per un reso. Una volta che Syis Fiale Vitaminiche Cocktail 10 X 3 Ml \u00e8 stato restituito, verr\u00e0 controllato per completezza e danni. Una volta che il reso \u00e8 stato approvato, l&#8217;importo di acquisto verr\u00e0 rimborsato entro 5 giorni lavorativi sul conto bancario da noi conosciuto.<\/p>\n<h2>Chi \u00e8 Salon For All?<\/h2>\n<p>Salon For All \u00e8 IL grossista per ogni arredamento di saloni in Europa. Salon For All \u00e8 iniziato nel 2003 con il nome Salonvoordeel ed \u00e8 nato dalla pratica. I proprietari di Salon For All erano parrucchieri e specialisti della bellezza esperti e hanno insieme oltre 30 anni di esperienza pratica. Nel 2003 abbiamo lanciato Salonvoordeel.nl (Paesi Bassi) e successivamente \u00e8 stato fondato Salon For All per il mercato europeo. Alcuni dei nostri dipendenti hanno avviato una propria attivit\u00e0 e cos\u00ec \u00e8 nata l&#8217;idea di avviare un negozio online funzionale per parrucchieri e aiutarli con l&#8217;arredamento del loro salone.<\/p>\n<p>Il nostro showroom si trova a Dinxperlo, direttamente al confine tra i Paesi Bassi e la Germania. Con la nostra pluriennale esperienza nel settore possiamo farti da specchio e fornirti la giusta consulenza. Parliamo la stessa lingua! Ti consigliamo, ispiriamo, motiviamo e ti aiutiamo nell&#8217;acquisto di Syis Fiale Vitaminiche Cocktail 10 X 3 Ml. I nostri fornitori si trovano in tutta Europa, dalla Germania, Inghilterra, Italia fino alla Polonia.<\/p>","protected":false},"excerpt":{"rendered":"<p>Il prodotto Syis Fiale Vitaminiche Cocktail 10 X 3 Ml \u00e8 una soluzione conveniente per qualsiasi salone o studio professionale. Il tempo di consegna previsto \u00e8 di circa 6 giorni lavorativi.<\/p>","protected":false},"featured_media":5102,"comment_status":"open","ping_status":"open","template":"","meta":[],"product_brand":[364],"product_cat":[76,365,366],"product_tag":[79,367,368],"class_list":{"0":"post-5101","1":"product","2":"type-product","3":"status-publish","4":"has-post-thumbnail","6":"product_brand-syis","7":"product_cat-cosmetici-professionali","8":"product_cat-cosmetici-syis-pro","9":"product_cat-fiale","10":"product_tag-cosmetici-professionali","11":"product_tag-cosmetici-syis-pro","12":"product_tag-fiale","13":"pa_codice-ean-404","14":"pa_garanzia-12-mesi","15":"pa_marca-syis","16":"pa_numero-dellarticolo-403","17":"pa_tempo-di-consegna-stimato-3-4-giorni-lavorativi","19":"first","20":"instock","21":"sale","22":"taxable","23":"shipping-taxable","24":"purchasable","25":"product-type-simple"},"yoast_head":"<!-- This site is optimized with the Yoast SEO plugin v27.5 - https:\/\/yoast.com\/product\/yoast-seo-wordpress\/ -->\n<title>Syis Fiale Vitaminiche Cocktail 10 X 3 Ml acquistare<\/title>\n<meta name=\"description\" content=\"Acquista Syis Fiale Vitaminiche Cocktail 10 X 3 Ml online o nello showroom da Salon For All Italia. Il grossista per saloni, studi e spa in Italia e Svizzera.\" \/>\n<meta name=\"robots\" content=\"index, follow, max-snippet:-1, max-image-preview:large, max-video-preview:-1\" \/>\n<link rel=\"canonical\" href=\"https:\/\/salonforall.it\/en\/syis-fiale-vitaminiche-cocktail-10-x-3-ml\/\" \/>\n<meta property=\"og:locale\" content=\"en_GB\" \/>\n<meta property=\"og:type\" content=\"article\" \/>\n<meta property=\"og:title\" content=\"Syis Fiale Vitaminiche Cocktail 10 X 3 Ml\" \/>\n<meta property=\"og:description\" content=\"Acquista Syis Fiale Vitaminiche Cocktail 10 X 3 Ml online o nello showroom da Salon For All Italia. Il grossista per saloni, studi e spa in Italia e Svizzera.\" \/>\n<meta property=\"og:url\" content=\"https:\/\/salonforall.it\/en\/syis-fiale-vitaminiche-cocktail-10-x-3-ml\/\" \/>\n<meta property=\"og:site_name\" content=\"Salon For All Italia\" \/>\n<meta property=\"article:modified_time\" content=\"2026-05-14T02:01:33+00:00\" \/>\n<meta property=\"og:image\" content=\"https:\/\/salonforall.it\/wp-content\/uploads\/2025\/12\/Syis-Fiale-Vitaminiche-Cocktail-10-X-3-Ml-1.jpg\" \/>\n\t<meta property=\"og:image:width\" content=\"1200\" \/>\n\t<meta property=\"og:image:height\" content=\"1200\" \/>\n\t<meta property=\"og:image:type\" content=\"image\/jpeg\" \/>\n<meta name=\"twitter:card\" content=\"summary_large_image\" \/>\n<meta name=\"twitter:title\" content=\"Syis Fiale Vitaminiche Cocktail 10 X 3 Ml\" \/>\n<meta name=\"twitter:label1\" content=\"Estimated reading time\" \/>\n\t<meta name=\"twitter:data1\" content=\"8 minutes\" \/>\n<script type=\"application\/ld+json\" class=\"yoast-schema-graph\">{\"@context\":\"https:\\\/\\\/schema.org\",\"@graph\":[{\"@type\":\"WebPage\",\"@id\":\"https:\\\/\\\/salonforall.it\\\/syis-fiale-vitaminiche-cocktail-10-x-3-ml\\\/\",\"url\":\"https:\\\/\\\/salonforall.it\\\/syis-fiale-vitaminiche-cocktail-10-x-3-ml\\\/\",\"name\":\"Syis Fiale Vitaminiche Cocktail 10 X 3 Ml acquistare\",\"isPartOf\":{\"@id\":\"https:\\\/\\\/salonforall.it\\\/#website\"},\"primaryImageOfPage\":{\"@id\":\"https:\\\/\\\/salonforall.it\\\/syis-fiale-vitaminiche-cocktail-10-x-3-ml\\\/#primaryimage\"},\"image\":{\"@id\":\"https:\\\/\\\/salonforall.it\\\/syis-fiale-vitaminiche-cocktail-10-x-3-ml\\\/#primaryimage\"},\"thumbnailUrl\":\"https:\\\/\\\/salonforall.it\\\/wp-content\\\/uploads\\\/2025\\\/12\\\/Syis-Fiale-Vitaminiche-Cocktail-10-X-3-Ml-1.jpg\",\"datePublished\":\"2025-12-03T09:27:44+00:00\",\"dateModified\":\"2026-05-14T02:01:33+00:00\",\"description\":\"Acquista Syis Fiale Vitaminiche Cocktail 10 X 3 Ml online o nello showroom da Salon For All Italia. Il grossista per saloni, studi e spa in Italia e Svizzera.\",\"breadcrumb\":{\"@id\":\"https:\\\/\\\/salonforall.it\\\/syis-fiale-vitaminiche-cocktail-10-x-3-ml\\\/#breadcrumb\"},\"inLanguage\":\"en-GB\",\"potentialAction\":[{\"@type\":\"ReadAction\",\"target\":[\"https:\\\/\\\/salonforall.it\\\/syis-fiale-vitaminiche-cocktail-10-x-3-ml\\\/\"]}]},{\"@type\":\"ImageObject\",\"inLanguage\":\"en-GB\",\"@id\":\"https:\\\/\\\/salonforall.it\\\/syis-fiale-vitaminiche-cocktail-10-x-3-ml\\\/#primaryimage\",\"url\":\"https:\\\/\\\/salonforall.it\\\/wp-content\\\/uploads\\\/2025\\\/12\\\/Syis-Fiale-Vitaminiche-Cocktail-10-X-3-Ml-1.jpg\",\"contentUrl\":\"https:\\\/\\\/salonforall.it\\\/wp-content\\\/uploads\\\/2025\\\/12\\\/Syis-Fiale-Vitaminiche-Cocktail-10-X-3-Ml-1.jpg\",\"width\":1200,\"height\":1200,\"caption\":\"Syis Fiale Vitaminiche Cocktail 10 X 3 Ml\"},{\"@type\":\"BreadcrumbList\",\"@id\":\"https:\\\/\\\/salonforall.it\\\/syis-fiale-vitaminiche-cocktail-10-x-3-ml\\\/#breadcrumb\",\"itemListElement\":[{\"@type\":\"ListItem\",\"position\":1,\"name\":\"Home\",\"item\":\"https:\\\/\\\/salonforall.it\\\/\"},{\"@type\":\"ListItem\",\"position\":2,\"name\":\"Winkel\",\"item\":\"https:\\\/\\\/salonforall.it\\\/winkel\\\/\"},{\"@type\":\"ListItem\",\"position\":3,\"name\":\"Syis Fiale Vitaminiche Cocktail 10 X 3 Ml\"}]},{\"@type\":\"WebSite\",\"@id\":\"https:\\\/\\\/salonforall.it\\\/#website\",\"url\":\"https:\\\/\\\/salonforall.it\\\/\",\"name\":\"Salon For All Italia\",\"description\":\"Grossista di mobili e forniture per studi medici e saloni\",\"publisher\":{\"@id\":\"https:\\\/\\\/salonforall.it\\\/#organization\"},\"potentialAction\":[{\"@type\":\"SearchAction\",\"target\":{\"@type\":\"EntryPoint\",\"urlTemplate\":\"https:\\\/\\\/salonforall.it\\\/?s={search_term_string}\"},\"query-input\":{\"@type\":\"PropertyValueSpecification\",\"valueRequired\":true,\"valueName\":\"search_term_string\"}}],\"inLanguage\":\"en-GB\"},{\"@type\":\"Organization\",\"@id\":\"https:\\\/\\\/salonforall.it\\\/#organization\",\"name\":\"Salon For All Italia\",\"url\":\"https:\\\/\\\/salonforall.it\\\/\",\"logo\":{\"@type\":\"ImageObject\",\"inLanguage\":\"en-GB\",\"@id\":\"https:\\\/\\\/salonforall.it\\\/#\\\/schema\\\/logo\\\/image\\\/\",\"url\":\"https:\\\/\\\/salonforall.it\\\/wp-content\\\/uploads\\\/2025\\\/11\\\/logo-salon-for-all-e1764543264615.png\",\"contentUrl\":\"https:\\\/\\\/salonforall.it\\\/wp-content\\\/uploads\\\/2025\\\/11\\\/logo-salon-for-all-e1764543264615.png\",\"width\":500,\"height\":150,\"caption\":\"Salon For All Italia\"},\"image\":{\"@id\":\"https:\\\/\\\/salonforall.it\\\/#\\\/schema\\\/logo\\\/image\\\/\"}}]}<\/script>\n<!-- \/ Yoast SEO plugin. -->","yoast_head_json":{"title":"Syis Fiale Vitaminiche Cocktail 10 X 3 Ml acquistare","description":"Acquista Syis Fiale Vitaminiche Cocktail 10 X 3 Ml online o nello showroom da Salon For All Italia. Il grossista per saloni, studi e spa in Italia e Svizzera.","robots":{"index":"index","follow":"follow","max-snippet":"max-snippet:-1","max-image-preview":"max-image-preview:large","max-video-preview":"max-video-preview:-1"},"canonical":"https:\/\/salonforall.it\/en\/syis-fiale-vitaminiche-cocktail-10-x-3-ml\/","og_locale":"en_GB","og_type":"article","og_title":"Syis Fiale Vitaminiche Cocktail 10 X 3 Ml","og_description":"Acquista Syis Fiale Vitaminiche Cocktail 10 X 3 Ml online o nello showroom da Salon For All Italia. Il grossista per saloni, studi e spa in Italia e Svizzera.","og_url":"https:\/\/salonforall.it\/en\/syis-fiale-vitaminiche-cocktail-10-x-3-ml\/","og_site_name":"Salon For All Italia","article_modified_time":"2026-05-14T02:01:33+00:00","og_image":[{"width":1200,"height":1200,"url":"https:\/\/salonforall.it\/wp-content\/uploads\/2025\/12\/Syis-Fiale-Vitaminiche-Cocktail-10-X-3-Ml-1.jpg","type":"image\/jpeg"}],"twitter_card":"summary_large_image","twitter_title":"Syis Fiale Vitaminiche Cocktail 10 X 3 Ml","twitter_misc":{"Estimated reading time":"8 minutes"},"schema":{"@context":"https:\/\/schema.org","@graph":[{"@type":"WebPage","@id":"https:\/\/salonforall.it\/syis-fiale-vitaminiche-cocktail-10-x-3-ml\/","url":"https:\/\/salonforall.it\/syis-fiale-vitaminiche-cocktail-10-x-3-ml\/","name":"Syis Fiale Vitaminiche Cocktail 10 X 3 Ml acquistare","isPartOf":{"@id":"https:\/\/salonforall.it\/#website"},"primaryImageOfPage":{"@id":"https:\/\/salonforall.it\/syis-fiale-vitaminiche-cocktail-10-x-3-ml\/#primaryimage"},"image":{"@id":"https:\/\/salonforall.it\/syis-fiale-vitaminiche-cocktail-10-x-3-ml\/#primaryimage"},"thumbnailUrl":"https:\/\/salonforall.it\/wp-content\/uploads\/2025\/12\/Syis-Fiale-Vitaminiche-Cocktail-10-X-3-Ml-1.jpg","datePublished":"2025-12-03T09:27:44+00:00","dateModified":"2026-05-14T02:01:33+00:00","description":"Acquista Syis Fiale Vitaminiche Cocktail 10 X 3 Ml online o nello showroom da Salon For All Italia. Il grossista per saloni, studi e spa in Italia e Svizzera.","breadcrumb":{"@id":"https:\/\/salonforall.it\/syis-fiale-vitaminiche-cocktail-10-x-3-ml\/#breadcrumb"},"inLanguage":"en-GB","potentialAction":[{"@type":"ReadAction","target":["https:\/\/salonforall.it\/syis-fiale-vitaminiche-cocktail-10-x-3-ml\/"]}]},{"@type":"ImageObject","inLanguage":"en-GB","@id":"https:\/\/salonforall.it\/syis-fiale-vitaminiche-cocktail-10-x-3-ml\/#primaryimage","url":"https:\/\/salonforall.it\/wp-content\/uploads\/2025\/12\/Syis-Fiale-Vitaminiche-Cocktail-10-X-3-Ml-1.jpg","contentUrl":"https:\/\/salonforall.it\/wp-content\/uploads\/2025\/12\/Syis-Fiale-Vitaminiche-Cocktail-10-X-3-Ml-1.jpg","width":1200,"height":1200,"caption":"Syis Fiale Vitaminiche Cocktail 10 X 3 Ml"},{"@type":"BreadcrumbList","@id":"https:\/\/salonforall.it\/syis-fiale-vitaminiche-cocktail-10-x-3-ml\/#breadcrumb","itemListElement":[{"@type":"ListItem","position":1,"name":"Home","item":"https:\/\/salonforall.it\/"},{"@type":"ListItem","position":2,"name":"Winkel","item":"https:\/\/salonforall.it\/winkel\/"},{"@type":"ListItem","position":3,"name":"Syis Fiale Vitaminiche Cocktail 10 X 3 Ml"}]},{"@type":"WebSite","@id":"https:\/\/salonforall.it\/#website","url":"https:\/\/salonforall.it\/","name":"Salon For All Italia","description":"Grossista di mobili e forniture per studi medici e saloni","publisher":{"@id":"https:\/\/salonforall.it\/#organization"},"potentialAction":[{"@type":"SearchAction","target":{"@type":"EntryPoint","urlTemplate":"https:\/\/salonforall.it\/?s={search_term_string}"},"query-input":{"@type":"PropertyValueSpecification","valueRequired":true,"valueName":"search_term_string"}}],"inLanguage":"en-GB"},{"@type":"Organization","@id":"https:\/\/salonforall.it\/#organization","name":"Salon For All Italia","url":"https:\/\/salonforall.it\/","logo":{"@type":"ImageObject","inLanguage":"en-GB","@id":"https:\/\/salonforall.it\/#\/schema\/logo\/image\/","url":"https:\/\/salonforall.it\/wp-content\/uploads\/2025\/11\/logo-salon-for-all-e1764543264615.png","contentUrl":"https:\/\/salonforall.it\/wp-content\/uploads\/2025\/11\/logo-salon-for-all-e1764543264615.png","width":500,"height":150,"caption":"Salon For All Italia"},"image":{"@id":"https:\/\/salonforall.it\/#\/schema\/logo\/image\/"}}]}},"_links":{"self":[{"href":"https:\/\/salonforall.it\/en\/wp-json\/wp\/v2\/product\/5101","targetHints":{"allow":["GET"]}}],"collection":[{"href":"https:\/\/salonforall.it\/en\/wp-json\/wp\/v2\/product"}],"about":[{"href":"https:\/\/salonforall.it\/en\/wp-json\/wp\/v2\/types\/product"}],"replies":[{"embeddable":true,"href":"https:\/\/salonforall.it\/en\/wp-json\/wp\/v2\/comments?post=5101"}],"wp:featuredmedia":[{"embeddable":true,"href":"https:\/\/salonforall.it\/en\/wp-json\/wp\/v2\/media\/5102"}],"wp:attachment":[{"href":"https:\/\/salonforall.it\/en\/wp-json\/wp\/v2\/media?parent=5101"}],"wp:term":[{"taxonomy":"product_brand","embeddable":true,"href":"https:\/\/salonforall.it\/en\/wp-json\/wp\/v2\/product_brand?post=5101"},{"taxonomy":"product_cat","embeddable":true,"href":"https:\/\/salonforall.it\/en\/wp-json\/wp\/v2\/product_cat?post=5101"},{"taxonomy":"product_tag","embeddable":true,"href":"https:\/\/salonforall.it\/en\/wp-json\/wp\/v2\/product_tag?post=5101"}],"curies":[{"name":"wp","href":"https:\/\/api.w.org\/{rel}","templated":true}]}}