{"id":5307,"date":"2025-12-03T09:29:47","date_gmt":"2025-12-03T09:29:47","guid":{"rendered":"https:\/\/salonforall.it\/poltrona-cosmetica-elettrica-lux-4m-bianca-con-culla\/"},"modified":"2026-02-11T02:31:08","modified_gmt":"2026-02-11T02:31:08","slug":"poltrona-cosmetica-elettrica-lux-4m-bianca-con-culla","status":"publish","type":"product","link":"https:\/\/salonforall.it\/en\/poltrona-cosmetica-elettrica-lux-4m-bianca-con-culla\/","title":{"rendered":"Poltrona Cosmetica Elettrica Lux 4M Bianca Con Culla"},"content":{"rendered":"<h2>Informazioni su Poltrona Cosmetica Elettrica Lux 4M Bianca Con Culla con codice articolo 112818<\/h2>\n<p><img decoding=\"async\" src=\"https:\/\/activeshop.com.pl\/media\/wysiwyg\/product\/112818\/EN_112818_1.jpg\"><\/p>\n<p>Da molti anni, il marchio <strong>ACTIVESHOP<\/strong> offre un&#8217;ampia gamma di prodotti adatti all&#8217;uso professionale in molti settori. Nell&#8217;assortimento disponibile, \u00e8 possibile trovare articoli di varie categorie, dai piccoli accessori essenziali alle attrezzature specializzate.<\/p>\n<p><img decoding=\"async\" src=\"https:\/\/activeshop.com.pl\/media\/wysiwyg\/product\/112818\/EN_112818_2.jpg\"><\/p>\n<h2><strong>Stile e funzionalit\u00e0<\/strong><\/h2>\n<p>La <strong>poltrona estetica elettrica Lux 4M<\/strong> \u00e8 dotata di <strong>4 attuatori controllati da un telecomando<\/strong> via cavo. La <strong>facilit\u00e0 d&#8217;uso e la personalizzazione<\/strong> facilitano notevolmente l&#8217;esecuzione di vari trattamenti. <strong>La finitura elegante abbinata al design minimalista<\/strong> rende la sedia perfetta per l&#8217;arredamento di qualsiasi ufficio professionale.<\/p>\n<p><img decoding=\"async\" src=\"https:\/\/activeshop.com.pl\/media\/wysiwyg\/product\/112818\/EN_112818_3.jpg\"><\/p>\n<h2><strong>Regolazione libera con telecomando<\/strong><\/h2>\n<p>Utilizzando un telecomando intuitivo, la poltrona pu\u00f2 essere regolata in modo fluido su <strong>quattro livelli<\/strong>: \u00e8 dotata di regolazione dell&#8217;altezza, dell&#8217;angolazione dello schienale e del poggiapiedi e di una funzione di supporto. Ci\u00f2 consente di <strong>regolare liberamente la posizione<\/strong> in base al trattamento in corso, il che influisce sia sul <strong>comfort dell&#8217;utente che su quello della persona che esegue i servizi<\/strong>.<\/p>\n<p><img decoding=\"async\" src=\"https:\/\/activeshop.com.pl\/media\/wysiwyg\/product\/112818\/EN_112818_4.jpg\"><\/p>\n<h2><strong>Caratteristiche per un facile utilizzo<\/strong><\/h2>\n<p>L&#8217;altezza della seduta \u00e8 regolabile da <strong>66 cm a 90 cm<\/strong> e la sedia raggiunge una <strong>lunghezza di oltre 2 metri<\/strong> quando \u00e8 completamente estesa. Queste dimensioni consentono a persone di diverse altezze di utilizzare l&#8217;apparecchiatura con facilit\u00e0 e la rendono adattabile alle esigenze sia del cliente che dell&#8217;operatore. Una <strong>speciale maniglia in metallo<\/strong> per appendere il telecomando, montata sul lato della sedia, ne facilita notevolmente la conservazione e garantisce che sia sempre a portata di mano. Un pratico supporto, posizionato sul poggiapiedi, offre un <strong>comodo accesso agli asciugamani<\/strong> durante i trattamenti, garantendo al contempo ordine nell&#8217;area di lavoro.<\/p>\n<p><img decoding=\"async\" src=\"https:\/\/activeshop.com.pl\/media\/wysiwyg\/product\/112818\/EN_112818_5.jpg\"><\/p>\n<h2><strong>Seduta e braccioli comodi<\/strong><\/h2>\n<p>L&#8217;ampia seduta, imbottita in <strong>confortevole schiuma<\/strong>, offre comfort anche durante i trattamenti pi\u00f9 lunghi. I braccioli con elementi decorativi in \u200b\u200blegno sono <strong>girevoli di 180\u00b0<\/strong>, facilitando l&#8217;accesso efficiente e garantendo un <strong>comodo accesso<\/strong> alla persona che esegue il trattamento. Se necessario, \u00e8 possibile rimuoverli facilmente e rapidamente.<\/p>\n<p><img decoding=\"async\" src=\"https:\/\/activeshop.com.pl\/media\/wysiwyg\/product\/112818\/EN_112818_6.jpg\"><\/p>\n<h2><strong>Attrezzature per trattamenti viso e corpo<\/strong><\/h2>\n<p>Il <strong>poggiatesta estensibile fino a 15 cm<\/strong>, consente di adattare facilmente l&#8217;attrezzatura a utenti di diverse altezze, fornendo un <strong>appoggio stabile per la testa<\/strong>. Il foro nel poggiatesta, nascosto sotto un tappo, e la <strong>possibilit\u00e0 di aprire liberamente la poltrona in posizione reclinata<\/strong> ne aumentano significativamente la funzionalit\u00e0 durante i trattamenti viso e corpo. Grazie a queste soluzioni, \u00e8 possibile eseguire comodamente diversi servizi, tra cui estetica, fisioterapia o tatuaggi. Il design introdotto <strong>aumenta significativamente il comfort d&#8217;uso e l&#8217;ergonomia del lavoro<\/strong>.<\/p>\n<p><img decoding=\"async\" src=\"https:\/\/activeshop.com.pl\/media\/wysiwyg\/product\/112818\/EN_112818_7.jpg\"><\/p>\n<h2><strong>Modello classico e apprezzato di poltrona per estetica<\/strong><\/h2>\n<p>La poltrona \u00e8 imbottita con <strong>schiuma di adeguata rigidit\u00e0<\/strong> e la sua superficie \u00e8 rivestita in <strong>similpelle piacevole al tatto<\/strong> nei toni del bianco. Il materiale di rivestimento \u00e8 <strong>facile da pulire<\/strong> e resistente a disinfettanti selezionati, il che <strong>garantisce comfort d&#8217;uso e resistenza all&#8217;umidit\u00e0<\/strong>. Una solida base in materiale resistente nei toni del bianco <strong>garantisce stabilit\u00e0<\/strong> durante i trattamenti. <strong>Gli orli ergonomici accuratamente sagomati<\/strong> conferiscono alla sedia un aspetto elegante e al contempo <strong>offrono comfort<\/strong>.<\/p>\n<div class=\"video-container\"> <iframe height=\"315\" src=\"https:\/\/www.youtube.com\/embed\/-Pte7StrWo4\" frameborder=\"0\" width=\"560\" allowfullscreen allow=\"accelerometer; autoplay; encrypted-media; gyroscope; picture-in-picture\"> <\/iframe> <\/div>\n<p>Le dimensioni dettagliate della poltrona sono riportate nella foto.<br \/><strong>Il set include:<\/strong> sedile con base, telecomando cablato, adattatore di alimentazione.<\/p>\n<p><strong>Dati:<\/strong><br \/>Tipo: elettrico<br \/>Numero di attuatori: 4<br \/>Colore della base: tonalit\u00e0 di bianco<br \/>Colore del rivestimento: tonalit\u00e0 di bianco<br \/>Materiale del rivestimento: pelle sintetica<br \/>Imbottitura del sedile: schiuma<br \/>Controllo: telecomando controllo<br \/>Potenza: 200 W<br \/>Tensione: 220-230 V<br \/>Garanzia: 12 mesi<\/p>\n<p>I prodotti Activeshop sono proporzionalmente pi\u00f9 economici di molti altri marchi\/fornitori. Il prezzo \u00e8 proporzionato alla qualit\u00e0. Poltrona Cosmetica Elettrica Lux 4M Bianca Con Culla \u00e8 quindi una soluzione accessibile per il tuo salone.<\/p>\n<h2>Come viene consegnato Poltrona Cosmetica Elettrica Lux 4M Bianca Con Culla?<\/h2>\n<p>Poltrona Cosmetica Elettrica Lux 4M Bianca Con Culla viene consegnato nella confezione originale. In Italia la spedizione di Poltrona Cosmetica Elettrica Lux 4M Bianca Con Culla \u00e8 completamente gratuita per ordini a partire da 100,- euro. Per spedizioni verso altri paesi si applicano tariffe di spedizione separate. Puoi richiedere queste tariffe o trovarle nel carrello. Poltrona Cosmetica Elettrica Lux 4M Bianca Con Culla viene spedito tramite un corriere esterno.<\/p>\n<p>I pacchi o i pallet vengono consegnati di serie fino alla soglia della porta d&#8217;ingresso, anche se ti trovi in un edificio collettivo, condominio o complesso residenziale con ascensore (a condizione che l&#8217;articolo entri nell&#8217;ascensore). Non c&#8217;\u00e8 un ascensore o l&#8217;articolo non entra nell&#8217;ascensore? Allora consegniamo fino alla soglia del piano terra.<\/p>\n<p>Hai ancora domande sulla consegna o una situazione particolare? Contattaci e saremo lieti di aiutarti!<\/p>\n<p>*Gli articoli non vengono disimballati o montati di serie. In situazioni particolari puoi contattarci per fare accordi in merito.<\/p>\n<h2>Acquisti online sicuri su Salon For All con il marchio di qualit\u00e0 Webwinkelkeur e crittografia SSL<\/h2>\n<p>\u00c8 importante per noi che i nostri clienti possano fare acquisti online in sicurezza. Siamo affiliati al marchio di qualit\u00e0 nazionale Webwinkelkeur dal 2019. La nostra identit\u00e0 \u00e8 stata controllata e verificata da loro e il negozio online \u00e8 stato controllato e approvato legalmente. Inoltre, il nostro negozio online \u00e8 affiliato a loro per la mediazione delle controversie. Puoi vedere il badge con tutte le informazioni di questo marchio di qualit\u00e0 del negozio online sul lato sinistro o destro del negozio online (pulsante rosa con bianco). Inoltre, il nostro sito \u00e8 protetto con un certificato SSL in modo da poter navigare in sicurezza. Nella barra del tuo browser Internet, dove \u00e8 indicato il nostro sito web, vedrai un&#8217;icona a forma di lucchetto. Se clicchi sul lucchetto, otterrai tutte le informazioni sulla nostra sicurezza. In questo modo sai che il tuo ordine di Poltrona Cosmetica Elettrica Lux 4M Bianca Con Culla e i tuoi dati personali vengono elaborati in modo sicuro.<\/p>\n<h2>Come posso pagare Poltrona Cosmetica Elettrica Lux 4M Bianca Con Culla?<\/h2>\n<p>Vogliamo renderti le cose il pi\u00f9 semplici possibile. Ecco perch\u00e9 su Salon For All puoi pagare con tutti i metodi di pagamento noti e comuni. Pagare in anticipo, alla consegna o in seguito; tutto \u00e8 possibile. Vedi qui tutti i metodi di pagamento che offriamo:<\/p>\n<ul>\n<li>iDEAL<\/li>\n<li>Carta di credito (Visa, Mastercard, American Express)<\/li>\n<li>Klarna &#8211; Pagamento posticipato con fattura<\/li>\n<li>PayPal<\/li>\n<li>Apple Pay<\/li>\n<li>Google Pay<\/li>\n<li>Bancontact<\/li>\n<li>Bonifico bancario SEPA<\/li>\n<li>MyBank (per clienti italiani)<\/li>\n<li>Fattura aziendale per imprese<\/li>\n<li>Pagamento nello showroom &#8211; Sia carta che contanti (Disponibile solo per il ritiro)<\/li>\n<\/ul>\n<h2>Consulta anche le recensioni di Salon For All<\/h2>\n<p>Consulta anche le nostre recensioni per tenere conto delle esperienze dei nostri clienti attuali nella tua decisione di ordinare Poltrona Cosmetica Elettrica Lux 4M Bianca Con Culla da noi. Attraverso il nostro marchio di qualit\u00e0 indipendente del negozio online Webwinkelkeur, vengono raccolte automaticamente recensioni verificate di clienti che hanno completato un ordine con noi. Puoi trovarle dietro il pulsante rosa sul nostro negozio online o sono elencate sotto i prodotti.<\/p>\n<p>Condividi anche la tua esperienza dopo il tuo acquisto con il tuo Poltrona Cosmetica Elettrica Lux 4M Bianca Con Culla ordinato e la tua esperienza con il processo di acquisto o il contatto con Salon For All per ispirare gli altri!<\/p>\n<h2>Contatto con Salon For All<\/h2>\n<p>Contattaci allora. Saremo lieti di aiutarti con l&#8217;acquisto di Poltrona Cosmetica Elettrica Lux 4M Bianca Con Culla. Nei giorni feriali siamo raggiungibili al meglio tra le 8.30 e le 17.00 tramite il numero di telefono e l&#8217;indirizzo e-mail nella parte superiore del negozio online o tramite la funzione chat. Le domande al di fuori dell&#8217;orario d&#8217;ufficio vengono generalmente risposte entro 24 ore. \u00c8 anche possibile venirci a trovare al di fuori dei giorni feriali o dell&#8217;orario d&#8217;ufficio. Ma per questo \u00e8 necessario prendere un appuntamento in anticipo.<\/p>\n<h2>Vuoi venire nel nostro showroom?<\/h2>\n<p>Preferisci vedere Poltrona Cosmetica Elettrica Lux 4M Bianca Con Culla o esplorare la nostra offerta del negozio (online) insieme al nostro collega? Allora vieni nel nostro showroom con oltre 1000m\u00b2 di arredamento per saloni e lasciati ispirare dai nostri dipendenti. Anche se ti piace fare conoscenza in modo piacevole gustando una buona tazza di caff\u00e8 o t\u00e8, sei il benvenuto. Non abbiamo tutti i prodotti disponibili, quindi faccici sapere in anticipo che vuoi venire. Prendi sempre un appuntamento in anticipo.<\/p>\n<h2>14 giorni di riflessione e la nostra politica di reso<\/h2>\n<p>Naturalmente pu\u00f2 succedere che Poltrona Cosmetica Elettrica Lux 4M Bianca Con Culla consegnato non sia completamente di tuo gradimento e tu voglia restituirlo. Questo non \u00e8 assolutamente un problema con Salon For All. Devi segnalare il tuo reso entro 14 giorni lavorativi tramite <a href=\"mailto:info@salonforall.com\">info@salonforall.it<\/a>. Riceverai quindi prima tutte le istruzioni e condizioni di reso. Si prega di notare che Poltrona Cosmetica Elettrica Lux 4M Bianca Con Culla non deve essere stato utilizzato, deve contenere tutte le parti fornite e deve essere restituito imballato nella confezione originale. I costi di spedizione per un reso sono sempre a carico dell&#8217;acquirente per gli acquisti tramite www.salonforall.it. Devi organizzare tu stesso un trasporto presso un corriere di tua scelta per un reso. Una volta che Poltrona Cosmetica Elettrica Lux 4M Bianca Con Culla \u00e8 stato restituito, verr\u00e0 controllato per completezza e danni. Una volta che il reso \u00e8 stato approvato, l&#8217;importo di acquisto verr\u00e0 rimborsato entro 5 giorni lavorativi sul conto bancario da noi conosciuto.<\/p>\n<h2>Chi \u00e8 Salon For All?<\/h2>\n<p>Salon For All \u00e8 IL grossista per ogni arredamento di saloni in Europa. Salon For All \u00e8 iniziato nel 2003 con il nome Salonvoordeel ed \u00e8 nato dalla pratica. I proprietari di Salon For All erano parrucchieri e specialisti della bellezza esperti e hanno insieme oltre 30 anni di esperienza pratica. Nel 2003 abbiamo lanciato Salonvoordeel.nl (Paesi Bassi) e successivamente \u00e8 stato fondato Salon For All per il mercato europeo. Alcuni dei nostri dipendenti hanno avviato una propria attivit\u00e0 e cos\u00ec \u00e8 nata l&#8217;idea di avviare un negozio online funzionale per parrucchieri e aiutarli con l&#8217;arredamento del loro salone.<\/p>\n<p>Il nostro showroom si trova a Dinxperlo, direttamente al confine tra i Paesi Bassi e la Germania. Con la nostra pluriennale esperienza nel settore possiamo farti da specchio e fornirti la giusta consulenza. Parliamo la stessa lingua! Ti consigliamo, ispiriamo, motiviamo e ti aiutiamo nell&#8217;acquisto di Poltrona Cosmetica Elettrica Lux 4M Bianca Con Culla. I nostri fornitori si trovano in tutta Europa, dalla Germania, Inghilterra, Italia fino alla Polonia.<\/p>","protected":false},"excerpt":{"rendered":"<p>Il prodotto Poltrona Cosmetica Elettrica Lux 4M Bianca Con Culla \u00e8 una soluzione conveniente per qualsiasi salone o studio professionale. Il tempo di consegna previsto \u00e8 di circa 6 giorni lavorativi.<\/p>","protected":false},"featured_media":5308,"comment_status":"open","ping_status":"open","template":"","meta":[],"product_brand":[107],"product_cat":[88,89],"product_tag":[90,91],"class_list":{"0":"post-5307","1":"product","2":"type-product","3":"status-publish","4":"has-post-thumbnail","6":"product_brand-activeshop","7":"product_cat-mobili-per-estetica","8":"product_cat-poltrone-per-estetica","9":"product_tag-mobili-per-estetica","10":"product_tag-poltrone-per-estetica","11":"pa_codice-ean-518","12":"pa_garanzia-12-mesi","13":"pa_marca-activeshop","14":"pa_numero-dellarticolo-517","15":"pa_tempo-di-consegna-stimato-3-4-giorni-lavorativi","17":"first","18":"outofstock","19":"sale","20":"taxable","21":"shipping-taxable","22":"purchasable","23":"product-type-simple"},"yoast_head":"<!-- This site is optimized with the Yoast SEO plugin v27.5 - https:\/\/yoast.com\/product\/yoast-seo-wordpress\/ -->\n<title>Poltrona Cosmetica Elettrica Lux 4M Bianca Con Culla acquistare<\/title>\n<meta name=\"description\" content=\"Acquista Poltrona Cosmetica Elettrica Lux 4M Bianca Con Culla online o nello showroom da Salon For All Italia. Il grossista per saloni, studi e spa in Italia e Svizzera.\" \/>\n<meta name=\"robots\" content=\"index, follow, max-snippet:-1, max-image-preview:large, max-video-preview:-1\" \/>\n<link rel=\"canonical\" href=\"https:\/\/salonforall.it\/en\/poltrona-cosmetica-elettrica-lux-4m-bianca-con-culla\/\" \/>\n<meta property=\"og:locale\" content=\"en_GB\" \/>\n<meta property=\"og:type\" content=\"article\" \/>\n<meta property=\"og:title\" content=\"Poltrona Cosmetica Elettrica Lux 4M Bianca Con Culla\" \/>\n<meta property=\"og:description\" content=\"Acquista Poltrona Cosmetica Elettrica Lux 4M Bianca Con Culla online o nello showroom da Salon For All Italia. Il grossista per saloni, studi e spa in Italia e Svizzera.\" \/>\n<meta property=\"og:url\" content=\"https:\/\/salonforall.it\/en\/poltrona-cosmetica-elettrica-lux-4m-bianca-con-culla\/\" \/>\n<meta property=\"og:site_name\" content=\"Salon For All Italia\" \/>\n<meta property=\"article:modified_time\" content=\"2026-02-11T02:31:08+00:00\" \/>\n<meta property=\"og:image\" content=\"https:\/\/salonforall.it\/wp-content\/uploads\/2025\/12\/Poltrona-Cosmetica-Elettrica-Lux-4M-Bianca-Con-Culla-1.jpg\" \/>\n\t<meta property=\"og:image:width\" content=\"1200\" \/>\n\t<meta property=\"og:image:height\" content=\"1200\" \/>\n\t<meta property=\"og:image:type\" content=\"image\/jpeg\" \/>\n<meta name=\"twitter:card\" content=\"summary_large_image\" \/>\n<meta name=\"twitter:title\" content=\"Poltrona Cosmetica Elettrica Lux 4M Bianca Con Culla\" \/>\n<meta name=\"twitter:label1\" content=\"Estimated reading time\" \/>\n\t<meta name=\"twitter:data1\" content=\"8 minutes\" \/>\n<script type=\"application\/ld+json\" class=\"yoast-schema-graph\">{\"@context\":\"https:\\\/\\\/schema.org\",\"@graph\":[{\"@type\":\"WebPage\",\"@id\":\"https:\\\/\\\/salonforall.it\\\/poltrona-cosmetica-elettrica-lux-4m-bianca-con-culla\\\/\",\"url\":\"https:\\\/\\\/salonforall.it\\\/poltrona-cosmetica-elettrica-lux-4m-bianca-con-culla\\\/\",\"name\":\"Poltrona Cosmetica Elettrica Lux 4M Bianca Con Culla acquistare\",\"isPartOf\":{\"@id\":\"https:\\\/\\\/salonforall.it\\\/#website\"},\"primaryImageOfPage\":{\"@id\":\"https:\\\/\\\/salonforall.it\\\/poltrona-cosmetica-elettrica-lux-4m-bianca-con-culla\\\/#primaryimage\"},\"image\":{\"@id\":\"https:\\\/\\\/salonforall.it\\\/poltrona-cosmetica-elettrica-lux-4m-bianca-con-culla\\\/#primaryimage\"},\"thumbnailUrl\":\"https:\\\/\\\/salonforall.it\\\/wp-content\\\/uploads\\\/2025\\\/12\\\/Poltrona-Cosmetica-Elettrica-Lux-4M-Bianca-Con-Culla-1.jpg\",\"datePublished\":\"2025-12-03T09:29:47+00:00\",\"dateModified\":\"2026-02-11T02:31:08+00:00\",\"description\":\"Acquista Poltrona Cosmetica Elettrica Lux 4M Bianca Con Culla online o nello showroom da Salon For All Italia. Il grossista per saloni, studi e spa in Italia e Svizzera.\",\"breadcrumb\":{\"@id\":\"https:\\\/\\\/salonforall.it\\\/poltrona-cosmetica-elettrica-lux-4m-bianca-con-culla\\\/#breadcrumb\"},\"inLanguage\":\"en-GB\",\"potentialAction\":[{\"@type\":\"ReadAction\",\"target\":[\"https:\\\/\\\/salonforall.it\\\/poltrona-cosmetica-elettrica-lux-4m-bianca-con-culla\\\/\"]}]},{\"@type\":\"ImageObject\",\"inLanguage\":\"en-GB\",\"@id\":\"https:\\\/\\\/salonforall.it\\\/poltrona-cosmetica-elettrica-lux-4m-bianca-con-culla\\\/#primaryimage\",\"url\":\"https:\\\/\\\/salonforall.it\\\/wp-content\\\/uploads\\\/2025\\\/12\\\/Poltrona-Cosmetica-Elettrica-Lux-4M-Bianca-Con-Culla-1.jpg\",\"contentUrl\":\"https:\\\/\\\/salonforall.it\\\/wp-content\\\/uploads\\\/2025\\\/12\\\/Poltrona-Cosmetica-Elettrica-Lux-4M-Bianca-Con-Culla-1.jpg\",\"width\":1200,\"height\":1200,\"caption\":\"Poltrona Cosmetica Elettrica Lux 4M Bianca Con Culla\"},{\"@type\":\"BreadcrumbList\",\"@id\":\"https:\\\/\\\/salonforall.it\\\/poltrona-cosmetica-elettrica-lux-4m-bianca-con-culla\\\/#breadcrumb\",\"itemListElement\":[{\"@type\":\"ListItem\",\"position\":1,\"name\":\"Home\",\"item\":\"https:\\\/\\\/salonforall.it\\\/\"},{\"@type\":\"ListItem\",\"position\":2,\"name\":\"Winkel\",\"item\":\"https:\\\/\\\/salonforall.it\\\/winkel\\\/\"},{\"@type\":\"ListItem\",\"position\":3,\"name\":\"Poltrona Cosmetica Elettrica Lux 4M Bianca Con Culla\"}]},{\"@type\":\"WebSite\",\"@id\":\"https:\\\/\\\/salonforall.it\\\/#website\",\"url\":\"https:\\\/\\\/salonforall.it\\\/\",\"name\":\"Salon For All Italia\",\"description\":\"Grossista di mobili e forniture per studi medici e saloni\",\"publisher\":{\"@id\":\"https:\\\/\\\/salonforall.it\\\/#organization\"},\"potentialAction\":[{\"@type\":\"SearchAction\",\"target\":{\"@type\":\"EntryPoint\",\"urlTemplate\":\"https:\\\/\\\/salonforall.it\\\/?s={search_term_string}\"},\"query-input\":{\"@type\":\"PropertyValueSpecification\",\"valueRequired\":true,\"valueName\":\"search_term_string\"}}],\"inLanguage\":\"en-GB\"},{\"@type\":\"Organization\",\"@id\":\"https:\\\/\\\/salonforall.it\\\/#organization\",\"name\":\"Salon For All Italia\",\"url\":\"https:\\\/\\\/salonforall.it\\\/\",\"logo\":{\"@type\":\"ImageObject\",\"inLanguage\":\"en-GB\",\"@id\":\"https:\\\/\\\/salonforall.it\\\/#\\\/schema\\\/logo\\\/image\\\/\",\"url\":\"https:\\\/\\\/salonforall.it\\\/wp-content\\\/uploads\\\/2025\\\/11\\\/logo-salon-for-all-e1764543264615.png\",\"contentUrl\":\"https:\\\/\\\/salonforall.it\\\/wp-content\\\/uploads\\\/2025\\\/11\\\/logo-salon-for-all-e1764543264615.png\",\"width\":500,\"height\":150,\"caption\":\"Salon For All Italia\"},\"image\":{\"@id\":\"https:\\\/\\\/salonforall.it\\\/#\\\/schema\\\/logo\\\/image\\\/\"}}]}<\/script>\n<!-- \/ Yoast SEO plugin. -->","yoast_head_json":{"title":"Poltrona Cosmetica Elettrica Lux 4M Bianca Con Culla acquistare","description":"Acquista Poltrona Cosmetica Elettrica Lux 4M Bianca Con Culla online o nello showroom da Salon For All Italia. Il grossista per saloni, studi e spa in Italia e Svizzera.","robots":{"index":"index","follow":"follow","max-snippet":"max-snippet:-1","max-image-preview":"max-image-preview:large","max-video-preview":"max-video-preview:-1"},"canonical":"https:\/\/salonforall.it\/en\/poltrona-cosmetica-elettrica-lux-4m-bianca-con-culla\/","og_locale":"en_GB","og_type":"article","og_title":"Poltrona Cosmetica Elettrica Lux 4M Bianca Con Culla","og_description":"Acquista Poltrona Cosmetica Elettrica Lux 4M Bianca Con Culla online o nello showroom da Salon For All Italia. Il grossista per saloni, studi e spa in Italia e Svizzera.","og_url":"https:\/\/salonforall.it\/en\/poltrona-cosmetica-elettrica-lux-4m-bianca-con-culla\/","og_site_name":"Salon For All Italia","article_modified_time":"2026-02-11T02:31:08+00:00","og_image":[{"width":1200,"height":1200,"url":"https:\/\/salonforall.it\/wp-content\/uploads\/2025\/12\/Poltrona-Cosmetica-Elettrica-Lux-4M-Bianca-Con-Culla-1.jpg","type":"image\/jpeg"}],"twitter_card":"summary_large_image","twitter_title":"Poltrona Cosmetica Elettrica Lux 4M Bianca Con Culla","twitter_misc":{"Estimated reading time":"8 minutes"},"schema":{"@context":"https:\/\/schema.org","@graph":[{"@type":"WebPage","@id":"https:\/\/salonforall.it\/poltrona-cosmetica-elettrica-lux-4m-bianca-con-culla\/","url":"https:\/\/salonforall.it\/poltrona-cosmetica-elettrica-lux-4m-bianca-con-culla\/","name":"Poltrona Cosmetica Elettrica Lux 4M Bianca Con Culla acquistare","isPartOf":{"@id":"https:\/\/salonforall.it\/#website"},"primaryImageOfPage":{"@id":"https:\/\/salonforall.it\/poltrona-cosmetica-elettrica-lux-4m-bianca-con-culla\/#primaryimage"},"image":{"@id":"https:\/\/salonforall.it\/poltrona-cosmetica-elettrica-lux-4m-bianca-con-culla\/#primaryimage"},"thumbnailUrl":"https:\/\/salonforall.it\/wp-content\/uploads\/2025\/12\/Poltrona-Cosmetica-Elettrica-Lux-4M-Bianca-Con-Culla-1.jpg","datePublished":"2025-12-03T09:29:47+00:00","dateModified":"2026-02-11T02:31:08+00:00","description":"Acquista Poltrona Cosmetica Elettrica Lux 4M Bianca Con Culla online o nello showroom da Salon For All Italia. Il grossista per saloni, studi e spa in Italia e Svizzera.","breadcrumb":{"@id":"https:\/\/salonforall.it\/poltrona-cosmetica-elettrica-lux-4m-bianca-con-culla\/#breadcrumb"},"inLanguage":"en-GB","potentialAction":[{"@type":"ReadAction","target":["https:\/\/salonforall.it\/poltrona-cosmetica-elettrica-lux-4m-bianca-con-culla\/"]}]},{"@type":"ImageObject","inLanguage":"en-GB","@id":"https:\/\/salonforall.it\/poltrona-cosmetica-elettrica-lux-4m-bianca-con-culla\/#primaryimage","url":"https:\/\/salonforall.it\/wp-content\/uploads\/2025\/12\/Poltrona-Cosmetica-Elettrica-Lux-4M-Bianca-Con-Culla-1.jpg","contentUrl":"https:\/\/salonforall.it\/wp-content\/uploads\/2025\/12\/Poltrona-Cosmetica-Elettrica-Lux-4M-Bianca-Con-Culla-1.jpg","width":1200,"height":1200,"caption":"Poltrona Cosmetica Elettrica Lux 4M Bianca Con Culla"},{"@type":"BreadcrumbList","@id":"https:\/\/salonforall.it\/poltrona-cosmetica-elettrica-lux-4m-bianca-con-culla\/#breadcrumb","itemListElement":[{"@type":"ListItem","position":1,"name":"Home","item":"https:\/\/salonforall.it\/"},{"@type":"ListItem","position":2,"name":"Winkel","item":"https:\/\/salonforall.it\/winkel\/"},{"@type":"ListItem","position":3,"name":"Poltrona Cosmetica Elettrica Lux 4M Bianca Con Culla"}]},{"@type":"WebSite","@id":"https:\/\/salonforall.it\/#website","url":"https:\/\/salonforall.it\/","name":"Salon For All Italia","description":"Grossista di mobili e forniture per studi medici e saloni","publisher":{"@id":"https:\/\/salonforall.it\/#organization"},"potentialAction":[{"@type":"SearchAction","target":{"@type":"EntryPoint","urlTemplate":"https:\/\/salonforall.it\/?s={search_term_string}"},"query-input":{"@type":"PropertyValueSpecification","valueRequired":true,"valueName":"search_term_string"}}],"inLanguage":"en-GB"},{"@type":"Organization","@id":"https:\/\/salonforall.it\/#organization","name":"Salon For All Italia","url":"https:\/\/salonforall.it\/","logo":{"@type":"ImageObject","inLanguage":"en-GB","@id":"https:\/\/salonforall.it\/#\/schema\/logo\/image\/","url":"https:\/\/salonforall.it\/wp-content\/uploads\/2025\/11\/logo-salon-for-all-e1764543264615.png","contentUrl":"https:\/\/salonforall.it\/wp-content\/uploads\/2025\/11\/logo-salon-for-all-e1764543264615.png","width":500,"height":150,"caption":"Salon For All Italia"},"image":{"@id":"https:\/\/salonforall.it\/#\/schema\/logo\/image\/"}}]}},"_links":{"self":[{"href":"https:\/\/salonforall.it\/en\/wp-json\/wp\/v2\/product\/5307","targetHints":{"allow":["GET"]}}],"collection":[{"href":"https:\/\/salonforall.it\/en\/wp-json\/wp\/v2\/product"}],"about":[{"href":"https:\/\/salonforall.it\/en\/wp-json\/wp\/v2\/types\/product"}],"replies":[{"embeddable":true,"href":"https:\/\/salonforall.it\/en\/wp-json\/wp\/v2\/comments?post=5307"}],"wp:featuredmedia":[{"embeddable":true,"href":"https:\/\/salonforall.it\/en\/wp-json\/wp\/v2\/media\/5308"}],"wp:attachment":[{"href":"https:\/\/salonforall.it\/en\/wp-json\/wp\/v2\/media?parent=5307"}],"wp:term":[{"taxonomy":"product_brand","embeddable":true,"href":"https:\/\/salonforall.it\/en\/wp-json\/wp\/v2\/product_brand?post=5307"},{"taxonomy":"product_cat","embeddable":true,"href":"https:\/\/salonforall.it\/en\/wp-json\/wp\/v2\/product_cat?post=5307"},{"taxonomy":"product_tag","embeddable":true,"href":"https:\/\/salonforall.it\/en\/wp-json\/wp\/v2\/product_tag?post=5307"}],"curies":[{"name":"wp","href":"https:\/\/api.w.org\/{rel}","templated":true}]}}