{"id":5721,"date":"2025-12-03T09:33:00","date_gmt":"2025-12-03T09:33:00","guid":{"rendered":"https:\/\/salonforall.it\/trapano-per-unghie-lcd-yoshida-pro-spray\/"},"modified":"2026-05-15T02:03:20","modified_gmt":"2026-05-15T02:03:20","slug":"trapano-per-unghie-lcd-yoshida-pro-spray","status":"publish","type":"product","link":"https:\/\/salonforall.it\/en\/trapano-per-unghie-lcd-yoshida-pro-spray\/","title":{"rendered":"Trapano Per Unghie Lcd Yoshida Pro-Spray"},"content":{"rendered":"<h2>Informazioni su Trapano Per Unghie Lcd Yoshida Pro-Spray con codice articolo 114883<\/h2>\n<h2><strong>Al servizio della bellezza<\/strong><\/h2>\n<p><strong>YOSHIDA<\/strong> offre dispositivi medici e strumenti cosmetici caratterizzati dalla massima qualit\u00e0 dei materiali utilizzati, dalla lavorazione estremamente accurata e dall&#8217;innovazione tecnologica.<\/p>\n<p><img decoding=\"async\" src=\"https:\/\/activeshop.com.pl\/media\/wysiwyg\/product\/114883\/EN_114883_1.jpg\"><\/p>\n<h2><strong>Controllo facile e intuitivo<br \/><\/strong><\/h2>\n<p>Il pannello di controllo touch LCD a colori garantisce un utilizzo semplice e intuitivo. Dopo aver attivato il menu, <strong>\u00e8 possibile impostare la velocit\u00e0 nell&#8217;intervallo da 10.000 a 40.000 giri\/min<\/strong>. \u00c8 possibile accendere o spegnere il manipolo cliccando sull&#8217;immagine animata o premendo il pulsante START\/PAUSE. Il pulsante di accensione serve per accendere e spegnere l&#8217;intero sistema, senza dover staccare la spina.<\/p>\n<p><img decoding=\"async\" src=\"https:\/\/activeshop.com.pl\/media\/wysiwyg\/product\/114883\/EN_114883_2.jpg\"><\/p>\n<h2>&nbsp;<\/h2>\n<h2><strong>Perfetto per il tuo salone di bellezza\/clinica podologica<br \/><\/strong><\/h2>\n<p>Il moderno trapano per unghie <strong>YOSHIDA<\/strong> sar\u00e0 perfetto per qualsiasi attivit\u00e0 che ti aspetta al lavoro in un salone di bellezza o in una clinica podologica. L&#8217;imponente alloggiamento in metallo e i pratici elementi in plastica si abbinano perfettamente all&#8217;aspetto di questo trapano per unghie unico nel suo genere. Una solida maniglia nella parte superiore dell&#8217;alloggiamento ne consente un facile trasporto.<\/p>\n<p><img decoding=\"async\" src=\"https:\/\/activeshop.com.pl\/media\/wysiwyg\/product\/114883\/EN_114883_3.jpg\"><\/p>\n<p>&nbsp;<\/p>\n<h2><strong> Manipolo esclusivo con spray incorporato <\/strong><\/h2>\n<p>Il manipolo del dispositivo proviene dal noto marchio <strong> Marathon<\/strong>. \u00c8 realizzato in leghe metalliche e diversi elementi in plastica. \u00c8 leggero, privo di vibrazioni e si adatta perfettamente alla mano.<\/p>\n<h2><img decoding=\"async\" src=\"https:\/\/activeshop.com.pl\/media\/wysiwyg\/product\/114883\/EN_114883_7.jpg\"><\/h2>\n<h2>&nbsp;<\/h2>\n<h2><strong>Utilizzare lo spray durante il trattamento<\/strong><\/h2>\n<p>Il contenitore del liquido illuminato ha una capacit\u00e0 di 250 ml. \u00c8 molto facile da rimuovere, pulire e riempire. Il fluido verr\u00e0 convogliato nel tubo collegato all&#8217;altra estremit\u00e0. Lo spray collegato al manipolo sar\u00e0 facilmente accessibile durante la procedura. Regolare l&#8217;intensit\u00e0 dello spray ruotando la manopola. Accendere o spegnere lo spray con il pulsante sul display.<\/p>\n<p><img decoding=\"async\" src=\"https:\/\/activeshop.com.pl\/media\/wysiwyg\/product\/114883\/EN_114883_4.jpg\"><\/p>\n<p>&nbsp;<\/p>\n<h2><strong> Soluzioni aggiuntive per un maggiore comfort <\/strong><\/h2>\n<p>Sul lato sinistro del dispositivo \u00e8 presente un supporto per punte. Sul lato destro \u00e8 fissato un supporto per manipolo. \u00c8 possibile collegare il pedale (lo troverete nella confezione) e utilizzarlo per attivare\/disattivare il funzionamento del manipolo.<\/p>\n<p><img decoding=\"async\" src=\"https:\/\/activeshop.com.pl\/media\/wysiwyg\/product\/114883\/EN_114883_5.jpg\"><\/p>\n<h2>&nbsp;<\/h2>\n<h2><strong> Programma il sistema per semplificare il tuo lavoro <\/strong><\/h2>\n<p>Il dispositivo pu\u00f2 essere programmato in 6 diverse modalit\u00e0. Ognuna di esse avr\u00e0 una velocit\u00e0 e una direzione di rotazione diverse. In questa modalit\u00e0 \u00e8 anche possibile impostare se lo spray deve essere attivo o meno.<\/p>\n<p><img decoding=\"async\" src=\"https:\/\/activeshop.com.pl\/media\/wysiwyg\/product\/114883\/EN_114883_6.jpg\"><\/p>\n<h2>&nbsp;<\/h2>\n<h2><strong> Twist-Lock: cambio punta facile <\/strong><\/h2>\n<p>Dimenticatevi di usare chiavi e mandrini, l&#8217;impugnatura TWIST-LOCK \u00e8 una soluzione che consente di sostituire la fresa in modo rapido e semplice con un solo gesto. Ruotare a sinistra per sbloccare, allentare e sostituire la punta. Girare a destra per chiudere la serratura e installare la punta.<\/p>\n<p>&nbsp;<\/p>\n<h2><strong> Il kit include: <\/strong><\/h2>\n<p>Scatola di controllo del trapano per unghie (con contenitore), manipolo (collegato allo spray), comando a pedale, set di punte.<\/p>\n<p>&nbsp;<\/p>\n<h2><strong> Specifiche: <\/strong><\/h2>\n<p>\u2022 Trapano per unghie professionale e moderno per tutti i trattamenti podologici. Funziona bene anche per lavorare con le unghie delle mani. <br \/>\u2022 Rotazione regolabile nell&#8217;intervallo da 10 a 40 mila. <br \/>\u2022 Spray collegato a un contenitore da 250 ml di liquido. Getto regolabile. <br \/>\u2022 Display touchscreen a colori con pannello di controllo.<\/p>\n<p>\u2022 Modalit\u00e0 programmabili. <br \/>\u2022 Manipolo Marathon leggero e senza vibrazioni<br \/>\u2022 Sistema di serraggio Twist-Lock<br \/>\u2022 Comando a pedale incluso <br \/>\u2022 Garanzia: 2 anni<\/p>\n<p>&nbsp;<\/p>\n<h2><strong>Specifiche: <\/strong><\/h2>\n<p>Potenza: 28 W <br \/>Tensione: 200-240 V <br \/>Dimensioni: 14 cm di altezza \/ 27 cm di larghezza \/ 18,5 cm di profondit\u00e0 <br \/>Peso: 6,8 kg<\/p>\n<p>I prodotti Activeshop sono proporzionalmente pi\u00f9 economici di molti altri marchi\/fornitori. Il prezzo \u00e8 proporzionato alla qualit\u00e0. Trapano Per Unghie Lcd Yoshida Pro-Spray \u00e8 quindi una soluzione accessibile per il tuo salone.<\/p>\n<h2>Come viene consegnato Trapano Per Unghie Lcd Yoshida Pro-Spray?<\/h2>\n<p>Trapano Per Unghie Lcd Yoshida Pro-Spray viene consegnato nella confezione originale. In Italia la spedizione di Trapano Per Unghie Lcd Yoshida Pro-Spray \u00e8 completamente gratuita per ordini a partire da 100,- euro. Per spedizioni verso altri paesi si applicano tariffe di spedizione separate. Puoi richiedere queste tariffe o trovarle nel carrello. Trapano Per Unghie Lcd Yoshida Pro-Spray viene spedito tramite un corriere esterno.<\/p>\n<p>I pacchi o i pallet vengono consegnati di serie fino alla soglia della porta d&#8217;ingresso, anche se ti trovi in un edificio collettivo, condominio o complesso residenziale con ascensore (a condizione che l&#8217;articolo entri nell&#8217;ascensore). Non c&#8217;\u00e8 un ascensore o l&#8217;articolo non entra nell&#8217;ascensore? Allora consegniamo fino alla soglia del piano terra.<\/p>\n<p>Hai ancora domande sulla consegna o una situazione particolare? Contattaci e saremo lieti di aiutarti!<\/p>\n<p>*Gli articoli non vengono disimballati o montati di serie. In situazioni particolari puoi contattarci per fare accordi in merito.<\/p>\n<h2>Acquisti online sicuri su Salon For All con il marchio di qualit\u00e0 Webwinkelkeur e crittografia SSL<\/h2>\n<p>\u00c8 importante per noi che i nostri clienti possano fare acquisti online in sicurezza. Siamo affiliati al marchio di qualit\u00e0 nazionale Webwinkelkeur dal 2019. La nostra identit\u00e0 \u00e8 stata controllata e verificata da loro e il negozio online \u00e8 stato controllato e approvato legalmente. Inoltre, il nostro negozio online \u00e8 affiliato a loro per la mediazione delle controversie. Puoi vedere il badge con tutte le informazioni di questo marchio di qualit\u00e0 del negozio online sul lato sinistro o destro del negozio online (pulsante rosa con bianco). Inoltre, il nostro sito \u00e8 protetto con un certificato SSL in modo da poter navigare in sicurezza. Nella barra del tuo browser Internet, dove \u00e8 indicato il nostro sito web, vedrai un&#8217;icona a forma di lucchetto. Se clicchi sul lucchetto, otterrai tutte le informazioni sulla nostra sicurezza. In questo modo sai che il tuo ordine di Trapano Per Unghie Lcd Yoshida Pro-Spray e i tuoi dati personali vengono elaborati in modo sicuro.<\/p>\n<h2>Come posso pagare Trapano Per Unghie Lcd Yoshida Pro-Spray?<\/h2>\n<p>Vogliamo renderti le cose il pi\u00f9 semplici possibile. Ecco perch\u00e9 su Salon For All puoi pagare con tutti i metodi di pagamento noti e comuni. Pagare in anticipo, alla consegna o in seguito; tutto \u00e8 possibile. Vedi qui tutti i metodi di pagamento che offriamo:<\/p>\n<ul>\n<li>iDEAL<\/li>\n<li>Carta di credito (Visa, Mastercard, American Express)<\/li>\n<li>Klarna &#8211; Pagamento posticipato con fattura<\/li>\n<li>PayPal<\/li>\n<li>Apple Pay<\/li>\n<li>Google Pay<\/li>\n<li>Bancontact<\/li>\n<li>Bonifico bancario SEPA<\/li>\n<li>MyBank (per clienti italiani)<\/li>\n<li>Fattura aziendale per imprese<\/li>\n<li>Pagamento nello showroom &#8211; Sia carta che contanti (Disponibile solo per il ritiro)<\/li>\n<\/ul>\n<h2>Consulta anche le recensioni di Salon For All<\/h2>\n<p>Consulta anche le nostre recensioni per tenere conto delle esperienze dei nostri clienti attuali nella tua decisione di ordinare Trapano Per Unghie Lcd Yoshida Pro-Spray da noi. Attraverso il nostro marchio di qualit\u00e0 indipendente del negozio online Webwinkelkeur, vengono raccolte automaticamente recensioni verificate di clienti che hanno completato un ordine con noi. Puoi trovarle dietro il pulsante rosa sul nostro negozio online o sono elencate sotto i prodotti.<\/p>\n<p>Condividi anche la tua esperienza dopo il tuo acquisto con il tuo Trapano Per Unghie Lcd Yoshida Pro-Spray ordinato e la tua esperienza con il processo di acquisto o il contatto con Salon For All per ispirare gli altri!<\/p>\n<h2>Contatto con Salon For All<\/h2>\n<p>Contattaci allora. Saremo lieti di aiutarti con l&#8217;acquisto di Trapano Per Unghie Lcd Yoshida Pro-Spray. Nei giorni feriali siamo raggiungibili al meglio tra le 8.30 e le 17.00 tramite il numero di telefono e l&#8217;indirizzo e-mail nella parte superiore del negozio online o tramite la funzione chat. Le domande al di fuori dell&#8217;orario d&#8217;ufficio vengono generalmente risposte entro 24 ore. \u00c8 anche possibile venirci a trovare al di fuori dei giorni feriali o dell&#8217;orario d&#8217;ufficio. Ma per questo \u00e8 necessario prendere un appuntamento in anticipo.<\/p>\n<h2>Vuoi venire nel nostro showroom?<\/h2>\n<p>Preferisci vedere Trapano Per Unghie Lcd Yoshida Pro-Spray o esplorare la nostra offerta del negozio (online) insieme al nostro collega? Allora vieni nel nostro showroom con oltre 1000m\u00b2 di arredamento per saloni e lasciati ispirare dai nostri dipendenti. Anche se ti piace fare conoscenza in modo piacevole gustando una buona tazza di caff\u00e8 o t\u00e8, sei il benvenuto. Non abbiamo tutti i prodotti disponibili, quindi faccici sapere in anticipo che vuoi venire. Prendi sempre un appuntamento in anticipo.<\/p>\n<h2>14 giorni di riflessione e la nostra politica di reso<\/h2>\n<p>Naturalmente pu\u00f2 succedere che Trapano Per Unghie Lcd Yoshida Pro-Spray consegnato non sia completamente di tuo gradimento e tu voglia restituirlo. Questo non \u00e8 assolutamente un problema con Salon For All. Devi segnalare il tuo reso entro 14 giorni lavorativi tramite <a href=\"mailto:info@salonforall.com\">info@salonforall.it<\/a>. Riceverai quindi prima tutte le istruzioni e condizioni di reso. Si prega di notare che Trapano Per Unghie Lcd Yoshida Pro-Spray non deve essere stato utilizzato, deve contenere tutte le parti fornite e deve essere restituito imballato nella confezione originale. I costi di spedizione per un reso sono sempre a carico dell&#8217;acquirente per gli acquisti tramite www.salonforall.it. Devi organizzare tu stesso un trasporto presso un corriere di tua scelta per un reso. Una volta che Trapano Per Unghie Lcd Yoshida Pro-Spray \u00e8 stato restituito, verr\u00e0 controllato per completezza e danni. Una volta che il reso \u00e8 stato approvato, l&#8217;importo di acquisto verr\u00e0 rimborsato entro 5 giorni lavorativi sul conto bancario da noi conosciuto.<\/p>\n<h2>Chi \u00e8 Salon For All?<\/h2>\n<p>Salon For All \u00e8 IL grossista per ogni arredamento di saloni in Europa. Salon For All \u00e8 iniziato nel 2003 con il nome Salonvoordeel ed \u00e8 nato dalla pratica. I proprietari di Salon For All erano parrucchieri e specialisti della bellezza esperti e hanno insieme oltre 30 anni di esperienza pratica. Nel 2003 abbiamo lanciato Salonvoordeel.nl (Paesi Bassi) e successivamente \u00e8 stato fondato Salon For All per il mercato europeo. Alcuni dei nostri dipendenti hanno avviato una propria attivit\u00e0 e cos\u00ec \u00e8 nata l&#8217;idea di avviare un negozio online funzionale per parrucchieri e aiutarli con l&#8217;arredamento del loro salone.<\/p>\n<p>Il nostro showroom si trova a Dinxperlo, direttamente al confine tra i Paesi Bassi e la Germania. Con la nostra pluriennale esperienza nel settore possiamo farti da specchio e fornirti la giusta consulenza. Parliamo la stessa lingua! Ti consigliamo, ispiriamo, motiviamo e ti aiutiamo nell&#8217;acquisto di Trapano Per Unghie Lcd Yoshida Pro-Spray. I nostri fornitori si trovano in tutta Europa, dalla Germania, Inghilterra, Italia fino alla Polonia.<\/p>","protected":false},"excerpt":{"rendered":"<p>Il prodotto Trapano Per Unghie Lcd Yoshida Pro-Spray \u00e8 una soluzione conveniente per qualsiasi salone o studio professionale. Il tempo di consegna previsto \u00e8 di circa 6 giorni lavorativi.<\/p>","protected":false},"featured_media":5722,"comment_status":"open","ping_status":"open","template":"","meta":[],"product_brand":[704],"product_cat":[289,163],"product_tag":[290,166],"class_list":{"0":"post-5721","1":"product","2":"type-product","3":"status-publish","4":"has-post-thumbnail","6":"product_brand-yoshida","7":"product_cat-esercizi-di-podologia","8":"product_cat-podologia","9":"product_tag-esercizi-di-podologia","10":"product_tag-podologia","11":"pa_codice-ean-702","12":"pa_garanzia-12-mesi","13":"pa_marca-yoshida","14":"pa_numero-dellarticolo-701","15":"pa_tempo-di-consegna-stimato-3-4-giorni-lavorativi","17":"first","18":"instock","19":"sale","20":"taxable","21":"shipping-taxable","22":"purchasable","23":"product-type-simple"},"yoast_head":"<!-- This site is optimized with the Yoast SEO plugin v27.5 - https:\/\/yoast.com\/product\/yoast-seo-wordpress\/ -->\n<title>Trapano Per Unghie Lcd Yoshida Pro-Spray acquistare<\/title>\n<meta name=\"description\" content=\"Acquista Trapano Per Unghie Lcd Yoshida Pro-Spray online o nello showroom da Salon For All Italia. Il grossista per saloni, studi e spa in Italia e Svizzera.\" \/>\n<meta name=\"robots\" content=\"index, follow, max-snippet:-1, max-image-preview:large, max-video-preview:-1\" \/>\n<link rel=\"canonical\" href=\"https:\/\/salonforall.it\/en\/trapano-per-unghie-lcd-yoshida-pro-spray\/\" \/>\n<meta property=\"og:locale\" content=\"en_GB\" \/>\n<meta property=\"og:type\" content=\"article\" \/>\n<meta property=\"og:title\" content=\"Trapano Per Unghie Lcd Yoshida Pro-Spray\" \/>\n<meta property=\"og:description\" content=\"Acquista Trapano Per Unghie Lcd Yoshida Pro-Spray online o nello showroom da Salon For All Italia. Il grossista per saloni, studi e spa in Italia e Svizzera.\" \/>\n<meta property=\"og:url\" content=\"https:\/\/salonforall.it\/en\/trapano-per-unghie-lcd-yoshida-pro-spray\/\" \/>\n<meta property=\"og:site_name\" content=\"Salon For All Italia\" \/>\n<meta property=\"article:modified_time\" content=\"2026-05-15T02:03:20+00:00\" \/>\n<meta property=\"og:image\" content=\"https:\/\/salonforall.it\/wp-content\/uploads\/2025\/12\/Trapano-Per-Unghie-Lcd-Yoshida-Pro-Spray-1.jpg\" \/>\n\t<meta property=\"og:image:width\" content=\"800\" \/>\n\t<meta property=\"og:image:height\" content=\"800\" \/>\n\t<meta property=\"og:image:type\" content=\"image\/jpeg\" \/>\n<meta name=\"twitter:card\" content=\"summary_large_image\" \/>\n<meta name=\"twitter:title\" content=\"Trapano Per Unghie Lcd Yoshida Pro-Spray\" \/>\n<meta name=\"twitter:label1\" content=\"Estimated reading time\" \/>\n\t<meta name=\"twitter:data1\" content=\"8 minutes\" \/>\n<script type=\"application\/ld+json\" class=\"yoast-schema-graph\">{\"@context\":\"https:\\\/\\\/schema.org\",\"@graph\":[{\"@type\":\"WebPage\",\"@id\":\"https:\\\/\\\/salonforall.it\\\/trapano-per-unghie-lcd-yoshida-pro-spray\\\/\",\"url\":\"https:\\\/\\\/salonforall.it\\\/trapano-per-unghie-lcd-yoshida-pro-spray\\\/\",\"name\":\"Trapano Per Unghie Lcd Yoshida Pro-Spray acquistare\",\"isPartOf\":{\"@id\":\"https:\\\/\\\/salonforall.it\\\/#website\"},\"primaryImageOfPage\":{\"@id\":\"https:\\\/\\\/salonforall.it\\\/trapano-per-unghie-lcd-yoshida-pro-spray\\\/#primaryimage\"},\"image\":{\"@id\":\"https:\\\/\\\/salonforall.it\\\/trapano-per-unghie-lcd-yoshida-pro-spray\\\/#primaryimage\"},\"thumbnailUrl\":\"https:\\\/\\\/salonforall.it\\\/wp-content\\\/uploads\\\/2025\\\/12\\\/Trapano-Per-Unghie-Lcd-Yoshida-Pro-Spray-1.jpg\",\"datePublished\":\"2025-12-03T09:33:00+00:00\",\"dateModified\":\"2026-05-15T02:03:20+00:00\",\"description\":\"Acquista Trapano Per Unghie Lcd Yoshida Pro-Spray online o nello showroom da Salon For All Italia. Il grossista per saloni, studi e spa in Italia e Svizzera.\",\"breadcrumb\":{\"@id\":\"https:\\\/\\\/salonforall.it\\\/trapano-per-unghie-lcd-yoshida-pro-spray\\\/#breadcrumb\"},\"inLanguage\":\"en-GB\",\"potentialAction\":[{\"@type\":\"ReadAction\",\"target\":[\"https:\\\/\\\/salonforall.it\\\/trapano-per-unghie-lcd-yoshida-pro-spray\\\/\"]}]},{\"@type\":\"ImageObject\",\"inLanguage\":\"en-GB\",\"@id\":\"https:\\\/\\\/salonforall.it\\\/trapano-per-unghie-lcd-yoshida-pro-spray\\\/#primaryimage\",\"url\":\"https:\\\/\\\/salonforall.it\\\/wp-content\\\/uploads\\\/2025\\\/12\\\/Trapano-Per-Unghie-Lcd-Yoshida-Pro-Spray-1.jpg\",\"contentUrl\":\"https:\\\/\\\/salonforall.it\\\/wp-content\\\/uploads\\\/2025\\\/12\\\/Trapano-Per-Unghie-Lcd-Yoshida-Pro-Spray-1.jpg\",\"width\":800,\"height\":800,\"caption\":\"Trapano Per Unghie Lcd Yoshida Pro-Spray\"},{\"@type\":\"BreadcrumbList\",\"@id\":\"https:\\\/\\\/salonforall.it\\\/trapano-per-unghie-lcd-yoshida-pro-spray\\\/#breadcrumb\",\"itemListElement\":[{\"@type\":\"ListItem\",\"position\":1,\"name\":\"Home\",\"item\":\"https:\\\/\\\/salonforall.it\\\/\"},{\"@type\":\"ListItem\",\"position\":2,\"name\":\"Winkel\",\"item\":\"https:\\\/\\\/salonforall.it\\\/winkel\\\/\"},{\"@type\":\"ListItem\",\"position\":3,\"name\":\"Trapano Per Unghie Lcd Yoshida Pro-Spray\"}]},{\"@type\":\"WebSite\",\"@id\":\"https:\\\/\\\/salonforall.it\\\/#website\",\"url\":\"https:\\\/\\\/salonforall.it\\\/\",\"name\":\"Salon For All Italia\",\"description\":\"Grossista di mobili e forniture per studi medici e saloni\",\"publisher\":{\"@id\":\"https:\\\/\\\/salonforall.it\\\/#organization\"},\"potentialAction\":[{\"@type\":\"SearchAction\",\"target\":{\"@type\":\"EntryPoint\",\"urlTemplate\":\"https:\\\/\\\/salonforall.it\\\/?s={search_term_string}\"},\"query-input\":{\"@type\":\"PropertyValueSpecification\",\"valueRequired\":true,\"valueName\":\"search_term_string\"}}],\"inLanguage\":\"en-GB\"},{\"@type\":\"Organization\",\"@id\":\"https:\\\/\\\/salonforall.it\\\/#organization\",\"name\":\"Salon For All Italia\",\"url\":\"https:\\\/\\\/salonforall.it\\\/\",\"logo\":{\"@type\":\"ImageObject\",\"inLanguage\":\"en-GB\",\"@id\":\"https:\\\/\\\/salonforall.it\\\/#\\\/schema\\\/logo\\\/image\\\/\",\"url\":\"https:\\\/\\\/salonforall.it\\\/wp-content\\\/uploads\\\/2025\\\/11\\\/logo-salon-for-all-e1764543264615.png\",\"contentUrl\":\"https:\\\/\\\/salonforall.it\\\/wp-content\\\/uploads\\\/2025\\\/11\\\/logo-salon-for-all-e1764543264615.png\",\"width\":500,\"height\":150,\"caption\":\"Salon For All Italia\"},\"image\":{\"@id\":\"https:\\\/\\\/salonforall.it\\\/#\\\/schema\\\/logo\\\/image\\\/\"}}]}<\/script>\n<!-- \/ Yoast SEO plugin. -->","yoast_head_json":{"title":"Trapano Per Unghie Lcd Yoshida Pro-Spray acquistare","description":"Acquista Trapano Per Unghie Lcd Yoshida Pro-Spray online o nello showroom da Salon For All Italia. Il grossista per saloni, studi e spa in Italia e Svizzera.","robots":{"index":"index","follow":"follow","max-snippet":"max-snippet:-1","max-image-preview":"max-image-preview:large","max-video-preview":"max-video-preview:-1"},"canonical":"https:\/\/salonforall.it\/en\/trapano-per-unghie-lcd-yoshida-pro-spray\/","og_locale":"en_GB","og_type":"article","og_title":"Trapano Per Unghie Lcd Yoshida Pro-Spray","og_description":"Acquista Trapano Per Unghie Lcd Yoshida Pro-Spray online o nello showroom da Salon For All Italia. Il grossista per saloni, studi e spa in Italia e Svizzera.","og_url":"https:\/\/salonforall.it\/en\/trapano-per-unghie-lcd-yoshida-pro-spray\/","og_site_name":"Salon For All Italia","article_modified_time":"2026-05-15T02:03:20+00:00","og_image":[{"width":800,"height":800,"url":"https:\/\/salonforall.it\/wp-content\/uploads\/2025\/12\/Trapano-Per-Unghie-Lcd-Yoshida-Pro-Spray-1.jpg","type":"image\/jpeg"}],"twitter_card":"summary_large_image","twitter_title":"Trapano Per Unghie Lcd Yoshida Pro-Spray","twitter_misc":{"Estimated reading time":"8 minutes"},"schema":{"@context":"https:\/\/schema.org","@graph":[{"@type":"WebPage","@id":"https:\/\/salonforall.it\/trapano-per-unghie-lcd-yoshida-pro-spray\/","url":"https:\/\/salonforall.it\/trapano-per-unghie-lcd-yoshida-pro-spray\/","name":"Trapano Per Unghie Lcd Yoshida Pro-Spray acquistare","isPartOf":{"@id":"https:\/\/salonforall.it\/#website"},"primaryImageOfPage":{"@id":"https:\/\/salonforall.it\/trapano-per-unghie-lcd-yoshida-pro-spray\/#primaryimage"},"image":{"@id":"https:\/\/salonforall.it\/trapano-per-unghie-lcd-yoshida-pro-spray\/#primaryimage"},"thumbnailUrl":"https:\/\/salonforall.it\/wp-content\/uploads\/2025\/12\/Trapano-Per-Unghie-Lcd-Yoshida-Pro-Spray-1.jpg","datePublished":"2025-12-03T09:33:00+00:00","dateModified":"2026-05-15T02:03:20+00:00","description":"Acquista Trapano Per Unghie Lcd Yoshida Pro-Spray online o nello showroom da Salon For All Italia. Il grossista per saloni, studi e spa in Italia e Svizzera.","breadcrumb":{"@id":"https:\/\/salonforall.it\/trapano-per-unghie-lcd-yoshida-pro-spray\/#breadcrumb"},"inLanguage":"en-GB","potentialAction":[{"@type":"ReadAction","target":["https:\/\/salonforall.it\/trapano-per-unghie-lcd-yoshida-pro-spray\/"]}]},{"@type":"ImageObject","inLanguage":"en-GB","@id":"https:\/\/salonforall.it\/trapano-per-unghie-lcd-yoshida-pro-spray\/#primaryimage","url":"https:\/\/salonforall.it\/wp-content\/uploads\/2025\/12\/Trapano-Per-Unghie-Lcd-Yoshida-Pro-Spray-1.jpg","contentUrl":"https:\/\/salonforall.it\/wp-content\/uploads\/2025\/12\/Trapano-Per-Unghie-Lcd-Yoshida-Pro-Spray-1.jpg","width":800,"height":800,"caption":"Trapano Per Unghie Lcd Yoshida Pro-Spray"},{"@type":"BreadcrumbList","@id":"https:\/\/salonforall.it\/trapano-per-unghie-lcd-yoshida-pro-spray\/#breadcrumb","itemListElement":[{"@type":"ListItem","position":1,"name":"Home","item":"https:\/\/salonforall.it\/"},{"@type":"ListItem","position":2,"name":"Winkel","item":"https:\/\/salonforall.it\/winkel\/"},{"@type":"ListItem","position":3,"name":"Trapano Per Unghie Lcd Yoshida Pro-Spray"}]},{"@type":"WebSite","@id":"https:\/\/salonforall.it\/#website","url":"https:\/\/salonforall.it\/","name":"Salon For All Italia","description":"Grossista di mobili e forniture per studi medici e saloni","publisher":{"@id":"https:\/\/salonforall.it\/#organization"},"potentialAction":[{"@type":"SearchAction","target":{"@type":"EntryPoint","urlTemplate":"https:\/\/salonforall.it\/?s={search_term_string}"},"query-input":{"@type":"PropertyValueSpecification","valueRequired":true,"valueName":"search_term_string"}}],"inLanguage":"en-GB"},{"@type":"Organization","@id":"https:\/\/salonforall.it\/#organization","name":"Salon For All Italia","url":"https:\/\/salonforall.it\/","logo":{"@type":"ImageObject","inLanguage":"en-GB","@id":"https:\/\/salonforall.it\/#\/schema\/logo\/image\/","url":"https:\/\/salonforall.it\/wp-content\/uploads\/2025\/11\/logo-salon-for-all-e1764543264615.png","contentUrl":"https:\/\/salonforall.it\/wp-content\/uploads\/2025\/11\/logo-salon-for-all-e1764543264615.png","width":500,"height":150,"caption":"Salon For All Italia"},"image":{"@id":"https:\/\/salonforall.it\/#\/schema\/logo\/image\/"}}]}},"_links":{"self":[{"href":"https:\/\/salonforall.it\/en\/wp-json\/wp\/v2\/product\/5721","targetHints":{"allow":["GET"]}}],"collection":[{"href":"https:\/\/salonforall.it\/en\/wp-json\/wp\/v2\/product"}],"about":[{"href":"https:\/\/salonforall.it\/en\/wp-json\/wp\/v2\/types\/product"}],"replies":[{"embeddable":true,"href":"https:\/\/salonforall.it\/en\/wp-json\/wp\/v2\/comments?post=5721"}],"wp:featuredmedia":[{"embeddable":true,"href":"https:\/\/salonforall.it\/en\/wp-json\/wp\/v2\/media\/5722"}],"wp:attachment":[{"href":"https:\/\/salonforall.it\/en\/wp-json\/wp\/v2\/media?parent=5721"}],"wp:term":[{"taxonomy":"product_brand","embeddable":true,"href":"https:\/\/salonforall.it\/en\/wp-json\/wp\/v2\/product_brand?post=5721"},{"taxonomy":"product_cat","embeddable":true,"href":"https:\/\/salonforall.it\/en\/wp-json\/wp\/v2\/product_cat?post=5721"},{"taxonomy":"product_tag","embeddable":true,"href":"https:\/\/salonforall.it\/en\/wp-json\/wp\/v2\/product_tag?post=5721"}],"curies":[{"name":"wp","href":"https:\/\/api.w.org\/{rel}","templated":true}]}}