{"id":6990,"date":"2025-12-03T09:42:21","date_gmt":"2025-12-03T09:42:21","guid":{"rendered":"https:\/\/salonforall.it\/poltrona-da-barbiere-nera-gabbiano-amadeo\/"},"modified":"2026-05-14T02:03:56","modified_gmt":"2026-05-14T02:03:56","slug":"poltrona-da-barbiere-nera-gabbiano-amadeo","status":"publish","type":"product","link":"https:\/\/salonforall.it\/en\/poltrona-da-barbiere-nera-gabbiano-amadeo\/","title":{"rendered":"Poltrona Da Barbiere Nera Gabbiano Amadeo"},"content":{"rendered":"<h2>Informazioni su Poltrona Da Barbiere Nera Gabbiano Amadeo con codice articolo 125382<\/h2>\n<p><!DOCTYPE html> <html lang=\"it\"> <head> <meta charset=\"UTF-8\"> <meta name=\"viewport\" content=\"width=device-width, initial-scale=1.0\"> <meta name=\"description\" content=\"Benvenuti su Activeshop! Scoprite la nostra ultima novit&agrave;: la poltrona da barbiere Amadeo, un mobile moderno, dalle finiture impeccabili ed economico, progettato per il massimo comfort durante i trattamenti in salone. Grazie alle funzioni regolabili, come la regolazione verticale e verticale e lo schienale reclinabile, i vostri clienti potranno rilassarsi in una comoda posizione reclinata. Il rivestimento in ecopelle di alta qualit&agrave; della poltrona garantisce lusso e resistenza. Migliorate l&#039;atmosfera del vostro salone con la poltrona da barbiere Amadeo, sinonimo di stile e funzionalit&agrave;.&gt; &lt;title&gt;Poltrona da barbiere Amadeo | Lusso e comfort | Activeshop&lt;\/title&gt; &lt;\/head&gt; &lt;body&gt; &lt;\/p&gt;&lt;div&gt;&lt;h2&gt;&lt;strong&gt;Novit&agrave; nella nostra offerta: la poltrona da barbiere Amadeo&lt;\/strong&gt;&lt;\/h2&gt;&lt;p&gt;Scopri il lusso e il comfort con la &lt;strong&gt;poltrona da barbiere Amadeo&lt;\/strong&gt;, l&rsquo;ultima aggiunta alla nostra collezione. Questo mobile moderno e dalle finiture squisitamente ricercate &egrave; stato realizzato per offrirti la migliore esperienza in salone.&lt;\/p&gt;&lt;p&gt;Il design ergonomico della poltrona, che include la &lt;strong&gt;regolazione verticale e orizzontale e lo schienale reclinabile&lt;\/strong&gt;, garantisce a ogni cliente una posizione comoda e reclinata. Il rivestimento in ecopelle di alta qualit&agrave; aggiunge un tocco di eleganza, garantendo al contempo durata e facilit&agrave; di manutenzione.&lt;\/p&gt;&lt;p&gt;Con il suo elegante colore nero, la poltrona da barbiere Amadeo si adatta a qualsiasi arredamento del salone, elevando l&rsquo;atmosfera a nuovi livelli. L&rsquo;ampia base garantisce stabilit&agrave; durante le operazioni del salone, adattandosi facilmente anche alle giornate pi&ugrave; impegnative.&lt;\/p&gt;&lt;p&gt;In Activeshop, crediamo nell&rsquo;importanza di fornire mobili di alta qualit&agrave; che valorizzino l&rsquo;aspetto del tuo salone e offrano un comfort senza pari. Rinnova il tuo salone con la poltrona da barbiere Amadeo e regala ai tuoi clienti un&rsquo;esperienza davvero lussuosa e rilassante!&lt;\/p&gt;&lt;\/p&gt;&lt;\/div&gt;&lt;p&gt; &lt;\/body&gt; &lt;\/html&gt;&lt;\/p&gt;&lt;p&gt;I prodotti Activeshop sono proporzionalmente pi&ugrave; economici di molti altri marchi\/fornitori. Il prezzo &egrave; proporzionato alla qualit&agrave;. Poltrona Da Barbiere Nera Gabbiano Amadeo &egrave; quindi una soluzione accessibile per il tuo salone.&lt;\/p&gt;&lt;h2&gt;Come viene consegnato Poltrona Da Barbiere Nera Gabbiano Amadeo?&lt;\/h2&gt;&lt;p&gt;Poltrona Da Barbiere Nera Gabbiano Amadeo viene consegnato nella confezione originale. In Italia la spedizione di Poltrona Da Barbiere Nera Gabbiano Amadeo &egrave; completamente gratuita per ordini a partire da 100,- euro. Per spedizioni verso altri paesi si applicano tariffe di spedizione separate. Puoi richiedere queste tariffe o trovarle nel carrello. Poltrona Da Barbiere Nera Gabbiano Amadeo viene spedito tramite un corriere esterno.&lt;\/p&gt;&lt;p&gt;I pacchi o i pallet vengono consegnati di serie fino alla soglia della porta d&rsquo;ingresso, anche se ti trovi in un edificio collettivo, condominio o complesso residenziale con ascensore (a condizione che l&rsquo;articolo entri nell&rsquo;ascensore). Non c&rsquo;&egrave; un ascensore o l&rsquo;articolo non entra nell&rsquo;ascensore? Allora consegniamo fino alla soglia del piano terra.&lt;\/p&gt;&lt;p&gt;Hai ancora domande sulla consegna o una situazione particolare? Contattaci e saremo lieti di aiutarti!&lt;\/p&gt;&lt;p&gt;*Gli articoli non vengono disimballati o montati di serie. In situazioni particolari puoi contattarci per fare accordi in merito.&lt;\/p&gt;&lt;h2&gt;Acquisti online sicuri su Salon For All con il marchio di qualit&agrave; Webwinkelkeur e crittografia SSL&lt;\/h2&gt;&lt;p&gt;&Egrave; importante per noi che i nostri clienti possano fare acquisti online in sicurezza. Siamo affiliati al marchio di qualit&agrave; nazionale Webwinkelkeur dal 2019. La nostra identit&agrave; &egrave; stata controllata e verificata da loro e il negozio online &egrave; stato controllato e approvato legalmente. Inoltre, il nostro negozio online &egrave; affiliato a loro per la mediazione delle controversie. Puoi vedere il badge con tutte le informazioni di questo marchio di qualit&agrave; del negozio online sul lato sinistro o destro del negozio online (pulsante rosa con bianco). Inoltre, il nostro sito &egrave; protetto con un certificato SSL in modo da poter navigare in sicurezza. Nella barra del tuo browser Internet, dove &egrave; indicato il nostro sito web, vedrai un&rsquo;icona a forma di lucchetto. Se clicchi sul lucchetto, otterrai tutte le informazioni sulla nostra sicurezza. In questo modo sai che il tuo ordine di Poltrona Da Barbiere Nera Gabbiano Amadeo e i tuoi dati personali vengono elaborati in modo sicuro.&lt;\/p&gt;&lt;h2&gt;Come posso pagare Poltrona Da Barbiere Nera Gabbiano Amadeo?&lt;\/h2&gt;&lt;p&gt;Vogliamo renderti le cose il pi&ugrave; semplici possibile. Ecco perch&eacute; su Salon For All puoi pagare con tutti i metodi di pagamento noti e comuni. Pagare in anticipo, alla consegna o in seguito; tutto &egrave; possibile. Vedi qui tutti i metodi di pagamento che offriamo:&lt;\/p&gt;&lt;ul&gt;&lt;li&gt;iDEAL&lt;\/li&gt;&lt;li&gt;Carta di credito (Visa, Mastercard, American Express)&lt;\/li&gt;&lt;li&gt;Klarna &ndash; Pagamento posticipato con fattura&lt;\/li&gt;&lt;li&gt;PayPal&lt;\/li&gt;&lt;li&gt;Apple Pay&lt;\/li&gt;&lt;li&gt;Google Pay&lt;\/li&gt;&lt;li&gt;Bancontact&lt;\/li&gt;&lt;li&gt;Bonifico bancario SEPA&lt;\/li&gt;&lt;li&gt;MyBank (per clienti italiani)&lt;\/li&gt;&lt;li&gt;Fattura aziendale per imprese&lt;\/li&gt;&lt;li&gt;Pagamento nello showroom &ndash; Sia carta che contanti (Disponibile solo per il ritiro)&lt;\/li&gt;&lt;\/ul&gt;&lt;h2&gt;Consulta anche le recensioni di Salon For All&lt;\/h2&gt;&lt;p&gt;Consulta anche le nostre recensioni per tenere conto delle esperienze dei nostri clienti attuali nella tua decisione di ordinare Poltrona Da Barbiere Nera Gabbiano Amadeo da noi. Attraverso il nostro marchio di qualit&agrave; indipendente del negozio online Webwinkelkeur, vengono raccolte automaticamente recensioni verificate di clienti che hanno completato un ordine con noi. Puoi trovarle dietro il pulsante rosa sul nostro negozio online o sono elencate sotto i prodotti.&lt;\/p&gt;&lt;p&gt;Condividi anche la tua esperienza dopo il tuo acquisto con il tuo Poltrona Da Barbiere Nera Gabbiano Amadeo ordinato e la tua esperienza con il processo di acquisto o il contatto con Salon For All per ispirare gli altri!&lt;\/p&gt;&lt;h2&gt;Contatto con Salon For All&lt;\/h2&gt;&lt;p&gt;Contattaci allora. Saremo lieti di aiutarti con l&rsquo;acquisto di Poltrona Da Barbiere Nera Gabbiano Amadeo. Nei giorni feriali siamo raggiungibili al meglio tra le 8.30 e le 17.00 tramite il numero di telefono e l&rsquo;indirizzo e-mail nella parte superiore del negozio online o tramite la funzione chat. Le domande al di fuori dell&rsquo;orario d&rsquo;ufficio vengono generalmente risposte entro 24 ore. &Egrave; anche possibile venirci a trovare al di fuori dei giorni feriali o dell&rsquo;orario d&rsquo;ufficio. Ma per questo &egrave; necessario prendere un appuntamento in anticipo.&lt;\/p&gt;&lt;h2&gt;Vuoi venire nel nostro showroom?&lt;\/h2&gt;&lt;p&gt;Preferisci vedere Poltrona Da Barbiere Nera Gabbiano Amadeo o esplorare la nostra offerta del negozio (online) insieme al nostro collega? Allora vieni nel nostro showroom con oltre 1000m&sup2; di arredamento per saloni e lasciati ispirare dai nostri dipendenti. Anche se ti piace fare conoscenza in modo piacevole gustando una buona tazza di caff&egrave; o t&egrave;, sei il benvenuto. Non abbiamo tutti i prodotti disponibili, quindi faccici sapere in anticipo che vuoi venire. Prendi sempre un appuntamento in anticipo.&lt;\/p&gt;&lt;h2&gt;14 giorni di riflessione e la nostra politica di reso&lt;\/h2&gt;&lt;p&gt;Naturalmente pu&ograve; succedere che Poltrona Da Barbiere Nera Gabbiano Amadeo consegnato non sia completamente di tuo gradimento e tu voglia restituirlo. Questo non &egrave; assolutamente un problema con Salon For All. Devi segnalare il tuo reso entro 14 giorni lavorativi tramite &lt;a href=\"mailto:info@salonforall.com\">info@salonforall.it<\/a>. Riceverai quindi prima tutte le istruzioni e condizioni di reso. Si prega di notare che Poltrona Da Barbiere Nera Gabbiano Amadeo non deve essere stato utilizzato, deve contenere tutte le parti fornite e deve essere restituito imballato nella confezione originale. I costi di spedizione per un reso sono sempre a carico dell&#8217;acquirente per gli acquisti tramite www.salonforall.it. Devi organizzare tu stesso un trasporto presso un corriere di tua scelta per un reso. Una volta che Poltrona Da Barbiere Nera Gabbiano Amadeo \u00e8 stato restituito, verr\u00e0 controllato per completezza e danni. Una volta che il reso \u00e8 stato approvato, l&#8217;importo di acquisto verr\u00e0 rimborsato entro 5 giorni lavorativi sul conto bancario da noi conosciuto.<\/p>\n<h2>Chi \u00e8 Salon For All?<\/h2>\n<p>Salon For All \u00e8 IL grossista per ogni arredamento di saloni in Europa. Salon For All \u00e8 iniziato nel 2003 con il nome Salonvoordeel ed \u00e8 nato dalla pratica. I proprietari di Salon For All erano parrucchieri e specialisti della bellezza esperti e hanno insieme oltre 30 anni di esperienza pratica. Nel 2003 abbiamo lanciato Salonvoordeel.nl (Paesi Bassi) e successivamente \u00e8 stato fondato Salon For All per il mercato europeo. Alcuni dei nostri dipendenti hanno avviato una propria attivit\u00e0 e cos\u00ec \u00e8 nata l&#8217;idea di avviare un negozio online funzionale per parrucchieri e aiutarli con l&#8217;arredamento del loro salone.<\/p>\n<p>Il nostro showroom si trova a Dinxperlo, direttamente al confine tra i Paesi Bassi e la Germania. Con la nostra pluriennale esperienza nel settore possiamo farti da specchio e fornirti la giusta consulenza. Parliamo la stessa lingua! Ti consigliamo, ispiriamo, motiviamo e ti aiutiamo nell&#8217;acquisto di Poltrona Da Barbiere Nera Gabbiano Amadeo. I nostri fornitori si trovano in tutta Europa, dalla Germania, Inghilterra, Italia fino alla Polonia.<\/p>","protected":false},"excerpt":{"rendered":"<p>Il prodotto Poltrona Da Barbiere Nera Gabbiano Amadeo \u00e8 una soluzione conveniente per qualsiasi salone o studio professionale. Il tempo di consegna previsto \u00e8 di circa 6 giorni lavorativi.<\/p>","protected":false},"featured_media":6991,"comment_status":"open","ping_status":"open","template":"","meta":[],"product_brand":[95],"product_cat":[97,96,201],"product_tag":[101,100,202],"class_list":{"0":"post-6990","1":"product","2":"type-product","3":"status-publish","4":"has-post-thumbnail","6":"product_brand-gabbiano","7":"product_cat-arredamento-per-parrucchieri","8":"product_cat-attrezzature-per-saloni-di-parrucchiere","9":"product_cat-poltrone-da-barbiere","10":"product_tag-arredamento-per-parrucchieri","11":"product_tag-attrezzature-per-saloni-di-parrucchiere","12":"product_tag-poltrone-da-barbiere","13":"pa_codice-ean-1319","14":"pa_garanzia-12-mesi","15":"pa_marca-gabbiano","16":"pa_numero-dellarticolo-1318","17":"pa_tempo-di-consegna-stimato-3-4-giorni-lavorativi","19":"first","20":"instock","21":"sale","22":"taxable","23":"shipping-taxable","24":"purchasable","25":"product-type-simple"},"yoast_head":"<!-- This site is optimized with the Yoast SEO plugin v27.5 - https:\/\/yoast.com\/product\/yoast-seo-wordpress\/ -->\n<title>Poltrona Da Barbiere Nera Gabbiano Amadeo acquistare<\/title>\n<meta name=\"description\" content=\"Acquista Poltrona Da Barbiere Nera Gabbiano Amadeo online o nello showroom da Salon For All Italia. Il grossista per saloni, studi e spa in Italia e Svizzera.\" \/>\n<meta name=\"robots\" content=\"index, follow, max-snippet:-1, max-image-preview:large, max-video-preview:-1\" \/>\n<link rel=\"canonical\" href=\"https:\/\/salonforall.it\/en\/poltrona-da-barbiere-nera-gabbiano-amadeo\/\" \/>\n<meta property=\"og:locale\" content=\"en_GB\" \/>\n<meta property=\"og:type\" content=\"article\" \/>\n<meta property=\"og:title\" content=\"Poltrona Da Barbiere Nera Gabbiano Amadeo\" \/>\n<meta property=\"og:description\" content=\"Acquista Poltrona Da Barbiere Nera Gabbiano Amadeo online o nello showroom da Salon For All Italia. Il grossista per saloni, studi e spa in Italia e Svizzera.\" \/>\n<meta property=\"og:url\" content=\"https:\/\/salonforall.it\/en\/poltrona-da-barbiere-nera-gabbiano-amadeo\/\" \/>\n<meta property=\"og:site_name\" content=\"Salon For All Italia\" \/>\n<meta property=\"article:modified_time\" content=\"2026-05-14T02:03:56+00:00\" \/>\n<meta property=\"og:image\" content=\"https:\/\/salonforall.it\/wp-content\/uploads\/2025\/12\/Poltrona-Da-Barbiere-Nera-Gabbiano-Amadeo-1.jpg\" \/>\n\t<meta property=\"og:image:width\" content=\"800\" \/>\n\t<meta property=\"og:image:height\" content=\"800\" \/>\n\t<meta property=\"og:image:type\" content=\"image\/jpeg\" \/>\n<meta name=\"twitter:card\" content=\"summary_large_image\" \/>\n<meta name=\"twitter:title\" content=\"Poltrona Da Barbiere Nera Gabbiano Amadeo\" \/>\n<script type=\"application\/ld+json\" class=\"yoast-schema-graph\">{\"@context\":\"https:\\\/\\\/schema.org\",\"@graph\":[{\"@type\":\"WebPage\",\"@id\":\"https:\\\/\\\/salonforall.it\\\/poltrona-da-barbiere-nera-gabbiano-amadeo\\\/\",\"url\":\"https:\\\/\\\/salonforall.it\\\/poltrona-da-barbiere-nera-gabbiano-amadeo\\\/\",\"name\":\"Poltrona Da Barbiere Nera Gabbiano Amadeo acquistare\",\"isPartOf\":{\"@id\":\"https:\\\/\\\/salonforall.it\\\/#website\"},\"primaryImageOfPage\":{\"@id\":\"https:\\\/\\\/salonforall.it\\\/poltrona-da-barbiere-nera-gabbiano-amadeo\\\/#primaryimage\"},\"image\":{\"@id\":\"https:\\\/\\\/salonforall.it\\\/poltrona-da-barbiere-nera-gabbiano-amadeo\\\/#primaryimage\"},\"thumbnailUrl\":\"https:\\\/\\\/salonforall.it\\\/wp-content\\\/uploads\\\/2025\\\/12\\\/Poltrona-Da-Barbiere-Nera-Gabbiano-Amadeo-1.jpg\",\"datePublished\":\"2025-12-03T09:42:21+00:00\",\"dateModified\":\"2026-05-14T02:03:56+00:00\",\"description\":\"Acquista Poltrona Da Barbiere Nera Gabbiano Amadeo online o nello showroom da Salon For All Italia. Il grossista per saloni, studi e spa in Italia e Svizzera.\",\"breadcrumb\":{\"@id\":\"https:\\\/\\\/salonforall.it\\\/poltrona-da-barbiere-nera-gabbiano-amadeo\\\/#breadcrumb\"},\"inLanguage\":\"en-GB\",\"potentialAction\":[{\"@type\":\"ReadAction\",\"target\":[\"https:\\\/\\\/salonforall.it\\\/poltrona-da-barbiere-nera-gabbiano-amadeo\\\/\"]}]},{\"@type\":\"ImageObject\",\"inLanguage\":\"en-GB\",\"@id\":\"https:\\\/\\\/salonforall.it\\\/poltrona-da-barbiere-nera-gabbiano-amadeo\\\/#primaryimage\",\"url\":\"https:\\\/\\\/salonforall.it\\\/wp-content\\\/uploads\\\/2025\\\/12\\\/Poltrona-Da-Barbiere-Nera-Gabbiano-Amadeo-1.jpg\",\"contentUrl\":\"https:\\\/\\\/salonforall.it\\\/wp-content\\\/uploads\\\/2025\\\/12\\\/Poltrona-Da-Barbiere-Nera-Gabbiano-Amadeo-1.jpg\",\"width\":800,\"height\":800,\"caption\":\"Poltrona Da Barbiere Nera Gabbiano Amadeo\"},{\"@type\":\"BreadcrumbList\",\"@id\":\"https:\\\/\\\/salonforall.it\\\/poltrona-da-barbiere-nera-gabbiano-amadeo\\\/#breadcrumb\",\"itemListElement\":[{\"@type\":\"ListItem\",\"position\":1,\"name\":\"Home\",\"item\":\"https:\\\/\\\/salonforall.it\\\/\"},{\"@type\":\"ListItem\",\"position\":2,\"name\":\"Winkel\",\"item\":\"https:\\\/\\\/salonforall.it\\\/winkel\\\/\"},{\"@type\":\"ListItem\",\"position\":3,\"name\":\"Poltrona Da Barbiere Nera Gabbiano Amadeo\"}]},{\"@type\":\"WebSite\",\"@id\":\"https:\\\/\\\/salonforall.it\\\/#website\",\"url\":\"https:\\\/\\\/salonforall.it\\\/\",\"name\":\"Salon For All Italia\",\"description\":\"Grossista di mobili e forniture per studi medici e saloni\",\"publisher\":{\"@id\":\"https:\\\/\\\/salonforall.it\\\/#organization\"},\"potentialAction\":[{\"@type\":\"SearchAction\",\"target\":{\"@type\":\"EntryPoint\",\"urlTemplate\":\"https:\\\/\\\/salonforall.it\\\/?s={search_term_string}\"},\"query-input\":{\"@type\":\"PropertyValueSpecification\",\"valueRequired\":true,\"valueName\":\"search_term_string\"}}],\"inLanguage\":\"en-GB\"},{\"@type\":\"Organization\",\"@id\":\"https:\\\/\\\/salonforall.it\\\/#organization\",\"name\":\"Salon For All Italia\",\"url\":\"https:\\\/\\\/salonforall.it\\\/\",\"logo\":{\"@type\":\"ImageObject\",\"inLanguage\":\"en-GB\",\"@id\":\"https:\\\/\\\/salonforall.it\\\/#\\\/schema\\\/logo\\\/image\\\/\",\"url\":\"https:\\\/\\\/salonforall.it\\\/wp-content\\\/uploads\\\/2025\\\/11\\\/logo-salon-for-all-e1764543264615.png\",\"contentUrl\":\"https:\\\/\\\/salonforall.it\\\/wp-content\\\/uploads\\\/2025\\\/11\\\/logo-salon-for-all-e1764543264615.png\",\"width\":500,\"height\":150,\"caption\":\"Salon For All Italia\"},\"image\":{\"@id\":\"https:\\\/\\\/salonforall.it\\\/#\\\/schema\\\/logo\\\/image\\\/\"}}]}<\/script>\n<!-- \/ Yoast SEO plugin. -->","yoast_head_json":{"title":"Poltrona Da Barbiere Nera Gabbiano Amadeo acquistare","description":"Acquista Poltrona Da Barbiere Nera Gabbiano Amadeo online o nello showroom da Salon For All Italia. Il grossista per saloni, studi e spa in Italia e Svizzera.","robots":{"index":"index","follow":"follow","max-snippet":"max-snippet:-1","max-image-preview":"max-image-preview:large","max-video-preview":"max-video-preview:-1"},"canonical":"https:\/\/salonforall.it\/en\/poltrona-da-barbiere-nera-gabbiano-amadeo\/","og_locale":"en_GB","og_type":"article","og_title":"Poltrona Da Barbiere Nera Gabbiano Amadeo","og_description":"Acquista Poltrona Da Barbiere Nera Gabbiano Amadeo online o nello showroom da Salon For All Italia. Il grossista per saloni, studi e spa in Italia e Svizzera.","og_url":"https:\/\/salonforall.it\/en\/poltrona-da-barbiere-nera-gabbiano-amadeo\/","og_site_name":"Salon For All Italia","article_modified_time":"2026-05-14T02:03:56+00:00","og_image":[{"width":800,"height":800,"url":"https:\/\/salonforall.it\/wp-content\/uploads\/2025\/12\/Poltrona-Da-Barbiere-Nera-Gabbiano-Amadeo-1.jpg","type":"image\/jpeg"}],"twitter_card":"summary_large_image","twitter_title":"Poltrona Da Barbiere Nera Gabbiano Amadeo","schema":{"@context":"https:\/\/schema.org","@graph":[{"@type":"WebPage","@id":"https:\/\/salonforall.it\/poltrona-da-barbiere-nera-gabbiano-amadeo\/","url":"https:\/\/salonforall.it\/poltrona-da-barbiere-nera-gabbiano-amadeo\/","name":"Poltrona Da Barbiere Nera Gabbiano Amadeo acquistare","isPartOf":{"@id":"https:\/\/salonforall.it\/#website"},"primaryImageOfPage":{"@id":"https:\/\/salonforall.it\/poltrona-da-barbiere-nera-gabbiano-amadeo\/#primaryimage"},"image":{"@id":"https:\/\/salonforall.it\/poltrona-da-barbiere-nera-gabbiano-amadeo\/#primaryimage"},"thumbnailUrl":"https:\/\/salonforall.it\/wp-content\/uploads\/2025\/12\/Poltrona-Da-Barbiere-Nera-Gabbiano-Amadeo-1.jpg","datePublished":"2025-12-03T09:42:21+00:00","dateModified":"2026-05-14T02:03:56+00:00","description":"Acquista Poltrona Da Barbiere Nera Gabbiano Amadeo online o nello showroom da Salon For All Italia. Il grossista per saloni, studi e spa in Italia e Svizzera.","breadcrumb":{"@id":"https:\/\/salonforall.it\/poltrona-da-barbiere-nera-gabbiano-amadeo\/#breadcrumb"},"inLanguage":"en-GB","potentialAction":[{"@type":"ReadAction","target":["https:\/\/salonforall.it\/poltrona-da-barbiere-nera-gabbiano-amadeo\/"]}]},{"@type":"ImageObject","inLanguage":"en-GB","@id":"https:\/\/salonforall.it\/poltrona-da-barbiere-nera-gabbiano-amadeo\/#primaryimage","url":"https:\/\/salonforall.it\/wp-content\/uploads\/2025\/12\/Poltrona-Da-Barbiere-Nera-Gabbiano-Amadeo-1.jpg","contentUrl":"https:\/\/salonforall.it\/wp-content\/uploads\/2025\/12\/Poltrona-Da-Barbiere-Nera-Gabbiano-Amadeo-1.jpg","width":800,"height":800,"caption":"Poltrona Da Barbiere Nera Gabbiano Amadeo"},{"@type":"BreadcrumbList","@id":"https:\/\/salonforall.it\/poltrona-da-barbiere-nera-gabbiano-amadeo\/#breadcrumb","itemListElement":[{"@type":"ListItem","position":1,"name":"Home","item":"https:\/\/salonforall.it\/"},{"@type":"ListItem","position":2,"name":"Winkel","item":"https:\/\/salonforall.it\/winkel\/"},{"@type":"ListItem","position":3,"name":"Poltrona Da Barbiere Nera Gabbiano Amadeo"}]},{"@type":"WebSite","@id":"https:\/\/salonforall.it\/#website","url":"https:\/\/salonforall.it\/","name":"Salon For All Italia","description":"Grossista di mobili e forniture per studi medici e saloni","publisher":{"@id":"https:\/\/salonforall.it\/#organization"},"potentialAction":[{"@type":"SearchAction","target":{"@type":"EntryPoint","urlTemplate":"https:\/\/salonforall.it\/?s={search_term_string}"},"query-input":{"@type":"PropertyValueSpecification","valueRequired":true,"valueName":"search_term_string"}}],"inLanguage":"en-GB"},{"@type":"Organization","@id":"https:\/\/salonforall.it\/#organization","name":"Salon For All Italia","url":"https:\/\/salonforall.it\/","logo":{"@type":"ImageObject","inLanguage":"en-GB","@id":"https:\/\/salonforall.it\/#\/schema\/logo\/image\/","url":"https:\/\/salonforall.it\/wp-content\/uploads\/2025\/11\/logo-salon-for-all-e1764543264615.png","contentUrl":"https:\/\/salonforall.it\/wp-content\/uploads\/2025\/11\/logo-salon-for-all-e1764543264615.png","width":500,"height":150,"caption":"Salon For All Italia"},"image":{"@id":"https:\/\/salonforall.it\/#\/schema\/logo\/image\/"}}]}},"_links":{"self":[{"href":"https:\/\/salonforall.it\/en\/wp-json\/wp\/v2\/product\/6990","targetHints":{"allow":["GET"]}}],"collection":[{"href":"https:\/\/salonforall.it\/en\/wp-json\/wp\/v2\/product"}],"about":[{"href":"https:\/\/salonforall.it\/en\/wp-json\/wp\/v2\/types\/product"}],"replies":[{"embeddable":true,"href":"https:\/\/salonforall.it\/en\/wp-json\/wp\/v2\/comments?post=6990"}],"wp:featuredmedia":[{"embeddable":true,"href":"https:\/\/salonforall.it\/en\/wp-json\/wp\/v2\/media\/6991"}],"wp:attachment":[{"href":"https:\/\/salonforall.it\/en\/wp-json\/wp\/v2\/media?parent=6990"}],"wp:term":[{"taxonomy":"product_brand","embeddable":true,"href":"https:\/\/salonforall.it\/en\/wp-json\/wp\/v2\/product_brand?post=6990"},{"taxonomy":"product_cat","embeddable":true,"href":"https:\/\/salonforall.it\/en\/wp-json\/wp\/v2\/product_cat?post=6990"},{"taxonomy":"product_tag","embeddable":true,"href":"https:\/\/salonforall.it\/en\/wp-json\/wp\/v2\/product_tag?post=6990"}],"curies":[{"name":"wp","href":"https:\/\/api.w.org\/{rel}","templated":true}]}}