{"id":8202,"date":"2025-12-03T09:51:45","date_gmt":"2025-12-03T09:51:45","guid":{"rendered":"https:\/\/salonforall.it\/dispositivo-syis-dermo-lift-peel-scrubber-per-la-pelle-spatola-dorata\/"},"modified":"2026-05-14T02:05:27","modified_gmt":"2026-05-14T02:05:27","slug":"dispositivo-syis-dermo-lift-peel-scrubber-per-la-pelle-spatola-dorata","status":"publish","type":"product","link":"https:\/\/salonforall.it\/en\/dispositivo-syis-dermo-lift-peel-scrubber-per-la-pelle-spatola-dorata\/","title":{"rendered":"Dispositivo Syis Dermo Lift &#038; Peel Scrubber Per La Pelle Spatola Dorata"},"content":{"rendered":"<h2>Informazioni su Dispositivo Syis Dermo Lift &#038; Peel Scrubber Per La Pelle Spatola Dorata con codice articolo 104148<\/h2>\n<div>\n<div> Dispositivo dermo lift &#038; peel syis <\/div>\n<div> Con il dispositivo dermo lift &#038; peel puoi pulire la tua pelle in modo sicuro, ottenere un effetto lifting e nutrimento della pelle. Il dispositivo del marchio syis \u00e8 cos\u00ec sicuro che puoi usarlo tu stesso quando vuoi. <\/div>\n<div> <\/div>\n<div> <\/div>\n<div> pulizia &#8211; peeling a cavitazione: <\/div>\n<div> rimuove le cellule epidermiche morte <br \/> chiude i pori dilatati <br \/> guarisce e inibisce l&#8217;acne <br \/> riduce le cicatrici e purifica la pelle e regola e riduce la produzione di sebo <\/div>\n<div> <\/div>\n<div> lifting e nutrimento della pelle &#8211; sonoforesi: <\/div>\n<div> rassoda e solleva la pelle e riduce le rughe <br \/> accelera la formazione di collagene <br \/> stimola le cellule al rinnovamento naturale <br \/> trasporto dei principi attivi contenuti nella fiala nelle parti profonde della pelle <\/div>\n<div> <\/div>\n<div> quando la pelle mostra segni di affaticamento, eccessiva secchezza e le rughe mimiche diventano pi\u00f9 profonde, il trattamento dermo lift &#038; peeling ringiovanente e lifting con ioni d&#8217;oro puro fornir\u00e0 sollievo. <br \/> L&#8217;oro ha propriet\u00e0 rigenerative e leviganti, ricostruisce il collagene nel derma e, di conseguenza, elimina i segni dell&#8217;invecchiamento. <br \/> Combiniamo la sonoforesi in terapia con il peeling a cavitazione per aumentare l&#8217;effetto del trattamento.  <\/div><\/div>\n<div> <\/div>\n<div> Dati tecnici: <\/div>\n<div> &#8211; tempo di caricamento <span> 30-45 min <\/span> <\/div>\n<div> <span> &#8211; utilizzo di 3 ore di lavoro continuo <\/span> <br \/> &#8211; tensione 220-240 v \/ 50-60 hz <br \/> &#8211; potenza 1,5 w <br \/> &#8211; spatola &#8211; da 25 khz <br \/> &#8211; dimensioni dispositivo, lunghezza 17, altezza 5 cm <br \/> &#8211; dimensioni imballo 23,5 x 20 x 5 cm <br \/> &#8211; peso con imballo 1 kg <\/div>\n<p>I prodotti Activeshop sono proporzionalmente pi\u00f9 economici di molti altri marchi\/fornitori. Il prezzo \u00e8 proporzionato alla qualit\u00e0. Dispositivo Syis Dermo Lift &#038; Peel Scrubber Per La Pelle Spatola Dorata \u00e8 quindi una soluzione accessibile per il tuo salone.<\/p>\n<h2>Come viene consegnato Dispositivo Syis Dermo Lift &#038; Peel Scrubber Per La Pelle Spatola Dorata?<\/h2>\n<p>Dispositivo Syis Dermo Lift &#038; Peel Scrubber Per La Pelle Spatola Dorata viene consegnato nella confezione originale. In Italia la spedizione di Dispositivo Syis Dermo Lift &#038; Peel Scrubber Per La Pelle Spatola Dorata \u00e8 completamente gratuita per ordini a partire da 100,- euro. Per spedizioni verso altri paesi si applicano tariffe di spedizione separate. Puoi richiedere queste tariffe o trovarle nel carrello. Dispositivo Syis Dermo Lift &#038; Peel Scrubber Per La Pelle Spatola Dorata viene spedito tramite un corriere esterno.<\/p>\n<p>I pacchi o i pallet vengono consegnati di serie fino alla soglia della porta d&#8217;ingresso, anche se ti trovi in un edificio collettivo, condominio o complesso residenziale con ascensore (a condizione che l&#8217;articolo entri nell&#8217;ascensore). Non c&#8217;\u00e8 un ascensore o l&#8217;articolo non entra nell&#8217;ascensore? Allora consegniamo fino alla soglia del piano terra.<\/p>\n<p>Hai ancora domande sulla consegna o una situazione particolare? Contattaci e saremo lieti di aiutarti!<\/p>\n<p>*Gli articoli non vengono disimballati o montati di serie. In situazioni particolari puoi contattarci per fare accordi in merito.<\/p>\n<h2>Acquisti online sicuri su Salon For All con il marchio di qualit\u00e0 Webwinkelkeur e crittografia SSL<\/h2>\n<p>\u00c8 importante per noi che i nostri clienti possano fare acquisti online in sicurezza. Siamo affiliati al marchio di qualit\u00e0 nazionale Webwinkelkeur dal 2019. La nostra identit\u00e0 \u00e8 stata controllata e verificata da loro e il negozio online \u00e8 stato controllato e approvato legalmente. Inoltre, il nostro negozio online \u00e8 affiliato a loro per la mediazione delle controversie. Puoi vedere il badge con tutte le informazioni di questo marchio di qualit\u00e0 del negozio online sul lato sinistro o destro del negozio online (pulsante rosa con bianco). Inoltre, il nostro sito \u00e8 protetto con un certificato SSL in modo da poter navigare in sicurezza. Nella barra del tuo browser Internet, dove \u00e8 indicato il nostro sito web, vedrai un&#8217;icona a forma di lucchetto. Se clicchi sul lucchetto, otterrai tutte le informazioni sulla nostra sicurezza. In questo modo sai che il tuo ordine di Dispositivo Syis Dermo Lift &#038; Peel Scrubber Per La Pelle Spatola Dorata e i tuoi dati personali vengono elaborati in modo sicuro.<\/p>\n<h2>Come posso pagare Dispositivo Syis Dermo Lift &#038; Peel Scrubber Per La Pelle Spatola Dorata?<\/h2>\n<p>Vogliamo renderti le cose il pi\u00f9 semplici possibile. Ecco perch\u00e9 su Salon For All puoi pagare con tutti i metodi di pagamento noti e comuni. Pagare in anticipo, alla consegna o in seguito; tutto \u00e8 possibile. Vedi qui tutti i metodi di pagamento che offriamo:<\/p>\n<ul>\n<li>iDEAL<\/li>\n<li>Carta di credito (Visa, Mastercard, American Express)<\/li>\n<li>Klarna &#8211; Pagamento posticipato con fattura<\/li>\n<li>PayPal<\/li>\n<li>Apple Pay<\/li>\n<li>Google Pay<\/li>\n<li>Bancontact<\/li>\n<li>Bonifico bancario SEPA<\/li>\n<li>MyBank (per clienti italiani)<\/li>\n<li>Fattura aziendale per imprese<\/li>\n<li>Pagamento nello showroom &#8211; Sia carta che contanti (Disponibile solo per il ritiro)<\/li>\n<\/ul>\n<h2>Consulta anche le recensioni di Salon For All<\/h2>\n<p>Consulta anche le nostre recensioni per tenere conto delle esperienze dei nostri clienti attuali nella tua decisione di ordinare Dispositivo Syis Dermo Lift &#038; Peel Scrubber Per La Pelle Spatola Dorata da noi. Attraverso il nostro marchio di qualit\u00e0 indipendente del negozio online Webwinkelkeur, vengono raccolte automaticamente recensioni verificate di clienti che hanno completato un ordine con noi. Puoi trovarle dietro il pulsante rosa sul nostro negozio online o sono elencate sotto i prodotti.<\/p>\n<p>Condividi anche la tua esperienza dopo il tuo acquisto con il tuo Dispositivo Syis Dermo Lift &#038; Peel Scrubber Per La Pelle Spatola Dorata ordinato e la tua esperienza con il processo di acquisto o il contatto con Salon For All per ispirare gli altri!<\/p>\n<h2>Contatto con Salon For All<\/h2>\n<p>Contattaci allora. Saremo lieti di aiutarti con l&#8217;acquisto di Dispositivo Syis Dermo Lift &#038; Peel Scrubber Per La Pelle Spatola Dorata. Nei giorni feriali siamo raggiungibili al meglio tra le 8.30 e le 17.00 tramite il numero di telefono e l&#8217;indirizzo e-mail nella parte superiore del negozio online o tramite la funzione chat. Le domande al di fuori dell&#8217;orario d&#8217;ufficio vengono generalmente risposte entro 24 ore. \u00c8 anche possibile venirci a trovare al di fuori dei giorni feriali o dell&#8217;orario d&#8217;ufficio. Ma per questo \u00e8 necessario prendere un appuntamento in anticipo.<\/p>\n<h2>Vuoi venire nel nostro showroom?<\/h2>\n<p>Preferisci vedere Dispositivo Syis Dermo Lift &#038; Peel Scrubber Per La Pelle Spatola Dorata o esplorare la nostra offerta del negozio (online) insieme al nostro collega? Allora vieni nel nostro showroom con oltre 1000m\u00b2 di arredamento per saloni e lasciati ispirare dai nostri dipendenti. Anche se ti piace fare conoscenza in modo piacevole gustando una buona tazza di caff\u00e8 o t\u00e8, sei il benvenuto. Non abbiamo tutti i prodotti disponibili, quindi faccici sapere in anticipo che vuoi venire. Prendi sempre un appuntamento in anticipo.<\/p>\n<h2>14 giorni di riflessione e la nostra politica di reso<\/h2>\n<p>Naturalmente pu\u00f2 succedere che Dispositivo Syis Dermo Lift &#038; Peel Scrubber Per La Pelle Spatola Dorata consegnato non sia completamente di tuo gradimento e tu voglia restituirlo. Questo non \u00e8 assolutamente un problema con Salon For All. Devi segnalare il tuo reso entro 14 giorni lavorativi tramite <a href=\"mailto:info@salonforall.com\">info@salonforall.it<\/a>. Riceverai quindi prima tutte le istruzioni e condizioni di reso. Si prega di notare che Dispositivo Syis Dermo Lift &#038; Peel Scrubber Per La Pelle Spatola Dorata non deve essere stato utilizzato, deve contenere tutte le parti fornite e deve essere restituito imballato nella confezione originale. I costi di spedizione per un reso sono sempre a carico dell&#8217;acquirente per gli acquisti tramite www.salonforall.it. Devi organizzare tu stesso un trasporto presso un corriere di tua scelta per un reso. Una volta che Dispositivo Syis Dermo Lift &#038; Peel Scrubber Per La Pelle Spatola Dorata \u00e8 stato restituito, verr\u00e0 controllato per completezza e danni. Una volta che il reso \u00e8 stato approvato, l&#8217;importo di acquisto verr\u00e0 rimborsato entro 5 giorni lavorativi sul conto bancario da noi conosciuto.<\/p>\n<h2>Chi \u00e8 Salon For All?<\/h2>\n<p>Salon For All \u00e8 IL grossista per ogni arredamento di saloni in Europa. Salon For All \u00e8 iniziato nel 2003 con il nome Salonvoordeel ed \u00e8 nato dalla pratica. I proprietari di Salon For All erano parrucchieri e specialisti della bellezza esperti e hanno insieme oltre 30 anni di esperienza pratica. Nel 2003 abbiamo lanciato Salonvoordeel.nl (Paesi Bassi) e successivamente \u00e8 stato fondato Salon For All per il mercato europeo. Alcuni dei nostri dipendenti hanno avviato una propria attivit\u00e0 e cos\u00ec \u00e8 nata l&#8217;idea di avviare un negozio online funzionale per parrucchieri e aiutarli con l&#8217;arredamento del loro salone.<\/p>\n<p>Il nostro showroom si trova a Dinxperlo, direttamente al confine tra i Paesi Bassi e la Germania. Con la nostra pluriennale esperienza nel settore possiamo farti da specchio e fornirti la giusta consulenza. Parliamo la stessa lingua! Ti consigliamo, ispiriamo, motiviamo e ti aiutiamo nell&#8217;acquisto di Dispositivo Syis Dermo Lift &#038; Peel Scrubber Per La Pelle Spatola Dorata. I nostri fornitori si trovano in tutta Europa, dalla Germania, Inghilterra, Italia fino alla Polonia.<\/p>","protected":false},"excerpt":{"rendered":"<p>Il prodotto Dispositivo Syis Dermo Lift &#038; Peel Scrubber Per La Pelle Spatola Dorata \u00e8 una soluzione conveniente per qualsiasi salone o studio professionale. Il tempo di consegna previsto \u00e8 di circa 6 giorni lavorativi.<\/p>","protected":false},"featured_media":8203,"comment_status":"open","ping_status":"open","template":"","meta":[],"product_brand":[364],"product_cat":[76,365,1898],"product_tag":[79,367,1899],"class_list":{"0":"post-8202","1":"product","2":"type-product","3":"status-publish","4":"has-post-thumbnail","6":"product_brand-syis","7":"product_cat-cosmetici-professionali","8":"product_cat-cosmetici-syis-pro","9":"product_cat-linea-detergente","10":"product_tag-cosmetici-professionali","11":"product_tag-cosmetici-syis-pro","12":"product_tag-linea-detergente","13":"pa_codice-ean-1897","14":"pa_garanzia-12-mesi","15":"pa_marca-syis","16":"pa_numero-dellarticolo-1896","17":"pa_tempo-di-consegna-stimato-3-4-giorni-lavorativi","19":"first","20":"instock","21":"sale","22":"taxable","23":"shipping-taxable","24":"purchasable","25":"product-type-simple"},"yoast_head":"<!-- This site is optimized with the Yoast SEO plugin v27.5 - https:\/\/yoast.com\/product\/yoast-seo-wordpress\/ -->\n<title>Dispositivo Syis Dermo Lift &amp; Peel Scrubber Per La Pelle Spatola Dorata acquistare<\/title>\n<meta name=\"description\" content=\"Acquista Dispositivo Syis Dermo Lift &amp; Peel Scrubber Per La Pelle Spatola Dorata online o nello showroom da Salon For All Italia. Il grossista per saloni, studi e spa in Italia e Svizzera.\" \/>\n<meta name=\"robots\" content=\"index, follow, max-snippet:-1, max-image-preview:large, max-video-preview:-1\" \/>\n<link rel=\"canonical\" href=\"https:\/\/salonforall.it\/en\/dispositivo-syis-dermo-lift-peel-scrubber-per-la-pelle-spatola-dorata\/\" \/>\n<meta property=\"og:locale\" content=\"en_GB\" \/>\n<meta property=\"og:type\" content=\"article\" \/>\n<meta property=\"og:title\" content=\"Dispositivo Syis Dermo Lift &amp; Peel Scrubber Per La Pelle Spatola Dorata\" \/>\n<meta property=\"og:description\" content=\"Acquista Dispositivo Syis Dermo Lift &amp; Peel Scrubber Per La Pelle Spatola Dorata online o nello showroom da Salon For All Italia. Il grossista per saloni, studi e spa in Italia e Svizzera.\" \/>\n<meta property=\"og:url\" content=\"https:\/\/salonforall.it\/en\/dispositivo-syis-dermo-lift-peel-scrubber-per-la-pelle-spatola-dorata\/\" \/>\n<meta property=\"og:site_name\" content=\"Salon For All Italia\" \/>\n<meta property=\"article:modified_time\" content=\"2026-05-14T02:05:27+00:00\" \/>\n<meta property=\"og:image\" content=\"https:\/\/salonforall.it\/wp-content\/uploads\/2025\/12\/Dispositivo-Syis-Dermo-Lift-Peel-Scrubber-Per-La-Pelle-Spatola-Dorata-1.jpg\" \/>\n\t<meta property=\"og:image:width\" content=\"800\" \/>\n\t<meta property=\"og:image:height\" content=\"750\" \/>\n\t<meta property=\"og:image:type\" content=\"image\/jpeg\" \/>\n<meta name=\"twitter:card\" content=\"summary_large_image\" \/>\n<meta name=\"twitter:title\" content=\"Dispositivo Syis Dermo Lift &amp; Peel Scrubber Per La Pelle Spatola Dorata\" \/>\n<meta name=\"twitter:label1\" content=\"Estimated reading time\" \/>\n\t<meta name=\"twitter:data1\" content=\"7 minutes\" \/>\n<script type=\"application\/ld+json\" class=\"yoast-schema-graph\">{\"@context\":\"https:\\\/\\\/schema.org\",\"@graph\":[{\"@type\":\"WebPage\",\"@id\":\"https:\\\/\\\/salonforall.it\\\/dispositivo-syis-dermo-lift-peel-scrubber-per-la-pelle-spatola-dorata\\\/\",\"url\":\"https:\\\/\\\/salonforall.it\\\/dispositivo-syis-dermo-lift-peel-scrubber-per-la-pelle-spatola-dorata\\\/\",\"name\":\"Dispositivo Syis Dermo Lift & Peel Scrubber Per La Pelle Spatola Dorata acquistare\",\"isPartOf\":{\"@id\":\"https:\\\/\\\/salonforall.it\\\/#website\"},\"primaryImageOfPage\":{\"@id\":\"https:\\\/\\\/salonforall.it\\\/dispositivo-syis-dermo-lift-peel-scrubber-per-la-pelle-spatola-dorata\\\/#primaryimage\"},\"image\":{\"@id\":\"https:\\\/\\\/salonforall.it\\\/dispositivo-syis-dermo-lift-peel-scrubber-per-la-pelle-spatola-dorata\\\/#primaryimage\"},\"thumbnailUrl\":\"https:\\\/\\\/salonforall.it\\\/wp-content\\\/uploads\\\/2025\\\/12\\\/Dispositivo-Syis-Dermo-Lift-Peel-Scrubber-Per-La-Pelle-Spatola-Dorata-1.jpg\",\"datePublished\":\"2025-12-03T09:51:45+00:00\",\"dateModified\":\"2026-05-14T02:05:27+00:00\",\"description\":\"Acquista Dispositivo Syis Dermo Lift & Peel Scrubber Per La Pelle Spatola Dorata online o nello showroom da Salon For All Italia. Il grossista per saloni, studi e spa in Italia e Svizzera.\",\"breadcrumb\":{\"@id\":\"https:\\\/\\\/salonforall.it\\\/dispositivo-syis-dermo-lift-peel-scrubber-per-la-pelle-spatola-dorata\\\/#breadcrumb\"},\"inLanguage\":\"en-GB\",\"potentialAction\":[{\"@type\":\"ReadAction\",\"target\":[\"https:\\\/\\\/salonforall.it\\\/dispositivo-syis-dermo-lift-peel-scrubber-per-la-pelle-spatola-dorata\\\/\"]}]},{\"@type\":\"ImageObject\",\"inLanguage\":\"en-GB\",\"@id\":\"https:\\\/\\\/salonforall.it\\\/dispositivo-syis-dermo-lift-peel-scrubber-per-la-pelle-spatola-dorata\\\/#primaryimage\",\"url\":\"https:\\\/\\\/salonforall.it\\\/wp-content\\\/uploads\\\/2025\\\/12\\\/Dispositivo-Syis-Dermo-Lift-Peel-Scrubber-Per-La-Pelle-Spatola-Dorata-1.jpg\",\"contentUrl\":\"https:\\\/\\\/salonforall.it\\\/wp-content\\\/uploads\\\/2025\\\/12\\\/Dispositivo-Syis-Dermo-Lift-Peel-Scrubber-Per-La-Pelle-Spatola-Dorata-1.jpg\",\"width\":800,\"height\":750,\"caption\":\"Dispositivo Syis Dermo Lift & Peel Scrubber Per La Pelle Spatola Dorata\"},{\"@type\":\"BreadcrumbList\",\"@id\":\"https:\\\/\\\/salonforall.it\\\/dispositivo-syis-dermo-lift-peel-scrubber-per-la-pelle-spatola-dorata\\\/#breadcrumb\",\"itemListElement\":[{\"@type\":\"ListItem\",\"position\":1,\"name\":\"Home\",\"item\":\"https:\\\/\\\/salonforall.it\\\/\"},{\"@type\":\"ListItem\",\"position\":2,\"name\":\"Winkel\",\"item\":\"https:\\\/\\\/salonforall.it\\\/winkel\\\/\"},{\"@type\":\"ListItem\",\"position\":3,\"name\":\"Dispositivo Syis Dermo Lift &#038; Peel Scrubber Per La Pelle Spatola Dorata\"}]},{\"@type\":\"WebSite\",\"@id\":\"https:\\\/\\\/salonforall.it\\\/#website\",\"url\":\"https:\\\/\\\/salonforall.it\\\/\",\"name\":\"Salon For All Italia\",\"description\":\"Grossista di mobili e forniture per studi medici e saloni\",\"publisher\":{\"@id\":\"https:\\\/\\\/salonforall.it\\\/#organization\"},\"potentialAction\":[{\"@type\":\"SearchAction\",\"target\":{\"@type\":\"EntryPoint\",\"urlTemplate\":\"https:\\\/\\\/salonforall.it\\\/?s={search_term_string}\"},\"query-input\":{\"@type\":\"PropertyValueSpecification\",\"valueRequired\":true,\"valueName\":\"search_term_string\"}}],\"inLanguage\":\"en-GB\"},{\"@type\":\"Organization\",\"@id\":\"https:\\\/\\\/salonforall.it\\\/#organization\",\"name\":\"Salon For All Italia\",\"url\":\"https:\\\/\\\/salonforall.it\\\/\",\"logo\":{\"@type\":\"ImageObject\",\"inLanguage\":\"en-GB\",\"@id\":\"https:\\\/\\\/salonforall.it\\\/#\\\/schema\\\/logo\\\/image\\\/\",\"url\":\"https:\\\/\\\/salonforall.it\\\/wp-content\\\/uploads\\\/2025\\\/11\\\/logo-salon-for-all-e1764543264615.png\",\"contentUrl\":\"https:\\\/\\\/salonforall.it\\\/wp-content\\\/uploads\\\/2025\\\/11\\\/logo-salon-for-all-e1764543264615.png\",\"width\":500,\"height\":150,\"caption\":\"Salon For All Italia\"},\"image\":{\"@id\":\"https:\\\/\\\/salonforall.it\\\/#\\\/schema\\\/logo\\\/image\\\/\"}}]}<\/script>\n<!-- \/ Yoast SEO plugin. -->","yoast_head_json":{"title":"Dispositivo Syis Dermo Lift & Peel Scrubber Per La Pelle Spatola Dorata acquistare","description":"Acquista Dispositivo Syis Dermo Lift & Peel Scrubber Per La Pelle Spatola Dorata online o nello showroom da Salon For All Italia. Il grossista per saloni, studi e spa in Italia e Svizzera.","robots":{"index":"index","follow":"follow","max-snippet":"max-snippet:-1","max-image-preview":"max-image-preview:large","max-video-preview":"max-video-preview:-1"},"canonical":"https:\/\/salonforall.it\/en\/dispositivo-syis-dermo-lift-peel-scrubber-per-la-pelle-spatola-dorata\/","og_locale":"en_GB","og_type":"article","og_title":"Dispositivo Syis Dermo Lift & Peel Scrubber Per La Pelle Spatola Dorata","og_description":"Acquista Dispositivo Syis Dermo Lift & Peel Scrubber Per La Pelle Spatola Dorata online o nello showroom da Salon For All Italia. Il grossista per saloni, studi e spa in Italia e Svizzera.","og_url":"https:\/\/salonforall.it\/en\/dispositivo-syis-dermo-lift-peel-scrubber-per-la-pelle-spatola-dorata\/","og_site_name":"Salon For All Italia","article_modified_time":"2026-05-14T02:05:27+00:00","og_image":[{"width":800,"height":750,"url":"https:\/\/salonforall.it\/wp-content\/uploads\/2025\/12\/Dispositivo-Syis-Dermo-Lift-Peel-Scrubber-Per-La-Pelle-Spatola-Dorata-1.jpg","type":"image\/jpeg"}],"twitter_card":"summary_large_image","twitter_title":"Dispositivo Syis Dermo Lift & Peel Scrubber Per La Pelle Spatola Dorata","twitter_misc":{"Estimated reading time":"7 minutes"},"schema":{"@context":"https:\/\/schema.org","@graph":[{"@type":"WebPage","@id":"https:\/\/salonforall.it\/dispositivo-syis-dermo-lift-peel-scrubber-per-la-pelle-spatola-dorata\/","url":"https:\/\/salonforall.it\/dispositivo-syis-dermo-lift-peel-scrubber-per-la-pelle-spatola-dorata\/","name":"Dispositivo Syis Dermo Lift & Peel Scrubber Per La Pelle Spatola Dorata acquistare","isPartOf":{"@id":"https:\/\/salonforall.it\/#website"},"primaryImageOfPage":{"@id":"https:\/\/salonforall.it\/dispositivo-syis-dermo-lift-peel-scrubber-per-la-pelle-spatola-dorata\/#primaryimage"},"image":{"@id":"https:\/\/salonforall.it\/dispositivo-syis-dermo-lift-peel-scrubber-per-la-pelle-spatola-dorata\/#primaryimage"},"thumbnailUrl":"https:\/\/salonforall.it\/wp-content\/uploads\/2025\/12\/Dispositivo-Syis-Dermo-Lift-Peel-Scrubber-Per-La-Pelle-Spatola-Dorata-1.jpg","datePublished":"2025-12-03T09:51:45+00:00","dateModified":"2026-05-14T02:05:27+00:00","description":"Acquista Dispositivo Syis Dermo Lift & Peel Scrubber Per La Pelle Spatola Dorata online o nello showroom da Salon For All Italia. Il grossista per saloni, studi e spa in Italia e Svizzera.","breadcrumb":{"@id":"https:\/\/salonforall.it\/dispositivo-syis-dermo-lift-peel-scrubber-per-la-pelle-spatola-dorata\/#breadcrumb"},"inLanguage":"en-GB","potentialAction":[{"@type":"ReadAction","target":["https:\/\/salonforall.it\/dispositivo-syis-dermo-lift-peel-scrubber-per-la-pelle-spatola-dorata\/"]}]},{"@type":"ImageObject","inLanguage":"en-GB","@id":"https:\/\/salonforall.it\/dispositivo-syis-dermo-lift-peel-scrubber-per-la-pelle-spatola-dorata\/#primaryimage","url":"https:\/\/salonforall.it\/wp-content\/uploads\/2025\/12\/Dispositivo-Syis-Dermo-Lift-Peel-Scrubber-Per-La-Pelle-Spatola-Dorata-1.jpg","contentUrl":"https:\/\/salonforall.it\/wp-content\/uploads\/2025\/12\/Dispositivo-Syis-Dermo-Lift-Peel-Scrubber-Per-La-Pelle-Spatola-Dorata-1.jpg","width":800,"height":750,"caption":"Dispositivo Syis Dermo Lift & Peel Scrubber Per La Pelle Spatola Dorata"},{"@type":"BreadcrumbList","@id":"https:\/\/salonforall.it\/dispositivo-syis-dermo-lift-peel-scrubber-per-la-pelle-spatola-dorata\/#breadcrumb","itemListElement":[{"@type":"ListItem","position":1,"name":"Home","item":"https:\/\/salonforall.it\/"},{"@type":"ListItem","position":2,"name":"Winkel","item":"https:\/\/salonforall.it\/winkel\/"},{"@type":"ListItem","position":3,"name":"Dispositivo Syis Dermo Lift &#038; Peel Scrubber Per La Pelle Spatola Dorata"}]},{"@type":"WebSite","@id":"https:\/\/salonforall.it\/#website","url":"https:\/\/salonforall.it\/","name":"Salon For All Italia","description":"Grossista di mobili e forniture per studi medici e saloni","publisher":{"@id":"https:\/\/salonforall.it\/#organization"},"potentialAction":[{"@type":"SearchAction","target":{"@type":"EntryPoint","urlTemplate":"https:\/\/salonforall.it\/?s={search_term_string}"},"query-input":{"@type":"PropertyValueSpecification","valueRequired":true,"valueName":"search_term_string"}}],"inLanguage":"en-GB"},{"@type":"Organization","@id":"https:\/\/salonforall.it\/#organization","name":"Salon For All Italia","url":"https:\/\/salonforall.it\/","logo":{"@type":"ImageObject","inLanguage":"en-GB","@id":"https:\/\/salonforall.it\/#\/schema\/logo\/image\/","url":"https:\/\/salonforall.it\/wp-content\/uploads\/2025\/11\/logo-salon-for-all-e1764543264615.png","contentUrl":"https:\/\/salonforall.it\/wp-content\/uploads\/2025\/11\/logo-salon-for-all-e1764543264615.png","width":500,"height":150,"caption":"Salon For All Italia"},"image":{"@id":"https:\/\/salonforall.it\/#\/schema\/logo\/image\/"}}]}},"_links":{"self":[{"href":"https:\/\/salonforall.it\/en\/wp-json\/wp\/v2\/product\/8202","targetHints":{"allow":["GET"]}}],"collection":[{"href":"https:\/\/salonforall.it\/en\/wp-json\/wp\/v2\/product"}],"about":[{"href":"https:\/\/salonforall.it\/en\/wp-json\/wp\/v2\/types\/product"}],"replies":[{"embeddable":true,"href":"https:\/\/salonforall.it\/en\/wp-json\/wp\/v2\/comments?post=8202"}],"wp:featuredmedia":[{"embeddable":true,"href":"https:\/\/salonforall.it\/en\/wp-json\/wp\/v2\/media\/8203"}],"wp:attachment":[{"href":"https:\/\/salonforall.it\/en\/wp-json\/wp\/v2\/media?parent=8202"}],"wp:term":[{"taxonomy":"product_brand","embeddable":true,"href":"https:\/\/salonforall.it\/en\/wp-json\/wp\/v2\/product_brand?post=8202"},{"taxonomy":"product_cat","embeddable":true,"href":"https:\/\/salonforall.it\/en\/wp-json\/wp\/v2\/product_cat?post=8202"},{"taxonomy":"product_tag","embeddable":true,"href":"https:\/\/salonforall.it\/en\/wp-json\/wp\/v2\/product_tag?post=8202"}],"curies":[{"name":"wp","href":"https:\/\/api.w.org\/{rel}","templated":true}]}}